
{"id":2663,"date":"2024-08-12T23:36:35","date_gmt":"2024-08-12T21:36:35","guid":{"rendered":"https:\/\/www.immobilierlocal.ch\/c\/?page_id=2663"},"modified":"2024-08-12T23:38:51","modified_gmt":"2024-08-12T21:38:51","slug":"estimation-immobiliere-a-saignelegier","status":"publish","type":"page","link":"https:\/\/www.immobilierlocal.ch\/c\/estimation-immobiliere-a-saignelegier\/","title":{"rendered":"Estimation immobili\u00e8re \u00e0 Saignel\u00e9gier"},"content":{"rendered":"\n<p>Estimez facilement la valeur de votre bien immobilier \u00e0 Saignel\u00e9gier avec notre logiciel en ligne immobilierlocal. Si besoin, un agent immobilier se rend chez vous pour estimer avec pr\u00e9cision la valeur de votre propri\u00e9t\u00e9.<\/p>\n\n\n\n\n\n<h2 class=\"wp-block-heading\" id=\"h-dernieres-estimations-a-saignelegier-par-secteur\">Derni\u00e8res estimations \u00e0 Saignel\u00e9gier par secteur<\/h2>\n\n<div class=\"estimates-lastest\"><ul><li>Pour un appartement 4.5 pi\u00e8ces \u00e0 Saignel\u00e9gier, surface pond\u00e9r\u00e9e (m\u00b2) : 105, orientation Ouest, avec balcon, transports fr\u00e9quence limit\u00e9e, sans parking, commodit\u00e9s et \u00e9coles limit\u00e9es, situation ordinaire, CHF 4'147 \/ m\u00b2<\/li><li>Pour un appartement 5 pi\u00e8ces \u00e0 Saignel\u00e9gier, surface pond\u00e9r\u00e9e (m\u00b2) : 105, orientation Ouest, avec balcon, transports fr\u00e9quence limit\u00e9e, avec parking, commodit\u00e9s et \u00e9coles limit\u00e9es, situation ordinaire, CHF 4'461 \/ m\u00b2<\/li><li>Pour un appartement 6.5 pi\u00e8ces \u00e0 Saignel\u00e9gier, surface pond\u00e9r\u00e9e (m\u00b2) : 100, orientation Sud-Est\/Ouest, avec balcon, transports fr\u00e9quence limit\u00e9e, avec parking, commodit\u00e9s et \u00e9coles limit\u00e9es, situation ordinaire, CHF 5'187 \/ m\u00b2<\/li><\/ul><\/div>\n\n\n<h2 class=\"wp-block-heading\" id=\"h-estimation-de-la-valeur-des-maisons-a-saignelegier-selon-le-nombre-de-pieces\">Estimation de la valeur des maisons \u00e0 Saignel\u00e9gier selon le nombre de pi\u00e8ces<\/h2>\n\n<div class=\"estimates-room\"><ul><li>Pour une maison 6.5 pi\u00e8ces \u00e0 Saignel\u00e9gier, volume (m\u00b3) : 832.5 et terrain (m\u00b2) : 350, transports fr\u00e9quence limit\u00e9e, commodit\u00e9s et \u00e9coles limit\u00e9es, situation ordinaire, CHF 5'112 \/ m\u00b2<\/li><li>Pour une maison 5 pi\u00e8ces \u00e0 Saignel\u00e9gier, volume (m\u00b3) : 720 et terrain (m\u00b2) : 350, transports fr\u00e9quence limit\u00e9e, commodit\u00e9s et \u00e9coles limit\u00e9es, situation ordinaire, CHF 4'947 \/ m\u00b2<\/li><li>Pour une maison 6 pi\u00e8ces \u00e0 Saignel\u00e9gier, volume (m\u00b3) : 1170 et terrain (m\u00b2) : 650, transports fr\u00e9quence limit\u00e9e, commodit\u00e9s et \u00e9coles limit\u00e9es, situation ordinaire, CHF 4'730 \/ m\u00b2<\/li><\/ul><\/div><div class=\"iframe-text\">Estimer maintenant votre bien immobilier<\/div><iframe id=\"estimer\" src=\"https:\/\/www.immobilierlocal.ch\/estimer?iframe=1\" frameborder=\"0\" loading=\"lazy\" width=\"100%\" height=\"1000\" style=\"overflow-x:hidden;\" referrerpolicy=\"no-referrer-when-downgrade\" title=\"Estimation immobili\u00e8re\"><\/iframe>\n\n\n<h2 class=\"wp-block-heading\" id=\"h-comment-evaluer-la-valeur-d-un-bien-immobilier-a-saignelegier\">Comment \u00e9valuer la valeur d\u2019un bien immobilier \u00e0 Saignel\u00e9gier ?<\/h2>\n\n<h3 class=\"wp-block-heading\" id=\"h-1-estimer-la-valeur-de-votre-bien-a-saignelegier-avec-immobilierlocal\">1. Estimer la valeur de votre bien \u00e0 Saignel\u00e9gier avec Immobilierlocal<\/h3>\n\n\n<p>D\u00e9couvrez la valeur de votre bien \u00e0 Saignel\u00e9gier&nbsp; en seulement 3 minutes avec notre logiciel en ligne gratuit. Pour obtenir une bonne estimation, nous avons besoin des informations suivantes :<\/p>\n\n\n\n<ul class=\"wp-block-list\">\n<li>La surface habitable et le volume total.<\/li>\n\n\n\n<li>Le nombre de pi\u00e8ces.<\/li>\n\n\n\n<li>La surface ext\u00e9rieure.<\/li>\n\n\n\n<li>L\u2019exposition de votre maison.<\/li>\n\n\n\n<li>L\u2019ann\u00e9e de construction.<\/li>\n\n\n\n<li>Les travaux de r\u00e9novations effectu\u00e9s.<\/li>\n\n\n\n<li>L\u2019\u00e9tat g\u00e9n\u00e9ral.<\/li>\n\n\n\n<li>Les acc\u00e8s aux commodit\u00e9s.<\/li>\n<\/ul>\n\n\n<h3 class=\"wp-block-heading\" id=\"h-2-estimation-gratuite-de-votre-logement-a-saignelegier\">2. Estimation gratuite de votre logement \u00e0 Saignel\u00e9gier<\/h3>\n\n\n<p>Utilisez notre outil d\u2019estimation gratuite en ligne pour conna\u00eetre la valeur de votre logement \u00e0 Saignel\u00e9gier.<\/p>\n\n\n\n<p>Pour estimer correctement la valeur de votre bien, nous avons besoin de certaines informations, comme :<\/p>\n\n\n\n<ul class=\"wp-block-list\">\n<li>La pr\u00e9sence de parkings.<\/li>\n\n\n\n<li>L\u2019orientation de votre logement.<\/li>\n\n\n\n<li>L\u2019\u00e9tat g\u00e9n\u00e9ral.<\/li>\n\n\n\n<li>Les surfaces (habitable, balcon et cave).<\/li>\n\n\n\n<li>Le nombre de pi\u00e8ces.<\/li>\n\n\n\n<li>L\u2019ann\u00e9e et le co\u00fbt des derni\u00e8res r\u00e9novations.<\/li>\n\n\n\n<li>La date de construction.<\/li>\n<\/ul>\n\n\n<h3 class=\"wp-block-heading\" id=\"h-3-comment-faire-pour-evaluer-correctement-le-prix-de-mon-bien-immobilier-a-saignelegier\">3. Comment faire pour \u00e9valuer correctement le prix de mon bien immobilier \u00e0 Saignel\u00e9gier ?<\/h3>\n\n\n<p>Nos agents immobiliers localis\u00e9s \u00e0 Saignel\u00e9gier peuvent se rendre chez vous pour \u00e9valuer le prix de votre maison. Ils analyseront vos documents, mais aussi la demande, le march\u00e9 immobilier de Saignel\u00e9gier. Des conseils vous seront donn\u00e9s pour valoriser la valeur de votre propri\u00e9t\u00e9.<\/p>\n\n\n<h3 class=\"wp-block-heading\" id=\"h-4-pourquoi-comparer-son-habitation-avec-les-habitations-similaires-a-saignelegier-est-important\">4. Pourquoi comparer son habitation avec les habitations similaires \u00e0 Saignel\u00e9gier\u00a0est important ?<\/h3>\n\n\n<p>Comparer votre habitation avec des annonces immobili\u00e8res similaires vous fournit des informations pr\u00e9cieuses sur la valeur de votre bien.<\/p>\n\n\n<h2 class=\"wp-block-heading\" id=\"h-comment-vendre-son-bien-au-meilleur-prix-a-saignelegier\">Comment vendre son bien au meilleur prix \u00e0 Saignel\u00e9gier ?<\/h2>\n\n\n<p>Pour vendre rapidement votre bien, faites confiance \u00e0 Immobilierlocal !<\/p>\n\n\n<h3 class=\"wp-block-heading\" id=\"h-1-pourquoi-contacter-notre-entreprise\">1. Pourquoi contacter notre entreprise ?<\/h3>\n\n\n<p>Immobilierlocal vous met en relation avec un sp\u00e9cialiste de l\u2019immobilier \u00e0 Saignel\u00e9gier.<\/p>\n\n\n<h3 class=\"wp-block-heading\" id=\"h-2-avec-immobilierlocal-vous-obtenez-une-estimation-en-fonction-du-marche-immobilier\">2. Avec Immobilierlocal, vous obtenez une estimation en fonction du march\u00e9 immobilier\u00a0<\/h3>\n\n\n<p>Immobilierlocal analyse le prix des biens immobiliers qui sont similaires et ceux r\u00e9cemment vendus, dans le but de vous proposer la meilleure estimation possible.<\/p>\n\n\n<h3 class=\"wp-block-heading\" id=\"h-3-augmentez-la-valeur-percue\">3. Augmentez la valeur per\u00e7ue<\/h3>\n\n\n<p>Pour augmenter la valeur per\u00e7ue, nous pouvons r\u00e9aliser des s\u00e9ances photo \u00e0 Saignel\u00e9gier.<\/p>\n\n\n<h3 class=\"wp-block-heading\" id=\"h-4-annonce-immobiliere-visible-sur-internet\">4. Annonce immobili\u00e8re visible sur internet<\/h3>\n\n\n<p>Immobilierlocal et ses partenaires vous donnent la possibilit\u00e9 d\u2019avoir votre annonce sur l\u2019ensemble de nos sites dans l\u2019immobilier pour la pr\u00e9senter aux acheteurs potentiels.<\/p>\n\n\n<h3 class=\"wp-block-heading\" id=\"h-5-vous-gagnez-du-temps\">5. Vous gagnez du temps<\/h3>\n\n\n<p>Notre \u00e9quipe re\u00e7oit les offres, nous \u00e9tudions les propositions et vous proposons la meilleure offre.<\/p>\n\n\n<h3 class=\"wp-block-heading\" id=\"h-6-bien-determiner-le-prix\">6. Bien d\u00e9terminer le prix<\/h3>\n\n\n<p>Notre expert analyse vos documents et informations afin de d\u00e9terminer le meilleur prix. Voici les documents et les informations que nous prenons en compte :<\/p>\n\n\n\n<ul class=\"wp-block-list\">\n<li>le tissu \u00e9conomique \u00e0 Saignel\u00e9gier et dans les villes proches.<\/li>\n\n\n\n<li>Les factures des r\u00e9novations r\u00e9alis\u00e9es,<\/li>\n\n\n\n<li>les plans architecturaux,<\/li>\n<\/ul>\n\n\n<h2 class=\"wp-block-heading\" id=\"h-quel-est-l-etat-du-marche-immobilier-a-saignelegier\">Quel est l\u2019\u00e9tat du march\u00e9 immobilier \u00e0 Saignel\u00e9gier ?<\/h2>\n\n<h3 class=\"wp-block-heading\" id=\"h-estimation-du-prix-de-vente-des-maisons-a-saignelegier\">Estimation du prix de vente des maisons \u00e0 Saignel\u00e9gier<\/h3>\n\n<p class=\"estimates-house-range\">Les prix des maisons \u00e0 Saignel\u00e9gier varient de CHF 791'581 \u00e0 CHF 1'229'711 en moyenne.<\/p>\n\n\n<h3 class=\"wp-block-heading\" id=\"h-estimation-du-prix-de-vente-des-appartements-a-saignelegier\">Estimation du prix de vente des appartements \u00e0 Saignel\u00e9gier<\/h3>\n\n<p class=\"estimates-house-range\">Les prix des appartements \u00e0 Saignel\u00e9gier varient de CHF 456'220 \u00e0 CHF 531'634 en moyenne.<\/p>\n\n\n<h3 class=\"wp-block-heading\" id=\"h-estimation-de-la-valeur-des-terrains-a-saignelegier\">Estimation de la valeur des terrains \u00e0 Saignel\u00e9gier<\/h3>\n\n<p class=\"estimates-land\">Les prix moyens des terrains \u00e0 Saignel\u00e9gier sont de CHF 373 \/ m\u00b2 (prix par m\u00e8tre carr\u00e9).<\/p>\n\n\n<h2 class=\"wp-block-heading\" id=\"h-faq\">FAQ<\/h2>\n\n<h3 class=\"wp-block-heading\" id=\"h-quel-est-le-prix-d-une-evaluation-immobiliere-a-saignelegier\">Quel est le prix d\u2019une \u00e9valuation immobili\u00e8re \u00e0 Saignel\u00e9gier ?<\/h3>\n\n\n<p>Le prix d\u2019une \u00e9valuation immobili\u00e8re \u00e0 Saignel\u00e9gier varie selon le bien, les tarifs peuvent varier de CHF 150 \u00e0 CHF 1\u2019500 en fonction du type de bien estimer une maison de luxe prend plus de temps que l\u2019estimation d\u2019une maison standard.<\/p>\n\n\n\n<p>N\u00e9anmoins, avec notre outil d\u2019estimation en ligne, vous n\u2019avez rien \u00e0 payer ! Cet outil, d\u00e9velopp\u00e9 sur plusieurs ann\u00e9es, est con\u00e7u pour \u00eatre le plus fiable possible. Il prend en compte un grand nombre de sp\u00e9cificit\u00e9s.<\/p>\n\n\n<h3 class=\"wp-block-heading\" id=\"h-quelles-sont-les-solutions-pour-evaluer-le-prix-d-un-bien-a-saignelegier\">Quelles sont les solutions pour \u00e9valuer le prix d\u2019un bien \u00e0 Saignel\u00e9gier ?<\/h3>\n\n\n<p>Pour \u00e9valuer le prix de votre bien immobilier, vous avez plusieurs options : vous pouvez contacter une agence immobili\u00e8re, un architecte, un courtier en immobilier ou une banque.<\/p>\n\n\n<h3 class=\"wp-block-heading\" id=\"h-comment-un-agent-immobilier-evalue-un-bien-a-saignelegier\">Comment un agent immobilier \u00e9value un bien \u00e0 Saignel\u00e9gier ?<\/h3>\n\n\n<ol class=\"wp-block-list\">\n<li>Pour d\u00e9buter : l\u2019agent se rend sur place pour \u00e9valuer votre bien.<\/li>\n\n\n\n<li>Dans un second temps : il analyse tous vos documents en lien avec l\u2019achat et la r\u00e9novation de votre habitation.<\/li>\n\n\n\n<li>Ensuite : il analyse le march\u00e9 en comparant votre bien aux biens actuellement en vente \u00e0 Saignel\u00e9gier.<\/li>\n\n\n\n<li>Et pour finir : il vous donne une estimation compl\u00e8te du prix de vente de votre bien.<\/li>\n<\/ol>\n\n\n<h3 class=\"wp-block-heading\" id=\"h-comment-faire-estimer-un-bien-immobilier-gratuitement-a-saignelegier\">Comment faire estimer un bien immobilier gratuitement \u00e0 Saignel\u00e9gier ?<\/h3>\n\n\n<p>Immobilierlocal met \u00e0 disposition un logiciel d\u2019estimation gratuit ! Vous pouvez aussi contacter un de nos agents immobilier pour obtenir une estimation.<\/p>\n\n\n<h3 class=\"wp-block-heading\" id=\"h-quels-sont-les-criteres-qui-font-evoluer-le-prix-de-vente-d-une-propriete-a-saignelegier\">Quels sont les crit\u00e8res qui font \u00e9voluer le prix de vente d\u2019une propri\u00e9t\u00e9 \u00e0 Saignel\u00e9gier ?<\/h3>\n\n\n<p>Il y a de nombreux crit\u00e8res qui font \u00e9voluer le prix de vente d\u2019une propri\u00e9t\u00e9 \u00e0 Saignel\u00e9gier. Voici une liste des crit\u00e8res importants :<\/p>\n\n\n\n<ul class=\"wp-block-list\">\n<li>Le nombre de vendeurs,<\/li>\n\n\n\n<li>le nombre de propri\u00e9t\u00e9s \u00e0 vendre,<\/li>\n\n\n\n<li>les commodit\u00e9s,<\/li>\n\n\n\n<li>l\u2019activit\u00e9 touristique,<\/li>\n\n\n\n<li>l\u2019activit\u00e9 \u00e9conomique.<\/li>\n<\/ul>\n\n\n<h3 class=\"wp-block-heading\" id=\"h-de-quelle-maniere-augmenter-la-valeur-de-mon-logement\">De quelle mani\u00e8re augmenter la valeur de mon logement ?<\/h3>\n\n\n<p>Pour augmenter la valeur de votre logement, suivez nos conseils :<\/p>\n\n\n\n<ul class=\"wp-block-list\">\n<li>Organisez et rangez vos affaires pour que les clients puissent plus facilement se projeter.<\/li>\n\n\n\n<li>Votre int\u00e9rieur et ext\u00e9rieur doit toujours \u00eatre impeccable lors des visites.<\/li>\n\n\n\n<li>Mettez en avant les atouts de votre bien.<\/li>\n\n\n\n<li>Valorisez votre terrain.<\/li>\n<\/ul>\n\n\n<h3 class=\"wp-block-heading\" id=\"h-comment-faire-pour-bien-se-comporter-face-a-un-acheteur\">Comment faire pour bien se comporter face \u00e0 un acheteur ?<\/h3>\n\n\n<ul class=\"wp-block-list\">\n<li>Mentionnez les forces de votre habitation.<\/li>\n\n\n\n<li>R\u00e9pondez aux questions de mani\u00e8re honn\u00eate.<\/li>\n\n\n\n<li>Soyez \u00e0 l\u2019\u00e9coute.<\/li>\n<\/ul>\n\n\n<h3 class=\"wp-block-heading\" id=\"h-quels-sont-les-documents-obligatoires-pour-evaluer-aux-mieux-propriete\">Quels sont les documents obligatoires pour \u00e9valuer aux mieux propri\u00e9t\u00e9 ?<\/h3>\n\n\n<ul class=\"wp-block-list\">\n<li>Police d&rsquo;assurance.\u00a0<\/li>\n\n\n\n<li>Plan de la b\u00e2tisse.<\/li>\n\n\n\n<li>Factures des diff\u00e9rents travaux effectu\u00e9s.<\/li>\n\n\n\n<li>Registre foncier.<\/li>\n\n\n\n<li>Cadastre.<\/li>\n\n\n\n<li>Descriptif de construction.<\/li>\n\n\n\n<li>\u00c9ventuellement : plan d\u2019affectation et r\u00e8glement de construction<\/li>\n<\/ul>\n\n\n\n<p>Pour les biens en PPE :<\/p>\n\n\n\n<ul class=\"wp-block-list\">\n<li>Police d&rsquo;assurance incendie compl\u00e8te de l\u2019immeuble.<\/li>\n\n\n\n<li>R\u00e8glement PPE.<\/li>\n<\/ul>\n\n\n\n<p>Estimation similaire dans les villes proches, comme :<\/p>\n\n\nLes Bois, Muriaux, Le Noirmont, Les Breuleux, La Chaux-des-Breuleux, Le B\u00e9mont JU, Montfaucon, Les Enfers, St-Brais, Le Pr\u00e9dame, Les Genevez JU, Fornet-Dessus, Lajoux JU, Soubey.\n","protected":false},"excerpt":{"rendered":"<p>Estimez facilement la valeur de votre bien immobilier \u00e0 Saignel\u00e9gier avec notre logiciel en ligne immobilierlocal. Si besoin, un agent immobilier se rend chez vous pour estimer avec pr\u00e9cision la valeur de votre propri\u00e9t\u00e9. Derni\u00e8res estimations \u00e0 Saignel\u00e9gier par secteur Estimation de la valeur des maisons \u00e0 Saignel\u00e9gier selon le nombre de pi\u00e8ces Comment \u00e9valuer [&hellip;]<\/p>\n","protected":false},"author":3,"featured_media":2667,"parent":0,"menu_order":0,"comment_status":"closed","ping_status":"closed","template":"","meta":{"footnotes":""},"categories":[6],"profession":[],"location":[93],"canton":[],"class_list":["post-2663","page","type-page","status-publish","has-post-thumbnail","hentry","category-estimation"],"yoast_head":"<!-- This site is optimized with the Yoast SEO Premium plugin v23.0 (Yoast SEO v27.3) - https:\/\/yoast.com\/product\/yoast-seo-premium-wordpress\/ -->\n<title>Estimation immobili\u00e8re \u00e0 Saignel\u00e9gier avril 2026 gratuite &amp; rapide - Immobilierlocal<\/title>\n<meta name=\"description\" content=\"D\u00e9couvrez le Prix moyen au m\u00b2 \u00e0 Saignel\u00e9gier en avril 2026 \u2705 Estimation gratuite de votre bien \u2705 Derni\u00e8res \u00e9volutions du march\u00e9.\" \/>\n<meta name=\"robots\" content=\"index, follow, max-snippet:-1, max-image-preview:large, max-video-preview:-1\" \/>\n<link rel=\"canonical\" href=\"https:\/\/www.immobilierlocal.ch\/c\/estimation-immobiliere-a-saignelegier\/\" \/>\n<meta property=\"og:locale\" content=\"fr_FR\" \/>\n<meta property=\"og:type\" content=\"article\" \/>\n<meta property=\"og:title\" content=\"Estimation immobili\u00e8re \u00e0 Saignel\u00e9gier avril 2026 gratuite &amp; rapide\" \/>\n<meta property=\"og:description\" content=\"D\u00e9couvrez le Prix moyen au m\u00b2 \u00e0 Saignel\u00e9gier en avril 2026 \u2705 Estimation gratuite de votre bien \u2705 Derni\u00e8res \u00e9volutions du march\u00e9.\" \/>\n<meta property=\"og:url\" content=\"https:\/\/www.immobilierlocal.ch\/c\/estimation-immobiliere-a-saignelegier\/\" \/>\n<meta property=\"og:site_name\" content=\"Immobilierlocal\" \/>\n<meta property=\"article:modified_time\" content=\"2024-08-12T21:38:51+00:00\" \/>\n<meta property=\"og:image\" content=\"https:\/\/www.immobilierlocal.ch\/c\/wp-content\/uploads\/2024\/08\/estimation-immobiliere-a-saignelegier.jpg\" \/>\n\t<meta property=\"og:image:width\" content=\"2048\" \/>\n\t<meta property=\"og:image:height\" content=\"654\" \/>\n\t<meta property=\"og:image:type\" content=\"image\/jpeg\" \/>\n<meta name=\"twitter:card\" content=\"summary_large_image\" \/>\n<meta name=\"twitter:label1\" content=\"Dur\u00e9e de lecture estim\u00e9e\" \/>\n\t<meta name=\"twitter:data1\" content=\"6 minutes\" \/>\n<script type=\"application\/ld+json\" class=\"yoast-schema-graph\">{\"@context\":\"https:\\\/\\\/schema.org\",\"@graph\":[{\"@type\":\"WebPage\",\"@id\":\"https:\\\/\\\/www.immobilierlocal.ch\\\/c\\\/estimation-immobiliere-a-saignelegier\\\/\",\"url\":\"https:\\\/\\\/www.immobilierlocal.ch\\\/c\\\/estimation-immobiliere-a-saignelegier\\\/\",\"name\":\"Estimation immobili\u00e8re \u00e0 Saignel\u00e9gier - Immobilierlocal\",\"isPartOf\":{\"@id\":\"https:\\\/\\\/www.immobilierlocal.ch\\\/c\\\/#website\"},\"primaryImageOfPage\":{\"@id\":\"https:\\\/\\\/www.immobilierlocal.ch\\\/c\\\/estimation-immobiliere-a-saignelegier\\\/#primaryimage\"},\"image\":{\"@id\":\"https:\\\/\\\/www.immobilierlocal.ch\\\/c\\\/estimation-immobiliere-a-saignelegier\\\/#primaryimage\"},\"thumbnailUrl\":\"https:\\\/\\\/www.immobilierlocal.ch\\\/c\\\/wp-content\\\/uploads\\\/2024\\\/08\\\/estimation-immobiliere-a-saignelegier.jpg\",\"datePublished\":\"2024-08-12T21:36:35+00:00\",\"dateModified\":\"2024-08-12T21:38:51+00:00\",\"breadcrumb\":{\"@id\":\"https:\\\/\\\/www.immobilierlocal.ch\\\/c\\\/estimation-immobiliere-a-saignelegier\\\/#breadcrumb\"},\"inLanguage\":\"fr-FR\",\"potentialAction\":[{\"@type\":\"ReadAction\",\"target\":[\"https:\\\/\\\/www.immobilierlocal.ch\\\/c\\\/estimation-immobiliere-a-saignelegier\\\/\"]}]},{\"@type\":\"ImageObject\",\"inLanguage\":\"fr-FR\",\"@id\":\"https:\\\/\\\/www.immobilierlocal.ch\\\/c\\\/estimation-immobiliere-a-saignelegier\\\/#primaryimage\",\"url\":\"https:\\\/\\\/www.immobilierlocal.ch\\\/c\\\/wp-content\\\/uploads\\\/2024\\\/08\\\/estimation-immobiliere-a-saignelegier.jpg\",\"contentUrl\":\"https:\\\/\\\/www.immobilierlocal.ch\\\/c\\\/wp-content\\\/uploads\\\/2024\\\/08\\\/estimation-immobiliere-a-saignelegier.jpg\",\"width\":2048,\"height\":654,\"caption\":\"Aerial view of Ouchy waterfront in Lausanne, Switzerland\"},{\"@type\":\"BreadcrumbList\",\"@id\":\"https:\\\/\\\/www.immobilierlocal.ch\\\/c\\\/estimation-immobiliere-a-saignelegier\\\/#breadcrumb\",\"itemListElement\":[{\"@type\":\"ListItem\",\"position\":1,\"name\":\"Accueil\",\"item\":\"https:\\\/\\\/www.immobilierlocal.ch\\\/c\\\/\"},{\"@type\":\"ListItem\",\"position\":2,\"name\":\"Estimation immobili\u00e8re \u00e0 Saignel\u00e9gier\"}]},{\"@type\":\"WebSite\",\"@id\":\"https:\\\/\\\/www.immobilierlocal.ch\\\/c\\\/#website\",\"url\":\"https:\\\/\\\/www.immobilierlocal.ch\\\/c\\\/\",\"name\":\"Immobilierlocal\",\"description\":\"\",\"publisher\":{\"@id\":\"https:\\\/\\\/www.immobilierlocal.ch\\\/c\\\/#organization\"},\"potentialAction\":[{\"@type\":\"SearchAction\",\"target\":{\"@type\":\"EntryPoint\",\"urlTemplate\":\"https:\\\/\\\/www.immobilierlocal.ch\\\/c\\\/?s={search_term_string}\"},\"query-input\":{\"@type\":\"PropertyValueSpecification\",\"valueRequired\":true,\"valueName\":\"search_term_string\"}}],\"inLanguage\":\"fr-FR\"},{\"@type\":\"Organization\",\"@id\":\"https:\\\/\\\/www.immobilierlocal.ch\\\/c\\\/#organization\",\"name\":\"Immobilierlocal\",\"url\":\"https:\\\/\\\/www.immobilierlocal.ch\\\/c\\\/\",\"logo\":{\"@type\":\"ImageObject\",\"inLanguage\":\"fr-FR\",\"@id\":\"https:\\\/\\\/www.immobilierlocal.ch\\\/c\\\/#\\\/schema\\\/logo\\\/image\\\/\",\"url\":\"https:\\\/\\\/www.immobilierlocal.ch\\\/c\\\/wp-content\\\/uploads\\\/2023\\\/10\\\/logo-immobilierlocal-h.svg\",\"contentUrl\":\"https:\\\/\\\/www.immobilierlocal.ch\\\/c\\\/wp-content\\\/uploads\\\/2023\\\/10\\\/logo-immobilierlocal-h.svg\",\"caption\":\"Immobilierlocal\"},\"image\":{\"@id\":\"https:\\\/\\\/www.immobilierlocal.ch\\\/c\\\/#\\\/schema\\\/logo\\\/image\\\/\"}}]}<\/script>\n<!-- \/ Yoast SEO Premium plugin. -->","yoast_head_json":{"title":"Estimation immobili\u00e8re \u00e0 Saignel\u00e9gier avril 2026 gratuite & rapide - Immobilierlocal","description":"D\u00e9couvrez le Prix moyen au m\u00b2 \u00e0 Saignel\u00e9gier en avril 2026 \u2705 Estimation gratuite de votre bien \u2705 Derni\u00e8res \u00e9volutions du march\u00e9.","robots":{"index":"index","follow":"follow","max-snippet":"max-snippet:-1","max-image-preview":"max-image-preview:large","max-video-preview":"max-video-preview:-1"},"canonical":"https:\/\/www.immobilierlocal.ch\/c\/estimation-immobiliere-a-saignelegier\/","og_locale":"fr_FR","og_type":"article","og_title":"Estimation immobili\u00e8re \u00e0 Saignel\u00e9gier avril 2026 gratuite & rapide","og_description":"D\u00e9couvrez le Prix moyen au m\u00b2 \u00e0 Saignel\u00e9gier en avril 2026 \u2705 Estimation gratuite de votre bien \u2705 Derni\u00e8res \u00e9volutions du march\u00e9.","og_url":"https:\/\/www.immobilierlocal.ch\/c\/estimation-immobiliere-a-saignelegier\/","og_site_name":"Immobilierlocal","article_modified_time":"2024-08-12T21:38:51+00:00","og_image":[{"width":2048,"height":654,"url":"https:\/\/www.immobilierlocal.ch\/c\/wp-content\/uploads\/2024\/08\/estimation-immobiliere-a-saignelegier.jpg","type":"image\/jpeg"}],"twitter_card":"summary_large_image","twitter_misc":{"Dur\u00e9e de lecture estim\u00e9e":"6 minutes"},"schema":{"@context":"https:\/\/schema.org","@graph":[{"@type":"WebPage","@id":"https:\/\/www.immobilierlocal.ch\/c\/estimation-immobiliere-a-saignelegier\/","url":"https:\/\/www.immobilierlocal.ch\/c\/estimation-immobiliere-a-saignelegier\/","name":"Estimation immobili\u00e8re \u00e0 Saignel\u00e9gier - Immobilierlocal","isPartOf":{"@id":"https:\/\/www.immobilierlocal.ch\/c\/#website"},"primaryImageOfPage":{"@id":"https:\/\/www.immobilierlocal.ch\/c\/estimation-immobiliere-a-saignelegier\/#primaryimage"},"image":{"@id":"https:\/\/www.immobilierlocal.ch\/c\/estimation-immobiliere-a-saignelegier\/#primaryimage"},"thumbnailUrl":"https:\/\/www.immobilierlocal.ch\/c\/wp-content\/uploads\/2024\/08\/estimation-immobiliere-a-saignelegier.jpg","datePublished":"2024-08-12T21:36:35+00:00","dateModified":"2024-08-12T21:38:51+00:00","breadcrumb":{"@id":"https:\/\/www.immobilierlocal.ch\/c\/estimation-immobiliere-a-saignelegier\/#breadcrumb"},"inLanguage":"fr-FR","potentialAction":[{"@type":"ReadAction","target":["https:\/\/www.immobilierlocal.ch\/c\/estimation-immobiliere-a-saignelegier\/"]}]},{"@type":"ImageObject","inLanguage":"fr-FR","@id":"https:\/\/www.immobilierlocal.ch\/c\/estimation-immobiliere-a-saignelegier\/#primaryimage","url":"https:\/\/www.immobilierlocal.ch\/c\/wp-content\/uploads\/2024\/08\/estimation-immobiliere-a-saignelegier.jpg","contentUrl":"https:\/\/www.immobilierlocal.ch\/c\/wp-content\/uploads\/2024\/08\/estimation-immobiliere-a-saignelegier.jpg","width":2048,"height":654,"caption":"Aerial view of Ouchy waterfront in Lausanne, Switzerland"},{"@type":"BreadcrumbList","@id":"https:\/\/www.immobilierlocal.ch\/c\/estimation-immobiliere-a-saignelegier\/#breadcrumb","itemListElement":[{"@type":"ListItem","position":1,"name":"Accueil","item":"https:\/\/www.immobilierlocal.ch\/c\/"},{"@type":"ListItem","position":2,"name":"Estimation immobili\u00e8re \u00e0 Saignel\u00e9gier"}]},{"@type":"WebSite","@id":"https:\/\/www.immobilierlocal.ch\/c\/#website","url":"https:\/\/www.immobilierlocal.ch\/c\/","name":"Immobilierlocal","description":"","publisher":{"@id":"https:\/\/www.immobilierlocal.ch\/c\/#organization"},"potentialAction":[{"@type":"SearchAction","target":{"@type":"EntryPoint","urlTemplate":"https:\/\/www.immobilierlocal.ch\/c\/?s={search_term_string}"},"query-input":{"@type":"PropertyValueSpecification","valueRequired":true,"valueName":"search_term_string"}}],"inLanguage":"fr-FR"},{"@type":"Organization","@id":"https:\/\/www.immobilierlocal.ch\/c\/#organization","name":"Immobilierlocal","url":"https:\/\/www.immobilierlocal.ch\/c\/","logo":{"@type":"ImageObject","inLanguage":"fr-FR","@id":"https:\/\/www.immobilierlocal.ch\/c\/#\/schema\/logo\/image\/","url":"https:\/\/www.immobilierlocal.ch\/c\/wp-content\/uploads\/2023\/10\/logo-immobilierlocal-h.svg","contentUrl":"https:\/\/www.immobilierlocal.ch\/c\/wp-content\/uploads\/2023\/10\/logo-immobilierlocal-h.svg","caption":"Immobilierlocal"},"image":{"@id":"https:\/\/www.immobilierlocal.ch\/c\/#\/schema\/logo\/image\/"}}]}},"_links":{"self":[{"href":"https:\/\/www.immobilierlocal.ch\/c\/wp-json\/wp\/v2\/pages\/2663","targetHints":{"allow":["GET"]}}],"collection":[{"href":"https:\/\/www.immobilierlocal.ch\/c\/wp-json\/wp\/v2\/pages"}],"about":[{"href":"https:\/\/www.immobilierlocal.ch\/c\/wp-json\/wp\/v2\/types\/page"}],"author":[{"embeddable":true,"href":"https:\/\/www.immobilierlocal.ch\/c\/wp-json\/wp\/v2\/users\/3"}],"replies":[{"embeddable":true,"href":"https:\/\/www.immobilierlocal.ch\/c\/wp-json\/wp\/v2\/comments?post=2663"}],"version-history":[{"count":0,"href":"https:\/\/www.immobilierlocal.ch\/c\/wp-json\/wp\/v2\/pages\/2663\/revisions"}],"wp:featuredmedia":[{"embeddable":true,"href":"https:\/\/www.immobilierlocal.ch\/c\/wp-json\/wp\/v2\/media\/2667"}],"wp:attachment":[{"href":"https:\/\/www.immobilierlocal.ch\/c\/wp-json\/wp\/v2\/media?parent=2663"}],"wp:term":[{"taxonomy":"category","embeddable":true,"href":"https:\/\/www.immobilierlocal.ch\/c\/wp-json\/wp\/v2\/categories?post=2663"},{"taxonomy":"profession","embeddable":true,"href":"https:\/\/www.immobilierlocal.ch\/c\/wp-json\/wp\/v2\/profession?post=2663"},{"taxonomy":"location","embeddable":true,"href":"https:\/\/www.immobilierlocal.ch\/c\/wp-json\/wp\/v2\/location?post=2663"},{"taxonomy":"canton","embeddable":true,"href":"https:\/\/www.immobilierlocal.ch\/c\/wp-json\/wp\/v2\/canton?post=2663"}],"curies":[{"name":"wp","href":"https:\/\/api.w.org\/{rel}","templated":true}]}}