
{"id":2660,"date":"2024-08-12T23:27:54","date_gmt":"2024-08-12T21:27:54","guid":{"rendered":"https:\/\/www.immobilierlocal.ch\/c\/?page_id=2660"},"modified":"2026-02-09T11:41:54","modified_gmt":"2026-02-09T10:41:54","slug":"agence-immobiliere-a-saignelegier","status":"publish","type":"page","link":"https:\/\/www.immobilierlocal.ch\/c\/agence-immobiliere-a-saignelegier\/","title":{"rendered":"Agence immobili\u00e8re \u00e0 Saignel\u00e9gier"},"content":{"rendered":"\n<p>Vous souhaitez vendre, louer ou acheter \u00e0 Saignel\u00e9gier ? Immobilierlocal, situ\u00e9 au c\u0153ur de Saignel\u00e9gier, vous propose des services sur mesure. Nos agents immobiliers vous aident \u00e0 trouver ou vendre votre bien immobilier. Nous proposons de nombreux services, comme : la vente, l\u2019achat de maisons, de locaux commerciaux, d&rsquo;appartements, ou encore la gestion de vos locations Airbnb, la gestion de copropri\u00e9t\u00e9s, et nous pouvons aussi trouver les meilleures solutions de financement.<\/p>\n\n\n\n<div class=\"box\">\n    <h2 class=\"text-dark\">Nous cherchons un <em class=\"text-primary\">Agent immobilier<\/em> dans la r\u00e9gion de <em class=\"text-primary\">Saignel\u00e9gier<\/em>  en exclusivit\u00e9, afin de proposer vos services \u00e0 nos clients propri\u00e9taires.<\/h2>\n    <p>Une opportunit\u00e9 unique pour booster votre activit\u00e9 \u00e0 <strong>Saignel\u00e9gier<\/strong> et aux alentours dans votre domaine (Agent immobilier).<\/p>\n    <p>Nous travaillons en exclusivit\u00e9 avec qu'une soci\u00e9t\u00e9 par m\u00e9tier et par r\u00e9gion. <br>Votre entreprise est pr\u00e9sente sur tous les documents immobiliers. Afin d'\u00eatre mieux vu sur le net, vous \u00eates \u00e9galement visible sur nos deux sites et sur les pages de r\u00e9f\u00e9rencement de votre r\u00e9gion.<\/p>\n    <a href=\"\/contact\" class=\"wp-block-button__link has-accent-background-color has-text-align-center wp-element-button\">R\u00e9server<\/a>\n<\/div>\n\n\n<p>Depuis peu, les prix de l\u2019immobilier \u00e0 Saignel\u00e9gier ont augment\u00e9 en raison de :<\/p>\n\n\n\n<ul class=\"wp-block-list\">\n<li>La situation g\u00e9ographique de la ville,<\/li>\n\n\n\n<li>de l&rsquo;attractivit\u00e9 \u00e9conomique,<\/li>\n\n\n\n<li>et de la qualit\u00e9 de vie.<\/li>\n<\/ul>\n\n\n\n<p>Acheter un logement \u00e0 Saignel\u00e9gier est une valeur s\u00fbre, en effet, la demande pour la location et l\u2019achat a augment\u00e9, entra\u00eenant une hausse des prix.<\/p>\n\n\n<h3 class=\"wp-block-heading\" id=\"h-pour-le-prix-moyen-par-m\u00b2-a-saignelegier\">Pour le prix moyen par m\u00b2 \u00e0 Saignel\u00e9gier<\/h3>\n\n<p class=\"estimates-price-immobilier\">Le march\u00e9 immobilier \u00e0 Aigle affiche un prix moyen de CHF 6'832 \/ m\u00b2 (prix par m\u00e8tre carr\u00e9). Les maisons et les appartements ont un prix moyen respectif de CHF 6'483 \/ m\u00b2 et de CHF 7'181 \/ m\u00b2.<\/p>\n\n\n<h3 class=\"wp-block-heading\" id=\"h-pour-le-loyer-moyen-des-logements-a-saignelegier\">Pour le loyer moyen des logements \u00e0 Saignel\u00e9gier<\/h3>\n\n<p class=\"estimates-rent-average\">Les loyers moyens \u00e0 Saignel\u00e9gier sont actuellement de CHF 1'262 pour les appartements, CHF 1'954 pour les maisons.<\/p>\n\n\n\n<p>La disponibilit\u00e9 des logements \u00e0 Saignel\u00e9gier diminue, ce qui conduit de plus en plus d\u2019acheteurs \u00e0 cibler des villes voisines, comme :<\/p>\n\n\nLes Bois, Muriaux, Le Noirmont, Les Breuleux, La Chaux-des-Breuleux, Le B\u00e9mont JU, Montfaucon, Les Enfers, St-Brais, Le Pr\u00e9dame, Les Genevez JU, Fornet-Dessus, Lajoux JU, Soubey.\n\n\n<h2 class=\"wp-block-heading\" id=\"h-notre-agence-immobiliere-a-saignelegier\">Notre agence immobili\u00e8re \u00e0 Saignel\u00e9gier<\/h2>\n\n\n<p>Nos commerciaux interviennent dans tous les secteurs de Saignel\u00e9gier.<\/p>\n\n\n\n\n\n\n<p><strong>Pourquoi travailler avec Immobilierlocal ?<\/strong><\/p>\n\n\n\n<p>Immobilierlocal, propose une large gamme de services :<\/p>\n\n\n\n<ul class=\"wp-block-list\">\n<li><strong>Prise de photos et vid\u00e9os\u00a0:<\/strong> nous vous aidons \u00e0 obtenir des images et des vid\u00e9os pour augmenter la visibilit\u00e9 sur internet de votre logement.<\/li>\n\n\n\n<li><strong>Strat\u00e9gie sur mesure :<\/strong> chaque annonce immobili\u00e8re sur notre site b\u00e9n\u00e9ficie d&rsquo;une strat\u00e9gie sur mesure.<\/li>\n\n\n\n<li><strong>Diffusion de vos annonces\u00a0:<\/strong> votre annonce est diffus\u00e9e sur notre site pour toucher un public plus large.<\/li>\n\n\n\n<li><strong>Estimation immobili\u00e8re\u00a0:<\/strong> nous avons d\u00e9velopp\u00e9 un outil en ligne pour estimer le prix de vente des biens immobiliers \u00e0 Saignel\u00e9gier et dans toute la Suisse.<\/li>\n\n\n\n<li><strong>Gestion locative Airbnb\u00a0:<\/strong> nous proposons des services pour la gestion locations de courte dur\u00e9e.<\/li>\n\n\n\n<li><strong>Signature num\u00e9rique\u00a0:<\/strong> nous mettons \u00e0 disposition de nos clients la signature num\u00e9rique de vos documents en ligne.<\/li>\n\n\n\n<li><strong>Services de gestion locative\u00a0:<\/strong> nous proposons la protection contre les loyers impay\u00e9s.<\/li>\n\n\n\n<li><strong>Portail internet en Suisse et dans toute la francophonie\u00a0:<\/strong> notre site est r\u00e9f\u00e9renc\u00e9 pour appara\u00eetre dans de nombreux moteurs de recherche dans la langue fran\u00e7aise, atteignant ainsi un maximum d\u2019internautes.<\/li>\n<\/ul>\n\n\n<h2 class=\"wp-block-heading\" id=\"h-une-agence-immobiliere-d-experts\">Une agence immobili\u00e8re d\u2019experts<\/h2>\n\n\n<p>Les experts qui travaillent dans notre agence, qu&rsquo;ils soient : techniciens, commerciaux ou administrateurs, sont form\u00e9s aux derni\u00e8res techniques et poss\u00e8dent tous une solide exp\u00e9rience. Cette expertise permet de vous fournir le meilleur accompagnement possible.<\/p>\n\n\n<h2 class=\"wp-block-heading\" id=\"h-obtenez-une-estimation-de-votre-logement-a-saignelegier\">Obtenez une estimation de votre logement \u00e0 Saignel\u00e9gier<\/h2>\n\n\n<p>Nous estimons la valeur de votre logement \u00e0 Saignel\u00e9gier, en prenant compte des caract\u00e9ristiques de votre habitation et de votre rue. Immobilierlocal vous propose des services : d&rsquo;administration de vos appartements locatifs, l&rsquo;achat, la vente, l\u2019aide pour les placements immobiliers, la gestion de vos locations saisonni\u00e8res et la gestion du syndic.<\/p>\n\n\n<h2 class=\"wp-block-heading\" id=\"h-une-agence-immobiliere-qui-vous-aide\">Une agence immobili\u00e8re qui vous aide\u00a0<\/h2>\n\n\n<p>Chaque projet immobilier doit \u00eatre adapt\u00e9 \u00e0 vos besoins, c&rsquo;est pourquoi nous proposons des services sur mesure. Que vous souhaitiez acheter ou louer une maison ou un appartement \u00e0 Saignel\u00e9gier, nos agents immobiliers vous aident \u00e0 chaque \u00e9tape de votre projet. Avec l\u2019aide de notre r\u00e9seau, nous vous aidons \u00e0 d\u00e9nicher la r\u00e9sidence de vos r\u00eaves \u00e0 Saignel\u00e9gier.<\/p>\n\n\n<h2 class=\"wp-block-heading\" id=\"h-vous-avez-besoin-d-une-agence-immobiliere-a-saignelegier\">Vous avez besoin d\u2019une agence immobili\u00e8re \u00e0 Saignel\u00e9gier ?<\/h2>\n\n\n<p>Immobilierlocal est situ\u00e9e au c\u0153ur Saignel\u00e9gier. Nous sommes pr\u00eats \u00e0 vous \u00e9couter et \u00e0 r\u00e9aliser tous vos projets immobiliers. Notre entreprise est exp\u00e9riment\u00e9e dans la vente, l\u2019acquisition et la gestion de biens immobiliers.<\/p>\n","protected":false},"excerpt":{"rendered":"<p>Vous souhaitez vendre, louer ou acheter \u00e0 Saignel\u00e9gier ? Immobilierlocal, situ\u00e9 au c\u0153ur de Saignel\u00e9gier, vous propose des services sur mesure. Nos agents immobiliers vous aident \u00e0 trouver ou vendre votre bien immobilier. Nous proposons de nombreux services, comme : la vente, l\u2019achat de maisons, de locaux commerciaux, d&rsquo;appartements, ou encore la gestion de vos [&hellip;]<\/p>\n","protected":false},"author":3,"featured_media":2768,"parent":0,"menu_order":0,"comment_status":"closed","ping_status":"closed","template":"wp-custom-template-page-agent","meta":{"footnotes":""},"categories":[89],"profession":[92],"location":[93],"canton":[80],"class_list":["post-2660","page","type-page","status-publish","has-post-thumbnail","hentry","category-agence","profession-agent-immobilier"],"yoast_head":"<!-- This site is optimized with the Yoast SEO Premium plugin v23.0 (Yoast SEO v27.3) - https:\/\/yoast.com\/product\/yoast-seo-premium-wordpress\/ -->\n<title>Agence immobili\u00e8re \u00e0 Saignel\u00e9gier - Immobilierlocal<\/title>\n<meta name=\"robots\" content=\"index, follow, max-snippet:-1, max-image-preview:large, max-video-preview:-1\" \/>\n<link rel=\"canonical\" href=\"https:\/\/www.immobilierlocal.ch\/c\/agence-immobiliere-a-saignelegier\/\" \/>\n<meta property=\"og:locale\" content=\"fr_FR\" \/>\n<meta property=\"og:type\" content=\"article\" \/>\n<meta property=\"og:title\" content=\"Agence immobili\u00e8re \u00e0 Saignel\u00e9gier\" \/>\n<meta property=\"og:description\" content=\"Vous souhaitez vendre, louer ou acheter \u00e0 Saignel\u00e9gier ? Immobilierlocal, situ\u00e9 au c\u0153ur de Saignel\u00e9gier, vous propose des services sur mesure. Nos agents immobiliers vous aident \u00e0 trouver ou vendre votre bien immobilier. Nous proposons de nombreux services, comme : la vente, l\u2019achat de maisons, de locaux commerciaux, d&rsquo;appartements, ou encore la gestion de vos [&hellip;]\" \/>\n<meta property=\"og:url\" content=\"https:\/\/www.immobilierlocal.ch\/c\/agence-immobiliere-a-saignelegier\/\" \/>\n<meta property=\"og:site_name\" content=\"Immobilierlocal\" \/>\n<meta property=\"article:modified_time\" content=\"2026-02-09T10:41:54+00:00\" \/>\n<meta property=\"og:image\" content=\"https:\/\/www.immobilierlocal.ch\/c\/wp-content\/uploads\/2026\/02\/agence-immobiliere.jpg\" \/>\n\t<meta property=\"og:image:width\" content=\"1920\" \/>\n\t<meta property=\"og:image:height\" content=\"300\" \/>\n\t<meta property=\"og:image:type\" content=\"image\/jpeg\" \/>\n<meta name=\"twitter:card\" content=\"summary_large_image\" \/>\n<meta name=\"twitter:label1\" content=\"Dur\u00e9e de lecture estim\u00e9e\" \/>\n\t<meta name=\"twitter:data1\" content=\"3 minutes\" \/>\n<script type=\"application\/ld+json\" class=\"yoast-schema-graph\">{\"@context\":\"https:\\\/\\\/schema.org\",\"@graph\":[{\"@type\":\"WebPage\",\"@id\":\"https:\\\/\\\/www.immobilierlocal.ch\\\/c\\\/agence-immobiliere-a-saignelegier\\\/\",\"url\":\"https:\\\/\\\/www.immobilierlocal.ch\\\/c\\\/agence-immobiliere-a-saignelegier\\\/\",\"name\":\"Agence immobili\u00e8re \u00e0 Saignel\u00e9gier - Immobilierlocal\",\"isPartOf\":{\"@id\":\"https:\\\/\\\/www.immobilierlocal.ch\\\/c\\\/#website\"},\"primaryImageOfPage\":{\"@id\":\"https:\\\/\\\/www.immobilierlocal.ch\\\/c\\\/agence-immobiliere-a-saignelegier\\\/#primaryimage\"},\"image\":{\"@id\":\"https:\\\/\\\/www.immobilierlocal.ch\\\/c\\\/agence-immobiliere-a-saignelegier\\\/#primaryimage\"},\"thumbnailUrl\":\"https:\\\/\\\/www.immobilierlocal.ch\\\/c\\\/wp-content\\\/uploads\\\/2026\\\/02\\\/agence-immobiliere.jpg\",\"datePublished\":\"2024-08-12T21:27:54+00:00\",\"dateModified\":\"2026-02-09T10:41:54+00:00\",\"breadcrumb\":{\"@id\":\"https:\\\/\\\/www.immobilierlocal.ch\\\/c\\\/agence-immobiliere-a-saignelegier\\\/#breadcrumb\"},\"inLanguage\":\"fr-FR\",\"potentialAction\":[{\"@type\":\"ReadAction\",\"target\":[\"https:\\\/\\\/www.immobilierlocal.ch\\\/c\\\/agence-immobiliere-a-saignelegier\\\/\"]}]},{\"@type\":\"ImageObject\",\"inLanguage\":\"fr-FR\",\"@id\":\"https:\\\/\\\/www.immobilierlocal.ch\\\/c\\\/agence-immobiliere-a-saignelegier\\\/#primaryimage\",\"url\":\"https:\\\/\\\/www.immobilierlocal.ch\\\/c\\\/wp-content\\\/uploads\\\/2026\\\/02\\\/agence-immobiliere.jpg\",\"contentUrl\":\"https:\\\/\\\/www.immobilierlocal.ch\\\/c\\\/wp-content\\\/uploads\\\/2026\\\/02\\\/agence-immobiliere.jpg\",\"width\":1920,\"height\":300},{\"@type\":\"BreadcrumbList\",\"@id\":\"https:\\\/\\\/www.immobilierlocal.ch\\\/c\\\/agence-immobiliere-a-saignelegier\\\/#breadcrumb\",\"itemListElement\":[{\"@type\":\"ListItem\",\"position\":1,\"name\":\"Accueil\",\"item\":\"https:\\\/\\\/www.immobilierlocal.ch\\\/c\\\/\"},{\"@type\":\"ListItem\",\"position\":2,\"name\":\"Agence immobili\u00e8re dans le canton du Jura\",\"item\":\"https:\\\/\\\/www.immobilierlocal.ch\\\/c\\\/agence-immobiliere-dans-le-canton-du-jura-specialiste-en-transactions-immobilieres-et-locations-immobilieres\\\/\"},{\"@type\":\"ListItem\",\"position\":3,\"name\":\"Agences immobili\u00e8res\",\"item\":\"https:\\\/\\\/www.immobilierlocal.ch\\\/agences\"},{\"@type\":\"ListItem\",\"position\":4,\"name\":\"Agence immobili\u00e8re \u00e0 Saignel\u00e9gier\"}]},{\"@type\":\"WebSite\",\"@id\":\"https:\\\/\\\/www.immobilierlocal.ch\\\/c\\\/#website\",\"url\":\"https:\\\/\\\/www.immobilierlocal.ch\\\/c\\\/\",\"name\":\"Immobilierlocal\",\"description\":\"\",\"publisher\":{\"@id\":\"https:\\\/\\\/www.immobilierlocal.ch\\\/c\\\/#organization\"},\"potentialAction\":[{\"@type\":\"SearchAction\",\"target\":{\"@type\":\"EntryPoint\",\"urlTemplate\":\"https:\\\/\\\/www.immobilierlocal.ch\\\/c\\\/?s={search_term_string}\"},\"query-input\":{\"@type\":\"PropertyValueSpecification\",\"valueRequired\":true,\"valueName\":\"search_term_string\"}}],\"inLanguage\":\"fr-FR\"},{\"@type\":\"Organization\",\"@id\":\"https:\\\/\\\/www.immobilierlocal.ch\\\/c\\\/#organization\",\"name\":\"Immobilierlocal\",\"url\":\"https:\\\/\\\/www.immobilierlocal.ch\\\/c\\\/\",\"logo\":{\"@type\":\"ImageObject\",\"inLanguage\":\"fr-FR\",\"@id\":\"https:\\\/\\\/www.immobilierlocal.ch\\\/c\\\/#\\\/schema\\\/logo\\\/image\\\/\",\"url\":\"https:\\\/\\\/www.immobilierlocal.ch\\\/c\\\/wp-content\\\/uploads\\\/2023\\\/10\\\/logo-immobilierlocal-h.svg\",\"contentUrl\":\"https:\\\/\\\/www.immobilierlocal.ch\\\/c\\\/wp-content\\\/uploads\\\/2023\\\/10\\\/logo-immobilierlocal-h.svg\",\"caption\":\"Immobilierlocal\"},\"image\":{\"@id\":\"https:\\\/\\\/www.immobilierlocal.ch\\\/c\\\/#\\\/schema\\\/logo\\\/image\\\/\"}}]}<\/script>\n<!-- \/ Yoast SEO Premium plugin. -->","yoast_head_json":{"title":"Agence immobili\u00e8re \u00e0 Saignel\u00e9gier - Immobilierlocal","robots":{"index":"index","follow":"follow","max-snippet":"max-snippet:-1","max-image-preview":"max-image-preview:large","max-video-preview":"max-video-preview:-1"},"canonical":"https:\/\/www.immobilierlocal.ch\/c\/agence-immobiliere-a-saignelegier\/","og_locale":"fr_FR","og_type":"article","og_title":"Agence immobili\u00e8re \u00e0 Saignel\u00e9gier","og_description":"Vous souhaitez vendre, louer ou acheter \u00e0 Saignel\u00e9gier ? Immobilierlocal, situ\u00e9 au c\u0153ur de Saignel\u00e9gier, vous propose des services sur mesure. Nos agents immobiliers vous aident \u00e0 trouver ou vendre votre bien immobilier. Nous proposons de nombreux services, comme : la vente, l\u2019achat de maisons, de locaux commerciaux, d&rsquo;appartements, ou encore la gestion de vos [&hellip;]","og_url":"https:\/\/www.immobilierlocal.ch\/c\/agence-immobiliere-a-saignelegier\/","og_site_name":"Immobilierlocal","article_modified_time":"2026-02-09T10:41:54+00:00","og_image":[{"width":1920,"height":300,"url":"https:\/\/www.immobilierlocal.ch\/c\/wp-content\/uploads\/2026\/02\/agence-immobiliere.jpg","type":"image\/jpeg"}],"twitter_card":"summary_large_image","twitter_misc":{"Dur\u00e9e de lecture estim\u00e9e":"3 minutes"},"schema":{"@context":"https:\/\/schema.org","@graph":[{"@type":"WebPage","@id":"https:\/\/www.immobilierlocal.ch\/c\/agence-immobiliere-a-saignelegier\/","url":"https:\/\/www.immobilierlocal.ch\/c\/agence-immobiliere-a-saignelegier\/","name":"Agence immobili\u00e8re \u00e0 Saignel\u00e9gier - Immobilierlocal","isPartOf":{"@id":"https:\/\/www.immobilierlocal.ch\/c\/#website"},"primaryImageOfPage":{"@id":"https:\/\/www.immobilierlocal.ch\/c\/agence-immobiliere-a-saignelegier\/#primaryimage"},"image":{"@id":"https:\/\/www.immobilierlocal.ch\/c\/agence-immobiliere-a-saignelegier\/#primaryimage"},"thumbnailUrl":"https:\/\/www.immobilierlocal.ch\/c\/wp-content\/uploads\/2026\/02\/agence-immobiliere.jpg","datePublished":"2024-08-12T21:27:54+00:00","dateModified":"2026-02-09T10:41:54+00:00","breadcrumb":{"@id":"https:\/\/www.immobilierlocal.ch\/c\/agence-immobiliere-a-saignelegier\/#breadcrumb"},"inLanguage":"fr-FR","potentialAction":[{"@type":"ReadAction","target":["https:\/\/www.immobilierlocal.ch\/c\/agence-immobiliere-a-saignelegier\/"]}]},{"@type":"ImageObject","inLanguage":"fr-FR","@id":"https:\/\/www.immobilierlocal.ch\/c\/agence-immobiliere-a-saignelegier\/#primaryimage","url":"https:\/\/www.immobilierlocal.ch\/c\/wp-content\/uploads\/2026\/02\/agence-immobiliere.jpg","contentUrl":"https:\/\/www.immobilierlocal.ch\/c\/wp-content\/uploads\/2026\/02\/agence-immobiliere.jpg","width":1920,"height":300},{"@type":"BreadcrumbList","@id":"https:\/\/www.immobilierlocal.ch\/c\/agence-immobiliere-a-saignelegier\/#breadcrumb","itemListElement":[{"@type":"ListItem","position":1,"name":"Accueil","item":"https:\/\/www.immobilierlocal.ch\/c\/"},{"@type":"ListItem","position":2,"name":"Agence immobili\u00e8re dans le canton du Jura","item":"https:\/\/www.immobilierlocal.ch\/c\/agence-immobiliere-dans-le-canton-du-jura-specialiste-en-transactions-immobilieres-et-locations-immobilieres\/"},{"@type":"ListItem","position":3,"name":"Agences immobili\u00e8res","item":"https:\/\/www.immobilierlocal.ch\/agences"},{"@type":"ListItem","position":4,"name":"Agence immobili\u00e8re \u00e0 Saignel\u00e9gier"}]},{"@type":"WebSite","@id":"https:\/\/www.immobilierlocal.ch\/c\/#website","url":"https:\/\/www.immobilierlocal.ch\/c\/","name":"Immobilierlocal","description":"","publisher":{"@id":"https:\/\/www.immobilierlocal.ch\/c\/#organization"},"potentialAction":[{"@type":"SearchAction","target":{"@type":"EntryPoint","urlTemplate":"https:\/\/www.immobilierlocal.ch\/c\/?s={search_term_string}"},"query-input":{"@type":"PropertyValueSpecification","valueRequired":true,"valueName":"search_term_string"}}],"inLanguage":"fr-FR"},{"@type":"Organization","@id":"https:\/\/www.immobilierlocal.ch\/c\/#organization","name":"Immobilierlocal","url":"https:\/\/www.immobilierlocal.ch\/c\/","logo":{"@type":"ImageObject","inLanguage":"fr-FR","@id":"https:\/\/www.immobilierlocal.ch\/c\/#\/schema\/logo\/image\/","url":"https:\/\/www.immobilierlocal.ch\/c\/wp-content\/uploads\/2023\/10\/logo-immobilierlocal-h.svg","contentUrl":"https:\/\/www.immobilierlocal.ch\/c\/wp-content\/uploads\/2023\/10\/logo-immobilierlocal-h.svg","caption":"Immobilierlocal"},"image":{"@id":"https:\/\/www.immobilierlocal.ch\/c\/#\/schema\/logo\/image\/"}}]}},"_links":{"self":[{"href":"https:\/\/www.immobilierlocal.ch\/c\/wp-json\/wp\/v2\/pages\/2660","targetHints":{"allow":["GET"]}}],"collection":[{"href":"https:\/\/www.immobilierlocal.ch\/c\/wp-json\/wp\/v2\/pages"}],"about":[{"href":"https:\/\/www.immobilierlocal.ch\/c\/wp-json\/wp\/v2\/types\/page"}],"author":[{"embeddable":true,"href":"https:\/\/www.immobilierlocal.ch\/c\/wp-json\/wp\/v2\/users\/3"}],"replies":[{"embeddable":true,"href":"https:\/\/www.immobilierlocal.ch\/c\/wp-json\/wp\/v2\/comments?post=2660"}],"version-history":[{"count":0,"href":"https:\/\/www.immobilierlocal.ch\/c\/wp-json\/wp\/v2\/pages\/2660\/revisions"}],"wp:featuredmedia":[{"embeddable":true,"href":"https:\/\/www.immobilierlocal.ch\/c\/wp-json\/wp\/v2\/media\/2768"}],"wp:attachment":[{"href":"https:\/\/www.immobilierlocal.ch\/c\/wp-json\/wp\/v2\/media?parent=2660"}],"wp:term":[{"taxonomy":"category","embeddable":true,"href":"https:\/\/www.immobilierlocal.ch\/c\/wp-json\/wp\/v2\/categories?post=2660"},{"taxonomy":"profession","embeddable":true,"href":"https:\/\/www.immobilierlocal.ch\/c\/wp-json\/wp\/v2\/profession?post=2660"},{"taxonomy":"location","embeddable":true,"href":"https:\/\/www.immobilierlocal.ch\/c\/wp-json\/wp\/v2\/location?post=2660"},{"taxonomy":"canton","embeddable":true,"href":"https:\/\/www.immobilierlocal.ch\/c\/wp-json\/wp\/v2\/canton?post=2660"}],"curies":[{"name":"wp","href":"https:\/\/api.w.org\/{rel}","templated":true}]}}