
{"id":2466,"date":"2024-07-20T11:51:00","date_gmt":"2024-07-20T09:51:00","guid":{"rendered":"https:\/\/www.immobilierlocal.ch\/c\/?page_id=2466"},"modified":"2024-08-27T12:17:49","modified_gmt":"2024-08-27T10:17:49","slug":"evolution-des-prix-de-limmobilier-a-courtelary-en-2024","status":"publish","type":"page","link":"https:\/\/www.immobilierlocal.ch\/c\/evolution-des-prix-de-limmobilier-a-courtelary-en-2024\/","title":{"rendered":"\u00c9volution des prix de l\u2019immobilier \u00e0 Courtelary en 2026"},"content":{"rendered":"<h2 class=\"wp-block-heading\" id=\"h-le-prix-immobilier-moyen-a-courtelary\">Le prix immobilier moyen \u00e0 Courtelary<\/h2>\n\n<p class=\"estimates-price-immobilier\">Le march\u00e9 immobilier \u00e0 Courtelary affiche un prix moyen de CHF 5'151 \/ m\u00b2 (prix par m\u00e8tre carr\u00e9). Les maisons et les appartements ont un prix moyen respectif de CHF 5'737 \/ m\u00b2 et de CHF 4'565 \/ m\u00b2.<\/p>\n\n\n<h2 class=\"wp-block-heading\" id=\"h-le-loyer-moyen-a-courtelary\">Le loyer moyen \u00e0 Courtelary<\/h2>\n\n<p class=\"estimates-rent-average\">Les loyers moyens \u00e0 Courtelary sont actuellement de CHF 1'213 pour les appartements, CHF 1'814 pour les maisons.<\/p>\n\n\n<h2 class=\"wp-block-heading\" id=\"h-l-evolution-du-prix-au-m\u00b2-a-courtelary-en-2025\">L\u2019\u00e9volution du prix au m\u00b2 \u00e0 Courtelary en 2025<\/h2>\n\n<p class=\"estimates-price-evolution\">Le prix de l'immobilier \u00e0 Courtelary au cours du 4<sup>\u00e8me<\/sup> trimestre 2025 a vari\u00e9 d'environ 1.1%.<\/p>\n\n\n<div class=\"iframe-text\">Estimer maintenant votre bien immobilier<\/div><iframe id=\"estimer\" src=\"https:\/\/www.immobilierlocal.ch\/estimer?iframe=1\" frameborder=\"0\" loading=\"lazy\" width=\"100%\" height=\"1000\" style=\"overflow-x:hidden;\" referrerpolicy=\"no-referrer-when-downgrade\" title=\"Estimation immobili\u00e8re\"><\/iframe>\n\n\n<h2 class=\"wp-block-heading\" id=\"h-quelles-sont-les-previsions-des-prix-logements-a-courtelary\">Quelles sont les pr\u00e9visions des prix logements \u00e0 Courtelary ?<\/h2>\n\n\n<p>Cette ann\u00e9e, nous avons anticip\u00e9 une augmentation des prix des biens immobiliers \u00e0 Courtelary ! En particulier, dans les quartiers les plus recherch\u00e9s de la ville. Cette tendance est le r\u00e9sultat de l\u2019offre qui d\u00e9passe la demande, ainsi que le contexte \u00e9conomique actuel.<\/p>\n\n\n<h2 class=\"wp-block-heading\" id=\"h-pourquoi-les-biens-immobiliers-a-courtelary-sont-ils-si-couteux\">Pourquoi les biens immobiliers \u00e0 Courtelary sont-ils si co\u00fbteux ?<\/h2>\n\n\n<p>En Suisse, le pouvoir d&rsquo;achat \u00e9lev\u00e9 des habitants se refl\u00e8te dans les prix au m\u00b2 \u00e0 Courtelary, tout comme dans d&rsquo;autres villes et cantons du pays. Cependant, il est toujours possible de trouver de bonnes affaires, surtout si vous envisagez d&rsquo;acheter un bien immobilier dans les environs de Courtelary.<\/p>\n\n\n<h2 class=\"wp-block-heading\" id=\"h-quel-est-l-avenir-des-prix-de-l-immobilier-a-courtelary\">Quel est l\u2019avenir des prix de l\u2019immobilier \u00e0 Courtelary ?<\/h2>\n\n<div class=\"estimates-price-growth\">Les principaux cantons romands, plus pr\u00e9cis\u00e9ment la r\u00e9gion l\u00e9manique regroupent de grandes entreprises et la finance internationale, avec une demande immobili\u00e8re en constante hausse, \u00e9galement pour les biens d\u2019exceptions.\n            Les prix de l\u2019immobilier r\u00e9sidentiel ont connu une croissance soutenue durant ces cinq derni\u00e8res ann\u00e9es, soit\u00a0:<h3>L\u2019\u00e9volution du march\u00e9 en % pour les appartements en propri\u00e9t\u00e9 (PPE)<\/h3><ul>\n            <li>Commune urbaine (grande agglom\u00e9ration) est \u00e9gale \u00e0 22.4 %<\/li>\n            <li>Commune urbaine (petite agglom\u00e9ration) est \u00e9quivalente \u00e0 18.4 %<\/li>\n            <li>Commune interm\u00e9diaire se situe aux alentours de 22.6 %<\/li>\n            <li>Commune rurale est d\u2019environ 21.9 %<\/li>\n        <\/ul><h3>La variation du march\u00e9 en % pour les maisons individuelles<\/h3><ul>\n            <li>Commune urbaine (grande agglom\u00e9ration) est \u00e9gale \u00e0 21.4 %<\/li>\n            <li>Commune urbaine (petite agglom\u00e9ration) est \u00e9quivalente \u00e0 28.4 %<\/li>\n            <li>Commune interm\u00e9diaire se situe aux alentours de 21.8 %<\/li>\n            <li>Commune rurale est d\u2019environ 20.4 %<\/li>\n        <\/ul><h3>La variation du march\u00e9 en % pour le prochain trimestre<\/h3><p>Pour la p\u00e9riode suivante, les prix devraient \u00e9voluer de 1.63 % en moyenne.<\/p><\/div>\n\n\n<h2 class=\"wp-block-heading\" id=\"h-quels-sont-les-elements-qui-influencent-les-prix-des-appartements-a-courtelary\">Quels sont les \u00e9l\u00e9ments qui influencent les prix des appartements \u00e0 Courtelary ?<\/h2>\n\n\n<p>De nombreux \u00e9l\u00e9ments permettent de d\u00e9terminer le prix des appartements \u00e0 Courtelary. Que vous soyez int\u00e9ress\u00e9 par acheter ou louer un appartement ou une maison \u00e0 Courtelary, il est important de comprendre ce qui influence les prix.<\/p>\n\n\n<h3 class=\"wp-block-heading\" id=\"h-facteurs-influencant-le-prix-m\u00b2-d-un-appartement-a-courtelary\">Facteurs influen\u00e7ant le prix\/m\u00b2 d\u2019un appartement \u00e0 Courtelary :<\/h3>\n\n\n<ul class=\"wp-block-list\">\n<li>Un espace ext\u00e9rieur : avoir une terrasse ou un balcon peut augmenter le prix de vente.<\/li>\n\n\n\n<li>Un garage : avoir un garage couvert, une place de stationnement ou un abri privatif est un plus.<\/li>\n\n\n\n<li>Position de l&rsquo;appartement : les appartements situ\u00e9s \u00e0 l&rsquo;\u00e9tage ont g\u00e9n\u00e9ralement plus de lumi\u00e8re et sont moins expos\u00e9s aux nuisances sonores, comparativement aux appartements en rez-de-chauss\u00e9e.<\/li>\n\n\n\n<li>Les frais de copropri\u00e9t\u00e9 : des frais de copropri\u00e9t\u00e9 \u00e9lev\u00e9s se r\u00e9percutent sur les prix de vente (l\u2019acheteur peut avoir un moyen de pression pour faire baisser le prix d\u2019achat).<\/li>\n<\/ul>\n\n\n<h3 class=\"wp-block-heading\" id=\"h-voici-les-differents-facteurs-qui-determinent-le-cout-au-m2-d-une-maison-a-courtelary\">Voici, les diff\u00e9rents facteurs qui d\u00e9terminent le co\u00fbt au m2 d\u2019une maison \u00e0 Courtelary<\/h3>\n\n\n<ul class=\"wp-block-list\">\n<li>Les extensions : avoir une cave, une pergola, une v\u00e9randa ou des combles am\u00e9nag\u00e9s permet d&rsquo;augmenter la superficie, ce qui augmente la valeur de votre bien immobilier.<\/li>\n\n\n\n<li>Le type de construction : une maison individuelle est g\u00e9n\u00e9ralement plus valoris\u00e9e sur le march\u00e9 qu&rsquo;une maison jumel\u00e9e, en raison de son ind\u00e9pendance.<\/li>\n\n\n\n<li>La superficie ext\u00e9rieure : avoir un ext\u00e9rieur am\u00e9nag\u00e9 (avec une cl\u00f4ture ou un brise-vue) augmente aussi la valeur.<\/li>\n\n\n\n<li>Un garage : avoir un garage est une vraie plus-value, le nombre de places simple ou double, ainsi que le niveau de s\u00e9curit\u00e9 influence aussi le prix.<\/li>\n\n\n\n<li>Une piscine : une piscine en dur ou hors sol augmente aussi le prix de vente de votre propri\u00e9t\u00e9.<\/li>\n<\/ul>\n\n\n<h2 class=\"wp-block-heading\" id=\"h-les-facteurs-qui-determinent-le-cout-au-m\u00b2-d-un-loyer-a-courtelary\">Les facteurs qui d\u00e9terminent le co\u00fbt au m\u00b2 d\u2019un loyer \u00e0 Courtelary :<\/h2>\n\n\n<ul class=\"wp-block-list\">\n<li>L\u2019\u00e2ge de l\u2019immeuble : c\u2019est un facteur qui influence, le prix du loyer, un bien dans un immeuble neuf se louera \u00e0 un tarif plus \u00e9lev\u00e9.<\/li>\n\n\n\n<li>L&#8217;emplacement : selon la rue \u00e0 Courtelary, le prix au m\u00e8tre carr\u00e9 peut varier, en effet, certains secteurs sont plus convoit\u00e9s que d&rsquo;autres.<\/li>\n\n\n\n<li>La demande : une p\u00e9nurie de biens immobiliers disponibles \u00e0 la location peut entra\u00eener une augmentation des loyers.<\/li>\n<\/ul>\n\n\n<h2 class=\"wp-block-heading\" id=\"h-quels-sont-les-elements-qui-font-varier-les-prix-de-vente-de-l-immobilier-a-courtelary\">Quels sont les \u00e9l\u00e9ments qui font varier les prix de vente de l\u2019immobilier \u00e0 Courtelary ?<\/h2>\n\n\n<p>Le nombre d\u2019acheteurs et de biens disponibles : si la demande est forte et que les logements sont rares sur le march\u00e9, les prix augmentent.<\/p>\n\n\n\n<p>La situation g\u00e9ographique du logement dans Courtelary : l\u2019\u00e9tat des rues, la pr\u00e9sence d&rsquo;entreprises, les arr\u00eats de bus \u00e0 proximit\u00e9, et la tranquillit\u00e9 du secteur peuvent augmenter la valeur du bien immobilier.<\/p>\n\n\n\n<p>Les travaux de r\u00e9novation : des travaux r\u00e9alis\u00e9s pour am\u00e9liorer l\u2019efficacit\u00e9 \u00e9nerg\u00e9tique augmentent la valeur. \u00c0 l&rsquo;inverse, un logement ayant besoin de r\u00e9novations pour \u00eatre vivable baisse la valeur.<\/p>\n\n\n\n<p>L\u2019\u00e9conomie : les infrastructures, le march\u00e9 du travail, la sant\u00e9 des finances publiques, et les crises \u00e9conomiques impactent les prix immobiliers. La sp\u00e9culation sur l\u2019\u00e9volution des prix peut influencer la d\u00e9cision des vendeurs, affectant ainsi artificiellement les prix et le volume des transactions.<\/p>\n\n\n\n<p>La d\u00e9mographie : une augmentation de la demande par rapport \u00e0 l&rsquo;offre de logements entra\u00eene une hausse des prix.<\/p>\n\n\n\n<p>Les r\u00e9glementations : la r\u00e9gulation sur les nouvelles constructions peut augmenter soit diminuer l\u2019offre de biens disponibles, influen\u00e7ant ainsi les prix immobiliers.<\/p>\n\n\n\n<p>L\u2019inflation : l&rsquo;inflation r\u00e9duit le pouvoir d&rsquo;achat et entra\u00eene une hausse des prix aussi dans l\u2019immobilier.<\/p>\n\n\n\n<p>Les conditions de cr\u00e9dit : des acc\u00e8s aux cr\u00e9dits plus favorables peuvent permettre aux acheteurs d\u2019acheter des biens immobiliers plus chers et donc augmenter les prix.<\/p>\n\n\n<h2 class=\"wp-block-heading\" id=\"h-comment-bien-evaluer-le-prix-d-un-appartement-ou-d-une-maison-a-courtelary\">Comment bien \u00e9valuer le prix d\u2019un appartement ou d\u2019une maison \u00e0 Courtelary ?<\/h2>\n\n\n<ul class=\"wp-block-list\">\n<li>La premi\u00e8re solution est d\u2019utiliser un logiciel d\u2019estimation immobili\u00e8re en ligne pour estimer le prix de votre appartement ou de votre maison.<\/li>\n\n\n\n<li>La seconde solution est de faire appel \u00e0 un expert dans l\u2019immobilier ou une agence immobili\u00e8re \u00e0 Courtelary.<\/li>\n<\/ul>\n\n\n\n<p>Les deux solutions ont des avantages et des inconv\u00e9nients, nous vous recommandons d\u2019utiliser les deux solutions pour d\u00e9finir le plus justement possible le prix de votre habitation.<\/p>\n\n\n<h2 class=\"wp-block-heading\" id=\"h-avec-notre-logiciel-d-estimation-gratuit-en-ligne\">Avec notre logiciel d\u2019estimation gratuit en ligne<\/h2>\n\n\n<p>Avec notre logiciel d&rsquo;estimation gratuit en ligne, vous pouvez \u00e9valuer la valeur de votre maison ou de votre appartement \u00e0 Courtelary, en seulement quelques minutes.<\/p>\n\n\n\n<p>Pour conna\u00eetre la valeur de votre habitation, vous devez nous fournir les caract\u00e9ristiques suivantes :<\/p>\n\n\n\n<ul class=\"wp-block-list\">\n<li>Le nombre de pi\u00e8ces habitables.<\/li>\n\n\n\n<li>La pr\u00e9sence d\u2019un parking ext\u00e9rieur et\/ou int\u00e9rieur.<\/li>\n\n\n\n<li>L\u2019ann\u00e9e de construction.<\/li>\n\n\n\n<li>Les diff\u00e9rents avantages de votre logement (balcon, terrasse, terrain, parking\u2026).<\/li>\n\n\n\n<li>Le prix du capital de r\u00e9novation de la propri\u00e9t\u00e9 par \u00e9tages (PPE).<\/li>\n\n\n\n<li>L\u2019\u00e9tat g\u00e9n\u00e9ral de votre int\u00e9rieur et ext\u00e9rieur.<\/li>\n\n\n\n<li>L\u2019orientation de votre apparemment ou de votre maison.<\/li>\n\n\n\n<li>Les diff\u00e9rentes surfaces ext\u00e9rieure et int\u00e9rieure.<\/li>\n\n\n\n<li>Les commodit\u00e9s dans les environs.<\/li>\n\n\n\n<li>Les transports disponibles dans les environs.<\/li>\n\n\n\n<li>Les travaux de r\u00e9novation r\u00e9alis\u00e9s dans votre habitation.<\/li>\n\n\n\n<li>La position g\u00e9ographique de votre logement.<\/li>\n<\/ul>\n\n\n<h3 class=\"wp-block-heading\" id=\"h-estimer-votre-bien-immobilier-par-un-agent-immobilier-a-courtelary\">Estimer votre bien immobilier par un agent immobilier \u00e0 Courtelary<\/h3>\n\n\n<p>Pour \u00e9valuer le prix d&rsquo;un appartement ou d&rsquo;une maison \u00e0 Courtelary, il est important de faire appel \u00e0 un agent immobilier. Les experts d\u2019Immobilierlocal d\u00e9terminent la valeur de votre propri\u00e9t\u00e9, qu&rsquo;il s&rsquo;agisse d&rsquo;une maison, d&rsquo;un appartement, d&rsquo;un terrain ou d&rsquo;un immeuble, en tenant compte des caract\u00e9ristiques de votre logement et du march\u00e9.<\/p>\n\n\n\n<p>Pour fixer le prix de votre studio ou de votre maison \u00e0 Courtelary, nous devons examiner tous vos documents, comme : le plan cadastral, votre registre foncier et les plans d&rsquo;architecte. Cela nous permet de vous fournir une estimation compl\u00e8te et pr\u00e9cise.<\/p>\n\n\n\n<p>L&rsquo;\u00e9volution est similaire dans les villes proches, telles que :<\/p>\n\n\nLa Ferri\u00e8re, Pr\u00eales, Lamboing, Diesse, Nods, La Neuveville, Orvin, Frinvillier, Plagne, Vauffelin, Romont BE, P\u00e9ry, La Heutte, Sonceboz-Sombeval, Corg\u00e9mont, Cort\u00e9bert, Montagne-de-Courtelary, Mont-Crosin, Les Pontins, Mont-Soleil, St-Imier, Cormoret, Villeret, Montagne-de-Sonvilier, Sonvilier, Renan BE, Tavannes, Le Fuet, Bellelay, Ch\u00e2telat, Monible, Sornetan, Fornet-Dessous, Reb\u00e9velier, Tramelan, La Tanne, Les Reussilles, Mont-Tramelan, Loveresse, Reconvilier, Saicourt, Saules BE, Pontenet, B\u00e9vilard, Champoz, Malleray, Sorvilier, Court, Moutier, Perrefitte, Eschert, Belprahon, Grandval, Cr\u00e9mines, Corcelles BE, Seehof, Les Ecorcheresses, Souboz, Roches BE, Schelten.\n","protected":false},"excerpt":{"rendered":"<p>Le prix immobilier moyen \u00e0 Courtelary Le loyer moyen \u00e0 Courtelary L\u2019\u00e9volution du prix au m\u00b2 \u00e0 Courtelary en 2025 Quelles sont les pr\u00e9visions des prix logements \u00e0 Courtelary ? Cette ann\u00e9e, nous avons anticip\u00e9 une augmentation des prix des biens immobiliers \u00e0 Courtelary ! En particulier, dans les quartiers les plus recherch\u00e9s de la [&hellip;]<\/p>\n","protected":false},"author":3,"featured_media":2468,"parent":0,"menu_order":0,"comment_status":"closed","ping_status":"closed","template":"","meta":{"footnotes":""},"categories":[83],"profession":[],"location":[90],"canton":[],"class_list":["post-2466","page","type-page","status-publish","has-post-thumbnail","hentry","category-evolution"],"yoast_head":"<!-- This site is optimized with the Yoast SEO Premium plugin v23.0 (Yoast SEO v27.3) - https:\/\/yoast.com\/product\/yoast-seo-premium-wordpress\/ -->\n<title>\u00c9volution des prix de l\u2019immobilier \u00e0 Courtelary en 2026 - Immobilierlocal<\/title>\n<meta name=\"description\" content=\"D\u00e9couvrez le Prix moyen au m\u00b2 \u00e0 Courtelary en avril 2026 \u2705 Estimation gratuite de votre bien \u2705 Derni\u00e8res \u00e9volutions du march\u00e9.\" \/>\n<meta name=\"robots\" content=\"index, follow, max-snippet:-1, max-image-preview:large, max-video-preview:-1\" \/>\n<link rel=\"canonical\" href=\"https:\/\/www.immobilierlocal.ch\/c\/evolution-des-prix-de-limmobilier-a-courtelary-en-2024\/\" \/>\n<meta property=\"og:locale\" content=\"fr_FR\" \/>\n<meta property=\"og:type\" content=\"article\" \/>\n<meta property=\"og:title\" content=\"\u00c9volution des prix de l\u2019immobilier \u00e0 Courtelary en 2026\" \/>\n<meta property=\"og:description\" content=\"D\u00e9couvrez le Prix moyen au m\u00b2 \u00e0 Courtelary en avril 2026 \u2705 Estimation gratuite de votre bien \u2705 Derni\u00e8res \u00e9volutions du march\u00e9.\" \/>\n<meta property=\"og:url\" content=\"https:\/\/www.immobilierlocal.ch\/c\/evolution-des-prix-de-limmobilier-a-courtelary-en-2024\/\" \/>\n<meta property=\"og:site_name\" content=\"Immobilierlocal\" \/>\n<meta property=\"article:modified_time\" content=\"2024-08-27T10:17:49+00:00\" \/>\n<meta property=\"og:image\" content=\"https:\/\/www.immobilierlocal.ch\/c\/wp-content\/uploads\/2024\/07\/evolution-des-prix-de-limmobilier-a-courtelary-scaled.jpg\" \/>\n\t<meta property=\"og:image:width\" content=\"2048\" \/>\n\t<meta property=\"og:image:height\" content=\"654\" \/>\n\t<meta property=\"og:image:type\" content=\"image\/jpeg\" \/>\n<meta name=\"twitter:card\" content=\"summary_large_image\" \/>\n<meta name=\"twitter:label1\" content=\"Dur\u00e9e de lecture estim\u00e9e\" \/>\n\t<meta name=\"twitter:data1\" content=\"6 minutes\" \/>\n<script type=\"application\/ld+json\" class=\"yoast-schema-graph\">{\"@context\":\"https:\\\/\\\/schema.org\",\"@graph\":[{\"@type\":\"WebPage\",\"@id\":\"https:\\\/\\\/www.immobilierlocal.ch\\\/c\\\/evolution-des-prix-de-limmobilier-a-courtelary-en-2024\\\/\",\"url\":\"https:\\\/\\\/www.immobilierlocal.ch\\\/c\\\/evolution-des-prix-de-limmobilier-a-courtelary-en-2024\\\/\",\"name\":\"\u00c9volution des prix de l\u2019immobilier \u00e0 Courtelary en 2026 - Immobilierlocal\",\"isPartOf\":{\"@id\":\"https:\\\/\\\/www.immobilierlocal.ch\\\/c\\\/#website\"},\"primaryImageOfPage\":{\"@id\":\"https:\\\/\\\/www.immobilierlocal.ch\\\/c\\\/evolution-des-prix-de-limmobilier-a-courtelary-en-2024\\\/#primaryimage\"},\"image\":{\"@id\":\"https:\\\/\\\/www.immobilierlocal.ch\\\/c\\\/evolution-des-prix-de-limmobilier-a-courtelary-en-2024\\\/#primaryimage\"},\"thumbnailUrl\":\"https:\\\/\\\/www.immobilierlocal.ch\\\/c\\\/wp-content\\\/uploads\\\/2024\\\/07\\\/evolution-des-prix-de-limmobilier-a-courtelary-scaled.jpg\",\"datePublished\":\"2024-07-20T09:51:00+00:00\",\"dateModified\":\"2024-08-27T10:17:49+00:00\",\"breadcrumb\":{\"@id\":\"https:\\\/\\\/www.immobilierlocal.ch\\\/c\\\/evolution-des-prix-de-limmobilier-a-courtelary-en-2024\\\/#breadcrumb\"},\"inLanguage\":\"fr-FR\",\"potentialAction\":[{\"@type\":\"ReadAction\",\"target\":[\"https:\\\/\\\/www.immobilierlocal.ch\\\/c\\\/evolution-des-prix-de-limmobilier-a-courtelary-en-2024\\\/\"]}]},{\"@type\":\"ImageObject\",\"inLanguage\":\"fr-FR\",\"@id\":\"https:\\\/\\\/www.immobilierlocal.ch\\\/c\\\/evolution-des-prix-de-limmobilier-a-courtelary-en-2024\\\/#primaryimage\",\"url\":\"https:\\\/\\\/www.immobilierlocal.ch\\\/c\\\/wp-content\\\/uploads\\\/2024\\\/07\\\/evolution-des-prix-de-limmobilier-a-courtelary-scaled.jpg\",\"contentUrl\":\"https:\\\/\\\/www.immobilierlocal.ch\\\/c\\\/wp-content\\\/uploads\\\/2024\\\/07\\\/evolution-des-prix-de-limmobilier-a-courtelary-scaled.jpg\",\"width\":2048,\"height\":654,\"caption\":\"Aerial view of Ouchy waterfront in Lausanne, Switzerland\"},{\"@type\":\"BreadcrumbList\",\"@id\":\"https:\\\/\\\/www.immobilierlocal.ch\\\/c\\\/evolution-des-prix-de-limmobilier-a-courtelary-en-2024\\\/#breadcrumb\",\"itemListElement\":[{\"@type\":\"ListItem\",\"position\":1,\"name\":\"Accueil\",\"item\":\"https:\\\/\\\/www.immobilierlocal.ch\\\/c\\\/\"},{\"@type\":\"ListItem\",\"position\":2,\"name\":\"\u00c9volution des prix de l\u2019immobilier \u00e0 Courtelary en 2025\"}]},{\"@type\":\"WebSite\",\"@id\":\"https:\\\/\\\/www.immobilierlocal.ch\\\/c\\\/#website\",\"url\":\"https:\\\/\\\/www.immobilierlocal.ch\\\/c\\\/\",\"name\":\"Immobilierlocal\",\"description\":\"\",\"publisher\":{\"@id\":\"https:\\\/\\\/www.immobilierlocal.ch\\\/c\\\/#organization\"},\"potentialAction\":[{\"@type\":\"SearchAction\",\"target\":{\"@type\":\"EntryPoint\",\"urlTemplate\":\"https:\\\/\\\/www.immobilierlocal.ch\\\/c\\\/?s={search_term_string}\"},\"query-input\":{\"@type\":\"PropertyValueSpecification\",\"valueRequired\":true,\"valueName\":\"search_term_string\"}}],\"inLanguage\":\"fr-FR\"},{\"@type\":\"Organization\",\"@id\":\"https:\\\/\\\/www.immobilierlocal.ch\\\/c\\\/#organization\",\"name\":\"Immobilierlocal\",\"url\":\"https:\\\/\\\/www.immobilierlocal.ch\\\/c\\\/\",\"logo\":{\"@type\":\"ImageObject\",\"inLanguage\":\"fr-FR\",\"@id\":\"https:\\\/\\\/www.immobilierlocal.ch\\\/c\\\/#\\\/schema\\\/logo\\\/image\\\/\",\"url\":\"https:\\\/\\\/www.immobilierlocal.ch\\\/c\\\/wp-content\\\/uploads\\\/2023\\\/10\\\/logo-immobilierlocal-h.svg\",\"contentUrl\":\"https:\\\/\\\/www.immobilierlocal.ch\\\/c\\\/wp-content\\\/uploads\\\/2023\\\/10\\\/logo-immobilierlocal-h.svg\",\"caption\":\"Immobilierlocal\"},\"image\":{\"@id\":\"https:\\\/\\\/www.immobilierlocal.ch\\\/c\\\/#\\\/schema\\\/logo\\\/image\\\/\"}}]}<\/script>\n<!-- \/ Yoast SEO Premium plugin. -->","yoast_head_json":{"title":"\u00c9volution des prix de l\u2019immobilier \u00e0 Courtelary en 2026 - Immobilierlocal","description":"D\u00e9couvrez le Prix moyen au m\u00b2 \u00e0 Courtelary en avril 2026 \u2705 Estimation gratuite de votre bien \u2705 Derni\u00e8res \u00e9volutions du march\u00e9.","robots":{"index":"index","follow":"follow","max-snippet":"max-snippet:-1","max-image-preview":"max-image-preview:large","max-video-preview":"max-video-preview:-1"},"canonical":"https:\/\/www.immobilierlocal.ch\/c\/evolution-des-prix-de-limmobilier-a-courtelary-en-2024\/","og_locale":"fr_FR","og_type":"article","og_title":"\u00c9volution des prix de l\u2019immobilier \u00e0 Courtelary en 2026","og_description":"D\u00e9couvrez le Prix moyen au m\u00b2 \u00e0 Courtelary en avril 2026 \u2705 Estimation gratuite de votre bien \u2705 Derni\u00e8res \u00e9volutions du march\u00e9.","og_url":"https:\/\/www.immobilierlocal.ch\/c\/evolution-des-prix-de-limmobilier-a-courtelary-en-2024\/","og_site_name":"Immobilierlocal","article_modified_time":"2024-08-27T10:17:49+00:00","og_image":[{"width":2048,"height":654,"url":"https:\/\/www.immobilierlocal.ch\/c\/wp-content\/uploads\/2024\/07\/evolution-des-prix-de-limmobilier-a-courtelary-scaled.jpg","type":"image\/jpeg"}],"twitter_card":"summary_large_image","twitter_misc":{"Dur\u00e9e de lecture estim\u00e9e":"6 minutes"},"schema":{"@context":"https:\/\/schema.org","@graph":[{"@type":"WebPage","@id":"https:\/\/www.immobilierlocal.ch\/c\/evolution-des-prix-de-limmobilier-a-courtelary-en-2024\/","url":"https:\/\/www.immobilierlocal.ch\/c\/evolution-des-prix-de-limmobilier-a-courtelary-en-2024\/","name":"\u00c9volution des prix de l\u2019immobilier \u00e0 Courtelary en 2026 - Immobilierlocal","isPartOf":{"@id":"https:\/\/www.immobilierlocal.ch\/c\/#website"},"primaryImageOfPage":{"@id":"https:\/\/www.immobilierlocal.ch\/c\/evolution-des-prix-de-limmobilier-a-courtelary-en-2024\/#primaryimage"},"image":{"@id":"https:\/\/www.immobilierlocal.ch\/c\/evolution-des-prix-de-limmobilier-a-courtelary-en-2024\/#primaryimage"},"thumbnailUrl":"https:\/\/www.immobilierlocal.ch\/c\/wp-content\/uploads\/2024\/07\/evolution-des-prix-de-limmobilier-a-courtelary-scaled.jpg","datePublished":"2024-07-20T09:51:00+00:00","dateModified":"2024-08-27T10:17:49+00:00","breadcrumb":{"@id":"https:\/\/www.immobilierlocal.ch\/c\/evolution-des-prix-de-limmobilier-a-courtelary-en-2024\/#breadcrumb"},"inLanguage":"fr-FR","potentialAction":[{"@type":"ReadAction","target":["https:\/\/www.immobilierlocal.ch\/c\/evolution-des-prix-de-limmobilier-a-courtelary-en-2024\/"]}]},{"@type":"ImageObject","inLanguage":"fr-FR","@id":"https:\/\/www.immobilierlocal.ch\/c\/evolution-des-prix-de-limmobilier-a-courtelary-en-2024\/#primaryimage","url":"https:\/\/www.immobilierlocal.ch\/c\/wp-content\/uploads\/2024\/07\/evolution-des-prix-de-limmobilier-a-courtelary-scaled.jpg","contentUrl":"https:\/\/www.immobilierlocal.ch\/c\/wp-content\/uploads\/2024\/07\/evolution-des-prix-de-limmobilier-a-courtelary-scaled.jpg","width":2048,"height":654,"caption":"Aerial view of Ouchy waterfront in Lausanne, Switzerland"},{"@type":"BreadcrumbList","@id":"https:\/\/www.immobilierlocal.ch\/c\/evolution-des-prix-de-limmobilier-a-courtelary-en-2024\/#breadcrumb","itemListElement":[{"@type":"ListItem","position":1,"name":"Accueil","item":"https:\/\/www.immobilierlocal.ch\/c\/"},{"@type":"ListItem","position":2,"name":"\u00c9volution des prix de l\u2019immobilier \u00e0 Courtelary en 2025"}]},{"@type":"WebSite","@id":"https:\/\/www.immobilierlocal.ch\/c\/#website","url":"https:\/\/www.immobilierlocal.ch\/c\/","name":"Immobilierlocal","description":"","publisher":{"@id":"https:\/\/www.immobilierlocal.ch\/c\/#organization"},"potentialAction":[{"@type":"SearchAction","target":{"@type":"EntryPoint","urlTemplate":"https:\/\/www.immobilierlocal.ch\/c\/?s={search_term_string}"},"query-input":{"@type":"PropertyValueSpecification","valueRequired":true,"valueName":"search_term_string"}}],"inLanguage":"fr-FR"},{"@type":"Organization","@id":"https:\/\/www.immobilierlocal.ch\/c\/#organization","name":"Immobilierlocal","url":"https:\/\/www.immobilierlocal.ch\/c\/","logo":{"@type":"ImageObject","inLanguage":"fr-FR","@id":"https:\/\/www.immobilierlocal.ch\/c\/#\/schema\/logo\/image\/","url":"https:\/\/www.immobilierlocal.ch\/c\/wp-content\/uploads\/2023\/10\/logo-immobilierlocal-h.svg","contentUrl":"https:\/\/www.immobilierlocal.ch\/c\/wp-content\/uploads\/2023\/10\/logo-immobilierlocal-h.svg","caption":"Immobilierlocal"},"image":{"@id":"https:\/\/www.immobilierlocal.ch\/c\/#\/schema\/logo\/image\/"}}]}},"_links":{"self":[{"href":"https:\/\/www.immobilierlocal.ch\/c\/wp-json\/wp\/v2\/pages\/2466","targetHints":{"allow":["GET"]}}],"collection":[{"href":"https:\/\/www.immobilierlocal.ch\/c\/wp-json\/wp\/v2\/pages"}],"about":[{"href":"https:\/\/www.immobilierlocal.ch\/c\/wp-json\/wp\/v2\/types\/page"}],"author":[{"embeddable":true,"href":"https:\/\/www.immobilierlocal.ch\/c\/wp-json\/wp\/v2\/users\/3"}],"replies":[{"embeddable":true,"href":"https:\/\/www.immobilierlocal.ch\/c\/wp-json\/wp\/v2\/comments?post=2466"}],"version-history":[{"count":0,"href":"https:\/\/www.immobilierlocal.ch\/c\/wp-json\/wp\/v2\/pages\/2466\/revisions"}],"wp:featuredmedia":[{"embeddable":true,"href":"https:\/\/www.immobilierlocal.ch\/c\/wp-json\/wp\/v2\/media\/2468"}],"wp:attachment":[{"href":"https:\/\/www.immobilierlocal.ch\/c\/wp-json\/wp\/v2\/media?parent=2466"}],"wp:term":[{"taxonomy":"category","embeddable":true,"href":"https:\/\/www.immobilierlocal.ch\/c\/wp-json\/wp\/v2\/categories?post=2466"},{"taxonomy":"profession","embeddable":true,"href":"https:\/\/www.immobilierlocal.ch\/c\/wp-json\/wp\/v2\/profession?post=2466"},{"taxonomy":"location","embeddable":true,"href":"https:\/\/www.immobilierlocal.ch\/c\/wp-json\/wp\/v2\/location?post=2466"},{"taxonomy":"canton","embeddable":true,"href":"https:\/\/www.immobilierlocal.ch\/c\/wp-json\/wp\/v2\/canton?post=2466"}],"curies":[{"name":"wp","href":"https:\/\/api.w.org\/{rel}","templated":true}]}}