
{"id":237,"date":"2023-10-19T10:33:51","date_gmt":"2023-10-19T08:33:51","guid":{"rendered":"https:\/\/immobilierlocal.ch\/c\/237-2\/"},"modified":"2024-08-05T20:28:23","modified_gmt":"2024-08-05T18:28:23","slug":"estimation-immobiliere-a-montreux","status":"publish","type":"page","link":"https:\/\/www.immobilierlocal.ch\/c\/estimation-immobiliere-canton-vaud\/estimation-immobiliere-a-montreux\/","title":{"rendered":"Estimation immobili\u00e8re \u00e0 Montreux"},"content":{"rendered":"<p>Utilisez Immobilierlocal pour b\u00e9n\u00e9ficier d&rsquo;une estimation simple et pr\u00e9cise de la valeur immobili\u00e8re de votre bien \u00e0 Montreux. En cas de besoin, un sp\u00e9cialiste se rendra chez vous pour effectuer une estimation plus pr\u00e9cise de votre propri\u00e9t\u00e9. Mettre en vente son bien avec Immobilierlocal, c&rsquo;est la garantie de vendre son bien au meilleur prix et en toute simplicit\u00e9.<\/p>\n\n<h2>Derni\u00e8res estimations \u00e0 Montreux par secteur<\/h2>\n<div class=\"estimates-lastest\"><ul><li>Pour un appartement 4.5 pi\u00e8ces \u00e0 Montreux, surface pond\u00e9r\u00e9e (m\u00b2) : 100, orientation Sud-Est\/Ouest, avec balcon, transports fr\u00e9quence r\u00e9guli\u00e8re, avec parking, commodit\u00e9s et \u00e9coles nombreuses, situation ordinaire, CHF 13'135 \/ m\u00b2<\/li><li>Pour un appartement 4.5 pi\u00e8ces \u00e0 Montreux, surface pond\u00e9r\u00e9e (m\u00b2) : 95, orientation Ouest, avec balcon, transports fr\u00e9quence r\u00e9guli\u00e8re, sans parking, commodit\u00e9s et \u00e9coles nombreuses, situation ordinaire, CHF 11'252 \/ m\u00b2<\/li><li>Pour un appartement 5.5 pi\u00e8ces \u00e0 Montreux, surface pond\u00e9r\u00e9e (m\u00b2) : 95, orientation Ouest, avec balcon, transports fr\u00e9quence soutenue, avec parking, commodit\u00e9s et \u00e9coles nombreuses, situation ordinaire, CHF 13'158 \/ m\u00b2<\/li><\/ul><\/div>\n<h2>Evaluation de la valeur des maisons \u00e0 Montreux selon le nombre de pi\u00e8ces<\/h2>\n<div class=\"estimates-room\"><ul><li>Pour une maison 5.5 pi\u00e8ces \u00e0 Montreux, volume (m\u00b3) : 945 et terrain (m\u00b2) : 1100, transports fr\u00e9quence r\u00e9guli\u00e8re, commodit\u00e9s et \u00e9coles nombreuses, situation ordinaire, CHF 12'372 \/ m\u00b2<\/li><li>Pour une maison 4.5 pi\u00e8ces \u00e0 Montreux, volume (m\u00b3) : 832.5 et terrain (m\u00b2) : 500, transports fr\u00e9quence soutenue, commodit\u00e9s et \u00e9coles nombreuses, situation ordinaire, CHF 10'647 \/ m\u00b2<\/li><li>Pour une maison 6.5 pi\u00e8ces \u00e0 Montreux, volume (m\u00b3) : 1057.5 et terrain (m\u00b2) : 800, transports fr\u00e9quence r\u00e9guli\u00e8re, commodit\u00e9s et \u00e9coles nombreuses, situation ordinaire, CHF 9'682 \/ m\u00b2<\/li><\/ul><\/div><div class=\"iframe-text\">Estimer maintenant votre bien immobilier<\/div><iframe id=\"estimer\" src=\"https:\/\/www.immobilierlocal.ch\/estimer?iframe=1\" frameborder=\"0\" loading=\"lazy\" width=\"100%\" height=\"1000\" style=\"overflow-x:hidden;\" referrerpolicy=\"no-referrer-when-downgrade\" title=\"Estimation immobili\u00e8re\"><\/iframe>\n<h2>Comment faire estimer la valeur d&rsquo;un bien immobilier \u00e0 Montreux ?<\/h2>\n<h3>1. Estimation offerte de votre maison \u00e0 Montreux en ligne avec notre soci\u00e9t\u00e9 Immobilierlocal<\/h3>\n<p>Obtenez la valeur immobili\u00e8re de votre maison en seulement 3 minutes avec notre logiciel d&rsquo;estimation en ligne gratuit.<\/p>\n<p>Vous devez nous procurer votre adresse et les \u00e9l\u00e9ments de votre propri\u00e9t\u00e9, comme :<\/p>\n<ul>\n<li>L&rsquo;environnement de la maison (acc\u00e8s aux transports, vis \u00e0 vis, pr\u00e9sence des commerces&#8230;).<\/li>\n<li>L\u2019orientation.<\/li>\n<li>Le nombre de pi\u00e8ces.<\/li>\n<li>La surface habitable.<\/li>\n<li>Les dimensions du terrain.<\/li>\n<li>L\u2019ann\u00e9e de construction.<\/li>\n<li>L\u2019\u00e9tat g\u00e9n\u00e9ral de votre bien.<\/li>\n<li>Les travaux effectu\u00e9s dans votre maison et leur ann\u00e9e.<\/li>\n<\/ul>\n<h3>2. Estimation offerte de votre appartement \u00e0 Montreux sur internet avec Immobilierlocal<\/h3>\n<p>B\u00e9n\u00e9ficiez d&rsquo;une \u00e9valuation pr\u00e9cise de votre appartement \u00e0 Montreux en quelques clics.<\/p>\n<p>Afin d&rsquo;obtenir une \u00e9valuation pr\u00e9cise, vous devez fournir les caract\u00e9ristiques de votre logement, apr\u00e8s avoir ins\u00e9r\u00e9 votre adresse, comme :<\/p>\n<ul>\n<li>L&rsquo;environnement de votre appartement.<\/li>\n<li>L\u2019orientation.<\/li>\n<li>Le nombre de pi\u00e8ces.<\/li>\n<li>Les surfaces (habitable, balcon et cave).<\/li>\n<li>Parking int\u00e9rieur et\/ou ext\u00e9rieur.<\/li>\n<li>Date de construction.<\/li>\n<li>L\u2019\u00e9tat g\u00e9n\u00e9ral.<\/li>\n<li>Les diff\u00e9rentes r\u00e9novations effectu\u00e9es.<\/li>\n<li>Le montant du \u00abfonds de r\u00e9novation PPE\u00bb.<\/li>\n<\/ul>\n<h3>3. R\u00e9aliser une \u00e9valuation immobili\u00e8re de sa demeure par un expert \u00e0 Montreux<\/h3>\n<p>Nos experts situ\u00e9s \u00e0 Montreux se rendent chez vous pour accomplir une appr\u00e9ciation de votre maison ou de votre appartement. En \u00e9tudiant certains documents tels que le registre foncier, les plans d&rsquo;architecte et le plan cadastral, ils vous apportent un rapport d&rsquo;estimation complet.<\/p>\n<p>Pour effectuer notre \u00e9valuation, nous consid\u00e9rons \u00e9galement l&rsquo;\u00e9tat du march\u00e9 immobilier actuel \u00e0 Montreux. Nous serons \u00e0 vos c\u00f4t\u00e9s afin de vous fournir quelques conseils afin de valoriser au mieux votre bien \u00e0 Montreux.<\/p>\n<p>Recevez d\u00e8s maintenant une \u00e9valuation pr\u00e9cise et sans engagement de votre bien avec Immobilierlocal.<\/p>\n<h3>4. Est-il int\u00e9ressant d\u2019analyser les biens similaires en vente \u00e0 Montreux ?<\/h3>\n<p>Il est toujours int\u00e9ressant de regarder les autres biens en vente \u00e0 Montreux. Cela permet d&rsquo;avoir une id\u00e9e de combien pourrait vous rapporter votre propri\u00e9t\u00e9. Il faudra bien s\u00fbr prendre en compte les particularit\u00e9s de votre bien pour une estimation plus pr\u00e9cise (travaux, localisation&#8230;).<\/p>\n<h2>Comment vendre son bien immobilier au meilleur prix \u00e0 Montreux ?<\/h2>\n<p>Avec Immobilierlocal, vous d\u00e9l\u00e9guez la vente de votre propri\u00e9t\u00e9 \u00e0 une \u00e9quipe de sp\u00e9cialistes ! Vous avez la garantie d&rsquo;une vente rapide au meilleur prix.<\/p>\n<h3>1. Pourquoi faire confiance \u00e0 un expert comme Immobilierlocal ?<\/h3>\n<p>Immobilierlocal vous met en contact avec un agent immobilier situ\u00e9 dans la ville de Montreux.<\/p>\n<h3>2. Obtenez une \u00e9valuation pr\u00e9cise et qui prend en compte la situation immobili\u00e8re actuelle<\/h3>\n<p>Immobilierlocal et ses collaborateurs examinent le march\u00e9 actuel en tenant compte des annonces et des biens r\u00e9cemment vendus, afin de vous soumettre le prix de vente le plus \u00e9lev\u00e9 possible tout en restant concurrentiels.<\/p>\n<h3>3. Sublimer votre propri\u00e9t\u00e9 avec Immobilierlocal<\/h3>\n<p>Afin de faire valoir votre propri\u00e9t\u00e9, nous organisons des shooting photo avec des professionnels de votre appartement ou de votre maison \u00e0 Montreux.<\/p>\n<h3>4. Augmenter la visibilit\u00e9 de votre maison ou appartement et le nombre de potentiels acqu\u00e9reurs sur internet<\/h3>\n<p>Afin qu&rsquo;un maximum de personnes puisse voir votre bien, nous mettons en ligne votre annonce sur l&rsquo;ensemble de nos sites internet et ceux de nos partenaires.<\/p>\n<h3>5. S\u00e9lectionnez la meilleure offre<\/h3>\n<p>Nous trions l&rsquo;ensemble des offres que nous recevons afin de vous pr\u00e9senter seulement celles qui pourraient vous int\u00e9resser.<\/p>\n<h3>6. N\u00e9gociez le meilleur prix<\/h3>\n<p>Afin d&rsquo;\u00eatre en position de force au moment de n\u00e9gocier le prix avec un possible acheteur, notre agent aura besoin de mettre en valeur les atouts de votre bien. Pour cela, il doit conna\u00eetre les informations suivantes :<\/p>\n<ul>\n<li>Les factures de r\u00e9novations,<\/li>\n<li>les plans architecturaux,<\/li>\n<li>les avantages environnementaux,<\/li>\n<li>Le d\u00e9veloppement \u00e9conomique r\u00e9gional.<\/li>\n<\/ul>\n<h2>Quelles sont les tendances du march\u00e9 immobilier \u00e0 Montreux ?<\/h2>\n<h3>\u00c9valuation du prix de vente des maisons \u00e0 Montreux<\/h3>\n<p class=\"estimates-house-range\">Les prix des maisons \u00e0 Montreux varient de CHF 1'969'725 \u00e0 CHF 2'598'045 en moyenne.<\/p>\n<h3>\u00c9valuation de la valeur des appartements \u00e0 Montreux<\/h3>\n<p class=\"estimates-house-range\">Les prix des appartements \u00e0 Montreux varient de CHF 1'122'988 \u00e0 CHF 1'379'166 en moyenne.<\/p>\n<h3>\u00c9valuation de la valeur des terrains \u00e0 Montreux<\/h3>\n<p class=\"estimates-land\">Les prix moyens des terrains \u00e0 Montreux sont de CHF 1'733 \/ m\u00b2 (prix par m\u00e8tre carr\u00e9).<\/p>\n<h2>Questions fr\u00e9quentes sur l&rsquo;\u00e9valuation immobili\u00e8re<\/h2>\n<h3>Quel est le tarif d&rsquo;une \u00e9valuation immobili\u00e8re \u00e0 Montreux ?<\/h3>\n<p>Le tarif d&rsquo;une \u00e9valuation immobili\u00e8re \u00e0 Montreux varie selon la nature du bien. Que vous vendiez un logement de luxe ou une maison plus classique, les co\u00fbts peuvent aller de CHF 150 \u00e0 CHF 1&rsquo;500.<\/p>\n<p>N\u00e9anmoins, gr\u00e2ce \u00e0 notre simulateur d&rsquo;\u00e9valuation en ligne de notre soci\u00e9t\u00e9 Immobilierlocal, vous n&rsquo;aurez rien \u00e0 payer ! Notre instrument a \u00e9t\u00e9 \u00e9labor\u00e9 durant de longues ann\u00e9es pour qu&rsquo;il soit le plus pr\u00e9cis possible. Il prend en compte la situation immobili\u00e8re actuelle et des particularit\u00e9s de votre propri\u00e9t\u00e9.<\/p>\n<h3>Qui peut \u00e9valuer une propri\u00e9taire immobili\u00e8re \u00e0 Montreux ?<\/h3>\n<p>Si vous voulez avoir une estimation plus pr\u00e9cise, il faudra contacter un expert qui se d\u00e9place \u00e0 votre domicile pour examiner votre bien. Cette personne peut \u00eatre un agent immobilier, un architecte ou vous pouvez \u00e9galement en discuter avec votre banque.<\/p>\n<h3>Comment un agent immobilier estime un bien \u00e0 Montreux ?<\/h3>\n<ol>\n<li>Pour la premi\u00e8re \u00e9tape, un agent immobilier se rend \u00e0 votre domicile afin d&rsquo;effectuer une visite approfondie du bien en vente.<\/li>\n<li>Par la suite : il examine les documents en lien avec l&rsquo;achat et l&rsquo;entretien de votre bien.<\/li>\n<li>Il effectue une analyse compl\u00e8te de la situation immobili\u00e8re en confrontant votre bien aux propri\u00e9t\u00e9s actuellement disponibles et en examinant les prix des ventes pass\u00e9es \u00e0 Montreux.<\/li>\n<li>Derni\u00e8rement, il vous donnera un examen complet ainsi qu&rsquo;une estimation pr\u00e9cise du prix de vente de votre bien immobilier.<\/li>\n<\/ol>\n<h3>Comment obtenir une estimation de propri\u00e9t\u00e9 gratuitement \u00e0 Montreux<\/h3>\n<p>B\u00e9n\u00e9ficiez d&rsquo;une estimation gratuite et pr\u00e9cise en moins de 3 minutes avec l&rsquo;outil d&rsquo;\u00e9valuation Immobilierlocal, ou faites appel \u00e0 l&rsquo;un de nos agents immobiliers pour obtenir une estimation offerte de votre bien, sans aucun engagement.<\/p>\n<h3>Quels crit\u00e8res influencent la valeur de ma propri\u00e9t\u00e9 \u00e0 Montreux ?<\/h3>\n<p>Il y a de nombreux facteurs qui font \u00e9voluer la valeur d&rsquo;une propri\u00e9t\u00e9 immobili\u00e8re \u00e0 Montreux. Voici une liste des facteurs les plus importants :<\/p>\n<ul>\n<li>Le tourisme,<\/li>\n<li>le d\u00e9veloppement \u00e9conomique du secteur,<\/li>\n<li>l\u2019offre et demande,<\/li>\n<li>les commodit\u00e9s.<\/li>\n<\/ul>\n<h3>Comment accro\u00eetre la valeur de ma maison et de mon appartement ?<\/h3>\n<p>Pour augmenter le prix de vente de votre bien, voici quelques recommandations \u00e0 ne pas n\u00e9gliger :<\/p>\n<ul>\n<li>Assurez-vous que votre bien soit impeccable.<\/li>\n<li>Rangez l&rsquo;ensemble de vos affaires de fa\u00e7on \u00e0 ce que les potentiels acheteurs se projettent facilement dans le bien.<\/li>\n<li>Assurez-vous de mettre en lumi\u00e8re les atouts de votre propri\u00e9t\u00e9.<\/li>\n<li>Si vous avez une maison, valoriser votre terrain.<\/li>\n<\/ul>\n<h3>Comment se comporter face \u00e0 un potentiel acheteur ?<\/h3>\n<ul>\n<li>Parlez-lui des diff\u00e9rents atouts de votre bien.<\/li>\n<li>R\u00e9pondez \u00e0 ses interrogations clairement et honn\u00eatement.<\/li>\n<li>Soyez \u00e0 l&rsquo;\u00e9coute de l&rsquo;acqu\u00e9reur et ne cherchez pas \u00e0 le contredire.<\/li>\n<\/ul>\n<h3>Quels sont les documents \u00e0 avoir afin d&rsquo;\u00e9valuer mon bien immobilier ?<\/h3>\n<ul>\n<li>Police assurance incendie compl\u00e8te<\/li>\n<li>Plan de niveau (si disponible)<\/li>\n<li>Travaux, factures (si disponible)<\/li>\n<li>Registre foncier (si disponible)<\/li>\n<li>Cadastre (si disponible)<\/li>\n<li>Descriptif de construction (si disponible)<\/li>\n<li>\u00c9ventuellement : plan d\u2019affectation et le r\u00e8glement de construction<\/li>\n<\/ul>\n<p>Pour les objets en PPE :<\/p>\n<ul>\n<li>Police assurance incendie compl\u00e8te de l\u2019immeuble (\u00e0 demander \u00e0 l\u2019administrateur)<\/li>\n<li>R\u00e8glement PPE<\/li>\n<li>Comptes PPE (3 derni\u00e8res ann\u00e9es)<\/li>\n<\/ul>\n<p>Estimation similaire dans les villes proches, comme : <br \/> Puidoux, Chexbres, Rivaz, St-Saphorin (Lavaux), Aran, Chenaux, Grandvaux, Cully, Villette (Lavaux), Riex, Epesses, Vevey, Le Mont-P\u00e8lerin, Corseaux, Chardonne, Corsier-sur-Vevey, Jongny, St-L\u00e9gier-La Chi\u00e9saz, Blonay, Les Monts-de-Corsier, Fenil-sur-Corsier, La Tour-de-Peilz, Clarens, Chailly-Montreux, Brent, Territet, Veytaux, Chernex, Glion, Caux, Chamby, Villard-sur-Chamby, Les Avants.<\/p>\n","protected":false},"excerpt":{"rendered":"<p>Utilisez Immobilierlocal pour b\u00e9n\u00e9ficier d&rsquo;une estimation simple et pr\u00e9cise de la valeur immobili\u00e8re de votre bien \u00e0 Montreux. En cas de besoin, un sp\u00e9cialiste se rendra chez vous pour effectuer une estimation plus pr\u00e9cise de votre propri\u00e9t\u00e9. Mettre en vente son bien avec Immobilierlocal, c&rsquo;est la garantie de vendre son bien au meilleur prix et [&hellip;]<\/p>\n","protected":false},"author":3,"featured_media":370,"parent":149,"menu_order":0,"comment_status":"closed","ping_status":"closed","template":"","meta":{"footnotes":""},"categories":[6],"profession":[],"location":[26],"canton":[],"class_list":["post-237","page","type-page","status-publish","has-post-thumbnail","hentry","category-estimation"],"yoast_head":"<!-- This site is optimized with the Yoast SEO Premium plugin v23.0 (Yoast SEO v27.4) - https:\/\/yoast.com\/product\/yoast-seo-premium-wordpress\/ -->\n<title>Estimation immobili\u00e8re \u00e0 Montreux avril 2026 gratuite &amp; rapide - Immobilierlocal<\/title>\n<meta name=\"description\" content=\"D\u00e9couvrez le Prix moyen au m\u00b2 \u00e0 Montreux en avril 2026 \u2705 Estimation gratuite de votre bien \u2705 Derni\u00e8res \u00e9volutions du march\u00e9.\" \/>\n<meta name=\"robots\" content=\"index, follow, max-snippet:-1, max-image-preview:large, max-video-preview:-1\" \/>\n<link rel=\"canonical\" href=\"https:\/\/www.immobilierlocal.ch\/c\/estimation-immobiliere-canton-vaud\/estimation-immobiliere-a-montreux\/\" \/>\n<meta property=\"og:locale\" content=\"fr_FR\" \/>\n<meta property=\"og:type\" content=\"article\" \/>\n<meta property=\"og:title\" content=\"Estimation immobili\u00e8re \u00e0 Montreux avril 2026 gratuite &amp; rapide\" \/>\n<meta property=\"og:description\" content=\"D\u00e9couvrez le Prix moyen au m\u00b2 \u00e0 Montreux en avril 2026 \u2705 Estimation gratuite de votre bien \u2705 Derni\u00e8res \u00e9volutions du march\u00e9.\" \/>\n<meta property=\"og:url\" content=\"https:\/\/www.immobilierlocal.ch\/c\/estimation-immobiliere-canton-vaud\/estimation-immobiliere-a-montreux\/\" \/>\n<meta property=\"og:site_name\" content=\"Immobilierlocal\" \/>\n<meta property=\"article:modified_time\" content=\"2024-08-05T18:28:23+00:00\" \/>\n<meta property=\"og:image\" content=\"https:\/\/www.immobilierlocal.ch\/c\/wp-content\/uploads\/2023\/10\/estimation-immobiliere-a-montreux-scaled.jpg\" \/>\n\t<meta property=\"og:image:width\" content=\"2560\" \/>\n\t<meta property=\"og:image:height\" content=\"817\" \/>\n\t<meta property=\"og:image:type\" content=\"image\/jpeg\" \/>\n<meta name=\"twitter:card\" content=\"summary_large_image\" \/>\n<meta name=\"twitter:label1\" content=\"Dur\u00e9e de lecture estim\u00e9e\" \/>\n\t<meta name=\"twitter:data1\" content=\"7 minutes\" \/>\n<script type=\"application\/ld+json\" class=\"yoast-schema-graph\">{\"@context\":\"https:\\\/\\\/schema.org\",\"@graph\":[{\"@type\":\"WebPage\",\"@id\":\"https:\\\/\\\/www.immobilierlocal.ch\\\/c\\\/estimation-immobiliere-canton-vaud\\\/estimation-immobiliere-a-montreux\\\/\",\"url\":\"https:\\\/\\\/www.immobilierlocal.ch\\\/c\\\/estimation-immobiliere-canton-vaud\\\/estimation-immobiliere-a-montreux\\\/\",\"name\":\"Estimation immobili\u00e8re \u00e0 Montreux - Immobilierlocal\",\"isPartOf\":{\"@id\":\"https:\\\/\\\/www.immobilierlocal.ch\\\/c\\\/#website\"},\"primaryImageOfPage\":{\"@id\":\"https:\\\/\\\/www.immobilierlocal.ch\\\/c\\\/estimation-immobiliere-canton-vaud\\\/estimation-immobiliere-a-montreux\\\/#primaryimage\"},\"image\":{\"@id\":\"https:\\\/\\\/www.immobilierlocal.ch\\\/c\\\/estimation-immobiliere-canton-vaud\\\/estimation-immobiliere-a-montreux\\\/#primaryimage\"},\"thumbnailUrl\":\"https:\\\/\\\/www.immobilierlocal.ch\\\/c\\\/wp-content\\\/uploads\\\/2023\\\/10\\\/estimation-immobiliere-a-montreux-scaled.jpg\",\"datePublished\":\"2023-10-19T08:33:51+00:00\",\"dateModified\":\"2024-08-05T18:28:23+00:00\",\"breadcrumb\":{\"@id\":\"https:\\\/\\\/www.immobilierlocal.ch\\\/c\\\/estimation-immobiliere-canton-vaud\\\/estimation-immobiliere-a-montreux\\\/#breadcrumb\"},\"inLanguage\":\"fr-FR\",\"potentialAction\":[{\"@type\":\"ReadAction\",\"target\":[\"https:\\\/\\\/www.immobilierlocal.ch\\\/c\\\/estimation-immobiliere-canton-vaud\\\/estimation-immobiliere-a-montreux\\\/\"]}]},{\"@type\":\"ImageObject\",\"inLanguage\":\"fr-FR\",\"@id\":\"https:\\\/\\\/www.immobilierlocal.ch\\\/c\\\/estimation-immobiliere-canton-vaud\\\/estimation-immobiliere-a-montreux\\\/#primaryimage\",\"url\":\"https:\\\/\\\/www.immobilierlocal.ch\\\/c\\\/wp-content\\\/uploads\\\/2023\\\/10\\\/estimation-immobiliere-a-montreux-scaled.jpg\",\"contentUrl\":\"https:\\\/\\\/www.immobilierlocal.ch\\\/c\\\/wp-content\\\/uploads\\\/2023\\\/10\\\/estimation-immobiliere-a-montreux-scaled.jpg\",\"width\":2560,\"height\":817,\"caption\":\"Estimation immobili\u00e8re \u00e0 Montreux\"},{\"@type\":\"BreadcrumbList\",\"@id\":\"https:\\\/\\\/www.immobilierlocal.ch\\\/c\\\/estimation-immobiliere-canton-vaud\\\/estimation-immobiliere-a-montreux\\\/#breadcrumb\",\"itemListElement\":[{\"@type\":\"ListItem\",\"position\":1,\"name\":\"Accueil\",\"item\":\"https:\\\/\\\/www.immobilierlocal.ch\\\/c\\\/\"},{\"@type\":\"ListItem\",\"position\":2,\"name\":\"Estimation immobili\u00e8re dans le canton de Vaud\",\"item\":\"https:\\\/\\\/www.immobilierlocal.ch\\\/c\\\/estimation-immobiliere-canton-vaud\\\/\"},{\"@type\":\"ListItem\",\"position\":3,\"name\":\"Estimation immobili\u00e8re \u00e0 Montreux\"}]},{\"@type\":\"WebSite\",\"@id\":\"https:\\\/\\\/www.immobilierlocal.ch\\\/c\\\/#website\",\"url\":\"https:\\\/\\\/www.immobilierlocal.ch\\\/c\\\/\",\"name\":\"Immobilierlocal\",\"description\":\"\",\"publisher\":{\"@id\":\"https:\\\/\\\/www.immobilierlocal.ch\\\/c\\\/#organization\"},\"potentialAction\":[{\"@type\":\"SearchAction\",\"target\":{\"@type\":\"EntryPoint\",\"urlTemplate\":\"https:\\\/\\\/www.immobilierlocal.ch\\\/c\\\/?s={search_term_string}\"},\"query-input\":{\"@type\":\"PropertyValueSpecification\",\"valueRequired\":true,\"valueName\":\"search_term_string\"}}],\"inLanguage\":\"fr-FR\"},{\"@type\":\"Organization\",\"@id\":\"https:\\\/\\\/www.immobilierlocal.ch\\\/c\\\/#organization\",\"name\":\"Immobilierlocal\",\"url\":\"https:\\\/\\\/www.immobilierlocal.ch\\\/c\\\/\",\"logo\":{\"@type\":\"ImageObject\",\"inLanguage\":\"fr-FR\",\"@id\":\"https:\\\/\\\/www.immobilierlocal.ch\\\/c\\\/#\\\/schema\\\/logo\\\/image\\\/\",\"url\":\"https:\\\/\\\/www.immobilierlocal.ch\\\/c\\\/wp-content\\\/uploads\\\/2023\\\/10\\\/logo-immobilierlocal-h.svg\",\"contentUrl\":\"https:\\\/\\\/www.immobilierlocal.ch\\\/c\\\/wp-content\\\/uploads\\\/2023\\\/10\\\/logo-immobilierlocal-h.svg\",\"caption\":\"Immobilierlocal\"},\"image\":{\"@id\":\"https:\\\/\\\/www.immobilierlocal.ch\\\/c\\\/#\\\/schema\\\/logo\\\/image\\\/\"}}]}<\/script>\n<!-- \/ Yoast SEO Premium plugin. -->","yoast_head_json":{"title":"Estimation immobili\u00e8re \u00e0 Montreux avril 2026 gratuite & rapide - Immobilierlocal","description":"D\u00e9couvrez le Prix moyen au m\u00b2 \u00e0 Montreux en avril 2026 \u2705 Estimation gratuite de votre bien \u2705 Derni\u00e8res \u00e9volutions du march\u00e9.","robots":{"index":"index","follow":"follow","max-snippet":"max-snippet:-1","max-image-preview":"max-image-preview:large","max-video-preview":"max-video-preview:-1"},"canonical":"https:\/\/www.immobilierlocal.ch\/c\/estimation-immobiliere-canton-vaud\/estimation-immobiliere-a-montreux\/","og_locale":"fr_FR","og_type":"article","og_title":"Estimation immobili\u00e8re \u00e0 Montreux avril 2026 gratuite & rapide","og_description":"D\u00e9couvrez le Prix moyen au m\u00b2 \u00e0 Montreux en avril 2026 \u2705 Estimation gratuite de votre bien \u2705 Derni\u00e8res \u00e9volutions du march\u00e9.","og_url":"https:\/\/www.immobilierlocal.ch\/c\/estimation-immobiliere-canton-vaud\/estimation-immobiliere-a-montreux\/","og_site_name":"Immobilierlocal","article_modified_time":"2024-08-05T18:28:23+00:00","og_image":[{"width":2560,"height":817,"url":"https:\/\/www.immobilierlocal.ch\/c\/wp-content\/uploads\/2023\/10\/estimation-immobiliere-a-montreux-scaled.jpg","type":"image\/jpeg"}],"twitter_card":"summary_large_image","twitter_misc":{"Dur\u00e9e de lecture estim\u00e9e":"7 minutes"},"schema":{"@context":"https:\/\/schema.org","@graph":[{"@type":"WebPage","@id":"https:\/\/www.immobilierlocal.ch\/c\/estimation-immobiliere-canton-vaud\/estimation-immobiliere-a-montreux\/","url":"https:\/\/www.immobilierlocal.ch\/c\/estimation-immobiliere-canton-vaud\/estimation-immobiliere-a-montreux\/","name":"Estimation immobili\u00e8re \u00e0 Montreux - Immobilierlocal","isPartOf":{"@id":"https:\/\/www.immobilierlocal.ch\/c\/#website"},"primaryImageOfPage":{"@id":"https:\/\/www.immobilierlocal.ch\/c\/estimation-immobiliere-canton-vaud\/estimation-immobiliere-a-montreux\/#primaryimage"},"image":{"@id":"https:\/\/www.immobilierlocal.ch\/c\/estimation-immobiliere-canton-vaud\/estimation-immobiliere-a-montreux\/#primaryimage"},"thumbnailUrl":"https:\/\/www.immobilierlocal.ch\/c\/wp-content\/uploads\/2023\/10\/estimation-immobiliere-a-montreux-scaled.jpg","datePublished":"2023-10-19T08:33:51+00:00","dateModified":"2024-08-05T18:28:23+00:00","breadcrumb":{"@id":"https:\/\/www.immobilierlocal.ch\/c\/estimation-immobiliere-canton-vaud\/estimation-immobiliere-a-montreux\/#breadcrumb"},"inLanguage":"fr-FR","potentialAction":[{"@type":"ReadAction","target":["https:\/\/www.immobilierlocal.ch\/c\/estimation-immobiliere-canton-vaud\/estimation-immobiliere-a-montreux\/"]}]},{"@type":"ImageObject","inLanguage":"fr-FR","@id":"https:\/\/www.immobilierlocal.ch\/c\/estimation-immobiliere-canton-vaud\/estimation-immobiliere-a-montreux\/#primaryimage","url":"https:\/\/www.immobilierlocal.ch\/c\/wp-content\/uploads\/2023\/10\/estimation-immobiliere-a-montreux-scaled.jpg","contentUrl":"https:\/\/www.immobilierlocal.ch\/c\/wp-content\/uploads\/2023\/10\/estimation-immobiliere-a-montreux-scaled.jpg","width":2560,"height":817,"caption":"Estimation immobili\u00e8re \u00e0 Montreux"},{"@type":"BreadcrumbList","@id":"https:\/\/www.immobilierlocal.ch\/c\/estimation-immobiliere-canton-vaud\/estimation-immobiliere-a-montreux\/#breadcrumb","itemListElement":[{"@type":"ListItem","position":1,"name":"Accueil","item":"https:\/\/www.immobilierlocal.ch\/c\/"},{"@type":"ListItem","position":2,"name":"Estimation immobili\u00e8re dans le canton de Vaud","item":"https:\/\/www.immobilierlocal.ch\/c\/estimation-immobiliere-canton-vaud\/"},{"@type":"ListItem","position":3,"name":"Estimation immobili\u00e8re \u00e0 Montreux"}]},{"@type":"WebSite","@id":"https:\/\/www.immobilierlocal.ch\/c\/#website","url":"https:\/\/www.immobilierlocal.ch\/c\/","name":"Immobilierlocal","description":"","publisher":{"@id":"https:\/\/www.immobilierlocal.ch\/c\/#organization"},"potentialAction":[{"@type":"SearchAction","target":{"@type":"EntryPoint","urlTemplate":"https:\/\/www.immobilierlocal.ch\/c\/?s={search_term_string}"},"query-input":{"@type":"PropertyValueSpecification","valueRequired":true,"valueName":"search_term_string"}}],"inLanguage":"fr-FR"},{"@type":"Organization","@id":"https:\/\/www.immobilierlocal.ch\/c\/#organization","name":"Immobilierlocal","url":"https:\/\/www.immobilierlocal.ch\/c\/","logo":{"@type":"ImageObject","inLanguage":"fr-FR","@id":"https:\/\/www.immobilierlocal.ch\/c\/#\/schema\/logo\/image\/","url":"https:\/\/www.immobilierlocal.ch\/c\/wp-content\/uploads\/2023\/10\/logo-immobilierlocal-h.svg","contentUrl":"https:\/\/www.immobilierlocal.ch\/c\/wp-content\/uploads\/2023\/10\/logo-immobilierlocal-h.svg","caption":"Immobilierlocal"},"image":{"@id":"https:\/\/www.immobilierlocal.ch\/c\/#\/schema\/logo\/image\/"}}]}},"_links":{"self":[{"href":"https:\/\/www.immobilierlocal.ch\/c\/wp-json\/wp\/v2\/pages\/237","targetHints":{"allow":["GET"]}}],"collection":[{"href":"https:\/\/www.immobilierlocal.ch\/c\/wp-json\/wp\/v2\/pages"}],"about":[{"href":"https:\/\/www.immobilierlocal.ch\/c\/wp-json\/wp\/v2\/types\/page"}],"author":[{"embeddable":true,"href":"https:\/\/www.immobilierlocal.ch\/c\/wp-json\/wp\/v2\/users\/3"}],"replies":[{"embeddable":true,"href":"https:\/\/www.immobilierlocal.ch\/c\/wp-json\/wp\/v2\/comments?post=237"}],"version-history":[{"count":0,"href":"https:\/\/www.immobilierlocal.ch\/c\/wp-json\/wp\/v2\/pages\/237\/revisions"}],"up":[{"embeddable":true,"href":"https:\/\/www.immobilierlocal.ch\/c\/wp-json\/wp\/v2\/pages\/149"}],"wp:featuredmedia":[{"embeddable":true,"href":"https:\/\/www.immobilierlocal.ch\/c\/wp-json\/wp\/v2\/media\/370"}],"wp:attachment":[{"href":"https:\/\/www.immobilierlocal.ch\/c\/wp-json\/wp\/v2\/media?parent=237"}],"wp:term":[{"taxonomy":"category","embeddable":true,"href":"https:\/\/www.immobilierlocal.ch\/c\/wp-json\/wp\/v2\/categories?post=237"},{"taxonomy":"profession","embeddable":true,"href":"https:\/\/www.immobilierlocal.ch\/c\/wp-json\/wp\/v2\/profession?post=237"},{"taxonomy":"location","embeddable":true,"href":"https:\/\/www.immobilierlocal.ch\/c\/wp-json\/wp\/v2\/location?post=237"},{"taxonomy":"canton","embeddable":true,"href":"https:\/\/www.immobilierlocal.ch\/c\/wp-json\/wp\/v2\/canton?post=237"}],"curies":[{"name":"wp","href":"https:\/\/api.w.org\/{rel}","templated":true}]}}