
{"id":236,"date":"2023-10-19T10:33:51","date_gmt":"2023-10-19T08:33:51","guid":{"rendered":"https:\/\/immobilierlocal.ch\/c\/236-2\/"},"modified":"2024-08-05T20:28:21","modified_gmt":"2024-08-05T18:28:21","slug":"estimation-immobiliere-a-mezieres","status":"publish","type":"page","link":"https:\/\/www.immobilierlocal.ch\/c\/estimation-immobiliere-canton-vaud\/estimation-immobiliere-a-mezieres\/","title":{"rendered":"Estimation immobili\u00e8re \u00e0 M\u00e9zi\u00e8res VD"},"content":{"rendered":"<p>Utilisez Immobilierlocal pour avoir une \u00e9valuation simple et pr\u00e9cise de la valeur de votre propri\u00e9t\u00e9 \u00e0 M\u00e9zi\u00e8res VD. Nous avons \u00e9galement \u00e0 disposition des agents immobiliers qui se rendent chez vous afin de vous donner une estimation plus d\u00e9taill\u00e9e de votre bien. Mettre en vente son bien avec Immobilierlocal, c&rsquo;est l&rsquo;assurance de vendre son bien \u00e0 un tr\u00e8s bon prix et en toute simplicit\u00e9.<\/p>\n\n<h2>Derni\u00e8res estimations \u00e0 M\u00e9zi\u00e8res VD par secteur<\/h2>\n<div class=\"estimates-lastest\"><ul><li>Pour un appartement 4.5 pi\u00e8ces \u00e0 M\u00e9zi\u00e8res VD, surface pond\u00e9r\u00e9e (m\u00b2) : 100, orientation Sud-Est\/Ouest, avec balcon, transports fr\u00e9quence limit\u00e9e, avec parking, commodit\u00e9s et \u00e9coles limit\u00e9es, situation ordinaire, CHF 7'225 \/ m\u00b2<\/li><li>Pour un appartement 5 pi\u00e8ces \u00e0 M\u00e9zi\u00e8res VD, surface pond\u00e9r\u00e9e (m\u00b2) : 95, orientation Ouest, avec balcon, transports fr\u00e9quence limit\u00e9e, avec parking, commodit\u00e9s et \u00e9coles limit\u00e9es, situation ordinaire, CHF 6'857 \/ m\u00b2<\/li><li>Pour un appartement 6 pi\u00e8ces \u00e0 M\u00e9zi\u00e8res VD, surface pond\u00e9r\u00e9e (m\u00b2) : 95, orientation Sud-Est\/Ouest, avec balcon, transports fr\u00e9quence limit\u00e9e, avec parking, commodit\u00e9s et \u00e9coles limit\u00e9es, situation ordinaire, CHF 7'288 \/ m\u00b2<\/li><\/ul><\/div>\n<h2>Evaluation de la valeur des maisons \u00e0 M\u00e9zi\u00e8res VD selon le nombre de pi\u00e8ces<\/h2>\n<div class=\"estimates-room\"><ul><li>Pour une maison 5 pi\u00e8ces \u00e0 M\u00e9zi\u00e8res VD, volume (m\u00b3) : 720 et terrain (m\u00b2) : 950, transports fr\u00e9quence limit\u00e9e, commodit\u00e9s et \u00e9coles limit\u00e9es, situation ordinaire, CHF 8'804 \/ m\u00b2<\/li><li>Pour une maison 5 pi\u00e8ces \u00e0 M\u00e9zi\u00e8res VD, volume (m\u00b3) : 1057.5 et terrain (m\u00b2) : 650, transports fr\u00e9quence limit\u00e9e, commodit\u00e9s et \u00e9coles limit\u00e9es, situation ordinaire, CHF 5'415 \/ m\u00b2<\/li><li>Pour une maison 4.5 pi\u00e8ces \u00e0 M\u00e9zi\u00e8res VD, volume (m\u00b3) : 945 et terrain (m\u00b2) : 950, transports fr\u00e9quence limit\u00e9e, commodit\u00e9s et \u00e9coles limit\u00e9es, situation ordinaire, CHF 7'199 \/ m\u00b2<\/li><\/ul><\/div><div class=\"iframe-text\">Estimer maintenant votre bien immobilier<\/div><iframe id=\"estimer\" src=\"https:\/\/www.immobilierlocal.ch\/estimer?iframe=1\" frameborder=\"0\" loading=\"lazy\" width=\"100%\" height=\"1000\" style=\"overflow-x:hidden;\" referrerpolicy=\"no-referrer-when-downgrade\" title=\"Estimation immobili\u00e8re\"><\/iframe>\n<h2>Comment conna\u00eetre le prix de son bien immobilier \u00e0 M\u00e9zi\u00e8res VD ?<\/h2>\n<h3>1. \u00c9valuation gratuite de votre maison \u00e0 M\u00e9zi\u00e8res VD en ligne avec Immobilierlocal<\/h3>\n<p>Gagnez un temps pr\u00e9cieux et r\u00e9alisez une \u00e9valuation de la valeur de votre bien immobilier avec notre outil d&rsquo;estimation.<\/p>\n<p>Vous devez nous fournir votre adresse et les \u00e9l\u00e9ments de votre maison, comme :<\/p>\n<ul>\n<li>La situation (environnement, vue et transports).<\/li>\n<li>L&rsquo;orientation.<\/li>\n<li>Le nombre de pi\u00e8ces.<\/li>\n<li>La surface habitable.<\/li>\n<li>Les dimensions du terrain.<\/li>\n<li>L&rsquo;ann\u00e9e de construction de la maison.<\/li>\n<li>L\u2019\u00e9tat g\u00e9n\u00e9ral de votre bien.<\/li>\n<li>Les travaux effectu\u00e9s dans votre maison et leur ann\u00e9e.<\/li>\n<\/ul>\n<h3>2. Estimation offerte de votre appartement \u00e0 M\u00e9zi\u00e8res VD sur internet avec Immobilierlocal<\/h3>\n<p>Pour obtenir la valeur immobili\u00e8re de votre appartement \u00e0 M\u00e9zi\u00e8res VD, profitez de notre outil en ligne d&rsquo;\u00e9valuation immobili\u00e8re. En un instant vous aurez connaissance du prix de vente de votre bien.<\/p>\n<p>Afin de recevoir la meilleure estimation, vous devez fournir les \u00e9l\u00e9ments de votre propri\u00e9t\u00e9, apr\u00e8s avoir indiqu\u00e9 votre adresse, comme :<\/p>\n<ul>\n<li>La situation (environnement, vue et transports).<\/li>\n<li>L&rsquo;exposition de l&rsquo;appartement.<\/li>\n<li>Le nombre de pi\u00e8ces.<\/li>\n<li>Les surfaces (habitable, balcon et cave).<\/li>\n<li>Parking int\u00e9rieur et\/ou ext\u00e9rieur.<\/li>\n<li>Date de construction.<\/li>\n<li>L\u2019\u00e9tat g\u00e9n\u00e9ral.<\/li>\n<li>L\u2019ann\u00e9e et le co\u00fbt des derni\u00e8res r\u00e9novations.<\/li>\n<li>Le montant du \u00abfonds de r\u00e9novation PPE\u00bb.<\/li>\n<\/ul>\n<h3>3. Proc\u00e9der \u00e0 une \u00e9valuation immobili\u00e8re de sa maison par un agent immobilier \u00e0 M\u00e9zi\u00e8res VD<\/h3>\n<p>Nos experts situ\u00e9s \u00e0 M\u00e9zi\u00e8res VD se d\u00e9placent chez vous afin de r\u00e9aliser une appr\u00e9ciation de votre appartement ou de votre demeure. En \u00e9tudiant les documents tels que le registre foncier, les plans d&rsquo;architecte et le plan cadastral, ils vous procurent un rapport d&rsquo;estimation complet.<\/p>\n<p>L\u2019estimation prend en compte aussi la demande, et le march\u00e9 immobilier de M\u00e9zi\u00e8res VD pour vous donner la valeur de votre propri\u00e9t\u00e9. Une fois l\u2019expertise termin\u00e9e, des astuces vous seront donn\u00e9es pour augmenter la valeur de votre propri\u00e9t\u00e9.<\/p>\n<p>Profitez d\u00e8s \u00e0 pr\u00e9sent d&rsquo;une \u00e9valuation pr\u00e9cise et sans engagement de votre bien immobilier avec Immobilierlocal.<\/p>\n<h3>4. Est-il pertinent d\u2019analyser les biens semblables en vente \u00e0 M\u00e9zi\u00e8res VD ?<\/h3>\n<p>Oui, il est recommand\u00e9 d\u2019analyser les biens semblables, comparer votre bien avec les annonces immobili\u00e8res \u00e0 M\u00e9zi\u00e8res VD vous permet d\u2019obtenir une fourchette rapide de la valorisation de votre bien.<\/p>\n<h2>Comment vendre son bien immobilier au meilleur prix \u00e0 M\u00e9zi\u00e8res VD ?<\/h2>\n<p>Pour vendre facilement votre bien immobilier, faites confiance \u00e0 Immobilierlocal !<\/p>\n<h3>1. Pourquoi contacter un sp\u00e9cialiste comme Immobilierlocal ?<\/h3>\n<p>Immobilierlocal vous met en relation avec un sp\u00e9cialiste dans le secteur de M\u00e9zi\u00e8res VD.<\/p>\n<h3>2. B\u00e9n\u00e9ficiez d&rsquo;une estimation pr\u00e9cise et qui prend en compte le march\u00e9 immobilier actuel<\/h3>\n<p>Immobilierlocal et ses collaborateurs recensent le march\u00e9 actuel en consid\u00e9rant les annonces et les biens r\u00e9cemment vendus, afin de vous proposer le prix de vente le meilleur prix de vente.<\/p>\n<h3>3. Sublimer votre bien avec Immobilierlocal<\/h3>\n<p>L&rsquo;agence Immobilierlocal et ses partenaires organisent des s\u00e9ances photo pour sublimer votre propri\u00e9t\u00e9.<\/p>\n<h3>4. Augmenter la visibilit\u00e9 de votre bien et le nombre de potentiels acqu\u00e9reurs sur internet<\/h3>\n<p>Afin que le plus de personnes puisse voir votre propri\u00e9t\u00e9, nous diffusons votre annonce sur tous nos sites internet ainsi que ceux de nos partenaires.<\/p>\n<h3>5. S\u00e9lectionnez l&rsquo;offre la plus int\u00e9ressante<\/h3>\n<p>Nos experts re\u00e7oivent les offres et \u00e9tudient les propositions pour vous proposer la meilleure offre.<\/p>\n<h3>6. \u00catre en position de force lors des n\u00e9gociations<\/h3>\n<p>Notre agent r\u00e9pertorie tous les documents et les informations possibles pour vous mettre en position de force afin de le vendre le plus cher possible, voici les documents et les informations n\u00e9cessaires :<\/p>\n<ul>\n<li>Les factures de r\u00e9novations,<\/li>\n<li>les plans architecturaux,<\/li>\n<li>la liste des avantages environnementaux (commerces, \u00e9coles de proximit\u00e9&#8230;),<\/li>\n<li>Le d\u00e9veloppement \u00e9conomique r\u00e9gional.<\/li>\n<\/ul>\n<h2>Quelles sont les tendances du march\u00e9 immobilier \u00e0 M\u00e9zi\u00e8res VD ?<\/h2>\n<h3>Estimation du prix des maisons \u00e0 M\u00e9zi\u00e8res VD<\/h3>\n<p class=\"estimates-house-range\">Les prix des maisons \u00e0 M\u00e9zi\u00e8res VD varient de CHF 1'272'567 \u00e0 CHF 1'511'888 en moyenne.<\/p>\n<h3>\u00c9valuation du prix des appartements \u00e0 M\u00e9zi\u00e8res VD<\/h3>\n<p class=\"estimates-house-range\">Les prix des appartements \u00e0 M\u00e9zi\u00e8res VD varient de CHF 668'594 \u00e0 CHF 740'516 en moyenne.<\/p>\n<h3>\u00c9valuation de la valeur des terrains \u00e0 M\u00e9zi\u00e8res VD<\/h3>\n<p class=\"estimates-land\">Les prix moyens des terrains \u00e0 M\u00e9zi\u00e8res VD sont de CHF 661 \/ m\u00b2 (prix par m\u00e8tre carr\u00e9).<\/p>\n<h2>Questions fr\u00e9quentes sur l&rsquo;estimation immobili\u00e8re<\/h2>\n<h3>Quel est le tarif d&rsquo;une estimation immobili\u00e8re \u00e0 M\u00e9zi\u00e8res VD ?<\/h3>\n<p>Le tarif d&rsquo;une \u00e9valuation immobili\u00e8re \u00e0 M\u00e9zi\u00e8res VD fluctue en fonction de la nature du bien. Que vous ayez un logement de luxe ou une maison standard, les co\u00fbts peuvent aller de CHF 150 \u00e0 CHF 1&rsquo;500.<\/p>\n<p>En revanche, avec notre outil d&rsquo;\u00e9valuation en ligne de notre soci\u00e9t\u00e9 Immobilierlocal, vous n&rsquo;aurez rien \u00e0 payer ! Notre instrument a \u00e9t\u00e9 \u00e9labor\u00e9 durant de longues ann\u00e9es afin qu&rsquo;il soit le plus fiable et pr\u00e9cis possible. Il prend en compte la situation immobili\u00e8re actuelle et des caract\u00e9ristiques de votre bien.<\/p>\n<h3>Qui peut estimer un bien immobilier \u00e0 M\u00e9zi\u00e8res VD ?<\/h3>\n<p>Si vous d\u00e9sirez obtenir une \u00e9valuation plus pr\u00e9cise, il sera n\u00e9cessaire de contacter un expert qui se rend \u00e0 votre domicile pour \u00e9tudier votre logement. Cette personne peut \u00eatre un agent immobilier, un architecte ou vous pouvez aussi regarder avec votre banque.<\/p>\n<h3>Comment un agent immobilier \u00e9value une propri\u00e9t\u00e9 \u00e0 M\u00e9zi\u00e8res VD ?<\/h3>\n<ol>\n<li>Tout d&rsquo;abord : l&rsquo;expert se d\u00e9place chez vous pour proc\u00e9der \u00e0 une visite d\u00e9taill\u00e9e de votre bien immobilier.<\/li>\n<li>Apr\u00e8s cela : il examine les textes en lien avec l&rsquo;achat et l&rsquo;entretien de votre bien.<\/li>\n<li>Il proc\u00e8de \u00e0 une \u00e9tude approfondie de la situation immobili\u00e8re en confrontant votre bien aux autres biens actuellement en vente et en examinant les prix des ventes pass\u00e9es \u00e0 M\u00e9zi\u00e8res VD.<\/li>\n<li>Derni\u00e8rement, il vous remettra un rapport d\u00e9taill\u00e9 ainsi qu&rsquo;une \u00e9valuation fiable de la valeur de votre bien immobilier.<\/li>\n<\/ol>\n<h3>Comment faire estimer une propri\u00e9t\u00e9 immobili\u00e8re gratuitement \u00e0 M\u00e9zi\u00e8res VD ?<\/h3>\n<p>Utilisez le logiciel d&rsquo;estimation totalement gratuit de notre soci\u00e9t\u00e9 Immobilierlocal ! Vous pouvez aussi faire appel \u00e0 nos sp\u00e9cialistes de l&rsquo;immobilier pour une \u00e9valuation.<\/p>\n<h3>Quels sont les diff\u00e9rents facteurs qui peuvent faire varier le prix de vente de ma propri\u00e9t\u00e9 \u00e0 M\u00e9zi\u00e8res VD ?<\/h3>\n<p>Il y a diff\u00e9rents crit\u00e8res qui font \u00e9voluer la valeur d\u2019un bien immobilier \u00e0 M\u00e9zi\u00e8res VD. Voici une liste des facteurs les plus importants :<\/p>\n<ul>\n<li>l&rsquo;attrait touristique de la ville,<\/li>\n<li>le d\u00e9veloppement \u00e9conomique de la r\u00e9gion,<\/li>\n<li>le rapport entre le nombre de vendeurs et d&rsquo;acqu\u00e9reurs,<\/li>\n<li>la proximit\u00e9 des commodit\u00e9s.<\/li>\n<\/ul>\n<h3>De quelle fa\u00e7on accro\u00eetre la valeur de ma maison et de mon appartement ?<\/h3>\n<p>Pour augmenter la valeur de votre bien, suivez ces conseils :<\/p>\n<ul>\n<li>Votre bien doit toujours \u00eatre impeccable pour les photos et lors des visites.<\/li>\n<li>Rangez l&rsquo;ensemble de vos affaires de fa\u00e7on \u00e0 ce que les potentiels acqu\u00e9reurs puissent facilement se projeter dans le bien.<\/li>\n<li>Mettez en avant les forces de votre logement.<\/li>\n<li>Assurez-vous de valoriser le terrain si vous poss\u00e9dez une maison.<\/li>\n<\/ul>\n<h3>Quelle conduite \u00e0 avoir vis-\u00e0-vis d\u2019un futur acheteur ?<\/h3>\n<ul>\n<li>Stipulez les atouts de votre bien.<\/li>\n<li>R\u00e9pondez aux questions sans divulguer de fausses informations.<\/li>\n<li>Soyez \u00e0 l&rsquo;\u00e9coute de l&rsquo;acheteur et ne cherchez pas \u00e0 le contredire.<\/li>\n<\/ul>\n<h3>Quels sont les documents \u00e0 poss\u00e9der pour estimer ma propri\u00e9t\u00e9 immobili\u00e8re ?<\/h3>\n<ul>\n<li>Police assurance incendie compl\u00e8te<\/li>\n<li>Plan de niveau (si disponible)<\/li>\n<li>Travaux, factures (si disponible)<\/li>\n<li>Registre foncier (si disponible)<\/li>\n<li>Plan cadastral (si disponible)<\/li>\n<li>Descriptif de construction (si disponible)<\/li>\n<li>\u00c9ventuellement : plan d\u2019affectation et le r\u00e8glement de construction<\/li>\n<\/ul>\n<p>Pour les objets en PPE :<\/p>\n<ul>\n<li>Police assurance incendie compl\u00e8te de l\u2019immeuble (\u00e0 demander \u00e0 l\u2019administrateur)<\/li>\n<li>R\u00e8glement PPE<\/li>\n<li>Comptes PPE (3 derni\u00e8res ann\u00e9es)<\/li>\n<\/ul>\n<p>Estimation similaire dans les villes proches, comme : <br \/> Peney-le-Jorat, Forel (Lavaux), Mollie-Margot, Savigny, Ferlens VD, Servion, Essertes, Les Cullayes, Montpreveyres, Corcelles-le-Jorat, Carrouge VD, Vulliens, Ropraz, Les Tavernes, Les Thioleyres, Pal\u00e9zieux, Pal\u00e9zieux-Village, Oron-le-Ch\u00e2tel, Chapelle (Gl\u00e2ne), Bussigny-sur-Oron, Chesalles-sur-Oron, Ch\u00e2tillens, Oron-la-Ville, Vuibroye, Le Cr\u00eat-pr\u00e8s-Semsales, Ecoteaux, Maracon.<\/p>\n","protected":false},"excerpt":{"rendered":"<p>Utilisez Immobilierlocal pour avoir une \u00e9valuation simple et pr\u00e9cise de la valeur de votre propri\u00e9t\u00e9 \u00e0 M\u00e9zi\u00e8res VD. Nous avons \u00e9galement \u00e0 disposition des agents immobiliers qui se rendent chez vous afin de vous donner une estimation plus d\u00e9taill\u00e9e de votre bien. Mettre en vente son bien avec Immobilierlocal, c&rsquo;est l&rsquo;assurance de vendre son bien [&hellip;]<\/p>\n","protected":false},"author":3,"featured_media":369,"parent":149,"menu_order":0,"comment_status":"closed","ping_status":"closed","template":"","meta":{"footnotes":""},"categories":[6],"profession":[],"location":[25],"canton":[],"class_list":["post-236","page","type-page","status-publish","has-post-thumbnail","hentry","category-estimation"],"yoast_head":"<!-- This site is optimized with the Yoast SEO Premium plugin v23.0 (Yoast SEO v27.4) - https:\/\/yoast.com\/product\/yoast-seo-premium-wordpress\/ -->\n<title>Estimation immobili\u00e8re \u00e0 M\u00e9zi\u00e8res VD mai 2026 gratuite &amp; rapide - Immobilierlocal<\/title>\n<meta name=\"description\" content=\"D\u00e9couvrez le Prix moyen au m\u00b2 \u00e0 M\u00e9zi\u00e8res VD en mai 2026 \u2705 Estimation gratuite de votre bien \u2705 Derni\u00e8res \u00e9volutions du march\u00e9.\" \/>\n<meta name=\"robots\" content=\"index, follow, max-snippet:-1, max-image-preview:large, max-video-preview:-1\" \/>\n<link rel=\"canonical\" href=\"https:\/\/www.immobilierlocal.ch\/c\/estimation-immobiliere-canton-vaud\/estimation-immobiliere-a-mezieres\/\" \/>\n<meta property=\"og:locale\" content=\"fr_FR\" \/>\n<meta property=\"og:type\" content=\"article\" \/>\n<meta property=\"og:title\" content=\"Estimation immobili\u00e8re \u00e0 M\u00e9zi\u00e8res VD mai 2026 gratuite &amp; rapide\" \/>\n<meta property=\"og:description\" content=\"D\u00e9couvrez le Prix moyen au m\u00b2 \u00e0 M\u00e9zi\u00e8res VD en mai 2026 \u2705 Estimation gratuite de votre bien \u2705 Derni\u00e8res \u00e9volutions du march\u00e9.\" \/>\n<meta property=\"og:url\" content=\"https:\/\/www.immobilierlocal.ch\/c\/estimation-immobiliere-canton-vaud\/estimation-immobiliere-a-mezieres\/\" \/>\n<meta property=\"og:site_name\" content=\"Immobilierlocal\" \/>\n<meta property=\"article:modified_time\" content=\"2024-08-05T18:28:21+00:00\" \/>\n<meta property=\"og:image\" content=\"https:\/\/www.immobilierlocal.ch\/c\/wp-content\/uploads\/2023\/10\/estimation-immobiliere-a-mezieres-scaled.jpg\" \/>\n\t<meta property=\"og:image:width\" content=\"2560\" \/>\n\t<meta property=\"og:image:height\" content=\"817\" \/>\n\t<meta property=\"og:image:type\" content=\"image\/jpeg\" \/>\n<meta name=\"twitter:card\" content=\"summary_large_image\" \/>\n<meta name=\"twitter:label1\" content=\"Dur\u00e9e de lecture estim\u00e9e\" \/>\n\t<meta name=\"twitter:data1\" content=\"7 minutes\" \/>\n<script type=\"application\/ld+json\" class=\"yoast-schema-graph\">{\"@context\":\"https:\\\/\\\/schema.org\",\"@graph\":[{\"@type\":\"WebPage\",\"@id\":\"https:\\\/\\\/www.immobilierlocal.ch\\\/c\\\/estimation-immobiliere-canton-vaud\\\/estimation-immobiliere-a-mezieres\\\/\",\"url\":\"https:\\\/\\\/www.immobilierlocal.ch\\\/c\\\/estimation-immobiliere-canton-vaud\\\/estimation-immobiliere-a-mezieres\\\/\",\"name\":\"Estimation immobili\u00e8re \u00e0 M\u00e9zi\u00e8res VD - Immobilierlocal\",\"isPartOf\":{\"@id\":\"https:\\\/\\\/www.immobilierlocal.ch\\\/c\\\/#website\"},\"primaryImageOfPage\":{\"@id\":\"https:\\\/\\\/www.immobilierlocal.ch\\\/c\\\/estimation-immobiliere-canton-vaud\\\/estimation-immobiliere-a-mezieres\\\/#primaryimage\"},\"image\":{\"@id\":\"https:\\\/\\\/www.immobilierlocal.ch\\\/c\\\/estimation-immobiliere-canton-vaud\\\/estimation-immobiliere-a-mezieres\\\/#primaryimage\"},\"thumbnailUrl\":\"https:\\\/\\\/www.immobilierlocal.ch\\\/c\\\/wp-content\\\/uploads\\\/2023\\\/10\\\/estimation-immobiliere-a-mezieres-scaled.jpg\",\"datePublished\":\"2023-10-19T08:33:51+00:00\",\"dateModified\":\"2024-08-05T18:28:21+00:00\",\"breadcrumb\":{\"@id\":\"https:\\\/\\\/www.immobilierlocal.ch\\\/c\\\/estimation-immobiliere-canton-vaud\\\/estimation-immobiliere-a-mezieres\\\/#breadcrumb\"},\"inLanguage\":\"fr-FR\",\"potentialAction\":[{\"@type\":\"ReadAction\",\"target\":[\"https:\\\/\\\/www.immobilierlocal.ch\\\/c\\\/estimation-immobiliere-canton-vaud\\\/estimation-immobiliere-a-mezieres\\\/\"]}]},{\"@type\":\"ImageObject\",\"inLanguage\":\"fr-FR\",\"@id\":\"https:\\\/\\\/www.immobilierlocal.ch\\\/c\\\/estimation-immobiliere-canton-vaud\\\/estimation-immobiliere-a-mezieres\\\/#primaryimage\",\"url\":\"https:\\\/\\\/www.immobilierlocal.ch\\\/c\\\/wp-content\\\/uploads\\\/2023\\\/10\\\/estimation-immobiliere-a-mezieres-scaled.jpg\",\"contentUrl\":\"https:\\\/\\\/www.immobilierlocal.ch\\\/c\\\/wp-content\\\/uploads\\\/2023\\\/10\\\/estimation-immobiliere-a-mezieres-scaled.jpg\",\"width\":2560,\"height\":817,\"caption\":\"Estimation immobili\u00e8re \u00e0 M\u00e9zi\u00e8res VD\"},{\"@type\":\"BreadcrumbList\",\"@id\":\"https:\\\/\\\/www.immobilierlocal.ch\\\/c\\\/estimation-immobiliere-canton-vaud\\\/estimation-immobiliere-a-mezieres\\\/#breadcrumb\",\"itemListElement\":[{\"@type\":\"ListItem\",\"position\":1,\"name\":\"Accueil\",\"item\":\"https:\\\/\\\/www.immobilierlocal.ch\\\/c\\\/\"},{\"@type\":\"ListItem\",\"position\":2,\"name\":\"Estimation immobili\u00e8re dans le canton de Vaud\",\"item\":\"https:\\\/\\\/www.immobilierlocal.ch\\\/c\\\/estimation-immobiliere-canton-vaud\\\/\"},{\"@type\":\"ListItem\",\"position\":3,\"name\":\"Estimation immobili\u00e8re \u00e0 M\u00e9zi\u00e8res\"}]},{\"@type\":\"WebSite\",\"@id\":\"https:\\\/\\\/www.immobilierlocal.ch\\\/c\\\/#website\",\"url\":\"https:\\\/\\\/www.immobilierlocal.ch\\\/c\\\/\",\"name\":\"Immobilierlocal\",\"description\":\"\",\"publisher\":{\"@id\":\"https:\\\/\\\/www.immobilierlocal.ch\\\/c\\\/#organization\"},\"potentialAction\":[{\"@type\":\"SearchAction\",\"target\":{\"@type\":\"EntryPoint\",\"urlTemplate\":\"https:\\\/\\\/www.immobilierlocal.ch\\\/c\\\/?s={search_term_string}\"},\"query-input\":{\"@type\":\"PropertyValueSpecification\",\"valueRequired\":true,\"valueName\":\"search_term_string\"}}],\"inLanguage\":\"fr-FR\"},{\"@type\":\"Organization\",\"@id\":\"https:\\\/\\\/www.immobilierlocal.ch\\\/c\\\/#organization\",\"name\":\"Immobilierlocal\",\"url\":\"https:\\\/\\\/www.immobilierlocal.ch\\\/c\\\/\",\"logo\":{\"@type\":\"ImageObject\",\"inLanguage\":\"fr-FR\",\"@id\":\"https:\\\/\\\/www.immobilierlocal.ch\\\/c\\\/#\\\/schema\\\/logo\\\/image\\\/\",\"url\":\"https:\\\/\\\/www.immobilierlocal.ch\\\/c\\\/wp-content\\\/uploads\\\/2023\\\/10\\\/logo-immobilierlocal-h.svg\",\"contentUrl\":\"https:\\\/\\\/www.immobilierlocal.ch\\\/c\\\/wp-content\\\/uploads\\\/2023\\\/10\\\/logo-immobilierlocal-h.svg\",\"caption\":\"Immobilierlocal\"},\"image\":{\"@id\":\"https:\\\/\\\/www.immobilierlocal.ch\\\/c\\\/#\\\/schema\\\/logo\\\/image\\\/\"}}]}<\/script>\n<!-- \/ Yoast SEO Premium plugin. -->","yoast_head_json":{"title":"Estimation immobili\u00e8re \u00e0 M\u00e9zi\u00e8res VD mai 2026 gratuite & rapide - Immobilierlocal","description":"D\u00e9couvrez le Prix moyen au m\u00b2 \u00e0 M\u00e9zi\u00e8res VD en mai 2026 \u2705 Estimation gratuite de votre bien \u2705 Derni\u00e8res \u00e9volutions du march\u00e9.","robots":{"index":"index","follow":"follow","max-snippet":"max-snippet:-1","max-image-preview":"max-image-preview:large","max-video-preview":"max-video-preview:-1"},"canonical":"https:\/\/www.immobilierlocal.ch\/c\/estimation-immobiliere-canton-vaud\/estimation-immobiliere-a-mezieres\/","og_locale":"fr_FR","og_type":"article","og_title":"Estimation immobili\u00e8re \u00e0 M\u00e9zi\u00e8res VD mai 2026 gratuite & rapide","og_description":"D\u00e9couvrez le Prix moyen au m\u00b2 \u00e0 M\u00e9zi\u00e8res VD en mai 2026 \u2705 Estimation gratuite de votre bien \u2705 Derni\u00e8res \u00e9volutions du march\u00e9.","og_url":"https:\/\/www.immobilierlocal.ch\/c\/estimation-immobiliere-canton-vaud\/estimation-immobiliere-a-mezieres\/","og_site_name":"Immobilierlocal","article_modified_time":"2024-08-05T18:28:21+00:00","og_image":[{"width":2560,"height":817,"url":"https:\/\/www.immobilierlocal.ch\/c\/wp-content\/uploads\/2023\/10\/estimation-immobiliere-a-mezieres-scaled.jpg","type":"image\/jpeg"}],"twitter_card":"summary_large_image","twitter_misc":{"Dur\u00e9e de lecture estim\u00e9e":"7 minutes"},"schema":{"@context":"https:\/\/schema.org","@graph":[{"@type":"WebPage","@id":"https:\/\/www.immobilierlocal.ch\/c\/estimation-immobiliere-canton-vaud\/estimation-immobiliere-a-mezieres\/","url":"https:\/\/www.immobilierlocal.ch\/c\/estimation-immobiliere-canton-vaud\/estimation-immobiliere-a-mezieres\/","name":"Estimation immobili\u00e8re \u00e0 M\u00e9zi\u00e8res VD - Immobilierlocal","isPartOf":{"@id":"https:\/\/www.immobilierlocal.ch\/c\/#website"},"primaryImageOfPage":{"@id":"https:\/\/www.immobilierlocal.ch\/c\/estimation-immobiliere-canton-vaud\/estimation-immobiliere-a-mezieres\/#primaryimage"},"image":{"@id":"https:\/\/www.immobilierlocal.ch\/c\/estimation-immobiliere-canton-vaud\/estimation-immobiliere-a-mezieres\/#primaryimage"},"thumbnailUrl":"https:\/\/www.immobilierlocal.ch\/c\/wp-content\/uploads\/2023\/10\/estimation-immobiliere-a-mezieres-scaled.jpg","datePublished":"2023-10-19T08:33:51+00:00","dateModified":"2024-08-05T18:28:21+00:00","breadcrumb":{"@id":"https:\/\/www.immobilierlocal.ch\/c\/estimation-immobiliere-canton-vaud\/estimation-immobiliere-a-mezieres\/#breadcrumb"},"inLanguage":"fr-FR","potentialAction":[{"@type":"ReadAction","target":["https:\/\/www.immobilierlocal.ch\/c\/estimation-immobiliere-canton-vaud\/estimation-immobiliere-a-mezieres\/"]}]},{"@type":"ImageObject","inLanguage":"fr-FR","@id":"https:\/\/www.immobilierlocal.ch\/c\/estimation-immobiliere-canton-vaud\/estimation-immobiliere-a-mezieres\/#primaryimage","url":"https:\/\/www.immobilierlocal.ch\/c\/wp-content\/uploads\/2023\/10\/estimation-immobiliere-a-mezieres-scaled.jpg","contentUrl":"https:\/\/www.immobilierlocal.ch\/c\/wp-content\/uploads\/2023\/10\/estimation-immobiliere-a-mezieres-scaled.jpg","width":2560,"height":817,"caption":"Estimation immobili\u00e8re \u00e0 M\u00e9zi\u00e8res VD"},{"@type":"BreadcrumbList","@id":"https:\/\/www.immobilierlocal.ch\/c\/estimation-immobiliere-canton-vaud\/estimation-immobiliere-a-mezieres\/#breadcrumb","itemListElement":[{"@type":"ListItem","position":1,"name":"Accueil","item":"https:\/\/www.immobilierlocal.ch\/c\/"},{"@type":"ListItem","position":2,"name":"Estimation immobili\u00e8re dans le canton de Vaud","item":"https:\/\/www.immobilierlocal.ch\/c\/estimation-immobiliere-canton-vaud\/"},{"@type":"ListItem","position":3,"name":"Estimation immobili\u00e8re \u00e0 M\u00e9zi\u00e8res"}]},{"@type":"WebSite","@id":"https:\/\/www.immobilierlocal.ch\/c\/#website","url":"https:\/\/www.immobilierlocal.ch\/c\/","name":"Immobilierlocal","description":"","publisher":{"@id":"https:\/\/www.immobilierlocal.ch\/c\/#organization"},"potentialAction":[{"@type":"SearchAction","target":{"@type":"EntryPoint","urlTemplate":"https:\/\/www.immobilierlocal.ch\/c\/?s={search_term_string}"},"query-input":{"@type":"PropertyValueSpecification","valueRequired":true,"valueName":"search_term_string"}}],"inLanguage":"fr-FR"},{"@type":"Organization","@id":"https:\/\/www.immobilierlocal.ch\/c\/#organization","name":"Immobilierlocal","url":"https:\/\/www.immobilierlocal.ch\/c\/","logo":{"@type":"ImageObject","inLanguage":"fr-FR","@id":"https:\/\/www.immobilierlocal.ch\/c\/#\/schema\/logo\/image\/","url":"https:\/\/www.immobilierlocal.ch\/c\/wp-content\/uploads\/2023\/10\/logo-immobilierlocal-h.svg","contentUrl":"https:\/\/www.immobilierlocal.ch\/c\/wp-content\/uploads\/2023\/10\/logo-immobilierlocal-h.svg","caption":"Immobilierlocal"},"image":{"@id":"https:\/\/www.immobilierlocal.ch\/c\/#\/schema\/logo\/image\/"}}]}},"_links":{"self":[{"href":"https:\/\/www.immobilierlocal.ch\/c\/wp-json\/wp\/v2\/pages\/236","targetHints":{"allow":["GET"]}}],"collection":[{"href":"https:\/\/www.immobilierlocal.ch\/c\/wp-json\/wp\/v2\/pages"}],"about":[{"href":"https:\/\/www.immobilierlocal.ch\/c\/wp-json\/wp\/v2\/types\/page"}],"author":[{"embeddable":true,"href":"https:\/\/www.immobilierlocal.ch\/c\/wp-json\/wp\/v2\/users\/3"}],"replies":[{"embeddable":true,"href":"https:\/\/www.immobilierlocal.ch\/c\/wp-json\/wp\/v2\/comments?post=236"}],"version-history":[{"count":0,"href":"https:\/\/www.immobilierlocal.ch\/c\/wp-json\/wp\/v2\/pages\/236\/revisions"}],"up":[{"embeddable":true,"href":"https:\/\/www.immobilierlocal.ch\/c\/wp-json\/wp\/v2\/pages\/149"}],"wp:featuredmedia":[{"embeddable":true,"href":"https:\/\/www.immobilierlocal.ch\/c\/wp-json\/wp\/v2\/media\/369"}],"wp:attachment":[{"href":"https:\/\/www.immobilierlocal.ch\/c\/wp-json\/wp\/v2\/media?parent=236"}],"wp:term":[{"taxonomy":"category","embeddable":true,"href":"https:\/\/www.immobilierlocal.ch\/c\/wp-json\/wp\/v2\/categories?post=236"},{"taxonomy":"profession","embeddable":true,"href":"https:\/\/www.immobilierlocal.ch\/c\/wp-json\/wp\/v2\/profession?post=236"},{"taxonomy":"location","embeddable":true,"href":"https:\/\/www.immobilierlocal.ch\/c\/wp-json\/wp\/v2\/location?post=236"},{"taxonomy":"canton","embeddable":true,"href":"https:\/\/www.immobilierlocal.ch\/c\/wp-json\/wp\/v2\/canton?post=236"}],"curies":[{"name":"wp","href":"https:\/\/api.w.org\/{rel}","templated":true}]}}