
{"id":235,"date":"2023-10-19T10:33:51","date_gmt":"2023-10-19T08:33:51","guid":{"rendered":"https:\/\/immobilierlocal.ch\/c\/235-2\/"},"modified":"2024-08-05T20:28:33","modified_gmt":"2024-08-05T18:28:33","slug":"estimation-immobiliere-a-renens","status":"publish","type":"page","link":"https:\/\/www.immobilierlocal.ch\/c\/estimation-immobiliere-canton-vaud\/estimation-immobiliere-a-renens\/","title":{"rendered":"Estimation immobili\u00e8re \u00e0 Renens VD"},"content":{"rendered":"<p>Obtenez une estimation en ligne gratuite et pr\u00e9cise \u00e0 Renens VD. Nous disposons \u00e9galement d&rsquo;agents immobiliers qui se d\u00e9placent chez vous afin de vous donner une \u00e9valuation plus pr\u00e9cise de votre bien. Vendez ou acqu\u00e9rez votre bien immobilier au meilleur prix, en toute simplicit\u00e9 avec Immobilierlocal.<\/p>\n\n<h2>Derni\u00e8res estimations \u00e0 Renens VD par secteur<\/h2>\n<div class=\"estimates-lastest\"><ul><li>Pour un appartement 5.5 pi\u00e8ces \u00e0 Renens VD, surface pond\u00e9r\u00e9e (m\u00b2) : 100, orientation Ouest, avec balcon, transports fr\u00e9quence soutenue, sans parking, commodit\u00e9s et \u00e9coles nombreuses, situation ordinaire, CHF 10'014 \/ m\u00b2<\/li><li>Pour un appartement 6.5 pi\u00e8ces \u00e0 Renens VD, surface pond\u00e9r\u00e9e (m\u00b2) : 115, orientation Ouest, sans balcon, transports fr\u00e9quence r\u00e9guli\u00e8re, avec parking, commodit\u00e9s et \u00e9coles nombreuses, situation ordinaire, CHF 9'493 \/ m\u00b2<\/li><li>Pour un appartement 5 pi\u00e8ces \u00e0 Renens VD, surface pond\u00e9r\u00e9e (m\u00b2) : 105, orientation Ouest, sans balcon, transports fr\u00e9quence r\u00e9guli\u00e8re, avec parking, commodit\u00e9s et \u00e9coles nombreuses, situation ordinaire, CHF 9'779 \/ m\u00b2<\/li><\/ul><\/div>\n<h2>Estimation de la valeur des maisons \u00e0 Renens VD par nombre de pi\u00e8ces<\/h2>\n<div class=\"estimates-room\"><ul><li>Pour une maison 4.5 pi\u00e8ces \u00e0 Renens VD, volume (m\u00b3) : 720 et terrain (m\u00b2) : 650, transports fr\u00e9quence soutenue, commodit\u00e9s et \u00e9coles nombreuses, situation ordinaire, CHF 8'608 \/ m\u00b2<\/li><li>Pour une maison 4.5 pi\u00e8ces \u00e0 Renens VD, volume (m\u00b3) : 945 et terrain (m\u00b2) : 800, transports fr\u00e9quence soutenue, commodit\u00e9s et \u00e9coles nombreuses, situation ordinaire, CHF 7'926 \/ m\u00b2<\/li><li>Pour une maison 4.5 pi\u00e8ces \u00e0 Renens VD, volume (m\u00b3) : 607.5 et terrain (m\u00b2) : 1100, transports fr\u00e9quence r\u00e9guli\u00e8re, commodit\u00e9s et \u00e9coles nombreuses, situation privil\u00e9gi\u00e9e, CHF 14'785 \/ m\u00b2<\/li><\/ul><\/div><div class=\"iframe-text\">Estimer maintenant votre bien immobilier<\/div><iframe id=\"estimer\" src=\"https:\/\/www.immobilierlocal.ch\/estimer?iframe=1\" frameborder=\"0\" loading=\"lazy\" width=\"100%\" height=\"1000\" style=\"overflow-x:hidden;\" referrerpolicy=\"no-referrer-when-downgrade\" title=\"Estimation immobili\u00e8re\"><\/iframe>\n<h2>Comment savoir le prix de son bien immobilier \u00e0 Renens VD ?<\/h2>\n<h3>1. Estimation gratuite de votre maison \u00e0 Renens VD en ligne avec Immobilierlocal<\/h3>\n<p>Utilisez notre logiciel d&rsquo;estimation en ligne afin de conna\u00eetre la valeur de votre maison en moins de 5 minutes.<\/p>\n<p>Vous devez nous fournir votre adresse et les d\u00e9tails de votre maison, comme :<\/p>\n<ul>\n<li>La situation (environnement, vue et transports).<\/li>\n<li>L&rsquo;orientation et l&rsquo;exposition de la maison.<\/li>\n<li>Le nombre de pi\u00e8ces.<\/li>\n<li>La surface habitable.<\/li>\n<li>La surface du terrain.<\/li>\n<li>L&rsquo;ann\u00e9e de construction de la maison.<\/li>\n<li>L&rsquo;\u00e9tat global de votre bien.<\/li>\n<li>Les travaux effectu\u00e9s dans votre maison et leur ann\u00e9e.<\/li>\n<\/ul>\n<h3>2. Estimation offerte de votre appartement \u00e0 Renens VD sur internet avec Immobilierlocal<\/h3>\n<p>Pour d\u00e9couvrir la valeur sur le march\u00e9 de l&rsquo;immobilier de votre logement \u00e0 Renens VD, profitez de notre outil en ligne d&rsquo;\u00e9valuation immobili\u00e8re. En quelques minutes vous aurez connaissance de la valeur de votre appartement.<\/p>\n<p>Dans le but d&rsquo;\u00eatre plus pr\u00e9cis dans l&rsquo;\u00e9valuation de la valeur de votre bien, nous devrons avoir connaissance de certains \u00e9l\u00e9ments ou certaines indications :<\/p>\n<ul>\n<li>L&rsquo;environnement de votre appartement.<\/li>\n<li>L&rsquo;orientation.<\/li>\n<li>Le nombre de pi\u00e8ces.<\/li>\n<li>Les diff\u00e9rentes surfaces (habitable, garage, balcon&#8230;).<\/li>\n<li>Parking int\u00e9rieur et\/ou ext\u00e9rieur.<\/li>\n<li>Date de construction.<\/li>\n<li>L\u2019\u00e9tat g\u00e9n\u00e9ral.<\/li>\n<li>L\u2019ann\u00e9e et le co\u00fbt des derni\u00e8res r\u00e9novations.<\/li>\n<li>Le montant du \u00abfonds de r\u00e9novation PPE\u00bb.<\/li>\n<\/ul>\n<h3>3. Faire \u00e9valuer sa maison ou son appartement par un expert \u00e0 Renens VD<\/h3>\n<p>Nous disposons de nombreux agents immobiliers \u00e0 Renens VD qui se rendent chez vous pour examiner votre maison avant d&rsquo;effectuer une \u00e9valuation de votre maison. Il examinera aussi certains documents comme les plans cadastraux ou le registre foncier pour vous fournir une \u00e9valuation la plus pr\u00e9cise possible.<\/p>\n<p>L\u2019estimation prend en compte aussi la demande, et le march\u00e9 immobilier de Renens VD pour vous fournir la valeur r\u00e9elle de votre bien. Une fois l\u2019expertise termin\u00e9e, des astuces vous seront donn\u00e9es pour valoriser votre bien immobilier.<\/p>\n<p>B\u00e9n\u00e9ficiez d\u00e8s \u00e0 pr\u00e9sent d&rsquo;une estimation pr\u00e9cise et sans engagement de votre bien immobilier avec Immobilierlocal.<\/p>\n<h3>4. Est-il int\u00e9ressant d\u2019analyser les biens similaires en vente \u00e0 Renens VD ?<\/h3>\n<p>Oui, il est int\u00e9ressant d&rsquo;\u00e9tudier les autres biens mis en vente, comparer votre bien avec les annonces immobili\u00e8res \u00e0 Renens VD vous apporte des donn\u00e9es sur la valeur de votre maison ou appartement.<\/p>\n<h2>Comment vendre son bien immobilier au meilleur prix \u00e0 Renens VD ?<\/h2>\n<p>Pour vendre facilement votre bien immobilier, faites confiance \u00e0 Immobilierlocal !<\/p>\n<h3>1. Pourquoi faire confiance \u00e0 un sp\u00e9cialiste comme Immobilierlocal ?<\/h3>\n<p>Immobilierlocal vous met en relation avec un expert dans le secteur de Renens VD.<\/p>\n<h3>2. Obtenez une estimation pr\u00e9cise et qui prend en compte le march\u00e9 immobilier actuel<\/h3>\n<p>Immobilierlocal et ses partenaires examinent les prix des biens similaires pr\u00e9sents actuellement sur le march\u00e9 ainsi que ceux qui ont \u00e9t\u00e9 r\u00e9cemment vendus, afin de vous soumettre le prix de vente le meilleur prix de vente.<\/p>\n<h3>3. Sublimer votre bien avec Immobilierlocal<\/h3>\n<p>Immobilierlocal et ses collaborateurs organisent des s\u00e9ances photo pour sublimer votre propri\u00e9t\u00e9.<\/p>\n<h3>4. Assurez-vous que votre annonce immobili\u00e8re soit visible sur internet<\/h3>\n<p>Immobilierlocal et ses collaborateurs vous offrent la possibilit\u00e9 de diffuser votre annonce sur nos nombreux sites web sp\u00e9cialis\u00e9s dans l\u2019immobilier pour la montrer au maximum d\u2019acheteurs potentiels.<\/p>\n<h3>5. Choisissez l&rsquo;offre la plus int\u00e9ressante<\/h3>\n<p>Nous trions l&rsquo;ensemble des offres qui nous parviennent afin de vous pr\u00e9senter seulement celles qui peuvent vous int\u00e9resser.<\/p>\n<h3>6. \u00catre en position de force lors des n\u00e9gociations<\/h3>\n<p>Notre expert rassemble l&rsquo;ensemble des documents et informations possibles pour vous mettre en position de force afin de le vendre le plus cher possible, voici les documents et les informations n\u00e9cessaires :<\/p>\n<ul>\n<li>Les r\u00e9novations effectu\u00e9es et les factures associ\u00e9es,<\/li>\n<li>les plans architecturaux,<\/li>\n<li>les avantages environnementaux,<\/li>\n<li>Le d\u00e9veloppement \u00e9conomique r\u00e9gional.<\/li>\n<\/ul>\n<h2>Quel est l&rsquo;\u00e9tat du march\u00e9 immobilier \u00e0 Renens VD ?<\/h2>\n<h3>Estimation du prix des maisons \u00e0 Renens VD<\/h3>\n<p class=\"estimates-house-range\">Les prix des maisons \u00e0 Renens VD varient de CHF 1'377'247 \u00e0 CHF 1'996'021 en moyenne.<\/p>\n<h3>Estimation de la valeur des appartements \u00e0 Renens VD<\/h3>\n<p class=\"estimates-house-range\">Les prix des appartements \u00e0 Renens VD varient de CHF 1'026'839 \u00e0 CHF 1'091'703 en moyenne.<\/p>\n<h3>\u00c9valuation du prix des terrains \u00e0 Renens VD<\/h3>\n<p class=\"estimates-land\">Les prix moyens des terrains \u00e0 Renens VD sont de CHF 1'074 \/ m\u00b2 (prix par m\u00e8tre carr\u00e9).<\/p>\n<h2>Questions fr\u00e9quentes sur l&rsquo;\u00e9valuation immobili\u00e8re<\/h2>\n<h3>Quel est le tarif d&rsquo;une \u00e9valuation immobili\u00e8re \u00e0 Renens VD ?<\/h3>\n<p>Le tarif d&rsquo;une estimation immobili\u00e8re \u00e0 Renens VD fluctue en fonction de la complexit\u00e9 du bien. Que vous vendiez une demeure de luxe ou une maison standard, les co\u00fbts peuvent aller de CHF 150 \u00e0 CHF 1&rsquo;500.<\/p>\n<p>Cependant, avec notre simulateur d&rsquo;\u00e9valuation en ligne de notre agence Immobilierlocal, vous n&rsquo;avez rien \u00e0 payer ! Notre instrument a \u00e9t\u00e9 \u00e9labor\u00e9 durant de longues ann\u00e9es pour qu&rsquo;il soit le plus fiable et pr\u00e9cis possible. Il prend en compte l&rsquo;\u00e9tat du march\u00e9 actuel et des particularit\u00e9s de votre propri\u00e9t\u00e9.<\/p>\n<h3>Qui peut estimer un bien immobilier \u00e0 Renens VD ?<\/h3>\n<p>Pour une \u00e9valuation immobili\u00e8re plus pr\u00e9cise, vous avez plusieurs possibilit\u00e9s, vous pouvez contacter un professionnel des \u00e9valuations immobili\u00e8res, un architecte, un courtier en immobilier ou encore une banque.<\/p>\n<h3>Comment se d\u00e9roule l&rsquo;estimation d&rsquo;un bien \u00e0 Renens VD ?<\/h3>\n<ol>\n<li>Pour la premi\u00e8re \u00e9tape, un agent se rend \u00e0 votre domicile afin de r\u00e9aliser une visite approfondie du bien en vente.<\/li>\n<li>Apr\u00e8s cela : il analyse les textes en lien avec l&rsquo;achat et l&rsquo;entretien de votre propri\u00e9t\u00e9.<\/li>\n<li>Il effectue une analyse compl\u00e8te de la situation immobili\u00e8re en comparant votre propri\u00e9t\u00e9 aux autres biens actuellement en vente et en examinant les prix des ventes r\u00e9alis\u00e9es r\u00e9cemment \u00e0 Renens VD.<\/li>\n<li>Enfin, il vous donnera un bilan complet et une estimation pr\u00e9cise de la valeur de votre propri\u00e9t\u00e9 immobili\u00e8re.<\/li>\n<\/ol>\n<h3>Comment b\u00e9n\u00e9ficier d&rsquo;une \u00e9valuation de son bien gratuitement \u00e0 Renens VD<\/h3>\n<p>Utilisez l&rsquo;outil d&rsquo;estimation totalement gratuit de notre soci\u00e9t\u00e9 Immobilierlocal ! Vous pouvez aussi contacter nos sp\u00e9cialistes de l&rsquo;immobilier pour une \u00e9valuation.<\/p>\n<h3>Quels sont les divers crit\u00e8res qui peuvent faire \u00e9voluer le prix de vente de mon bien \u00e0 Renens VD ?<\/h3>\n<p>La valeur de vente d&rsquo;un bien immobilier r\u00e9sulte logiquement de multiples facteurs, qui peuvent fluctuer selon les p\u00e9riodes. Voici une liste des principaux param\u00e8tres pouvant faire \u00e9voluer le march\u00e9 immobilier \u00e0 Renens VD :<\/p>\n<ul>\n<li>Le tourisme,<\/li>\n<li>le d\u00e9veloppement \u00e9conomique de la ville,<\/li>\n<li>le rapport entre le nombre de vendeurs et d&rsquo;acqu\u00e9reurs,<\/li>\n<li>la proximit\u00e9 des commodit\u00e9s.<\/li>\n<\/ul>\n<h3>Comment accro\u00eetre la valeur de mon bien immobilier ?<\/h3>\n<p>Pour augmenter la valeur de votre bien, voici plusieurs conseils \u00e0 ne pas n\u00e9gliger :<\/p>\n<ul>\n<li>Assurez-vous que votre bien soit irr\u00e9prochable.<\/li>\n<li>Assurez-vous de ranger la totalit\u00e9 de vos pi\u00e8ces et agencez l&rsquo;espace pour permettre aux visiteurs de se projeter facilement.<\/li>\n<li>Mettez en lumi\u00e8re les points forts de votre logement.<\/li>\n<li>Si vous poss\u00e9dez une maison, valoriser le terrain.<\/li>\n<\/ul>\n<h3>Quelle conduite \u00e0 avoir vis-\u00e0-vis d\u2019un potentiel acqu\u00e9reur ?<\/h3>\n<ul>\n<li>Parlez-lui des diff\u00e9rents atouts de votre bien.<\/li>\n<li>R\u00e9pondez \u00e0 ses questions clairement et honn\u00eatement.<\/li>\n<li>\u00c9coutez les propos de l&rsquo;acqu\u00e9reur et allez dans son sens sans le contredire.<\/li>\n<\/ul>\n<h3>Quels sont les documents \u00e0 poss\u00e9der afin d&rsquo;\u00e9valuer ma propri\u00e9t\u00e9 immobili\u00e8re ?<\/h3>\n<ul>\n<li>Police assurance incendie compl\u00e8te<\/li>\n<li>Plan de niveau (si disponible)<\/li>\n<li>Travaux, factures (si disponible)<\/li>\n<li>Registre foncier (si disponible)<\/li>\n<li>Plan cadastral (si disponible)<\/li>\n<li>Descriptif de construction (si disponible)<\/li>\n<li>\u00c9ventuellement : plan d\u2019affectation et le r\u00e8glement de construction<\/li>\n<\/ul>\n<p>Pour les objets en PPE :<\/p>\n<ul>\n<li>Police assurance incendie compl\u00e8te de l\u2019immeuble (\u00e0 demander \u00e0 l\u2019administrateur)<\/li>\n<li>R\u00e8glement PPE<\/li>\n<li>Comptes PPE (3 derni\u00e8res ann\u00e9es)<\/li>\n<\/ul>\n<p>Estimation similaire dans les villes proches, comme : <br \/> Jouxtens-M\u00e9zery, Prilly, Crissier.<\/p>\n","protected":false},"excerpt":{"rendered":"<p>Obtenez une estimation en ligne gratuite et pr\u00e9cise \u00e0 Renens VD. Nous disposons \u00e9galement d&rsquo;agents immobiliers qui se d\u00e9placent chez vous afin de vous donner une \u00e9valuation plus pr\u00e9cise de votre bien. Vendez ou acqu\u00e9rez votre bien immobilier au meilleur prix, en toute simplicit\u00e9 avec Immobilierlocal. Derni\u00e8res estimations \u00e0 Renens VD par secteur Estimation de [&hellip;]<\/p>\n","protected":false},"author":3,"featured_media":368,"parent":149,"menu_order":0,"comment_status":"closed","ping_status":"closed","template":"","meta":{"footnotes":""},"categories":[6],"profession":[],"location":[24],"canton":[],"class_list":["post-235","page","type-page","status-publish","has-post-thumbnail","hentry","category-estimation"],"yoast_head":"<!-- This site is optimized with the Yoast SEO Premium plugin v23.0 (Yoast SEO v27.3) - https:\/\/yoast.com\/product\/yoast-seo-premium-wordpress\/ -->\n<title>Estimation immobili\u00e8re \u00e0 Renens VD avril 2026 gratuite &amp; rapide - Immobilierlocal<\/title>\n<meta name=\"description\" content=\"D\u00e9couvrez le Prix moyen au m\u00b2 \u00e0 Renens VD en avril 2026 \u2705 Estimation gratuite de votre bien \u2705 Derni\u00e8res \u00e9volutions du march\u00e9.\" \/>\n<meta name=\"robots\" content=\"index, follow, max-snippet:-1, max-image-preview:large, max-video-preview:-1\" \/>\n<link rel=\"canonical\" href=\"https:\/\/www.immobilierlocal.ch\/c\/estimation-immobiliere-canton-vaud\/estimation-immobiliere-a-renens\/\" \/>\n<meta property=\"og:locale\" content=\"fr_FR\" \/>\n<meta property=\"og:type\" content=\"article\" \/>\n<meta property=\"og:title\" content=\"Estimation immobili\u00e8re \u00e0 Renens VD avril 2026 gratuite &amp; rapide\" \/>\n<meta property=\"og:description\" content=\"D\u00e9couvrez le Prix moyen au m\u00b2 \u00e0 Renens VD en avril 2026 \u2705 Estimation gratuite de votre bien \u2705 Derni\u00e8res \u00e9volutions du march\u00e9.\" \/>\n<meta property=\"og:url\" content=\"https:\/\/www.immobilierlocal.ch\/c\/estimation-immobiliere-canton-vaud\/estimation-immobiliere-a-renens\/\" \/>\n<meta property=\"og:site_name\" content=\"Immobilierlocal\" \/>\n<meta property=\"article:modified_time\" content=\"2024-08-05T18:28:33+00:00\" \/>\n<meta property=\"og:image\" content=\"https:\/\/www.immobilierlocal.ch\/c\/wp-content\/uploads\/2023\/10\/estimation-immobiliere-a-renens-scaled.jpg\" \/>\n\t<meta property=\"og:image:width\" content=\"2560\" \/>\n\t<meta property=\"og:image:height\" content=\"817\" \/>\n\t<meta property=\"og:image:type\" content=\"image\/jpeg\" \/>\n<meta name=\"twitter:card\" content=\"summary_large_image\" \/>\n<meta name=\"twitter:label1\" content=\"Dur\u00e9e de lecture estim\u00e9e\" \/>\n\t<meta name=\"twitter:data1\" content=\"7 minutes\" \/>\n<script type=\"application\/ld+json\" class=\"yoast-schema-graph\">{\"@context\":\"https:\\\/\\\/schema.org\",\"@graph\":[{\"@type\":\"WebPage\",\"@id\":\"https:\\\/\\\/www.immobilierlocal.ch\\\/c\\\/estimation-immobiliere-canton-vaud\\\/estimation-immobiliere-a-renens\\\/\",\"url\":\"https:\\\/\\\/www.immobilierlocal.ch\\\/c\\\/estimation-immobiliere-canton-vaud\\\/estimation-immobiliere-a-renens\\\/\",\"name\":\"Estimation immobili\u00e8re \u00e0 Renens VD - Immobilierlocal\",\"isPartOf\":{\"@id\":\"https:\\\/\\\/www.immobilierlocal.ch\\\/c\\\/#website\"},\"primaryImageOfPage\":{\"@id\":\"https:\\\/\\\/www.immobilierlocal.ch\\\/c\\\/estimation-immobiliere-canton-vaud\\\/estimation-immobiliere-a-renens\\\/#primaryimage\"},\"image\":{\"@id\":\"https:\\\/\\\/www.immobilierlocal.ch\\\/c\\\/estimation-immobiliere-canton-vaud\\\/estimation-immobiliere-a-renens\\\/#primaryimage\"},\"thumbnailUrl\":\"https:\\\/\\\/www.immobilierlocal.ch\\\/c\\\/wp-content\\\/uploads\\\/2023\\\/10\\\/estimation-immobiliere-a-renens-scaled.jpg\",\"datePublished\":\"2023-10-19T08:33:51+00:00\",\"dateModified\":\"2024-08-05T18:28:33+00:00\",\"breadcrumb\":{\"@id\":\"https:\\\/\\\/www.immobilierlocal.ch\\\/c\\\/estimation-immobiliere-canton-vaud\\\/estimation-immobiliere-a-renens\\\/#breadcrumb\"},\"inLanguage\":\"fr-FR\",\"potentialAction\":[{\"@type\":\"ReadAction\",\"target\":[\"https:\\\/\\\/www.immobilierlocal.ch\\\/c\\\/estimation-immobiliere-canton-vaud\\\/estimation-immobiliere-a-renens\\\/\"]}]},{\"@type\":\"ImageObject\",\"inLanguage\":\"fr-FR\",\"@id\":\"https:\\\/\\\/www.immobilierlocal.ch\\\/c\\\/estimation-immobiliere-canton-vaud\\\/estimation-immobiliere-a-renens\\\/#primaryimage\",\"url\":\"https:\\\/\\\/www.immobilierlocal.ch\\\/c\\\/wp-content\\\/uploads\\\/2023\\\/10\\\/estimation-immobiliere-a-renens-scaled.jpg\",\"contentUrl\":\"https:\\\/\\\/www.immobilierlocal.ch\\\/c\\\/wp-content\\\/uploads\\\/2023\\\/10\\\/estimation-immobiliere-a-renens-scaled.jpg\",\"width\":2560,\"height\":817,\"caption\":\"Estimation immobili\u00e8re \u00e0 Renens VD\"},{\"@type\":\"BreadcrumbList\",\"@id\":\"https:\\\/\\\/www.immobilierlocal.ch\\\/c\\\/estimation-immobiliere-canton-vaud\\\/estimation-immobiliere-a-renens\\\/#breadcrumb\",\"itemListElement\":[{\"@type\":\"ListItem\",\"position\":1,\"name\":\"Accueil\",\"item\":\"https:\\\/\\\/www.immobilierlocal.ch\\\/c\\\/\"},{\"@type\":\"ListItem\",\"position\":2,\"name\":\"Estimation immobili\u00e8re dans le canton de Vaud\",\"item\":\"https:\\\/\\\/www.immobilierlocal.ch\\\/c\\\/estimation-immobiliere-canton-vaud\\\/\"},{\"@type\":\"ListItem\",\"position\":3,\"name\":\"Estimation immobili\u00e8re \u00e0 Renens\"}]},{\"@type\":\"WebSite\",\"@id\":\"https:\\\/\\\/www.immobilierlocal.ch\\\/c\\\/#website\",\"url\":\"https:\\\/\\\/www.immobilierlocal.ch\\\/c\\\/\",\"name\":\"Immobilierlocal\",\"description\":\"\",\"publisher\":{\"@id\":\"https:\\\/\\\/www.immobilierlocal.ch\\\/c\\\/#organization\"},\"potentialAction\":[{\"@type\":\"SearchAction\",\"target\":{\"@type\":\"EntryPoint\",\"urlTemplate\":\"https:\\\/\\\/www.immobilierlocal.ch\\\/c\\\/?s={search_term_string}\"},\"query-input\":{\"@type\":\"PropertyValueSpecification\",\"valueRequired\":true,\"valueName\":\"search_term_string\"}}],\"inLanguage\":\"fr-FR\"},{\"@type\":\"Organization\",\"@id\":\"https:\\\/\\\/www.immobilierlocal.ch\\\/c\\\/#organization\",\"name\":\"Immobilierlocal\",\"url\":\"https:\\\/\\\/www.immobilierlocal.ch\\\/c\\\/\",\"logo\":{\"@type\":\"ImageObject\",\"inLanguage\":\"fr-FR\",\"@id\":\"https:\\\/\\\/www.immobilierlocal.ch\\\/c\\\/#\\\/schema\\\/logo\\\/image\\\/\",\"url\":\"https:\\\/\\\/www.immobilierlocal.ch\\\/c\\\/wp-content\\\/uploads\\\/2023\\\/10\\\/logo-immobilierlocal-h.svg\",\"contentUrl\":\"https:\\\/\\\/www.immobilierlocal.ch\\\/c\\\/wp-content\\\/uploads\\\/2023\\\/10\\\/logo-immobilierlocal-h.svg\",\"caption\":\"Immobilierlocal\"},\"image\":{\"@id\":\"https:\\\/\\\/www.immobilierlocal.ch\\\/c\\\/#\\\/schema\\\/logo\\\/image\\\/\"}}]}<\/script>\n<!-- \/ Yoast SEO Premium plugin. -->","yoast_head_json":{"title":"Estimation immobili\u00e8re \u00e0 Renens VD avril 2026 gratuite & rapide - Immobilierlocal","description":"D\u00e9couvrez le Prix moyen au m\u00b2 \u00e0 Renens VD en avril 2026 \u2705 Estimation gratuite de votre bien \u2705 Derni\u00e8res \u00e9volutions du march\u00e9.","robots":{"index":"index","follow":"follow","max-snippet":"max-snippet:-1","max-image-preview":"max-image-preview:large","max-video-preview":"max-video-preview:-1"},"canonical":"https:\/\/www.immobilierlocal.ch\/c\/estimation-immobiliere-canton-vaud\/estimation-immobiliere-a-renens\/","og_locale":"fr_FR","og_type":"article","og_title":"Estimation immobili\u00e8re \u00e0 Renens VD avril 2026 gratuite & rapide","og_description":"D\u00e9couvrez le Prix moyen au m\u00b2 \u00e0 Renens VD en avril 2026 \u2705 Estimation gratuite de votre bien \u2705 Derni\u00e8res \u00e9volutions du march\u00e9.","og_url":"https:\/\/www.immobilierlocal.ch\/c\/estimation-immobiliere-canton-vaud\/estimation-immobiliere-a-renens\/","og_site_name":"Immobilierlocal","article_modified_time":"2024-08-05T18:28:33+00:00","og_image":[{"width":2560,"height":817,"url":"https:\/\/www.immobilierlocal.ch\/c\/wp-content\/uploads\/2023\/10\/estimation-immobiliere-a-renens-scaled.jpg","type":"image\/jpeg"}],"twitter_card":"summary_large_image","twitter_misc":{"Dur\u00e9e de lecture estim\u00e9e":"7 minutes"},"schema":{"@context":"https:\/\/schema.org","@graph":[{"@type":"WebPage","@id":"https:\/\/www.immobilierlocal.ch\/c\/estimation-immobiliere-canton-vaud\/estimation-immobiliere-a-renens\/","url":"https:\/\/www.immobilierlocal.ch\/c\/estimation-immobiliere-canton-vaud\/estimation-immobiliere-a-renens\/","name":"Estimation immobili\u00e8re \u00e0 Renens VD - Immobilierlocal","isPartOf":{"@id":"https:\/\/www.immobilierlocal.ch\/c\/#website"},"primaryImageOfPage":{"@id":"https:\/\/www.immobilierlocal.ch\/c\/estimation-immobiliere-canton-vaud\/estimation-immobiliere-a-renens\/#primaryimage"},"image":{"@id":"https:\/\/www.immobilierlocal.ch\/c\/estimation-immobiliere-canton-vaud\/estimation-immobiliere-a-renens\/#primaryimage"},"thumbnailUrl":"https:\/\/www.immobilierlocal.ch\/c\/wp-content\/uploads\/2023\/10\/estimation-immobiliere-a-renens-scaled.jpg","datePublished":"2023-10-19T08:33:51+00:00","dateModified":"2024-08-05T18:28:33+00:00","breadcrumb":{"@id":"https:\/\/www.immobilierlocal.ch\/c\/estimation-immobiliere-canton-vaud\/estimation-immobiliere-a-renens\/#breadcrumb"},"inLanguage":"fr-FR","potentialAction":[{"@type":"ReadAction","target":["https:\/\/www.immobilierlocal.ch\/c\/estimation-immobiliere-canton-vaud\/estimation-immobiliere-a-renens\/"]}]},{"@type":"ImageObject","inLanguage":"fr-FR","@id":"https:\/\/www.immobilierlocal.ch\/c\/estimation-immobiliere-canton-vaud\/estimation-immobiliere-a-renens\/#primaryimage","url":"https:\/\/www.immobilierlocal.ch\/c\/wp-content\/uploads\/2023\/10\/estimation-immobiliere-a-renens-scaled.jpg","contentUrl":"https:\/\/www.immobilierlocal.ch\/c\/wp-content\/uploads\/2023\/10\/estimation-immobiliere-a-renens-scaled.jpg","width":2560,"height":817,"caption":"Estimation immobili\u00e8re \u00e0 Renens VD"},{"@type":"BreadcrumbList","@id":"https:\/\/www.immobilierlocal.ch\/c\/estimation-immobiliere-canton-vaud\/estimation-immobiliere-a-renens\/#breadcrumb","itemListElement":[{"@type":"ListItem","position":1,"name":"Accueil","item":"https:\/\/www.immobilierlocal.ch\/c\/"},{"@type":"ListItem","position":2,"name":"Estimation immobili\u00e8re dans le canton de Vaud","item":"https:\/\/www.immobilierlocal.ch\/c\/estimation-immobiliere-canton-vaud\/"},{"@type":"ListItem","position":3,"name":"Estimation immobili\u00e8re \u00e0 Renens"}]},{"@type":"WebSite","@id":"https:\/\/www.immobilierlocal.ch\/c\/#website","url":"https:\/\/www.immobilierlocal.ch\/c\/","name":"Immobilierlocal","description":"","publisher":{"@id":"https:\/\/www.immobilierlocal.ch\/c\/#organization"},"potentialAction":[{"@type":"SearchAction","target":{"@type":"EntryPoint","urlTemplate":"https:\/\/www.immobilierlocal.ch\/c\/?s={search_term_string}"},"query-input":{"@type":"PropertyValueSpecification","valueRequired":true,"valueName":"search_term_string"}}],"inLanguage":"fr-FR"},{"@type":"Organization","@id":"https:\/\/www.immobilierlocal.ch\/c\/#organization","name":"Immobilierlocal","url":"https:\/\/www.immobilierlocal.ch\/c\/","logo":{"@type":"ImageObject","inLanguage":"fr-FR","@id":"https:\/\/www.immobilierlocal.ch\/c\/#\/schema\/logo\/image\/","url":"https:\/\/www.immobilierlocal.ch\/c\/wp-content\/uploads\/2023\/10\/logo-immobilierlocal-h.svg","contentUrl":"https:\/\/www.immobilierlocal.ch\/c\/wp-content\/uploads\/2023\/10\/logo-immobilierlocal-h.svg","caption":"Immobilierlocal"},"image":{"@id":"https:\/\/www.immobilierlocal.ch\/c\/#\/schema\/logo\/image\/"}}]}},"_links":{"self":[{"href":"https:\/\/www.immobilierlocal.ch\/c\/wp-json\/wp\/v2\/pages\/235","targetHints":{"allow":["GET"]}}],"collection":[{"href":"https:\/\/www.immobilierlocal.ch\/c\/wp-json\/wp\/v2\/pages"}],"about":[{"href":"https:\/\/www.immobilierlocal.ch\/c\/wp-json\/wp\/v2\/types\/page"}],"author":[{"embeddable":true,"href":"https:\/\/www.immobilierlocal.ch\/c\/wp-json\/wp\/v2\/users\/3"}],"replies":[{"embeddable":true,"href":"https:\/\/www.immobilierlocal.ch\/c\/wp-json\/wp\/v2\/comments?post=235"}],"version-history":[{"count":0,"href":"https:\/\/www.immobilierlocal.ch\/c\/wp-json\/wp\/v2\/pages\/235\/revisions"}],"up":[{"embeddable":true,"href":"https:\/\/www.immobilierlocal.ch\/c\/wp-json\/wp\/v2\/pages\/149"}],"wp:featuredmedia":[{"embeddable":true,"href":"https:\/\/www.immobilierlocal.ch\/c\/wp-json\/wp\/v2\/media\/368"}],"wp:attachment":[{"href":"https:\/\/www.immobilierlocal.ch\/c\/wp-json\/wp\/v2\/media?parent=235"}],"wp:term":[{"taxonomy":"category","embeddable":true,"href":"https:\/\/www.immobilierlocal.ch\/c\/wp-json\/wp\/v2\/categories?post=235"},{"taxonomy":"profession","embeddable":true,"href":"https:\/\/www.immobilierlocal.ch\/c\/wp-json\/wp\/v2\/profession?post=235"},{"taxonomy":"location","embeddable":true,"href":"https:\/\/www.immobilierlocal.ch\/c\/wp-json\/wp\/v2\/location?post=235"},{"taxonomy":"canton","embeddable":true,"href":"https:\/\/www.immobilierlocal.ch\/c\/wp-json\/wp\/v2\/canton?post=235"}],"curies":[{"name":"wp","href":"https:\/\/api.w.org\/{rel}","templated":true}]}}