
{"id":2340,"date":"2024-04-16T17:07:28","date_gmt":"2024-04-16T15:07:28","guid":{"rendered":"https:\/\/www.immobilierlocal.ch\/c\/?page_id=2340"},"modified":"2026-02-09T11:57:07","modified_gmt":"2026-02-09T10:57:07","slug":"agence-immobiliere-dans-le-canton-de-vaud-expert-en-ventes-et-locations-immobilieres","status":"publish","type":"page","link":"https:\/\/www.immobilierlocal.ch\/c\/agence-immobiliere-dans-le-canton-de-vaud-expert-en-ventes-et-locations-immobilieres\/","title":{"rendered":"Agence immobili\u00e8re dans le canton de Vaud : expert en ventes et locations immobili\u00e8res"},"content":{"rendered":"<p>Vous envisagez de vendre, d&rsquo;acheter, de louer une habitation ou un studio dans le canton de Vaud ? Immobilierlocal est disponible et \u00e0 votre \u00e9coute pour vous assister dans votre projet. Notre soci\u00e9t\u00e9 est situ\u00e9e dans le canton de Vaud, contactez-nous pour acheter la maison de vos r\u00eaves ou vendre la v\u00f4tre. Dans le canton de Vaud, notre entreprise offre des services pour : l&rsquo;acquisition, la vente, la mise en location de maisons, d&rsquo;appartements, de bureaux et de commerces, nous offrons aussi la g\u00e9rance de vos propri\u00e9t\u00e9s, la gestion locative d&rsquo;Airbnb, la gestion de copropri\u00e9t\u00e9s ou encore pour \u00e9laborer une solution de financement de votre futur bien.<\/p>\n<h2>Le march\u00e9 immobilier dans le canton de Vaud s&rsquo;\u00e9tend en dehors de sa localit\u00e9<\/h2>\n<p>Ces derni\u00e8res ann\u00e9es, les prix ont grimp\u00e9 en fl\u00e8che dans le canton de Vaud, pour diverses raisons :<\/p>\n<ul>\n<li>Sa situation g\u00e9ographique,<\/li>\n<li>le secteur de l&#8217;emploi,<\/li>\n<li>le confort et l&rsquo;\u00e9tat de son environnement.<\/li>\n<\/ul>\n<p>Acqu\u00e9rir un logement dans le canton de Vaud est aussi un investissement s\u00fbr, parce que la demande d&rsquo;achats et de locations a connu une forte hausse, entra\u00eenant une mont\u00e9e des prix.<\/p>\n<h3>Pour le prix immobilier moyen au m\u00b2 dans le canton de Vaud<\/h3>\n<p class=\"estimates-price-immobilier\">Le march\u00e9 immobilier dans le canton de Vaud affiche un prix moyen de CHF 9'198 \/ m\u00b2 (prix par m\u00e8tre carr\u00e9). Les maisons et les appartements ont un prix moyen respectif de CHF 9'134 \/ m\u00b2 et de CHF 9'261 \/ m\u00b2.<\/p>\n<h3>Pour le prix moyen du loyer dans le canton de Vaud<\/h3>\n<p class=\"estimates-rent-average\">Les loyers moyens dans le canton de Vaud sont actuellement de CHF 2'431 pour les appartements, CHF 3'185 pour les maisons.<\/p>\n<p>La raret\u00e9 des logements sur le march\u00e9 oblige les acheteurs \u00e0 \u00e9tendre leur prospection et \u00e0 se tourner vers des localit\u00e9s proches, telles que :<\/p>\nBogis-Bossey, Chavannes-de-Bogis, Chavannes-des-Bois, Versoix, Commugny, Bellevue, Genthod, Mies, Tannay, Coppet, Founex, C\u00e9ligny, Gland, Prangins, Nyon, Le Vaud, Eysins, Crassier, St-Cergue, La Cure, Duillier, Coinsins, Vich, Begnins, Bassins, Tr\u00e9lex, Givrins, Genolier, Arzier-Le Muids, Grens, Signy, Ch\u00e9serex, Gingins, Arnex-sur-Nyon, Borex, La Rippe, Crans VD, Rolle, Tartegnin, Gilly, Bursins, Luins, Vinzel, Mont-sur-Rolle, Essertines-sur-Rolle, St-Oyens, Gimel, St-George, Bursinel, Dully, Longirod, Marchissy, Burtigny, Apples, Ballens, Bi\u00e8re, Mollens VD, Berolle, Etoy, Buchillon, Allaman, Perroy, Villars-sous-Yens, Yens, Aubonne, Bougy-Villars, F\u00e9chy, Pizy, Montherod, Lavigny, St-Livres, Saubraz, Chavannes-pr\u00e8s-Renens, Ecublens VD, St-Sulpice VD, Denges, Echandens, Lonay, Pr\u00e9verenges, Villars-Ste-Croix, Bussigny, Morges, Echichens, St-Saphorin-sur-Morges, Colombier VD, Vullierens, Bremblens, Romanel-sur-Morges, Aclens, Monnaz, Vaux-sur-Morges, Clarmont, Reverolle, Tolochenaz, Lully VD, Chigny, Vufflens-le-Ch\u00e2teau, Denens, Bussy-Chardonney, St-Prex, Lussy-sur-Morges, Mex VD, Boussens, Bournens, Sullens, Bettens, Cottens VD, Grancy, Gollion, S\u00e9very, Pampigny, Montricher, Chavannes-le-Veyron, Cuarnens, L'Isle, La Coudre, Villars-Bozon, Mauraz, Moiry VD, Mont-la-Ville, Vufflens-la-Ville, Penthaz, Allens, Cossonay-Ville, Dizy, Senarclens, Penthalaz, Daillens, Lussery-Villars, La Chaux (Cossonay), Ecl\u00e9pens, Ferreyres, La Sarraz, Chevilly, Orny, Pompaples, Puidoux, Chexbres, Rivaz, St-Saphorin (Lavaux), Aran, Chenaux, Grandvaux, Cully, Villette (Lavaux), Riex, Epesses, Vevey, Le Mont-P\u00e8lerin, Corseaux, Chardonne, Corsier-sur-Vevey, Jongny, St-L\u00e9gier-La Chi\u00e9saz, Blonay, Les Monts-de-Corsier, Fenil-sur-Corsier, La Tour-de-Peilz, Clarens, Chailly-Montreux, Brent, Montreux, Territet, Veytaux, Chernex, Glion, Caux, Chamby, Villard-sur-Chamby, Les Avants, La Tine, Rossini\u00e8re, Flendruz, Rougemont, Ch\u00e2teau-d'Oex, L'Etivaz, La L\u00e9cherette, Les Moulins, Villeneuve VD, Noville, Chessel, Rennaz, Roche VD, Yvorne, Leysin, Corbeyrier, Aigle, La Comballaz, Les Mosses, Le S\u00e9pey, Vers-l'Eglise, Les Diablerets, La Forclaz VD, Ollon VD, Panex, St-Triphon, Bex, Fenalet-sur-Bex, Freni\u00e8res-sur-Bex, Les Plans-sur-Bex, Gryon, Les Posses-sur-Bex, Arveyes, Hu\u00e9moz, Villars-sur-Ollon, Chesi\u00e8res, Lavey-les-Bains, Lavey-Village, Peney-le-Jorat, Forel (Lavaux), Mollie-Margot, Savigny, Ferlens VD, Servion, Essertes, Les Cullayes, Montpreveyres, Corcelles-le-Jorat, M\u00e9zi\u00e8res VD, Carrouge VD, Vulliens, Ropraz, Les Tavernes, Les Thioleyres, Pal\u00e9zieux, Pal\u00e9zieux-Village, Chapelle (Gl\u00e2ne), Bussigny-sur-Oron, Chesalles-sur-Oron, Oron-le-Ch\u00e2tel, Ch\u00e2tillens, Oron-la-Ville, Vuibroye, Le Cr\u00eat-pr\u00e8s-Semsales, Ecoteaux, Maracon, Etagni\u00e8res, Bercher, Echallens, St-Barth\u00e9lemy VD, Villars-le-Terroir, Bottens, Poliez-Pittet, Dommartin, Naz, Poliez-le-Grand, Montaubion-Chardonney, Assens, Bioley-Orjulaz, Sugnens, Fey, Rueyres, Villars-Tiercelin, Penth\u00e9r\u00e9az, Eclagnens, Goumoens-la-Ville, Goumoens-le-Jux, Oulens-sous-Echallens, Pailly, Vuarrens, La Praz, Arnex-sur-Orbe, Croy, Romainm\u00f4tier, Premier, Vaulion, Juriens, Bretonni\u00e8res, Vallorbe, Ballaigues, Orbe, Agiez, Bofflens, Montcherand, L'Abergement, Sergey, La Russille, Les Cl\u00e9es, Lignerolle, Valeyres-sous-Rances, Bavois, Chavornay, Corcelles-sur-Chavornay, Rances, Baulmes, Oppens, Cheseaux-Nor\u00e9az, Yverdon-les-Bains, Cuarny, Villars-Epeney, Pomy, Cronay, Bioley-Magnoux, Donneloye, Gossens, M\u00e9zery-pr\u00e8s-Donneloye, Prahins, Ursins, Valeyres-sous-Ursins, Orzens, D\u00e9moret, Molondin, Epautheyres, Essertines-sur-Yverdon, Belmont-sur-Yverdon, Gressy, Suchy, Ependes VD, Essert-Pittet, Chamblon, Treycovagnes, Susc\u00e9vaz, Mathod, Valeyres-sous-Montagny, Montagny-pr\u00e8s-Yverdon, Champvent, Essert-sous-Champvent, Villars-sous-Champvent, Yvonand, Rovray, Chavannes-le-Ch\u00eane, Ch\u00eane-P\u00e2quier, Ogens, Villars-Mendraz, Sottens, Boulens, Chapelle-sur-Moudon, Martherenges, Peyres-Possens, Chan\u00e9az, Pr\u00e9vondavaux, Correvon, Denezy, St-Cierges, Thierrens, Vuissens, Vucherens, Moudon, Syens, Chavannes-sur-Moudon, Hermenches, Rossenges, Bussy-sur-Moudon, Neyruz-sur-Moudon, Villars-le-Comte, Curtilles, Lucens, Oulens-sur-Lucens, Granges-pr\u00e8s-Marnand, Marnand, Henniez, Seigneux, Cremin, Forel-sur-Lucens, Villeneuve FR, Praratoud, Surpierre, Cheiry, Chapelle (Broye), Sassel, Combremont-le-Grand, Combremont-le-Petit, Champtauroz, Rossens VD, S\u00e9deilles, Villarzel, Dompierre VD, Lovatens, Pr\u00e9vonloup, Cerniaz VD, Villars-Bramard, Brenles, Chesalles-sur-Moudon, Sarzens, Fiez, Fontaines-sur-Grandson, Grandevent, Grandson, Fontanezier, Romairon, Vaugondry, Villars-Burquin, Champagne, Onnens VD, Concise, Corcelles-pr\u00e8s-Concise, Bonvillars, Mutrux, Provence, Giez, Orges, Novalles, Vugelles-La Mothe, Vuiteboeuf, La Sagne (Ste-croix), Le Ch\u00e2teau-de-Ste-Croix, Ste-Croix, Les Rasses, Bullet, Mauborget, L'Auberson, La Vraconnaz, L'Orient, Le Pont, Les Charbonni\u00e8res, L'Abbaye, Le Lieu, Les Bioux, Le Sentier, Le Solliat, Le Brassus, Cheyres, Estavayer-le-Lac, Bollion, Lully FR, Seiry, Ch\u00e2tillon FR, Font, Ch\u00e2bles FR, Autavaux, Forel FR, Montbrelloz, Cugy FR, Vesin, Frasses, Montet (Broye), Aumont, Granges-de-Vesin, Nuvilly, Murist, Payerne, F\u00e9tigny, M\u00e9ni\u00e8res, Treytorrens (Payerne), Bussy FR, Morens FR, S\u00e9vaz, Rueyres-les-Pr\u00e9s, Grandcour, Chevroux, Vers-chez-Perrin, Trey, Ch\u00e2tonnaye, Corcelles-pr\u00e8s-Payerne, Missy, Cerniat FR, Middes, Cousset, Montagny-les-Monts, Grandsivaz, Mannens, Montagny-la-Ville, Gletterens, Dompierre FR, Domdidier, Vallon, Les Friques, St-Aubin FR, Delley, Portalban, Avenches, Oleyres, Donatyre, Villarepos, Villars-le-Grand, Bellerive VD, Cotterd, Salavaux, Vallamand, Constantine, Montmagny, Cudrefin, Chabrey, Clavaleyres, Faoug, Corm\u00e9rod, Courtion, Misery, Chandon, L\u00e9chelles, Russy, Sugiez, Mur (Vully) FR, M\u00f4tier (Vully), Mur (Vully) VD, Praz (Vully), Lugnorre, Pully, Les Monts-de-Pully, La Croix (Lutry), Belmont-sur-Lausanne, La Conversion, Paudex, Lutry, Jouxtens-M\u00e9zery, Prilly, Renens VD, Crissier, Romanel-sur-Lausanne, Cheseaux-sur-Lausanne, Le Mont-sur-Lausanne, Bretigny-sur-Morrens, Cugy VD, Morrens VD, Froideville, Epalinges.\n<h2>L\u2019implantation de notre agence immobili\u00e8re dans le canton de Vaud<\/h2>\n<p>Localis\u00e9e dans le canton de Vaud notre agence op\u00e8re dans dans tous les secteurs de la ville.<\/p>\n\n<div id=\"map\" class=\"map\" data-adresse=\"Avenue de Grandson 15 1400\u00a0Yverdon-les-Bains, Suisse\"><\/div>\n<h2>Pourquoi travailler avec Immobilierlocal ?<\/h2>\n<p>Notre soci\u00e9t\u00e9, Immobilierlocal, propose une gamme compl\u00e8te de services, notamment :<\/p>\n<ul>\n<li>La publication de votre publicit\u00e9 sur notre site : dans le but de toucher plus de monde.<\/li>\n<li>Une vitrine en suisse et sur internet : notre site internet est r\u00e9f\u00e9renc\u00e9 sur des moteurs de recherches web en langue fran\u00e7aise afin de toucher plus de vendeurs, de propri\u00e9taires et d&rsquo;acheteurs.<\/li>\n<li>Strat\u00e9gie de vente personnalis\u00e9e : chaque bien sur notre site b\u00e9n\u00e9ficie d&rsquo;une strat\u00e9gie de vente sur mesure.<\/li>\n<li>Estimation immobili\u00e8re en ligne : nous avons mis au point un outil en ligne pour d\u00e9terminer les prix de vente des propri\u00e9t\u00e9s immobili\u00e8res dans le canton de Vaud.<\/li>\n<li>Photos et vid\u00e9os : nous effectuons la prise des photos et des vid\u00e9os dans le but de mettre en valeur votre propri\u00e9t\u00e9.<\/li>\n<li>Signature \u00e9lectronique : nous mettons \u00e0 disposition la signature des documents par voie \u00e9lectronique afin de vous faciliter la vie.<\/li>\n<li>Service de conciergerie : nous proposons aussi une prestation pour les propri\u00e9taires de logements airbnb.<\/li>\n<li>Gestion locative : nous offrons une protection pour les loyers impay\u00e9s.<\/li>\n<\/ul>\n<h2>Une agence immobili\u00e8re qui regroupe des professionnels<\/h2>\n<p>Les professionnels de notre entreprise sont qualifi\u00e9s, qu&rsquo;il s&rsquo;agisse de conseillers commerciaux ou de managers. Nos conseillers suivent r\u00e9guli\u00e8rement des formations afin de maintenir leurs connaissances techniques, juridiques et commerciales \u00e0 jour. Chaque commercial de notre \u00e9quipe a une grande exp\u00e9rience dans le monde de l&rsquo;immobilier. Cette exp\u00e9rience, nous permet d&rsquo;apporter le meilleur accompagnement \u00e0 nos partenaires, car votre satisfaction est notre objectif.<\/p>\n<h2>\u00c9valuer un bien dans le canton de Vaud<\/h2>\n<p>Vous \u00eates dans le canton de Vaud, notre entreprise immobili\u00e8re r\u00e9alise des estimations immobili\u00e8res pr\u00e9cises de votre maison en tenant compte des sp\u00e9cificit\u00e9s de votre domicile comme votre quartier. Immobilierlocal offre \u00e0 sa client\u00e8le, les services, comme : la gestion de vos appartements locatifs, l&rsquo;achat, la vente, les placements immobiliers, la g\u00e9rance des locations temporaires et la gestion du syndic.<\/p>\n<h2>Un accompagnement sur mesure<\/h2>\n<p>Nous sommes bien conscients que votre projet est adapt\u00e9 \u00e0 votre situation et vos d\u00e9sirs, c&rsquo;est pour cela que nous proposons des services personnalis\u00e9s. Si vous avez besoin d\u2019acheter ou de louer une maison ou un studio dans le canton de Vaud, nos sp\u00e9cialistes se tiennent \u00e0 votre service pour toutes les phases de votre projet. Vous voulez acqu\u00e9rir une nouvelle maison dans le canton de Vaud ? Nous cherchons et trouvons le meilleur appartement potentiel au moyen de notre r\u00e9seau.<\/p>\n<h2>Vous cherchez une entreprise immobili\u00e8re dans le canton de Vaud ?<\/h2>\n<p>Notre agence Immobilierlocal se trouve dans le canton de Vaud. Nous vous accueillerons dans notre soci\u00e9t\u00e9, pr\u00eats \u00e0 vous \u00e9couter et \u00e0 concr\u00e9tiser vos projets. Nos experts immobiliers sont vos partenaires de confiance pour la gestion de biens immobiliers, l&rsquo;achat et la vente.<\/p>\n","protected":false},"excerpt":{"rendered":"<p>Vous envisagez de vendre, d&rsquo;acheter, de louer une habitation ou un studio dans le canton de Vaud ? Immobilierlocal est disponible et \u00e0 votre \u00e9coute pour vous assister dans votre projet. Notre soci\u00e9t\u00e9 est situ\u00e9e dans le canton de Vaud, contactez-nous pour acheter la maison de vos r\u00eaves ou vendre la v\u00f4tre. Dans le canton [&hellip;]<\/p>\n","protected":false},"author":3,"featured_media":2768,"parent":0,"menu_order":0,"comment_status":"closed","ping_status":"closed","template":"page-canton","meta":{"footnotes":""},"categories":[89],"profession":[92],"location":[],"canton":[79],"class_list":["post-2340","page","type-page","status-publish","has-post-thumbnail","hentry","category-agence","profession-agent-immobilier"],"yoast_head":"<!-- This site is optimized with the Yoast SEO Premium plugin v23.0 (Yoast SEO v27.3) - https:\/\/yoast.com\/product\/yoast-seo-premium-wordpress\/ -->\n<title>Agence immobili\u00e8re dans le canton de Vaud : expert en ventes et locations immobili\u00e8res - Immobilierlocal<\/title>\n<meta name=\"robots\" content=\"index, follow, max-snippet:-1, max-image-preview:large, max-video-preview:-1\" \/>\n<link rel=\"canonical\" href=\"https:\/\/www.immobilierlocal.ch\/c\/agence-immobiliere-dans-le-canton-de-vaud-expert-en-ventes-et-locations-immobilieres\/\" \/>\n<meta property=\"og:locale\" content=\"fr_FR\" \/>\n<meta property=\"og:type\" content=\"article\" \/>\n<meta property=\"og:title\" content=\"Agence immobili\u00e8re dans le canton de Vaud : expert en ventes et locations immobili\u00e8res\" \/>\n<meta property=\"og:description\" content=\"Vous envisagez de vendre, d&rsquo;acheter, de louer une habitation ou un studio dans le canton de Vaud ? Immobilierlocal est disponible et \u00e0 votre \u00e9coute pour vous assister dans votre projet. Notre soci\u00e9t\u00e9 est situ\u00e9e dans le canton de Vaud, contactez-nous pour acheter la maison de vos r\u00eaves ou vendre la v\u00f4tre. Dans le canton [&hellip;]\" \/>\n<meta property=\"og:url\" content=\"https:\/\/www.immobilierlocal.ch\/c\/agence-immobiliere-dans-le-canton-de-vaud-expert-en-ventes-et-locations-immobilieres\/\" \/>\n<meta property=\"og:site_name\" content=\"Immobilierlocal\" \/>\n<meta property=\"article:modified_time\" content=\"2026-02-09T10:57:07+00:00\" \/>\n<meta property=\"og:image\" content=\"https:\/\/www.immobilierlocal.ch\/c\/wp-content\/uploads\/2026\/02\/agence-immobiliere.jpg\" \/>\n\t<meta property=\"og:image:width\" content=\"1920\" \/>\n\t<meta property=\"og:image:height\" content=\"300\" \/>\n\t<meta property=\"og:image:type\" content=\"image\/jpeg\" \/>\n<meta name=\"twitter:card\" content=\"summary_large_image\" \/>\n<meta name=\"twitter:label1\" content=\"Dur\u00e9e de lecture estim\u00e9e\" \/>\n\t<meta name=\"twitter:data1\" content=\"4 minutes\" \/>\n<script type=\"application\/ld+json\" class=\"yoast-schema-graph\">{\"@context\":\"https:\\\/\\\/schema.org\",\"@graph\":[{\"@type\":\"WebPage\",\"@id\":\"https:\\\/\\\/www.immobilierlocal.ch\\\/c\\\/agence-immobiliere-dans-le-canton-de-vaud-expert-en-ventes-et-locations-immobilieres\\\/\",\"url\":\"https:\\\/\\\/www.immobilierlocal.ch\\\/c\\\/agence-immobiliere-dans-le-canton-de-vaud-expert-en-ventes-et-locations-immobilieres\\\/\",\"name\":\"Agence immobili\u00e8re dans le canton de Vaud : expert en ventes et locations immobili\u00e8res - Immobilierlocal\",\"isPartOf\":{\"@id\":\"https:\\\/\\\/www.immobilierlocal.ch\\\/c\\\/#website\"},\"primaryImageOfPage\":{\"@id\":\"https:\\\/\\\/www.immobilierlocal.ch\\\/c\\\/agence-immobiliere-dans-le-canton-de-vaud-expert-en-ventes-et-locations-immobilieres\\\/#primaryimage\"},\"image\":{\"@id\":\"https:\\\/\\\/www.immobilierlocal.ch\\\/c\\\/agence-immobiliere-dans-le-canton-de-vaud-expert-en-ventes-et-locations-immobilieres\\\/#primaryimage\"},\"thumbnailUrl\":\"https:\\\/\\\/www.immobilierlocal.ch\\\/c\\\/wp-content\\\/uploads\\\/2026\\\/02\\\/agence-immobiliere.jpg\",\"datePublished\":\"2024-04-16T15:07:28+00:00\",\"dateModified\":\"2026-02-09T10:57:07+00:00\",\"breadcrumb\":{\"@id\":\"https:\\\/\\\/www.immobilierlocal.ch\\\/c\\\/agence-immobiliere-dans-le-canton-de-vaud-expert-en-ventes-et-locations-immobilieres\\\/#breadcrumb\"},\"inLanguage\":\"fr-FR\",\"potentialAction\":[{\"@type\":\"ReadAction\",\"target\":[\"https:\\\/\\\/www.immobilierlocal.ch\\\/c\\\/agence-immobiliere-dans-le-canton-de-vaud-expert-en-ventes-et-locations-immobilieres\\\/\"]}]},{\"@type\":\"ImageObject\",\"inLanguage\":\"fr-FR\",\"@id\":\"https:\\\/\\\/www.immobilierlocal.ch\\\/c\\\/agence-immobiliere-dans-le-canton-de-vaud-expert-en-ventes-et-locations-immobilieres\\\/#primaryimage\",\"url\":\"https:\\\/\\\/www.immobilierlocal.ch\\\/c\\\/wp-content\\\/uploads\\\/2026\\\/02\\\/agence-immobiliere.jpg\",\"contentUrl\":\"https:\\\/\\\/www.immobilierlocal.ch\\\/c\\\/wp-content\\\/uploads\\\/2026\\\/02\\\/agence-immobiliere.jpg\",\"width\":1920,\"height\":300},{\"@type\":\"BreadcrumbList\",\"@id\":\"https:\\\/\\\/www.immobilierlocal.ch\\\/c\\\/agence-immobiliere-dans-le-canton-de-vaud-expert-en-ventes-et-locations-immobilieres\\\/#breadcrumb\",\"itemListElement\":[{\"@type\":\"ListItem\",\"position\":1,\"name\":\"Accueil\",\"item\":\"https:\\\/\\\/www.immobilierlocal.ch\\\/c\\\/\"},{\"@type\":\"ListItem\",\"position\":2,\"name\":\"Agences immobili\u00e8res\",\"item\":\"https:\\\/\\\/www.immobilierlocal.ch\\\/agences\"},{\"@type\":\"ListItem\",\"position\":3,\"name\":\"Agence immobili\u00e8re dans le canton de Vaud\"}]},{\"@type\":\"WebSite\",\"@id\":\"https:\\\/\\\/www.immobilierlocal.ch\\\/c\\\/#website\",\"url\":\"https:\\\/\\\/www.immobilierlocal.ch\\\/c\\\/\",\"name\":\"Immobilierlocal\",\"description\":\"\",\"publisher\":{\"@id\":\"https:\\\/\\\/www.immobilierlocal.ch\\\/c\\\/#organization\"},\"potentialAction\":[{\"@type\":\"SearchAction\",\"target\":{\"@type\":\"EntryPoint\",\"urlTemplate\":\"https:\\\/\\\/www.immobilierlocal.ch\\\/c\\\/?s={search_term_string}\"},\"query-input\":{\"@type\":\"PropertyValueSpecification\",\"valueRequired\":true,\"valueName\":\"search_term_string\"}}],\"inLanguage\":\"fr-FR\"},{\"@type\":\"Organization\",\"@id\":\"https:\\\/\\\/www.immobilierlocal.ch\\\/c\\\/#organization\",\"name\":\"Immobilierlocal\",\"url\":\"https:\\\/\\\/www.immobilierlocal.ch\\\/c\\\/\",\"logo\":{\"@type\":\"ImageObject\",\"inLanguage\":\"fr-FR\",\"@id\":\"https:\\\/\\\/www.immobilierlocal.ch\\\/c\\\/#\\\/schema\\\/logo\\\/image\\\/\",\"url\":\"https:\\\/\\\/www.immobilierlocal.ch\\\/c\\\/wp-content\\\/uploads\\\/2023\\\/10\\\/logo-immobilierlocal-h.svg\",\"contentUrl\":\"https:\\\/\\\/www.immobilierlocal.ch\\\/c\\\/wp-content\\\/uploads\\\/2023\\\/10\\\/logo-immobilierlocal-h.svg\",\"caption\":\"Immobilierlocal\"},\"image\":{\"@id\":\"https:\\\/\\\/www.immobilierlocal.ch\\\/c\\\/#\\\/schema\\\/logo\\\/image\\\/\"}}]}<\/script>\n<!-- \/ Yoast SEO Premium plugin. -->","yoast_head_json":{"title":"Agence immobili\u00e8re dans le canton de Vaud : expert en ventes et locations immobili\u00e8res - Immobilierlocal","robots":{"index":"index","follow":"follow","max-snippet":"max-snippet:-1","max-image-preview":"max-image-preview:large","max-video-preview":"max-video-preview:-1"},"canonical":"https:\/\/www.immobilierlocal.ch\/c\/agence-immobiliere-dans-le-canton-de-vaud-expert-en-ventes-et-locations-immobilieres\/","og_locale":"fr_FR","og_type":"article","og_title":"Agence immobili\u00e8re dans le canton de Vaud : expert en ventes et locations immobili\u00e8res","og_description":"Vous envisagez de vendre, d&rsquo;acheter, de louer une habitation ou un studio dans le canton de Vaud ? Immobilierlocal est disponible et \u00e0 votre \u00e9coute pour vous assister dans votre projet. Notre soci\u00e9t\u00e9 est situ\u00e9e dans le canton de Vaud, contactez-nous pour acheter la maison de vos r\u00eaves ou vendre la v\u00f4tre. Dans le canton [&hellip;]","og_url":"https:\/\/www.immobilierlocal.ch\/c\/agence-immobiliere-dans-le-canton-de-vaud-expert-en-ventes-et-locations-immobilieres\/","og_site_name":"Immobilierlocal","article_modified_time":"2026-02-09T10:57:07+00:00","og_image":[{"width":1920,"height":300,"url":"https:\/\/www.immobilierlocal.ch\/c\/wp-content\/uploads\/2026\/02\/agence-immobiliere.jpg","type":"image\/jpeg"}],"twitter_card":"summary_large_image","twitter_misc":{"Dur\u00e9e de lecture estim\u00e9e":"4 minutes"},"schema":{"@context":"https:\/\/schema.org","@graph":[{"@type":"WebPage","@id":"https:\/\/www.immobilierlocal.ch\/c\/agence-immobiliere-dans-le-canton-de-vaud-expert-en-ventes-et-locations-immobilieres\/","url":"https:\/\/www.immobilierlocal.ch\/c\/agence-immobiliere-dans-le-canton-de-vaud-expert-en-ventes-et-locations-immobilieres\/","name":"Agence immobili\u00e8re dans le canton de Vaud : expert en ventes et locations immobili\u00e8res - Immobilierlocal","isPartOf":{"@id":"https:\/\/www.immobilierlocal.ch\/c\/#website"},"primaryImageOfPage":{"@id":"https:\/\/www.immobilierlocal.ch\/c\/agence-immobiliere-dans-le-canton-de-vaud-expert-en-ventes-et-locations-immobilieres\/#primaryimage"},"image":{"@id":"https:\/\/www.immobilierlocal.ch\/c\/agence-immobiliere-dans-le-canton-de-vaud-expert-en-ventes-et-locations-immobilieres\/#primaryimage"},"thumbnailUrl":"https:\/\/www.immobilierlocal.ch\/c\/wp-content\/uploads\/2026\/02\/agence-immobiliere.jpg","datePublished":"2024-04-16T15:07:28+00:00","dateModified":"2026-02-09T10:57:07+00:00","breadcrumb":{"@id":"https:\/\/www.immobilierlocal.ch\/c\/agence-immobiliere-dans-le-canton-de-vaud-expert-en-ventes-et-locations-immobilieres\/#breadcrumb"},"inLanguage":"fr-FR","potentialAction":[{"@type":"ReadAction","target":["https:\/\/www.immobilierlocal.ch\/c\/agence-immobiliere-dans-le-canton-de-vaud-expert-en-ventes-et-locations-immobilieres\/"]}]},{"@type":"ImageObject","inLanguage":"fr-FR","@id":"https:\/\/www.immobilierlocal.ch\/c\/agence-immobiliere-dans-le-canton-de-vaud-expert-en-ventes-et-locations-immobilieres\/#primaryimage","url":"https:\/\/www.immobilierlocal.ch\/c\/wp-content\/uploads\/2026\/02\/agence-immobiliere.jpg","contentUrl":"https:\/\/www.immobilierlocal.ch\/c\/wp-content\/uploads\/2026\/02\/agence-immobiliere.jpg","width":1920,"height":300},{"@type":"BreadcrumbList","@id":"https:\/\/www.immobilierlocal.ch\/c\/agence-immobiliere-dans-le-canton-de-vaud-expert-en-ventes-et-locations-immobilieres\/#breadcrumb","itemListElement":[{"@type":"ListItem","position":1,"name":"Accueil","item":"https:\/\/www.immobilierlocal.ch\/c\/"},{"@type":"ListItem","position":2,"name":"Agences immobili\u00e8res","item":"https:\/\/www.immobilierlocal.ch\/agences"},{"@type":"ListItem","position":3,"name":"Agence immobili\u00e8re dans le canton de Vaud"}]},{"@type":"WebSite","@id":"https:\/\/www.immobilierlocal.ch\/c\/#website","url":"https:\/\/www.immobilierlocal.ch\/c\/","name":"Immobilierlocal","description":"","publisher":{"@id":"https:\/\/www.immobilierlocal.ch\/c\/#organization"},"potentialAction":[{"@type":"SearchAction","target":{"@type":"EntryPoint","urlTemplate":"https:\/\/www.immobilierlocal.ch\/c\/?s={search_term_string}"},"query-input":{"@type":"PropertyValueSpecification","valueRequired":true,"valueName":"search_term_string"}}],"inLanguage":"fr-FR"},{"@type":"Organization","@id":"https:\/\/www.immobilierlocal.ch\/c\/#organization","name":"Immobilierlocal","url":"https:\/\/www.immobilierlocal.ch\/c\/","logo":{"@type":"ImageObject","inLanguage":"fr-FR","@id":"https:\/\/www.immobilierlocal.ch\/c\/#\/schema\/logo\/image\/","url":"https:\/\/www.immobilierlocal.ch\/c\/wp-content\/uploads\/2023\/10\/logo-immobilierlocal-h.svg","contentUrl":"https:\/\/www.immobilierlocal.ch\/c\/wp-content\/uploads\/2023\/10\/logo-immobilierlocal-h.svg","caption":"Immobilierlocal"},"image":{"@id":"https:\/\/www.immobilierlocal.ch\/c\/#\/schema\/logo\/image\/"}}]}},"_links":{"self":[{"href":"https:\/\/www.immobilierlocal.ch\/c\/wp-json\/wp\/v2\/pages\/2340","targetHints":{"allow":["GET"]}}],"collection":[{"href":"https:\/\/www.immobilierlocal.ch\/c\/wp-json\/wp\/v2\/pages"}],"about":[{"href":"https:\/\/www.immobilierlocal.ch\/c\/wp-json\/wp\/v2\/types\/page"}],"author":[{"embeddable":true,"href":"https:\/\/www.immobilierlocal.ch\/c\/wp-json\/wp\/v2\/users\/3"}],"replies":[{"embeddable":true,"href":"https:\/\/www.immobilierlocal.ch\/c\/wp-json\/wp\/v2\/comments?post=2340"}],"version-history":[{"count":0,"href":"https:\/\/www.immobilierlocal.ch\/c\/wp-json\/wp\/v2\/pages\/2340\/revisions"}],"wp:featuredmedia":[{"embeddable":true,"href":"https:\/\/www.immobilierlocal.ch\/c\/wp-json\/wp\/v2\/media\/2768"}],"wp:attachment":[{"href":"https:\/\/www.immobilierlocal.ch\/c\/wp-json\/wp\/v2\/media?parent=2340"}],"wp:term":[{"taxonomy":"category","embeddable":true,"href":"https:\/\/www.immobilierlocal.ch\/c\/wp-json\/wp\/v2\/categories?post=2340"},{"taxonomy":"profession","embeddable":true,"href":"https:\/\/www.immobilierlocal.ch\/c\/wp-json\/wp\/v2\/profession?post=2340"},{"taxonomy":"location","embeddable":true,"href":"https:\/\/www.immobilierlocal.ch\/c\/wp-json\/wp\/v2\/location?post=2340"},{"taxonomy":"canton","embeddable":true,"href":"https:\/\/www.immobilierlocal.ch\/c\/wp-json\/wp\/v2\/canton?post=2340"}],"curies":[{"name":"wp","href":"https:\/\/api.w.org\/{rel}","templated":true}]}}