
{"id":234,"date":"2023-10-19T10:33:51","date_gmt":"2023-10-19T08:33:51","guid":{"rendered":"https:\/\/immobilierlocal.ch\/c\/234-2\/"},"modified":"2024-08-05T20:21:20","modified_gmt":"2024-08-05T18:21:20","slug":"estimation-immobiliere-a-chardonne","status":"publish","type":"page","link":"https:\/\/www.immobilierlocal.ch\/c\/estimation-immobiliere-canton-vaud\/estimation-immobiliere-a-chardonne\/","title":{"rendered":"Estimation immobili\u00e8re \u00e0 Chardonne"},"content":{"rendered":"<p>Utilisez Immobilierlocal pour profiter d&rsquo;une estimation rapide et pr\u00e9cise de la valeur immobili\u00e8re de votre bien \u00e0 Chardonne. Nous avons \u00e9galement \u00e0 disposition des agents immobiliers qui peuvent se rendre chez vous afin de vous procurer une estimation plus pr\u00e9cise de votre bien. Mettre en vente son bien avec Immobilierlocal, c&rsquo;est l&rsquo;assurance de vendre son bien au meilleur prix et en toute simplicit\u00e9.<\/p>\n\n<h2>Derni\u00e8res estimations \u00e0 Chardonne par secteur<\/h2>\n<div class=\"estimates-lastest\"><ul><li>Pour un appartement 5 pi\u00e8ces \u00e0 Chardonne, surface pond\u00e9r\u00e9e (m\u00b2) : 95, orientation Ouest, avec balcon, transports fr\u00e9quence limit\u00e9e, sans parking, commodit\u00e9s et \u00e9coles limit\u00e9es, situation ordinaire, CHF 8'422 \/ m\u00b2<\/li><li>Pour un appartement 6 pi\u00e8ces \u00e0 Chardonne, surface pond\u00e9r\u00e9e (m\u00b2) : 100, orientation Sud-Est\/Ouest, sans balcon, transports fr\u00e9quence limit\u00e9e, avec parking, commodit\u00e9s et \u00e9coles limit\u00e9es, situation ordinaire, CHF 9'181 \/ m\u00b2<\/li><li>Pour un appartement 6.5 pi\u00e8ces \u00e0 Chardonne, surface pond\u00e9r\u00e9e (m\u00b2) : 100, orientation Ouest, avec balcon, transports fr\u00e9quence limit\u00e9e, sans parking, commodit\u00e9s et \u00e9coles limit\u00e9es, situation ordinaire, CHF 8'393 \/ m\u00b2<\/li><\/ul><\/div>\n<h2>Evaluation de la valeur des maisons \u00e0 Chardonne par nombre de pi\u00e8ces<\/h2>\n<div class=\"estimates-room\"><ul><li>Pour une maison 4.5 pi\u00e8ces \u00e0 Chardonne, volume (m\u00b3) : 720 et terrain (m\u00b2) : 650, transports fr\u00e9quence limit\u00e9e, commodit\u00e9s et \u00e9coles limit\u00e9es, situation ordinaire, CHF 8'407 \/ m\u00b2<\/li><li>Pour une maison 6.5 pi\u00e8ces \u00e0 Chardonne, volume (m\u00b3) : 1057.5 et terrain (m\u00b2) : 650, transports fr\u00e9quence limit\u00e9e, commodit\u00e9s et \u00e9coles limit\u00e9es, situation ordinaire, CHF 7'353 \/ m\u00b2<\/li><li>Pour une maison 6 pi\u00e8ces \u00e0 Chardonne, volume (m\u00b3) : 832.5 et terrain (m\u00b2) : 350, transports fr\u00e9quence limit\u00e9e, commodit\u00e9s et \u00e9coles limit\u00e9es, situation ordinaire, CHF 6'504 \/ m\u00b2<\/li><\/ul><\/div><div class=\"iframe-text\">Estimer maintenant votre bien immobilier<\/div><iframe id=\"estimer\" src=\"https:\/\/www.immobilierlocal.ch\/estimer?iframe=1\" frameborder=\"0\" loading=\"lazy\" width=\"100%\" height=\"1000\" style=\"overflow-x:hidden;\" referrerpolicy=\"no-referrer-when-downgrade\" title=\"Estimation immobili\u00e8re\"><\/iframe>\n<h2>Comment savoir le prix de son bien immobilier \u00e0 Chardonne ?<\/h2>\n<h3>1. Estimation gratuite de votre maison \u00e0 Chardonne en ligne avec Immobilierlocal<\/h3>\n<p>Gagnez du temps et r\u00e9alisez une estimation du prix de vente de votre bien immobilier gr\u00e2ce \u00e0 notre outil d&rsquo;estimation.<\/p>\n<p>Vous devez nous fournir votre adresse et les d\u00e9tails de votre maison, comme :<\/p>\n<ul>\n<li>L&rsquo;environnement de la propri\u00e9t\u00e9 (acc\u00e8s aux transports, vis \u00e0 vis, pr\u00e9sence d&rsquo;\u00e9coles et de commerces&#8230;).<\/li>\n<li>L&rsquo;orientation et l&rsquo;exposition de la maison.<\/li>\n<li>Le nombre de pi\u00e8ces.<\/li>\n<li>La surface habitable.<\/li>\n<li>La surface du terrain.<\/li>\n<li>L&rsquo;ann\u00e9e de construction de la maison.<\/li>\n<li>L&rsquo;\u00e9tat global de votre bien.<\/li>\n<li>Les travaux effectu\u00e9s dans votre maison et leur ann\u00e9e.<\/li>\n<\/ul>\n<h3>2. Estimation gratuite de votre appartement \u00e0 Chardonne en ligne avec Immobilierlocal<\/h3>\n<p>Pour d\u00e9couvrir la valeur immobili\u00e8re de votre appartement \u00e0 Chardonne, utilisez notre outil en ligne d&rsquo;estimation immobili\u00e8re. En quelques minutes vous aurez connaissance du prix de vente de votre appartement.<\/p>\n<p>Pour obtenir une estimation pr\u00e9cise, vous devrez fournir les \u00e9l\u00e9ments de votre propri\u00e9t\u00e9, apr\u00e8s avoir indiqu\u00e9 votre adresse, comme :<\/p>\n<ul>\n<li>La situation (environnement, vue et transports).<\/li>\n<li>L&rsquo;exposition de l&rsquo;appartement.<\/li>\n<li>Le nombre de pi\u00e8ces.<\/li>\n<li>Les diff\u00e9rentes surfaces (habitable, garage, balcon&#8230;).<\/li>\n<li>Parking int\u00e9rieur et\/ou ext\u00e9rieur.<\/li>\n<li>L&rsquo;ann\u00e9e de construction.<\/li>\n<li>L\u2019\u00e9tat g\u00e9n\u00e9ral.<\/li>\n<li>Les diff\u00e9rentes r\u00e9novations effectu\u00e9es.<\/li>\n<li>Le montant du \u00abfonds de r\u00e9novation PPE\u00bb.<\/li>\n<\/ul>\n<h3>3. R\u00e9aliser une estimation immobili\u00e8re de sa maison par un agent immobilier \u00e0 Chardonne<\/h3>\n<p>Nos experts situ\u00e9s \u00e0 Chardonne se rendent chez vous pour r\u00e9aliser une \u00e9valuation de votre demeure ou de votre appartement. En examinant certains dossiers tels que le registre foncier, les plans d&rsquo;architecte et le plan cadastral, ils vous fournissent un rapport d&rsquo;estimation complet.<\/p>\n<p>Pour effectuer notre \u00e9valuation, nous prenons \u00e9galement en compte le march\u00e9 immobilier \u00e0 Chardonne. Nous vous fournirons certains conseils int\u00e9ressants afin de valoriser au mieux votre propri\u00e9t\u00e9 \u00e0 Chardonne.<\/p>\n<p>Faites appel \u00e0 Immobilierlocal et recevez d\u00e8s \u00e0 pr\u00e9sent une appr\u00e9ciation de la valeur de votre bien immobilier.<\/p>\n<h3>4. Comparer son bien avec les autres biens semblables \u00e0 Chardonne, est-ce n\u00e9cessaire ?<\/h3>\n<p>Oui, il est recommand\u00e9 d&rsquo;\u00e9tudier les autres biens mis en vente, comparer votre propri\u00e9t\u00e9 avec les annonces immobili\u00e8res similaires \u00e0 Chardonne vous permet d\u2019obtenir une fourchette rapide de la valorisation de votre maison ou appartement.<\/p>\n<h2>Comment vendre son bien immobilier au meilleur prix \u00e0 Chardonne ?<\/h2>\n<p>Avec Immobilierlocal, vous confiez la vente de votre propri\u00e9t\u00e9 \u00e0 des professionnels de l&rsquo;immobilier ! Vous avez l&rsquo;assurance d&rsquo;une vente rapide au meilleur prix.<\/p>\n<h3>1. Pourquoi contacter un sp\u00e9cialiste comme Immobilierlocal ?<\/h3>\n<p>Immobilierlocal vous met en contact avec un sp\u00e9cialiste dans le secteur de Chardonne.<\/p>\n<h3>2. Obtenez une estimation pr\u00e9cise et qui prend en compte la situation immobili\u00e8re actuelle<\/h3>\n<p>Notre soci\u00e9t\u00e9 Immobilierlocal r\u00e9pertorie toutes les propri\u00e9t\u00e9s en vente \u00e0 Chardonne ainsi que la totalit\u00e9 des biens qui ont derni\u00e8rement \u00e9t\u00e9 vendus. Cela nous permet d&rsquo;obtenir une analyse tr\u00e8s pr\u00e9cise du march\u00e9 immobilier, et de vous proposer le bon prix de vente.<\/p>\n<h3>3. Sublimer votre propri\u00e9t\u00e9 avec Immobilierlocal<\/h3>\n<p>Pour faire valoir votre propri\u00e9t\u00e9, nous organisons des s\u00e9ances photo avec nos partenaires de votre appartement ou de votre maison \u00e0 Chardonne.<\/p>\n<h3>4. Assurez-vous que votre annonce immobili\u00e8re soit visible sur internet<\/h3>\n<p>Afin que le plus de personnes puisse observer votre bien, nous mettons en ligne votre annonce sur tous nos sites internet et ceux de nos collaborateurs.<\/p>\n<h3>5. Choisissez la meilleure offre<\/h3>\n<p>Nous trions la totalit\u00e9 des offres que nous recevons dans le but de vous pr\u00e9senter uniquement celles qui peuvent vous int\u00e9resser.<\/p>\n<h3>6. \u00catre en position de force lors des n\u00e9gociations<\/h3>\n<p>Notre agent recense l&rsquo;ensemble des documents et informations possibles pour vous mettre en position de force afin de le vendre au meilleur prix, voici les documents et les informations n\u00e9cessaires :<\/p>\n<ul>\n<li>Les r\u00e9novations effectu\u00e9es et les factures associ\u00e9es,<\/li>\n<li>les plans architecturaux,<\/li>\n<li>les avantages environnementaux,<\/li>\n<li>le d\u00e9veloppement \u00e9conomique \u00e0 Chardonne et de sa r\u00e9gion.<\/li>\n<\/ul>\n<h2>Quel est l&rsquo;\u00e9tat du march\u00e9 immobilier \u00e0 Chardonne ?<\/h2>\n<h3>\u00c9valuation de la valeur des maisons \u00e0 Chardonne<\/h3>\n<p class=\"estimates-house-range\">Les prix des maisons \u00e0 Chardonne varient de CHF 1'203'307 \u00e0 CHF 1'728'020 en moyenne.<\/p>\n<h3>\u00c9valuation de la valeur des appartements \u00e0 Chardonne<\/h3>\n<p class=\"estimates-house-range\">Les prix des appartements \u00e0 Chardonne varient de CHF 840'511 \u00e0 CHF 918'059 en moyenne.<\/p>\n<h3>Estimation de la valeur des terrains \u00e0 Chardonne<\/h3>\n<p class=\"estimates-land\">Les prix moyens des terrains \u00e0 Chardonne sont de CHF 960 \/ m\u00b2 (prix par m\u00e8tre carr\u00e9).<\/p>\n<h2>Questions fr\u00e9quentes sur l&rsquo;estimation immobili\u00e8re<\/h2>\n<h3>Quel est le co\u00fbt d&rsquo;une \u00e9valuation immobili\u00e8re \u00e0 Chardonne ?<\/h3>\n<p>A Chardonne, cela peut varier entre CHF 150 et CHF 1500. Cela va d\u00e9pendre de la nature de votre propri\u00e9t\u00e9 et de ses dimensions.<\/p>\n<p>Maintenant, si vous contactez la soci\u00e9t\u00e9 Immobilierlocal, nous vous proposons une estimation gratuite en ligne de votre propri\u00e9t\u00e9, sans engagement de votre part. De plus, notre logiciel d&rsquo;estimation en ligne est totalement gratuit et vous garantit une des meilleures estimations en ligne du march\u00e9. Notre r\u00e9sultat tient compte des caract\u00e9ristiques \u00e9conomiques du moment, ainsi que du climat conjoncturel suisse.<\/p>\n<h3>Qui peut estimer un bien immobilier \u00e0 Chardonne ?<\/h3>\n<p>Pour une estimation immobili\u00e8re plus pr\u00e9cise, vous avez plusieurs possibilit\u00e9s, vous pouvez contacter un expert dans les estimations immobili\u00e8res, un architecte, un courtier en immobilier ou encore une banque.<\/p>\n<h3>Comment se d\u00e9roule l&rsquo;\u00e9valuation d&rsquo;un bien \u00e0 Chardonne ?<\/h3>\n<ol>\n<li>Tout d&rsquo;abord : l&rsquo;expert se d\u00e9place sur place pour proc\u00e9der \u00e0 une inspection compl\u00e8te de votre demeure.<\/li>\n<li>Par la suite : il \u00e9tudie les textes en lien avec l&rsquo;achat et l&rsquo;entretien de votre bien.<\/li>\n<li>Il r\u00e9alise une analyse compl\u00e8te du march\u00e9 immobilier en comparant votre bien aux autres biens actuellement disponibles et en \u00e9tudiant les prix des ventes r\u00e9alis\u00e9es r\u00e9cemment \u00e0 Chardonne.<\/li>\n<li>Enfin, il vous donnera un bilan complet ainsi qu&rsquo;une estimation pr\u00e9cise de la valeur de votre propri\u00e9t\u00e9 immobili\u00e8re.<\/li>\n<\/ol>\n<h3>Comment b\u00e9n\u00e9ficier d&rsquo;une estimation de son bien gratuitement \u00e0 Chardonne<\/h3>\n<p>Utilisez le logiciel d&rsquo;estimation 100% gratuit de notre entreprise Immobilierlocal ! Vous pouvez aussi contacter nos sp\u00e9cialistes de l&rsquo;immobilier pour une estimation.<\/p>\n<h3>Quels crit\u00e8res influencent la valeur de ma propri\u00e9t\u00e9 \u00e0 Chardonne ?<\/h3>\n<p>La valeur de vente d&rsquo;un bien immobilier r\u00e9sulte logiquement de multiples crit\u00e8res, qui peuvent varier dans le temps. Voici une liste des principaux param\u00e8tres pouvant faire \u00e9voluer le march\u00e9 immobilier \u00e0 Chardonne :<\/p>\n<ul>\n<li>Le tourisme,<\/li>\n<li>le d\u00e9veloppement \u00e9conomique du secteur,<\/li>\n<li>Le nombre d&rsquo;offres et de demandes,<\/li>\n<li>les commodit\u00e9s.<\/li>\n<\/ul>\n<h3>Comment augmenter le prix de vente de ma maison et de mon appartement ?<\/h3>\n<p>Pour faire \u00e9voluer le prix de vente de votre bien immobilier, suivez ces conseils :<\/p>\n<ul>\n<li>Votre bien doit toujours \u00eatre impeccable pour les photos et lors des visites.<\/li>\n<li>Assurez-vous de ranger l&rsquo;ensemble de vos pi\u00e8ces et agencez l&rsquo;espace pour permettre aux acqu\u00e9reurs de pouvoir se projeter.<\/li>\n<li>Accentuez les atouts de votre logement.<\/li>\n<li>Si vous poss\u00e9dez une maison, mettez en valeur votre terrain.<\/li>\n<\/ul>\n<h3>Quelle attitude \u00e0 avoir vis-\u00e0-vis d\u2019un potentiel acqu\u00e9reur ?<\/h3>\n<ul>\n<li>Parlez-lui des diff\u00e9rentes forces de votre bien.<\/li>\n<li>R\u00e9pondez \u00e0 ses questions clairement et honn\u00eatement.<\/li>\n<li>Soyez \u00e0 l&rsquo;\u00e9coute de l&rsquo;acheteur et ne cherchez pas \u00e0 le contredire.<\/li>\n<\/ul>\n<h3>Quels sont les dossiers \u00e0 poss\u00e9der pour \u00e9valuer ma propri\u00e9t\u00e9 immobili\u00e8re ?<\/h3>\n<ul>\n<li>Police assurance incendie compl\u00e8te<\/li>\n<li>Plan de niveau (si disponible)<\/li>\n<li>Travaux, factures (si disponible)<\/li>\n<li>Registre foncier (si disponible)<\/li>\n<li>Cadastre (si disponible)<\/li>\n<li>Descriptif de construction (si disponible)<\/li>\n<li>\u00c9ventuellement : plan d\u2019affectation et le r\u00e8glement de construction<\/li>\n<\/ul>\n<p>Pour les objets en PPE :<\/p>\n<ul>\n<li>Police assurance incendie compl\u00e8te de l\u2019immeuble (\u00e0 demander \u00e0 l\u2019administrateur)<\/li>\n<li>R\u00e8glement PPE<\/li>\n<li>Comptes PPE (3 derni\u00e8res ann\u00e9es)<\/li>\n<\/ul>\n<p>Estimation similaire dans les villes proches, comme : <br \/> Puidoux, Chexbres, Rivaz, St-Saphorin (Lavaux), Aran, Chenaux, Grandvaux, Cully, Villette (Lavaux), Riex, Epesses, Vevey, Le Mont-P\u00e8lerin, Corseaux, Corsier-sur-Vevey, Jongny, St-L\u00e9gier-La Chi\u00e9saz, Blonay, Les Monts-de-Corsier, Fenil-sur-Corsier, La Tour-de-Peilz, Clarens, Chailly-Montreux, Brent, Montreux, Territet, Veytaux, Chernex, Glion, Caux, Chamby, Villard-sur-Chamby, Les Avants.<\/p>\n","protected":false},"excerpt":{"rendered":"<p>Utilisez Immobilierlocal pour profiter d&rsquo;une estimation rapide et pr\u00e9cise de la valeur immobili\u00e8re de votre bien \u00e0 Chardonne. Nous avons \u00e9galement \u00e0 disposition des agents immobiliers qui peuvent se rendre chez vous afin de vous procurer une estimation plus pr\u00e9cise de votre bien. Mettre en vente son bien avec Immobilierlocal, c&rsquo;est l&rsquo;assurance de vendre son [&hellip;]<\/p>\n","protected":false},"author":3,"featured_media":367,"parent":149,"menu_order":0,"comment_status":"closed","ping_status":"closed","template":"","meta":{"footnotes":""},"categories":[6],"profession":[],"location":[23],"canton":[],"class_list":["post-234","page","type-page","status-publish","has-post-thumbnail","hentry","category-estimation"],"yoast_head":"<!-- This site is optimized with the Yoast SEO Premium plugin v23.0 (Yoast SEO v27.4) - https:\/\/yoast.com\/product\/yoast-seo-premium-wordpress\/ -->\n<title>Estimation immobili\u00e8re \u00e0 Chardonne mai 2026 gratuite &amp; rapide - Immobilierlocal<\/title>\n<meta name=\"description\" content=\"D\u00e9couvrez le Prix moyen au m\u00b2 \u00e0 Chardonne en mai 2026 \u2705 Estimation gratuite de votre bien \u2705 Derni\u00e8res \u00e9volutions du march\u00e9.\" \/>\n<meta name=\"robots\" content=\"index, follow, max-snippet:-1, max-image-preview:large, max-video-preview:-1\" \/>\n<link rel=\"canonical\" href=\"https:\/\/www.immobilierlocal.ch\/c\/estimation-immobiliere-canton-vaud\/estimation-immobiliere-a-chardonne\/\" \/>\n<meta property=\"og:locale\" content=\"fr_FR\" \/>\n<meta property=\"og:type\" content=\"article\" \/>\n<meta property=\"og:title\" content=\"Estimation immobili\u00e8re \u00e0 Chardonne mai 2026 gratuite &amp; rapide\" \/>\n<meta property=\"og:description\" content=\"D\u00e9couvrez le Prix moyen au m\u00b2 \u00e0 Chardonne en mai 2026 \u2705 Estimation gratuite de votre bien \u2705 Derni\u00e8res \u00e9volutions du march\u00e9.\" \/>\n<meta property=\"og:url\" content=\"https:\/\/www.immobilierlocal.ch\/c\/estimation-immobiliere-canton-vaud\/estimation-immobiliere-a-chardonne\/\" \/>\n<meta property=\"og:site_name\" content=\"Immobilierlocal\" \/>\n<meta property=\"article:modified_time\" content=\"2024-08-05T18:21:20+00:00\" \/>\n<meta property=\"og:image\" content=\"https:\/\/www.immobilierlocal.ch\/c\/wp-content\/uploads\/2023\/10\/estimation-immobiliere-a-chardonne-scaled.jpg\" \/>\n\t<meta property=\"og:image:width\" content=\"2560\" \/>\n\t<meta property=\"og:image:height\" content=\"817\" \/>\n\t<meta property=\"og:image:type\" content=\"image\/jpeg\" \/>\n<meta name=\"twitter:card\" content=\"summary_large_image\" \/>\n<meta name=\"twitter:label1\" content=\"Dur\u00e9e de lecture estim\u00e9e\" \/>\n\t<meta name=\"twitter:data1\" content=\"7 minutes\" \/>\n<script type=\"application\/ld+json\" class=\"yoast-schema-graph\">{\"@context\":\"https:\\\/\\\/schema.org\",\"@graph\":[{\"@type\":\"WebPage\",\"@id\":\"https:\\\/\\\/www.immobilierlocal.ch\\\/c\\\/estimation-immobiliere-canton-vaud\\\/estimation-immobiliere-a-chardonne\\\/\",\"url\":\"https:\\\/\\\/www.immobilierlocal.ch\\\/c\\\/estimation-immobiliere-canton-vaud\\\/estimation-immobiliere-a-chardonne\\\/\",\"name\":\"Estimation immobili\u00e8re \u00e0 Chardonne - Immobilierlocal\",\"isPartOf\":{\"@id\":\"https:\\\/\\\/www.immobilierlocal.ch\\\/c\\\/#website\"},\"primaryImageOfPage\":{\"@id\":\"https:\\\/\\\/www.immobilierlocal.ch\\\/c\\\/estimation-immobiliere-canton-vaud\\\/estimation-immobiliere-a-chardonne\\\/#primaryimage\"},\"image\":{\"@id\":\"https:\\\/\\\/www.immobilierlocal.ch\\\/c\\\/estimation-immobiliere-canton-vaud\\\/estimation-immobiliere-a-chardonne\\\/#primaryimage\"},\"thumbnailUrl\":\"https:\\\/\\\/www.immobilierlocal.ch\\\/c\\\/wp-content\\\/uploads\\\/2023\\\/10\\\/estimation-immobiliere-a-chardonne-scaled.jpg\",\"datePublished\":\"2023-10-19T08:33:51+00:00\",\"dateModified\":\"2024-08-05T18:21:20+00:00\",\"breadcrumb\":{\"@id\":\"https:\\\/\\\/www.immobilierlocal.ch\\\/c\\\/estimation-immobiliere-canton-vaud\\\/estimation-immobiliere-a-chardonne\\\/#breadcrumb\"},\"inLanguage\":\"fr-FR\",\"potentialAction\":[{\"@type\":\"ReadAction\",\"target\":[\"https:\\\/\\\/www.immobilierlocal.ch\\\/c\\\/estimation-immobiliere-canton-vaud\\\/estimation-immobiliere-a-chardonne\\\/\"]}]},{\"@type\":\"ImageObject\",\"inLanguage\":\"fr-FR\",\"@id\":\"https:\\\/\\\/www.immobilierlocal.ch\\\/c\\\/estimation-immobiliere-canton-vaud\\\/estimation-immobiliere-a-chardonne\\\/#primaryimage\",\"url\":\"https:\\\/\\\/www.immobilierlocal.ch\\\/c\\\/wp-content\\\/uploads\\\/2023\\\/10\\\/estimation-immobiliere-a-chardonne-scaled.jpg\",\"contentUrl\":\"https:\\\/\\\/www.immobilierlocal.ch\\\/c\\\/wp-content\\\/uploads\\\/2023\\\/10\\\/estimation-immobiliere-a-chardonne-scaled.jpg\",\"width\":2560,\"height\":817,\"caption\":\"Estimation immobili\u00e8re \u00e0 Chardonne\"},{\"@type\":\"BreadcrumbList\",\"@id\":\"https:\\\/\\\/www.immobilierlocal.ch\\\/c\\\/estimation-immobiliere-canton-vaud\\\/estimation-immobiliere-a-chardonne\\\/#breadcrumb\",\"itemListElement\":[{\"@type\":\"ListItem\",\"position\":1,\"name\":\"Accueil\",\"item\":\"https:\\\/\\\/www.immobilierlocal.ch\\\/c\\\/\"},{\"@type\":\"ListItem\",\"position\":2,\"name\":\"Estimation immobili\u00e8re dans le canton de Vaud\",\"item\":\"https:\\\/\\\/www.immobilierlocal.ch\\\/c\\\/estimation-immobiliere-canton-vaud\\\/\"},{\"@type\":\"ListItem\",\"position\":3,\"name\":\"Estimation immobili\u00e8re \u00e0 Chardonne\"}]},{\"@type\":\"WebSite\",\"@id\":\"https:\\\/\\\/www.immobilierlocal.ch\\\/c\\\/#website\",\"url\":\"https:\\\/\\\/www.immobilierlocal.ch\\\/c\\\/\",\"name\":\"Immobilierlocal\",\"description\":\"\",\"publisher\":{\"@id\":\"https:\\\/\\\/www.immobilierlocal.ch\\\/c\\\/#organization\"},\"potentialAction\":[{\"@type\":\"SearchAction\",\"target\":{\"@type\":\"EntryPoint\",\"urlTemplate\":\"https:\\\/\\\/www.immobilierlocal.ch\\\/c\\\/?s={search_term_string}\"},\"query-input\":{\"@type\":\"PropertyValueSpecification\",\"valueRequired\":true,\"valueName\":\"search_term_string\"}}],\"inLanguage\":\"fr-FR\"},{\"@type\":\"Organization\",\"@id\":\"https:\\\/\\\/www.immobilierlocal.ch\\\/c\\\/#organization\",\"name\":\"Immobilierlocal\",\"url\":\"https:\\\/\\\/www.immobilierlocal.ch\\\/c\\\/\",\"logo\":{\"@type\":\"ImageObject\",\"inLanguage\":\"fr-FR\",\"@id\":\"https:\\\/\\\/www.immobilierlocal.ch\\\/c\\\/#\\\/schema\\\/logo\\\/image\\\/\",\"url\":\"https:\\\/\\\/www.immobilierlocal.ch\\\/c\\\/wp-content\\\/uploads\\\/2023\\\/10\\\/logo-immobilierlocal-h.svg\",\"contentUrl\":\"https:\\\/\\\/www.immobilierlocal.ch\\\/c\\\/wp-content\\\/uploads\\\/2023\\\/10\\\/logo-immobilierlocal-h.svg\",\"caption\":\"Immobilierlocal\"},\"image\":{\"@id\":\"https:\\\/\\\/www.immobilierlocal.ch\\\/c\\\/#\\\/schema\\\/logo\\\/image\\\/\"}}]}<\/script>\n<!-- \/ Yoast SEO Premium plugin. -->","yoast_head_json":{"title":"Estimation immobili\u00e8re \u00e0 Chardonne mai 2026 gratuite & rapide - Immobilierlocal","description":"D\u00e9couvrez le Prix moyen au m\u00b2 \u00e0 Chardonne en mai 2026 \u2705 Estimation gratuite de votre bien \u2705 Derni\u00e8res \u00e9volutions du march\u00e9.","robots":{"index":"index","follow":"follow","max-snippet":"max-snippet:-1","max-image-preview":"max-image-preview:large","max-video-preview":"max-video-preview:-1"},"canonical":"https:\/\/www.immobilierlocal.ch\/c\/estimation-immobiliere-canton-vaud\/estimation-immobiliere-a-chardonne\/","og_locale":"fr_FR","og_type":"article","og_title":"Estimation immobili\u00e8re \u00e0 Chardonne mai 2026 gratuite & rapide","og_description":"D\u00e9couvrez le Prix moyen au m\u00b2 \u00e0 Chardonne en mai 2026 \u2705 Estimation gratuite de votre bien \u2705 Derni\u00e8res \u00e9volutions du march\u00e9.","og_url":"https:\/\/www.immobilierlocal.ch\/c\/estimation-immobiliere-canton-vaud\/estimation-immobiliere-a-chardonne\/","og_site_name":"Immobilierlocal","article_modified_time":"2024-08-05T18:21:20+00:00","og_image":[{"width":2560,"height":817,"url":"https:\/\/www.immobilierlocal.ch\/c\/wp-content\/uploads\/2023\/10\/estimation-immobiliere-a-chardonne-scaled.jpg","type":"image\/jpeg"}],"twitter_card":"summary_large_image","twitter_misc":{"Dur\u00e9e de lecture estim\u00e9e":"7 minutes"},"schema":{"@context":"https:\/\/schema.org","@graph":[{"@type":"WebPage","@id":"https:\/\/www.immobilierlocal.ch\/c\/estimation-immobiliere-canton-vaud\/estimation-immobiliere-a-chardonne\/","url":"https:\/\/www.immobilierlocal.ch\/c\/estimation-immobiliere-canton-vaud\/estimation-immobiliere-a-chardonne\/","name":"Estimation immobili\u00e8re \u00e0 Chardonne - Immobilierlocal","isPartOf":{"@id":"https:\/\/www.immobilierlocal.ch\/c\/#website"},"primaryImageOfPage":{"@id":"https:\/\/www.immobilierlocal.ch\/c\/estimation-immobiliere-canton-vaud\/estimation-immobiliere-a-chardonne\/#primaryimage"},"image":{"@id":"https:\/\/www.immobilierlocal.ch\/c\/estimation-immobiliere-canton-vaud\/estimation-immobiliere-a-chardonne\/#primaryimage"},"thumbnailUrl":"https:\/\/www.immobilierlocal.ch\/c\/wp-content\/uploads\/2023\/10\/estimation-immobiliere-a-chardonne-scaled.jpg","datePublished":"2023-10-19T08:33:51+00:00","dateModified":"2024-08-05T18:21:20+00:00","breadcrumb":{"@id":"https:\/\/www.immobilierlocal.ch\/c\/estimation-immobiliere-canton-vaud\/estimation-immobiliere-a-chardonne\/#breadcrumb"},"inLanguage":"fr-FR","potentialAction":[{"@type":"ReadAction","target":["https:\/\/www.immobilierlocal.ch\/c\/estimation-immobiliere-canton-vaud\/estimation-immobiliere-a-chardonne\/"]}]},{"@type":"ImageObject","inLanguage":"fr-FR","@id":"https:\/\/www.immobilierlocal.ch\/c\/estimation-immobiliere-canton-vaud\/estimation-immobiliere-a-chardonne\/#primaryimage","url":"https:\/\/www.immobilierlocal.ch\/c\/wp-content\/uploads\/2023\/10\/estimation-immobiliere-a-chardonne-scaled.jpg","contentUrl":"https:\/\/www.immobilierlocal.ch\/c\/wp-content\/uploads\/2023\/10\/estimation-immobiliere-a-chardonne-scaled.jpg","width":2560,"height":817,"caption":"Estimation immobili\u00e8re \u00e0 Chardonne"},{"@type":"BreadcrumbList","@id":"https:\/\/www.immobilierlocal.ch\/c\/estimation-immobiliere-canton-vaud\/estimation-immobiliere-a-chardonne\/#breadcrumb","itemListElement":[{"@type":"ListItem","position":1,"name":"Accueil","item":"https:\/\/www.immobilierlocal.ch\/c\/"},{"@type":"ListItem","position":2,"name":"Estimation immobili\u00e8re dans le canton de Vaud","item":"https:\/\/www.immobilierlocal.ch\/c\/estimation-immobiliere-canton-vaud\/"},{"@type":"ListItem","position":3,"name":"Estimation immobili\u00e8re \u00e0 Chardonne"}]},{"@type":"WebSite","@id":"https:\/\/www.immobilierlocal.ch\/c\/#website","url":"https:\/\/www.immobilierlocal.ch\/c\/","name":"Immobilierlocal","description":"","publisher":{"@id":"https:\/\/www.immobilierlocal.ch\/c\/#organization"},"potentialAction":[{"@type":"SearchAction","target":{"@type":"EntryPoint","urlTemplate":"https:\/\/www.immobilierlocal.ch\/c\/?s={search_term_string}"},"query-input":{"@type":"PropertyValueSpecification","valueRequired":true,"valueName":"search_term_string"}}],"inLanguage":"fr-FR"},{"@type":"Organization","@id":"https:\/\/www.immobilierlocal.ch\/c\/#organization","name":"Immobilierlocal","url":"https:\/\/www.immobilierlocal.ch\/c\/","logo":{"@type":"ImageObject","inLanguage":"fr-FR","@id":"https:\/\/www.immobilierlocal.ch\/c\/#\/schema\/logo\/image\/","url":"https:\/\/www.immobilierlocal.ch\/c\/wp-content\/uploads\/2023\/10\/logo-immobilierlocal-h.svg","contentUrl":"https:\/\/www.immobilierlocal.ch\/c\/wp-content\/uploads\/2023\/10\/logo-immobilierlocal-h.svg","caption":"Immobilierlocal"},"image":{"@id":"https:\/\/www.immobilierlocal.ch\/c\/#\/schema\/logo\/image\/"}}]}},"_links":{"self":[{"href":"https:\/\/www.immobilierlocal.ch\/c\/wp-json\/wp\/v2\/pages\/234","targetHints":{"allow":["GET"]}}],"collection":[{"href":"https:\/\/www.immobilierlocal.ch\/c\/wp-json\/wp\/v2\/pages"}],"about":[{"href":"https:\/\/www.immobilierlocal.ch\/c\/wp-json\/wp\/v2\/types\/page"}],"author":[{"embeddable":true,"href":"https:\/\/www.immobilierlocal.ch\/c\/wp-json\/wp\/v2\/users\/3"}],"replies":[{"embeddable":true,"href":"https:\/\/www.immobilierlocal.ch\/c\/wp-json\/wp\/v2\/comments?post=234"}],"version-history":[{"count":0,"href":"https:\/\/www.immobilierlocal.ch\/c\/wp-json\/wp\/v2\/pages\/234\/revisions"}],"up":[{"embeddable":true,"href":"https:\/\/www.immobilierlocal.ch\/c\/wp-json\/wp\/v2\/pages\/149"}],"wp:featuredmedia":[{"embeddable":true,"href":"https:\/\/www.immobilierlocal.ch\/c\/wp-json\/wp\/v2\/media\/367"}],"wp:attachment":[{"href":"https:\/\/www.immobilierlocal.ch\/c\/wp-json\/wp\/v2\/media?parent=234"}],"wp:term":[{"taxonomy":"category","embeddable":true,"href":"https:\/\/www.immobilierlocal.ch\/c\/wp-json\/wp\/v2\/categories?post=234"},{"taxonomy":"profession","embeddable":true,"href":"https:\/\/www.immobilierlocal.ch\/c\/wp-json\/wp\/v2\/profession?post=234"},{"taxonomy":"location","embeddable":true,"href":"https:\/\/www.immobilierlocal.ch\/c\/wp-json\/wp\/v2\/location?post=234"},{"taxonomy":"canton","embeddable":true,"href":"https:\/\/www.immobilierlocal.ch\/c\/wp-json\/wp\/v2\/canton?post=234"}],"curies":[{"name":"wp","href":"https:\/\/api.w.org\/{rel}","templated":true}]}}