
{"id":2339,"date":"2024-04-16T17:07:30","date_gmt":"2024-04-16T15:07:30","guid":{"rendered":"https:\/\/www.immobilierlocal.ch\/c\/?page_id=2339"},"modified":"2026-02-09T15:05:45","modified_gmt":"2026-02-09T14:05:45","slug":"agence-immobiliere-dans-le-canton-du-valais-achat-vente-location-dune-propriete-immobiliere","status":"publish","type":"page","link":"https:\/\/www.immobilierlocal.ch\/c\/agence-immobiliere-dans-le-canton-du-valais-achat-vente-location-dune-propriete-immobiliere\/","title":{"rendered":"Agence immobili\u00e8re dans le canton du Valais : achat vente location d&rsquo;une propri\u00e9t\u00e9 immobili\u00e8re"},"content":{"rendered":"<p>Envisagez-vous la vente, la location ou l&rsquo;achat d&rsquo;un domicile ou d&rsquo;un loft situ\u00e9 dans le canton du Valais ? Immobilierlocal est disponible et \u00e0 votre \u00e9coute pour vous accompagner dans vos projets. \u00c9tabli au centre de la ville, notre \u00e9quipe est disponible pour vous \u00e9pauler \u00e0 acqu\u00e9rir ou vendre votre habitation. Notre agence immobili\u00e8re dans le canton du Valais propose une vaste gamme de services : pour acheter, vendre votre r\u00e9sidence, ou votre appartement, louer un appartement, acheter des bureaux, des magasins, pour la g\u00e9rance de vos logements, pour de la location airbnb ou g\u00e9rer les immeubles en syndic de copropri\u00e9t\u00e9 et pour les solutions de financement de votre bien immobilier.<\/p>\n<h2>Le march\u00e9 immobilier dans le canton du Valais se d\u00e9veloppe<\/h2>\n<p>Derni\u00e8rement, les tarifs ont mont\u00e9 en fl\u00e8che dans le canton du Valais, pour plusieurs raisons :<\/p>\n<ul>\n<li>Son secteur g\u00e9ographique,<\/li>\n<li>l&rsquo;attractivit\u00e9 \u00e9conomique,<\/li>\n<li>la qualit\u00e9 de son lieu de vie.<\/li>\n<\/ul>\n<p>Acheter un bien dans le canton du Valais est aussi un investissement s\u00fbr, parce que la demande d&rsquo;achats et de locations a connu une forte demande, entra\u00eenant une hausse des prix.<\/p>\n<h3>Pour le prix moyen par m\u00e8tre carr\u00e9 des logements dans le canton du Valais<\/h3>\n<p class=\"estimates-price-immobilier\">Le march\u00e9 immobilier dans le canton du Valais affiche un prix moyen de CHF 6'291 \/ m\u00b2 (prix par m\u00e8tre carr\u00e9). Les maisons et les appartements ont un prix moyen respectif de CHF 6'256 \/ m\u00b2 et de CHF 6'326 \/ m\u00b2.<\/p>\n<h3>Pour le loyer moyen dans le canton du Valais<\/h3>\n<p class=\"estimates-rent-average\">Les loyers moyens dans le canton du Valais sont actuellement de CHF 1'670 pour les appartements, CHF 2'285 pour les maisons.<\/p>\n<p>La raret\u00e9 des logements sur le march\u00e9 contraint les acheteurs \u00e0 \u00e9tendre leur recherche et \u00e0 s&rsquo;orienter vers des localit\u00e9s proches, telles que :<\/p>\nCharrat, Saxon, Riddes, Mayens-de-Chamoson, Ovronnaz, Dugny (Leytron), Leytron, Montagnon (Leytron), Produit (Leytron), Saillon, Is\u00e9rables, Auddes-sur-Riddes, La Tzoumaz, Martigny, Martigny-Croix, Fully, Chemin, Ravoire, Trient, Bovernier, Les Valettes (Bovernier), Chamoille (Sembrancher), La Garde (Sembrancher), Sembrancher, Vens (Sembrancher), Bruson, Le Ch\u00e2ble VS, Verbier, Orsi\u00e8res, Champex-Lac, Cries (Voll\u00e8ges), Voll\u00e8ges, Levron, Praz-de-Fort, La Fouly VS, Chandonne (Liddes), Chez Petit (Liddes), Dranse (Liddes), Fontaine Dessous (Liddes), Fontaine Dessus (Liddes), Fornex (Liddes), Les Moulins VS (Liddes), Liddes, Palasuit (Liddes), Petit Vich\u00e8res (Liddes), Rive Haute (Liddes), Vich\u00e8res (Liddes), Bourg-St-Pierre, Champsec, Verseg\u00e8res, Fionnay, Lourtier, Sarreyer, Collombey, Massongex, Monthey, Cho\u00ebx, Les Giettes, Troistorrents, Champoussin, Les Crosets, Val-d'Illiez, Champ\u00e9ry, Morgins, Mex VS, St-Maurice, V\u00e9rossaz, Morcles, Muraz (Collombey), Vionnaz, Miex, Vouvry, Bouveret, Les Evouettes, St-Gingolph, Torgon, Evionnaz, Collonges, Vernayaz, Dor\u00e9naz, Les Granges (Salvan), Salvan, Le Tr\u00e9tien, Les Mar\u00e9cottes, Finhaut, Le Ch\u00e2telard VS, Sion, Chamoson, Grugnay (Chamoson), Les V\u00e9rines (Chamoson), N\u00e9miaz (Chamoson), St-Pierre-de-Clages, Ardon, St-L\u00e9onard, Uvrier, Vernami\u00e8ge, Pont-de-la-Morge (Sion), V\u00e9troz, Conthey, Savi\u00e8se, Bramois, Mase, Eison (St-Martin), Liez (St-Martin), St-Martin VS, Suen (St-Martin), Trogne (St-Martin), Champlan (Grimisuat), Grimisuat, Nax, Arbaz, St-S\u00e9verin, Aven, Daillon, Erde, Vex, Euseigne, Evol\u00e8ne, Lanna, La Tour VS, Les Haud\u00e8res, La Forclaz VS, La Sage, Villa (Evol\u00e8ne), Arolla, H\u00e9r\u00e9mence, Les Collons, Thyon, Arvillard (Salins), Mis\u00e9riez (Salins), Pravidondaz (Salins), Salins, Turin (Salins), Cr\u00eate-\u00e0-l'Oeil (Les Agettes), La Vernaz (Les Agettes), Les Agettes, Les Mayens-de-Sion, Cl\u00e8bes (Nendaz), Veysonnaz, Aproz (Nendaz), Baar (Nendaz), Basse-Nendaz, Beuson (Nendaz), Bieudron (Nendaz), Brignon (Nendaz), Cond\u00e9mines (Nendaz), Fey (Nendaz), Saclentse, Haute-Nendaz, Siviez (Nendaz), Sornard (Nendaz), Argnou (Ayent), Blignou (Ayent), Botyre (Ayent), Fortunau (Ayent), La Place (Ayent), Luc (Ayent), Saxonne (Ayent), Sign\u00e8se (Ayent), St-Romain (Ayent), Villa (Ayent), Anz\u00e8re, Icogne, Lens, Corin-de-la-Cr\u00eate, Loc, Muraz (Sierre), Sierre, Niouc, Ayer, Chandolin, Grimentz, St-Jean VS, St-Luc, Vissoie, Zinal, Aminona, Crans-Montana, Montana, Chippis, Chalais, R\u00e9chy, Vercorin, Veyras, Chermignon, Chermignon-d'en-Bas, Ollon VS, Mi\u00e8ge, Venth\u00f4ne, Mollens VS, Randogne, Champzab\u00e9, No\u00ebs, Granges VS, Flanthey, Gr\u00f4ne, Saas-Almagell, Saas-Fee, Saas-Balen, Saas-Grund, Ferden, Goppenstein, Kippel, Wiler (L\u00f6tschen), Blatten (L\u00f6tschen), Zermatt, Eisten, Kalpetran, Stalden VS, T\u00f6rbel, St. Niklaus VS, Gr\u00e4chen, Embd, Herbriggen, Randa, T\u00e4sch, Eyholz, Visp, Lalden, Visperterminen, Staldenried, Zeneggen, B\u00fcrchen, Baltschieder, Ausserberg, Steg VS, Niedergesteln, Raron, St. German, Eischoll, Unterb\u00e4ch VS, Gampel, Niedergampel, Gruben, Turtmann, Ergisch, Oberems, Unterems, Hohtenn, Agarn, Susten, Inden, Leuk Stadt, Varen, Leukerbad, Albinen, Guttet-Feschel, Erschmatt, Bratsch, Salgesch, Brig, Brigerbad, Gamsen, Rothwald, Glis, Birgisch, Mund, Naters, Gabi (Simplon), Simplon Dorf, Simplon Hospiz, Gondo, Ried-Brig, Termen, Rosswald, Belalp, Blatten b. Naters, Eggerberg, Bitsch, Bister, Goppisberg, Greich, Filet, M\u00f6rel, Fiesch, Fieschertal, Geschinen, M\u00fcnster VS, Ried-M\u00f6rel, Riederalp, Obergesteln, Ulrichen, Blitzingen, Niederwald, Biel VS, Ritzingen, Selkingen, Betten, Bettmeralp, Grengiols, Lax, Martisberg, Ausserbinn, Ernen, M\u00fchlebach (Goms), Steinhaus, Binn, Bellwald, Gluringen, Reckingen VS, Oberwald.\n<h2>La situation g\u00e9ographique de notre agence immobili\u00e8re dans le canton du Valais<\/h2>\n<p>Les experts de notre agence op\u00e8rent dans tous les endroits dans le canton du Valais.<\/p>\n\n<div id=\"map\" class=\"map\" data-adresse=\"Avenue de la Plantaud 8 1870 Monthey, Suisse\"><\/div>\n<h2>Pourquoi travailler avec Immobilierlocal ?<\/h2>\n<p>Immobilierlocal propose un large choix de services, comme :<\/p>\n<ul>\n<li>La diffusion de votre annonce sur notre site internet : pour vous donner la possibilit\u00e9 d&rsquo;atteindre plus de monde.<\/li>\n<li>Un portail web en suisse et pr\u00e9sent en francophonie : notre site est r\u00e9f\u00e9renc\u00e9 pour appara\u00eetre dans plusieurs moteurs de recherche web en langue fran\u00e7aise pour atteindre un maximum d&rsquo;acheteurs et de vendeurs.<\/li>\n<li>Commercialisation personnalis\u00e9e : chaque propri\u00e9t\u00e9 immobili\u00e8re sur notre plateforme web dispose d&rsquo;une approche de vente sur mesure.<\/li>\n<li>Estimation des prix : nous avons d\u00e9velopp\u00e9 des applications pour estimer les prix de vente des logements.<\/li>\n<li>Photographies et vid\u00e9os : nous effectuons la r\u00e9alisation des vid\u00e9os et des photos dans le but de mettre en valeur votre propri\u00e9t\u00e9.<\/li>\n<li>Empreinte num\u00e9rique : nous proposons la capacit\u00e9 de sign\u00e9 \u00e9lectroniquement vos papiers en ligne.<\/li>\n<li>Service de conciergerie : nous avons aussi un service de conciergerie airbnb.<\/li>\n<li>Gestion de biens immobiliers : nous proposons une garantie de non-paiement des loyers.<\/li>\n<\/ul>\n<h2>Une entreprise immobili\u00e8re compos\u00e9e de professionnels<\/h2>\n<p>Les agents de notre soci\u00e9t\u00e9 sont exp\u00e9riment\u00e9s, qu&rsquo;il s&rsquo;agisse de technico-commerciaux ou de managers. Nos conseillers suivent fr\u00e9quemment des formations afin de maintenir \u00e0 niveau leurs comp\u00e9tences : commerciales, techniques et juridiques \u00e0 jour. Chaque expert de notre entreprise dispose d&rsquo;une grande expertise dans le domaine de l&rsquo;immobilier. Les comp\u00e9tences obtenues nous permettent d&rsquo;accompagner au mieux nos clients.<\/p>\n<h2>Estimer la valeur de votre bien dans le canton du Valais<\/h2>\n<p>Vous \u00eates dans le canton du Valais, notre agence immobili\u00e8re r\u00e9alise des estimations immobili\u00e8res d\u00e9taill\u00e9es de votre propri\u00e9t\u00e9 en tenant compte des caract\u00e9ristiques de votre domicile comme votre secteur. Nous fournissons une v\u00e9ritable expertise que ce soit pour : l&rsquo;acquisition, la vente de bien, les investissements immobiliers, les locations airbnb ou longue dur\u00e9e, la g\u00e9rance de vos biens immobiliers, et aussi pour la g\u00e9rance de votre r\u00e9sidence en copropri\u00e9t\u00e9.<\/p>\n<h2>Une agence immobili\u00e8re qui vous accompagne<\/h2>\n<p>Nous sommes conscients que votre projet est unique, c&rsquo;est la raison pour laquelle nous proposons des services adapt\u00e9s. Si vous avez besoin d\u2019acheter ou de louer une maison ou un appartement dans le canton du Valais, les consultants de notre agence se tiennent \u00e0 votre service pour toutes les \u00e9tapes de votre projet. Vous souhaitez acqu\u00e9rir une nouvelle r\u00e9sidence dans le canton du Valais ? Nous cherchons et trouvons le meilleur appartement potentiel au moyen de notre r\u00e9seau.<\/p>\n<h2>Vous recherchez une agence immobili\u00e8re dans le canton du Valais ?<\/h2>\n<p>Notre agence Immobilierlocal est localis\u00e9e dans le canton du Valais. Nous vous r\u00e9servons un accueil chaleureux, pr\u00eats \u00e0 vous \u00e9couter et \u00e0 r\u00e9aliser vos projets immobiliers. Nos consultants immobiliers exp\u00e9riment\u00e9s sont vos interlocuteurs de confiance pour la gestion de biens immobiliers, l&rsquo;achat et la vente.<\/p>\n","protected":false},"excerpt":{"rendered":"<p>Envisagez-vous la vente, la location ou l&rsquo;achat d&rsquo;un domicile ou d&rsquo;un loft situ\u00e9 dans le canton du Valais ? Immobilierlocal est disponible et \u00e0 votre \u00e9coute pour vous accompagner dans vos projets. \u00c9tabli au centre de la ville, notre \u00e9quipe est disponible pour vous \u00e9pauler \u00e0 acqu\u00e9rir ou vendre votre habitation. Notre agence immobili\u00e8re dans [&hellip;]<\/p>\n","protected":false},"author":3,"featured_media":2768,"parent":0,"menu_order":0,"comment_status":"closed","ping_status":"closed","template":"page-canton","meta":{"footnotes":""},"categories":[89],"profession":[92],"location":[],"canton":[81],"class_list":["post-2339","page","type-page","status-publish","has-post-thumbnail","hentry","category-agence","profession-agent-immobilier"],"yoast_head":"<!-- This site is optimized with the Yoast SEO Premium plugin v23.0 (Yoast SEO v27.4) - https:\/\/yoast.com\/product\/yoast-seo-premium-wordpress\/ -->\n<title>Agence immobili\u00e8re dans le canton du Valais : achat vente location d&#039;une propri\u00e9t\u00e9 immobili\u00e8re - Immobilierlocal<\/title>\n<meta name=\"robots\" content=\"index, follow, max-snippet:-1, max-image-preview:large, max-video-preview:-1\" \/>\n<link rel=\"canonical\" href=\"https:\/\/www.immobilierlocal.ch\/c\/agence-immobiliere-dans-le-canton-du-valais-achat-vente-location-dune-propriete-immobiliere\/\" \/>\n<meta property=\"og:locale\" content=\"fr_FR\" \/>\n<meta property=\"og:type\" content=\"article\" \/>\n<meta property=\"og:title\" content=\"Agence immobili\u00e8re dans le canton du Valais : achat vente location d&#039;une propri\u00e9t\u00e9 immobili\u00e8re\" \/>\n<meta property=\"og:description\" content=\"Envisagez-vous la vente, la location ou l&rsquo;achat d&rsquo;un domicile ou d&rsquo;un loft situ\u00e9 dans le canton du Valais ? Immobilierlocal est disponible et \u00e0 votre \u00e9coute pour vous accompagner dans vos projets. \u00c9tabli au centre de la ville, notre \u00e9quipe est disponible pour vous \u00e9pauler \u00e0 acqu\u00e9rir ou vendre votre habitation. Notre agence immobili\u00e8re dans [&hellip;]\" \/>\n<meta property=\"og:url\" content=\"https:\/\/www.immobilierlocal.ch\/c\/agence-immobiliere-dans-le-canton-du-valais-achat-vente-location-dune-propriete-immobiliere\/\" \/>\n<meta property=\"og:site_name\" content=\"Immobilierlocal\" \/>\n<meta property=\"article:modified_time\" content=\"2026-02-09T14:05:45+00:00\" \/>\n<meta property=\"og:image\" content=\"https:\/\/www.immobilierlocal.ch\/c\/wp-content\/uploads\/2026\/02\/agence-immobiliere.jpg\" \/>\n\t<meta property=\"og:image:width\" content=\"1920\" \/>\n\t<meta property=\"og:image:height\" content=\"300\" \/>\n\t<meta property=\"og:image:type\" content=\"image\/jpeg\" \/>\n<meta name=\"twitter:card\" content=\"summary_large_image\" \/>\n<meta name=\"twitter:label1\" content=\"Dur\u00e9e de lecture estim\u00e9e\" \/>\n\t<meta name=\"twitter:data1\" content=\"4 minutes\" \/>\n<script type=\"application\/ld+json\" class=\"yoast-schema-graph\">{\"@context\":\"https:\\\/\\\/schema.org\",\"@graph\":[{\"@type\":\"WebPage\",\"@id\":\"https:\\\/\\\/www.immobilierlocal.ch\\\/c\\\/agence-immobiliere-dans-le-canton-du-valais-achat-vente-location-dune-propriete-immobiliere\\\/\",\"url\":\"https:\\\/\\\/www.immobilierlocal.ch\\\/c\\\/agence-immobiliere-dans-le-canton-du-valais-achat-vente-location-dune-propriete-immobiliere\\\/\",\"name\":\"Agence immobili\u00e8re dans le canton du Valais : achat vente location d'une propri\u00e9t\u00e9 immobili\u00e8re - Immobilierlocal\",\"isPartOf\":{\"@id\":\"https:\\\/\\\/www.immobilierlocal.ch\\\/c\\\/#website\"},\"primaryImageOfPage\":{\"@id\":\"https:\\\/\\\/www.immobilierlocal.ch\\\/c\\\/agence-immobiliere-dans-le-canton-du-valais-achat-vente-location-dune-propriete-immobiliere\\\/#primaryimage\"},\"image\":{\"@id\":\"https:\\\/\\\/www.immobilierlocal.ch\\\/c\\\/agence-immobiliere-dans-le-canton-du-valais-achat-vente-location-dune-propriete-immobiliere\\\/#primaryimage\"},\"thumbnailUrl\":\"https:\\\/\\\/www.immobilierlocal.ch\\\/c\\\/wp-content\\\/uploads\\\/2026\\\/02\\\/agence-immobiliere.jpg\",\"datePublished\":\"2024-04-16T15:07:30+00:00\",\"dateModified\":\"2026-02-09T14:05:45+00:00\",\"breadcrumb\":{\"@id\":\"https:\\\/\\\/www.immobilierlocal.ch\\\/c\\\/agence-immobiliere-dans-le-canton-du-valais-achat-vente-location-dune-propriete-immobiliere\\\/#breadcrumb\"},\"inLanguage\":\"fr-FR\",\"potentialAction\":[{\"@type\":\"ReadAction\",\"target\":[\"https:\\\/\\\/www.immobilierlocal.ch\\\/c\\\/agence-immobiliere-dans-le-canton-du-valais-achat-vente-location-dune-propriete-immobiliere\\\/\"]}]},{\"@type\":\"ImageObject\",\"inLanguage\":\"fr-FR\",\"@id\":\"https:\\\/\\\/www.immobilierlocal.ch\\\/c\\\/agence-immobiliere-dans-le-canton-du-valais-achat-vente-location-dune-propriete-immobiliere\\\/#primaryimage\",\"url\":\"https:\\\/\\\/www.immobilierlocal.ch\\\/c\\\/wp-content\\\/uploads\\\/2026\\\/02\\\/agence-immobiliere.jpg\",\"contentUrl\":\"https:\\\/\\\/www.immobilierlocal.ch\\\/c\\\/wp-content\\\/uploads\\\/2026\\\/02\\\/agence-immobiliere.jpg\",\"width\":1920,\"height\":300},{\"@type\":\"BreadcrumbList\",\"@id\":\"https:\\\/\\\/www.immobilierlocal.ch\\\/c\\\/agence-immobiliere-dans-le-canton-du-valais-achat-vente-location-dune-propriete-immobiliere\\\/#breadcrumb\",\"itemListElement\":[{\"@type\":\"ListItem\",\"position\":1,\"name\":\"Accueil\",\"item\":\"https:\\\/\\\/www.immobilierlocal.ch\\\/c\\\/\"},{\"@type\":\"ListItem\",\"position\":2,\"name\":\"Agences immobili\u00e8res\",\"item\":\"https:\\\/\\\/www.immobilierlocal.ch\\\/agences\"},{\"@type\":\"ListItem\",\"position\":3,\"name\":\"Agence immobili\u00e8re dans le canton du Valais\"}]},{\"@type\":\"WebSite\",\"@id\":\"https:\\\/\\\/www.immobilierlocal.ch\\\/c\\\/#website\",\"url\":\"https:\\\/\\\/www.immobilierlocal.ch\\\/c\\\/\",\"name\":\"Immobilierlocal\",\"description\":\"\",\"publisher\":{\"@id\":\"https:\\\/\\\/www.immobilierlocal.ch\\\/c\\\/#organization\"},\"potentialAction\":[{\"@type\":\"SearchAction\",\"target\":{\"@type\":\"EntryPoint\",\"urlTemplate\":\"https:\\\/\\\/www.immobilierlocal.ch\\\/c\\\/?s={search_term_string}\"},\"query-input\":{\"@type\":\"PropertyValueSpecification\",\"valueRequired\":true,\"valueName\":\"search_term_string\"}}],\"inLanguage\":\"fr-FR\"},{\"@type\":\"Organization\",\"@id\":\"https:\\\/\\\/www.immobilierlocal.ch\\\/c\\\/#organization\",\"name\":\"Immobilierlocal\",\"url\":\"https:\\\/\\\/www.immobilierlocal.ch\\\/c\\\/\",\"logo\":{\"@type\":\"ImageObject\",\"inLanguage\":\"fr-FR\",\"@id\":\"https:\\\/\\\/www.immobilierlocal.ch\\\/c\\\/#\\\/schema\\\/logo\\\/image\\\/\",\"url\":\"https:\\\/\\\/www.immobilierlocal.ch\\\/c\\\/wp-content\\\/uploads\\\/2023\\\/10\\\/logo-immobilierlocal-h.svg\",\"contentUrl\":\"https:\\\/\\\/www.immobilierlocal.ch\\\/c\\\/wp-content\\\/uploads\\\/2023\\\/10\\\/logo-immobilierlocal-h.svg\",\"caption\":\"Immobilierlocal\"},\"image\":{\"@id\":\"https:\\\/\\\/www.immobilierlocal.ch\\\/c\\\/#\\\/schema\\\/logo\\\/image\\\/\"}}]}<\/script>\n<!-- \/ Yoast SEO Premium plugin. -->","yoast_head_json":{"title":"Agence immobili\u00e8re dans le canton du Valais : achat vente location d'une propri\u00e9t\u00e9 immobili\u00e8re - Immobilierlocal","robots":{"index":"index","follow":"follow","max-snippet":"max-snippet:-1","max-image-preview":"max-image-preview:large","max-video-preview":"max-video-preview:-1"},"canonical":"https:\/\/www.immobilierlocal.ch\/c\/agence-immobiliere-dans-le-canton-du-valais-achat-vente-location-dune-propriete-immobiliere\/","og_locale":"fr_FR","og_type":"article","og_title":"Agence immobili\u00e8re dans le canton du Valais : achat vente location d'une propri\u00e9t\u00e9 immobili\u00e8re","og_description":"Envisagez-vous la vente, la location ou l&rsquo;achat d&rsquo;un domicile ou d&rsquo;un loft situ\u00e9 dans le canton du Valais ? Immobilierlocal est disponible et \u00e0 votre \u00e9coute pour vous accompagner dans vos projets. \u00c9tabli au centre de la ville, notre \u00e9quipe est disponible pour vous \u00e9pauler \u00e0 acqu\u00e9rir ou vendre votre habitation. Notre agence immobili\u00e8re dans [&hellip;]","og_url":"https:\/\/www.immobilierlocal.ch\/c\/agence-immobiliere-dans-le-canton-du-valais-achat-vente-location-dune-propriete-immobiliere\/","og_site_name":"Immobilierlocal","article_modified_time":"2026-02-09T14:05:45+00:00","og_image":[{"width":1920,"height":300,"url":"https:\/\/www.immobilierlocal.ch\/c\/wp-content\/uploads\/2026\/02\/agence-immobiliere.jpg","type":"image\/jpeg"}],"twitter_card":"summary_large_image","twitter_misc":{"Dur\u00e9e de lecture estim\u00e9e":"4 minutes"},"schema":{"@context":"https:\/\/schema.org","@graph":[{"@type":"WebPage","@id":"https:\/\/www.immobilierlocal.ch\/c\/agence-immobiliere-dans-le-canton-du-valais-achat-vente-location-dune-propriete-immobiliere\/","url":"https:\/\/www.immobilierlocal.ch\/c\/agence-immobiliere-dans-le-canton-du-valais-achat-vente-location-dune-propriete-immobiliere\/","name":"Agence immobili\u00e8re dans le canton du Valais : achat vente location d'une propri\u00e9t\u00e9 immobili\u00e8re - Immobilierlocal","isPartOf":{"@id":"https:\/\/www.immobilierlocal.ch\/c\/#website"},"primaryImageOfPage":{"@id":"https:\/\/www.immobilierlocal.ch\/c\/agence-immobiliere-dans-le-canton-du-valais-achat-vente-location-dune-propriete-immobiliere\/#primaryimage"},"image":{"@id":"https:\/\/www.immobilierlocal.ch\/c\/agence-immobiliere-dans-le-canton-du-valais-achat-vente-location-dune-propriete-immobiliere\/#primaryimage"},"thumbnailUrl":"https:\/\/www.immobilierlocal.ch\/c\/wp-content\/uploads\/2026\/02\/agence-immobiliere.jpg","datePublished":"2024-04-16T15:07:30+00:00","dateModified":"2026-02-09T14:05:45+00:00","breadcrumb":{"@id":"https:\/\/www.immobilierlocal.ch\/c\/agence-immobiliere-dans-le-canton-du-valais-achat-vente-location-dune-propriete-immobiliere\/#breadcrumb"},"inLanguage":"fr-FR","potentialAction":[{"@type":"ReadAction","target":["https:\/\/www.immobilierlocal.ch\/c\/agence-immobiliere-dans-le-canton-du-valais-achat-vente-location-dune-propriete-immobiliere\/"]}]},{"@type":"ImageObject","inLanguage":"fr-FR","@id":"https:\/\/www.immobilierlocal.ch\/c\/agence-immobiliere-dans-le-canton-du-valais-achat-vente-location-dune-propriete-immobiliere\/#primaryimage","url":"https:\/\/www.immobilierlocal.ch\/c\/wp-content\/uploads\/2026\/02\/agence-immobiliere.jpg","contentUrl":"https:\/\/www.immobilierlocal.ch\/c\/wp-content\/uploads\/2026\/02\/agence-immobiliere.jpg","width":1920,"height":300},{"@type":"BreadcrumbList","@id":"https:\/\/www.immobilierlocal.ch\/c\/agence-immobiliere-dans-le-canton-du-valais-achat-vente-location-dune-propriete-immobiliere\/#breadcrumb","itemListElement":[{"@type":"ListItem","position":1,"name":"Accueil","item":"https:\/\/www.immobilierlocal.ch\/c\/"},{"@type":"ListItem","position":2,"name":"Agences immobili\u00e8res","item":"https:\/\/www.immobilierlocal.ch\/agences"},{"@type":"ListItem","position":3,"name":"Agence immobili\u00e8re dans le canton du Valais"}]},{"@type":"WebSite","@id":"https:\/\/www.immobilierlocal.ch\/c\/#website","url":"https:\/\/www.immobilierlocal.ch\/c\/","name":"Immobilierlocal","description":"","publisher":{"@id":"https:\/\/www.immobilierlocal.ch\/c\/#organization"},"potentialAction":[{"@type":"SearchAction","target":{"@type":"EntryPoint","urlTemplate":"https:\/\/www.immobilierlocal.ch\/c\/?s={search_term_string}"},"query-input":{"@type":"PropertyValueSpecification","valueRequired":true,"valueName":"search_term_string"}}],"inLanguage":"fr-FR"},{"@type":"Organization","@id":"https:\/\/www.immobilierlocal.ch\/c\/#organization","name":"Immobilierlocal","url":"https:\/\/www.immobilierlocal.ch\/c\/","logo":{"@type":"ImageObject","inLanguage":"fr-FR","@id":"https:\/\/www.immobilierlocal.ch\/c\/#\/schema\/logo\/image\/","url":"https:\/\/www.immobilierlocal.ch\/c\/wp-content\/uploads\/2023\/10\/logo-immobilierlocal-h.svg","contentUrl":"https:\/\/www.immobilierlocal.ch\/c\/wp-content\/uploads\/2023\/10\/logo-immobilierlocal-h.svg","caption":"Immobilierlocal"},"image":{"@id":"https:\/\/www.immobilierlocal.ch\/c\/#\/schema\/logo\/image\/"}}]}},"_links":{"self":[{"href":"https:\/\/www.immobilierlocal.ch\/c\/wp-json\/wp\/v2\/pages\/2339","targetHints":{"allow":["GET"]}}],"collection":[{"href":"https:\/\/www.immobilierlocal.ch\/c\/wp-json\/wp\/v2\/pages"}],"about":[{"href":"https:\/\/www.immobilierlocal.ch\/c\/wp-json\/wp\/v2\/types\/page"}],"author":[{"embeddable":true,"href":"https:\/\/www.immobilierlocal.ch\/c\/wp-json\/wp\/v2\/users\/3"}],"replies":[{"embeddable":true,"href":"https:\/\/www.immobilierlocal.ch\/c\/wp-json\/wp\/v2\/comments?post=2339"}],"version-history":[{"count":0,"href":"https:\/\/www.immobilierlocal.ch\/c\/wp-json\/wp\/v2\/pages\/2339\/revisions"}],"wp:featuredmedia":[{"embeddable":true,"href":"https:\/\/www.immobilierlocal.ch\/c\/wp-json\/wp\/v2\/media\/2768"}],"wp:attachment":[{"href":"https:\/\/www.immobilierlocal.ch\/c\/wp-json\/wp\/v2\/media?parent=2339"}],"wp:term":[{"taxonomy":"category","embeddable":true,"href":"https:\/\/www.immobilierlocal.ch\/c\/wp-json\/wp\/v2\/categories?post=2339"},{"taxonomy":"profession","embeddable":true,"href":"https:\/\/www.immobilierlocal.ch\/c\/wp-json\/wp\/v2\/profession?post=2339"},{"taxonomy":"location","embeddable":true,"href":"https:\/\/www.immobilierlocal.ch\/c\/wp-json\/wp\/v2\/location?post=2339"},{"taxonomy":"canton","embeddable":true,"href":"https:\/\/www.immobilierlocal.ch\/c\/wp-json\/wp\/v2\/canton?post=2339"}],"curies":[{"name":"wp","href":"https:\/\/api.w.org\/{rel}","templated":true}]}}