
{"id":2337,"date":"2024-04-16T17:07:29","date_gmt":"2024-04-16T15:07:29","guid":{"rendered":"https:\/\/www.immobilierlocal.ch\/c\/?page_id=2337"},"modified":"2026-02-09T15:05:33","modified_gmt":"2026-02-09T14:05:33","slug":"agence-immobiliere-dans-le-canton-du-jura-specialiste-en-transactions-immobilieres-et-locations-immobilieres","status":"publish","type":"page","link":"https:\/\/www.immobilierlocal.ch\/c\/agence-immobiliere-dans-le-canton-du-jura-specialiste-en-transactions-immobilieres-et-locations-immobilieres\/","title":{"rendered":"Agence immobili\u00e8re dans le canton du Jura : sp\u00e9cialiste en transactions immobili\u00e8res et locations immobili\u00e8res"},"content":{"rendered":"<p>Vous pr\u00e9voyez de vendre, d&rsquo;acheter, de louer une r\u00e9sidence ou un logement dans le canton de Jura ? Immobilierlocal est disponible pour vous guider dans vos projets. \u00c9tabli au centre de la ville, notre \u00e9quipe est pr\u00eate pour vous aider \u00e0 acqu\u00e9rir ou vendre votre bien immobilier. Dans le canton du Jura, notre soci\u00e9t\u00e9 fournis des services pour : l&rsquo;acquisition, la cession, la mise en location de r\u00e9sidences, d&rsquo;appartements, de magasins de proximit\u00e9s, de locaux, nous proposons aussi la g\u00e9rance de vos propri\u00e9t\u00e9s immobili\u00e8res, la gestion locative de vos studios Airbnb, l&rsquo;administration de biens en copropri\u00e9t\u00e9 ou encore pour trouver une solution de financement de votre futur bien.<\/p>\n<h2>Le march\u00e9 immobilier dans le canton du Jura se d\u00e9veloppe plus loin que de sa commune<\/h2>\n<p>Ces derni\u00e8res ann\u00e9es, les tarifs ont mont\u00e9 en fl\u00e8che dans le canton de Jura, pour plusieurs raisons :<\/p>\n<ul>\n<li>Sa situation g\u00e9ographique,<\/li>\n<li>l&rsquo;attractivit\u00e9 \u00e9conomique,<\/li>\n<li>la qualit\u00e9 de son cadre de vie.<\/li>\n<\/ul>\n<p>Investir dans le canton du Jura est un placement rentable, car le besoin de maisons et de studios \u00e0 louer ou \u00e0 acheter \u00e0 grimper de mani\u00e8re significative, entra\u00eenant une hausse des prix de l&rsquo;immobilier.<\/p>\n<h3>Pour le prix immobilier moyen au m\u00b2 dans le canton du Jura<\/h3>\n<p class=\"estimates-price-immobilier\">Le march\u00e9 immobilier dans le canton  affiche un prix moyen de CHF 6'086 \/ m\u00b2 (prix par m\u00e8tre carr\u00e9). Les maisons et les appartements ont un prix moyen respectif de CHF 6'441 \/ m\u00b2 et de CHF 5'731 \/ m\u00b2.<\/p>\n<h3>Pour le montant moyen du loyer dans le canton du Jura<\/h3>\n<p class=\"estimates-rent-average\">Les loyers moyens dans le canton  sont actuellement de CHF 1'508 pour les appartements, CHF 2'290 pour les maisons.<\/p>\n<p>La rar\u00e9faction des logements propos\u00e9s \u00e0 la vente conduis de plus en plus d&rsquo;acqu\u00e9reurs \u00e0 s&rsquo;\u00e9carter du canton du Jura et \u00e0 cibler des villes aux alentours, comme :<\/p>\nBiel\/Bienne, T\u00fcscherz-Alferm\u00e9e, Twann, Ligerz, Ligni\u00e8res, Le Landeron, Magglingen\/Macolin, Evilard, Les Pr\u00e9s-d'Orvin, Pieterlen, Lengnau BE, Orpund, Safnern, Meinisberg, Br\u00fcgg BE, Scheuren, Schwadernau, Studen BE, Aegerten, Nidau, Port, Ipsach, Bellmund, Jens, M\u00f6rigen, Sutz, Hagneck, Gerolfingen, T\u00e4uffelen, L\u00fcscherz, Finsterhennen, Siselen BE, La Ferri\u00e8re, Pr\u00eales, Lamboing, Diesse, Nods, La Neuveville, Orvin, Frinvillier, Plagne, Vauffelin, Romont BE, P\u00e9ry, La Heutte, Sonceboz-Sombeval, Corg\u00e9mont, Cort\u00e9bert, Courtelary, Montagne-de-Courtelary, Mont-Crosin, Les Pontins, Mont-Soleil, St-Imier, Cormoret, Villeret, Montagne-de-Sonvilier, Sonvilier, Renan BE, Tavannes, Le Fuet, Bellelay, Ch\u00e2telat, Monible, Sornetan, Fornet-Dessous, Reb\u00e9velier, Tramelan, La Tanne, Les Reussilles, Mont-Tramelan, Loveresse, Reconvilier, Saicourt, Saules BE, Pontenet, B\u00e9vilard, Champoz, Malleray, Sorvilier, Court, Moutier, Perrefitte, Eschert, Belprahon, Grandval, Cr\u00e9mines, Corcelles BE, Seehof, Les Ecorcheresses, Souboz, Roches BE, Schelten, Zweisimmen, Blankenburg, St. Stephan, Matten (St. Stephan), Lenk im Simmental, Oeschseite, Saanenm\u00f6ser, Sch\u00f6nried, Gstaad, Turbach, Lauenen b. Gstaad, Grund b. Gstaad, Feutersoey, Gsteig b. Gstaad, Saanen.\n<h2>La situation g\u00e9ographique de notre agence immobili\u00e8re dans le canton du Jura<\/h2>\n<p>Les experts de notre agence immobili\u00e8re interviennent dans tous les arrondissements dans le canton du Jura.<\/p>\n\n<h2>Pourquoi travailler avec Immobilierlocal ?<\/h2>\n<p>Immobilierlocal fournis un large choix de prestations, tel que :<\/p>\n<ul>\n<li>La mise en ligne de vos annonces sur notre site : pour vous donner la possibilit\u00e9 d&rsquo;atteindre davantage de monde.<\/li>\n<li>Une vitrine sur l&rsquo;internet suisse : notre site internet se positionne sur des moteurs de recherches web en langue fran\u00e7aise afin de toucher plus de vendeurs, de propri\u00e9taires et d&rsquo;acheteurs.<\/li>\n<li>Commercialisation personnalis\u00e9e : chaque propri\u00e9t\u00e9 immobili\u00e8re sur notre plateforme b\u00e9n\u00e9ficie d&rsquo;une strat\u00e9gie de vente sur mesure.<\/li>\n<li>Estimation des prix : nous avons \u00e9labor\u00e9 des outils pour d\u00e9terminer les tarifs des biens immobiliers.<\/li>\n<li>Photos et vid\u00e9os : nous effectuons la r\u00e9alisation des photos et des vid\u00e9os afin de mettre en valeur votre r\u00e9sidence.<\/li>\n<li>Empreinte \u00e9lectronique : nous proposons l&rsquo;option signature des documents par voie \u00e9lectronique pour vous faciliter la vie.<\/li>\n<li>Conciergerie : nous proposons aussi un service de conciergerie airbnb.<\/li>\n<li>Services de gestion locative : nous offrons une garantie pour les loyers impay\u00e9s.<\/li>\n<\/ul>\n<h2>Une agence immobili\u00e8re qui regroupe des experts<\/h2>\n<p>Les agents de notre agence sont qualifi\u00e9s, qu&rsquo;il s&rsquo;agisse de conseillers commerciaux ou de managers. Nos conseillers suivent r\u00e9guli\u00e8rement des formations afin de maintenir leurs connaissances techniques, juridiques et commerciales \u00e0 jour. Chaque commercial de notre entreprise a une grande exp\u00e9rience dans le secteur de l&rsquo;immobilier. Cette exp\u00e9rience, nous permet d&rsquo;apporter le meilleur accompagnement \u00e0 nos partenaires, car votre satisfaction est notre objectif.<\/p>\n<h2>Obtenez une estimation pour le prix de votre logement dans le canton du Jura<\/h2>\n<p>Vous \u00eates dans le canton du Jura, notre entreprise effectue des estimations pr\u00e9cises de votre propri\u00e9t\u00e9 en consid\u00e9rant les caract\u00e9ristiques de votre habitat comme votre quartier. Nous apportons une v\u00e9ritable expertise que ce soit pour : l&rsquo;acquisition, la vente de bien, les placements immobiliers, les locations \u00e0 court et long terme, la g\u00e9rance de votre portefeuille locatif, et aussi pour la gestion de votre r\u00e9sidence en copropri\u00e9t\u00e9.<\/p>\n<h2>Des conseils immobiliers sur mesure<\/h2>\n<p>Nous avons conscience que votre projet est adapt\u00e9 \u00e0 votre situation et vos d\u00e9sirs, c&rsquo;est pour cela que nous vous proposons des services sur mesure. Si vous cherchez \u00e0 louer un loft ou une maison dans le canton du Jura, les consultants de notre agence se tiennent \u00e0 votre service pour toutes les phases de votre projet immobilier. Nous avons un vaste r\u00e9seau pour vous assister \u00e0 acqu\u00e9rir la r\u00e9sidence de vos d\u00e9sires dans le canton du Jura.<\/p>\n<h2>Vous recherchez une entreprise immobili\u00e8re dans le canton du Jura ?<\/h2>\n<p>L&rsquo;agence Immobilierlocal est \u00e9tabli dans le canton du Jura. Nous vous r\u00e9servons un accueil chaleureux, pr\u00eats \u00e0 vous \u00e9couter et \u00e0 r\u00e9aliser vos projets. Notre soci\u00e9t\u00e9 est chevronn\u00e9e dans la vente, l&rsquo;acquisition et la gestion de propri\u00e9t\u00e9s.<\/p>\n","protected":false},"excerpt":{"rendered":"<p>Vous pr\u00e9voyez de vendre, d&rsquo;acheter, de louer une r\u00e9sidence ou un logement dans le canton de Jura ? Immobilierlocal est disponible pour vous guider dans vos projets. \u00c9tabli au centre de la ville, notre \u00e9quipe est pr\u00eate pour vous aider \u00e0 acqu\u00e9rir ou vendre votre bien immobilier. Dans le canton du Jura, notre soci\u00e9t\u00e9 fournis [&hellip;]<\/p>\n","protected":false},"author":3,"featured_media":2768,"parent":0,"menu_order":0,"comment_status":"closed","ping_status":"closed","template":"page-canton","meta":{"footnotes":""},"categories":[89],"profession":[92],"location":[],"canton":[80],"class_list":["post-2337","page","type-page","status-publish","has-post-thumbnail","hentry","category-agence","profession-agent-immobilier"],"yoast_head":"<!-- This site is optimized with the Yoast SEO Premium plugin v23.0 (Yoast SEO v27.3) - https:\/\/yoast.com\/product\/yoast-seo-premium-wordpress\/ -->\n<title>Agence immobili\u00e8re dans le canton du Jura : sp\u00e9cialiste en transactions immobili\u00e8res et locations immobili\u00e8res - Immobilierlocal<\/title>\n<meta name=\"robots\" content=\"index, follow, max-snippet:-1, max-image-preview:large, max-video-preview:-1\" \/>\n<link rel=\"canonical\" href=\"https:\/\/www.immobilierlocal.ch\/c\/agence-immobiliere-dans-le-canton-du-jura-specialiste-en-transactions-immobilieres-et-locations-immobilieres\/\" \/>\n<meta property=\"og:locale\" content=\"fr_FR\" \/>\n<meta property=\"og:type\" content=\"article\" \/>\n<meta property=\"og:title\" content=\"Agence immobili\u00e8re dans le canton du Jura : sp\u00e9cialiste en transactions immobili\u00e8res et locations immobili\u00e8res\" \/>\n<meta property=\"og:description\" content=\"Vous pr\u00e9voyez de vendre, d&rsquo;acheter, de louer une r\u00e9sidence ou un logement dans le canton de Jura ? Immobilierlocal est disponible pour vous guider dans vos projets. \u00c9tabli au centre de la ville, notre \u00e9quipe est pr\u00eate pour vous aider \u00e0 acqu\u00e9rir ou vendre votre bien immobilier. Dans le canton du Jura, notre soci\u00e9t\u00e9 fournis [&hellip;]\" \/>\n<meta property=\"og:url\" content=\"https:\/\/www.immobilierlocal.ch\/c\/agence-immobiliere-dans-le-canton-du-jura-specialiste-en-transactions-immobilieres-et-locations-immobilieres\/\" \/>\n<meta property=\"og:site_name\" content=\"Immobilierlocal\" \/>\n<meta property=\"article:modified_time\" content=\"2026-02-09T14:05:33+00:00\" \/>\n<meta property=\"og:image\" content=\"https:\/\/www.immobilierlocal.ch\/c\/wp-content\/uploads\/2026\/02\/agence-immobiliere.jpg\" \/>\n\t<meta property=\"og:image:width\" content=\"1920\" \/>\n\t<meta property=\"og:image:height\" content=\"300\" \/>\n\t<meta property=\"og:image:type\" content=\"image\/jpeg\" \/>\n<meta name=\"twitter:card\" content=\"summary_large_image\" \/>\n<meta name=\"twitter:label1\" content=\"Dur\u00e9e de lecture estim\u00e9e\" \/>\n\t<meta name=\"twitter:data1\" content=\"4 minutes\" \/>\n<script type=\"application\/ld+json\" class=\"yoast-schema-graph\">{\"@context\":\"https:\\\/\\\/schema.org\",\"@graph\":[{\"@type\":\"WebPage\",\"@id\":\"https:\\\/\\\/www.immobilierlocal.ch\\\/c\\\/agence-immobiliere-dans-le-canton-du-jura-specialiste-en-transactions-immobilieres-et-locations-immobilieres\\\/\",\"url\":\"https:\\\/\\\/www.immobilierlocal.ch\\\/c\\\/agence-immobiliere-dans-le-canton-du-jura-specialiste-en-transactions-immobilieres-et-locations-immobilieres\\\/\",\"name\":\"Agence immobili\u00e8re dans le canton du Jura : sp\u00e9cialiste en transactions immobili\u00e8res et locations immobili\u00e8res - Immobilierlocal\",\"isPartOf\":{\"@id\":\"https:\\\/\\\/www.immobilierlocal.ch\\\/c\\\/#website\"},\"primaryImageOfPage\":{\"@id\":\"https:\\\/\\\/www.immobilierlocal.ch\\\/c\\\/agence-immobiliere-dans-le-canton-du-jura-specialiste-en-transactions-immobilieres-et-locations-immobilieres\\\/#primaryimage\"},\"image\":{\"@id\":\"https:\\\/\\\/www.immobilierlocal.ch\\\/c\\\/agence-immobiliere-dans-le-canton-du-jura-specialiste-en-transactions-immobilieres-et-locations-immobilieres\\\/#primaryimage\"},\"thumbnailUrl\":\"https:\\\/\\\/www.immobilierlocal.ch\\\/c\\\/wp-content\\\/uploads\\\/2026\\\/02\\\/agence-immobiliere.jpg\",\"datePublished\":\"2024-04-16T15:07:29+00:00\",\"dateModified\":\"2026-02-09T14:05:33+00:00\",\"breadcrumb\":{\"@id\":\"https:\\\/\\\/www.immobilierlocal.ch\\\/c\\\/agence-immobiliere-dans-le-canton-du-jura-specialiste-en-transactions-immobilieres-et-locations-immobilieres\\\/#breadcrumb\"},\"inLanguage\":\"fr-FR\",\"potentialAction\":[{\"@type\":\"ReadAction\",\"target\":[\"https:\\\/\\\/www.immobilierlocal.ch\\\/c\\\/agence-immobiliere-dans-le-canton-du-jura-specialiste-en-transactions-immobilieres-et-locations-immobilieres\\\/\"]}]},{\"@type\":\"ImageObject\",\"inLanguage\":\"fr-FR\",\"@id\":\"https:\\\/\\\/www.immobilierlocal.ch\\\/c\\\/agence-immobiliere-dans-le-canton-du-jura-specialiste-en-transactions-immobilieres-et-locations-immobilieres\\\/#primaryimage\",\"url\":\"https:\\\/\\\/www.immobilierlocal.ch\\\/c\\\/wp-content\\\/uploads\\\/2026\\\/02\\\/agence-immobiliere.jpg\",\"contentUrl\":\"https:\\\/\\\/www.immobilierlocal.ch\\\/c\\\/wp-content\\\/uploads\\\/2026\\\/02\\\/agence-immobiliere.jpg\",\"width\":1920,\"height\":300},{\"@type\":\"BreadcrumbList\",\"@id\":\"https:\\\/\\\/www.immobilierlocal.ch\\\/c\\\/agence-immobiliere-dans-le-canton-du-jura-specialiste-en-transactions-immobilieres-et-locations-immobilieres\\\/#breadcrumb\",\"itemListElement\":[{\"@type\":\"ListItem\",\"position\":1,\"name\":\"Accueil\",\"item\":\"https:\\\/\\\/www.immobilierlocal.ch\\\/c\\\/\"},{\"@type\":\"ListItem\",\"position\":2,\"name\":\"Agences immobili\u00e8res\",\"item\":\"https:\\\/\\\/www.immobilierlocal.ch\\\/agences\"},{\"@type\":\"ListItem\",\"position\":3,\"name\":\"Agence immobili\u00e8re dans le canton du Jura\"}]},{\"@type\":\"WebSite\",\"@id\":\"https:\\\/\\\/www.immobilierlocal.ch\\\/c\\\/#website\",\"url\":\"https:\\\/\\\/www.immobilierlocal.ch\\\/c\\\/\",\"name\":\"Immobilierlocal\",\"description\":\"\",\"publisher\":{\"@id\":\"https:\\\/\\\/www.immobilierlocal.ch\\\/c\\\/#organization\"},\"potentialAction\":[{\"@type\":\"SearchAction\",\"target\":{\"@type\":\"EntryPoint\",\"urlTemplate\":\"https:\\\/\\\/www.immobilierlocal.ch\\\/c\\\/?s={search_term_string}\"},\"query-input\":{\"@type\":\"PropertyValueSpecification\",\"valueRequired\":true,\"valueName\":\"search_term_string\"}}],\"inLanguage\":\"fr-FR\"},{\"@type\":\"Organization\",\"@id\":\"https:\\\/\\\/www.immobilierlocal.ch\\\/c\\\/#organization\",\"name\":\"Immobilierlocal\",\"url\":\"https:\\\/\\\/www.immobilierlocal.ch\\\/c\\\/\",\"logo\":{\"@type\":\"ImageObject\",\"inLanguage\":\"fr-FR\",\"@id\":\"https:\\\/\\\/www.immobilierlocal.ch\\\/c\\\/#\\\/schema\\\/logo\\\/image\\\/\",\"url\":\"https:\\\/\\\/www.immobilierlocal.ch\\\/c\\\/wp-content\\\/uploads\\\/2023\\\/10\\\/logo-immobilierlocal-h.svg\",\"contentUrl\":\"https:\\\/\\\/www.immobilierlocal.ch\\\/c\\\/wp-content\\\/uploads\\\/2023\\\/10\\\/logo-immobilierlocal-h.svg\",\"caption\":\"Immobilierlocal\"},\"image\":{\"@id\":\"https:\\\/\\\/www.immobilierlocal.ch\\\/c\\\/#\\\/schema\\\/logo\\\/image\\\/\"}}]}<\/script>\n<!-- \/ Yoast SEO Premium plugin. -->","yoast_head_json":{"title":"Agence immobili\u00e8re dans le canton du Jura : sp\u00e9cialiste en transactions immobili\u00e8res et locations immobili\u00e8res - Immobilierlocal","robots":{"index":"index","follow":"follow","max-snippet":"max-snippet:-1","max-image-preview":"max-image-preview:large","max-video-preview":"max-video-preview:-1"},"canonical":"https:\/\/www.immobilierlocal.ch\/c\/agence-immobiliere-dans-le-canton-du-jura-specialiste-en-transactions-immobilieres-et-locations-immobilieres\/","og_locale":"fr_FR","og_type":"article","og_title":"Agence immobili\u00e8re dans le canton du Jura : sp\u00e9cialiste en transactions immobili\u00e8res et locations immobili\u00e8res","og_description":"Vous pr\u00e9voyez de vendre, d&rsquo;acheter, de louer une r\u00e9sidence ou un logement dans le canton de Jura ? Immobilierlocal est disponible pour vous guider dans vos projets. \u00c9tabli au centre de la ville, notre \u00e9quipe est pr\u00eate pour vous aider \u00e0 acqu\u00e9rir ou vendre votre bien immobilier. Dans le canton du Jura, notre soci\u00e9t\u00e9 fournis [&hellip;]","og_url":"https:\/\/www.immobilierlocal.ch\/c\/agence-immobiliere-dans-le-canton-du-jura-specialiste-en-transactions-immobilieres-et-locations-immobilieres\/","og_site_name":"Immobilierlocal","article_modified_time":"2026-02-09T14:05:33+00:00","og_image":[{"width":1920,"height":300,"url":"https:\/\/www.immobilierlocal.ch\/c\/wp-content\/uploads\/2026\/02\/agence-immobiliere.jpg","type":"image\/jpeg"}],"twitter_card":"summary_large_image","twitter_misc":{"Dur\u00e9e de lecture estim\u00e9e":"4 minutes"},"schema":{"@context":"https:\/\/schema.org","@graph":[{"@type":"WebPage","@id":"https:\/\/www.immobilierlocal.ch\/c\/agence-immobiliere-dans-le-canton-du-jura-specialiste-en-transactions-immobilieres-et-locations-immobilieres\/","url":"https:\/\/www.immobilierlocal.ch\/c\/agence-immobiliere-dans-le-canton-du-jura-specialiste-en-transactions-immobilieres-et-locations-immobilieres\/","name":"Agence immobili\u00e8re dans le canton du Jura : sp\u00e9cialiste en transactions immobili\u00e8res et locations immobili\u00e8res - Immobilierlocal","isPartOf":{"@id":"https:\/\/www.immobilierlocal.ch\/c\/#website"},"primaryImageOfPage":{"@id":"https:\/\/www.immobilierlocal.ch\/c\/agence-immobiliere-dans-le-canton-du-jura-specialiste-en-transactions-immobilieres-et-locations-immobilieres\/#primaryimage"},"image":{"@id":"https:\/\/www.immobilierlocal.ch\/c\/agence-immobiliere-dans-le-canton-du-jura-specialiste-en-transactions-immobilieres-et-locations-immobilieres\/#primaryimage"},"thumbnailUrl":"https:\/\/www.immobilierlocal.ch\/c\/wp-content\/uploads\/2026\/02\/agence-immobiliere.jpg","datePublished":"2024-04-16T15:07:29+00:00","dateModified":"2026-02-09T14:05:33+00:00","breadcrumb":{"@id":"https:\/\/www.immobilierlocal.ch\/c\/agence-immobiliere-dans-le-canton-du-jura-specialiste-en-transactions-immobilieres-et-locations-immobilieres\/#breadcrumb"},"inLanguage":"fr-FR","potentialAction":[{"@type":"ReadAction","target":["https:\/\/www.immobilierlocal.ch\/c\/agence-immobiliere-dans-le-canton-du-jura-specialiste-en-transactions-immobilieres-et-locations-immobilieres\/"]}]},{"@type":"ImageObject","inLanguage":"fr-FR","@id":"https:\/\/www.immobilierlocal.ch\/c\/agence-immobiliere-dans-le-canton-du-jura-specialiste-en-transactions-immobilieres-et-locations-immobilieres\/#primaryimage","url":"https:\/\/www.immobilierlocal.ch\/c\/wp-content\/uploads\/2026\/02\/agence-immobiliere.jpg","contentUrl":"https:\/\/www.immobilierlocal.ch\/c\/wp-content\/uploads\/2026\/02\/agence-immobiliere.jpg","width":1920,"height":300},{"@type":"BreadcrumbList","@id":"https:\/\/www.immobilierlocal.ch\/c\/agence-immobiliere-dans-le-canton-du-jura-specialiste-en-transactions-immobilieres-et-locations-immobilieres\/#breadcrumb","itemListElement":[{"@type":"ListItem","position":1,"name":"Accueil","item":"https:\/\/www.immobilierlocal.ch\/c\/"},{"@type":"ListItem","position":2,"name":"Agences immobili\u00e8res","item":"https:\/\/www.immobilierlocal.ch\/agences"},{"@type":"ListItem","position":3,"name":"Agence immobili\u00e8re dans le canton du Jura"}]},{"@type":"WebSite","@id":"https:\/\/www.immobilierlocal.ch\/c\/#website","url":"https:\/\/www.immobilierlocal.ch\/c\/","name":"Immobilierlocal","description":"","publisher":{"@id":"https:\/\/www.immobilierlocal.ch\/c\/#organization"},"potentialAction":[{"@type":"SearchAction","target":{"@type":"EntryPoint","urlTemplate":"https:\/\/www.immobilierlocal.ch\/c\/?s={search_term_string}"},"query-input":{"@type":"PropertyValueSpecification","valueRequired":true,"valueName":"search_term_string"}}],"inLanguage":"fr-FR"},{"@type":"Organization","@id":"https:\/\/www.immobilierlocal.ch\/c\/#organization","name":"Immobilierlocal","url":"https:\/\/www.immobilierlocal.ch\/c\/","logo":{"@type":"ImageObject","inLanguage":"fr-FR","@id":"https:\/\/www.immobilierlocal.ch\/c\/#\/schema\/logo\/image\/","url":"https:\/\/www.immobilierlocal.ch\/c\/wp-content\/uploads\/2023\/10\/logo-immobilierlocal-h.svg","contentUrl":"https:\/\/www.immobilierlocal.ch\/c\/wp-content\/uploads\/2023\/10\/logo-immobilierlocal-h.svg","caption":"Immobilierlocal"},"image":{"@id":"https:\/\/www.immobilierlocal.ch\/c\/#\/schema\/logo\/image\/"}}]}},"_links":{"self":[{"href":"https:\/\/www.immobilierlocal.ch\/c\/wp-json\/wp\/v2\/pages\/2337","targetHints":{"allow":["GET"]}}],"collection":[{"href":"https:\/\/www.immobilierlocal.ch\/c\/wp-json\/wp\/v2\/pages"}],"about":[{"href":"https:\/\/www.immobilierlocal.ch\/c\/wp-json\/wp\/v2\/types\/page"}],"author":[{"embeddable":true,"href":"https:\/\/www.immobilierlocal.ch\/c\/wp-json\/wp\/v2\/users\/3"}],"replies":[{"embeddable":true,"href":"https:\/\/www.immobilierlocal.ch\/c\/wp-json\/wp\/v2\/comments?post=2337"}],"version-history":[{"count":0,"href":"https:\/\/www.immobilierlocal.ch\/c\/wp-json\/wp\/v2\/pages\/2337\/revisions"}],"wp:featuredmedia":[{"embeddable":true,"href":"https:\/\/www.immobilierlocal.ch\/c\/wp-json\/wp\/v2\/media\/2768"}],"wp:attachment":[{"href":"https:\/\/www.immobilierlocal.ch\/c\/wp-json\/wp\/v2\/media?parent=2337"}],"wp:term":[{"taxonomy":"category","embeddable":true,"href":"https:\/\/www.immobilierlocal.ch\/c\/wp-json\/wp\/v2\/categories?post=2337"},{"taxonomy":"profession","embeddable":true,"href":"https:\/\/www.immobilierlocal.ch\/c\/wp-json\/wp\/v2\/profession?post=2337"},{"taxonomy":"location","embeddable":true,"href":"https:\/\/www.immobilierlocal.ch\/c\/wp-json\/wp\/v2\/location?post=2337"},{"taxonomy":"canton","embeddable":true,"href":"https:\/\/www.immobilierlocal.ch\/c\/wp-json\/wp\/v2\/canton?post=2337"}],"curies":[{"name":"wp","href":"https:\/\/api.w.org\/{rel}","templated":true}]}}