
{"id":2336,"date":"2024-04-16T17:07:26","date_gmt":"2024-04-16T15:07:26","guid":{"rendered":"https:\/\/www.immobilierlocal.ch\/c\/?page_id=2336"},"modified":"2026-02-09T15:05:24","modified_gmt":"2026-02-09T14:05:24","slug":"agence-immobiliere-dans-le-canton-de-fribourg-expert-en-transactions-immobilieres-et-locations-de-biens-immobiliers","status":"publish","type":"page","link":"https:\/\/www.immobilierlocal.ch\/c\/agence-immobiliere-dans-le-canton-de-fribourg-expert-en-transactions-immobilieres-et-locations-de-biens-immobiliers\/","title":{"rendered":"Agence immobili\u00e8re dans le canton de Fribourg : expert en transactions immobili\u00e8res et locations de biens immobiliers"},"content":{"rendered":"<p>Vous pr\u00e9voyez d&rsquo;acheter, de vendre une habitation ou un logement dans le canton de Fribourg ? Immobilierlocal est joignable pour vous assister dans votre projet. Nous sommes situ\u00e9s au centre-ville, prenez contact avec nous pour acqu\u00e9rir l&rsquo;habitation de vos r\u00eaves ou vendre la v\u00f4tre. Notre entreprise immobili\u00e8re dans le canton de Fribourg offre une vaste gamme de services : pour acheter, c\u00e9der votre villa, ou votre studio, louer un meubl\u00e9, acheter des commerces, des locaux professionnels, pour la g\u00e9rance de vos biens immobiliers, pour de la location d&rsquo;immobilier de courte dur\u00e9e ou la g\u00e9rance de syndicat de copropri\u00e9taires et pour les solutions de financement de votre bien.<\/p>\n<h2>Le march\u00e9 immobilier dans le canton de Fribourg s\u2019\u00e9tend en dehors de sa commune<\/h2>\n<p>Au cours des derni\u00e8res ann\u00e9es, les prix ont augment\u00e9 dans le canton de Fribourg, en raison de multiples facteurs :<\/p>\n<ul>\n<li>Son lieu g\u00e9ographique,<\/li>\n<li>le march\u00e9 de l&#8217;emploi,<\/li>\n<li>le confort et la qualit\u00e9 de son environnement.<\/li>\n<\/ul>\n<p>Investir dans le canton de Fribourg est \u00e9galement un placement rentable, car la demande de maisons et d&rsquo;appartements \u00e0 louer ou \u00e0 acqu\u00e9rir \u00e0 exploser, entra\u00eenant une hausse des prix de l&rsquo;immobilier.<\/p>\n<h3>Pour le prix moyen par m\u00e8tre carr\u00e9 des habitations dans le canton de Fribourg<\/h3>\n<p class=\"estimates-price-immobilier\">Le march\u00e9 immobilier dans le canton de Fribourg affiche un prix moyen de CHF 7'444 \/ m\u00b2 (prix par m\u00e8tre carr\u00e9). Les maisons et les appartements ont un prix moyen respectif de CHF 7'073 \/ m\u00b2 et de CHF 7'815 \/ m\u00b2.<\/p>\n<h3>Pour le prix moyen du loyer dans le canton de Fribourg<\/h3>\n<p class=\"estimates-rent-average\">Les loyers moyens dans le canton de Fribourg sont actuellement de CHF 2'070 pour les appartements, CHF 2'595 pour les maisons.<\/p>\n<p>La p\u00e9nurie de logements sur le march\u00e9 oblige les acheteurs \u00e0 \u00e9largir leur prospection et \u00e0 se porter vers des communes proches, telles que :<\/p>\nMaules, S\u00e2les (Gruy\u00e8re), Romanens, Rueyres-Treyfayes, Treyfayes, Vaulruz, Vuadens, Bulle, Riaz, Marsens, Vuippens, La Roche FR, La Tour-de-Tr\u00eame, Broc, Charmey (Gruy\u00e8re), Morlon, Sorens, Gumefens, Avry-devant-Pont, Le Bry, Echarlens, Corbi\u00e8res, Hauteville, Pont-la-Ville, Villarvolard, Botterens, Villarbeney, Ch\u00e2tel-sur-Montsalvens, Cr\u00e9suz, Im Fang, Jaun, Abl\u00e4ndschen, Le P\u00e2quier-Montbarry, Epagny, Gruy\u00e8res, Mol\u00e9son-sur-Gruy\u00e8res, Pringy, Estavannens, Grandvillard, Villars-sous-Mont, Enney, Albeuve, Lessoc, Montbovon, Neirivue, Les Sciernes-d'Albeuve, Besencens, Fiaug\u00e8res, St-Martin FR, Granges (Veveyse), Bossonnens, Attalens, Tatroz, Remaufens, Ch\u00e2tel-St-Denis, Les Paccots, Semsales, Grattavache, La Verrerie, Progens, Bouloz, Pont (Veveyse), Porsel, Bionnens, Esmonts, Ursy, Auboranges, Ecublens FR, Gillarens, Promasens, Rue, Montet (Gl\u00e2ne), Morlens, Vuarmarens, Blessens, Mossel, Vauderens, Chavannes-les-Forts, Prez-vers-Siviriez, Siviriez, Villaraboud, Berlens, Romont FR, Billens, Hennens, M\u00e9zi\u00e8res FR, Villariaz, Grangettes-pr\u00e8s-Romont, La Neirigue, Est\u00e9venens, La Magne, Vuisternens-devant-Romont, Lieffrens, Sommentier, Le Ch\u00e2telard-pr\u00e8s-Romont, Villaz-St-Pierre, Lussy FR, Villarimboud, Massonnens, Chavannes-sous-Orsonnens, Orsonnens, Villargiroud, Villarsiviriaux, La Joux FR, Les Ecasseys, Torny-le-Grand, Tafers, St. Antoni, Heitenried, Alterswil FR, Oberschrot, Plaffeien, Schwarzsee, St. Ursen, Rechthalten, Br\u00fcnisried, Zumholz, Tentlingen, Giffers, St. Silvester, Plasselb, Flamatt, B\u00f6singen, Ueberstorf, W\u00fcnnewil, Schmitten FR, D\u00fcdingen, Sangernboden, Courtepin, Cournillens, Wallenried, Cressier FR, Courtaman, Cordast, Guschelmuth, Jeuss, Salvenach, Courlevon, Courgevaux, M\u00fcnchenwiler, Kerzers, Gurmels, Kleinb\u00f6singen, Ulmiz, Gempenach, Ried b. Kerzers, Greng, Meyriez, Murten, Fr\u00e4schels, Galmiz, Muntelier, Estavayer-le-Gibloux, Rueyres-St-Laurent, Villarlod, Villarsel-le-Gibloux, Vuisternens-en-Ogoz, Ch\u00e9sopelloz, Corminboeuf, Bourguillon, Marly, Pierrafortscha, Villarsel-sur-Marly, Ferpicloz, Bonnefontaine, Essert FR, Le Mouret, Mont\u00e9vraz, Oberried FR, Z\u00e9nauva, Sen\u00e8des, Posieux, Farvagny-le-Grand, Farvagny-le-Petit, Grenilles, Posat, Corpataux, Magnedens, Rossens FR, Ecuvillens, Ependes FR, Arconciel, Treyvaux, Neyruz FR, Cottens FR, Autigny, Ch\u00e9nens, Lentigny, Prez-vers-Nor\u00e9az, Corserey, Villars-sur-Gl\u00e2ne, Matran, Avry-sur-Matran, Corjolens, Lovens, Onnens FR, Nor\u00e9az, Givisiez, Granges-Paccot, Grolley, Nierlet-les-Bois, Ponthaux, Autafond, Belfaux, Cormagens, Formangueires, La Corbaz, Lossy, Pensier, Barber\u00eache, Fribourg.\n<h2>La situation g\u00e9ographique de notre agence immobili\u00e8re dans le canton de Fribourg<\/h2>\n<p>Implant\u00e9e dans le canton de Fribourg notre agence op\u00e8re dans dans tous les secteurs de la ville.<\/p>\n\n<div id=\"map\" class=\"map\" data-adresse=\"Avenue de la Gare 26 1618\u00a0Ch\u00e2tel-St-Denis, Suisse\"><\/div>\n<h2>Pourquoi choisir Immobilierlocal ?<\/h2>\n<p>Notre entreprise, Immobilierlocal, propose un ensemble de prestations, entre autres :<\/p>\n<ul>\n<li>La parution de votre annonce sur notre site internet : dans le but d&rsquo;atteindre plus de futurs clients.<\/li>\n<li>Une vitrine en suisse et sur internet : notre site internet se positionne sur des moteurs de recherches web francophones dans le but de toucher plus d\u2019acheteurs et de vendeurs.<\/li>\n<li>Mise en place d&rsquo;une strat\u00e9gie de vente sur mesure : chacun des logements pr\u00e9sents sur notre site profite d&rsquo;une strat\u00e9gie personnalis\u00e9e.<\/li>\n<li>Estimation immobili\u00e8re en ligne : nous avons d\u00e9velopp\u00e9 un outil digital pour estimer les valeurs des propri\u00e9t\u00e9s immobili\u00e8res \u00e0 Fribourg.<\/li>\n<li>Photos et vid\u00e9os : nous effectuons la prise des vid\u00e9os et des photos afin de mettre en valeur votre maison.<\/li>\n<li>Signature num\u00e9rique : nous offrons la capacit\u00e9 de sign\u00e9 \u00e9lectroniquement vos papiers en ligne.<\/li>\n<li>Gestion locative airbnb : nous fournissons aussi un service de gestion de location airbnb.<\/li>\n<li>Gestion locative : nous offrons une couverture pour le non-paiement des loyers.<\/li>\n<\/ul>\n<h2>Une agence immobili\u00e8re qui r\u00e9unis des experts<\/h2>\n<p>Les conseillers de notre soci\u00e9t\u00e9 sont qualifi\u00e9s, qu&rsquo;il s&rsquo;agisse de professionnels de la vente ou de managers. Nos conseillers suivent fr\u00e9quemment des formations professionnelles afin de maintenir \u00e0 niveau leurs comp\u00e9tences : techniques, juridiques et commerciales \u00e0 jour. De plus, nos commerciaux ont tous aussi acquis une exp\u00e9rience au pr\u00e9alable. Cette exp\u00e9rience, nous permet d\u2019accompagner au mieux nos clients, car votre satisfaction est notre priorit\u00e9.<\/p>\n<h2>Estimer un bien dans le canton de Fribourg<\/h2>\n<p>Si vous \u00eates dans le canton de Fribourg, notre agence effectue des \u00e9valuations pouss\u00e9es de votre habitation en tenant compte des sp\u00e9cificit\u00e9s de votre domicile comme votre quartier. Immobilierlocal offre \u00e0 sa client\u00e8le, les solutions, tel que : l&rsquo;administration de vos appartements locatifs, l&rsquo;achat, la vente, les placements immobiliers, la direction des locations saisonni\u00e8res et la g\u00e9rance du syndic de copropri\u00e9t\u00e9.<\/p>\n<h2>Des conseils sur mesure<\/h2>\n<p>Nous sommes bien conscients que votre projet est adapt\u00e9 \u00e0 votre situation et vos besoins, c&rsquo;est pour cela que nous vous proposons des services personnalis\u00e9s. Vous d\u00e9sirez, louer ou vendre une maison ou un studio dans le canton de Fribourg ? Notre entreprise vous guide du d\u00e9but \u00e0 la fin de votre projet. Vous voulez acqu\u00e9rir une nouvelle habitation dans le canton de Fribourg ? Nous vous trouvons le meilleur logement possible par notre r\u00e9seau.<\/p>\n<h2>Vous cherchez une entreprise immobili\u00e8re dans le canton de Fribourg ?<\/h2>\n<p>Notre agence Immobilierlocal se trouve dans le canton de Fribourg. Nos conseillers vous accueillent et sont d\u00e9termin\u00e9s \u00e0 vous soutenir dans votre projet immobilier. Nos experts immobiliers sont vos partenaires de confiance pour la gestion de biens immobiliers, l&rsquo;achat et la vente.<\/p>\n","protected":false},"excerpt":{"rendered":"<p>Vous pr\u00e9voyez d&rsquo;acheter, de vendre une habitation ou un logement dans le canton de Fribourg ? Immobilierlocal est joignable pour vous assister dans votre projet. Nous sommes situ\u00e9s au centre-ville, prenez contact avec nous pour acqu\u00e9rir l&rsquo;habitation de vos r\u00eaves ou vendre la v\u00f4tre. Notre entreprise immobili\u00e8re dans le canton de Fribourg offre une vaste [&hellip;]<\/p>\n","protected":false},"author":3,"featured_media":2768,"parent":0,"menu_order":0,"comment_status":"closed","ping_status":"closed","template":"page-canton","meta":{"footnotes":""},"categories":[89],"profession":[92],"location":[],"canton":[76],"class_list":["post-2336","page","type-page","status-publish","has-post-thumbnail","hentry","category-agence","profession-agent-immobilier"],"yoast_head":"<!-- This site is optimized with the Yoast SEO Premium plugin v23.0 (Yoast SEO v27.4) - https:\/\/yoast.com\/product\/yoast-seo-premium-wordpress\/ -->\n<title>Agence immobili\u00e8re dans le canton de Fribourg : expert en transactions immobili\u00e8res et locations de biens immobiliers - Immobilierlocal<\/title>\n<meta name=\"robots\" content=\"index, follow, max-snippet:-1, max-image-preview:large, max-video-preview:-1\" \/>\n<link rel=\"canonical\" href=\"https:\/\/www.immobilierlocal.ch\/c\/agence-immobiliere-dans-le-canton-de-fribourg-expert-en-transactions-immobilieres-et-locations-de-biens-immobiliers\/\" \/>\n<meta property=\"og:locale\" content=\"fr_FR\" \/>\n<meta property=\"og:type\" content=\"article\" \/>\n<meta property=\"og:title\" content=\"Agence immobili\u00e8re dans le canton de Fribourg : expert en transactions immobili\u00e8res et locations de biens immobiliers\" \/>\n<meta property=\"og:description\" content=\"Vous pr\u00e9voyez d&rsquo;acheter, de vendre une habitation ou un logement dans le canton de Fribourg ? Immobilierlocal est joignable pour vous assister dans votre projet. Nous sommes situ\u00e9s au centre-ville, prenez contact avec nous pour acqu\u00e9rir l&rsquo;habitation de vos r\u00eaves ou vendre la v\u00f4tre. Notre entreprise immobili\u00e8re dans le canton de Fribourg offre une vaste [&hellip;]\" \/>\n<meta property=\"og:url\" content=\"https:\/\/www.immobilierlocal.ch\/c\/agence-immobiliere-dans-le-canton-de-fribourg-expert-en-transactions-immobilieres-et-locations-de-biens-immobiliers\/\" \/>\n<meta property=\"og:site_name\" content=\"Immobilierlocal\" \/>\n<meta property=\"article:modified_time\" content=\"2026-02-09T14:05:24+00:00\" \/>\n<meta property=\"og:image\" content=\"https:\/\/www.immobilierlocal.ch\/c\/wp-content\/uploads\/2026\/02\/agence-immobiliere.jpg\" \/>\n\t<meta property=\"og:image:width\" content=\"1920\" \/>\n\t<meta property=\"og:image:height\" content=\"300\" \/>\n\t<meta property=\"og:image:type\" content=\"image\/jpeg\" \/>\n<meta name=\"twitter:card\" content=\"summary_large_image\" \/>\n<meta name=\"twitter:label1\" content=\"Dur\u00e9e de lecture estim\u00e9e\" \/>\n\t<meta name=\"twitter:data1\" content=\"4 minutes\" \/>\n<script type=\"application\/ld+json\" class=\"yoast-schema-graph\">{\"@context\":\"https:\\\/\\\/schema.org\",\"@graph\":[{\"@type\":\"WebPage\",\"@id\":\"https:\\\/\\\/www.immobilierlocal.ch\\\/c\\\/agence-immobiliere-dans-le-canton-de-fribourg-expert-en-transactions-immobilieres-et-locations-de-biens-immobiliers\\\/\",\"url\":\"https:\\\/\\\/www.immobilierlocal.ch\\\/c\\\/agence-immobiliere-dans-le-canton-de-fribourg-expert-en-transactions-immobilieres-et-locations-de-biens-immobiliers\\\/\",\"name\":\"Agence immobili\u00e8re dans le canton de Fribourg : expert en transactions immobili\u00e8res et locations de biens immobiliers - Immobilierlocal\",\"isPartOf\":{\"@id\":\"https:\\\/\\\/www.immobilierlocal.ch\\\/c\\\/#website\"},\"primaryImageOfPage\":{\"@id\":\"https:\\\/\\\/www.immobilierlocal.ch\\\/c\\\/agence-immobiliere-dans-le-canton-de-fribourg-expert-en-transactions-immobilieres-et-locations-de-biens-immobiliers\\\/#primaryimage\"},\"image\":{\"@id\":\"https:\\\/\\\/www.immobilierlocal.ch\\\/c\\\/agence-immobiliere-dans-le-canton-de-fribourg-expert-en-transactions-immobilieres-et-locations-de-biens-immobiliers\\\/#primaryimage\"},\"thumbnailUrl\":\"https:\\\/\\\/www.immobilierlocal.ch\\\/c\\\/wp-content\\\/uploads\\\/2026\\\/02\\\/agence-immobiliere.jpg\",\"datePublished\":\"2024-04-16T15:07:26+00:00\",\"dateModified\":\"2026-02-09T14:05:24+00:00\",\"breadcrumb\":{\"@id\":\"https:\\\/\\\/www.immobilierlocal.ch\\\/c\\\/agence-immobiliere-dans-le-canton-de-fribourg-expert-en-transactions-immobilieres-et-locations-de-biens-immobiliers\\\/#breadcrumb\"},\"inLanguage\":\"fr-FR\",\"potentialAction\":[{\"@type\":\"ReadAction\",\"target\":[\"https:\\\/\\\/www.immobilierlocal.ch\\\/c\\\/agence-immobiliere-dans-le-canton-de-fribourg-expert-en-transactions-immobilieres-et-locations-de-biens-immobiliers\\\/\"]}]},{\"@type\":\"ImageObject\",\"inLanguage\":\"fr-FR\",\"@id\":\"https:\\\/\\\/www.immobilierlocal.ch\\\/c\\\/agence-immobiliere-dans-le-canton-de-fribourg-expert-en-transactions-immobilieres-et-locations-de-biens-immobiliers\\\/#primaryimage\",\"url\":\"https:\\\/\\\/www.immobilierlocal.ch\\\/c\\\/wp-content\\\/uploads\\\/2026\\\/02\\\/agence-immobiliere.jpg\",\"contentUrl\":\"https:\\\/\\\/www.immobilierlocal.ch\\\/c\\\/wp-content\\\/uploads\\\/2026\\\/02\\\/agence-immobiliere.jpg\",\"width\":1920,\"height\":300},{\"@type\":\"BreadcrumbList\",\"@id\":\"https:\\\/\\\/www.immobilierlocal.ch\\\/c\\\/agence-immobiliere-dans-le-canton-de-fribourg-expert-en-transactions-immobilieres-et-locations-de-biens-immobiliers\\\/#breadcrumb\",\"itemListElement\":[{\"@type\":\"ListItem\",\"position\":1,\"name\":\"Accueil\",\"item\":\"https:\\\/\\\/www.immobilierlocal.ch\\\/c\\\/\"},{\"@type\":\"ListItem\",\"position\":2,\"name\":\"Agences immobili\u00e8res\",\"item\":\"https:\\\/\\\/www.immobilierlocal.ch\\\/agences\"},{\"@type\":\"ListItem\",\"position\":3,\"name\":\"Agence immobili\u00e8re dans le canton de Fribourg\"}]},{\"@type\":\"WebSite\",\"@id\":\"https:\\\/\\\/www.immobilierlocal.ch\\\/c\\\/#website\",\"url\":\"https:\\\/\\\/www.immobilierlocal.ch\\\/c\\\/\",\"name\":\"Immobilierlocal\",\"description\":\"\",\"publisher\":{\"@id\":\"https:\\\/\\\/www.immobilierlocal.ch\\\/c\\\/#organization\"},\"potentialAction\":[{\"@type\":\"SearchAction\",\"target\":{\"@type\":\"EntryPoint\",\"urlTemplate\":\"https:\\\/\\\/www.immobilierlocal.ch\\\/c\\\/?s={search_term_string}\"},\"query-input\":{\"@type\":\"PropertyValueSpecification\",\"valueRequired\":true,\"valueName\":\"search_term_string\"}}],\"inLanguage\":\"fr-FR\"},{\"@type\":\"Organization\",\"@id\":\"https:\\\/\\\/www.immobilierlocal.ch\\\/c\\\/#organization\",\"name\":\"Immobilierlocal\",\"url\":\"https:\\\/\\\/www.immobilierlocal.ch\\\/c\\\/\",\"logo\":{\"@type\":\"ImageObject\",\"inLanguage\":\"fr-FR\",\"@id\":\"https:\\\/\\\/www.immobilierlocal.ch\\\/c\\\/#\\\/schema\\\/logo\\\/image\\\/\",\"url\":\"https:\\\/\\\/www.immobilierlocal.ch\\\/c\\\/wp-content\\\/uploads\\\/2023\\\/10\\\/logo-immobilierlocal-h.svg\",\"contentUrl\":\"https:\\\/\\\/www.immobilierlocal.ch\\\/c\\\/wp-content\\\/uploads\\\/2023\\\/10\\\/logo-immobilierlocal-h.svg\",\"caption\":\"Immobilierlocal\"},\"image\":{\"@id\":\"https:\\\/\\\/www.immobilierlocal.ch\\\/c\\\/#\\\/schema\\\/logo\\\/image\\\/\"}}]}<\/script>\n<!-- \/ Yoast SEO Premium plugin. -->","yoast_head_json":{"title":"Agence immobili\u00e8re dans le canton de Fribourg : expert en transactions immobili\u00e8res et locations de biens immobiliers - Immobilierlocal","robots":{"index":"index","follow":"follow","max-snippet":"max-snippet:-1","max-image-preview":"max-image-preview:large","max-video-preview":"max-video-preview:-1"},"canonical":"https:\/\/www.immobilierlocal.ch\/c\/agence-immobiliere-dans-le-canton-de-fribourg-expert-en-transactions-immobilieres-et-locations-de-biens-immobiliers\/","og_locale":"fr_FR","og_type":"article","og_title":"Agence immobili\u00e8re dans le canton de Fribourg : expert en transactions immobili\u00e8res et locations de biens immobiliers","og_description":"Vous pr\u00e9voyez d&rsquo;acheter, de vendre une habitation ou un logement dans le canton de Fribourg ? Immobilierlocal est joignable pour vous assister dans votre projet. Nous sommes situ\u00e9s au centre-ville, prenez contact avec nous pour acqu\u00e9rir l&rsquo;habitation de vos r\u00eaves ou vendre la v\u00f4tre. Notre entreprise immobili\u00e8re dans le canton de Fribourg offre une vaste [&hellip;]","og_url":"https:\/\/www.immobilierlocal.ch\/c\/agence-immobiliere-dans-le-canton-de-fribourg-expert-en-transactions-immobilieres-et-locations-de-biens-immobiliers\/","og_site_name":"Immobilierlocal","article_modified_time":"2026-02-09T14:05:24+00:00","og_image":[{"width":1920,"height":300,"url":"https:\/\/www.immobilierlocal.ch\/c\/wp-content\/uploads\/2026\/02\/agence-immobiliere.jpg","type":"image\/jpeg"}],"twitter_card":"summary_large_image","twitter_misc":{"Dur\u00e9e de lecture estim\u00e9e":"4 minutes"},"schema":{"@context":"https:\/\/schema.org","@graph":[{"@type":"WebPage","@id":"https:\/\/www.immobilierlocal.ch\/c\/agence-immobiliere-dans-le-canton-de-fribourg-expert-en-transactions-immobilieres-et-locations-de-biens-immobiliers\/","url":"https:\/\/www.immobilierlocal.ch\/c\/agence-immobiliere-dans-le-canton-de-fribourg-expert-en-transactions-immobilieres-et-locations-de-biens-immobiliers\/","name":"Agence immobili\u00e8re dans le canton de Fribourg : expert en transactions immobili\u00e8res et locations de biens immobiliers - Immobilierlocal","isPartOf":{"@id":"https:\/\/www.immobilierlocal.ch\/c\/#website"},"primaryImageOfPage":{"@id":"https:\/\/www.immobilierlocal.ch\/c\/agence-immobiliere-dans-le-canton-de-fribourg-expert-en-transactions-immobilieres-et-locations-de-biens-immobiliers\/#primaryimage"},"image":{"@id":"https:\/\/www.immobilierlocal.ch\/c\/agence-immobiliere-dans-le-canton-de-fribourg-expert-en-transactions-immobilieres-et-locations-de-biens-immobiliers\/#primaryimage"},"thumbnailUrl":"https:\/\/www.immobilierlocal.ch\/c\/wp-content\/uploads\/2026\/02\/agence-immobiliere.jpg","datePublished":"2024-04-16T15:07:26+00:00","dateModified":"2026-02-09T14:05:24+00:00","breadcrumb":{"@id":"https:\/\/www.immobilierlocal.ch\/c\/agence-immobiliere-dans-le-canton-de-fribourg-expert-en-transactions-immobilieres-et-locations-de-biens-immobiliers\/#breadcrumb"},"inLanguage":"fr-FR","potentialAction":[{"@type":"ReadAction","target":["https:\/\/www.immobilierlocal.ch\/c\/agence-immobiliere-dans-le-canton-de-fribourg-expert-en-transactions-immobilieres-et-locations-de-biens-immobiliers\/"]}]},{"@type":"ImageObject","inLanguage":"fr-FR","@id":"https:\/\/www.immobilierlocal.ch\/c\/agence-immobiliere-dans-le-canton-de-fribourg-expert-en-transactions-immobilieres-et-locations-de-biens-immobiliers\/#primaryimage","url":"https:\/\/www.immobilierlocal.ch\/c\/wp-content\/uploads\/2026\/02\/agence-immobiliere.jpg","contentUrl":"https:\/\/www.immobilierlocal.ch\/c\/wp-content\/uploads\/2026\/02\/agence-immobiliere.jpg","width":1920,"height":300},{"@type":"BreadcrumbList","@id":"https:\/\/www.immobilierlocal.ch\/c\/agence-immobiliere-dans-le-canton-de-fribourg-expert-en-transactions-immobilieres-et-locations-de-biens-immobiliers\/#breadcrumb","itemListElement":[{"@type":"ListItem","position":1,"name":"Accueil","item":"https:\/\/www.immobilierlocal.ch\/c\/"},{"@type":"ListItem","position":2,"name":"Agences immobili\u00e8res","item":"https:\/\/www.immobilierlocal.ch\/agences"},{"@type":"ListItem","position":3,"name":"Agence immobili\u00e8re dans le canton de Fribourg"}]},{"@type":"WebSite","@id":"https:\/\/www.immobilierlocal.ch\/c\/#website","url":"https:\/\/www.immobilierlocal.ch\/c\/","name":"Immobilierlocal","description":"","publisher":{"@id":"https:\/\/www.immobilierlocal.ch\/c\/#organization"},"potentialAction":[{"@type":"SearchAction","target":{"@type":"EntryPoint","urlTemplate":"https:\/\/www.immobilierlocal.ch\/c\/?s={search_term_string}"},"query-input":{"@type":"PropertyValueSpecification","valueRequired":true,"valueName":"search_term_string"}}],"inLanguage":"fr-FR"},{"@type":"Organization","@id":"https:\/\/www.immobilierlocal.ch\/c\/#organization","name":"Immobilierlocal","url":"https:\/\/www.immobilierlocal.ch\/c\/","logo":{"@type":"ImageObject","inLanguage":"fr-FR","@id":"https:\/\/www.immobilierlocal.ch\/c\/#\/schema\/logo\/image\/","url":"https:\/\/www.immobilierlocal.ch\/c\/wp-content\/uploads\/2023\/10\/logo-immobilierlocal-h.svg","contentUrl":"https:\/\/www.immobilierlocal.ch\/c\/wp-content\/uploads\/2023\/10\/logo-immobilierlocal-h.svg","caption":"Immobilierlocal"},"image":{"@id":"https:\/\/www.immobilierlocal.ch\/c\/#\/schema\/logo\/image\/"}}]}},"_links":{"self":[{"href":"https:\/\/www.immobilierlocal.ch\/c\/wp-json\/wp\/v2\/pages\/2336","targetHints":{"allow":["GET"]}}],"collection":[{"href":"https:\/\/www.immobilierlocal.ch\/c\/wp-json\/wp\/v2\/pages"}],"about":[{"href":"https:\/\/www.immobilierlocal.ch\/c\/wp-json\/wp\/v2\/types\/page"}],"author":[{"embeddable":true,"href":"https:\/\/www.immobilierlocal.ch\/c\/wp-json\/wp\/v2\/users\/3"}],"replies":[{"embeddable":true,"href":"https:\/\/www.immobilierlocal.ch\/c\/wp-json\/wp\/v2\/comments?post=2336"}],"version-history":[{"count":0,"href":"https:\/\/www.immobilierlocal.ch\/c\/wp-json\/wp\/v2\/pages\/2336\/revisions"}],"wp:featuredmedia":[{"embeddable":true,"href":"https:\/\/www.immobilierlocal.ch\/c\/wp-json\/wp\/v2\/media\/2768"}],"wp:attachment":[{"href":"https:\/\/www.immobilierlocal.ch\/c\/wp-json\/wp\/v2\/media?parent=2336"}],"wp:term":[{"taxonomy":"category","embeddable":true,"href":"https:\/\/www.immobilierlocal.ch\/c\/wp-json\/wp\/v2\/categories?post=2336"},{"taxonomy":"profession","embeddable":true,"href":"https:\/\/www.immobilierlocal.ch\/c\/wp-json\/wp\/v2\/profession?post=2336"},{"taxonomy":"location","embeddable":true,"href":"https:\/\/www.immobilierlocal.ch\/c\/wp-json\/wp\/v2\/location?post=2336"},{"taxonomy":"canton","embeddable":true,"href":"https:\/\/www.immobilierlocal.ch\/c\/wp-json\/wp\/v2\/canton?post=2336"}],"curies":[{"name":"wp","href":"https:\/\/api.w.org\/{rel}","templated":true}]}}