
{"id":2335,"date":"2024-04-16T17:07:18","date_gmt":"2024-04-16T15:07:18","guid":{"rendered":"https:\/\/www.immobilierlocal.ch\/c\/?page_id=2335"},"modified":"2026-02-09T11:42:09","modified_gmt":"2026-02-09T10:42:09","slug":"agence-immobiliere-a-sierre-specialiste-en-ventes-et-locations-immobilieres","status":"publish","type":"page","link":"https:\/\/www.immobilierlocal.ch\/c\/agence-immobiliere-a-sierre-specialiste-en-ventes-et-locations-immobilieres\/","title":{"rendered":"Agence immobili\u00e8re \u00e0 Sierre : sp\u00e9cialiste en ventes et locations immobili\u00e8res"},"content":{"rendered":"<p>Envisagez-vous la vente, la location ou l&rsquo;achat d&rsquo;un domicile ou d&rsquo;un studio situ\u00e9 \u00e0 Sierre ? Immobilierlocal est joignable et \u00e0 votre \u00e9coute pour vous assister dans votre projet. \u00c9tabli au c\u0153ur de la ville, notre \u00e9quipe est pr\u00eate pour vous \u00e9pauler \u00e0 trouver ou mettre sur le march\u00e9 votre bien immobilier. \u00c0 Sierre, notre agence immobili\u00e8re fournis des prestations pour : l&rsquo;achat, la vente, la mise en location de maisons, d&rsquo;appartements, de bureaux et de commerces, nous offrons aussi la g\u00e9rance de vos propri\u00e9t\u00e9s immobili\u00e8res, la gestion locative d&rsquo;Airbnb, la gestion de copropri\u00e9t\u00e9s ou encore pour trouver une solution de pr\u00eat de votre futur bien.<\/p>\n\n<div class=\"box\">\n    <h2 class=\"text-dark\">Nous cherchons un <em class=\"text-primary\">Agent immobilier<\/em> dans la r\u00e9gion de <em class=\"text-primary\">Sierre<\/em>  en exclusivit\u00e9, afin de proposer vos services \u00e0 nos clients propri\u00e9taires.<\/h2>\n    <p>Une opportunit\u00e9 unique pour booster votre activit\u00e9 \u00e0 <strong>Sierre<\/strong> et aux alentours dans votre domaine (Agent immobilier).<\/p>\n    <p>Nous travaillons en exclusivit\u00e9 avec qu'une soci\u00e9t\u00e9 par m\u00e9tier et par r\u00e9gion. <br>Votre entreprise est pr\u00e9sente sur tous les documents immobiliers. Afin d'\u00eatre mieux vu sur le net, vous \u00eates \u00e9galement visible sur nos deux sites et sur les pages de r\u00e9f\u00e9rencement de votre r\u00e9gion.<\/p>\n    <a href=\"\/contact\" class=\"wp-block-button__link has-accent-background-color has-text-align-center wp-element-button\">R\u00e9server<\/a>\n<\/div>\n<h2>Le march\u00e9 immobilier Sierrois se d\u00e9veloppe plus loin que de sa ville<\/h2>\n<p>R\u00e9cemment, les prix ont augment\u00e9 \u00e0 Sierre, en raison de divers facteurs :<\/p>\n<ul>\n<li>Sa situation g\u00e9ographique,<\/li>\n<li>le march\u00e9 du travail,<\/li>\n<li>les conditions et l&rsquo;\u00e9tat de son environnement.<\/li>\n<\/ul>\n<p>Acheter \u00e0 Sierre est \u00e9galement un placement rentable, car le besoin de maisons et de studios \u00e0 louer ou \u00e0 acheter \u00e0 grimper de mani\u00e8re significative, entra\u00eenant une mont\u00e9e des tarifs.<\/p>\n<h3>Pour le co\u00fbt moyen par m\u00e8tre carr\u00e9 des logements \u00e0 Sierre<\/h3>\n<p class=\"estimates-price-immobilier\">Le march\u00e9 immobilier \u00e0 Sierre affiche un prix moyen de CHF 6'331 \/ m\u00b2 (prix par m\u00e8tre carr\u00e9). Les maisons et les appartements ont un prix moyen respectif de CHF 6'747 \/ m\u00b2 et de CHF 5'915 \/ m\u00b2.<\/p>\n<h3>Pour le loyer moyen des habitations \u00e0 Sierre<\/h3>\n<p class=\"estimates-rent-average\">Les loyers moyens \u00e0 Sierre sont actuellement de CHF 1'541 pour les appartements, CHF 2'308 pour les maisons.<\/p>\n<p>La p\u00e9nurie de logements sur le march\u00e9 immobilier oblige les acqu\u00e9reurs \u00e0 \u00e9tendre leur recherche et \u00e0 s&rsquo;orienter vers des villes proches, telles que :<\/p>\nArgnou (Ayent), Blignou (Ayent), Botyre (Ayent), Fortunau (Ayent), La Place (Ayent), Luc (Ayent), Saxonne (Ayent), Sign\u00e8se (Ayent), St-Romain (Ayent), Villa (Ayent), Anz\u00e8re, Icogne, Lens, Corin-de-la-Cr\u00eate, Loc, Muraz (Sierre), Niouc, Ayer, Chandolin, Grimentz, St-Jean VS, St-Luc, Vissoie, Zinal, Aminona, Crans-Montana, Montana, Chippis, Chalais, R\u00e9chy, Vercorin, Veyras, Chermignon, Chermignon-d'en-Bas, Ollon VS, Mi\u00e8ge, Venth\u00f4ne, Mollens VS, Randogne, Champzab\u00e9, No\u00ebs, Granges VS, Flanthey, Gr\u00f4ne.\n<h2>La localisation de notre agence immobili\u00e8re \u00e0 Sierre<\/h2>\n<p>Implant\u00e9e \u00e0 Sierre notre agence immobili\u00e8re op\u00e8re dans dans tous les secteurs de la ville.<\/p>\n\n<h2>Pourquoi s\u00e9lectionner Immobilierlocal ?<\/h2>\n<p>Immobilierlocal propose une vaste s\u00e9lection de prestations, tel que :<\/p>\n<ul>\n<li>La diffusion de vos annonces sur notre site internet : pour vous donner la possibilit\u00e9 de toucher plus de monde.<\/li>\n<li>Un portail web en suisse et pr\u00e9sent dans les pays francophones : notre site web est optimis\u00e9 pour ressortir dans plusieurs moteurs de recherche en langue fran\u00e7aise pour atteindre un maximum de potentiels clients.<\/li>\n<li>Programme personnalis\u00e9 : chacun des biens immobiliers r\u00e9f\u00e9renc\u00e9s sur notre site b\u00e9n\u00e9ficie d&rsquo;un plan de commercialisation personnalis\u00e9.<\/li>\n<li>\u00c9valuation des prix en ligne : nous avons mis au point un outil digital pour estimer les prix de vente des habitations \u00e0 Sierre.<\/li>\n<li>Photographies et vid\u00e9os : nous effectuons la prise des vid\u00e9os et des photos afin de mettre en valeur votre maison.<\/li>\n<li>Empreinte num\u00e9rique : nous offrons la capacit\u00e9 de sign\u00e9 num\u00e9riquement vos documents en ligne.<\/li>\n<li>Service de gestion locative courte dur\u00e9e : nous offrons aussi un service de gestion de location airbnb.<\/li>\n<li>Services de gestion locative : nous offrons une assurance pour le non-paiement des loyers.<\/li>\n<\/ul>\n<h2>Une entreprise immobili\u00e8re compos\u00e9e d&rsquo;experts<\/h2>\n<p>Les professionnels de notre agence sont exp\u00e9riment\u00e9s, qu&rsquo;il s&rsquo;agisse de conseillers commerciaux ou de gestionnaires. Nos collaborateurs participent fr\u00e9quemment a des mont\u00e9es en comp\u00e9tences. Par ailleurs, nos commerciaux ont tous aussi acquis une exp\u00e9rience ant\u00e9rieur. L&rsquo;exp\u00e9rience acquise nous permet d&rsquo;accompagner au mieux nos partenaires.<\/p>\n<h2>Estimer la valeur de votre bien \u00e0 Sierre<\/h2>\n<p>Nous effectuons des \u00e9valuations pr\u00e9cises de votre logement \u00e0 Sierre, nous prenons en compte les caract\u00e9ristiques de votre propri\u00e9t\u00e9, ou encore la renomm\u00e9e de votre arrondissement. Immobilierlocal propose \u00e0 ses clients, les prestations, comme : l&rsquo;administration de vos logements locatifs, la vente, l&rsquo;acquisition, les investissements immobiliers, la g\u00e9rance des locations saisonni\u00e8res et la g\u00e9rance du syndic.<\/p>\n<h2>Des conseils sur mesure<\/h2>\n<p>Nous comprenons que chaque personne a des besoins et exigences particuli\u00e8res, c&rsquo;est pourquoi nous personnalisons notre accompagnement. Si vous cherchez \u00e0 louer un appartement ou une maison dans la zone de Sierre, les consultants de notre agence sont \u00e0 votre disposition \u00e0 toutes les \u00e9tapes de votre projet. Vous souhaitez acqu\u00e9rir une nouvelle propri\u00e9t\u00e9 \u00e0 Sierre ? Nous cherchons et trouvons le meilleur domicile possible avec notre r\u00e9seau.<\/p>\n<h2>Besoin d&rsquo;une agence immobili\u00e8re \u00e0 Sierre ?<\/h2>\n<p>Notre agence Immobilierlocal est situ\u00e9e au c\u0153ur Sierre. Nos conseillers vous \u00e9coutent et sont pr\u00eats \u00e0 vous aider dans votre projet immobilier. Nos experts immobiliers exp\u00e9riment\u00e9s sont vos partenaires de confiance pour la gestion de biens immobiliers, l&rsquo;achat et la vente.<\/p>\n","protected":false},"excerpt":{"rendered":"<p>Envisagez-vous la vente, la location ou l&rsquo;achat d&rsquo;un domicile ou d&rsquo;un studio situ\u00e9 \u00e0 Sierre ? Immobilierlocal est joignable et \u00e0 votre \u00e9coute pour vous assister dans votre projet. \u00c9tabli au c\u0153ur de la ville, notre \u00e9quipe est pr\u00eate pour vous \u00e9pauler \u00e0 trouver ou mettre sur le march\u00e9 votre bien immobilier. \u00c0 Sierre, notre [&hellip;]<\/p>\n","protected":false},"author":3,"featured_media":2768,"parent":0,"menu_order":0,"comment_status":"closed","ping_status":"closed","template":"wp-custom-template-page-agent","meta":{"footnotes":""},"categories":[89],"profession":[92],"location":[65],"canton":[81],"class_list":["post-2335","page","type-page","status-publish","has-post-thumbnail","hentry","category-agence","profession-agent-immobilier"],"yoast_head":"<!-- This site is optimized with the Yoast SEO Premium plugin v23.0 (Yoast SEO v27.4) - https:\/\/yoast.com\/product\/yoast-seo-premium-wordpress\/ -->\n<title>Agence immobili\u00e8re \u00e0 Sierre : sp\u00e9cialiste en ventes et locations immobili\u00e8res - Immobilierlocal<\/title>\n<meta name=\"robots\" content=\"index, follow, max-snippet:-1, max-image-preview:large, max-video-preview:-1\" \/>\n<link rel=\"canonical\" href=\"https:\/\/www.immobilierlocal.ch\/c\/agence-immobiliere-a-sierre-specialiste-en-ventes-et-locations-immobilieres\/\" \/>\n<meta property=\"og:locale\" content=\"fr_FR\" \/>\n<meta property=\"og:type\" content=\"article\" \/>\n<meta property=\"og:title\" content=\"Agence immobili\u00e8re \u00e0 Sierre : sp\u00e9cialiste en ventes et locations immobili\u00e8res\" \/>\n<meta property=\"og:description\" content=\"Envisagez-vous la vente, la location ou l&rsquo;achat d&rsquo;un domicile ou d&rsquo;un studio situ\u00e9 \u00e0 Sierre ? Immobilierlocal est joignable et \u00e0 votre \u00e9coute pour vous assister dans votre projet. \u00c9tabli au c\u0153ur de la ville, notre \u00e9quipe est pr\u00eate pour vous \u00e9pauler \u00e0 trouver ou mettre sur le march\u00e9 votre bien immobilier. \u00c0 Sierre, notre [&hellip;]\" \/>\n<meta property=\"og:url\" content=\"https:\/\/www.immobilierlocal.ch\/c\/agence-immobiliere-a-sierre-specialiste-en-ventes-et-locations-immobilieres\/\" \/>\n<meta property=\"og:site_name\" content=\"Immobilierlocal\" \/>\n<meta property=\"article:modified_time\" content=\"2026-02-09T10:42:09+00:00\" \/>\n<meta property=\"og:image\" content=\"https:\/\/www.immobilierlocal.ch\/c\/wp-content\/uploads\/2026\/02\/agence-immobiliere.jpg\" \/>\n\t<meta property=\"og:image:width\" content=\"1920\" \/>\n\t<meta property=\"og:image:height\" content=\"300\" \/>\n\t<meta property=\"og:image:type\" content=\"image\/jpeg\" \/>\n<meta name=\"twitter:card\" content=\"summary_large_image\" \/>\n<meta name=\"twitter:label1\" content=\"Dur\u00e9e de lecture estim\u00e9e\" \/>\n\t<meta name=\"twitter:data1\" content=\"3 minutes\" \/>\n<script type=\"application\/ld+json\" class=\"yoast-schema-graph\">{\"@context\":\"https:\\\/\\\/schema.org\",\"@graph\":[{\"@type\":\"WebPage\",\"@id\":\"https:\\\/\\\/www.immobilierlocal.ch\\\/c\\\/agence-immobiliere-a-sierre-specialiste-en-ventes-et-locations-immobilieres\\\/\",\"url\":\"https:\\\/\\\/www.immobilierlocal.ch\\\/c\\\/agence-immobiliere-a-sierre-specialiste-en-ventes-et-locations-immobilieres\\\/\",\"name\":\"Agence immobili\u00e8re \u00e0 Sierre : sp\u00e9cialiste en ventes et locations immobili\u00e8res - Immobilierlocal\",\"isPartOf\":{\"@id\":\"https:\\\/\\\/www.immobilierlocal.ch\\\/c\\\/#website\"},\"primaryImageOfPage\":{\"@id\":\"https:\\\/\\\/www.immobilierlocal.ch\\\/c\\\/agence-immobiliere-a-sierre-specialiste-en-ventes-et-locations-immobilieres\\\/#primaryimage\"},\"image\":{\"@id\":\"https:\\\/\\\/www.immobilierlocal.ch\\\/c\\\/agence-immobiliere-a-sierre-specialiste-en-ventes-et-locations-immobilieres\\\/#primaryimage\"},\"thumbnailUrl\":\"https:\\\/\\\/www.immobilierlocal.ch\\\/c\\\/wp-content\\\/uploads\\\/2026\\\/02\\\/agence-immobiliere.jpg\",\"datePublished\":\"2024-04-16T15:07:18+00:00\",\"dateModified\":\"2026-02-09T10:42:09+00:00\",\"breadcrumb\":{\"@id\":\"https:\\\/\\\/www.immobilierlocal.ch\\\/c\\\/agence-immobiliere-a-sierre-specialiste-en-ventes-et-locations-immobilieres\\\/#breadcrumb\"},\"inLanguage\":\"fr-FR\",\"potentialAction\":[{\"@type\":\"ReadAction\",\"target\":[\"https:\\\/\\\/www.immobilierlocal.ch\\\/c\\\/agence-immobiliere-a-sierre-specialiste-en-ventes-et-locations-immobilieres\\\/\"]}]},{\"@type\":\"ImageObject\",\"inLanguage\":\"fr-FR\",\"@id\":\"https:\\\/\\\/www.immobilierlocal.ch\\\/c\\\/agence-immobiliere-a-sierre-specialiste-en-ventes-et-locations-immobilieres\\\/#primaryimage\",\"url\":\"https:\\\/\\\/www.immobilierlocal.ch\\\/c\\\/wp-content\\\/uploads\\\/2026\\\/02\\\/agence-immobiliere.jpg\",\"contentUrl\":\"https:\\\/\\\/www.immobilierlocal.ch\\\/c\\\/wp-content\\\/uploads\\\/2026\\\/02\\\/agence-immobiliere.jpg\",\"width\":1920,\"height\":300},{\"@type\":\"BreadcrumbList\",\"@id\":\"https:\\\/\\\/www.immobilierlocal.ch\\\/c\\\/agence-immobiliere-a-sierre-specialiste-en-ventes-et-locations-immobilieres\\\/#breadcrumb\",\"itemListElement\":[{\"@type\":\"ListItem\",\"position\":1,\"name\":\"Accueil\",\"item\":\"https:\\\/\\\/www.immobilierlocal.ch\\\/c\\\/\"},{\"@type\":\"ListItem\",\"position\":2,\"name\":\"Agence immobili\u00e8re dans le canton du Valais\",\"item\":\"https:\\\/\\\/www.immobilierlocal.ch\\\/c\\\/agence-immobiliere-dans-le-canton-du-valais-achat-vente-location-dune-propriete-immobiliere\\\/\"},{\"@type\":\"ListItem\",\"position\":3,\"name\":\"Agences immobili\u00e8res\",\"item\":\"https:\\\/\\\/www.immobilierlocal.ch\\\/agences\"},{\"@type\":\"ListItem\",\"position\":4,\"name\":\"Agence immobili\u00e8re \u00e0 Sierre\"}]},{\"@type\":\"WebSite\",\"@id\":\"https:\\\/\\\/www.immobilierlocal.ch\\\/c\\\/#website\",\"url\":\"https:\\\/\\\/www.immobilierlocal.ch\\\/c\\\/\",\"name\":\"Immobilierlocal\",\"description\":\"\",\"publisher\":{\"@id\":\"https:\\\/\\\/www.immobilierlocal.ch\\\/c\\\/#organization\"},\"potentialAction\":[{\"@type\":\"SearchAction\",\"target\":{\"@type\":\"EntryPoint\",\"urlTemplate\":\"https:\\\/\\\/www.immobilierlocal.ch\\\/c\\\/?s={search_term_string}\"},\"query-input\":{\"@type\":\"PropertyValueSpecification\",\"valueRequired\":true,\"valueName\":\"search_term_string\"}}],\"inLanguage\":\"fr-FR\"},{\"@type\":\"Organization\",\"@id\":\"https:\\\/\\\/www.immobilierlocal.ch\\\/c\\\/#organization\",\"name\":\"Immobilierlocal\",\"url\":\"https:\\\/\\\/www.immobilierlocal.ch\\\/c\\\/\",\"logo\":{\"@type\":\"ImageObject\",\"inLanguage\":\"fr-FR\",\"@id\":\"https:\\\/\\\/www.immobilierlocal.ch\\\/c\\\/#\\\/schema\\\/logo\\\/image\\\/\",\"url\":\"https:\\\/\\\/www.immobilierlocal.ch\\\/c\\\/wp-content\\\/uploads\\\/2023\\\/10\\\/logo-immobilierlocal-h.svg\",\"contentUrl\":\"https:\\\/\\\/www.immobilierlocal.ch\\\/c\\\/wp-content\\\/uploads\\\/2023\\\/10\\\/logo-immobilierlocal-h.svg\",\"caption\":\"Immobilierlocal\"},\"image\":{\"@id\":\"https:\\\/\\\/www.immobilierlocal.ch\\\/c\\\/#\\\/schema\\\/logo\\\/image\\\/\"}}]}<\/script>\n<!-- \/ Yoast SEO Premium plugin. -->","yoast_head_json":{"title":"Agence immobili\u00e8re \u00e0 Sierre : sp\u00e9cialiste en ventes et locations immobili\u00e8res - Immobilierlocal","robots":{"index":"index","follow":"follow","max-snippet":"max-snippet:-1","max-image-preview":"max-image-preview:large","max-video-preview":"max-video-preview:-1"},"canonical":"https:\/\/www.immobilierlocal.ch\/c\/agence-immobiliere-a-sierre-specialiste-en-ventes-et-locations-immobilieres\/","og_locale":"fr_FR","og_type":"article","og_title":"Agence immobili\u00e8re \u00e0 Sierre : sp\u00e9cialiste en ventes et locations immobili\u00e8res","og_description":"Envisagez-vous la vente, la location ou l&rsquo;achat d&rsquo;un domicile ou d&rsquo;un studio situ\u00e9 \u00e0 Sierre ? Immobilierlocal est joignable et \u00e0 votre \u00e9coute pour vous assister dans votre projet. \u00c9tabli au c\u0153ur de la ville, notre \u00e9quipe est pr\u00eate pour vous \u00e9pauler \u00e0 trouver ou mettre sur le march\u00e9 votre bien immobilier. \u00c0 Sierre, notre [&hellip;]","og_url":"https:\/\/www.immobilierlocal.ch\/c\/agence-immobiliere-a-sierre-specialiste-en-ventes-et-locations-immobilieres\/","og_site_name":"Immobilierlocal","article_modified_time":"2026-02-09T10:42:09+00:00","og_image":[{"width":1920,"height":300,"url":"https:\/\/www.immobilierlocal.ch\/c\/wp-content\/uploads\/2026\/02\/agence-immobiliere.jpg","type":"image\/jpeg"}],"twitter_card":"summary_large_image","twitter_misc":{"Dur\u00e9e de lecture estim\u00e9e":"3 minutes"},"schema":{"@context":"https:\/\/schema.org","@graph":[{"@type":"WebPage","@id":"https:\/\/www.immobilierlocal.ch\/c\/agence-immobiliere-a-sierre-specialiste-en-ventes-et-locations-immobilieres\/","url":"https:\/\/www.immobilierlocal.ch\/c\/agence-immobiliere-a-sierre-specialiste-en-ventes-et-locations-immobilieres\/","name":"Agence immobili\u00e8re \u00e0 Sierre : sp\u00e9cialiste en ventes et locations immobili\u00e8res - Immobilierlocal","isPartOf":{"@id":"https:\/\/www.immobilierlocal.ch\/c\/#website"},"primaryImageOfPage":{"@id":"https:\/\/www.immobilierlocal.ch\/c\/agence-immobiliere-a-sierre-specialiste-en-ventes-et-locations-immobilieres\/#primaryimage"},"image":{"@id":"https:\/\/www.immobilierlocal.ch\/c\/agence-immobiliere-a-sierre-specialiste-en-ventes-et-locations-immobilieres\/#primaryimage"},"thumbnailUrl":"https:\/\/www.immobilierlocal.ch\/c\/wp-content\/uploads\/2026\/02\/agence-immobiliere.jpg","datePublished":"2024-04-16T15:07:18+00:00","dateModified":"2026-02-09T10:42:09+00:00","breadcrumb":{"@id":"https:\/\/www.immobilierlocal.ch\/c\/agence-immobiliere-a-sierre-specialiste-en-ventes-et-locations-immobilieres\/#breadcrumb"},"inLanguage":"fr-FR","potentialAction":[{"@type":"ReadAction","target":["https:\/\/www.immobilierlocal.ch\/c\/agence-immobiliere-a-sierre-specialiste-en-ventes-et-locations-immobilieres\/"]}]},{"@type":"ImageObject","inLanguage":"fr-FR","@id":"https:\/\/www.immobilierlocal.ch\/c\/agence-immobiliere-a-sierre-specialiste-en-ventes-et-locations-immobilieres\/#primaryimage","url":"https:\/\/www.immobilierlocal.ch\/c\/wp-content\/uploads\/2026\/02\/agence-immobiliere.jpg","contentUrl":"https:\/\/www.immobilierlocal.ch\/c\/wp-content\/uploads\/2026\/02\/agence-immobiliere.jpg","width":1920,"height":300},{"@type":"BreadcrumbList","@id":"https:\/\/www.immobilierlocal.ch\/c\/agence-immobiliere-a-sierre-specialiste-en-ventes-et-locations-immobilieres\/#breadcrumb","itemListElement":[{"@type":"ListItem","position":1,"name":"Accueil","item":"https:\/\/www.immobilierlocal.ch\/c\/"},{"@type":"ListItem","position":2,"name":"Agence immobili\u00e8re dans le canton du Valais","item":"https:\/\/www.immobilierlocal.ch\/c\/agence-immobiliere-dans-le-canton-du-valais-achat-vente-location-dune-propriete-immobiliere\/"},{"@type":"ListItem","position":3,"name":"Agences immobili\u00e8res","item":"https:\/\/www.immobilierlocal.ch\/agences"},{"@type":"ListItem","position":4,"name":"Agence immobili\u00e8re \u00e0 Sierre"}]},{"@type":"WebSite","@id":"https:\/\/www.immobilierlocal.ch\/c\/#website","url":"https:\/\/www.immobilierlocal.ch\/c\/","name":"Immobilierlocal","description":"","publisher":{"@id":"https:\/\/www.immobilierlocal.ch\/c\/#organization"},"potentialAction":[{"@type":"SearchAction","target":{"@type":"EntryPoint","urlTemplate":"https:\/\/www.immobilierlocal.ch\/c\/?s={search_term_string}"},"query-input":{"@type":"PropertyValueSpecification","valueRequired":true,"valueName":"search_term_string"}}],"inLanguage":"fr-FR"},{"@type":"Organization","@id":"https:\/\/www.immobilierlocal.ch\/c\/#organization","name":"Immobilierlocal","url":"https:\/\/www.immobilierlocal.ch\/c\/","logo":{"@type":"ImageObject","inLanguage":"fr-FR","@id":"https:\/\/www.immobilierlocal.ch\/c\/#\/schema\/logo\/image\/","url":"https:\/\/www.immobilierlocal.ch\/c\/wp-content\/uploads\/2023\/10\/logo-immobilierlocal-h.svg","contentUrl":"https:\/\/www.immobilierlocal.ch\/c\/wp-content\/uploads\/2023\/10\/logo-immobilierlocal-h.svg","caption":"Immobilierlocal"},"image":{"@id":"https:\/\/www.immobilierlocal.ch\/c\/#\/schema\/logo\/image\/"}}]}},"_links":{"self":[{"href":"https:\/\/www.immobilierlocal.ch\/c\/wp-json\/wp\/v2\/pages\/2335","targetHints":{"allow":["GET"]}}],"collection":[{"href":"https:\/\/www.immobilierlocal.ch\/c\/wp-json\/wp\/v2\/pages"}],"about":[{"href":"https:\/\/www.immobilierlocal.ch\/c\/wp-json\/wp\/v2\/types\/page"}],"author":[{"embeddable":true,"href":"https:\/\/www.immobilierlocal.ch\/c\/wp-json\/wp\/v2\/users\/3"}],"replies":[{"embeddable":true,"href":"https:\/\/www.immobilierlocal.ch\/c\/wp-json\/wp\/v2\/comments?post=2335"}],"version-history":[{"count":0,"href":"https:\/\/www.immobilierlocal.ch\/c\/wp-json\/wp\/v2\/pages\/2335\/revisions"}],"wp:featuredmedia":[{"embeddable":true,"href":"https:\/\/www.immobilierlocal.ch\/c\/wp-json\/wp\/v2\/media\/2768"}],"wp:attachment":[{"href":"https:\/\/www.immobilierlocal.ch\/c\/wp-json\/wp\/v2\/media?parent=2335"}],"wp:term":[{"taxonomy":"category","embeddable":true,"href":"https:\/\/www.immobilierlocal.ch\/c\/wp-json\/wp\/v2\/categories?post=2335"},{"taxonomy":"profession","embeddable":true,"href":"https:\/\/www.immobilierlocal.ch\/c\/wp-json\/wp\/v2\/profession?post=2335"},{"taxonomy":"location","embeddable":true,"href":"https:\/\/www.immobilierlocal.ch\/c\/wp-json\/wp\/v2\/location?post=2335"},{"taxonomy":"canton","embeddable":true,"href":"https:\/\/www.immobilierlocal.ch\/c\/wp-json\/wp\/v2\/canton?post=2335"}],"curies":[{"name":"wp","href":"https:\/\/api.w.org\/{rel}","templated":true}]}}