
{"id":2332,"date":"2024-04-16T17:06:51","date_gmt":"2024-04-16T15:06:51","guid":{"rendered":"https:\/\/www.immobilierlocal.ch\/c\/?page_id=2332"},"modified":"2026-02-09T11:42:36","modified_gmt":"2026-02-09T10:42:36","slug":"agence-immobiliere-a-delemont-votre-partenaire-pour-lachat-la-vente-et-la-location-de-logements","status":"publish","type":"page","link":"https:\/\/www.immobilierlocal.ch\/c\/agence-immobiliere-a-delemont-votre-partenaire-pour-lachat-la-vente-et-la-location-de-logements\/","title":{"rendered":"Agence immobili\u00e8re \u00e0 Del\u00e9mont : votre partenaire pour l&rsquo;achat, la vente et la location de logements"},"content":{"rendered":"<p>Pr\u00e9voyez-vous l&rsquo;achat ou la vente d&rsquo;un domicile ou d&rsquo;un appartement localis\u00e9 \u00e0 Del\u00e9mont ? \u00c0 Del\u00e9mont, l&rsquo;agence Immobilierlocal offre des accompagnements sur mesure. Notre soci\u00e9t\u00e9 est situ\u00e9e au centre-ville, prenez contact avec nous pour d\u00e9nicher l&rsquo;habitation de vos r\u00eaves ou vendre la v\u00f4tre. Notre agence immobili\u00e8re \u00e0 Del\u00e9mont propose une large gamme de prestations : pour acqu\u00e9rir, vendre votre maison, ou votre studio, louer un studio, acqu\u00e9rir des commerces, des locaux professionnels, pour la g\u00e9rance de vos biens, pour de la location d&rsquo;immobilier temporaire ou g\u00e9rer les immeubles en syndic de copropri\u00e9t\u00e9 et pour le financement de votre bien.<\/p>\n\r\n<div class=\"box\">\r\n            <div class=\"company-info\">\r\n            <img decoding=\"async\" class=\"company-info__logo\" src=\"https:\/\/www.artisanlocal.ch\/media\/cache\/thumb\/images\/companies\/6800dc9d4fcda631421215.png\" alt=\"Logo\">\r\n            <h2 class=\"company-info__name\">Comte immobilier<\/h2>\r\n            <p class=\"company-info__business\">Agence immobili\u00e8re - Courtage immobilier - Estimation - Accompagnement pour l\u2019achat - Financement - Conseils<\/p>\r\n        <\/div>\r\n        <div class=\"company-contact\">\r\n            <p class=\"company-info__address\">Rue des Neufs Champs 20, 2854\u00a0Bassecourt <\/p>\r\n                            <div class=\"links\">\r\n                                            <a class=\"btn has-accent-background-color js-phoneNumber\" href=\"tel:0787376952\" title=\"Appelez\" data-id=\"28336\" data-type=\"11\">078 737 69 52<\/a>\r\n                                                                <a class=\"btn has-accent-background-color\" href=\"https:\/\/comteimmobilier.ch\/\" target=\"_blank\" title=\"Voir le site internet\" data-id=\"28336\" data-type=\"20\">Site internet<\/a>\r\n                                    <\/div>\r\n                    <\/div>\r\n    \r\n            \n<form action=\"https:\/\/www.immobilierlocal.ch\/c\/wp-admin\/admin-ajax.php\" method=\"post\" class=\"form-contact\" id=\"immobilier_form_contact_company_inline\">\n    <div><input type=\"hidden\" name=\"action\" value=\"company_contact\"><\/div>\n    <div><input type=\"hidden\" name=\"nonce\" value=\"d7ed0fbcf6\"><\/div>\n    <div><input type=\"hidden\" name=\"company_id\" value=\"28336\"><\/div>\n    <div><input type=\"hidden\" name=\"form_id\" value=\"immobilier_form_contact_company_inline\"><\/div>\n    <div class=\"gglcptch gglcptch_v3 gglcptch_custom\"><input type=\"hidden\" id=\"g-recaptcha-response\" name=\"g-recaptcha-response\" \/><br \/><div class=\"gglcptch_error_text\">La p\u00e9riode de v\u00e9rification reCAPTCHA a expir\u00e9. Veuillez recharger la page.<\/div><\/div>    <div class=\"form-content\">\n        <div class=\"form-group\">\n            <label for=\"contact_firstName\" class=\"required\">Pr\u00e9nom<\/label>\n            <input type=\"text\" name=\"firstName\" class=\"form-control\" required>\n        <\/div>\n        <div class=\"form-group\">\n            <label for=\"contact_lastName\" class=\"required\">Nom<\/label>\n            <input type=\"text\" name=\"lastName\" class=\"form-control\" required>\n        <\/div>\n        <div class=\"form-group\">\n            <label for=\"contact_email\" class=\"required\">Email<\/label>\n            <input type=\"email\" name=\"email\" class=\"form-control\" required>\n        <\/div>\n        <div class=\"form-group\">\n            <label for=\"contact_phone\" class=\"required\">Num\u00e9ro de t\u00e9l\u00e9phone<\/label>\n            <input type=\"tel\" name=\"phone\" class=\"form-control\" placeholder=\"0787117165\" pattern=\"^[0-9]{10}$\" required>\n        <\/div>\n        <div class=\"form-group\">\n            <label for=\"contact_postalCode\" class=\"required\">Code postal et localit\u00e9<\/label>\n            <input type=\"text\" name=\"postalCode\" class=\"form-control\" required>\n        <\/div>\n        <div class=\"form-group\">\n            <label for=\"contact_address\" class=\"required\">Adresse<\/label>\n            <input type=\"text\" name=\"address\" class=\"form-control\" required>\n        <\/div>\n        <div class=\"full-width topic\">\n            <p class=\"required\">Je souhaite \u00eatre contact\u00e9 pour :<\/p>\n            <div class=\"form-check\">\n                <input type=\"radio\" name=\"topic\" value=\"Estimation\" class=\"form-control\" required>\n                <label for=\"estimation\">R\u00e9aliser une estimation<\/label>\n            <\/div>\n            <div class=\"form-check\">\n                <input type=\"radio\" name=\"topic\" value=\"Vente\" class=\"form-control\" required>\n                <label for=\"vente\">R\u00e9aliser une vente<\/label>\n            <\/div>\n            <div class=\"form-check\">\n                <input type=\"radio\" name=\"topic\" value=\"Autre\" class=\"form-control\" required>\n                <label for=\"autre\">Autre<\/label>\n            <\/div>\n        <\/div>\n        <div class=\"form-group full-width\">\n            <label for=\"contact_message\">Message<\/label>\n            <textarea name=\"message\" rows=\"3\" class=\"form-control\"><\/textarea>\n        <\/div>\n    <\/div>\n    <div class=\"form-actions\">\n        <button class=\"wp-block-button__link has-accent-background-color\">Contacter<\/button>\n    <\/div>\n<\/form>\n<div class=\"form-feedback\"><\/div>    <\/div>\n<h2>Le march\u00e9 immobilier Del\u00e9montain s&rsquo;\u00e9tend plus loin que de son agglom\u00e9ration<\/h2>\n<p>Ces derni\u00e8res ann\u00e9es, les prix ont mont\u00e9 en fl\u00e8che \u00e0 Del\u00e9mont, pour diverses raisons :<\/p>\n<ul>\n<li>Sa position g\u00e9ographique,<\/li>\n<li>le march\u00e9 de l&#8217;emploi,<\/li>\n<li>les conditions et l&rsquo;\u00e9tat de son environnement.<\/li>\n<\/ul>\n<p>Acheter un bien \u00e0 Del\u00e9mont est aussi une valeur s\u00fbre, \u00e9tant donn\u00e9 que la demande d&rsquo;achats et de locations a connu une hausse significative, provoquant une hausse des prix.<\/p>\n<h3>Pour le prix immobilier moyen au m\u00b2 \u00e0 Del\u00e9mont<\/h3>\n<p class=\"estimates-price-immobilier\">Le march\u00e9 immobilier \u00e0 Del\u00e9mont affiche un prix moyen de CHF 5'647 \/ m\u00b2 (prix par m\u00e8tre carr\u00e9). Les maisons et les appartements ont un prix moyen respectif de CHF 6'086 \/ m\u00b2 et de CHF 5'208 \/ m\u00b2.<\/p>\n<h3>Pour le montant moyen du loyer \u00e0 Del\u00e9mont<\/h3>\n<p class=\"estimates-rent-average\">Les loyers moyens \u00e0 Del\u00e9mont sont actuellement de CHF 1'348 pour les appartements, CHF 1'910 pour les maisons.<\/p>\n<p>La rar\u00e9faction des logements propos\u00e9s \u00e0 la vente encourage de plus en plus d&rsquo;acqu\u00e9reurs \u00e0 s&rsquo;\u00e9loigner de Del\u00e9mont et \u00e0 porter leur int\u00e9r\u00eat dans les villes aux environs, comme :<\/p>\nDevelier, Bourrignon, Soyhi\u00e8res, Mettembert, Pleigne, Lucelle, Movelier, Ederswiler, Roggenburg, Courroux, Courcelon, Vicques, Courchapoix, Corban, Mervelier, Montsevelier, Vermes, Courrendlin, Vellerat, Rebeuvelier, Rossemaison, Ch\u00e2tillon JU, Court\u00e9telle, Courfaivre, Bassecourt, Glovelier, Bo\u00e9court, Montavon, Undervelier, Soulce, Saulcy.\n<h2>L\u2019implantation de notre agence immobili\u00e8re \u00e0 Del\u00e9mont<\/h2>\n<p>Les commerciaux de notre agence op\u00e8rent dans tous les endroits de Del\u00e9mont.<\/p>\n\n<div id=\"map\" class=\"map\" data-adresse=\"Rue des Neufs Champs 20 2854\u00a0Bassecourt, Suisse\"><\/div>\n<h2>Pourquoi s\u00e9lectionner Immobilierlocal ?<\/h2>\n<p>Notre entreprise, Immobilierlocal, offre un ensemble de services, entre autres :<\/p>\n<ul>\n<li>La diffusion de vos annonces sur notre site : pour vous donner la possibilit\u00e9 d&rsquo;atteindre plus de monde.<\/li>\n<li>Une vitrine sur l&rsquo;internet suisse : notre site web se positionne sur des moteurs de recherches en langue fran\u00e7aise dans le but de toucher plus de vendeurs, de propri\u00e9taires et d&rsquo;acheteurs.<\/li>\n<li>Strat\u00e9gie de vente personnalis\u00e9e : chaque bien sur notre plateforme web b\u00e9n\u00e9ficie d&rsquo;une strat\u00e9gie commerciale sur mesure.<\/li>\n<li>Estimation des prix : nous avons con\u00e7u des outils pour \u00e9valuer les valeurs des biens.<\/li>\n<li>Vid\u00e9os et photos : nous produisons des images et des vid\u00e9os pour valoriser votre logement sur le web.<\/li>\n<li>Signature num\u00e9rique : nous proposons la capacit\u00e9 de sign\u00e9 num\u00e9riquement vos documents en ligne.<\/li>\n<li>Service de conciergerie : nous avons aussi un service de conciergerie airbnb.<\/li>\n<li>Gestion de biens immobiliers : nous proposons une garantie de non-paiement des loyers.<\/li>\n<\/ul>\n<h2>Une agence immobili\u00e8re qui regroupe des experts<\/h2>\n<p>Tous nos experts sont exp\u00e9riment\u00e9s, qu&rsquo;ils soient : techniciens, commerciaux et administrateurs. Nos conseillers suivent r\u00e9guli\u00e8rement des formations afin de maintenir leurs bagages techniques, juridiques et commerciales \u00e0 jour. De plus, nos commerciaux ont tous aussi acquis une exp\u00e9rience en amont. Cette exp\u00e9rience, nous permet d\u2019accompagner au mieux nos partenaires, car votre satisfaction est notre priorit\u00e9.<\/p>\n<h2>\u00c9valuer un bien immobilier \u00e0 Del\u00e9mont<\/h2>\n<p>Si vous \u00eates un Del\u00e9montain, notre agence r\u00e9alise des estimations d\u00e9taill\u00e9es de votre habitation en prenant en compte les particularit\u00e9s de votre domicile comme votre localisation. Immobilierlocal propose \u00e0 sa client\u00e8le, les prestations, comme : la gestion de vos appartements locatifs, l&rsquo;achat, la vente, les placements immobiliers, l&rsquo;administration des locations de courte et longue dur\u00e9e et la g\u00e9rance du syndic de copropri\u00e9t\u00e9.<\/p>\n<h2>Une agence qui vous guide<\/h2>\n<p>Nous avons conscience que votre projet immobilier est adapt\u00e9 \u00e0 votre situation et vos d\u00e9sirs, c&rsquo;est pour cela que nous vous proposons des services sur mesure. Si vous avez besoin d\u2019acheter ou de louer un appartement ou une maison dans la zone de Del\u00e9mont, les conseillers de notre agence sont \u00e0 votre disposition \u00e0 toutes les phases de votre projet. Vous voulez acheter une nouvelle r\u00e9sidence \u00e0 Del\u00e9mont ? Nous cherchons et trouvons le meilleur logement possible avec notre r\u00e9seau.<\/p>\n<h2>Vous avez besoin d&rsquo;une agence immobili\u00e8re \u00e0 Del\u00e9mont ?<\/h2>\n<p>Notre agence Immobilierlocal est situ\u00e9e au centre-ville de Del\u00e9mont. Nous vous r\u00e9servons un accueil chaleureux, pr\u00eats \u00e0 vous \u00e9couter et \u00e0 r\u00e9aliser vos projets immobiliers. Notre soci\u00e9t\u00e9 est chevronn\u00e9e dans la vente, l&rsquo;acquisition et la gestion de propri\u00e9t\u00e9s.<\/p>\n","protected":false},"excerpt":{"rendered":"<p>Pr\u00e9voyez-vous l&rsquo;achat ou la vente d&rsquo;un domicile ou d&rsquo;un appartement localis\u00e9 \u00e0 Del\u00e9mont ? \u00c0 Del\u00e9mont, l&rsquo;agence Immobilierlocal offre des accompagnements sur mesure. Notre soci\u00e9t\u00e9 est situ\u00e9e au centre-ville, prenez contact avec nous pour d\u00e9nicher l&rsquo;habitation de vos r\u00eaves ou vendre la v\u00f4tre. Notre agence immobili\u00e8re \u00e0 Del\u00e9mont propose une large gamme de prestations : [&hellip;]<\/p>\n","protected":false},"author":3,"featured_media":2768,"parent":0,"menu_order":0,"comment_status":"closed","ping_status":"closed","template":"wp-custom-template-page-agent","meta":{"footnotes":""},"categories":[89],"profession":[92],"location":[74],"canton":[80],"class_list":["post-2332","page","type-page","status-publish","has-post-thumbnail","hentry","category-agence","profession-agent-immobilier"],"yoast_head":"<!-- This site is optimized with the Yoast SEO Premium plugin v23.0 (Yoast SEO v27.3) - https:\/\/yoast.com\/product\/yoast-seo-premium-wordpress\/ -->\n<title>Agence immobili\u00e8re \u00e0 Del\u00e9mont : votre partenaire pour l&#039;achat, la vente et la location de logements - Immobilierlocal<\/title>\n<meta name=\"robots\" content=\"index, follow, max-snippet:-1, max-image-preview:large, max-video-preview:-1\" \/>\n<link rel=\"canonical\" href=\"https:\/\/www.immobilierlocal.ch\/c\/agence-immobiliere-a-delemont-votre-partenaire-pour-lachat-la-vente-et-la-location-de-logements\/\" \/>\n<meta property=\"og:locale\" content=\"fr_FR\" \/>\n<meta property=\"og:type\" content=\"article\" \/>\n<meta property=\"og:title\" content=\"Agence immobili\u00e8re \u00e0 Del\u00e9mont : votre partenaire pour l&#039;achat, la vente et la location de logements\" \/>\n<meta property=\"og:description\" content=\"Pr\u00e9voyez-vous l&rsquo;achat ou la vente d&rsquo;un domicile ou d&rsquo;un appartement localis\u00e9 \u00e0 Del\u00e9mont ? \u00c0 Del\u00e9mont, l&rsquo;agence Immobilierlocal offre des accompagnements sur mesure. Notre soci\u00e9t\u00e9 est situ\u00e9e au centre-ville, prenez contact avec nous pour d\u00e9nicher l&rsquo;habitation de vos r\u00eaves ou vendre la v\u00f4tre. Notre agence immobili\u00e8re \u00e0 Del\u00e9mont propose une large gamme de prestations : [&hellip;]\" \/>\n<meta property=\"og:url\" content=\"https:\/\/www.immobilierlocal.ch\/c\/agence-immobiliere-a-delemont-votre-partenaire-pour-lachat-la-vente-et-la-location-de-logements\/\" \/>\n<meta property=\"og:site_name\" content=\"Immobilierlocal\" \/>\n<meta property=\"article:modified_time\" content=\"2026-02-09T10:42:36+00:00\" \/>\n<meta property=\"og:image\" content=\"https:\/\/www.immobilierlocal.ch\/c\/wp-content\/uploads\/2026\/02\/agence-immobiliere.jpg\" \/>\n\t<meta property=\"og:image:width\" content=\"1920\" \/>\n\t<meta property=\"og:image:height\" content=\"300\" \/>\n\t<meta property=\"og:image:type\" content=\"image\/jpeg\" \/>\n<meta name=\"twitter:card\" content=\"summary_large_image\" \/>\n<meta name=\"twitter:label1\" content=\"Dur\u00e9e de lecture estim\u00e9e\" \/>\n\t<meta name=\"twitter:data1\" content=\"4 minutes\" \/>\n<script type=\"application\/ld+json\" class=\"yoast-schema-graph\">{\"@context\":\"https:\\\/\\\/schema.org\",\"@graph\":[{\"@type\":\"WebPage\",\"@id\":\"https:\\\/\\\/www.immobilierlocal.ch\\\/c\\\/agence-immobiliere-a-delemont-votre-partenaire-pour-lachat-la-vente-et-la-location-de-logements\\\/\",\"url\":\"https:\\\/\\\/www.immobilierlocal.ch\\\/c\\\/agence-immobiliere-a-delemont-votre-partenaire-pour-lachat-la-vente-et-la-location-de-logements\\\/\",\"name\":\"Agence immobili\u00e8re \u00e0 Del\u00e9mont : votre partenaire pour l'achat, la vente et la location de logements - Immobilierlocal\",\"isPartOf\":{\"@id\":\"https:\\\/\\\/www.immobilierlocal.ch\\\/c\\\/#website\"},\"primaryImageOfPage\":{\"@id\":\"https:\\\/\\\/www.immobilierlocal.ch\\\/c\\\/agence-immobiliere-a-delemont-votre-partenaire-pour-lachat-la-vente-et-la-location-de-logements\\\/#primaryimage\"},\"image\":{\"@id\":\"https:\\\/\\\/www.immobilierlocal.ch\\\/c\\\/agence-immobiliere-a-delemont-votre-partenaire-pour-lachat-la-vente-et-la-location-de-logements\\\/#primaryimage\"},\"thumbnailUrl\":\"https:\\\/\\\/www.immobilierlocal.ch\\\/c\\\/wp-content\\\/uploads\\\/2026\\\/02\\\/agence-immobiliere.jpg\",\"datePublished\":\"2024-04-16T15:06:51+00:00\",\"dateModified\":\"2026-02-09T10:42:36+00:00\",\"breadcrumb\":{\"@id\":\"https:\\\/\\\/www.immobilierlocal.ch\\\/c\\\/agence-immobiliere-a-delemont-votre-partenaire-pour-lachat-la-vente-et-la-location-de-logements\\\/#breadcrumb\"},\"inLanguage\":\"fr-FR\",\"potentialAction\":[{\"@type\":\"ReadAction\",\"target\":[\"https:\\\/\\\/www.immobilierlocal.ch\\\/c\\\/agence-immobiliere-a-delemont-votre-partenaire-pour-lachat-la-vente-et-la-location-de-logements\\\/\"]}]},{\"@type\":\"ImageObject\",\"inLanguage\":\"fr-FR\",\"@id\":\"https:\\\/\\\/www.immobilierlocal.ch\\\/c\\\/agence-immobiliere-a-delemont-votre-partenaire-pour-lachat-la-vente-et-la-location-de-logements\\\/#primaryimage\",\"url\":\"https:\\\/\\\/www.immobilierlocal.ch\\\/c\\\/wp-content\\\/uploads\\\/2026\\\/02\\\/agence-immobiliere.jpg\",\"contentUrl\":\"https:\\\/\\\/www.immobilierlocal.ch\\\/c\\\/wp-content\\\/uploads\\\/2026\\\/02\\\/agence-immobiliere.jpg\",\"width\":1920,\"height\":300},{\"@type\":\"BreadcrumbList\",\"@id\":\"https:\\\/\\\/www.immobilierlocal.ch\\\/c\\\/agence-immobiliere-a-delemont-votre-partenaire-pour-lachat-la-vente-et-la-location-de-logements\\\/#breadcrumb\",\"itemListElement\":[{\"@type\":\"ListItem\",\"position\":1,\"name\":\"Accueil\",\"item\":\"https:\\\/\\\/www.immobilierlocal.ch\\\/c\\\/\"},{\"@type\":\"ListItem\",\"position\":2,\"name\":\"Agence immobili\u00e8re dans le canton du Jura\",\"item\":\"https:\\\/\\\/www.immobilierlocal.ch\\\/c\\\/agence-immobiliere-dans-le-canton-du-jura-specialiste-en-transactions-immobilieres-et-locations-immobilieres\\\/\"},{\"@type\":\"ListItem\",\"position\":3,\"name\":\"Agences immobili\u00e8res\",\"item\":\"https:\\\/\\\/www.immobilierlocal.ch\\\/agences\"},{\"@type\":\"ListItem\",\"position\":4,\"name\":\"Agence immobili\u00e8re \u00e0 Del\u00e9mont\"}]},{\"@type\":\"WebSite\",\"@id\":\"https:\\\/\\\/www.immobilierlocal.ch\\\/c\\\/#website\",\"url\":\"https:\\\/\\\/www.immobilierlocal.ch\\\/c\\\/\",\"name\":\"Immobilierlocal\",\"description\":\"\",\"publisher\":{\"@id\":\"https:\\\/\\\/www.immobilierlocal.ch\\\/c\\\/#organization\"},\"potentialAction\":[{\"@type\":\"SearchAction\",\"target\":{\"@type\":\"EntryPoint\",\"urlTemplate\":\"https:\\\/\\\/www.immobilierlocal.ch\\\/c\\\/?s={search_term_string}\"},\"query-input\":{\"@type\":\"PropertyValueSpecification\",\"valueRequired\":true,\"valueName\":\"search_term_string\"}}],\"inLanguage\":\"fr-FR\"},{\"@type\":\"Organization\",\"@id\":\"https:\\\/\\\/www.immobilierlocal.ch\\\/c\\\/#organization\",\"name\":\"Immobilierlocal\",\"url\":\"https:\\\/\\\/www.immobilierlocal.ch\\\/c\\\/\",\"logo\":{\"@type\":\"ImageObject\",\"inLanguage\":\"fr-FR\",\"@id\":\"https:\\\/\\\/www.immobilierlocal.ch\\\/c\\\/#\\\/schema\\\/logo\\\/image\\\/\",\"url\":\"https:\\\/\\\/www.immobilierlocal.ch\\\/c\\\/wp-content\\\/uploads\\\/2023\\\/10\\\/logo-immobilierlocal-h.svg\",\"contentUrl\":\"https:\\\/\\\/www.immobilierlocal.ch\\\/c\\\/wp-content\\\/uploads\\\/2023\\\/10\\\/logo-immobilierlocal-h.svg\",\"caption\":\"Immobilierlocal\"},\"image\":{\"@id\":\"https:\\\/\\\/www.immobilierlocal.ch\\\/c\\\/#\\\/schema\\\/logo\\\/image\\\/\"}}]}<\/script>\n<!-- \/ Yoast SEO Premium plugin. -->","yoast_head_json":{"title":"Agence immobili\u00e8re \u00e0 Del\u00e9mont : votre partenaire pour l'achat, la vente et la location de logements - Immobilierlocal","robots":{"index":"index","follow":"follow","max-snippet":"max-snippet:-1","max-image-preview":"max-image-preview:large","max-video-preview":"max-video-preview:-1"},"canonical":"https:\/\/www.immobilierlocal.ch\/c\/agence-immobiliere-a-delemont-votre-partenaire-pour-lachat-la-vente-et-la-location-de-logements\/","og_locale":"fr_FR","og_type":"article","og_title":"Agence immobili\u00e8re \u00e0 Del\u00e9mont : votre partenaire pour l'achat, la vente et la location de logements","og_description":"Pr\u00e9voyez-vous l&rsquo;achat ou la vente d&rsquo;un domicile ou d&rsquo;un appartement localis\u00e9 \u00e0 Del\u00e9mont ? \u00c0 Del\u00e9mont, l&rsquo;agence Immobilierlocal offre des accompagnements sur mesure. Notre soci\u00e9t\u00e9 est situ\u00e9e au centre-ville, prenez contact avec nous pour d\u00e9nicher l&rsquo;habitation de vos r\u00eaves ou vendre la v\u00f4tre. Notre agence immobili\u00e8re \u00e0 Del\u00e9mont propose une large gamme de prestations : [&hellip;]","og_url":"https:\/\/www.immobilierlocal.ch\/c\/agence-immobiliere-a-delemont-votre-partenaire-pour-lachat-la-vente-et-la-location-de-logements\/","og_site_name":"Immobilierlocal","article_modified_time":"2026-02-09T10:42:36+00:00","og_image":[{"width":1920,"height":300,"url":"https:\/\/www.immobilierlocal.ch\/c\/wp-content\/uploads\/2026\/02\/agence-immobiliere.jpg","type":"image\/jpeg"}],"twitter_card":"summary_large_image","twitter_misc":{"Dur\u00e9e de lecture estim\u00e9e":"4 minutes"},"schema":{"@context":"https:\/\/schema.org","@graph":[{"@type":"WebPage","@id":"https:\/\/www.immobilierlocal.ch\/c\/agence-immobiliere-a-delemont-votre-partenaire-pour-lachat-la-vente-et-la-location-de-logements\/","url":"https:\/\/www.immobilierlocal.ch\/c\/agence-immobiliere-a-delemont-votre-partenaire-pour-lachat-la-vente-et-la-location-de-logements\/","name":"Agence immobili\u00e8re \u00e0 Del\u00e9mont : votre partenaire pour l'achat, la vente et la location de logements - Immobilierlocal","isPartOf":{"@id":"https:\/\/www.immobilierlocal.ch\/c\/#website"},"primaryImageOfPage":{"@id":"https:\/\/www.immobilierlocal.ch\/c\/agence-immobiliere-a-delemont-votre-partenaire-pour-lachat-la-vente-et-la-location-de-logements\/#primaryimage"},"image":{"@id":"https:\/\/www.immobilierlocal.ch\/c\/agence-immobiliere-a-delemont-votre-partenaire-pour-lachat-la-vente-et-la-location-de-logements\/#primaryimage"},"thumbnailUrl":"https:\/\/www.immobilierlocal.ch\/c\/wp-content\/uploads\/2026\/02\/agence-immobiliere.jpg","datePublished":"2024-04-16T15:06:51+00:00","dateModified":"2026-02-09T10:42:36+00:00","breadcrumb":{"@id":"https:\/\/www.immobilierlocal.ch\/c\/agence-immobiliere-a-delemont-votre-partenaire-pour-lachat-la-vente-et-la-location-de-logements\/#breadcrumb"},"inLanguage":"fr-FR","potentialAction":[{"@type":"ReadAction","target":["https:\/\/www.immobilierlocal.ch\/c\/agence-immobiliere-a-delemont-votre-partenaire-pour-lachat-la-vente-et-la-location-de-logements\/"]}]},{"@type":"ImageObject","inLanguage":"fr-FR","@id":"https:\/\/www.immobilierlocal.ch\/c\/agence-immobiliere-a-delemont-votre-partenaire-pour-lachat-la-vente-et-la-location-de-logements\/#primaryimage","url":"https:\/\/www.immobilierlocal.ch\/c\/wp-content\/uploads\/2026\/02\/agence-immobiliere.jpg","contentUrl":"https:\/\/www.immobilierlocal.ch\/c\/wp-content\/uploads\/2026\/02\/agence-immobiliere.jpg","width":1920,"height":300},{"@type":"BreadcrumbList","@id":"https:\/\/www.immobilierlocal.ch\/c\/agence-immobiliere-a-delemont-votre-partenaire-pour-lachat-la-vente-et-la-location-de-logements\/#breadcrumb","itemListElement":[{"@type":"ListItem","position":1,"name":"Accueil","item":"https:\/\/www.immobilierlocal.ch\/c\/"},{"@type":"ListItem","position":2,"name":"Agence immobili\u00e8re dans le canton du Jura","item":"https:\/\/www.immobilierlocal.ch\/c\/agence-immobiliere-dans-le-canton-du-jura-specialiste-en-transactions-immobilieres-et-locations-immobilieres\/"},{"@type":"ListItem","position":3,"name":"Agences immobili\u00e8res","item":"https:\/\/www.immobilierlocal.ch\/agences"},{"@type":"ListItem","position":4,"name":"Agence immobili\u00e8re \u00e0 Del\u00e9mont"}]},{"@type":"WebSite","@id":"https:\/\/www.immobilierlocal.ch\/c\/#website","url":"https:\/\/www.immobilierlocal.ch\/c\/","name":"Immobilierlocal","description":"","publisher":{"@id":"https:\/\/www.immobilierlocal.ch\/c\/#organization"},"potentialAction":[{"@type":"SearchAction","target":{"@type":"EntryPoint","urlTemplate":"https:\/\/www.immobilierlocal.ch\/c\/?s={search_term_string}"},"query-input":{"@type":"PropertyValueSpecification","valueRequired":true,"valueName":"search_term_string"}}],"inLanguage":"fr-FR"},{"@type":"Organization","@id":"https:\/\/www.immobilierlocal.ch\/c\/#organization","name":"Immobilierlocal","url":"https:\/\/www.immobilierlocal.ch\/c\/","logo":{"@type":"ImageObject","inLanguage":"fr-FR","@id":"https:\/\/www.immobilierlocal.ch\/c\/#\/schema\/logo\/image\/","url":"https:\/\/www.immobilierlocal.ch\/c\/wp-content\/uploads\/2023\/10\/logo-immobilierlocal-h.svg","contentUrl":"https:\/\/www.immobilierlocal.ch\/c\/wp-content\/uploads\/2023\/10\/logo-immobilierlocal-h.svg","caption":"Immobilierlocal"},"image":{"@id":"https:\/\/www.immobilierlocal.ch\/c\/#\/schema\/logo\/image\/"}}]}},"_links":{"self":[{"href":"https:\/\/www.immobilierlocal.ch\/c\/wp-json\/wp\/v2\/pages\/2332","targetHints":{"allow":["GET"]}}],"collection":[{"href":"https:\/\/www.immobilierlocal.ch\/c\/wp-json\/wp\/v2\/pages"}],"about":[{"href":"https:\/\/www.immobilierlocal.ch\/c\/wp-json\/wp\/v2\/types\/page"}],"author":[{"embeddable":true,"href":"https:\/\/www.immobilierlocal.ch\/c\/wp-json\/wp\/v2\/users\/3"}],"replies":[{"embeddable":true,"href":"https:\/\/www.immobilierlocal.ch\/c\/wp-json\/wp\/v2\/comments?post=2332"}],"version-history":[{"count":0,"href":"https:\/\/www.immobilierlocal.ch\/c\/wp-json\/wp\/v2\/pages\/2332\/revisions"}],"wp:featuredmedia":[{"embeddable":true,"href":"https:\/\/www.immobilierlocal.ch\/c\/wp-json\/wp\/v2\/media\/2768"}],"wp:attachment":[{"href":"https:\/\/www.immobilierlocal.ch\/c\/wp-json\/wp\/v2\/media?parent=2332"}],"wp:term":[{"taxonomy":"category","embeddable":true,"href":"https:\/\/www.immobilierlocal.ch\/c\/wp-json\/wp\/v2\/categories?post=2332"},{"taxonomy":"profession","embeddable":true,"href":"https:\/\/www.immobilierlocal.ch\/c\/wp-json\/wp\/v2\/profession?post=2332"},{"taxonomy":"location","embeddable":true,"href":"https:\/\/www.immobilierlocal.ch\/c\/wp-json\/wp\/v2\/location?post=2332"},{"taxonomy":"canton","embeddable":true,"href":"https:\/\/www.immobilierlocal.ch\/c\/wp-json\/wp\/v2\/canton?post=2332"}],"curies":[{"name":"wp","href":"https:\/\/api.w.org\/{rel}","templated":true}]}}