
{"id":2330,"date":"2024-04-16T17:06:39","date_gmt":"2024-04-16T15:06:39","guid":{"rendered":"https:\/\/www.immobilierlocal.ch\/c\/?page_id=2330"},"modified":"2026-02-09T11:42:47","modified_gmt":"2026-02-09T10:42:47","slug":"agence-immobiliere-a-bienne-votre-partenaire-pour-lachat-la-vente-et-la-location-de-logements","status":"publish","type":"page","link":"https:\/\/www.immobilierlocal.ch\/c\/agence-immobiliere-a-bienne-votre-partenaire-pour-lachat-la-vente-et-la-location-de-logements\/","title":{"rendered":"Agence immobili\u00e8re \u00e0 Biel\/Bienne : votre partenaire pour l&rsquo;achat, la vente et la location de logements"},"content":{"rendered":"<p>Pr\u00e9voyez-vous l&rsquo;achat ou la vente d&rsquo;un logement ou d&rsquo;un appartement localis\u00e9 \u00e0 Biel\/Bienne ? Immobilierlocal est disponible et \u00e0 votre \u00e9coute pour vous guider dans vos projets. Localis\u00e9e au c\u0153ur de la ville, nos commerciaux sont disponibles pour vous \u00e9pauler \u00e0 trouver ou mettre sur le march\u00e9 votre habitation. Notre soci\u00e9t\u00e9 immobili\u00e8re \u00e0 Biel\/Bienne offre une large gamme de prestations : pour acqu\u00e9rir, vendre votre r\u00e9sidence, ou votre studio, louer un meubl\u00e9, acqu\u00e9rir des boutiques, des bureaux, pour la g\u00e9rance de vos biens, pour de la location de logement temporaire ou g\u00e9rer les immeubles en syndic de copropri\u00e9t\u00e9 et pour le financement de votre bien immobilier.<\/p>\n\n<div class=\"box\">\n    <h2 class=\"text-dark\">Nous cherchons un <em class=\"text-primary\">Agent immobilier<\/em> dans la r\u00e9gion de <em class=\"text-primary\">Biel\/Biel\/Bienne<\/em>  en exclusivit\u00e9, afin de proposer vos services \u00e0 nos clients propri\u00e9taires.<\/h2>\n    <p>Une opportunit\u00e9 unique pour booster votre activit\u00e9 \u00e0 <strong>Biel\/Biel\/Bienne<\/strong> et aux alentours dans votre domaine (Agent immobilier).<\/p>\n    <p>Nous travaillons en exclusivit\u00e9 avec qu'une soci\u00e9t\u00e9 par m\u00e9tier et par r\u00e9gion. <br>Votre entreprise est pr\u00e9sente sur tous les documents immobiliers. Afin d'\u00eatre mieux vu sur le net, vous \u00eates \u00e9galement visible sur nos deux sites et sur les pages de r\u00e9f\u00e9rencement de votre r\u00e9gion.<\/p>\n    <a href=\"\/contact\" class=\"wp-block-button__link has-accent-background-color has-text-align-center wp-element-button\">R\u00e9server<\/a>\n<\/div>\n<h2>Le march\u00e9 immobilier Biennois s&rsquo;\u00e9tend au-del\u00e0 de sa commune<\/h2>\n<p>Au cours des derni\u00e8res ann\u00e9es, les prix ont connu une hausse \u00e0 Biel\/Bienne, en raison de multiples facteurs :<\/p>\n<ul>\n<li>Sa place g\u00e9ographique,<\/li>\n<li>l&rsquo;attractivit\u00e9 \u00e9conomique,<\/li>\n<li>la qualit\u00e9 de son cadre de vie.<\/li>\n<\/ul>\n<p>Acheter \u00e0 Biel\/Bienne est un placement rentable, car la demande de maisons et de studios \u00e0 louer ou \u00e0 acqu\u00e9rir \u00e0 exploser, entra\u00eenant une augmentation des tarifs de l&rsquo;immobilier.<\/p>\n<h3>Pour le prix moyen par m\u00e8tre carr\u00e9 des biens immobiliers \u00e0 Biel\/Bienne<\/h3>\n<p class=\"estimates-price-immobilier\">Le march\u00e9 immobilier \u00e0 Biel\/Bienne affiche un prix moyen de CHF 6'669 \/ m\u00b2 (prix par m\u00e8tre carr\u00e9). Les maisons et les appartements ont un prix moyen respectif de CHF 6'512 \/ m\u00b2 et de CHF 6'827 \/ m\u00b2.<\/p>\n<h3>Pour le loyer moyen \u00e0 Biel\/Bienne<\/h3>\n<p class=\"estimates-rent-average\">Les loyers moyens \u00e0 Biel\/Bienne sont actuellement de CHF 1'824 pour les appartements, CHF 2'484 pour les maisons.<\/p>\n<p>La p\u00e9nurie de logements sur le march\u00e9 immobilier oblige les acheteurs \u00e0 \u00e9largir leur prospection et \u00e0 se diriger vers des villes proches, telles que :<\/p>\nT\u00fcscherz-Alferm\u00e9e, Twann, Ligerz, Ligni\u00e8res, Le Landeron, Magglingen\/Macolin, Evilard, Les Pr\u00e9s-d'Orvin.\n<h2>L\u2019implantation de notre agence immobili\u00e8re \u00e0 Biel\/Bienne<\/h2>\n<p>\u00c9tabli \u00e0 Biel\/Bienne notre agence intervient dans dans tous les secteurs de la ville.<\/p>\n\n<h2>Pourquoi choisir Immobilierlocal ?<\/h2>\n<p>Notre entreprise, Immobilierlocal, propose une gamme compl\u00e8te de prestations, entre autres :<\/p>\n<ul>\n<li>La parution de votre publicit\u00e9 sur notre site web : afin d&rsquo;atteindre plus de personnes.<\/li>\n<li>Un portail internet en suisse et pr\u00e9sent dans les pays francophones : notre site web est optimis\u00e9 pour ressortir dans plusieurs moteurs de recherche en langue fran\u00e7aise pour atteindre un maximum d\u2019acheteurs et de vendeurs.<\/li>\n<li>Mise en place d\u2019un plan de commercialisation : chacun des logements r\u00e9f\u00e9renc\u00e9s sur notre site internet b\u00e9n\u00e9ficie d&rsquo;un plan de commercialisation personnalis\u00e9.<\/li>\n<li>Estimation des prix : nous avons cr\u00e9\u00e9 des outils en ligne pour d\u00e9terminer les tarifs des biens immobiliers.<\/li>\n<li>Photographies et vid\u00e9os : nous r\u00e9alisons la r\u00e9alisation des photos et des vid\u00e9os dans le but de mettre en valeur votre r\u00e9sidence.<\/li>\n<li>Empreinte num\u00e9rique : nous proposons la capacit\u00e9 de sign\u00e9 \u00e9lectroniquement vos papiers en ligne.<\/li>\n<li>Conciergerie airbnb : nous proposons aussi un service de conciergerie airbnb.<\/li>\n<li>Administration de propri\u00e9t\u00e9s : nous proposons une assurance de non-paiement des loyers.<\/li>\n<\/ul>\n<h2>Une agence immobili\u00e8re qui r\u00e9unis des professionnels<\/h2>\n<p>Tous nos collaborateurs sont exp\u00e9riment\u00e9s, qu&rsquo;ils soient : commerciaux, administrateurs ou techniciens. Nos collaborateurs assistent fr\u00e9quemment des formations pour se maintenir \u00e0 jour et rester comp\u00e9titif. De plus, nos commerciaux ont tous aussi acquis une exp\u00e9rience au pr\u00e9alable. L&rsquo;exp\u00e9rience acquise nous permet d&rsquo;accompagner au mieux nos clients.<\/p>\n<h2>Obtenez une estimation du prix de votre logement \u00e0 Biel\/Bienne<\/h2>\n<p>Nous r\u00e9alisons des estimations pr\u00e9cises de votre logement \u00e0 Biel\/Bienne, nous tenons compte des caract\u00e9ristiques de votre propri\u00e9t\u00e9, ou encore la renomm\u00e9e de votre quartier. Nous apportons une v\u00e9ritable expertise pour tout ce qui concerne : l&rsquo;acquisition, la vente de bien, les investissements immobiliers, les locations \u00e0 court et long terme, la g\u00e9rance de vos biens immobiliers, et aussi pour la direction de votre copropri\u00e9t\u00e9.<\/p>\n<h2>Un accompagnement sur mesure<\/h2>\n<p>Nous sommes bien conscients que votre projet est adapt\u00e9 \u00e0 votre situation et vos besoins, c&rsquo;est pour cela que nous proposons des services adapt\u00e9s. Vous souhaitez acqu\u00e9rir, vendre ou louer une maison ou un appartement dans la r\u00e9gion de Biel\/Bienne ? Notre entreprise vous accompagne du premier instant aux derni\u00e8res finalisations de votre projet. Vous d\u00e9sirez acheter une nouvelle r\u00e9sidence \u00e0 Biel\/Bienne ? Nous vous trouvons le meilleur domicile possible avec notre r\u00e9seau.<\/p>\n<h2>Vous avez besoin d&rsquo;une agence immobili\u00e8re \u00e0 Biel\/Bienne ?<\/h2>\n<p>Notre agence Immobilierlocal est situ\u00e9e au centre-ville de Biel\/Bienne. Nous vous r\u00e9servons un accueil chaleureux, pr\u00eats \u00e0 vous \u00e9couter et \u00e0 concr\u00e9tiser vos projets immobiliers. Notre entreprise est chevronn\u00e9e dans l&rsquo;acquisition, la vente et la gestion de propri\u00e9t\u00e9s.<\/p>\n","protected":false},"excerpt":{"rendered":"<p>Pr\u00e9voyez-vous l&rsquo;achat ou la vente d&rsquo;un logement ou d&rsquo;un appartement localis\u00e9 \u00e0 Biel\/Bienne ? Immobilierlocal est disponible et \u00e0 votre \u00e9coute pour vous guider dans vos projets. Localis\u00e9e au c\u0153ur de la ville, nos commerciaux sont disponibles pour vous \u00e9pauler \u00e0 trouver ou mettre sur le march\u00e9 votre habitation. Notre soci\u00e9t\u00e9 immobili\u00e8re \u00e0 Biel\/Bienne offre [&hellip;]<\/p>\n","protected":false},"author":3,"featured_media":2768,"parent":0,"menu_order":0,"comment_status":"closed","ping_status":"closed","template":"wp-custom-template-page-agent","meta":{"footnotes":""},"categories":[89],"profession":[92],"location":[73],"canton":[91],"class_list":["post-2330","page","type-page","status-publish","has-post-thumbnail","hentry","category-agence","profession-agent-immobilier"],"yoast_head":"<!-- This site is optimized with the Yoast SEO Premium plugin v23.0 (Yoast SEO v27.3) - https:\/\/yoast.com\/product\/yoast-seo-premium-wordpress\/ -->\n<title>Agence immobili\u00e8re \u00e0 Biel\/Bienne : votre partenaire pour l&#039;achat, la vente et la location de logements - Immobilierlocal<\/title>\n<meta name=\"robots\" content=\"index, follow, max-snippet:-1, max-image-preview:large, max-video-preview:-1\" \/>\n<link rel=\"canonical\" href=\"https:\/\/www.immobilierlocal.ch\/c\/agence-immobiliere-a-bienne-votre-partenaire-pour-lachat-la-vente-et-la-location-de-logements\/\" \/>\n<meta property=\"og:locale\" content=\"fr_FR\" \/>\n<meta property=\"og:type\" content=\"article\" \/>\n<meta property=\"og:title\" content=\"Agence immobili\u00e8re \u00e0 Biel\/Bienne : votre partenaire pour l&#039;achat, la vente et la location de logements\" \/>\n<meta property=\"og:description\" content=\"Pr\u00e9voyez-vous l&rsquo;achat ou la vente d&rsquo;un logement ou d&rsquo;un appartement localis\u00e9 \u00e0 Biel\/Bienne ? Immobilierlocal est disponible et \u00e0 votre \u00e9coute pour vous guider dans vos projets. Localis\u00e9e au c\u0153ur de la ville, nos commerciaux sont disponibles pour vous \u00e9pauler \u00e0 trouver ou mettre sur le march\u00e9 votre habitation. Notre soci\u00e9t\u00e9 immobili\u00e8re \u00e0 Biel\/Bienne offre [&hellip;]\" \/>\n<meta property=\"og:url\" content=\"https:\/\/www.immobilierlocal.ch\/c\/agence-immobiliere-a-bienne-votre-partenaire-pour-lachat-la-vente-et-la-location-de-logements\/\" \/>\n<meta property=\"og:site_name\" content=\"Immobilierlocal\" \/>\n<meta property=\"article:modified_time\" content=\"2026-02-09T10:42:47+00:00\" \/>\n<meta property=\"og:image\" content=\"https:\/\/www.immobilierlocal.ch\/c\/wp-content\/uploads\/2026\/02\/agence-immobiliere.jpg\" \/>\n\t<meta property=\"og:image:width\" content=\"1920\" \/>\n\t<meta property=\"og:image:height\" content=\"300\" \/>\n\t<meta property=\"og:image:type\" content=\"image\/jpeg\" \/>\n<meta name=\"twitter:card\" content=\"summary_large_image\" \/>\n<meta name=\"twitter:label1\" content=\"Dur\u00e9e de lecture estim\u00e9e\" \/>\n\t<meta name=\"twitter:data1\" content=\"4 minutes\" \/>\n<script type=\"application\/ld+json\" class=\"yoast-schema-graph\">{\"@context\":\"https:\\\/\\\/schema.org\",\"@graph\":[{\"@type\":\"WebPage\",\"@id\":\"https:\\\/\\\/www.immobilierlocal.ch\\\/c\\\/agence-immobiliere-a-bienne-votre-partenaire-pour-lachat-la-vente-et-la-location-de-logements\\\/\",\"url\":\"https:\\\/\\\/www.immobilierlocal.ch\\\/c\\\/agence-immobiliere-a-bienne-votre-partenaire-pour-lachat-la-vente-et-la-location-de-logements\\\/\",\"name\":\"Agence immobili\u00e8re \u00e0 Biel\\\/Bienne : votre partenaire pour l'achat, la vente et la location de logements - Immobilierlocal\",\"isPartOf\":{\"@id\":\"https:\\\/\\\/www.immobilierlocal.ch\\\/c\\\/#website\"},\"primaryImageOfPage\":{\"@id\":\"https:\\\/\\\/www.immobilierlocal.ch\\\/c\\\/agence-immobiliere-a-bienne-votre-partenaire-pour-lachat-la-vente-et-la-location-de-logements\\\/#primaryimage\"},\"image\":{\"@id\":\"https:\\\/\\\/www.immobilierlocal.ch\\\/c\\\/agence-immobiliere-a-bienne-votre-partenaire-pour-lachat-la-vente-et-la-location-de-logements\\\/#primaryimage\"},\"thumbnailUrl\":\"https:\\\/\\\/www.immobilierlocal.ch\\\/c\\\/wp-content\\\/uploads\\\/2026\\\/02\\\/agence-immobiliere.jpg\",\"datePublished\":\"2024-04-16T15:06:39+00:00\",\"dateModified\":\"2026-02-09T10:42:47+00:00\",\"breadcrumb\":{\"@id\":\"https:\\\/\\\/www.immobilierlocal.ch\\\/c\\\/agence-immobiliere-a-bienne-votre-partenaire-pour-lachat-la-vente-et-la-location-de-logements\\\/#breadcrumb\"},\"inLanguage\":\"fr-FR\",\"potentialAction\":[{\"@type\":\"ReadAction\",\"target\":[\"https:\\\/\\\/www.immobilierlocal.ch\\\/c\\\/agence-immobiliere-a-bienne-votre-partenaire-pour-lachat-la-vente-et-la-location-de-logements\\\/\"]}]},{\"@type\":\"ImageObject\",\"inLanguage\":\"fr-FR\",\"@id\":\"https:\\\/\\\/www.immobilierlocal.ch\\\/c\\\/agence-immobiliere-a-bienne-votre-partenaire-pour-lachat-la-vente-et-la-location-de-logements\\\/#primaryimage\",\"url\":\"https:\\\/\\\/www.immobilierlocal.ch\\\/c\\\/wp-content\\\/uploads\\\/2026\\\/02\\\/agence-immobiliere.jpg\",\"contentUrl\":\"https:\\\/\\\/www.immobilierlocal.ch\\\/c\\\/wp-content\\\/uploads\\\/2026\\\/02\\\/agence-immobiliere.jpg\",\"width\":1920,\"height\":300},{\"@type\":\"BreadcrumbList\",\"@id\":\"https:\\\/\\\/www.immobilierlocal.ch\\\/c\\\/agence-immobiliere-a-bienne-votre-partenaire-pour-lachat-la-vente-et-la-location-de-logements\\\/#breadcrumb\",\"itemListElement\":[{\"@type\":\"ListItem\",\"position\":1,\"name\":\"Accueil\",\"item\":\"https:\\\/\\\/www.immobilierlocal.ch\\\/c\\\/\"},{\"@type\":\"ListItem\",\"position\":2,\"name\":\"Agences immobili\u00e8res\",\"item\":\"https:\\\/\\\/www.immobilierlocal.ch\\\/agences\"},{\"@type\":\"ListItem\",\"position\":3,\"name\":\"Agence immobili\u00e8re \u00e0 Bienne\"}]},{\"@type\":\"WebSite\",\"@id\":\"https:\\\/\\\/www.immobilierlocal.ch\\\/c\\\/#website\",\"url\":\"https:\\\/\\\/www.immobilierlocal.ch\\\/c\\\/\",\"name\":\"Immobilierlocal\",\"description\":\"\",\"publisher\":{\"@id\":\"https:\\\/\\\/www.immobilierlocal.ch\\\/c\\\/#organization\"},\"potentialAction\":[{\"@type\":\"SearchAction\",\"target\":{\"@type\":\"EntryPoint\",\"urlTemplate\":\"https:\\\/\\\/www.immobilierlocal.ch\\\/c\\\/?s={search_term_string}\"},\"query-input\":{\"@type\":\"PropertyValueSpecification\",\"valueRequired\":true,\"valueName\":\"search_term_string\"}}],\"inLanguage\":\"fr-FR\"},{\"@type\":\"Organization\",\"@id\":\"https:\\\/\\\/www.immobilierlocal.ch\\\/c\\\/#organization\",\"name\":\"Immobilierlocal\",\"url\":\"https:\\\/\\\/www.immobilierlocal.ch\\\/c\\\/\",\"logo\":{\"@type\":\"ImageObject\",\"inLanguage\":\"fr-FR\",\"@id\":\"https:\\\/\\\/www.immobilierlocal.ch\\\/c\\\/#\\\/schema\\\/logo\\\/image\\\/\",\"url\":\"https:\\\/\\\/www.immobilierlocal.ch\\\/c\\\/wp-content\\\/uploads\\\/2023\\\/10\\\/logo-immobilierlocal-h.svg\",\"contentUrl\":\"https:\\\/\\\/www.immobilierlocal.ch\\\/c\\\/wp-content\\\/uploads\\\/2023\\\/10\\\/logo-immobilierlocal-h.svg\",\"caption\":\"Immobilierlocal\"},\"image\":{\"@id\":\"https:\\\/\\\/www.immobilierlocal.ch\\\/c\\\/#\\\/schema\\\/logo\\\/image\\\/\"}}]}<\/script>\n<!-- \/ Yoast SEO Premium plugin. -->","yoast_head_json":{"title":"Agence immobili\u00e8re \u00e0 Biel\/Bienne : votre partenaire pour l'achat, la vente et la location de logements - Immobilierlocal","robots":{"index":"index","follow":"follow","max-snippet":"max-snippet:-1","max-image-preview":"max-image-preview:large","max-video-preview":"max-video-preview:-1"},"canonical":"https:\/\/www.immobilierlocal.ch\/c\/agence-immobiliere-a-bienne-votre-partenaire-pour-lachat-la-vente-et-la-location-de-logements\/","og_locale":"fr_FR","og_type":"article","og_title":"Agence immobili\u00e8re \u00e0 Biel\/Bienne : votre partenaire pour l'achat, la vente et la location de logements","og_description":"Pr\u00e9voyez-vous l&rsquo;achat ou la vente d&rsquo;un logement ou d&rsquo;un appartement localis\u00e9 \u00e0 Biel\/Bienne ? Immobilierlocal est disponible et \u00e0 votre \u00e9coute pour vous guider dans vos projets. Localis\u00e9e au c\u0153ur de la ville, nos commerciaux sont disponibles pour vous \u00e9pauler \u00e0 trouver ou mettre sur le march\u00e9 votre habitation. Notre soci\u00e9t\u00e9 immobili\u00e8re \u00e0 Biel\/Bienne offre [&hellip;]","og_url":"https:\/\/www.immobilierlocal.ch\/c\/agence-immobiliere-a-bienne-votre-partenaire-pour-lachat-la-vente-et-la-location-de-logements\/","og_site_name":"Immobilierlocal","article_modified_time":"2026-02-09T10:42:47+00:00","og_image":[{"width":1920,"height":300,"url":"https:\/\/www.immobilierlocal.ch\/c\/wp-content\/uploads\/2026\/02\/agence-immobiliere.jpg","type":"image\/jpeg"}],"twitter_card":"summary_large_image","twitter_misc":{"Dur\u00e9e de lecture estim\u00e9e":"4 minutes"},"schema":{"@context":"https:\/\/schema.org","@graph":[{"@type":"WebPage","@id":"https:\/\/www.immobilierlocal.ch\/c\/agence-immobiliere-a-bienne-votre-partenaire-pour-lachat-la-vente-et-la-location-de-logements\/","url":"https:\/\/www.immobilierlocal.ch\/c\/agence-immobiliere-a-bienne-votre-partenaire-pour-lachat-la-vente-et-la-location-de-logements\/","name":"Agence immobili\u00e8re \u00e0 Biel\/Bienne : votre partenaire pour l'achat, la vente et la location de logements - Immobilierlocal","isPartOf":{"@id":"https:\/\/www.immobilierlocal.ch\/c\/#website"},"primaryImageOfPage":{"@id":"https:\/\/www.immobilierlocal.ch\/c\/agence-immobiliere-a-bienne-votre-partenaire-pour-lachat-la-vente-et-la-location-de-logements\/#primaryimage"},"image":{"@id":"https:\/\/www.immobilierlocal.ch\/c\/agence-immobiliere-a-bienne-votre-partenaire-pour-lachat-la-vente-et-la-location-de-logements\/#primaryimage"},"thumbnailUrl":"https:\/\/www.immobilierlocal.ch\/c\/wp-content\/uploads\/2026\/02\/agence-immobiliere.jpg","datePublished":"2024-04-16T15:06:39+00:00","dateModified":"2026-02-09T10:42:47+00:00","breadcrumb":{"@id":"https:\/\/www.immobilierlocal.ch\/c\/agence-immobiliere-a-bienne-votre-partenaire-pour-lachat-la-vente-et-la-location-de-logements\/#breadcrumb"},"inLanguage":"fr-FR","potentialAction":[{"@type":"ReadAction","target":["https:\/\/www.immobilierlocal.ch\/c\/agence-immobiliere-a-bienne-votre-partenaire-pour-lachat-la-vente-et-la-location-de-logements\/"]}]},{"@type":"ImageObject","inLanguage":"fr-FR","@id":"https:\/\/www.immobilierlocal.ch\/c\/agence-immobiliere-a-bienne-votre-partenaire-pour-lachat-la-vente-et-la-location-de-logements\/#primaryimage","url":"https:\/\/www.immobilierlocal.ch\/c\/wp-content\/uploads\/2026\/02\/agence-immobiliere.jpg","contentUrl":"https:\/\/www.immobilierlocal.ch\/c\/wp-content\/uploads\/2026\/02\/agence-immobiliere.jpg","width":1920,"height":300},{"@type":"BreadcrumbList","@id":"https:\/\/www.immobilierlocal.ch\/c\/agence-immobiliere-a-bienne-votre-partenaire-pour-lachat-la-vente-et-la-location-de-logements\/#breadcrumb","itemListElement":[{"@type":"ListItem","position":1,"name":"Accueil","item":"https:\/\/www.immobilierlocal.ch\/c\/"},{"@type":"ListItem","position":2,"name":"Agences immobili\u00e8res","item":"https:\/\/www.immobilierlocal.ch\/agences"},{"@type":"ListItem","position":3,"name":"Agence immobili\u00e8re \u00e0 Bienne"}]},{"@type":"WebSite","@id":"https:\/\/www.immobilierlocal.ch\/c\/#website","url":"https:\/\/www.immobilierlocal.ch\/c\/","name":"Immobilierlocal","description":"","publisher":{"@id":"https:\/\/www.immobilierlocal.ch\/c\/#organization"},"potentialAction":[{"@type":"SearchAction","target":{"@type":"EntryPoint","urlTemplate":"https:\/\/www.immobilierlocal.ch\/c\/?s={search_term_string}"},"query-input":{"@type":"PropertyValueSpecification","valueRequired":true,"valueName":"search_term_string"}}],"inLanguage":"fr-FR"},{"@type":"Organization","@id":"https:\/\/www.immobilierlocal.ch\/c\/#organization","name":"Immobilierlocal","url":"https:\/\/www.immobilierlocal.ch\/c\/","logo":{"@type":"ImageObject","inLanguage":"fr-FR","@id":"https:\/\/www.immobilierlocal.ch\/c\/#\/schema\/logo\/image\/","url":"https:\/\/www.immobilierlocal.ch\/c\/wp-content\/uploads\/2023\/10\/logo-immobilierlocal-h.svg","contentUrl":"https:\/\/www.immobilierlocal.ch\/c\/wp-content\/uploads\/2023\/10\/logo-immobilierlocal-h.svg","caption":"Immobilierlocal"},"image":{"@id":"https:\/\/www.immobilierlocal.ch\/c\/#\/schema\/logo\/image\/"}}]}},"_links":{"self":[{"href":"https:\/\/www.immobilierlocal.ch\/c\/wp-json\/wp\/v2\/pages\/2330","targetHints":{"allow":["GET"]}}],"collection":[{"href":"https:\/\/www.immobilierlocal.ch\/c\/wp-json\/wp\/v2\/pages"}],"about":[{"href":"https:\/\/www.immobilierlocal.ch\/c\/wp-json\/wp\/v2\/types\/page"}],"author":[{"embeddable":true,"href":"https:\/\/www.immobilierlocal.ch\/c\/wp-json\/wp\/v2\/users\/3"}],"replies":[{"embeddable":true,"href":"https:\/\/www.immobilierlocal.ch\/c\/wp-json\/wp\/v2\/comments?post=2330"}],"version-history":[{"count":0,"href":"https:\/\/www.immobilierlocal.ch\/c\/wp-json\/wp\/v2\/pages\/2330\/revisions"}],"wp:featuredmedia":[{"embeddable":true,"href":"https:\/\/www.immobilierlocal.ch\/c\/wp-json\/wp\/v2\/media\/2768"}],"wp:attachment":[{"href":"https:\/\/www.immobilierlocal.ch\/c\/wp-json\/wp\/v2\/media?parent=2330"}],"wp:term":[{"taxonomy":"category","embeddable":true,"href":"https:\/\/www.immobilierlocal.ch\/c\/wp-json\/wp\/v2\/categories?post=2330"},{"taxonomy":"profession","embeddable":true,"href":"https:\/\/www.immobilierlocal.ch\/c\/wp-json\/wp\/v2\/profession?post=2330"},{"taxonomy":"location","embeddable":true,"href":"https:\/\/www.immobilierlocal.ch\/c\/wp-json\/wp\/v2\/location?post=2330"},{"taxonomy":"canton","embeddable":true,"href":"https:\/\/www.immobilierlocal.ch\/c\/wp-json\/wp\/v2\/canton?post=2330"}],"curies":[{"name":"wp","href":"https:\/\/api.w.org\/{rel}","templated":true}]}}