
{"id":2328,"date":"2024-04-16T17:07:06","date_gmt":"2024-04-16T15:07:06","guid":{"rendered":"https:\/\/www.immobilierlocal.ch\/c\/?page_id=2328"},"modified":"2026-02-09T11:42:20","modified_gmt":"2026-02-09T10:42:20","slug":"agence-immobiliere-a-montreux-votre-partenaire-pour-lachat-la-vente-et-la-location-de-logements","status":"publish","type":"page","link":"https:\/\/www.immobilierlocal.ch\/c\/agence-immobiliere-a-montreux-votre-partenaire-pour-lachat-la-vente-et-la-location-de-logements\/","title":{"rendered":"Agence immobili\u00e8re \u00e0 Montreux : votre partenaire pour l&rsquo;achat, la vente et la location de logements"},"content":{"rendered":"<p>Vous pr\u00e9voyez d&rsquo;acheter, de vendre une maison ou un studio \u00e0 Montreux ? \u00c0 Montreux, l&rsquo;entreprise Immobilierlocal propose des accompagnements personnalis\u00e9s. Implant\u00e9e au c\u0153ur de la ville, notre \u00e9quipe est disponible pour vous assister \u00e0 trouver ou vendre votre bien immobilier. \u00c0 Montreux, notre entreprise offre des prestations pour : l&rsquo;acquisition, la cession, la location de maisons, d&rsquo;appartements, de commerces de proximit\u00e9s, de locaux, nous proposons aussi la g\u00e9rance de vos propri\u00e9t\u00e9s immobili\u00e8res, la gestion locative de vos h\u00e9bergements Airbnb, l&rsquo;administration de copropri\u00e9t\u00e9s ou encore pour \u00e9laborer une solution de pr\u00eat de votre futur bien.<\/p>\n\r\n<div class=\"box\">\r\n            <div class=\"company-info\">\r\n            <img decoding=\"async\" class=\"company-info__logo\" src=\"https:\/\/www.artisanlocal.ch\/media\/cache\/thumb\/images\/companies\/glauser-immobilier-sa.jpg\" alt=\"Logo\">\r\n            <h2 class=\"company-info__name\">Glauser Immobilier SA<\/h2>\r\n            <p class=\"company-info__business\">Agence immobili\u00e8re - Courtage immobilier - Estimation - Accompagnement pour l\u2019achat - Financement - Conseils<\/p>\r\n        <\/div>\r\n        <div class=\"company-contact\">\r\n            <p class=\"company-info__address\">Avenue du Clos-d'Aubonne 58, 1814\u00a0La Tour-de-Peilz <\/p>\r\n                            <div class=\"links\">\r\n                                            <a class=\"btn has-accent-background-color js-phoneNumber\" href=\"tel:0219772277\" title=\"Appelez\" data-id=\"27865\" data-type=\"11\">021 977 22 77<\/a>\r\n                                                                <a class=\"btn has-accent-background-color\" href=\"http:\/\/www.glauserimmo.ch\/\" target=\"_blank\" title=\"Voir le site internet\" data-id=\"27865\" data-type=\"20\">Site internet<\/a>\r\n                                    <\/div>\r\n                    <\/div>\r\n    \r\n            \n<form action=\"https:\/\/www.immobilierlocal.ch\/c\/wp-admin\/admin-ajax.php\" method=\"post\" class=\"form-contact\" id=\"immobilier_form_contact_company_inline\">\n    <div><input type=\"hidden\" name=\"action\" value=\"company_contact\"><\/div>\n    <div><input type=\"hidden\" name=\"nonce\" value=\"0b5e0bde16\"><\/div>\n    <div><input type=\"hidden\" name=\"company_id\" value=\"27865\"><\/div>\n    <div><input type=\"hidden\" name=\"form_id\" value=\"immobilier_form_contact_company_inline\"><\/div>\n    <div class=\"gglcptch gglcptch_v3 gglcptch_custom\"><input type=\"hidden\" id=\"g-recaptcha-response\" name=\"g-recaptcha-response\" \/><br \/><div class=\"gglcptch_error_text\">La p\u00e9riode de v\u00e9rification reCAPTCHA a expir\u00e9. Veuillez recharger la page.<\/div><\/div>    <div class=\"form-content\">\n        <div class=\"form-group\">\n            <label for=\"contact_firstName\" class=\"required\">Pr\u00e9nom<\/label>\n            <input type=\"text\" name=\"firstName\" class=\"form-control\" required>\n        <\/div>\n        <div class=\"form-group\">\n            <label for=\"contact_lastName\" class=\"required\">Nom<\/label>\n            <input type=\"text\" name=\"lastName\" class=\"form-control\" required>\n        <\/div>\n        <div class=\"form-group\">\n            <label for=\"contact_email\" class=\"required\">Email<\/label>\n            <input type=\"email\" name=\"email\" class=\"form-control\" required>\n        <\/div>\n        <div class=\"form-group\">\n            <label for=\"contact_phone\" class=\"required\">Num\u00e9ro de t\u00e9l\u00e9phone<\/label>\n            <input type=\"tel\" name=\"phone\" class=\"form-control\" placeholder=\"0787117165\" pattern=\"^[0-9]{10}$\" required>\n        <\/div>\n        <div class=\"form-group\">\n            <label for=\"contact_postalCode\" class=\"required\">Code postal et localit\u00e9<\/label>\n            <input type=\"text\" name=\"postalCode\" class=\"form-control\" required>\n        <\/div>\n        <div class=\"form-group\">\n            <label for=\"contact_address\" class=\"required\">Adresse<\/label>\n            <input type=\"text\" name=\"address\" class=\"form-control\" required>\n        <\/div>\n        <div class=\"full-width topic\">\n            <p class=\"required\">Je souhaite \u00eatre contact\u00e9 pour :<\/p>\n            <div class=\"form-check\">\n                <input type=\"radio\" name=\"topic\" value=\"Estimation\" class=\"form-control\" required>\n                <label for=\"estimation\">R\u00e9aliser une estimation<\/label>\n            <\/div>\n            <div class=\"form-check\">\n                <input type=\"radio\" name=\"topic\" value=\"Vente\" class=\"form-control\" required>\n                <label for=\"vente\">R\u00e9aliser une vente<\/label>\n            <\/div>\n            <div class=\"form-check\">\n                <input type=\"radio\" name=\"topic\" value=\"Autre\" class=\"form-control\" required>\n                <label for=\"autre\">Autre<\/label>\n            <\/div>\n        <\/div>\n        <div class=\"form-group full-width\">\n            <label for=\"contact_message\">Message<\/label>\n            <textarea name=\"message\" rows=\"3\" class=\"form-control\"><\/textarea>\n        <\/div>\n    <\/div>\n    <div class=\"form-actions\">\n        <button class=\"wp-block-button__link has-accent-background-color\">Contacter<\/button>\n    <\/div>\n<\/form>\n<div class=\"form-feedback\"><\/div>    <\/div>\n<h2>Le march\u00e9 immobilier Montreusien s\u2019\u00e9tend plus loin que de sa ville<\/h2>\n<p>R\u00e9cemment, les prix ont connu une hausse \u00e0 Montreux, en raison de nombreux \u00e9l\u00e9ments :<\/p>\n<ul>\n<li>Sa position g\u00e9ographique,<\/li>\n<li>l&rsquo;attractivit\u00e9 \u00e9conomique,<\/li>\n<li>le confort et l&rsquo;\u00e9tat de son environnement.<\/li>\n<\/ul>\n<p>Acheter un bien immobilier \u00e0 Montreux est aussi une valeur s\u00fbre, \u00e9tant donn\u00e9 que la demande de locations et d&rsquo;achats qui a connu une hausse significative, provoquant une pouss\u00e9e des prix.<\/p>\n<h3>Pour le co\u00fbt moyen par m\u00e8tre carr\u00e9 des habitations \u00e0 Montreux<\/h3>\n<p class=\"estimates-price-immobilier\">Le march\u00e9 immobilier \u00e0 Montreux affiche un prix moyen de CHF 11'482 \/ m\u00b2 (prix par m\u00e8tre carr\u00e9). Les maisons et les appartements ont un prix moyen respectif de CHF 10'300 \/ m\u00b2 et de CHF 12'663 \/ m\u00b2.<\/p>\n<h3>Pour le prix moyen du loyer \u00e0 Montreux<\/h3>\n<p class=\"estimates-rent-average\">Les loyers moyens \u00e0 Montreux sont actuellement de CHF 3'311 pour les appartements, CHF 3'726 pour les maisons.<\/p>\n<p>La raret\u00e9 des logements sur le march\u00e9 immobilier contraint les acheteurs \u00e0 \u00e9tendre leur recherche et \u00e0 s&rsquo;orienter vers des localit\u00e9s environnantes, telles que :<\/p>\nPuidoux, Chexbres, Rivaz, St-Saphorin (Lavaux), Aran, Chenaux, Grandvaux, Cully, Villette (Lavaux), Riex, Epesses, Vevey, Le Mont-P\u00e8lerin, Corseaux, Chardonne, Corsier-sur-Vevey, Jongny, St-L\u00e9gier-La Chi\u00e9saz, Blonay, Les Monts-de-Corsier, Fenil-sur-Corsier, La Tour-de-Peilz, Clarens, Chailly-Montreux, Brent, Territet, Veytaux, Chernex, Glion, Caux, Chamby, Villard-sur-Chamby, Les Avants.\n<h2>La localisation de notre agence immobili\u00e8re \u00e0 Montreux<\/h2>\n<p>Les agents commerciaux de notre agence interviennent dans tous les endroits de Montreux.<\/p>\n\n<div id=\"map\" class=\"map\" data-adresse=\"Avenue du Clos-d'Aubonne 58 1814\u00a0La Tour-de-Peilz, Suisse\"><\/div>\n<h2>Pourquoi choisir Immobilierlocal ?<\/h2>\n<p>Immobilierlocal propose un large choix de services, comme :<\/p>\n<ul>\n<li>La parution de votre publicit\u00e9 sur notre site internet : dans le but d&rsquo;atteindre plus de futurs clients.<\/li>\n<li>Un portail internet en suisse et aussi pr\u00e9sent en francophonie : notre site est optimis\u00e9 pour ressortir dans plusieurs moteurs de recherche francophones pour toucher un maximum d\u2019acheteurs et de vendeurs.<\/li>\n<li>Programme personnalis\u00e9 : chacun des biens immobiliers pr\u00e9sents sur notre site internet profite d&rsquo;un plan de commercialisation personnalis\u00e9.<\/li>\n<li>Estimation des prix de vente : nous avons fabriqu\u00e9 des outils pour d\u00e9terminer les prix de vente des habitations.<\/li>\n<li>Photographies et vid\u00e9os : nous effectuons la prise des photos et des vid\u00e9os dans le but de mettre en valeur votre maison.<\/li>\n<li>Signature num\u00e9rique : nous offrons la capacit\u00e9 de sign\u00e9 \u00e9lectroniquement vos papiers en ligne.<\/li>\n<li>Gestion locative airbnb : nous offrons aussi un service de gestion de location courte dur\u00e9e.<\/li>\n<li>Gestion locative : nous offrons une assurance pour le non-paiement des loyers impay\u00e9s.<\/li>\n<\/ul>\n<h2>Une soci\u00e9t\u00e9 immobili\u00e8re compos\u00e9e de professionnels<\/h2>\n<p>Les professionnels de notre agence sont exp\u00e9riment\u00e9s, qu&rsquo;il s&rsquo;agisse de technico-commerciaux ou de gestionnaires. Nos conseillers suivent fr\u00e9quemment des formations afin de maintenir leurs bagages techniques, juridiques et commerciales \u00e0 jour. Chaque expert de notre \u00e9quipe dispose d&rsquo;une grande expertise dans le march\u00e9 de l&rsquo;immobilier. Cette exp\u00e9rience, nous permet d&rsquo;apporter le meilleur accompagnement \u00e0 nos clients, parce que votre satisfaction est notre objectif.<\/p>\n<h2>Obtenez une estimation du prix de votre bien \u00e0 Montreux<\/h2>\n<p>Si vous \u00eates un Montreusien, notre agence effectue des estimations immobili\u00e8res d\u00e9taill\u00e9es de votre propri\u00e9t\u00e9 en consid\u00e9rant les caract\u00e9ristiques de votre appartement comme votre localisation. Immobilierlocal propose \u00e0 ses clients, les services, comme : la gestion de vos habitats locatifs, la vente, l&rsquo;acquisition, les placements immobiliers, la direction des locations saisonni\u00e8res et la gestion du syndic.<\/p>\n<h2>Une agence immobili\u00e8re qui vous guide<\/h2>\n<p>Nous sommes conscients que votre projet immobilier est unique, c&rsquo;est la raison pour laquelle nous vous proposons des services adapt\u00e9s. Vous voulez, louer ou vendre une maison ou un studio dans la zone de Montreux ? Notre entreprise vous assiste du d\u00e9but \u00e0 la fin de votre projet immobilier. Nous avons un large r\u00e9seau de partenaires pour vous aider \u00e0 d\u00e9nicher l&rsquo;habitation de vos d\u00e9sires dans la r\u00e9gion de Montreux.<\/p>\n<h2>Vous recherchez une entreprise immobili\u00e8re \u00e0 Montreux ?<\/h2>\n<p>L&rsquo;agence Immobilierlocal est \u00e9tabli au centre de Montreux. Nous vous accueillerons dans notre entreprise, pr\u00eats \u00e0 vous \u00e9couter et \u00e0 concr\u00e9tiser vos projets. Notre soci\u00e9t\u00e9 est chevronn\u00e9e dans l&rsquo;acquisition, la vente et la gestion de propri\u00e9t\u00e9s.<\/p>\n","protected":false},"excerpt":{"rendered":"<p>Vous pr\u00e9voyez d&rsquo;acheter, de vendre une maison ou un studio \u00e0 Montreux ? \u00c0 Montreux, l&rsquo;entreprise Immobilierlocal propose des accompagnements personnalis\u00e9s. Implant\u00e9e au c\u0153ur de la ville, notre \u00e9quipe est disponible pour vous assister \u00e0 trouver ou vendre votre bien immobilier. \u00c0 Montreux, notre entreprise offre des prestations pour : l&rsquo;acquisition, la cession, la location [&hellip;]<\/p>\n","protected":false},"author":3,"featured_media":2768,"parent":0,"menu_order":0,"comment_status":"closed","ping_status":"closed","template":"wp-custom-template-page-agent","meta":{"footnotes":""},"categories":[89],"profession":[92],"location":[26],"canton":[79],"class_list":["post-2328","page","type-page","status-publish","has-post-thumbnail","hentry","category-agence","profession-agent-immobilier"],"yoast_head":"<!-- This site is optimized with the Yoast SEO Premium plugin v23.0 (Yoast SEO v27.3) - https:\/\/yoast.com\/product\/yoast-seo-premium-wordpress\/ -->\n<title>Agence immobili\u00e8re \u00e0 Montreux : votre partenaire pour l&#039;achat, la vente et la location de logements - Immobilierlocal<\/title>\n<meta name=\"robots\" content=\"index, follow, max-snippet:-1, max-image-preview:large, max-video-preview:-1\" \/>\n<link rel=\"canonical\" href=\"https:\/\/www.immobilierlocal.ch\/c\/agence-immobiliere-a-montreux-votre-partenaire-pour-lachat-la-vente-et-la-location-de-logements\/\" \/>\n<meta property=\"og:locale\" content=\"fr_FR\" \/>\n<meta property=\"og:type\" content=\"article\" \/>\n<meta property=\"og:title\" content=\"Agence immobili\u00e8re \u00e0 Montreux : votre partenaire pour l&#039;achat, la vente et la location de logements\" \/>\n<meta property=\"og:description\" content=\"Vous pr\u00e9voyez d&rsquo;acheter, de vendre une maison ou un studio \u00e0 Montreux ? \u00c0 Montreux, l&rsquo;entreprise Immobilierlocal propose des accompagnements personnalis\u00e9s. Implant\u00e9e au c\u0153ur de la ville, notre \u00e9quipe est disponible pour vous assister \u00e0 trouver ou vendre votre bien immobilier. \u00c0 Montreux, notre entreprise offre des prestations pour : l&rsquo;acquisition, la cession, la location [&hellip;]\" \/>\n<meta property=\"og:url\" content=\"https:\/\/www.immobilierlocal.ch\/c\/agence-immobiliere-a-montreux-votre-partenaire-pour-lachat-la-vente-et-la-location-de-logements\/\" \/>\n<meta property=\"og:site_name\" content=\"Immobilierlocal\" \/>\n<meta property=\"article:modified_time\" content=\"2026-02-09T10:42:20+00:00\" \/>\n<meta property=\"og:image\" content=\"https:\/\/www.immobilierlocal.ch\/c\/wp-content\/uploads\/2026\/02\/agence-immobiliere.jpg\" \/>\n\t<meta property=\"og:image:width\" content=\"1920\" \/>\n\t<meta property=\"og:image:height\" content=\"300\" \/>\n\t<meta property=\"og:image:type\" content=\"image\/jpeg\" \/>\n<meta name=\"twitter:card\" content=\"summary_large_image\" \/>\n<meta name=\"twitter:label1\" content=\"Dur\u00e9e de lecture estim\u00e9e\" \/>\n\t<meta name=\"twitter:data1\" content=\"3 minutes\" \/>\n<script type=\"application\/ld+json\" class=\"yoast-schema-graph\">{\"@context\":\"https:\\\/\\\/schema.org\",\"@graph\":[{\"@type\":\"WebPage\",\"@id\":\"https:\\\/\\\/www.immobilierlocal.ch\\\/c\\\/agence-immobiliere-a-montreux-votre-partenaire-pour-lachat-la-vente-et-la-location-de-logements\\\/\",\"url\":\"https:\\\/\\\/www.immobilierlocal.ch\\\/c\\\/agence-immobiliere-a-montreux-votre-partenaire-pour-lachat-la-vente-et-la-location-de-logements\\\/\",\"name\":\"Agence immobili\u00e8re \u00e0 Montreux : votre partenaire pour l'achat, la vente et la location de logements - Immobilierlocal\",\"isPartOf\":{\"@id\":\"https:\\\/\\\/www.immobilierlocal.ch\\\/c\\\/#website\"},\"primaryImageOfPage\":{\"@id\":\"https:\\\/\\\/www.immobilierlocal.ch\\\/c\\\/agence-immobiliere-a-montreux-votre-partenaire-pour-lachat-la-vente-et-la-location-de-logements\\\/#primaryimage\"},\"image\":{\"@id\":\"https:\\\/\\\/www.immobilierlocal.ch\\\/c\\\/agence-immobiliere-a-montreux-votre-partenaire-pour-lachat-la-vente-et-la-location-de-logements\\\/#primaryimage\"},\"thumbnailUrl\":\"https:\\\/\\\/www.immobilierlocal.ch\\\/c\\\/wp-content\\\/uploads\\\/2026\\\/02\\\/agence-immobiliere.jpg\",\"datePublished\":\"2024-04-16T15:07:06+00:00\",\"dateModified\":\"2026-02-09T10:42:20+00:00\",\"breadcrumb\":{\"@id\":\"https:\\\/\\\/www.immobilierlocal.ch\\\/c\\\/agence-immobiliere-a-montreux-votre-partenaire-pour-lachat-la-vente-et-la-location-de-logements\\\/#breadcrumb\"},\"inLanguage\":\"fr-FR\",\"potentialAction\":[{\"@type\":\"ReadAction\",\"target\":[\"https:\\\/\\\/www.immobilierlocal.ch\\\/c\\\/agence-immobiliere-a-montreux-votre-partenaire-pour-lachat-la-vente-et-la-location-de-logements\\\/\"]}]},{\"@type\":\"ImageObject\",\"inLanguage\":\"fr-FR\",\"@id\":\"https:\\\/\\\/www.immobilierlocal.ch\\\/c\\\/agence-immobiliere-a-montreux-votre-partenaire-pour-lachat-la-vente-et-la-location-de-logements\\\/#primaryimage\",\"url\":\"https:\\\/\\\/www.immobilierlocal.ch\\\/c\\\/wp-content\\\/uploads\\\/2026\\\/02\\\/agence-immobiliere.jpg\",\"contentUrl\":\"https:\\\/\\\/www.immobilierlocal.ch\\\/c\\\/wp-content\\\/uploads\\\/2026\\\/02\\\/agence-immobiliere.jpg\",\"width\":1920,\"height\":300},{\"@type\":\"BreadcrumbList\",\"@id\":\"https:\\\/\\\/www.immobilierlocal.ch\\\/c\\\/agence-immobiliere-a-montreux-votre-partenaire-pour-lachat-la-vente-et-la-location-de-logements\\\/#breadcrumb\",\"itemListElement\":[{\"@type\":\"ListItem\",\"position\":1,\"name\":\"Accueil\",\"item\":\"https:\\\/\\\/www.immobilierlocal.ch\\\/c\\\/\"},{\"@type\":\"ListItem\",\"position\":2,\"name\":\"Agence immobili\u00e8re dans le canton de Vaud\",\"item\":\"https:\\\/\\\/www.immobilierlocal.ch\\\/c\\\/agence-immobiliere-dans-le-canton-de-vaud-expert-en-ventes-et-locations-immobilieres\\\/\"},{\"@type\":\"ListItem\",\"position\":3,\"name\":\"Agences immobili\u00e8res\",\"item\":\"https:\\\/\\\/www.immobilierlocal.ch\\\/agences\"},{\"@type\":\"ListItem\",\"position\":4,\"name\":\"Agence immobili\u00e8re \u00e0 Montreux\"}]},{\"@type\":\"WebSite\",\"@id\":\"https:\\\/\\\/www.immobilierlocal.ch\\\/c\\\/#website\",\"url\":\"https:\\\/\\\/www.immobilierlocal.ch\\\/c\\\/\",\"name\":\"Immobilierlocal\",\"description\":\"\",\"publisher\":{\"@id\":\"https:\\\/\\\/www.immobilierlocal.ch\\\/c\\\/#organization\"},\"potentialAction\":[{\"@type\":\"SearchAction\",\"target\":{\"@type\":\"EntryPoint\",\"urlTemplate\":\"https:\\\/\\\/www.immobilierlocal.ch\\\/c\\\/?s={search_term_string}\"},\"query-input\":{\"@type\":\"PropertyValueSpecification\",\"valueRequired\":true,\"valueName\":\"search_term_string\"}}],\"inLanguage\":\"fr-FR\"},{\"@type\":\"Organization\",\"@id\":\"https:\\\/\\\/www.immobilierlocal.ch\\\/c\\\/#organization\",\"name\":\"Immobilierlocal\",\"url\":\"https:\\\/\\\/www.immobilierlocal.ch\\\/c\\\/\",\"logo\":{\"@type\":\"ImageObject\",\"inLanguage\":\"fr-FR\",\"@id\":\"https:\\\/\\\/www.immobilierlocal.ch\\\/c\\\/#\\\/schema\\\/logo\\\/image\\\/\",\"url\":\"https:\\\/\\\/www.immobilierlocal.ch\\\/c\\\/wp-content\\\/uploads\\\/2023\\\/10\\\/logo-immobilierlocal-h.svg\",\"contentUrl\":\"https:\\\/\\\/www.immobilierlocal.ch\\\/c\\\/wp-content\\\/uploads\\\/2023\\\/10\\\/logo-immobilierlocal-h.svg\",\"caption\":\"Immobilierlocal\"},\"image\":{\"@id\":\"https:\\\/\\\/www.immobilierlocal.ch\\\/c\\\/#\\\/schema\\\/logo\\\/image\\\/\"}}]}<\/script>\n<!-- \/ Yoast SEO Premium plugin. -->","yoast_head_json":{"title":"Agence immobili\u00e8re \u00e0 Montreux : votre partenaire pour l'achat, la vente et la location de logements - Immobilierlocal","robots":{"index":"index","follow":"follow","max-snippet":"max-snippet:-1","max-image-preview":"max-image-preview:large","max-video-preview":"max-video-preview:-1"},"canonical":"https:\/\/www.immobilierlocal.ch\/c\/agence-immobiliere-a-montreux-votre-partenaire-pour-lachat-la-vente-et-la-location-de-logements\/","og_locale":"fr_FR","og_type":"article","og_title":"Agence immobili\u00e8re \u00e0 Montreux : votre partenaire pour l'achat, la vente et la location de logements","og_description":"Vous pr\u00e9voyez d&rsquo;acheter, de vendre une maison ou un studio \u00e0 Montreux ? \u00c0 Montreux, l&rsquo;entreprise Immobilierlocal propose des accompagnements personnalis\u00e9s. Implant\u00e9e au c\u0153ur de la ville, notre \u00e9quipe est disponible pour vous assister \u00e0 trouver ou vendre votre bien immobilier. \u00c0 Montreux, notre entreprise offre des prestations pour : l&rsquo;acquisition, la cession, la location [&hellip;]","og_url":"https:\/\/www.immobilierlocal.ch\/c\/agence-immobiliere-a-montreux-votre-partenaire-pour-lachat-la-vente-et-la-location-de-logements\/","og_site_name":"Immobilierlocal","article_modified_time":"2026-02-09T10:42:20+00:00","og_image":[{"width":1920,"height":300,"url":"https:\/\/www.immobilierlocal.ch\/c\/wp-content\/uploads\/2026\/02\/agence-immobiliere.jpg","type":"image\/jpeg"}],"twitter_card":"summary_large_image","twitter_misc":{"Dur\u00e9e de lecture estim\u00e9e":"3 minutes"},"schema":{"@context":"https:\/\/schema.org","@graph":[{"@type":"WebPage","@id":"https:\/\/www.immobilierlocal.ch\/c\/agence-immobiliere-a-montreux-votre-partenaire-pour-lachat-la-vente-et-la-location-de-logements\/","url":"https:\/\/www.immobilierlocal.ch\/c\/agence-immobiliere-a-montreux-votre-partenaire-pour-lachat-la-vente-et-la-location-de-logements\/","name":"Agence immobili\u00e8re \u00e0 Montreux : votre partenaire pour l'achat, la vente et la location de logements - Immobilierlocal","isPartOf":{"@id":"https:\/\/www.immobilierlocal.ch\/c\/#website"},"primaryImageOfPage":{"@id":"https:\/\/www.immobilierlocal.ch\/c\/agence-immobiliere-a-montreux-votre-partenaire-pour-lachat-la-vente-et-la-location-de-logements\/#primaryimage"},"image":{"@id":"https:\/\/www.immobilierlocal.ch\/c\/agence-immobiliere-a-montreux-votre-partenaire-pour-lachat-la-vente-et-la-location-de-logements\/#primaryimage"},"thumbnailUrl":"https:\/\/www.immobilierlocal.ch\/c\/wp-content\/uploads\/2026\/02\/agence-immobiliere.jpg","datePublished":"2024-04-16T15:07:06+00:00","dateModified":"2026-02-09T10:42:20+00:00","breadcrumb":{"@id":"https:\/\/www.immobilierlocal.ch\/c\/agence-immobiliere-a-montreux-votre-partenaire-pour-lachat-la-vente-et-la-location-de-logements\/#breadcrumb"},"inLanguage":"fr-FR","potentialAction":[{"@type":"ReadAction","target":["https:\/\/www.immobilierlocal.ch\/c\/agence-immobiliere-a-montreux-votre-partenaire-pour-lachat-la-vente-et-la-location-de-logements\/"]}]},{"@type":"ImageObject","inLanguage":"fr-FR","@id":"https:\/\/www.immobilierlocal.ch\/c\/agence-immobiliere-a-montreux-votre-partenaire-pour-lachat-la-vente-et-la-location-de-logements\/#primaryimage","url":"https:\/\/www.immobilierlocal.ch\/c\/wp-content\/uploads\/2026\/02\/agence-immobiliere.jpg","contentUrl":"https:\/\/www.immobilierlocal.ch\/c\/wp-content\/uploads\/2026\/02\/agence-immobiliere.jpg","width":1920,"height":300},{"@type":"BreadcrumbList","@id":"https:\/\/www.immobilierlocal.ch\/c\/agence-immobiliere-a-montreux-votre-partenaire-pour-lachat-la-vente-et-la-location-de-logements\/#breadcrumb","itemListElement":[{"@type":"ListItem","position":1,"name":"Accueil","item":"https:\/\/www.immobilierlocal.ch\/c\/"},{"@type":"ListItem","position":2,"name":"Agence immobili\u00e8re dans le canton de Vaud","item":"https:\/\/www.immobilierlocal.ch\/c\/agence-immobiliere-dans-le-canton-de-vaud-expert-en-ventes-et-locations-immobilieres\/"},{"@type":"ListItem","position":3,"name":"Agences immobili\u00e8res","item":"https:\/\/www.immobilierlocal.ch\/agences"},{"@type":"ListItem","position":4,"name":"Agence immobili\u00e8re \u00e0 Montreux"}]},{"@type":"WebSite","@id":"https:\/\/www.immobilierlocal.ch\/c\/#website","url":"https:\/\/www.immobilierlocal.ch\/c\/","name":"Immobilierlocal","description":"","publisher":{"@id":"https:\/\/www.immobilierlocal.ch\/c\/#organization"},"potentialAction":[{"@type":"SearchAction","target":{"@type":"EntryPoint","urlTemplate":"https:\/\/www.immobilierlocal.ch\/c\/?s={search_term_string}"},"query-input":{"@type":"PropertyValueSpecification","valueRequired":true,"valueName":"search_term_string"}}],"inLanguage":"fr-FR"},{"@type":"Organization","@id":"https:\/\/www.immobilierlocal.ch\/c\/#organization","name":"Immobilierlocal","url":"https:\/\/www.immobilierlocal.ch\/c\/","logo":{"@type":"ImageObject","inLanguage":"fr-FR","@id":"https:\/\/www.immobilierlocal.ch\/c\/#\/schema\/logo\/image\/","url":"https:\/\/www.immobilierlocal.ch\/c\/wp-content\/uploads\/2023\/10\/logo-immobilierlocal-h.svg","contentUrl":"https:\/\/www.immobilierlocal.ch\/c\/wp-content\/uploads\/2023\/10\/logo-immobilierlocal-h.svg","caption":"Immobilierlocal"},"image":{"@id":"https:\/\/www.immobilierlocal.ch\/c\/#\/schema\/logo\/image\/"}}]}},"_links":{"self":[{"href":"https:\/\/www.immobilierlocal.ch\/c\/wp-json\/wp\/v2\/pages\/2328","targetHints":{"allow":["GET"]}}],"collection":[{"href":"https:\/\/www.immobilierlocal.ch\/c\/wp-json\/wp\/v2\/pages"}],"about":[{"href":"https:\/\/www.immobilierlocal.ch\/c\/wp-json\/wp\/v2\/types\/page"}],"author":[{"embeddable":true,"href":"https:\/\/www.immobilierlocal.ch\/c\/wp-json\/wp\/v2\/users\/3"}],"replies":[{"embeddable":true,"href":"https:\/\/www.immobilierlocal.ch\/c\/wp-json\/wp\/v2\/comments?post=2328"}],"version-history":[{"count":0,"href":"https:\/\/www.immobilierlocal.ch\/c\/wp-json\/wp\/v2\/pages\/2328\/revisions"}],"wp:featuredmedia":[{"embeddable":true,"href":"https:\/\/www.immobilierlocal.ch\/c\/wp-json\/wp\/v2\/media\/2768"}],"wp:attachment":[{"href":"https:\/\/www.immobilierlocal.ch\/c\/wp-json\/wp\/v2\/media?parent=2328"}],"wp:term":[{"taxonomy":"category","embeddable":true,"href":"https:\/\/www.immobilierlocal.ch\/c\/wp-json\/wp\/v2\/categories?post=2328"},{"taxonomy":"profession","embeddable":true,"href":"https:\/\/www.immobilierlocal.ch\/c\/wp-json\/wp\/v2\/profession?post=2328"},{"taxonomy":"location","embeddable":true,"href":"https:\/\/www.immobilierlocal.ch\/c\/wp-json\/wp\/v2\/location?post=2328"},{"taxonomy":"canton","embeddable":true,"href":"https:\/\/www.immobilierlocal.ch\/c\/wp-json\/wp\/v2\/canton?post=2328"}],"curies":[{"name":"wp","href":"https:\/\/api.w.org\/{rel}","templated":true}]}}