
{"id":2327,"date":"2024-04-16T17:07:03","date_gmt":"2024-04-16T15:07:03","guid":{"rendered":"https:\/\/www.immobilierlocal.ch\/c\/?page_id=2327"},"modified":"2026-02-09T11:42:23","modified_gmt":"2026-02-09T10:42:23","slug":"agence-immobiliere-a-mezieres-votre-partenaire-pour-la-location-lachat-et-la-vente-de-biens-immobiliers","status":"publish","type":"page","link":"https:\/\/www.immobilierlocal.ch\/c\/agence-immobiliere-a-mezieres-votre-partenaire-pour-la-location-lachat-et-la-vente-de-biens-immobiliers\/","title":{"rendered":"Agence immobili\u00e8re \u00e0 M\u00e9zi\u00e8res VD : votre partenaire pour la location, l&rsquo;achat et la vente de biens immobiliers"},"content":{"rendered":"<p>Envisagez-vous la vente, la location ou l&rsquo;acquisition d&rsquo;un logement ou d&rsquo;un studio localis\u00e9 \u00e0 M\u00e9zi\u00e8res VD ? Immobilierlocal est joignable pour vous guider dans votre projet. \u00c9tabli au c\u0153ur de la ville, nos commerciaux sont disponibles pour vous assister \u00e0 acqu\u00e9rir ou mettre sur le march\u00e9 votre bien. Notre agence immobili\u00e8re \u00e0 M\u00e9zi\u00e8res VD offre une large gamme de prestations : pour vendre, acheter votre r\u00e9sidence, ou votre studio, louer un appartement, acqu\u00e9rir des boutiques, des locaux professionnels, pour la g\u00e9rance de vos logements, pour de la location airbnb ou g\u00e9rer les immeubles en syndic de copropri\u00e9t\u00e9 et pour le financement de votre bien immobilier.<\/p>\n\n<div class=\"box\">\n    <h2 class=\"text-dark\">Nous cherchons un <em class=\"text-primary\">Agent immobilier<\/em> dans la r\u00e9gion de <em class=\"text-primary\">M\u00e9zi\u00e8res VD<\/em>  en exclusivit\u00e9, afin de proposer vos services \u00e0 nos clients propri\u00e9taires.<\/h2>\n    <p>Une opportunit\u00e9 unique pour booster votre activit\u00e9 \u00e0 <strong>M\u00e9zi\u00e8res VD<\/strong> et aux alentours dans votre domaine (Agent immobilier).<\/p>\n    <p>Nous travaillons en exclusivit\u00e9 avec qu'une soci\u00e9t\u00e9 par m\u00e9tier et par r\u00e9gion. <br>Votre entreprise est pr\u00e9sente sur tous les documents immobiliers. Afin d'\u00eatre mieux vu sur le net, vous \u00eates \u00e9galement visible sur nos deux sites et sur les pages de r\u00e9f\u00e9rencement de votre r\u00e9gion.<\/p>\n    <a href=\"\/contact\" class=\"wp-block-button__link has-accent-background-color has-text-align-center wp-element-button\">R\u00e9server<\/a>\n<\/div>\n<h2>Le march\u00e9 immobilier M\u00e9zi\u00e9rois s&rsquo;\u00e9tend en dehors de sa ville<\/h2>\n<p>R\u00e9cemment, les prix ont connu une hausse \u00e0 M\u00e9zi\u00e8res VD, en raison de multiples facteurs :<\/p>\n<ul>\n<li>Son lieu g\u00e9ographique,<\/li>\n<li>l&rsquo;attractivit\u00e9 \u00e9conomique,<\/li>\n<li>les conditions et l&rsquo;\u00e9tat de son environnement.<\/li>\n<\/ul>\n<p>Acheter un bien immobilier \u00e0 M\u00e9zi\u00e8res VD est aussi une valeur s\u00fbre, \u00e9tant donn\u00e9 que la demande d&rsquo;achats et de locations a connu une forte demande, conduisant une mont\u00e9e des prix.<\/p>\n<h3>Pour le co\u00fbt moyen par m\u00e8tre carr\u00e9 des biens \u00e0 M\u00e9zi\u00e8res VD<\/h3>\n<p class=\"estimates-price-immobilier\">Le march\u00e9 immobilier \u00e0 M\u00e9zi\u00e8res VD affiche un prix moyen de CHF 6'555 \/ m\u00b2 (prix par m\u00e8tre carr\u00e9). Les maisons et les appartements ont un prix moyen respectif de CHF 6'344 \/ m\u00b2 et de CHF 6'766 \/ m\u00b2.<\/p>\n<h3>Pour le loyer moyen des logements \u00e0 M\u00e9zi\u00e8res VD<\/h3>\n<p class=\"estimates-rent-average\">Les loyers moyens \u00e0 M\u00e9zi\u00e8res VD sont actuellement de CHF 1'807 pour les appartements, CHF 2'436 pour les maisons.<\/p>\n<p>La p\u00e9nurie de logements sur le march\u00e9 immobilier contraint les acheteurs \u00e0 \u00e9tendre leur prospection et \u00e0 se tourner vers des villes avoisinantes, telles que :<\/p>\nPeney-le-Jorat, Forel (Lavaux), Mollie-Margot, Savigny, Ferlens VD, Servion, Essertes, Les Cullayes, Montpreveyres, Corcelles-le-Jorat, Carrouge VD, Vulliens, Ropraz, Les Tavernes, Les Thioleyres, Pal\u00e9zieux, Pal\u00e9zieux-Village, Oron-le-Ch\u00e2tel, Chapelle (Gl\u00e2ne), Bussigny-sur-Oron, Chesalles-sur-Oron, Ch\u00e2tillens, Oron-la-Ville, Vuibroye, Le Cr\u00eat-pr\u00e8s-Semsales, Ecoteaux, Maracon.\n<h2>La position g\u00e9ographique de notre agence immobili\u00e8re \u00e0 M\u00e9zi\u00e8res VD<\/h2>\n<p>Localis\u00e9e \u00e0 M\u00e9zi\u00e8res VD notre agence op\u00e8re dans l&rsquo;ensemble des secteurs de la ville.<\/p>\n\n<h2>Pourquoi travailler avec Immobilierlocal ?<\/h2>\n<p>Immobilierlocal propose une vaste s\u00e9lection de services, tel que :<\/p>\n<ul>\n<li>La mise en ligne de vos annonces sur notre site web : pour vous permettre de toucher plus de monde.<\/li>\n<li>Un site internet en suisse et aussi pr\u00e9sent dans les pays francophones : notre site web est r\u00e9f\u00e9renc\u00e9 pour ressortir dans de nombreux moteurs de recherche francophones pour atteindre un maximum d\u2019acheteurs et de vendeurs.<\/li>\n<li>Mise en place d&rsquo;une strat\u00e9gie de vente sur mesure : chacun des biens r\u00e9f\u00e9renc\u00e9s sur notre site b\u00e9n\u00e9ficie d&rsquo;une strat\u00e9gie sur mesure.<\/li>\n<li>Estimation immobili\u00e8re en ligne : nous avons d\u00e9velopp\u00e9 une application web pour d\u00e9terminer les prix de vente des habitations \u00e0 M\u00e9zi\u00e8res VD.<\/li>\n<li>Photos et vid\u00e9os : nous r\u00e9alisons la r\u00e9alisation des photos et des vid\u00e9os afin de mettre en valeur votre propri\u00e9t\u00e9.<\/li>\n<li>Empreinte \u00e9lectronique : nous proposons l&rsquo;option signature des actes par voie \u00e9lectronique pour vous simplifier la vie.<\/li>\n<li>Service de gestion locative courte dur\u00e9e : nous proposons aussi des prestations pour la gestion de location courte dur\u00e9e.<\/li>\n<li>Gestion de propri\u00e9t\u00e9s : nous proposons une garantie de loyers impay\u00e9s.<\/li>\n<\/ul>\n<h2>Une agence immobili\u00e8re compos\u00e9e d&rsquo;experts<\/h2>\n<p>Tous nos collaborateurs sont qualifi\u00e9s, qu&rsquo;ils soient : techniciens, commerciaux et administrateurs. Nos employ\u00e9s participent r\u00e9guli\u00e8rement \u00e0 des formations de perfectionnement. Chaque expert de notre \u00e9quipe poss\u00e8de une grande expertise dans le secteur de l&rsquo;immobilier. Cette exp\u00e9rience, nous permet d&rsquo;apporter le meilleur accompagnement \u00e0 nos clients, car votre satisfaction est notre priorit\u00e9.<\/p>\n<h2>D\u00e9terminer la valeur de votre bien \u00e0 M\u00e9zi\u00e8res VD<\/h2>\n<p>Si vous \u00eates un M\u00e9zi\u00e9rois, notre soci\u00e9t\u00e9 immobili\u00e8re r\u00e9alise des estimations immobili\u00e8res pr\u00e9cises de votre habitation en consid\u00e9rant les caract\u00e9ristiques de votre logement comme votre localisation. Immobilierlocal propose \u00e0 sa client\u00e8le, les solutions, comme : la gestion de vos logements locatifs, l&rsquo;achat, la vente, les placements immobiliers, la gestion des locations saisonni\u00e8res et la g\u00e9rance du syndic de copropri\u00e9t\u00e9.<\/p>\n<h2>Un accompagnement personnalis\u00e9<\/h2>\n<p>Nous sommes conscients que votre projet est unique, c&rsquo;est pour cela que nous proposons des services personnalis\u00e9s. Vous souhaitez acqu\u00e9rir, louer ou vendre une maison ou un studio dans la zone de M\u00e9zi\u00e8res VD ? Notre agence immobili\u00e8re vous guide du d\u00e9but \u00e0 la fin de votre projet immobilier. Nous avons un large r\u00e9seau de partenaires pour vous assister \u00e0 trouver la maison de vos d\u00e9sires dans la r\u00e9gion de M\u00e9zi\u00e8res VD.<\/p>\n<h2>Vous cherchez une entreprise immobili\u00e8re \u00e0 M\u00e9zi\u00e8res VD ?<\/h2>\n<p>Notre agence Immobilierlocal se trouve au c\u0153ur M\u00e9zi\u00e8res VD. Nos consultants vous accueillent et sont pr\u00eats \u00e0 vous assister dans votre projet. Notre entreprise est chevronn\u00e9e dans la vente, l&rsquo;acquisition et la gestion de propri\u00e9t\u00e9s.<\/p>\n","protected":false},"excerpt":{"rendered":"<p>Envisagez-vous la vente, la location ou l&rsquo;acquisition d&rsquo;un logement ou d&rsquo;un studio localis\u00e9 \u00e0 M\u00e9zi\u00e8res VD ? Immobilierlocal est joignable pour vous guider dans votre projet. \u00c9tabli au c\u0153ur de la ville, nos commerciaux sont disponibles pour vous assister \u00e0 acqu\u00e9rir ou mettre sur le march\u00e9 votre bien. Notre agence immobili\u00e8re \u00e0 M\u00e9zi\u00e8res VD offre [&hellip;]<\/p>\n","protected":false},"author":3,"featured_media":2768,"parent":0,"menu_order":0,"comment_status":"closed","ping_status":"closed","template":"wp-custom-template-page-agent","meta":{"footnotes":""},"categories":[89],"profession":[92],"location":[25],"canton":[79],"class_list":["post-2327","page","type-page","status-publish","has-post-thumbnail","hentry","category-agence","profession-agent-immobilier"],"yoast_head":"<!-- This site is optimized with the Yoast SEO Premium plugin v23.0 (Yoast SEO v27.3) - https:\/\/yoast.com\/product\/yoast-seo-premium-wordpress\/ -->\n<title>Agence immobili\u00e8re \u00e0 M\u00e9zi\u00e8res VD : votre partenaire pour la location, l&#039;achat et la vente de biens immobiliers - Immobilierlocal<\/title>\n<meta name=\"robots\" content=\"index, follow, max-snippet:-1, max-image-preview:large, max-video-preview:-1\" \/>\n<link rel=\"canonical\" href=\"https:\/\/www.immobilierlocal.ch\/c\/agence-immobiliere-a-mezieres-votre-partenaire-pour-la-location-lachat-et-la-vente-de-biens-immobiliers\/\" \/>\n<meta property=\"og:locale\" content=\"fr_FR\" \/>\n<meta property=\"og:type\" content=\"article\" \/>\n<meta property=\"og:title\" content=\"Agence immobili\u00e8re \u00e0 M\u00e9zi\u00e8res VD : votre partenaire pour la location, l&#039;achat et la vente de biens immobiliers\" \/>\n<meta property=\"og:description\" content=\"Envisagez-vous la vente, la location ou l&rsquo;acquisition d&rsquo;un logement ou d&rsquo;un studio localis\u00e9 \u00e0 M\u00e9zi\u00e8res VD ? Immobilierlocal est joignable pour vous guider dans votre projet. \u00c9tabli au c\u0153ur de la ville, nos commerciaux sont disponibles pour vous assister \u00e0 acqu\u00e9rir ou mettre sur le march\u00e9 votre bien. Notre agence immobili\u00e8re \u00e0 M\u00e9zi\u00e8res VD offre [&hellip;]\" \/>\n<meta property=\"og:url\" content=\"https:\/\/www.immobilierlocal.ch\/c\/agence-immobiliere-a-mezieres-votre-partenaire-pour-la-location-lachat-et-la-vente-de-biens-immobiliers\/\" \/>\n<meta property=\"og:site_name\" content=\"Immobilierlocal\" \/>\n<meta property=\"article:modified_time\" content=\"2026-02-09T10:42:23+00:00\" \/>\n<meta property=\"og:image\" content=\"https:\/\/www.immobilierlocal.ch\/c\/wp-content\/uploads\/2026\/02\/agence-immobiliere.jpg\" \/>\n\t<meta property=\"og:image:width\" content=\"1920\" \/>\n\t<meta property=\"og:image:height\" content=\"300\" \/>\n\t<meta property=\"og:image:type\" content=\"image\/jpeg\" \/>\n<meta name=\"twitter:card\" content=\"summary_large_image\" \/>\n<meta name=\"twitter:label1\" content=\"Dur\u00e9e de lecture estim\u00e9e\" \/>\n\t<meta name=\"twitter:data1\" content=\"4 minutes\" \/>\n<script type=\"application\/ld+json\" class=\"yoast-schema-graph\">{\"@context\":\"https:\\\/\\\/schema.org\",\"@graph\":[{\"@type\":\"WebPage\",\"@id\":\"https:\\\/\\\/www.immobilierlocal.ch\\\/c\\\/agence-immobiliere-a-mezieres-votre-partenaire-pour-la-location-lachat-et-la-vente-de-biens-immobiliers\\\/\",\"url\":\"https:\\\/\\\/www.immobilierlocal.ch\\\/c\\\/agence-immobiliere-a-mezieres-votre-partenaire-pour-la-location-lachat-et-la-vente-de-biens-immobiliers\\\/\",\"name\":\"Agence immobili\u00e8re \u00e0 M\u00e9zi\u00e8res VD : votre partenaire pour la location, l'achat et la vente de biens immobiliers - Immobilierlocal\",\"isPartOf\":{\"@id\":\"https:\\\/\\\/www.immobilierlocal.ch\\\/c\\\/#website\"},\"primaryImageOfPage\":{\"@id\":\"https:\\\/\\\/www.immobilierlocal.ch\\\/c\\\/agence-immobiliere-a-mezieres-votre-partenaire-pour-la-location-lachat-et-la-vente-de-biens-immobiliers\\\/#primaryimage\"},\"image\":{\"@id\":\"https:\\\/\\\/www.immobilierlocal.ch\\\/c\\\/agence-immobiliere-a-mezieres-votre-partenaire-pour-la-location-lachat-et-la-vente-de-biens-immobiliers\\\/#primaryimage\"},\"thumbnailUrl\":\"https:\\\/\\\/www.immobilierlocal.ch\\\/c\\\/wp-content\\\/uploads\\\/2026\\\/02\\\/agence-immobiliere.jpg\",\"datePublished\":\"2024-04-16T15:07:03+00:00\",\"dateModified\":\"2026-02-09T10:42:23+00:00\",\"breadcrumb\":{\"@id\":\"https:\\\/\\\/www.immobilierlocal.ch\\\/c\\\/agence-immobiliere-a-mezieres-votre-partenaire-pour-la-location-lachat-et-la-vente-de-biens-immobiliers\\\/#breadcrumb\"},\"inLanguage\":\"fr-FR\",\"potentialAction\":[{\"@type\":\"ReadAction\",\"target\":[\"https:\\\/\\\/www.immobilierlocal.ch\\\/c\\\/agence-immobiliere-a-mezieres-votre-partenaire-pour-la-location-lachat-et-la-vente-de-biens-immobiliers\\\/\"]}]},{\"@type\":\"ImageObject\",\"inLanguage\":\"fr-FR\",\"@id\":\"https:\\\/\\\/www.immobilierlocal.ch\\\/c\\\/agence-immobiliere-a-mezieres-votre-partenaire-pour-la-location-lachat-et-la-vente-de-biens-immobiliers\\\/#primaryimage\",\"url\":\"https:\\\/\\\/www.immobilierlocal.ch\\\/c\\\/wp-content\\\/uploads\\\/2026\\\/02\\\/agence-immobiliere.jpg\",\"contentUrl\":\"https:\\\/\\\/www.immobilierlocal.ch\\\/c\\\/wp-content\\\/uploads\\\/2026\\\/02\\\/agence-immobiliere.jpg\",\"width\":1920,\"height\":300},{\"@type\":\"BreadcrumbList\",\"@id\":\"https:\\\/\\\/www.immobilierlocal.ch\\\/c\\\/agence-immobiliere-a-mezieres-votre-partenaire-pour-la-location-lachat-et-la-vente-de-biens-immobiliers\\\/#breadcrumb\",\"itemListElement\":[{\"@type\":\"ListItem\",\"position\":1,\"name\":\"Accueil\",\"item\":\"https:\\\/\\\/www.immobilierlocal.ch\\\/c\\\/\"},{\"@type\":\"ListItem\",\"position\":2,\"name\":\"Agence immobili\u00e8re dans le canton de Vaud\",\"item\":\"https:\\\/\\\/www.immobilierlocal.ch\\\/c\\\/agence-immobiliere-dans-le-canton-de-vaud-expert-en-ventes-et-locations-immobilieres\\\/\"},{\"@type\":\"ListItem\",\"position\":3,\"name\":\"Agences immobili\u00e8res\",\"item\":\"https:\\\/\\\/www.immobilierlocal.ch\\\/agences\"},{\"@type\":\"ListItem\",\"position\":4,\"name\":\"Agence immobili\u00e8re \u00e0 M\u00e9zi\u00e8res\"}]},{\"@type\":\"WebSite\",\"@id\":\"https:\\\/\\\/www.immobilierlocal.ch\\\/c\\\/#website\",\"url\":\"https:\\\/\\\/www.immobilierlocal.ch\\\/c\\\/\",\"name\":\"Immobilierlocal\",\"description\":\"\",\"publisher\":{\"@id\":\"https:\\\/\\\/www.immobilierlocal.ch\\\/c\\\/#organization\"},\"potentialAction\":[{\"@type\":\"SearchAction\",\"target\":{\"@type\":\"EntryPoint\",\"urlTemplate\":\"https:\\\/\\\/www.immobilierlocal.ch\\\/c\\\/?s={search_term_string}\"},\"query-input\":{\"@type\":\"PropertyValueSpecification\",\"valueRequired\":true,\"valueName\":\"search_term_string\"}}],\"inLanguage\":\"fr-FR\"},{\"@type\":\"Organization\",\"@id\":\"https:\\\/\\\/www.immobilierlocal.ch\\\/c\\\/#organization\",\"name\":\"Immobilierlocal\",\"url\":\"https:\\\/\\\/www.immobilierlocal.ch\\\/c\\\/\",\"logo\":{\"@type\":\"ImageObject\",\"inLanguage\":\"fr-FR\",\"@id\":\"https:\\\/\\\/www.immobilierlocal.ch\\\/c\\\/#\\\/schema\\\/logo\\\/image\\\/\",\"url\":\"https:\\\/\\\/www.immobilierlocal.ch\\\/c\\\/wp-content\\\/uploads\\\/2023\\\/10\\\/logo-immobilierlocal-h.svg\",\"contentUrl\":\"https:\\\/\\\/www.immobilierlocal.ch\\\/c\\\/wp-content\\\/uploads\\\/2023\\\/10\\\/logo-immobilierlocal-h.svg\",\"caption\":\"Immobilierlocal\"},\"image\":{\"@id\":\"https:\\\/\\\/www.immobilierlocal.ch\\\/c\\\/#\\\/schema\\\/logo\\\/image\\\/\"}}]}<\/script>\n<!-- \/ Yoast SEO Premium plugin. -->","yoast_head_json":{"title":"Agence immobili\u00e8re \u00e0 M\u00e9zi\u00e8res VD : votre partenaire pour la location, l'achat et la vente de biens immobiliers - Immobilierlocal","robots":{"index":"index","follow":"follow","max-snippet":"max-snippet:-1","max-image-preview":"max-image-preview:large","max-video-preview":"max-video-preview:-1"},"canonical":"https:\/\/www.immobilierlocal.ch\/c\/agence-immobiliere-a-mezieres-votre-partenaire-pour-la-location-lachat-et-la-vente-de-biens-immobiliers\/","og_locale":"fr_FR","og_type":"article","og_title":"Agence immobili\u00e8re \u00e0 M\u00e9zi\u00e8res VD : votre partenaire pour la location, l'achat et la vente de biens immobiliers","og_description":"Envisagez-vous la vente, la location ou l&rsquo;acquisition d&rsquo;un logement ou d&rsquo;un studio localis\u00e9 \u00e0 M\u00e9zi\u00e8res VD ? Immobilierlocal est joignable pour vous guider dans votre projet. \u00c9tabli au c\u0153ur de la ville, nos commerciaux sont disponibles pour vous assister \u00e0 acqu\u00e9rir ou mettre sur le march\u00e9 votre bien. Notre agence immobili\u00e8re \u00e0 M\u00e9zi\u00e8res VD offre [&hellip;]","og_url":"https:\/\/www.immobilierlocal.ch\/c\/agence-immobiliere-a-mezieres-votre-partenaire-pour-la-location-lachat-et-la-vente-de-biens-immobiliers\/","og_site_name":"Immobilierlocal","article_modified_time":"2026-02-09T10:42:23+00:00","og_image":[{"width":1920,"height":300,"url":"https:\/\/www.immobilierlocal.ch\/c\/wp-content\/uploads\/2026\/02\/agence-immobiliere.jpg","type":"image\/jpeg"}],"twitter_card":"summary_large_image","twitter_misc":{"Dur\u00e9e de lecture estim\u00e9e":"4 minutes"},"schema":{"@context":"https:\/\/schema.org","@graph":[{"@type":"WebPage","@id":"https:\/\/www.immobilierlocal.ch\/c\/agence-immobiliere-a-mezieres-votre-partenaire-pour-la-location-lachat-et-la-vente-de-biens-immobiliers\/","url":"https:\/\/www.immobilierlocal.ch\/c\/agence-immobiliere-a-mezieres-votre-partenaire-pour-la-location-lachat-et-la-vente-de-biens-immobiliers\/","name":"Agence immobili\u00e8re \u00e0 M\u00e9zi\u00e8res VD : votre partenaire pour la location, l'achat et la vente de biens immobiliers - Immobilierlocal","isPartOf":{"@id":"https:\/\/www.immobilierlocal.ch\/c\/#website"},"primaryImageOfPage":{"@id":"https:\/\/www.immobilierlocal.ch\/c\/agence-immobiliere-a-mezieres-votre-partenaire-pour-la-location-lachat-et-la-vente-de-biens-immobiliers\/#primaryimage"},"image":{"@id":"https:\/\/www.immobilierlocal.ch\/c\/agence-immobiliere-a-mezieres-votre-partenaire-pour-la-location-lachat-et-la-vente-de-biens-immobiliers\/#primaryimage"},"thumbnailUrl":"https:\/\/www.immobilierlocal.ch\/c\/wp-content\/uploads\/2026\/02\/agence-immobiliere.jpg","datePublished":"2024-04-16T15:07:03+00:00","dateModified":"2026-02-09T10:42:23+00:00","breadcrumb":{"@id":"https:\/\/www.immobilierlocal.ch\/c\/agence-immobiliere-a-mezieres-votre-partenaire-pour-la-location-lachat-et-la-vente-de-biens-immobiliers\/#breadcrumb"},"inLanguage":"fr-FR","potentialAction":[{"@type":"ReadAction","target":["https:\/\/www.immobilierlocal.ch\/c\/agence-immobiliere-a-mezieres-votre-partenaire-pour-la-location-lachat-et-la-vente-de-biens-immobiliers\/"]}]},{"@type":"ImageObject","inLanguage":"fr-FR","@id":"https:\/\/www.immobilierlocal.ch\/c\/agence-immobiliere-a-mezieres-votre-partenaire-pour-la-location-lachat-et-la-vente-de-biens-immobiliers\/#primaryimage","url":"https:\/\/www.immobilierlocal.ch\/c\/wp-content\/uploads\/2026\/02\/agence-immobiliere.jpg","contentUrl":"https:\/\/www.immobilierlocal.ch\/c\/wp-content\/uploads\/2026\/02\/agence-immobiliere.jpg","width":1920,"height":300},{"@type":"BreadcrumbList","@id":"https:\/\/www.immobilierlocal.ch\/c\/agence-immobiliere-a-mezieres-votre-partenaire-pour-la-location-lachat-et-la-vente-de-biens-immobiliers\/#breadcrumb","itemListElement":[{"@type":"ListItem","position":1,"name":"Accueil","item":"https:\/\/www.immobilierlocal.ch\/c\/"},{"@type":"ListItem","position":2,"name":"Agence immobili\u00e8re dans le canton de Vaud","item":"https:\/\/www.immobilierlocal.ch\/c\/agence-immobiliere-dans-le-canton-de-vaud-expert-en-ventes-et-locations-immobilieres\/"},{"@type":"ListItem","position":3,"name":"Agences immobili\u00e8res","item":"https:\/\/www.immobilierlocal.ch\/agences"},{"@type":"ListItem","position":4,"name":"Agence immobili\u00e8re \u00e0 M\u00e9zi\u00e8res"}]},{"@type":"WebSite","@id":"https:\/\/www.immobilierlocal.ch\/c\/#website","url":"https:\/\/www.immobilierlocal.ch\/c\/","name":"Immobilierlocal","description":"","publisher":{"@id":"https:\/\/www.immobilierlocal.ch\/c\/#organization"},"potentialAction":[{"@type":"SearchAction","target":{"@type":"EntryPoint","urlTemplate":"https:\/\/www.immobilierlocal.ch\/c\/?s={search_term_string}"},"query-input":{"@type":"PropertyValueSpecification","valueRequired":true,"valueName":"search_term_string"}}],"inLanguage":"fr-FR"},{"@type":"Organization","@id":"https:\/\/www.immobilierlocal.ch\/c\/#organization","name":"Immobilierlocal","url":"https:\/\/www.immobilierlocal.ch\/c\/","logo":{"@type":"ImageObject","inLanguage":"fr-FR","@id":"https:\/\/www.immobilierlocal.ch\/c\/#\/schema\/logo\/image\/","url":"https:\/\/www.immobilierlocal.ch\/c\/wp-content\/uploads\/2023\/10\/logo-immobilierlocal-h.svg","contentUrl":"https:\/\/www.immobilierlocal.ch\/c\/wp-content\/uploads\/2023\/10\/logo-immobilierlocal-h.svg","caption":"Immobilierlocal"},"image":{"@id":"https:\/\/www.immobilierlocal.ch\/c\/#\/schema\/logo\/image\/"}}]}},"_links":{"self":[{"href":"https:\/\/www.immobilierlocal.ch\/c\/wp-json\/wp\/v2\/pages\/2327","targetHints":{"allow":["GET"]}}],"collection":[{"href":"https:\/\/www.immobilierlocal.ch\/c\/wp-json\/wp\/v2\/pages"}],"about":[{"href":"https:\/\/www.immobilierlocal.ch\/c\/wp-json\/wp\/v2\/types\/page"}],"author":[{"embeddable":true,"href":"https:\/\/www.immobilierlocal.ch\/c\/wp-json\/wp\/v2\/users\/3"}],"replies":[{"embeddable":true,"href":"https:\/\/www.immobilierlocal.ch\/c\/wp-json\/wp\/v2\/comments?post=2327"}],"version-history":[{"count":0,"href":"https:\/\/www.immobilierlocal.ch\/c\/wp-json\/wp\/v2\/pages\/2327\/revisions"}],"wp:featuredmedia":[{"embeddable":true,"href":"https:\/\/www.immobilierlocal.ch\/c\/wp-json\/wp\/v2\/media\/2768"}],"wp:attachment":[{"href":"https:\/\/www.immobilierlocal.ch\/c\/wp-json\/wp\/v2\/media?parent=2327"}],"wp:term":[{"taxonomy":"category","embeddable":true,"href":"https:\/\/www.immobilierlocal.ch\/c\/wp-json\/wp\/v2\/categories?post=2327"},{"taxonomy":"profession","embeddable":true,"href":"https:\/\/www.immobilierlocal.ch\/c\/wp-json\/wp\/v2\/profession?post=2327"},{"taxonomy":"location","embeddable":true,"href":"https:\/\/www.immobilierlocal.ch\/c\/wp-json\/wp\/v2\/location?post=2327"},{"taxonomy":"canton","embeddable":true,"href":"https:\/\/www.immobilierlocal.ch\/c\/wp-json\/wp\/v2\/canton?post=2327"}],"curies":[{"name":"wp","href":"https:\/\/api.w.org\/{rel}","templated":true}]}}