
{"id":2326,"date":"2024-04-16T17:07:14","date_gmt":"2024-04-16T15:07:14","guid":{"rendered":"https:\/\/www.immobilierlocal.ch\/c\/?page_id=2326"},"modified":"2026-02-09T11:42:13","modified_gmt":"2026-02-09T10:42:13","slug":"agence-immobiliere-a-renens-expert-en-ventes-et-locations-de-biens-immobiliers","status":"publish","type":"page","link":"https:\/\/www.immobilierlocal.ch\/c\/agence-immobiliere-a-renens-expert-en-ventes-et-locations-de-biens-immobiliers\/","title":{"rendered":"Agence immobili\u00e8re \u00e0 Renens VD : expert en ventes et locations de biens immobiliers"},"content":{"rendered":"<p>Vous pr\u00e9voyez d&rsquo;acheter, de vendre une habitation ou un appartement \u00e0 Renens VD ? \u00c0 Renens VD, l&rsquo;entreprise Immobilierlocal offre des accompagnements individualis\u00e9s. \u00c9tabli au centre de la ville, nos commerciaux sont disponibles pour vous aider \u00e0 trouver ou mettre sur le march\u00e9 votre logement. Notre agence immobili\u00e8re \u00e0 Renens VD propose une large gamme de services : pour vendre, acheter votre maison, ou votre appartement, pour trouver un studio \u00e0 louer, acqu\u00e9rir des boutiques, des bureaux, pour la g\u00e9rance de vos logements, pour de la location d&rsquo;immobilier de courte dur\u00e9e ou g\u00e9rer les immeubles en syndic de copropri\u00e9t\u00e9 et pour les solutions de financement de votre bien immobilier.<\/p>\n\n<div class=\"box\">\n    <h2 class=\"text-dark\">Nous cherchons un <em class=\"text-primary\">Agent immobilier<\/em> dans la r\u00e9gion de <em class=\"text-primary\">Renens VD<\/em>  en exclusivit\u00e9, afin de proposer vos services \u00e0 nos clients propri\u00e9taires.<\/h2>\n    <p>Une opportunit\u00e9 unique pour booster votre activit\u00e9 \u00e0 <strong>Renens VD<\/strong> et aux alentours dans votre domaine (Agent immobilier).<\/p>\n    <p>Nous travaillons en exclusivit\u00e9 avec qu'une soci\u00e9t\u00e9 par m\u00e9tier et par r\u00e9gion. <br>Votre entreprise est pr\u00e9sente sur tous les documents immobiliers. Afin d'\u00eatre mieux vu sur le net, vous \u00eates \u00e9galement visible sur nos deux sites et sur les pages de r\u00e9f\u00e9rencement de votre r\u00e9gion.<\/p>\n    <a href=\"\/contact\" class=\"wp-block-button__link has-accent-background-color has-text-align-center wp-element-button\">R\u00e9server<\/a>\n<\/div>\n<h2>Le march\u00e9 immobilier Renanais s\u2019\u00e9tend au-del\u00e0 de sa localit\u00e9<\/h2>\n<p>Ces derni\u00e8res ann\u00e9es, les tarifs ont grimp\u00e9 rapidement \u00e0 Renens VD, pour plusieurs raisons :<\/p>\n<ul>\n<li>Sa position g\u00e9ographique,<\/li>\n<li>le secteur de l&#8217;emploi,<\/li>\n<li>la qualit\u00e9 de son lieu de vie.<\/li>\n<\/ul>\n<p>Acheter un bien \u00e0 Renens VD est aussi un investissement s\u00fbr, parce que la demande d&rsquo;achats et de locations a connu une hausse significative, cr\u00e9ant une pouss\u00e9e des prix.<\/p>\n<h3>Pour le prix immobilier moyen au m\u00b2 \u00e0 Renens VD<\/h3>\n<p class=\"estimates-price-immobilier\">Le march\u00e9 immobilier \u00e0 Renens VD affiche un prix moyen de CHF 9'448 \/ m\u00b2 (prix par m\u00e8tre carr\u00e9). Les maisons et les appartements ont un prix moyen respectif de CHF 8'501 \/ m\u00b2 et de CHF 10'395 \/ m\u00b2.<\/p>\n<h3>Pour le loyer moyen des logements \u00e0 Renens VD<\/h3>\n<p class=\"estimates-rent-average\">Les loyers moyens \u00e0 Renens VD sont actuellement de CHF 2'779 pour les appartements, CHF 3'170 pour les maisons.<\/p>\n<p>La raret\u00e9 des biens disponibles \u00e0 la vente conduis de plus en plus d&rsquo;acqu\u00e9reurs \u00e0 se d\u00e9tourner de Renens VD et \u00e0 cibler des villes proches, comme :<\/p>\nJouxtens-M\u00e9zery, Prilly, Crissier.\n<h2>La localisation de notre agence immobili\u00e8re \u00e0 Renens VD<\/h2>\n<p>Implant\u00e9e \u00e0 Renens VD notre agence immobili\u00e8re op\u00e8re dans l&rsquo;ensemble des lieus de la ville.<\/p>\n\n<h2>Pourquoi choisir Immobilierlocal ?<\/h2>\n<p>Immobilierlocal fournis une vaste s\u00e9lection de prestations, tel que :<\/p>\n<ul>\n<li>La mise en ligne de votre annonce sur notre site : pour vous permettre d&rsquo;atteindre davantage de monde.<\/li>\n<li>Une vitrine sur l&rsquo;internet suisse : notre site web se positionne sur des moteurs de recherches francophones afin d\u2019atteindre plus d\u2019acheteurs et de vendeurs.<\/li>\n<li>Mise en place d\u2019un plan de commercialisation : chacun des biens r\u00e9f\u00e9renc\u00e9s sur notre site profite d&rsquo;un plan de commercialisation personnalis\u00e9.<\/li>\n<li>Estimation des prix : nous avons fabriqu\u00e9 des applications en ligne pour d\u00e9terminer les tarifs des habitations.<\/li>\n<li>Photographies et vid\u00e9os : nous r\u00e9alisons la prise des photos et des vid\u00e9os afin de mettre en valeur votre habitation.<\/li>\n<li>Signature \u00e9lectronique : nous proposons l&rsquo;option signature des documents par voie \u00e9lectronique pour vous faciliter la vie.<\/li>\n<li>Service de gestion locative courte dur\u00e9e : nous proposons aussi un service de gestion de location airbnb.<\/li>\n<li>Services de gestion locative : nous offrons une protection pour le non-paiement des loyers impay\u00e9s.<\/li>\n<\/ul>\n<h2>Une agence immobili\u00e8re qui regroupe des professionnels<\/h2>\n<p>Les conseillers de notre agence sont qualifi\u00e9s, qu&rsquo;il s&rsquo;agisse de conseillers commerciaux ou de managers. Nos collaborateurs participent fr\u00e9quemment a des mont\u00e9es en comp\u00e9tences. Chaque expert de notre entreprise poss\u00e8de une grande expertise dans le domaine de l&rsquo;immobilier. L&rsquo;exp\u00e9rience obtenue nous permet d&rsquo;accompagner au maximum nos clients.<\/p>\n<h2>Obtenez une estimation pour le prix de votre logement \u00e0 Renens VD<\/h2>\n<p>Si vous \u00eates un Renanais, notre agence r\u00e9alise des \u00e9valuations pouss\u00e9es de votre maison en tenant compte des sp\u00e9cificit\u00e9s de votre domicile comme votre secteur. Immobilierlocal offre \u00e0 ses clients, les solutions, comme : l&rsquo;administration de vos biens locatifs, la vente, l&rsquo;achat, les placements immobiliers, la g\u00e9rance des locations saisonni\u00e8res et la g\u00e9rance du syndic.<\/p>\n<h2>Un accompagnement personnalis\u00e9<\/h2>\n<p>Nous sommes bien conscients que votre projet est adapt\u00e9 \u00e0 votre situation et vos besoins, c&rsquo;est pour cela que nous vous proposons des services personnalis\u00e9s. Vous souhaitez acheter, louer ou vendre une maison ou un appartement dans la r\u00e9gion de Renens VD ? Notre \u00e9quipe d&rsquo;experts vous accompagne du premier instant aux derni\u00e8res finalisations de votre projet. Nous avons un large r\u00e9seau de contacts pour vous assister \u00e0 acqu\u00e9rir l&rsquo;habitation de vos r\u00eaves \u00e0 Renens VD.<\/p>\n<h2>Vous avez besoin d&rsquo;une agence immobili\u00e8re \u00e0 Renens VD ?<\/h2>\n<p>Notre agence Immobilierlocal se trouve au c\u0153ur Renens VD. Nous vous accueillerons dans notre entreprise, pr\u00eats \u00e0 vous \u00e9couter et \u00e0 r\u00e9aliser vos projets immobiliers. Notre entreprise est exp\u00e9riment\u00e9e dans l&rsquo;acquisition, la vente et la gestion de propri\u00e9t\u00e9s.<\/p>\n","protected":false},"excerpt":{"rendered":"<p>Vous pr\u00e9voyez d&rsquo;acheter, de vendre une habitation ou un appartement \u00e0 Renens VD ? \u00c0 Renens VD, l&rsquo;entreprise Immobilierlocal offre des accompagnements individualis\u00e9s. \u00c9tabli au centre de la ville, nos commerciaux sont disponibles pour vous aider \u00e0 trouver ou mettre sur le march\u00e9 votre logement. Notre agence immobili\u00e8re \u00e0 Renens VD propose une large gamme [&hellip;]<\/p>\n","protected":false},"author":3,"featured_media":2768,"parent":0,"menu_order":0,"comment_status":"closed","ping_status":"closed","template":"wp-custom-template-page-agent","meta":{"footnotes":""},"categories":[89],"profession":[92],"location":[24],"canton":[79],"class_list":["post-2326","page","type-page","status-publish","has-post-thumbnail","hentry","category-agence","profession-agent-immobilier"],"yoast_head":"<!-- This site is optimized with the Yoast SEO Premium plugin v23.0 (Yoast SEO v27.3) - https:\/\/yoast.com\/product\/yoast-seo-premium-wordpress\/ -->\n<title>Agence immobili\u00e8re \u00e0 Renens VD : expert en ventes et locations de biens immobiliers - Immobilierlocal<\/title>\n<meta name=\"robots\" content=\"index, follow, max-snippet:-1, max-image-preview:large, max-video-preview:-1\" \/>\n<link rel=\"canonical\" href=\"https:\/\/www.immobilierlocal.ch\/c\/agence-immobiliere-a-renens-expert-en-ventes-et-locations-de-biens-immobiliers\/\" \/>\n<meta property=\"og:locale\" content=\"fr_FR\" \/>\n<meta property=\"og:type\" content=\"article\" \/>\n<meta property=\"og:title\" content=\"Agence immobili\u00e8re \u00e0 Renens VD : expert en ventes et locations de biens immobiliers\" \/>\n<meta property=\"og:description\" content=\"Vous pr\u00e9voyez d&rsquo;acheter, de vendre une habitation ou un appartement \u00e0 Renens VD ? \u00c0 Renens VD, l&rsquo;entreprise Immobilierlocal offre des accompagnements individualis\u00e9s. \u00c9tabli au centre de la ville, nos commerciaux sont disponibles pour vous aider \u00e0 trouver ou mettre sur le march\u00e9 votre logement. Notre agence immobili\u00e8re \u00e0 Renens VD propose une large gamme [&hellip;]\" \/>\n<meta property=\"og:url\" content=\"https:\/\/www.immobilierlocal.ch\/c\/agence-immobiliere-a-renens-expert-en-ventes-et-locations-de-biens-immobiliers\/\" \/>\n<meta property=\"og:site_name\" content=\"Immobilierlocal\" \/>\n<meta property=\"article:modified_time\" content=\"2026-02-09T10:42:13+00:00\" \/>\n<meta property=\"og:image\" content=\"https:\/\/www.immobilierlocal.ch\/c\/wp-content\/uploads\/2026\/02\/agence-immobiliere.jpg\" \/>\n\t<meta property=\"og:image:width\" content=\"1920\" \/>\n\t<meta property=\"og:image:height\" content=\"300\" \/>\n\t<meta property=\"og:image:type\" content=\"image\/jpeg\" \/>\n<meta name=\"twitter:card\" content=\"summary_large_image\" \/>\n<meta name=\"twitter:label1\" content=\"Dur\u00e9e de lecture estim\u00e9e\" \/>\n\t<meta name=\"twitter:data1\" content=\"3 minutes\" \/>\n<script type=\"application\/ld+json\" class=\"yoast-schema-graph\">{\"@context\":\"https:\\\/\\\/schema.org\",\"@graph\":[{\"@type\":\"WebPage\",\"@id\":\"https:\\\/\\\/www.immobilierlocal.ch\\\/c\\\/agence-immobiliere-a-renens-expert-en-ventes-et-locations-de-biens-immobiliers\\\/\",\"url\":\"https:\\\/\\\/www.immobilierlocal.ch\\\/c\\\/agence-immobiliere-a-renens-expert-en-ventes-et-locations-de-biens-immobiliers\\\/\",\"name\":\"Agence immobili\u00e8re \u00e0 Renens VD : expert en ventes et locations de biens immobiliers - Immobilierlocal\",\"isPartOf\":{\"@id\":\"https:\\\/\\\/www.immobilierlocal.ch\\\/c\\\/#website\"},\"primaryImageOfPage\":{\"@id\":\"https:\\\/\\\/www.immobilierlocal.ch\\\/c\\\/agence-immobiliere-a-renens-expert-en-ventes-et-locations-de-biens-immobiliers\\\/#primaryimage\"},\"image\":{\"@id\":\"https:\\\/\\\/www.immobilierlocal.ch\\\/c\\\/agence-immobiliere-a-renens-expert-en-ventes-et-locations-de-biens-immobiliers\\\/#primaryimage\"},\"thumbnailUrl\":\"https:\\\/\\\/www.immobilierlocal.ch\\\/c\\\/wp-content\\\/uploads\\\/2026\\\/02\\\/agence-immobiliere.jpg\",\"datePublished\":\"2024-04-16T15:07:14+00:00\",\"dateModified\":\"2026-02-09T10:42:13+00:00\",\"breadcrumb\":{\"@id\":\"https:\\\/\\\/www.immobilierlocal.ch\\\/c\\\/agence-immobiliere-a-renens-expert-en-ventes-et-locations-de-biens-immobiliers\\\/#breadcrumb\"},\"inLanguage\":\"fr-FR\",\"potentialAction\":[{\"@type\":\"ReadAction\",\"target\":[\"https:\\\/\\\/www.immobilierlocal.ch\\\/c\\\/agence-immobiliere-a-renens-expert-en-ventes-et-locations-de-biens-immobiliers\\\/\"]}]},{\"@type\":\"ImageObject\",\"inLanguage\":\"fr-FR\",\"@id\":\"https:\\\/\\\/www.immobilierlocal.ch\\\/c\\\/agence-immobiliere-a-renens-expert-en-ventes-et-locations-de-biens-immobiliers\\\/#primaryimage\",\"url\":\"https:\\\/\\\/www.immobilierlocal.ch\\\/c\\\/wp-content\\\/uploads\\\/2026\\\/02\\\/agence-immobiliere.jpg\",\"contentUrl\":\"https:\\\/\\\/www.immobilierlocal.ch\\\/c\\\/wp-content\\\/uploads\\\/2026\\\/02\\\/agence-immobiliere.jpg\",\"width\":1920,\"height\":300},{\"@type\":\"BreadcrumbList\",\"@id\":\"https:\\\/\\\/www.immobilierlocal.ch\\\/c\\\/agence-immobiliere-a-renens-expert-en-ventes-et-locations-de-biens-immobiliers\\\/#breadcrumb\",\"itemListElement\":[{\"@type\":\"ListItem\",\"position\":1,\"name\":\"Accueil\",\"item\":\"https:\\\/\\\/www.immobilierlocal.ch\\\/c\\\/\"},{\"@type\":\"ListItem\",\"position\":2,\"name\":\"Agence immobili\u00e8re dans le canton de Vaud\",\"item\":\"https:\\\/\\\/www.immobilierlocal.ch\\\/c\\\/agence-immobiliere-dans-le-canton-de-vaud-expert-en-ventes-et-locations-immobilieres\\\/\"},{\"@type\":\"ListItem\",\"position\":3,\"name\":\"Agences immobili\u00e8res\",\"item\":\"https:\\\/\\\/www.immobilierlocal.ch\\\/agences\"},{\"@type\":\"ListItem\",\"position\":4,\"name\":\"Agence immobili\u00e8re \u00e0 Renens\"}]},{\"@type\":\"WebSite\",\"@id\":\"https:\\\/\\\/www.immobilierlocal.ch\\\/c\\\/#website\",\"url\":\"https:\\\/\\\/www.immobilierlocal.ch\\\/c\\\/\",\"name\":\"Immobilierlocal\",\"description\":\"\",\"publisher\":{\"@id\":\"https:\\\/\\\/www.immobilierlocal.ch\\\/c\\\/#organization\"},\"potentialAction\":[{\"@type\":\"SearchAction\",\"target\":{\"@type\":\"EntryPoint\",\"urlTemplate\":\"https:\\\/\\\/www.immobilierlocal.ch\\\/c\\\/?s={search_term_string}\"},\"query-input\":{\"@type\":\"PropertyValueSpecification\",\"valueRequired\":true,\"valueName\":\"search_term_string\"}}],\"inLanguage\":\"fr-FR\"},{\"@type\":\"Organization\",\"@id\":\"https:\\\/\\\/www.immobilierlocal.ch\\\/c\\\/#organization\",\"name\":\"Immobilierlocal\",\"url\":\"https:\\\/\\\/www.immobilierlocal.ch\\\/c\\\/\",\"logo\":{\"@type\":\"ImageObject\",\"inLanguage\":\"fr-FR\",\"@id\":\"https:\\\/\\\/www.immobilierlocal.ch\\\/c\\\/#\\\/schema\\\/logo\\\/image\\\/\",\"url\":\"https:\\\/\\\/www.immobilierlocal.ch\\\/c\\\/wp-content\\\/uploads\\\/2023\\\/10\\\/logo-immobilierlocal-h.svg\",\"contentUrl\":\"https:\\\/\\\/www.immobilierlocal.ch\\\/c\\\/wp-content\\\/uploads\\\/2023\\\/10\\\/logo-immobilierlocal-h.svg\",\"caption\":\"Immobilierlocal\"},\"image\":{\"@id\":\"https:\\\/\\\/www.immobilierlocal.ch\\\/c\\\/#\\\/schema\\\/logo\\\/image\\\/\"}}]}<\/script>\n<!-- \/ Yoast SEO Premium plugin. -->","yoast_head_json":{"title":"Agence immobili\u00e8re \u00e0 Renens VD : expert en ventes et locations de biens immobiliers - Immobilierlocal","robots":{"index":"index","follow":"follow","max-snippet":"max-snippet:-1","max-image-preview":"max-image-preview:large","max-video-preview":"max-video-preview:-1"},"canonical":"https:\/\/www.immobilierlocal.ch\/c\/agence-immobiliere-a-renens-expert-en-ventes-et-locations-de-biens-immobiliers\/","og_locale":"fr_FR","og_type":"article","og_title":"Agence immobili\u00e8re \u00e0 Renens VD : expert en ventes et locations de biens immobiliers","og_description":"Vous pr\u00e9voyez d&rsquo;acheter, de vendre une habitation ou un appartement \u00e0 Renens VD ? \u00c0 Renens VD, l&rsquo;entreprise Immobilierlocal offre des accompagnements individualis\u00e9s. \u00c9tabli au centre de la ville, nos commerciaux sont disponibles pour vous aider \u00e0 trouver ou mettre sur le march\u00e9 votre logement. Notre agence immobili\u00e8re \u00e0 Renens VD propose une large gamme [&hellip;]","og_url":"https:\/\/www.immobilierlocal.ch\/c\/agence-immobiliere-a-renens-expert-en-ventes-et-locations-de-biens-immobiliers\/","og_site_name":"Immobilierlocal","article_modified_time":"2026-02-09T10:42:13+00:00","og_image":[{"width":1920,"height":300,"url":"https:\/\/www.immobilierlocal.ch\/c\/wp-content\/uploads\/2026\/02\/agence-immobiliere.jpg","type":"image\/jpeg"}],"twitter_card":"summary_large_image","twitter_misc":{"Dur\u00e9e de lecture estim\u00e9e":"3 minutes"},"schema":{"@context":"https:\/\/schema.org","@graph":[{"@type":"WebPage","@id":"https:\/\/www.immobilierlocal.ch\/c\/agence-immobiliere-a-renens-expert-en-ventes-et-locations-de-biens-immobiliers\/","url":"https:\/\/www.immobilierlocal.ch\/c\/agence-immobiliere-a-renens-expert-en-ventes-et-locations-de-biens-immobiliers\/","name":"Agence immobili\u00e8re \u00e0 Renens VD : expert en ventes et locations de biens immobiliers - Immobilierlocal","isPartOf":{"@id":"https:\/\/www.immobilierlocal.ch\/c\/#website"},"primaryImageOfPage":{"@id":"https:\/\/www.immobilierlocal.ch\/c\/agence-immobiliere-a-renens-expert-en-ventes-et-locations-de-biens-immobiliers\/#primaryimage"},"image":{"@id":"https:\/\/www.immobilierlocal.ch\/c\/agence-immobiliere-a-renens-expert-en-ventes-et-locations-de-biens-immobiliers\/#primaryimage"},"thumbnailUrl":"https:\/\/www.immobilierlocal.ch\/c\/wp-content\/uploads\/2026\/02\/agence-immobiliere.jpg","datePublished":"2024-04-16T15:07:14+00:00","dateModified":"2026-02-09T10:42:13+00:00","breadcrumb":{"@id":"https:\/\/www.immobilierlocal.ch\/c\/agence-immobiliere-a-renens-expert-en-ventes-et-locations-de-biens-immobiliers\/#breadcrumb"},"inLanguage":"fr-FR","potentialAction":[{"@type":"ReadAction","target":["https:\/\/www.immobilierlocal.ch\/c\/agence-immobiliere-a-renens-expert-en-ventes-et-locations-de-biens-immobiliers\/"]}]},{"@type":"ImageObject","inLanguage":"fr-FR","@id":"https:\/\/www.immobilierlocal.ch\/c\/agence-immobiliere-a-renens-expert-en-ventes-et-locations-de-biens-immobiliers\/#primaryimage","url":"https:\/\/www.immobilierlocal.ch\/c\/wp-content\/uploads\/2026\/02\/agence-immobiliere.jpg","contentUrl":"https:\/\/www.immobilierlocal.ch\/c\/wp-content\/uploads\/2026\/02\/agence-immobiliere.jpg","width":1920,"height":300},{"@type":"BreadcrumbList","@id":"https:\/\/www.immobilierlocal.ch\/c\/agence-immobiliere-a-renens-expert-en-ventes-et-locations-de-biens-immobiliers\/#breadcrumb","itemListElement":[{"@type":"ListItem","position":1,"name":"Accueil","item":"https:\/\/www.immobilierlocal.ch\/c\/"},{"@type":"ListItem","position":2,"name":"Agence immobili\u00e8re dans le canton de Vaud","item":"https:\/\/www.immobilierlocal.ch\/c\/agence-immobiliere-dans-le-canton-de-vaud-expert-en-ventes-et-locations-immobilieres\/"},{"@type":"ListItem","position":3,"name":"Agences immobili\u00e8res","item":"https:\/\/www.immobilierlocal.ch\/agences"},{"@type":"ListItem","position":4,"name":"Agence immobili\u00e8re \u00e0 Renens"}]},{"@type":"WebSite","@id":"https:\/\/www.immobilierlocal.ch\/c\/#website","url":"https:\/\/www.immobilierlocal.ch\/c\/","name":"Immobilierlocal","description":"","publisher":{"@id":"https:\/\/www.immobilierlocal.ch\/c\/#organization"},"potentialAction":[{"@type":"SearchAction","target":{"@type":"EntryPoint","urlTemplate":"https:\/\/www.immobilierlocal.ch\/c\/?s={search_term_string}"},"query-input":{"@type":"PropertyValueSpecification","valueRequired":true,"valueName":"search_term_string"}}],"inLanguage":"fr-FR"},{"@type":"Organization","@id":"https:\/\/www.immobilierlocal.ch\/c\/#organization","name":"Immobilierlocal","url":"https:\/\/www.immobilierlocal.ch\/c\/","logo":{"@type":"ImageObject","inLanguage":"fr-FR","@id":"https:\/\/www.immobilierlocal.ch\/c\/#\/schema\/logo\/image\/","url":"https:\/\/www.immobilierlocal.ch\/c\/wp-content\/uploads\/2023\/10\/logo-immobilierlocal-h.svg","contentUrl":"https:\/\/www.immobilierlocal.ch\/c\/wp-content\/uploads\/2023\/10\/logo-immobilierlocal-h.svg","caption":"Immobilierlocal"},"image":{"@id":"https:\/\/www.immobilierlocal.ch\/c\/#\/schema\/logo\/image\/"}}]}},"_links":{"self":[{"href":"https:\/\/www.immobilierlocal.ch\/c\/wp-json\/wp\/v2\/pages\/2326","targetHints":{"allow":["GET"]}}],"collection":[{"href":"https:\/\/www.immobilierlocal.ch\/c\/wp-json\/wp\/v2\/pages"}],"about":[{"href":"https:\/\/www.immobilierlocal.ch\/c\/wp-json\/wp\/v2\/types\/page"}],"author":[{"embeddable":true,"href":"https:\/\/www.immobilierlocal.ch\/c\/wp-json\/wp\/v2\/users\/3"}],"replies":[{"embeddable":true,"href":"https:\/\/www.immobilierlocal.ch\/c\/wp-json\/wp\/v2\/comments?post=2326"}],"version-history":[{"count":0,"href":"https:\/\/www.immobilierlocal.ch\/c\/wp-json\/wp\/v2\/pages\/2326\/revisions"}],"wp:featuredmedia":[{"embeddable":true,"href":"https:\/\/www.immobilierlocal.ch\/c\/wp-json\/wp\/v2\/media\/2768"}],"wp:attachment":[{"href":"https:\/\/www.immobilierlocal.ch\/c\/wp-json\/wp\/v2\/media?parent=2326"}],"wp:term":[{"taxonomy":"category","embeddable":true,"href":"https:\/\/www.immobilierlocal.ch\/c\/wp-json\/wp\/v2\/categories?post=2326"},{"taxonomy":"profession","embeddable":true,"href":"https:\/\/www.immobilierlocal.ch\/c\/wp-json\/wp\/v2\/profession?post=2326"},{"taxonomy":"location","embeddable":true,"href":"https:\/\/www.immobilierlocal.ch\/c\/wp-json\/wp\/v2\/location?post=2326"},{"taxonomy":"canton","embeddable":true,"href":"https:\/\/www.immobilierlocal.ch\/c\/wp-json\/wp\/v2\/canton?post=2326"}],"curies":[{"name":"wp","href":"https:\/\/api.w.org\/{rel}","templated":true}]}}