
{"id":2322,"date":"2024-04-16T17:06:51","date_gmt":"2024-04-16T15:06:51","guid":{"rendered":"https:\/\/www.immobilierlocal.ch\/c\/?page_id=2322"},"modified":"2026-02-09T11:42:35","modified_gmt":"2026-02-09T10:42:35","slug":"agence-immobiliere-a-crissier-achat-vente-location-dun-bien-immobilier","status":"publish","type":"page","link":"https:\/\/www.immobilierlocal.ch\/c\/agence-immobiliere-a-crissier-achat-vente-location-dun-bien-immobilier\/","title":{"rendered":"Agence immobili\u00e8re \u00e0 Crissier : achat vente location d&rsquo;un bien immobilier"},"content":{"rendered":"<p>Vous projetez d&rsquo;acheter, de vendre une r\u00e9sidence ou un studio \u00e0 Crissier ? Immobilierlocal est joignable pour vous assister dans vos projets. Localis\u00e9e au centre de la ville, notre \u00e9quipe est disponible pour vous aider \u00e0 trouver ou vendre votre habitation. Notre agence immobili\u00e8re \u00e0 Crissier propose une large gamme de services : pour acqu\u00e9rir, c\u00e9der votre maison, ou votre appartement, pour trouver un studio \u00e0 la location, acqu\u00e9rir des locaux, des magasins, pour la gestion de vos biens immobiliers, pour de la location airbnb ou g\u00e9rer les immeubles en syndic de copropri\u00e9t\u00e9 et pour le financement de votre bien.<\/p>\n\n<div class=\"box\">\n    <h2 class=\"text-dark\">Nous cherchons un <em class=\"text-primary\">Agent immobilier<\/em> dans la r\u00e9gion de <em class=\"text-primary\">Crissier<\/em>  en exclusivit\u00e9, afin de proposer vos services \u00e0 nos clients propri\u00e9taires.<\/h2>\n    <p>Une opportunit\u00e9 unique pour booster votre activit\u00e9 \u00e0 <strong>Crissier<\/strong> et aux alentours dans votre domaine (Agent immobilier).<\/p>\n    <p>Nous travaillons en exclusivit\u00e9 avec qu'une soci\u00e9t\u00e9 par m\u00e9tier et par r\u00e9gion. <br>Votre entreprise est pr\u00e9sente sur tous les documents immobiliers. Afin d'\u00eatre mieux vu sur le net, vous \u00eates \u00e9galement visible sur nos deux sites et sur les pages de r\u00e9f\u00e9rencement de votre r\u00e9gion.<\/p>\n    <a href=\"\/contact\" class=\"wp-block-button__link has-accent-background-color has-text-align-center wp-element-button\">R\u00e9server<\/a>\n<\/div>\n<h2>Le march\u00e9 immobilier Crissirois se d\u00e9veloppe en dehors de son agglom\u00e9ration<\/h2>\n<p>Derni\u00e8rement, les tarifs ont mont\u00e9 en fl\u00e8che \u00e0 Crissier, pour plusieurs raisons :<\/p>\n<ul>\n<li>Son secteur g\u00e9ographique,<\/li>\n<li>le secteur de l&#8217;emploi,<\/li>\n<li>la qualit\u00e9 de son lieu de vie.<\/li>\n<\/ul>\n<p>Acheter un logement \u00e0 Crissier est aussi une valeur s\u00fbre, \u00e9tant donn\u00e9 que la demande de locations et d&rsquo;achats qui a connu une forte demande, entra\u00eenant une augmentation des prix.<\/p>\n<h3>Pour le prix immobilier moyen au m\u00b2 \u00e0 Crissier<\/h3>\n<p class=\"estimates-price-immobilier\">Le march\u00e9 immobilier \u00e0 Crissier affiche un prix moyen de CHF 9'215 \/ m\u00b2 (prix par m\u00e8tre carr\u00e9). Les maisons et les appartements ont un prix moyen respectif de CHF 8'470 \/ m\u00b2 et de CHF 9'961 \/ m\u00b2.<\/p>\n<h3>Pour le montant moyen du loyer \u00e0 Crissier<\/h3>\n<p class=\"estimates-rent-average\">Les loyers moyens \u00e0 Crissier sont actuellement de CHF 2'548 pour les appartements, CHF 3'088 pour les maisons.<\/p>\n<p>La raret\u00e9 des logements disponibles \u00e0 la vente pousse de plus en plus d&rsquo;acheteurs \u00e0 se d\u00e9tourner de Crissier et \u00e0 porter leur int\u00e9r\u00eat dans les villes aux environs, comme :<\/p>\nJouxtens-M\u00e9zery, Prilly, Renens VD.\n<h2>L\u2019implantation de notre agence immobili\u00e8re \u00e0 Crissier<\/h2>\n<p>\u00c9tabli \u00e0 Crissier notre agence intervient dans l&rsquo;ensemble des secteurs de la ville.<\/p>\n\n<h2>Pourquoi travailler avec Immobilierlocal ?<\/h2>\n<p>Immobilierlocal propose une vaste s\u00e9lection de prestations, tel que :<\/p>\n<ul>\n<li>La mise en ligne de vos annonces sur notre site internet : pour vous permettre d&rsquo;atteindre plus de monde.<\/li>\n<li>Une vitrine en suisse et sur internet : notre site web est r\u00e9f\u00e9renc\u00e9 sur des moteurs de recherches web en langue fran\u00e7aise en vue d\u2019atteindre plus d\u2019acheteurs et de vendeurs.<\/li>\n<li>Strat\u00e9gie de vente personnalis\u00e9e : chaque propri\u00e9t\u00e9 immobili\u00e8re sur notre site web b\u00e9n\u00e9ficie d&rsquo;une approche de vente sur mesure.<\/li>\n<li>Estimation des prix : nous avons d\u00e9velopp\u00e9 des applications pour estimer les prix de vente des habitations.<\/li>\n<li>Vid\u00e9os et photos : nous produisons des vid\u00e9os et des images pour promouvoir votre h\u00e9bergement sur internet.<\/li>\n<li>Empreinte \u00e9lectronique : nous mettons \u00e0 disposition la signature des actes par voie \u00e9lectronique afin de vous simplifier la vie.<\/li>\n<li>Service de conciergerie : nous proposons aussi une prestation pour les propri\u00e9taires de logements airbnb.<\/li>\n<li>Gestion de propri\u00e9t\u00e9s : nous proposons une assurance de non-paiement des loyers.<\/li>\n<\/ul>\n<h2>Une agence immobili\u00e8re qui r\u00e9unis des professionnels<\/h2>\n<p>Les conseillers de notre entreprise sont exp\u00e9riment\u00e9s, qu&rsquo;il s&rsquo;agisse de technico-commerciaux ou de gestionnaires. Nos employ\u00e9s assistent r\u00e9guli\u00e8rement \u00e0 des formations de perfectionnement. Par ailleurs, nos agents immobiliers ont tous aussi acquis une exp\u00e9rience ant\u00e9rieur. L&rsquo;exp\u00e9rience acquise nous permet d&rsquo;accompagner au maximum nos clients.<\/p>\n<h2>Estimer la valeur de votre bien \u00e0 Crissier<\/h2>\n<p>Vous \u00eates un Crissirois, notre soci\u00e9t\u00e9 r\u00e9alise des \u00e9valuations pouss\u00e9es de votre propri\u00e9t\u00e9 en tenant compte des sp\u00e9cificit\u00e9s de votre appartement comme votre quartier. Nous fournissons une v\u00e9ritable expertise pour tout ce qui concerne : l&rsquo;acquisition, la vente, les placements immobiliers, les locations airbnb ou longue dur\u00e9e, la gestion de votre portefeuille locatif, et aussi pour la g\u00e9rance de votre r\u00e9sidence en copropri\u00e9t\u00e9.<\/p>\n<h2>Des conseils immobiliers personnalis\u00e9s<\/h2>\n<p>Nous sommes bien conscients que votre projet est unique, c&rsquo;est la raison pour laquelle nous vous proposons des services adapt\u00e9s. Si vous avez besoin d\u2019acheter ou de louer un appartement ou une maison dans la r\u00e9gion de Crissier, nos sp\u00e9cialistes sont \u00e0 votre disposition \u00e0 toutes les \u00e9tapes de votre projet. Vous souhaitez acheter une nouvelle habitation \u00e0 Crissier ? Nous vous trouvons le meilleur logement possible gr\u00e2ce \u00e0 notre r\u00e9seau.<\/p>\n<h2>Besoin d&rsquo;une agence immobili\u00e8re \u00e0 Crissier ?<\/h2>\n<p>Notre agence Immobilierlocal est localis\u00e9e au centre-ville de Crissier. Nous vous r\u00e9servons un accueil chaleureux, pr\u00eats \u00e0 vous \u00e9couter et \u00e0 concr\u00e9tiser vos projets. Nos consultants immobiliers exp\u00e9riment\u00e9s sont vos partenaires de confiance pour la gestion de biens immobiliers, l&rsquo;achat et la vente.<\/p>\n","protected":false},"excerpt":{"rendered":"<p>Vous projetez d&rsquo;acheter, de vendre une r\u00e9sidence ou un studio \u00e0 Crissier ? Immobilierlocal est joignable pour vous assister dans vos projets. Localis\u00e9e au centre de la ville, notre \u00e9quipe est disponible pour vous aider \u00e0 trouver ou vendre votre habitation. Notre agence immobili\u00e8re \u00e0 Crissier propose une large gamme de services : pour acqu\u00e9rir, [&hellip;]<\/p>\n","protected":false},"author":3,"featured_media":2768,"parent":0,"menu_order":0,"comment_status":"closed","ping_status":"closed","template":"wp-custom-template-page-agent","meta":{"footnotes":""},"categories":[89],"profession":[92],"location":[20],"canton":[79],"class_list":["post-2322","page","type-page","status-publish","has-post-thumbnail","hentry","category-agence","profession-agent-immobilier"],"yoast_head":"<!-- This site is optimized with the Yoast SEO Premium plugin v23.0 (Yoast SEO v27.3) - https:\/\/yoast.com\/product\/yoast-seo-premium-wordpress\/ -->\n<title>Agence immobili\u00e8re \u00e0 Crissier : achat vente location d&#039;un bien immobilier - Immobilierlocal<\/title>\n<meta name=\"robots\" content=\"index, follow, max-snippet:-1, max-image-preview:large, max-video-preview:-1\" \/>\n<link rel=\"canonical\" href=\"https:\/\/www.immobilierlocal.ch\/c\/agence-immobiliere-a-crissier-achat-vente-location-dun-bien-immobilier\/\" \/>\n<meta property=\"og:locale\" content=\"fr_FR\" \/>\n<meta property=\"og:type\" content=\"article\" \/>\n<meta property=\"og:title\" content=\"Agence immobili\u00e8re \u00e0 Crissier : achat vente location d&#039;un bien immobilier\" \/>\n<meta property=\"og:description\" content=\"Vous projetez d&rsquo;acheter, de vendre une r\u00e9sidence ou un studio \u00e0 Crissier ? Immobilierlocal est joignable pour vous assister dans vos projets. Localis\u00e9e au centre de la ville, notre \u00e9quipe est disponible pour vous aider \u00e0 trouver ou vendre votre habitation. Notre agence immobili\u00e8re \u00e0 Crissier propose une large gamme de services : pour acqu\u00e9rir, [&hellip;]\" \/>\n<meta property=\"og:url\" content=\"https:\/\/www.immobilierlocal.ch\/c\/agence-immobiliere-a-crissier-achat-vente-location-dun-bien-immobilier\/\" \/>\n<meta property=\"og:site_name\" content=\"Immobilierlocal\" \/>\n<meta property=\"article:modified_time\" content=\"2026-02-09T10:42:35+00:00\" \/>\n<meta property=\"og:image\" content=\"https:\/\/www.immobilierlocal.ch\/c\/wp-content\/uploads\/2026\/02\/agence-immobiliere.jpg\" \/>\n\t<meta property=\"og:image:width\" content=\"1920\" \/>\n\t<meta property=\"og:image:height\" content=\"300\" \/>\n\t<meta property=\"og:image:type\" content=\"image\/jpeg\" \/>\n<meta name=\"twitter:card\" content=\"summary_large_image\" \/>\n<meta name=\"twitter:label1\" content=\"Dur\u00e9e de lecture estim\u00e9e\" \/>\n\t<meta name=\"twitter:data1\" content=\"3 minutes\" \/>\n<script type=\"application\/ld+json\" class=\"yoast-schema-graph\">{\"@context\":\"https:\\\/\\\/schema.org\",\"@graph\":[{\"@type\":\"WebPage\",\"@id\":\"https:\\\/\\\/www.immobilierlocal.ch\\\/c\\\/agence-immobiliere-a-crissier-achat-vente-location-dun-bien-immobilier\\\/\",\"url\":\"https:\\\/\\\/www.immobilierlocal.ch\\\/c\\\/agence-immobiliere-a-crissier-achat-vente-location-dun-bien-immobilier\\\/\",\"name\":\"Agence immobili\u00e8re \u00e0 Crissier : achat vente location d'un bien immobilier - Immobilierlocal\",\"isPartOf\":{\"@id\":\"https:\\\/\\\/www.immobilierlocal.ch\\\/c\\\/#website\"},\"primaryImageOfPage\":{\"@id\":\"https:\\\/\\\/www.immobilierlocal.ch\\\/c\\\/agence-immobiliere-a-crissier-achat-vente-location-dun-bien-immobilier\\\/#primaryimage\"},\"image\":{\"@id\":\"https:\\\/\\\/www.immobilierlocal.ch\\\/c\\\/agence-immobiliere-a-crissier-achat-vente-location-dun-bien-immobilier\\\/#primaryimage\"},\"thumbnailUrl\":\"https:\\\/\\\/www.immobilierlocal.ch\\\/c\\\/wp-content\\\/uploads\\\/2026\\\/02\\\/agence-immobiliere.jpg\",\"datePublished\":\"2024-04-16T15:06:51+00:00\",\"dateModified\":\"2026-02-09T10:42:35+00:00\",\"breadcrumb\":{\"@id\":\"https:\\\/\\\/www.immobilierlocal.ch\\\/c\\\/agence-immobiliere-a-crissier-achat-vente-location-dun-bien-immobilier\\\/#breadcrumb\"},\"inLanguage\":\"fr-FR\",\"potentialAction\":[{\"@type\":\"ReadAction\",\"target\":[\"https:\\\/\\\/www.immobilierlocal.ch\\\/c\\\/agence-immobiliere-a-crissier-achat-vente-location-dun-bien-immobilier\\\/\"]}]},{\"@type\":\"ImageObject\",\"inLanguage\":\"fr-FR\",\"@id\":\"https:\\\/\\\/www.immobilierlocal.ch\\\/c\\\/agence-immobiliere-a-crissier-achat-vente-location-dun-bien-immobilier\\\/#primaryimage\",\"url\":\"https:\\\/\\\/www.immobilierlocal.ch\\\/c\\\/wp-content\\\/uploads\\\/2026\\\/02\\\/agence-immobiliere.jpg\",\"contentUrl\":\"https:\\\/\\\/www.immobilierlocal.ch\\\/c\\\/wp-content\\\/uploads\\\/2026\\\/02\\\/agence-immobiliere.jpg\",\"width\":1920,\"height\":300},{\"@type\":\"BreadcrumbList\",\"@id\":\"https:\\\/\\\/www.immobilierlocal.ch\\\/c\\\/agence-immobiliere-a-crissier-achat-vente-location-dun-bien-immobilier\\\/#breadcrumb\",\"itemListElement\":[{\"@type\":\"ListItem\",\"position\":1,\"name\":\"Accueil\",\"item\":\"https:\\\/\\\/www.immobilierlocal.ch\\\/c\\\/\"},{\"@type\":\"ListItem\",\"position\":2,\"name\":\"Agence immobili\u00e8re dans le canton de Vaud\",\"item\":\"https:\\\/\\\/www.immobilierlocal.ch\\\/c\\\/agence-immobiliere-dans-le-canton-de-vaud-expert-en-ventes-et-locations-immobilieres\\\/\"},{\"@type\":\"ListItem\",\"position\":3,\"name\":\"Agences immobili\u00e8res\",\"item\":\"https:\\\/\\\/www.immobilierlocal.ch\\\/agences\"},{\"@type\":\"ListItem\",\"position\":4,\"name\":\"Agence immobili\u00e8re \u00e0 Crissier\"}]},{\"@type\":\"WebSite\",\"@id\":\"https:\\\/\\\/www.immobilierlocal.ch\\\/c\\\/#website\",\"url\":\"https:\\\/\\\/www.immobilierlocal.ch\\\/c\\\/\",\"name\":\"Immobilierlocal\",\"description\":\"\",\"publisher\":{\"@id\":\"https:\\\/\\\/www.immobilierlocal.ch\\\/c\\\/#organization\"},\"potentialAction\":[{\"@type\":\"SearchAction\",\"target\":{\"@type\":\"EntryPoint\",\"urlTemplate\":\"https:\\\/\\\/www.immobilierlocal.ch\\\/c\\\/?s={search_term_string}\"},\"query-input\":{\"@type\":\"PropertyValueSpecification\",\"valueRequired\":true,\"valueName\":\"search_term_string\"}}],\"inLanguage\":\"fr-FR\"},{\"@type\":\"Organization\",\"@id\":\"https:\\\/\\\/www.immobilierlocal.ch\\\/c\\\/#organization\",\"name\":\"Immobilierlocal\",\"url\":\"https:\\\/\\\/www.immobilierlocal.ch\\\/c\\\/\",\"logo\":{\"@type\":\"ImageObject\",\"inLanguage\":\"fr-FR\",\"@id\":\"https:\\\/\\\/www.immobilierlocal.ch\\\/c\\\/#\\\/schema\\\/logo\\\/image\\\/\",\"url\":\"https:\\\/\\\/www.immobilierlocal.ch\\\/c\\\/wp-content\\\/uploads\\\/2023\\\/10\\\/logo-immobilierlocal-h.svg\",\"contentUrl\":\"https:\\\/\\\/www.immobilierlocal.ch\\\/c\\\/wp-content\\\/uploads\\\/2023\\\/10\\\/logo-immobilierlocal-h.svg\",\"caption\":\"Immobilierlocal\"},\"image\":{\"@id\":\"https:\\\/\\\/www.immobilierlocal.ch\\\/c\\\/#\\\/schema\\\/logo\\\/image\\\/\"}}]}<\/script>\n<!-- \/ Yoast SEO Premium plugin. -->","yoast_head_json":{"title":"Agence immobili\u00e8re \u00e0 Crissier : achat vente location d'un bien immobilier - Immobilierlocal","robots":{"index":"index","follow":"follow","max-snippet":"max-snippet:-1","max-image-preview":"max-image-preview:large","max-video-preview":"max-video-preview:-1"},"canonical":"https:\/\/www.immobilierlocal.ch\/c\/agence-immobiliere-a-crissier-achat-vente-location-dun-bien-immobilier\/","og_locale":"fr_FR","og_type":"article","og_title":"Agence immobili\u00e8re \u00e0 Crissier : achat vente location d'un bien immobilier","og_description":"Vous projetez d&rsquo;acheter, de vendre une r\u00e9sidence ou un studio \u00e0 Crissier ? Immobilierlocal est joignable pour vous assister dans vos projets. Localis\u00e9e au centre de la ville, notre \u00e9quipe est disponible pour vous aider \u00e0 trouver ou vendre votre habitation. Notre agence immobili\u00e8re \u00e0 Crissier propose une large gamme de services : pour acqu\u00e9rir, [&hellip;]","og_url":"https:\/\/www.immobilierlocal.ch\/c\/agence-immobiliere-a-crissier-achat-vente-location-dun-bien-immobilier\/","og_site_name":"Immobilierlocal","article_modified_time":"2026-02-09T10:42:35+00:00","og_image":[{"width":1920,"height":300,"url":"https:\/\/www.immobilierlocal.ch\/c\/wp-content\/uploads\/2026\/02\/agence-immobiliere.jpg","type":"image\/jpeg"}],"twitter_card":"summary_large_image","twitter_misc":{"Dur\u00e9e de lecture estim\u00e9e":"3 minutes"},"schema":{"@context":"https:\/\/schema.org","@graph":[{"@type":"WebPage","@id":"https:\/\/www.immobilierlocal.ch\/c\/agence-immobiliere-a-crissier-achat-vente-location-dun-bien-immobilier\/","url":"https:\/\/www.immobilierlocal.ch\/c\/agence-immobiliere-a-crissier-achat-vente-location-dun-bien-immobilier\/","name":"Agence immobili\u00e8re \u00e0 Crissier : achat vente location d'un bien immobilier - Immobilierlocal","isPartOf":{"@id":"https:\/\/www.immobilierlocal.ch\/c\/#website"},"primaryImageOfPage":{"@id":"https:\/\/www.immobilierlocal.ch\/c\/agence-immobiliere-a-crissier-achat-vente-location-dun-bien-immobilier\/#primaryimage"},"image":{"@id":"https:\/\/www.immobilierlocal.ch\/c\/agence-immobiliere-a-crissier-achat-vente-location-dun-bien-immobilier\/#primaryimage"},"thumbnailUrl":"https:\/\/www.immobilierlocal.ch\/c\/wp-content\/uploads\/2026\/02\/agence-immobiliere.jpg","datePublished":"2024-04-16T15:06:51+00:00","dateModified":"2026-02-09T10:42:35+00:00","breadcrumb":{"@id":"https:\/\/www.immobilierlocal.ch\/c\/agence-immobiliere-a-crissier-achat-vente-location-dun-bien-immobilier\/#breadcrumb"},"inLanguage":"fr-FR","potentialAction":[{"@type":"ReadAction","target":["https:\/\/www.immobilierlocal.ch\/c\/agence-immobiliere-a-crissier-achat-vente-location-dun-bien-immobilier\/"]}]},{"@type":"ImageObject","inLanguage":"fr-FR","@id":"https:\/\/www.immobilierlocal.ch\/c\/agence-immobiliere-a-crissier-achat-vente-location-dun-bien-immobilier\/#primaryimage","url":"https:\/\/www.immobilierlocal.ch\/c\/wp-content\/uploads\/2026\/02\/agence-immobiliere.jpg","contentUrl":"https:\/\/www.immobilierlocal.ch\/c\/wp-content\/uploads\/2026\/02\/agence-immobiliere.jpg","width":1920,"height":300},{"@type":"BreadcrumbList","@id":"https:\/\/www.immobilierlocal.ch\/c\/agence-immobiliere-a-crissier-achat-vente-location-dun-bien-immobilier\/#breadcrumb","itemListElement":[{"@type":"ListItem","position":1,"name":"Accueil","item":"https:\/\/www.immobilierlocal.ch\/c\/"},{"@type":"ListItem","position":2,"name":"Agence immobili\u00e8re dans le canton de Vaud","item":"https:\/\/www.immobilierlocal.ch\/c\/agence-immobiliere-dans-le-canton-de-vaud-expert-en-ventes-et-locations-immobilieres\/"},{"@type":"ListItem","position":3,"name":"Agences immobili\u00e8res","item":"https:\/\/www.immobilierlocal.ch\/agences"},{"@type":"ListItem","position":4,"name":"Agence immobili\u00e8re \u00e0 Crissier"}]},{"@type":"WebSite","@id":"https:\/\/www.immobilierlocal.ch\/c\/#website","url":"https:\/\/www.immobilierlocal.ch\/c\/","name":"Immobilierlocal","description":"","publisher":{"@id":"https:\/\/www.immobilierlocal.ch\/c\/#organization"},"potentialAction":[{"@type":"SearchAction","target":{"@type":"EntryPoint","urlTemplate":"https:\/\/www.immobilierlocal.ch\/c\/?s={search_term_string}"},"query-input":{"@type":"PropertyValueSpecification","valueRequired":true,"valueName":"search_term_string"}}],"inLanguage":"fr-FR"},{"@type":"Organization","@id":"https:\/\/www.immobilierlocal.ch\/c\/#organization","name":"Immobilierlocal","url":"https:\/\/www.immobilierlocal.ch\/c\/","logo":{"@type":"ImageObject","inLanguage":"fr-FR","@id":"https:\/\/www.immobilierlocal.ch\/c\/#\/schema\/logo\/image\/","url":"https:\/\/www.immobilierlocal.ch\/c\/wp-content\/uploads\/2023\/10\/logo-immobilierlocal-h.svg","contentUrl":"https:\/\/www.immobilierlocal.ch\/c\/wp-content\/uploads\/2023\/10\/logo-immobilierlocal-h.svg","caption":"Immobilierlocal"},"image":{"@id":"https:\/\/www.immobilierlocal.ch\/c\/#\/schema\/logo\/image\/"}}]}},"_links":{"self":[{"href":"https:\/\/www.immobilierlocal.ch\/c\/wp-json\/wp\/v2\/pages\/2322","targetHints":{"allow":["GET"]}}],"collection":[{"href":"https:\/\/www.immobilierlocal.ch\/c\/wp-json\/wp\/v2\/pages"}],"about":[{"href":"https:\/\/www.immobilierlocal.ch\/c\/wp-json\/wp\/v2\/types\/page"}],"author":[{"embeddable":true,"href":"https:\/\/www.immobilierlocal.ch\/c\/wp-json\/wp\/v2\/users\/3"}],"replies":[{"embeddable":true,"href":"https:\/\/www.immobilierlocal.ch\/c\/wp-json\/wp\/v2\/comments?post=2322"}],"version-history":[{"count":0,"href":"https:\/\/www.immobilierlocal.ch\/c\/wp-json\/wp\/v2\/pages\/2322\/revisions"}],"wp:featuredmedia":[{"embeddable":true,"href":"https:\/\/www.immobilierlocal.ch\/c\/wp-json\/wp\/v2\/media\/2768"}],"wp:attachment":[{"href":"https:\/\/www.immobilierlocal.ch\/c\/wp-json\/wp\/v2\/media?parent=2322"}],"wp:term":[{"taxonomy":"category","embeddable":true,"href":"https:\/\/www.immobilierlocal.ch\/c\/wp-json\/wp\/v2\/categories?post=2322"},{"taxonomy":"profession","embeddable":true,"href":"https:\/\/www.immobilierlocal.ch\/c\/wp-json\/wp\/v2\/profession?post=2322"},{"taxonomy":"location","embeddable":true,"href":"https:\/\/www.immobilierlocal.ch\/c\/wp-json\/wp\/v2\/location?post=2322"},{"taxonomy":"canton","embeddable":true,"href":"https:\/\/www.immobilierlocal.ch\/c\/wp-json\/wp\/v2\/canton?post=2322"}],"curies":[{"name":"wp","href":"https:\/\/api.w.org\/{rel}","templated":true}]}}