
{"id":2321,"date":"2024-04-16T17:07:01","date_gmt":"2024-04-16T15:07:01","guid":{"rendered":"https:\/\/www.immobilierlocal.ch\/c\/?page_id=2321"},"modified":"2026-02-09T11:42:25","modified_gmt":"2026-02-09T10:42:25","slug":"agence-immobiliere-a-lutry-expert-en-ventes-et-locations-immobilieres","status":"publish","type":"page","link":"https:\/\/www.immobilierlocal.ch\/c\/agence-immobiliere-a-lutry-expert-en-ventes-et-locations-immobilieres\/","title":{"rendered":"Agence immobili\u00e8re \u00e0 Lutry : expert en ventes et locations immobili\u00e8res"},"content":{"rendered":"<p>Pr\u00e9voyez-vous la vente, la location ou l&rsquo;achat d&rsquo;un domicile ou d&rsquo;un appartement situ\u00e9 \u00e0 Lutry ? \u00c0 Lutry, l&rsquo;agence Immobilierlocal propose des accompagnements sur mesure. Situ\u00e9e au centre de la ville, notre \u00e9quipe est disponible pour vous assister \u00e0 trouver ou mettre sur le march\u00e9 votre habitation. Notre agence immobili\u00e8re \u00e0 Lutry propose une large gamme de prestations : pour vendre, acheter votre villa, ou votre studio, louer un appartement, acheter des commerces, des bureaux, pour la g\u00e9rance de vos logements, pour de la location saisonni\u00e8re airbnb ou g\u00e9rer les immeubles en syndic de copropri\u00e9t\u00e9 et pour les solutions de financement de votre bien.<\/p>\n\r\n<div class=\"box\">\r\n            <div class=\"company-info\">\r\n            <img decoding=\"async\" class=\"company-info__logo\" src=\"https:\/\/www.artisanlocal.ch\/media\/cache\/thumb\/images\/companies\/6800e5479122e945632473.png\" alt=\"Logo\">\r\n            <h2 class=\"company-info__name\">PROXIMMO Agence Immobili\u00e8re S\u00e0rl<\/h2>\r\n            <p class=\"company-info__business\">Agence immobili\u00e8re - Courtage immobilier - Promotion - Estimation - Accompagnement pour l\u2019achat - Financement - Conseils<\/p>\r\n        <\/div>\r\n        <div class=\"company-contact\">\r\n            <p class=\"company-info__address\">Place Bel-Air 1, 1003 Lausanne <\/p>\r\n                            <div class=\"links\">\r\n                                            <a class=\"btn has-accent-background-color js-phoneNumber\" href=\"tel:0213510808\" title=\"Appelez\" data-id=\"28161\" data-type=\"11\">021 351 08 08<\/a>\r\n                                                                <a class=\"btn has-accent-background-color\" href=\"https:\/\/proximmo.ch\/\" target=\"_blank\" title=\"Voir le site internet\" data-id=\"28161\" data-type=\"20\">Site internet<\/a>\r\n                                    <\/div>\r\n                    <\/div>\r\n    \r\n            \n<form action=\"https:\/\/www.immobilierlocal.ch\/c\/wp-admin\/admin-ajax.php\" method=\"post\" class=\"form-contact\" id=\"immobilier_form_contact_company_inline\">\n    <div><input type=\"hidden\" name=\"action\" value=\"company_contact\"><\/div>\n    <div><input type=\"hidden\" name=\"nonce\" value=\"78554ecf0f\"><\/div>\n    <div><input type=\"hidden\" name=\"company_id\" value=\"28161\"><\/div>\n    <div><input type=\"hidden\" name=\"form_id\" value=\"immobilier_form_contact_company_inline\"><\/div>\n    <div class=\"gglcptch gglcptch_v3 gglcptch_custom\"><input type=\"hidden\" id=\"g-recaptcha-response\" name=\"g-recaptcha-response\" \/><br \/><div class=\"gglcptch_error_text\">La p\u00e9riode de v\u00e9rification reCAPTCHA a expir\u00e9. Veuillez recharger la page.<\/div><\/div>    <div class=\"form-content\">\n        <div class=\"form-group\">\n            <label for=\"contact_firstName\" class=\"required\">Pr\u00e9nom<\/label>\n            <input type=\"text\" name=\"firstName\" class=\"form-control\" required>\n        <\/div>\n        <div class=\"form-group\">\n            <label for=\"contact_lastName\" class=\"required\">Nom<\/label>\n            <input type=\"text\" name=\"lastName\" class=\"form-control\" required>\n        <\/div>\n        <div class=\"form-group\">\n            <label for=\"contact_email\" class=\"required\">Email<\/label>\n            <input type=\"email\" name=\"email\" class=\"form-control\" required>\n        <\/div>\n        <div class=\"form-group\">\n            <label for=\"contact_phone\" class=\"required\">Num\u00e9ro de t\u00e9l\u00e9phone<\/label>\n            <input type=\"tel\" name=\"phone\" class=\"form-control\" placeholder=\"0787117165\" pattern=\"^[0-9]{10}$\" required>\n        <\/div>\n        <div class=\"form-group\">\n            <label for=\"contact_postalCode\" class=\"required\">Code postal et localit\u00e9<\/label>\n            <input type=\"text\" name=\"postalCode\" class=\"form-control\" required>\n        <\/div>\n        <div class=\"form-group\">\n            <label for=\"contact_address\" class=\"required\">Adresse<\/label>\n            <input type=\"text\" name=\"address\" class=\"form-control\" required>\n        <\/div>\n        <div class=\"full-width topic\">\n            <p class=\"required\">Je souhaite \u00eatre contact\u00e9 pour :<\/p>\n            <div class=\"form-check\">\n                <input type=\"radio\" name=\"topic\" value=\"Estimation\" class=\"form-control\" required>\n                <label for=\"estimation\">R\u00e9aliser une estimation<\/label>\n            <\/div>\n            <div class=\"form-check\">\n                <input type=\"radio\" name=\"topic\" value=\"Vente\" class=\"form-control\" required>\n                <label for=\"vente\">R\u00e9aliser une vente<\/label>\n            <\/div>\n            <div class=\"form-check\">\n                <input type=\"radio\" name=\"topic\" value=\"Autre\" class=\"form-control\" required>\n                <label for=\"autre\">Autre<\/label>\n            <\/div>\n        <\/div>\n        <div class=\"form-group full-width\">\n            <label for=\"contact_message\">Message<\/label>\n            <textarea name=\"message\" rows=\"3\" class=\"form-control\"><\/textarea>\n        <\/div>\n    <\/div>\n    <div class=\"form-actions\">\n        <button class=\"wp-block-button__link has-accent-background-color\">Contacter<\/button>\n    <\/div>\n<\/form>\n<div class=\"form-feedback\"><\/div>    <\/div>\n<h2>Le march\u00e9 immobilier Lutryen se d\u00e9veloppe en dehors de son agglom\u00e9ration<\/h2>\n<p>Derni\u00e8rement, les prix ont mont\u00e9 rapidement \u00e0 Lutry, pour plusieurs raisons :<\/p>\n<ul>\n<li>Son secteur g\u00e9ographique,<\/li>\n<li>l&rsquo;attractivit\u00e9 \u00e9conomique,<\/li>\n<li>la qualit\u00e9 de son cadre de vie.<\/li>\n<\/ul>\n<p>Acheter un appartement \u00e0 Lutry est aussi une valeur s\u00fbre, en raison de la demande de locations et d&rsquo;achats qui a connu une forte hausse, provoquant une hausse des prix.<\/p>\n<h3>Pour le prix immobilier moyen au m\u00b2 \u00e0 Lutry<\/h3>\n<p class=\"estimates-price-immobilier\">Le march\u00e9 immobilier \u00e0 Lutry affiche un prix moyen de CHF 13'729 \/ m\u00b2 (prix par m\u00e8tre carr\u00e9). Les maisons et les appartements ont un prix moyen respectif de CHF 13'448 \/ m\u00b2 et de CHF 14'010 \/ m\u00b2.<\/p>\n<h3>Pour le loyer moyen des logements \u00e0 Lutry<\/h3>\n<p class=\"estimates-rent-average\">Les loyers moyens \u00e0 Lutry sont actuellement de CHF 3'630 pour les appartements, CHF 4'668 pour les maisons.<\/p>\n<p>La p\u00e9nurie de logements sur le march\u00e9 immobilier oblige les acqu\u00e9reurs \u00e0 \u00e9largir leur prospection et \u00e0 se diriger vers des localit\u00e9s proches, telles que :<\/p>\nPully, Les Monts-de-Pully, La Croix (Lutry), Belmont-sur-Lausanne, La Conversion, Paudex.\n<h2>La position g\u00e9ographique de notre agence immobili\u00e8re \u00e0 Lutry<\/h2>\n<p>Les agents commerciaux de notre agence op\u00e8rent dans tous les secteurs de Lutry.<\/p>\n\n<div id=\"map\" class=\"map\" data-adresse=\"Place Bel-Air 1 1003 Lausanne, Suisse\"><\/div>\n<h2>Pourquoi travailler avec Immobilierlocal ?<\/h2>\n<p>Immobilierlocal propose un large choix de prestations, comme :<\/p>\n<ul>\n<li>La diffusion de vos annonces sur notre site internet : pour vous donner la possibilit\u00e9 de toucher davantage de monde.<\/li>\n<li>Un portail internet en suisse et aussi pr\u00e9sent en francophonie : notre site est optimis\u00e9 pour ressortir dans plusieurs moteurs de recherche en langue fran\u00e7aise pour atteindre un maximum de clients.<\/li>\n<li>Commercialisation personnalis\u00e9e : chaque propri\u00e9t\u00e9 immobili\u00e8re sur notre plateforme internet profite d&rsquo;une approche de vente personnalis\u00e9e.<\/li>\n<li>Estimation des prix de march\u00e9 : nous avons cr\u00e9\u00e9 des outils pour estimer les prix de vente des habitations.<\/li>\n<li>Vid\u00e9o et photographies : nous effectuons la r\u00e9alisation des vid\u00e9os et des photos afin de mettre en valeur votre habitation.<\/li>\n<li>Signature \u00e9lectronique : nous proposons l&rsquo;option signature des documents par voie \u00e9lectronique afin de vous simplifier la vie.<\/li>\n<li>Service de conciergerie : nous proposons aussi une prestation pour les propri\u00e9taires d&rsquo;appartements en locations courte et moyenne dur\u00e9e.<\/li>\n<li>Gestion locative : nous proposons une couverture pour le non-paiement des loyers impay\u00e9s.<\/li>\n<\/ul>\n<h2>Une agence immobili\u00e8re qui regroupe des professionnels<\/h2>\n<p>Tous nos collaborateurs sont qualifi\u00e9s, qu&rsquo;ils soient : techniciens, commerciaux et administrateurs. Nos conseillers suivent r\u00e9guli\u00e8rement des formations professionnelles afin de maintenir leurs connaissances commerciales, techniques et juridiques \u00e0 jour. Chaque commercial de notre \u00e9quipe dispose d&rsquo;une grande exp\u00e9rience dans le secteur de l&rsquo;immobilier. L&rsquo;exp\u00e9rience obtenue nous permet d&rsquo;accompagner au mieux nos partenaires.<\/p>\n<h2>\u00c9valuer un bien immobilier \u00e0 Lutry<\/h2>\n<p>Vous \u00eates un Lutryen, notre agence r\u00e9alise des \u00e9valuations pouss\u00e9es de votre habitation en consid\u00e9rant les caract\u00e9ristiques de votre studio comme votre localisation. Immobilierlocal offre \u00e0 ses clients, les solutions, tel que : l&rsquo;administration de vos biens locatifs, la vente, l&rsquo;achat, les placements immobiliers, l&rsquo;administration des locations temporaires et la gestion du syndic.<\/p>\n<h2>Des conseils immobiliers sur mesure<\/h2>\n<p>Nous savons que chaque individu a des besoins et demandes sp\u00e9cifiques, c&rsquo;est pourquoi nous personnalisons nos conseils. Vous voulez, vendre ou louer une maison ou un studio dans la zone de Lutry ? Notre agence immobili\u00e8re vous guide du d\u00e9but \u00e0 la fin de votre projet. Nous avons un important r\u00e9seau de contacts pour vous aider \u00e0 acqu\u00e9rir l&rsquo;habitation de vos r\u00eaves \u00e0 Lutry.<\/p>\n<h2>Vous recherchez une agence immobili\u00e8re \u00e0 Lutry ?<\/h2>\n<p>L&rsquo;agence Immobilierlocal est \u00e9tabli au centre-ville de Lutry. Nos conseillers vous accueillent et sont toujours pr\u00eats \u00e0 vous soutenir dans votre projet immobilier. Notre agence est chevronn\u00e9e dans la vente, l&rsquo;acquisition et la gestion de propri\u00e9t\u00e9s.<\/p>\n","protected":false},"excerpt":{"rendered":"<p>Pr\u00e9voyez-vous la vente, la location ou l&rsquo;achat d&rsquo;un domicile ou d&rsquo;un appartement situ\u00e9 \u00e0 Lutry ? \u00c0 Lutry, l&rsquo;agence Immobilierlocal propose des accompagnements sur mesure. Situ\u00e9e au centre de la ville, notre \u00e9quipe est disponible pour vous assister \u00e0 trouver ou mettre sur le march\u00e9 votre habitation. Notre agence immobili\u00e8re \u00e0 Lutry propose une large [&hellip;]<\/p>\n","protected":false},"author":3,"featured_media":2768,"parent":0,"menu_order":0,"comment_status":"closed","ping_status":"closed","template":"wp-custom-template-page-agent","meta":{"footnotes":""},"categories":[89],"profession":[92],"location":[19],"canton":[79],"class_list":["post-2321","page","type-page","status-publish","has-post-thumbnail","hentry","category-agence","profession-agent-immobilier"],"yoast_head":"<!-- This site is optimized with the Yoast SEO Premium plugin v23.0 (Yoast SEO v27.3) - https:\/\/yoast.com\/product\/yoast-seo-premium-wordpress\/ -->\n<title>Agence immobili\u00e8re \u00e0 Lutry : expert en ventes et locations immobili\u00e8res - Immobilierlocal<\/title>\n<meta name=\"robots\" content=\"index, follow, max-snippet:-1, max-image-preview:large, max-video-preview:-1\" \/>\n<link rel=\"canonical\" href=\"https:\/\/www.immobilierlocal.ch\/c\/agence-immobiliere-a-lutry-expert-en-ventes-et-locations-immobilieres\/\" \/>\n<meta property=\"og:locale\" content=\"fr_FR\" \/>\n<meta property=\"og:type\" content=\"article\" \/>\n<meta property=\"og:title\" content=\"Agence immobili\u00e8re \u00e0 Lutry : expert en ventes et locations immobili\u00e8res\" \/>\n<meta property=\"og:description\" content=\"Pr\u00e9voyez-vous la vente, la location ou l&rsquo;achat d&rsquo;un domicile ou d&rsquo;un appartement situ\u00e9 \u00e0 Lutry ? \u00c0 Lutry, l&rsquo;agence Immobilierlocal propose des accompagnements sur mesure. Situ\u00e9e au centre de la ville, notre \u00e9quipe est disponible pour vous assister \u00e0 trouver ou mettre sur le march\u00e9 votre habitation. Notre agence immobili\u00e8re \u00e0 Lutry propose une large [&hellip;]\" \/>\n<meta property=\"og:url\" content=\"https:\/\/www.immobilierlocal.ch\/c\/agence-immobiliere-a-lutry-expert-en-ventes-et-locations-immobilieres\/\" \/>\n<meta property=\"og:site_name\" content=\"Immobilierlocal\" \/>\n<meta property=\"article:modified_time\" content=\"2026-02-09T10:42:25+00:00\" \/>\n<meta property=\"og:image\" content=\"https:\/\/www.immobilierlocal.ch\/c\/wp-content\/uploads\/2026\/02\/agence-immobiliere.jpg\" \/>\n\t<meta property=\"og:image:width\" content=\"1920\" \/>\n\t<meta property=\"og:image:height\" content=\"300\" \/>\n\t<meta property=\"og:image:type\" content=\"image\/jpeg\" \/>\n<meta name=\"twitter:card\" content=\"summary_large_image\" \/>\n<meta name=\"twitter:label1\" content=\"Dur\u00e9e de lecture estim\u00e9e\" \/>\n\t<meta name=\"twitter:data1\" content=\"3 minutes\" \/>\n<script type=\"application\/ld+json\" class=\"yoast-schema-graph\">{\"@context\":\"https:\\\/\\\/schema.org\",\"@graph\":[{\"@type\":\"WebPage\",\"@id\":\"https:\\\/\\\/www.immobilierlocal.ch\\\/c\\\/agence-immobiliere-a-lutry-expert-en-ventes-et-locations-immobilieres\\\/\",\"url\":\"https:\\\/\\\/www.immobilierlocal.ch\\\/c\\\/agence-immobiliere-a-lutry-expert-en-ventes-et-locations-immobilieres\\\/\",\"name\":\"Agence immobili\u00e8re \u00e0 Lutry : expert en ventes et locations immobili\u00e8res - Immobilierlocal\",\"isPartOf\":{\"@id\":\"https:\\\/\\\/www.immobilierlocal.ch\\\/c\\\/#website\"},\"primaryImageOfPage\":{\"@id\":\"https:\\\/\\\/www.immobilierlocal.ch\\\/c\\\/agence-immobiliere-a-lutry-expert-en-ventes-et-locations-immobilieres\\\/#primaryimage\"},\"image\":{\"@id\":\"https:\\\/\\\/www.immobilierlocal.ch\\\/c\\\/agence-immobiliere-a-lutry-expert-en-ventes-et-locations-immobilieres\\\/#primaryimage\"},\"thumbnailUrl\":\"https:\\\/\\\/www.immobilierlocal.ch\\\/c\\\/wp-content\\\/uploads\\\/2026\\\/02\\\/agence-immobiliere.jpg\",\"datePublished\":\"2024-04-16T15:07:01+00:00\",\"dateModified\":\"2026-02-09T10:42:25+00:00\",\"breadcrumb\":{\"@id\":\"https:\\\/\\\/www.immobilierlocal.ch\\\/c\\\/agence-immobiliere-a-lutry-expert-en-ventes-et-locations-immobilieres\\\/#breadcrumb\"},\"inLanguage\":\"fr-FR\",\"potentialAction\":[{\"@type\":\"ReadAction\",\"target\":[\"https:\\\/\\\/www.immobilierlocal.ch\\\/c\\\/agence-immobiliere-a-lutry-expert-en-ventes-et-locations-immobilieres\\\/\"]}]},{\"@type\":\"ImageObject\",\"inLanguage\":\"fr-FR\",\"@id\":\"https:\\\/\\\/www.immobilierlocal.ch\\\/c\\\/agence-immobiliere-a-lutry-expert-en-ventes-et-locations-immobilieres\\\/#primaryimage\",\"url\":\"https:\\\/\\\/www.immobilierlocal.ch\\\/c\\\/wp-content\\\/uploads\\\/2026\\\/02\\\/agence-immobiliere.jpg\",\"contentUrl\":\"https:\\\/\\\/www.immobilierlocal.ch\\\/c\\\/wp-content\\\/uploads\\\/2026\\\/02\\\/agence-immobiliere.jpg\",\"width\":1920,\"height\":300},{\"@type\":\"BreadcrumbList\",\"@id\":\"https:\\\/\\\/www.immobilierlocal.ch\\\/c\\\/agence-immobiliere-a-lutry-expert-en-ventes-et-locations-immobilieres\\\/#breadcrumb\",\"itemListElement\":[{\"@type\":\"ListItem\",\"position\":1,\"name\":\"Accueil\",\"item\":\"https:\\\/\\\/www.immobilierlocal.ch\\\/c\\\/\"},{\"@type\":\"ListItem\",\"position\":2,\"name\":\"Agence immobili\u00e8re dans le canton de Vaud\",\"item\":\"https:\\\/\\\/www.immobilierlocal.ch\\\/c\\\/agence-immobiliere-dans-le-canton-de-vaud-expert-en-ventes-et-locations-immobilieres\\\/\"},{\"@type\":\"ListItem\",\"position\":3,\"name\":\"Agences immobili\u00e8res\",\"item\":\"https:\\\/\\\/www.immobilierlocal.ch\\\/agences\"},{\"@type\":\"ListItem\",\"position\":4,\"name\":\"Agence immobili\u00e8re \u00e0 Lutry\"}]},{\"@type\":\"WebSite\",\"@id\":\"https:\\\/\\\/www.immobilierlocal.ch\\\/c\\\/#website\",\"url\":\"https:\\\/\\\/www.immobilierlocal.ch\\\/c\\\/\",\"name\":\"Immobilierlocal\",\"description\":\"\",\"publisher\":{\"@id\":\"https:\\\/\\\/www.immobilierlocal.ch\\\/c\\\/#organization\"},\"potentialAction\":[{\"@type\":\"SearchAction\",\"target\":{\"@type\":\"EntryPoint\",\"urlTemplate\":\"https:\\\/\\\/www.immobilierlocal.ch\\\/c\\\/?s={search_term_string}\"},\"query-input\":{\"@type\":\"PropertyValueSpecification\",\"valueRequired\":true,\"valueName\":\"search_term_string\"}}],\"inLanguage\":\"fr-FR\"},{\"@type\":\"Organization\",\"@id\":\"https:\\\/\\\/www.immobilierlocal.ch\\\/c\\\/#organization\",\"name\":\"Immobilierlocal\",\"url\":\"https:\\\/\\\/www.immobilierlocal.ch\\\/c\\\/\",\"logo\":{\"@type\":\"ImageObject\",\"inLanguage\":\"fr-FR\",\"@id\":\"https:\\\/\\\/www.immobilierlocal.ch\\\/c\\\/#\\\/schema\\\/logo\\\/image\\\/\",\"url\":\"https:\\\/\\\/www.immobilierlocal.ch\\\/c\\\/wp-content\\\/uploads\\\/2023\\\/10\\\/logo-immobilierlocal-h.svg\",\"contentUrl\":\"https:\\\/\\\/www.immobilierlocal.ch\\\/c\\\/wp-content\\\/uploads\\\/2023\\\/10\\\/logo-immobilierlocal-h.svg\",\"caption\":\"Immobilierlocal\"},\"image\":{\"@id\":\"https:\\\/\\\/www.immobilierlocal.ch\\\/c\\\/#\\\/schema\\\/logo\\\/image\\\/\"}}]}<\/script>\n<!-- \/ Yoast SEO Premium plugin. -->","yoast_head_json":{"title":"Agence immobili\u00e8re \u00e0 Lutry : expert en ventes et locations immobili\u00e8res - Immobilierlocal","robots":{"index":"index","follow":"follow","max-snippet":"max-snippet:-1","max-image-preview":"max-image-preview:large","max-video-preview":"max-video-preview:-1"},"canonical":"https:\/\/www.immobilierlocal.ch\/c\/agence-immobiliere-a-lutry-expert-en-ventes-et-locations-immobilieres\/","og_locale":"fr_FR","og_type":"article","og_title":"Agence immobili\u00e8re \u00e0 Lutry : expert en ventes et locations immobili\u00e8res","og_description":"Pr\u00e9voyez-vous la vente, la location ou l&rsquo;achat d&rsquo;un domicile ou d&rsquo;un appartement situ\u00e9 \u00e0 Lutry ? \u00c0 Lutry, l&rsquo;agence Immobilierlocal propose des accompagnements sur mesure. Situ\u00e9e au centre de la ville, notre \u00e9quipe est disponible pour vous assister \u00e0 trouver ou mettre sur le march\u00e9 votre habitation. Notre agence immobili\u00e8re \u00e0 Lutry propose une large [&hellip;]","og_url":"https:\/\/www.immobilierlocal.ch\/c\/agence-immobiliere-a-lutry-expert-en-ventes-et-locations-immobilieres\/","og_site_name":"Immobilierlocal","article_modified_time":"2026-02-09T10:42:25+00:00","og_image":[{"width":1920,"height":300,"url":"https:\/\/www.immobilierlocal.ch\/c\/wp-content\/uploads\/2026\/02\/agence-immobiliere.jpg","type":"image\/jpeg"}],"twitter_card":"summary_large_image","twitter_misc":{"Dur\u00e9e de lecture estim\u00e9e":"3 minutes"},"schema":{"@context":"https:\/\/schema.org","@graph":[{"@type":"WebPage","@id":"https:\/\/www.immobilierlocal.ch\/c\/agence-immobiliere-a-lutry-expert-en-ventes-et-locations-immobilieres\/","url":"https:\/\/www.immobilierlocal.ch\/c\/agence-immobiliere-a-lutry-expert-en-ventes-et-locations-immobilieres\/","name":"Agence immobili\u00e8re \u00e0 Lutry : expert en ventes et locations immobili\u00e8res - Immobilierlocal","isPartOf":{"@id":"https:\/\/www.immobilierlocal.ch\/c\/#website"},"primaryImageOfPage":{"@id":"https:\/\/www.immobilierlocal.ch\/c\/agence-immobiliere-a-lutry-expert-en-ventes-et-locations-immobilieres\/#primaryimage"},"image":{"@id":"https:\/\/www.immobilierlocal.ch\/c\/agence-immobiliere-a-lutry-expert-en-ventes-et-locations-immobilieres\/#primaryimage"},"thumbnailUrl":"https:\/\/www.immobilierlocal.ch\/c\/wp-content\/uploads\/2026\/02\/agence-immobiliere.jpg","datePublished":"2024-04-16T15:07:01+00:00","dateModified":"2026-02-09T10:42:25+00:00","breadcrumb":{"@id":"https:\/\/www.immobilierlocal.ch\/c\/agence-immobiliere-a-lutry-expert-en-ventes-et-locations-immobilieres\/#breadcrumb"},"inLanguage":"fr-FR","potentialAction":[{"@type":"ReadAction","target":["https:\/\/www.immobilierlocal.ch\/c\/agence-immobiliere-a-lutry-expert-en-ventes-et-locations-immobilieres\/"]}]},{"@type":"ImageObject","inLanguage":"fr-FR","@id":"https:\/\/www.immobilierlocal.ch\/c\/agence-immobiliere-a-lutry-expert-en-ventes-et-locations-immobilieres\/#primaryimage","url":"https:\/\/www.immobilierlocal.ch\/c\/wp-content\/uploads\/2026\/02\/agence-immobiliere.jpg","contentUrl":"https:\/\/www.immobilierlocal.ch\/c\/wp-content\/uploads\/2026\/02\/agence-immobiliere.jpg","width":1920,"height":300},{"@type":"BreadcrumbList","@id":"https:\/\/www.immobilierlocal.ch\/c\/agence-immobiliere-a-lutry-expert-en-ventes-et-locations-immobilieres\/#breadcrumb","itemListElement":[{"@type":"ListItem","position":1,"name":"Accueil","item":"https:\/\/www.immobilierlocal.ch\/c\/"},{"@type":"ListItem","position":2,"name":"Agence immobili\u00e8re dans le canton de Vaud","item":"https:\/\/www.immobilierlocal.ch\/c\/agence-immobiliere-dans-le-canton-de-vaud-expert-en-ventes-et-locations-immobilieres\/"},{"@type":"ListItem","position":3,"name":"Agences immobili\u00e8res","item":"https:\/\/www.immobilierlocal.ch\/agences"},{"@type":"ListItem","position":4,"name":"Agence immobili\u00e8re \u00e0 Lutry"}]},{"@type":"WebSite","@id":"https:\/\/www.immobilierlocal.ch\/c\/#website","url":"https:\/\/www.immobilierlocal.ch\/c\/","name":"Immobilierlocal","description":"","publisher":{"@id":"https:\/\/www.immobilierlocal.ch\/c\/#organization"},"potentialAction":[{"@type":"SearchAction","target":{"@type":"EntryPoint","urlTemplate":"https:\/\/www.immobilierlocal.ch\/c\/?s={search_term_string}"},"query-input":{"@type":"PropertyValueSpecification","valueRequired":true,"valueName":"search_term_string"}}],"inLanguage":"fr-FR"},{"@type":"Organization","@id":"https:\/\/www.immobilierlocal.ch\/c\/#organization","name":"Immobilierlocal","url":"https:\/\/www.immobilierlocal.ch\/c\/","logo":{"@type":"ImageObject","inLanguage":"fr-FR","@id":"https:\/\/www.immobilierlocal.ch\/c\/#\/schema\/logo\/image\/","url":"https:\/\/www.immobilierlocal.ch\/c\/wp-content\/uploads\/2023\/10\/logo-immobilierlocal-h.svg","contentUrl":"https:\/\/www.immobilierlocal.ch\/c\/wp-content\/uploads\/2023\/10\/logo-immobilierlocal-h.svg","caption":"Immobilierlocal"},"image":{"@id":"https:\/\/www.immobilierlocal.ch\/c\/#\/schema\/logo\/image\/"}}]}},"_links":{"self":[{"href":"https:\/\/www.immobilierlocal.ch\/c\/wp-json\/wp\/v2\/pages\/2321","targetHints":{"allow":["GET"]}}],"collection":[{"href":"https:\/\/www.immobilierlocal.ch\/c\/wp-json\/wp\/v2\/pages"}],"about":[{"href":"https:\/\/www.immobilierlocal.ch\/c\/wp-json\/wp\/v2\/types\/page"}],"author":[{"embeddable":true,"href":"https:\/\/www.immobilierlocal.ch\/c\/wp-json\/wp\/v2\/users\/3"}],"replies":[{"embeddable":true,"href":"https:\/\/www.immobilierlocal.ch\/c\/wp-json\/wp\/v2\/comments?post=2321"}],"version-history":[{"count":0,"href":"https:\/\/www.immobilierlocal.ch\/c\/wp-json\/wp\/v2\/pages\/2321\/revisions"}],"wp:featuredmedia":[{"embeddable":true,"href":"https:\/\/www.immobilierlocal.ch\/c\/wp-json\/wp\/v2\/media\/2768"}],"wp:attachment":[{"href":"https:\/\/www.immobilierlocal.ch\/c\/wp-json\/wp\/v2\/media?parent=2321"}],"wp:term":[{"taxonomy":"category","embeddable":true,"href":"https:\/\/www.immobilierlocal.ch\/c\/wp-json\/wp\/v2\/categories?post=2321"},{"taxonomy":"profession","embeddable":true,"href":"https:\/\/www.immobilierlocal.ch\/c\/wp-json\/wp\/v2\/profession?post=2321"},{"taxonomy":"location","embeddable":true,"href":"https:\/\/www.immobilierlocal.ch\/c\/wp-json\/wp\/v2\/location?post=2321"},{"taxonomy":"canton","embeddable":true,"href":"https:\/\/www.immobilierlocal.ch\/c\/wp-json\/wp\/v2\/canton?post=2321"}],"curies":[{"name":"wp","href":"https:\/\/api.w.org\/{rel}","templated":true}]}}