
{"id":2318,"date":"2024-04-16T17:07:18","date_gmt":"2024-04-16T15:07:18","guid":{"rendered":"https:\/\/www.immobilierlocal.ch\/c\/?page_id=2318"},"modified":"2026-02-09T11:42:08","modified_gmt":"2026-02-09T10:42:08","slug":"agence-immobiliere-a-saxon-vente-achat-location-dun-bien-immobilier","status":"publish","type":"page","link":"https:\/\/www.immobilierlocal.ch\/c\/agence-immobiliere-a-saxon-vente-achat-location-dun-bien-immobilier\/","title":{"rendered":"Agence immobili\u00e8re \u00e0 Saxon : vente achat location d&rsquo;un bien immobilier"},"content":{"rendered":"<p>Envisagez-vous l&rsquo;achat ou la vente d&rsquo;un domicile ou d&rsquo;un appartement localis\u00e9 \u00e0 Saxon ? Immobilierlocal est joignable pour vous guider dans vos projets. \u00c9tabli au c\u0153ur de la ville, nos conseillers immobiliers sont disponibles pour vous assister \u00e0 acqu\u00e9rir ou mettre sur le march\u00e9 votre propri\u00e9t\u00e9. Notre soci\u00e9t\u00e9 immobili\u00e8re \u00e0 Saxon propose une large gamme de services : pour acqu\u00e9rir, vendre votre maison, ou votre studio, louer un studio, acqu\u00e9rir des locaux, des magasins, pour la g\u00e9rance de vos biens, pour de la location d&rsquo;immobilier de courte dur\u00e9e ou la g\u00e9rance de syndicat de copropri\u00e9taires et pour le financement de votre bien.<\/p>\n\n<div class=\"box\">\n    <h2 class=\"text-dark\">Nous cherchons un <em class=\"text-primary\">Agent immobilier<\/em> dans la r\u00e9gion de <em class=\"text-primary\">Saxon<\/em>  en exclusivit\u00e9, afin de proposer vos services \u00e0 nos clients propri\u00e9taires.<\/h2>\n    <p>Une opportunit\u00e9 unique pour booster votre activit\u00e9 \u00e0 <strong>Saxon<\/strong> et aux alentours dans votre domaine (Agent immobilier).<\/p>\n    <p>Nous travaillons en exclusivit\u00e9 avec qu'une soci\u00e9t\u00e9 par m\u00e9tier et par r\u00e9gion. <br>Votre entreprise est pr\u00e9sente sur tous les documents immobiliers. Afin d'\u00eatre mieux vu sur le net, vous \u00eates \u00e9galement visible sur nos deux sites et sur les pages de r\u00e9f\u00e9rencement de votre r\u00e9gion.<\/p>\n    <a href=\"\/contact\" class=\"wp-block-button__link has-accent-background-color has-text-align-center wp-element-button\">R\u00e9server<\/a>\n<\/div>\n<h2>Le march\u00e9 immobilier Saxonain s&rsquo;\u00e9tend en dehors de son agglom\u00e9ration<\/h2>\n<p>R\u00e9cemment, les prix ont augment\u00e9 \u00e0 Saxon, en raison de plusieurs facteurs :<\/p>\n<ul>\n<li>Sa position g\u00e9ographique,<\/li>\n<li>le secteur de l&#8217;emploi,<\/li>\n<li>la qualit\u00e9 de son lieu de vie.<\/li>\n<\/ul>\n<p>Acqu\u00e9rir un bien \u00e0 Saxon est aussi une valeur s\u00fbre, parce que la demande d&rsquo;achats et de locations a connu une forte demande, cr\u00e9ant une hausse des prix.<\/p>\n<h3>Pour le prix immobilier moyen au m\u00b2 \u00e0 Saxon<\/h3>\n<p class=\"estimates-price-immobilier\">Le march\u00e9 immobilier \u00e0 Saxon affiche un prix moyen de CHF 6'328 \/ m\u00b2 (prix par m\u00e8tre carr\u00e9). Les maisons et les appartements ont un prix moyen respectif de CHF 6'607 \/ m\u00b2 et de CHF 6'049 \/ m\u00b2.<\/p>\n<h3>Pour le loyer moyen \u00e0 Saxon<\/h3>\n<p class=\"estimates-rent-average\">Les loyers moyens \u00e0 Saxon sont actuellement de CHF 1'528 pour les appartements, CHF 1'958 pour les maisons.<\/p>\n<p>La raret\u00e9 des logements disponibles \u00e0 la vente pousse de plus en plus d&rsquo;acheteurs \u00e0 s&rsquo;\u00e9carter de Saxon et \u00e0 cibler des villes aux alentours, comme :<\/p>\nCharrat, Riddes, Dugny (Leytron), Leytron, Montagnon (Leytron), Produit (Leytron), Saillon, Is\u00e9rables, Auddes-sur-Riddes, La Tzoumaz, Martigny, Martigny-Croix, Fully, Chemin, Ravoire, Trient, Bovernier, Les Valettes (Bovernier), Chamoille (Sembrancher), La Garde (Sembrancher), Sembrancher, Vens (Sembrancher), Bruson, Le Ch\u00e2ble VS, Verbier, Orsi\u00e8res, Champex-Lac, Cries (Voll\u00e8ges), Voll\u00e8ges, Levron, Praz-de-Fort, La Fouly VS, Chandonne (Liddes), Chez Petit (Liddes), Dranse (Liddes), Fontaine Dessous (Liddes), Fontaine Dessus (Liddes), Fornex (Liddes), Les Moulins VS (Liddes), Liddes, Palasuit (Liddes), Petit Vich\u00e8res (Liddes), Rive Haute (Liddes), Vich\u00e8res (Liddes), Bourg-St-Pierre, Champsec, Verseg\u00e8res, Fionnay, Lourtier, Sarreyer, Mayens-de-Chamoson, Ovronnaz.\n<h2>La position g\u00e9ographique de notre agence immobili\u00e8re \u00e0 Saxon<\/h2>\n<p>Implant\u00e9e \u00e0 Saxon notre agence intervient dans l&rsquo;ensemble des secteurs de la ville.<\/p>\n\n<h2>Pourquoi choisir Immobilierlocal ?<\/h2>\n<p>Immobilierlocal offre une vaste s\u00e9lection de services, tel que :<\/p>\n<ul>\n<li>La publication de votre annonce sur notre site : dans le but de toucher plus de monde.<\/li>\n<li>Une vitrine en suisse et sur internet : notre site web se positionne sur des moteurs de recherches francophones afin d\u2019atteindre plus d\u2019acheteurs et de vendeurs.<\/li>\n<li>Strat\u00e9gie de vente personnalis\u00e9e : chaque bien sur notre plateforme internet profite d&rsquo;une approche de vente sur mesure.<\/li>\n<li>Estimation des prix : nous avons con\u00e7u des applications en ligne pour d\u00e9terminer les prix de vente des logements.<\/li>\n<li>Vid\u00e9os et photos : nous r\u00e9alisons des vid\u00e9os et des images pour valoriser votre domicile sur le web.<\/li>\n<li>Signature num\u00e9rique : nous proposons la possibilit\u00e9 de sign\u00e9 \u00e9lectroniquement vos documents en ligne.<\/li>\n<li>Conciergerie : nous proposons aussi un service de conciergerie airbnb.<\/li>\n<li>Administration de propri\u00e9t\u00e9s : nous proposons une garantie de non-paiement des loyers.<\/li>\n<\/ul>\n<h2>Une agence immobili\u00e8re qui regroupe des professionnels<\/h2>\n<p>Tous nos collaborateurs sont qualifi\u00e9s, qu&rsquo;ils soient : commerciaux, managers ou techniciens. Nos conseillers suivent r\u00e9guli\u00e8rement des formations afin de maintenir leurs bagages techniques, juridiques et commerciales \u00e0 jour. De plus, nos agents immobiliers ont tous aussi acquis une exp\u00e9rience au pr\u00e9alable. Les comp\u00e9tences acquises nous permettent d&rsquo;accompagner au maximum nos partenaires.<\/p>\n<h2>Obtenez une estimation de votre logement \u00e0 Saxon<\/h2>\n<p>Nous effectuons des estimations d\u00e9taill\u00e9es de votre habitation \u00e0 Saxon, nous prenons en compte les particularit\u00e9s de votre propri\u00e9t\u00e9, ou encore la renomm\u00e9e de votre secteur. Immobilierlocal offre \u00e0 ses clients, les services, tel que : l&rsquo;administration de vos appartements locatifs, l&rsquo;achat, la vente, les placements immobiliers, la direction des locations temporaires et la g\u00e9rance du syndic.<\/p>\n<h2>Une agence immobili\u00e8re qui vous accompagne<\/h2>\n<p>Nous comprenons que chaque personne est unique, c&rsquo;est la raison pour laquelle nous personnalisons nos conseils. Si vous avez besoin d\u2019acheter ou de louer une maison ou un studio dans la zone de Saxon, les conseillers de notre agence immobili\u00e8re sont \u00e0 votre disposition \u00e0 toutes les phases de votre projet immobilier. Vous voulez acheter une nouvelle r\u00e9sidence \u00e0 Saxon ? Nous vous trouvons le meilleur logement potentiel par notre r\u00e9seau.<\/p>\n<h2>Vous recherchez une agence immobili\u00e8re \u00e0 Saxon ?<\/h2>\n<p>L&rsquo;agence Immobilierlocal est implant\u00e9e au centre de Saxon. Nos conseillers vous \u00e9coutent et sont pr\u00eats \u00e0 vous \u00e9pauler dans votre projet. Notre entreprise est exp\u00e9riment\u00e9e dans l&rsquo;acquisition, la vente et la gestion de propri\u00e9t\u00e9s.<\/p>\n","protected":false},"excerpt":{"rendered":"<p>Envisagez-vous l&rsquo;achat ou la vente d&rsquo;un domicile ou d&rsquo;un appartement localis\u00e9 \u00e0 Saxon ? Immobilierlocal est joignable pour vous guider dans vos projets. \u00c9tabli au c\u0153ur de la ville, nos conseillers immobiliers sont disponibles pour vous assister \u00e0 acqu\u00e9rir ou mettre sur le march\u00e9 votre propri\u00e9t\u00e9. Notre soci\u00e9t\u00e9 immobili\u00e8re \u00e0 Saxon propose une large gamme [&hellip;]<\/p>\n","protected":false},"author":3,"featured_media":2768,"parent":0,"menu_order":0,"comment_status":"closed","ping_status":"closed","template":"wp-custom-template-page-agent","meta":{"footnotes":""},"categories":[89],"profession":[92],"location":[14],"canton":[81],"class_list":["post-2318","page","type-page","status-publish","has-post-thumbnail","hentry","category-agence","profession-agent-immobilier"],"yoast_head":"<!-- This site is optimized with the Yoast SEO Premium plugin v23.0 (Yoast SEO v27.3) - https:\/\/yoast.com\/product\/yoast-seo-premium-wordpress\/ -->\n<title>Agence immobili\u00e8re \u00e0 Saxon : vente achat location d&#039;un bien immobilier - Immobilierlocal<\/title>\n<meta name=\"robots\" content=\"index, follow, max-snippet:-1, max-image-preview:large, max-video-preview:-1\" \/>\n<link rel=\"canonical\" href=\"https:\/\/www.immobilierlocal.ch\/c\/agence-immobiliere-a-saxon-vente-achat-location-dun-bien-immobilier\/\" \/>\n<meta property=\"og:locale\" content=\"fr_FR\" \/>\n<meta property=\"og:type\" content=\"article\" \/>\n<meta property=\"og:title\" content=\"Agence immobili\u00e8re \u00e0 Saxon : vente achat location d&#039;un bien immobilier\" \/>\n<meta property=\"og:description\" content=\"Envisagez-vous l&rsquo;achat ou la vente d&rsquo;un domicile ou d&rsquo;un appartement localis\u00e9 \u00e0 Saxon ? Immobilierlocal est joignable pour vous guider dans vos projets. \u00c9tabli au c\u0153ur de la ville, nos conseillers immobiliers sont disponibles pour vous assister \u00e0 acqu\u00e9rir ou mettre sur le march\u00e9 votre propri\u00e9t\u00e9. Notre soci\u00e9t\u00e9 immobili\u00e8re \u00e0 Saxon propose une large gamme [&hellip;]\" \/>\n<meta property=\"og:url\" content=\"https:\/\/www.immobilierlocal.ch\/c\/agence-immobiliere-a-saxon-vente-achat-location-dun-bien-immobilier\/\" \/>\n<meta property=\"og:site_name\" content=\"Immobilierlocal\" \/>\n<meta property=\"article:modified_time\" content=\"2026-02-09T10:42:08+00:00\" \/>\n<meta property=\"og:image\" content=\"https:\/\/www.immobilierlocal.ch\/c\/wp-content\/uploads\/2026\/02\/agence-immobiliere.jpg\" \/>\n\t<meta property=\"og:image:width\" content=\"1920\" \/>\n\t<meta property=\"og:image:height\" content=\"300\" \/>\n\t<meta property=\"og:image:type\" content=\"image\/jpeg\" \/>\n<meta name=\"twitter:card\" content=\"summary_large_image\" \/>\n<meta name=\"twitter:label1\" content=\"Dur\u00e9e de lecture estim\u00e9e\" \/>\n\t<meta name=\"twitter:data1\" content=\"3 minutes\" \/>\n<script type=\"application\/ld+json\" class=\"yoast-schema-graph\">{\"@context\":\"https:\\\/\\\/schema.org\",\"@graph\":[{\"@type\":\"WebPage\",\"@id\":\"https:\\\/\\\/www.immobilierlocal.ch\\\/c\\\/agence-immobiliere-a-saxon-vente-achat-location-dun-bien-immobilier\\\/\",\"url\":\"https:\\\/\\\/www.immobilierlocal.ch\\\/c\\\/agence-immobiliere-a-saxon-vente-achat-location-dun-bien-immobilier\\\/\",\"name\":\"Agence immobili\u00e8re \u00e0 Saxon : vente achat location d'un bien immobilier - Immobilierlocal\",\"isPartOf\":{\"@id\":\"https:\\\/\\\/www.immobilierlocal.ch\\\/c\\\/#website\"},\"primaryImageOfPage\":{\"@id\":\"https:\\\/\\\/www.immobilierlocal.ch\\\/c\\\/agence-immobiliere-a-saxon-vente-achat-location-dun-bien-immobilier\\\/#primaryimage\"},\"image\":{\"@id\":\"https:\\\/\\\/www.immobilierlocal.ch\\\/c\\\/agence-immobiliere-a-saxon-vente-achat-location-dun-bien-immobilier\\\/#primaryimage\"},\"thumbnailUrl\":\"https:\\\/\\\/www.immobilierlocal.ch\\\/c\\\/wp-content\\\/uploads\\\/2026\\\/02\\\/agence-immobiliere.jpg\",\"datePublished\":\"2024-04-16T15:07:18+00:00\",\"dateModified\":\"2026-02-09T10:42:08+00:00\",\"breadcrumb\":{\"@id\":\"https:\\\/\\\/www.immobilierlocal.ch\\\/c\\\/agence-immobiliere-a-saxon-vente-achat-location-dun-bien-immobilier\\\/#breadcrumb\"},\"inLanguage\":\"fr-FR\",\"potentialAction\":[{\"@type\":\"ReadAction\",\"target\":[\"https:\\\/\\\/www.immobilierlocal.ch\\\/c\\\/agence-immobiliere-a-saxon-vente-achat-location-dun-bien-immobilier\\\/\"]}]},{\"@type\":\"ImageObject\",\"inLanguage\":\"fr-FR\",\"@id\":\"https:\\\/\\\/www.immobilierlocal.ch\\\/c\\\/agence-immobiliere-a-saxon-vente-achat-location-dun-bien-immobilier\\\/#primaryimage\",\"url\":\"https:\\\/\\\/www.immobilierlocal.ch\\\/c\\\/wp-content\\\/uploads\\\/2026\\\/02\\\/agence-immobiliere.jpg\",\"contentUrl\":\"https:\\\/\\\/www.immobilierlocal.ch\\\/c\\\/wp-content\\\/uploads\\\/2026\\\/02\\\/agence-immobiliere.jpg\",\"width\":1920,\"height\":300},{\"@type\":\"BreadcrumbList\",\"@id\":\"https:\\\/\\\/www.immobilierlocal.ch\\\/c\\\/agence-immobiliere-a-saxon-vente-achat-location-dun-bien-immobilier\\\/#breadcrumb\",\"itemListElement\":[{\"@type\":\"ListItem\",\"position\":1,\"name\":\"Accueil\",\"item\":\"https:\\\/\\\/www.immobilierlocal.ch\\\/c\\\/\"},{\"@type\":\"ListItem\",\"position\":2,\"name\":\"Agence immobili\u00e8re dans le canton du Valais\",\"item\":\"https:\\\/\\\/www.immobilierlocal.ch\\\/c\\\/agence-immobiliere-dans-le-canton-du-valais-achat-vente-location-dune-propriete-immobiliere\\\/\"},{\"@type\":\"ListItem\",\"position\":3,\"name\":\"Agences immobili\u00e8res\",\"item\":\"https:\\\/\\\/www.immobilierlocal.ch\\\/agences\"},{\"@type\":\"ListItem\",\"position\":4,\"name\":\"Agence immobili\u00e8re \u00e0 Saxon\"}]},{\"@type\":\"WebSite\",\"@id\":\"https:\\\/\\\/www.immobilierlocal.ch\\\/c\\\/#website\",\"url\":\"https:\\\/\\\/www.immobilierlocal.ch\\\/c\\\/\",\"name\":\"Immobilierlocal\",\"description\":\"\",\"publisher\":{\"@id\":\"https:\\\/\\\/www.immobilierlocal.ch\\\/c\\\/#organization\"},\"potentialAction\":[{\"@type\":\"SearchAction\",\"target\":{\"@type\":\"EntryPoint\",\"urlTemplate\":\"https:\\\/\\\/www.immobilierlocal.ch\\\/c\\\/?s={search_term_string}\"},\"query-input\":{\"@type\":\"PropertyValueSpecification\",\"valueRequired\":true,\"valueName\":\"search_term_string\"}}],\"inLanguage\":\"fr-FR\"},{\"@type\":\"Organization\",\"@id\":\"https:\\\/\\\/www.immobilierlocal.ch\\\/c\\\/#organization\",\"name\":\"Immobilierlocal\",\"url\":\"https:\\\/\\\/www.immobilierlocal.ch\\\/c\\\/\",\"logo\":{\"@type\":\"ImageObject\",\"inLanguage\":\"fr-FR\",\"@id\":\"https:\\\/\\\/www.immobilierlocal.ch\\\/c\\\/#\\\/schema\\\/logo\\\/image\\\/\",\"url\":\"https:\\\/\\\/www.immobilierlocal.ch\\\/c\\\/wp-content\\\/uploads\\\/2023\\\/10\\\/logo-immobilierlocal-h.svg\",\"contentUrl\":\"https:\\\/\\\/www.immobilierlocal.ch\\\/c\\\/wp-content\\\/uploads\\\/2023\\\/10\\\/logo-immobilierlocal-h.svg\",\"caption\":\"Immobilierlocal\"},\"image\":{\"@id\":\"https:\\\/\\\/www.immobilierlocal.ch\\\/c\\\/#\\\/schema\\\/logo\\\/image\\\/\"}}]}<\/script>\n<!-- \/ Yoast SEO Premium plugin. -->","yoast_head_json":{"title":"Agence immobili\u00e8re \u00e0 Saxon : vente achat location d'un bien immobilier - Immobilierlocal","robots":{"index":"index","follow":"follow","max-snippet":"max-snippet:-1","max-image-preview":"max-image-preview:large","max-video-preview":"max-video-preview:-1"},"canonical":"https:\/\/www.immobilierlocal.ch\/c\/agence-immobiliere-a-saxon-vente-achat-location-dun-bien-immobilier\/","og_locale":"fr_FR","og_type":"article","og_title":"Agence immobili\u00e8re \u00e0 Saxon : vente achat location d'un bien immobilier","og_description":"Envisagez-vous l&rsquo;achat ou la vente d&rsquo;un domicile ou d&rsquo;un appartement localis\u00e9 \u00e0 Saxon ? Immobilierlocal est joignable pour vous guider dans vos projets. \u00c9tabli au c\u0153ur de la ville, nos conseillers immobiliers sont disponibles pour vous assister \u00e0 acqu\u00e9rir ou mettre sur le march\u00e9 votre propri\u00e9t\u00e9. Notre soci\u00e9t\u00e9 immobili\u00e8re \u00e0 Saxon propose une large gamme [&hellip;]","og_url":"https:\/\/www.immobilierlocal.ch\/c\/agence-immobiliere-a-saxon-vente-achat-location-dun-bien-immobilier\/","og_site_name":"Immobilierlocal","article_modified_time":"2026-02-09T10:42:08+00:00","og_image":[{"width":1920,"height":300,"url":"https:\/\/www.immobilierlocal.ch\/c\/wp-content\/uploads\/2026\/02\/agence-immobiliere.jpg","type":"image\/jpeg"}],"twitter_card":"summary_large_image","twitter_misc":{"Dur\u00e9e de lecture estim\u00e9e":"3 minutes"},"schema":{"@context":"https:\/\/schema.org","@graph":[{"@type":"WebPage","@id":"https:\/\/www.immobilierlocal.ch\/c\/agence-immobiliere-a-saxon-vente-achat-location-dun-bien-immobilier\/","url":"https:\/\/www.immobilierlocal.ch\/c\/agence-immobiliere-a-saxon-vente-achat-location-dun-bien-immobilier\/","name":"Agence immobili\u00e8re \u00e0 Saxon : vente achat location d'un bien immobilier - Immobilierlocal","isPartOf":{"@id":"https:\/\/www.immobilierlocal.ch\/c\/#website"},"primaryImageOfPage":{"@id":"https:\/\/www.immobilierlocal.ch\/c\/agence-immobiliere-a-saxon-vente-achat-location-dun-bien-immobilier\/#primaryimage"},"image":{"@id":"https:\/\/www.immobilierlocal.ch\/c\/agence-immobiliere-a-saxon-vente-achat-location-dun-bien-immobilier\/#primaryimage"},"thumbnailUrl":"https:\/\/www.immobilierlocal.ch\/c\/wp-content\/uploads\/2026\/02\/agence-immobiliere.jpg","datePublished":"2024-04-16T15:07:18+00:00","dateModified":"2026-02-09T10:42:08+00:00","breadcrumb":{"@id":"https:\/\/www.immobilierlocal.ch\/c\/agence-immobiliere-a-saxon-vente-achat-location-dun-bien-immobilier\/#breadcrumb"},"inLanguage":"fr-FR","potentialAction":[{"@type":"ReadAction","target":["https:\/\/www.immobilierlocal.ch\/c\/agence-immobiliere-a-saxon-vente-achat-location-dun-bien-immobilier\/"]}]},{"@type":"ImageObject","inLanguage":"fr-FR","@id":"https:\/\/www.immobilierlocal.ch\/c\/agence-immobiliere-a-saxon-vente-achat-location-dun-bien-immobilier\/#primaryimage","url":"https:\/\/www.immobilierlocal.ch\/c\/wp-content\/uploads\/2026\/02\/agence-immobiliere.jpg","contentUrl":"https:\/\/www.immobilierlocal.ch\/c\/wp-content\/uploads\/2026\/02\/agence-immobiliere.jpg","width":1920,"height":300},{"@type":"BreadcrumbList","@id":"https:\/\/www.immobilierlocal.ch\/c\/agence-immobiliere-a-saxon-vente-achat-location-dun-bien-immobilier\/#breadcrumb","itemListElement":[{"@type":"ListItem","position":1,"name":"Accueil","item":"https:\/\/www.immobilierlocal.ch\/c\/"},{"@type":"ListItem","position":2,"name":"Agence immobili\u00e8re dans le canton du Valais","item":"https:\/\/www.immobilierlocal.ch\/c\/agence-immobiliere-dans-le-canton-du-valais-achat-vente-location-dune-propriete-immobiliere\/"},{"@type":"ListItem","position":3,"name":"Agences immobili\u00e8res","item":"https:\/\/www.immobilierlocal.ch\/agences"},{"@type":"ListItem","position":4,"name":"Agence immobili\u00e8re \u00e0 Saxon"}]},{"@type":"WebSite","@id":"https:\/\/www.immobilierlocal.ch\/c\/#website","url":"https:\/\/www.immobilierlocal.ch\/c\/","name":"Immobilierlocal","description":"","publisher":{"@id":"https:\/\/www.immobilierlocal.ch\/c\/#organization"},"potentialAction":[{"@type":"SearchAction","target":{"@type":"EntryPoint","urlTemplate":"https:\/\/www.immobilierlocal.ch\/c\/?s={search_term_string}"},"query-input":{"@type":"PropertyValueSpecification","valueRequired":true,"valueName":"search_term_string"}}],"inLanguage":"fr-FR"},{"@type":"Organization","@id":"https:\/\/www.immobilierlocal.ch\/c\/#organization","name":"Immobilierlocal","url":"https:\/\/www.immobilierlocal.ch\/c\/","logo":{"@type":"ImageObject","inLanguage":"fr-FR","@id":"https:\/\/www.immobilierlocal.ch\/c\/#\/schema\/logo\/image\/","url":"https:\/\/www.immobilierlocal.ch\/c\/wp-content\/uploads\/2023\/10\/logo-immobilierlocal-h.svg","contentUrl":"https:\/\/www.immobilierlocal.ch\/c\/wp-content\/uploads\/2023\/10\/logo-immobilierlocal-h.svg","caption":"Immobilierlocal"},"image":{"@id":"https:\/\/www.immobilierlocal.ch\/c\/#\/schema\/logo\/image\/"}}]}},"_links":{"self":[{"href":"https:\/\/www.immobilierlocal.ch\/c\/wp-json\/wp\/v2\/pages\/2318","targetHints":{"allow":["GET"]}}],"collection":[{"href":"https:\/\/www.immobilierlocal.ch\/c\/wp-json\/wp\/v2\/pages"}],"about":[{"href":"https:\/\/www.immobilierlocal.ch\/c\/wp-json\/wp\/v2\/types\/page"}],"author":[{"embeddable":true,"href":"https:\/\/www.immobilierlocal.ch\/c\/wp-json\/wp\/v2\/users\/3"}],"replies":[{"embeddable":true,"href":"https:\/\/www.immobilierlocal.ch\/c\/wp-json\/wp\/v2\/comments?post=2318"}],"version-history":[{"count":0,"href":"https:\/\/www.immobilierlocal.ch\/c\/wp-json\/wp\/v2\/pages\/2318\/revisions"}],"wp:featuredmedia":[{"embeddable":true,"href":"https:\/\/www.immobilierlocal.ch\/c\/wp-json\/wp\/v2\/media\/2768"}],"wp:attachment":[{"href":"https:\/\/www.immobilierlocal.ch\/c\/wp-json\/wp\/v2\/media?parent=2318"}],"wp:term":[{"taxonomy":"category","embeddable":true,"href":"https:\/\/www.immobilierlocal.ch\/c\/wp-json\/wp\/v2\/categories?post=2318"},{"taxonomy":"profession","embeddable":true,"href":"https:\/\/www.immobilierlocal.ch\/c\/wp-json\/wp\/v2\/profession?post=2318"},{"taxonomy":"location","embeddable":true,"href":"https:\/\/www.immobilierlocal.ch\/c\/wp-json\/wp\/v2\/location?post=2318"},{"taxonomy":"canton","embeddable":true,"href":"https:\/\/www.immobilierlocal.ch\/c\/wp-json\/wp\/v2\/canton?post=2318"}],"curies":[{"name":"wp","href":"https:\/\/api.w.org\/{rel}","templated":true}]}}