
{"id":2316,"date":"2024-04-16T17:06:55","date_gmt":"2024-04-16T15:06:55","guid":{"rendered":"https:\/\/www.immobilierlocal.ch\/c\/?page_id=2316"},"modified":"2026-02-09T11:42:31","modified_gmt":"2026-02-09T10:42:31","slug":"agence-immobiliere-a-fetigny-votre-partenaire-pour-la-location-lachat-et-la-vente-de-biens-immobiliers","status":"publish","type":"page","link":"https:\/\/www.immobilierlocal.ch\/c\/agence-immobiliere-a-fetigny-votre-partenaire-pour-la-location-lachat-et-la-vente-de-biens-immobiliers\/","title":{"rendered":"Agence immobili\u00e8re \u00e0 F\u00e9tigny : votre partenaire pour la location, l&rsquo;achat et la vente de biens immobiliers"},"content":{"rendered":"<p>Vous projetez de vendre, d&rsquo;acheter, de louer une maison ou un logement \u00e0 F\u00e9tigny ? \u00c0 F\u00e9tigny, l&rsquo;agence Immobilierlocal propose des accompagnements personnalis\u00e9s. Situ\u00e9e au c\u0153ur de la ville, nos commerciaux sont disponibles pour vous aider \u00e0 acqu\u00e9rir ou mettre sur le march\u00e9 votre bien immobilier. \u00c0 F\u00e9tigny, notre soci\u00e9t\u00e9 propose des services pour : l&rsquo;achat, la cession, la mise en location de lofts, de propri\u00e9t\u00e9s, de magasins de proximit\u00e9s, de locaux commerciaux, nous proposons aussi la g\u00e9rance de vos propri\u00e9t\u00e9s immobili\u00e8res, la gestion locative d&rsquo;Airbnb, la gestion de copropri\u00e9t\u00e9s ou encore pour \u00e9laborer une solution de pr\u00eat de votre futur bien immobilier.<\/p>\n\n<div class=\"box\">\n    <h2 class=\"text-dark\">Nous cherchons un <em class=\"text-primary\">Agent immobilier<\/em> dans la r\u00e9gion de <em class=\"text-primary\">F\u00e9tigny<\/em>  en exclusivit\u00e9, afin de proposer vos services \u00e0 nos clients propri\u00e9taires.<\/h2>\n    <p>Une opportunit\u00e9 unique pour booster votre activit\u00e9 \u00e0 <strong>F\u00e9tigny<\/strong> et aux alentours dans votre domaine (Agent immobilier).<\/p>\n    <p>Nous travaillons en exclusivit\u00e9 avec qu'une soci\u00e9t\u00e9 par m\u00e9tier et par r\u00e9gion. <br>Votre entreprise est pr\u00e9sente sur tous les documents immobiliers. Afin d'\u00eatre mieux vu sur le net, vous \u00eates \u00e9galement visible sur nos deux sites et sur les pages de r\u00e9f\u00e9rencement de votre r\u00e9gion.<\/p>\n    <a href=\"\/contact\" class=\"wp-block-button__link has-accent-background-color has-text-align-center wp-element-button\">R\u00e9server<\/a>\n<\/div>\n<h2>Le march\u00e9 immobilier F\u00e9tignois se d\u00e9veloppe plus loin que de son agglom\u00e9ration<\/h2>\n<p>Ces derni\u00e8res ann\u00e9es, les tarifs ont grimp\u00e9 en fl\u00e8che \u00e0 F\u00e9tigny, pour plusieurs raisons :<\/p>\n<ul>\n<li>Son emplacement g\u00e9ographique,<\/li>\n<li>l&rsquo;attractivit\u00e9 \u00e9conomique,<\/li>\n<li>les conditions et l&rsquo;\u00e9tat de son environnement.<\/li>\n<\/ul>\n<p>Acheter un bien \u00e0 F\u00e9tigny est aussi une valeur s\u00fbre, en raison de la demande d&rsquo;achats et de locations a connu une forte demande, conduisant une pouss\u00e9e des prix.<\/p>\n<h3>Pour le prix immobilier moyen au m\u00b2 \u00e0 F\u00e9tigny<\/h3>\n<p class=\"estimates-price-immobilier\">Le march\u00e9 immobilier \u00e0 F\u00e9tigny affiche un prix moyen de CHF 6'318 \/ m\u00b2 (prix par m\u00e8tre carr\u00e9). Les maisons et les appartements ont un prix moyen respectif de CHF 6'738 \/ m\u00b2 et de CHF 5'899 \/ m\u00b2.<\/p>\n<h3>Pour le loyer moyen des logements \u00e0 F\u00e9tigny<\/h3>\n<p class=\"estimates-rent-average\">Les loyers moyens \u00e0 F\u00e9tigny sont actuellement de CHF 1'548 pour les appartements, CHF 2'476 pour les maisons.<\/p>\n<p>La rar\u00e9faction des logements propos\u00e9s \u00e0 la vente pousse de plus en plus d&rsquo;acqu\u00e9reurs \u00e0 s&rsquo;\u00e9loigner de F\u00e9tigny et \u00e0 porter leur attention dans les villes \u00e0 proximit\u00e9, comme :<\/p>\nCheyres, Estavayer-le-Lac, Bollion, Lully FR, Seiry, Ch\u00e2tillon FR, Font, Ch\u00e2bles FR, Autavaux, Forel FR, Montbrelloz, Cugy FR, Vesin, Frasses, Montet (Broye), Aumont, Granges-de-Vesin, Nuvilly, Murist, Payerne, M\u00e9ni\u00e8res, Treytorrens (Payerne), Bussy FR, Morens FR, S\u00e9vaz, Rueyres-les-Pr\u00e9s, Grandcour, Chevroux, Vers-chez-Perrin, Trey, Ch\u00e2tonnaye, Corcelles-pr\u00e8s-Payerne, Missy, Cerniat FR, Middes, Cousset, Montagny-les-Monts, Grandsivaz, Mannens, Montagny-la-Ville.\n<h2>La position g\u00e9ographique de notre agence immobili\u00e8re \u00e0 F\u00e9tigny<\/h2>\n<p>Les commerciaux de notre agence immobili\u00e8re interviennent dans tous les arrondissements de F\u00e9tigny.<\/p>\n\n<h2>Pourquoi s\u00e9lectionner Immobilierlocal ?<\/h2>\n<p>Immobilierlocal offre une vaste s\u00e9lection de services, comme :<\/p>\n<ul>\n<li>La publication de votre annonce sur notre site : afin de toucher plus de futurs clients.<\/li>\n<li>Un site internet en suisse et aussi pr\u00e9sent en francophonie : notre site web est optimis\u00e9 pour appara\u00eetre dans plusieurs moteurs de recherche web francophones pour toucher un maximum de clients.<\/li>\n<li>Programme personnalis\u00e9 : chacun des logements pr\u00e9sents sur notre site profite d&rsquo;un plan de commercialisation personnalis\u00e9.<\/li>\n<li>Estimation immobili\u00e8re en ligne : nous avons d\u00e9velopp\u00e9 un outil digital pour calculer les prix de vente des habitations \u00e0 F\u00e9tigny.<\/li>\n<li>Photos et vid\u00e9os : nous produisons des images et des vid\u00e9os pour valoriser votre studio sur le web.<\/li>\n<li>Empreinte \u00e9lectronique : nous mettons \u00e0 disposition la signature des documents par voie \u00e9lectronique afin de vous simplifier la vie.<\/li>\n<li>Gestion locative airbnb : nous fournissons aussi un service de gestion de location airbnb.<\/li>\n<li>Services de gestion locative : nous proposons une protection pour le non-paiement des loyers.<\/li>\n<\/ul>\n<h2>Une agence immobili\u00e8re qui r\u00e9unis des professionnels<\/h2>\n<p>Les agents de notre agence sont exp\u00e9riment\u00e9s, qu&rsquo;il s&rsquo;agisse de technico-commerciaux ou de managers. Nos conseillers suivent r\u00e9guli\u00e8rement des formations professionnelles afin de maintenir \u00e0 niveau leurs comp\u00e9tences : techniques, juridiques et commerciales \u00e0 jour. Par ailleurs, nos commerciaux ont tous aussi acquis une exp\u00e9rience en amont. Cette exp\u00e9rience, nous permet d&rsquo;accompagner au mieux nos clients, car votre satisfaction est notre priorit\u00e9.<\/p>\n<h2>Estimer la valeur de votre bien immobilier \u00e0 F\u00e9tigny<\/h2>\n<p>Vous \u00eates un F\u00e9tignois, notre entreprise r\u00e9alise des \u00e9valuations pr\u00e9cises de votre habitation en consid\u00e9rant les sp\u00e9cificit\u00e9s de votre studio comme votre quartier. Nous fournissons une v\u00e9ritable comp\u00e9tence pour tout ce qui concerne : l&rsquo;achat, la vente, les placements immobiliers, les locations \u00e0 court et long terme, la g\u00e9rance de vos biens immobiliers, et aussi pour la g\u00e9rance de votre r\u00e9sidence en copropri\u00e9t\u00e9.<\/p>\n<h2>Un accompagnement sur mesure<\/h2>\n<p>Nous comprenons que chaque individu est unique, c&rsquo;est pourquoi nous personnalisons notre accompagnement. Vous d\u00e9sirez acqu\u00e9rir, vendre ou louer une maison ou un studio dans la r\u00e9gion de F\u00e9tigny ? Notre agence immobili\u00e8re vous guide du premier instant aux derni\u00e8res finalisations de votre projet. Vous d\u00e9sirez acheter une nouvelle propri\u00e9t\u00e9 \u00e0 F\u00e9tigny ? Nous cherchons et trouvons le meilleur logement possible au moyen de notre r\u00e9seau.<\/p>\n<h2>Vous avez besoin d&rsquo;une agence immobili\u00e8re \u00e0 F\u00e9tigny ?<\/h2>\n<p>Notre agence Immobilierlocal est situ\u00e9e au centre-ville de F\u00e9tigny. Nos conseillers vous \u00e9coutent et sont toujours pr\u00eats \u00e0 vous aider dans votre projet. Nos professionnels immobiliers sont vos partenaires de confiance pour la gestion de biens immobiliers, l&rsquo;achat et la vente.<\/p>\n","protected":false},"excerpt":{"rendered":"<p>Vous projetez de vendre, d&rsquo;acheter, de louer une maison ou un logement \u00e0 F\u00e9tigny ? \u00c0 F\u00e9tigny, l&rsquo;agence Immobilierlocal propose des accompagnements personnalis\u00e9s. Situ\u00e9e au c\u0153ur de la ville, nos commerciaux sont disponibles pour vous aider \u00e0 acqu\u00e9rir ou mettre sur le march\u00e9 votre bien immobilier. \u00c0 F\u00e9tigny, notre soci\u00e9t\u00e9 propose des services pour : [&hellip;]<\/p>\n","protected":false},"author":3,"featured_media":2768,"parent":0,"menu_order":0,"comment_status":"closed","ping_status":"closed","template":"wp-custom-template-page-agent","meta":{"footnotes":""},"categories":[89],"profession":[92],"location":[12],"canton":[76],"class_list":["post-2316","page","type-page","status-publish","has-post-thumbnail","hentry","category-agence","profession-agent-immobilier"],"yoast_head":"<!-- This site is optimized with the Yoast SEO Premium plugin v23.0 (Yoast SEO v27.3) - https:\/\/yoast.com\/product\/yoast-seo-premium-wordpress\/ -->\n<title>Agence immobili\u00e8re \u00e0 F\u00e9tigny : votre partenaire pour la location, l&#039;achat et la vente de biens immobiliers - Immobilierlocal<\/title>\n<meta name=\"robots\" content=\"index, follow, max-snippet:-1, max-image-preview:large, max-video-preview:-1\" \/>\n<link rel=\"canonical\" href=\"https:\/\/www.immobilierlocal.ch\/c\/agence-immobiliere-a-fetigny-votre-partenaire-pour-la-location-lachat-et-la-vente-de-biens-immobiliers\/\" \/>\n<meta property=\"og:locale\" content=\"fr_FR\" \/>\n<meta property=\"og:type\" content=\"article\" \/>\n<meta property=\"og:title\" content=\"Agence immobili\u00e8re \u00e0 F\u00e9tigny : votre partenaire pour la location, l&#039;achat et la vente de biens immobiliers\" \/>\n<meta property=\"og:description\" content=\"Vous projetez de vendre, d&rsquo;acheter, de louer une maison ou un logement \u00e0 F\u00e9tigny ? \u00c0 F\u00e9tigny, l&rsquo;agence Immobilierlocal propose des accompagnements personnalis\u00e9s. Situ\u00e9e au c\u0153ur de la ville, nos commerciaux sont disponibles pour vous aider \u00e0 acqu\u00e9rir ou mettre sur le march\u00e9 votre bien immobilier. \u00c0 F\u00e9tigny, notre soci\u00e9t\u00e9 propose des services pour : [&hellip;]\" \/>\n<meta property=\"og:url\" content=\"https:\/\/www.immobilierlocal.ch\/c\/agence-immobiliere-a-fetigny-votre-partenaire-pour-la-location-lachat-et-la-vente-de-biens-immobiliers\/\" \/>\n<meta property=\"og:site_name\" content=\"Immobilierlocal\" \/>\n<meta property=\"article:modified_time\" content=\"2026-02-09T10:42:31+00:00\" \/>\n<meta property=\"og:image\" content=\"https:\/\/www.immobilierlocal.ch\/c\/wp-content\/uploads\/2026\/02\/agence-immobiliere.jpg\" \/>\n\t<meta property=\"og:image:width\" content=\"1920\" \/>\n\t<meta property=\"og:image:height\" content=\"300\" \/>\n\t<meta property=\"og:image:type\" content=\"image\/jpeg\" \/>\n<meta name=\"twitter:card\" content=\"summary_large_image\" \/>\n<meta name=\"twitter:label1\" content=\"Dur\u00e9e de lecture estim\u00e9e\" \/>\n\t<meta name=\"twitter:data1\" content=\"4 minutes\" \/>\n<script type=\"application\/ld+json\" class=\"yoast-schema-graph\">{\"@context\":\"https:\\\/\\\/schema.org\",\"@graph\":[{\"@type\":\"WebPage\",\"@id\":\"https:\\\/\\\/www.immobilierlocal.ch\\\/c\\\/agence-immobiliere-a-fetigny-votre-partenaire-pour-la-location-lachat-et-la-vente-de-biens-immobiliers\\\/\",\"url\":\"https:\\\/\\\/www.immobilierlocal.ch\\\/c\\\/agence-immobiliere-a-fetigny-votre-partenaire-pour-la-location-lachat-et-la-vente-de-biens-immobiliers\\\/\",\"name\":\"Agence immobili\u00e8re \u00e0 F\u00e9tigny : votre partenaire pour la location, l'achat et la vente de biens immobiliers - Immobilierlocal\",\"isPartOf\":{\"@id\":\"https:\\\/\\\/www.immobilierlocal.ch\\\/c\\\/#website\"},\"primaryImageOfPage\":{\"@id\":\"https:\\\/\\\/www.immobilierlocal.ch\\\/c\\\/agence-immobiliere-a-fetigny-votre-partenaire-pour-la-location-lachat-et-la-vente-de-biens-immobiliers\\\/#primaryimage\"},\"image\":{\"@id\":\"https:\\\/\\\/www.immobilierlocal.ch\\\/c\\\/agence-immobiliere-a-fetigny-votre-partenaire-pour-la-location-lachat-et-la-vente-de-biens-immobiliers\\\/#primaryimage\"},\"thumbnailUrl\":\"https:\\\/\\\/www.immobilierlocal.ch\\\/c\\\/wp-content\\\/uploads\\\/2026\\\/02\\\/agence-immobiliere.jpg\",\"datePublished\":\"2024-04-16T15:06:55+00:00\",\"dateModified\":\"2026-02-09T10:42:31+00:00\",\"breadcrumb\":{\"@id\":\"https:\\\/\\\/www.immobilierlocal.ch\\\/c\\\/agence-immobiliere-a-fetigny-votre-partenaire-pour-la-location-lachat-et-la-vente-de-biens-immobiliers\\\/#breadcrumb\"},\"inLanguage\":\"fr-FR\",\"potentialAction\":[{\"@type\":\"ReadAction\",\"target\":[\"https:\\\/\\\/www.immobilierlocal.ch\\\/c\\\/agence-immobiliere-a-fetigny-votre-partenaire-pour-la-location-lachat-et-la-vente-de-biens-immobiliers\\\/\"]}]},{\"@type\":\"ImageObject\",\"inLanguage\":\"fr-FR\",\"@id\":\"https:\\\/\\\/www.immobilierlocal.ch\\\/c\\\/agence-immobiliere-a-fetigny-votre-partenaire-pour-la-location-lachat-et-la-vente-de-biens-immobiliers\\\/#primaryimage\",\"url\":\"https:\\\/\\\/www.immobilierlocal.ch\\\/c\\\/wp-content\\\/uploads\\\/2026\\\/02\\\/agence-immobiliere.jpg\",\"contentUrl\":\"https:\\\/\\\/www.immobilierlocal.ch\\\/c\\\/wp-content\\\/uploads\\\/2026\\\/02\\\/agence-immobiliere.jpg\",\"width\":1920,\"height\":300},{\"@type\":\"BreadcrumbList\",\"@id\":\"https:\\\/\\\/www.immobilierlocal.ch\\\/c\\\/agence-immobiliere-a-fetigny-votre-partenaire-pour-la-location-lachat-et-la-vente-de-biens-immobiliers\\\/#breadcrumb\",\"itemListElement\":[{\"@type\":\"ListItem\",\"position\":1,\"name\":\"Accueil\",\"item\":\"https:\\\/\\\/www.immobilierlocal.ch\\\/c\\\/\"},{\"@type\":\"ListItem\",\"position\":2,\"name\":\"Agence immobili\u00e8re dans le canton de Fribourg\",\"item\":\"https:\\\/\\\/www.immobilierlocal.ch\\\/c\\\/agence-immobiliere-dans-le-canton-de-fribourg-expert-en-transactions-immobilieres-et-locations-de-biens-immobiliers\\\/\"},{\"@type\":\"ListItem\",\"position\":3,\"name\":\"Agences immobili\u00e8res\",\"item\":\"https:\\\/\\\/www.immobilierlocal.ch\\\/agences\"},{\"@type\":\"ListItem\",\"position\":4,\"name\":\"Agence immobili\u00e8re \u00e0 F\u00e9tigny\"}]},{\"@type\":\"WebSite\",\"@id\":\"https:\\\/\\\/www.immobilierlocal.ch\\\/c\\\/#website\",\"url\":\"https:\\\/\\\/www.immobilierlocal.ch\\\/c\\\/\",\"name\":\"Immobilierlocal\",\"description\":\"\",\"publisher\":{\"@id\":\"https:\\\/\\\/www.immobilierlocal.ch\\\/c\\\/#organization\"},\"potentialAction\":[{\"@type\":\"SearchAction\",\"target\":{\"@type\":\"EntryPoint\",\"urlTemplate\":\"https:\\\/\\\/www.immobilierlocal.ch\\\/c\\\/?s={search_term_string}\"},\"query-input\":{\"@type\":\"PropertyValueSpecification\",\"valueRequired\":true,\"valueName\":\"search_term_string\"}}],\"inLanguage\":\"fr-FR\"},{\"@type\":\"Organization\",\"@id\":\"https:\\\/\\\/www.immobilierlocal.ch\\\/c\\\/#organization\",\"name\":\"Immobilierlocal\",\"url\":\"https:\\\/\\\/www.immobilierlocal.ch\\\/c\\\/\",\"logo\":{\"@type\":\"ImageObject\",\"inLanguage\":\"fr-FR\",\"@id\":\"https:\\\/\\\/www.immobilierlocal.ch\\\/c\\\/#\\\/schema\\\/logo\\\/image\\\/\",\"url\":\"https:\\\/\\\/www.immobilierlocal.ch\\\/c\\\/wp-content\\\/uploads\\\/2023\\\/10\\\/logo-immobilierlocal-h.svg\",\"contentUrl\":\"https:\\\/\\\/www.immobilierlocal.ch\\\/c\\\/wp-content\\\/uploads\\\/2023\\\/10\\\/logo-immobilierlocal-h.svg\",\"caption\":\"Immobilierlocal\"},\"image\":{\"@id\":\"https:\\\/\\\/www.immobilierlocal.ch\\\/c\\\/#\\\/schema\\\/logo\\\/image\\\/\"}}]}<\/script>\n<!-- \/ Yoast SEO Premium plugin. -->","yoast_head_json":{"title":"Agence immobili\u00e8re \u00e0 F\u00e9tigny : votre partenaire pour la location, l'achat et la vente de biens immobiliers - Immobilierlocal","robots":{"index":"index","follow":"follow","max-snippet":"max-snippet:-1","max-image-preview":"max-image-preview:large","max-video-preview":"max-video-preview:-1"},"canonical":"https:\/\/www.immobilierlocal.ch\/c\/agence-immobiliere-a-fetigny-votre-partenaire-pour-la-location-lachat-et-la-vente-de-biens-immobiliers\/","og_locale":"fr_FR","og_type":"article","og_title":"Agence immobili\u00e8re \u00e0 F\u00e9tigny : votre partenaire pour la location, l'achat et la vente de biens immobiliers","og_description":"Vous projetez de vendre, d&rsquo;acheter, de louer une maison ou un logement \u00e0 F\u00e9tigny ? \u00c0 F\u00e9tigny, l&rsquo;agence Immobilierlocal propose des accompagnements personnalis\u00e9s. Situ\u00e9e au c\u0153ur de la ville, nos commerciaux sont disponibles pour vous aider \u00e0 acqu\u00e9rir ou mettre sur le march\u00e9 votre bien immobilier. \u00c0 F\u00e9tigny, notre soci\u00e9t\u00e9 propose des services pour : [&hellip;]","og_url":"https:\/\/www.immobilierlocal.ch\/c\/agence-immobiliere-a-fetigny-votre-partenaire-pour-la-location-lachat-et-la-vente-de-biens-immobiliers\/","og_site_name":"Immobilierlocal","article_modified_time":"2026-02-09T10:42:31+00:00","og_image":[{"width":1920,"height":300,"url":"https:\/\/www.immobilierlocal.ch\/c\/wp-content\/uploads\/2026\/02\/agence-immobiliere.jpg","type":"image\/jpeg"}],"twitter_card":"summary_large_image","twitter_misc":{"Dur\u00e9e de lecture estim\u00e9e":"4 minutes"},"schema":{"@context":"https:\/\/schema.org","@graph":[{"@type":"WebPage","@id":"https:\/\/www.immobilierlocal.ch\/c\/agence-immobiliere-a-fetigny-votre-partenaire-pour-la-location-lachat-et-la-vente-de-biens-immobiliers\/","url":"https:\/\/www.immobilierlocal.ch\/c\/agence-immobiliere-a-fetigny-votre-partenaire-pour-la-location-lachat-et-la-vente-de-biens-immobiliers\/","name":"Agence immobili\u00e8re \u00e0 F\u00e9tigny : votre partenaire pour la location, l'achat et la vente de biens immobiliers - Immobilierlocal","isPartOf":{"@id":"https:\/\/www.immobilierlocal.ch\/c\/#website"},"primaryImageOfPage":{"@id":"https:\/\/www.immobilierlocal.ch\/c\/agence-immobiliere-a-fetigny-votre-partenaire-pour-la-location-lachat-et-la-vente-de-biens-immobiliers\/#primaryimage"},"image":{"@id":"https:\/\/www.immobilierlocal.ch\/c\/agence-immobiliere-a-fetigny-votre-partenaire-pour-la-location-lachat-et-la-vente-de-biens-immobiliers\/#primaryimage"},"thumbnailUrl":"https:\/\/www.immobilierlocal.ch\/c\/wp-content\/uploads\/2026\/02\/agence-immobiliere.jpg","datePublished":"2024-04-16T15:06:55+00:00","dateModified":"2026-02-09T10:42:31+00:00","breadcrumb":{"@id":"https:\/\/www.immobilierlocal.ch\/c\/agence-immobiliere-a-fetigny-votre-partenaire-pour-la-location-lachat-et-la-vente-de-biens-immobiliers\/#breadcrumb"},"inLanguage":"fr-FR","potentialAction":[{"@type":"ReadAction","target":["https:\/\/www.immobilierlocal.ch\/c\/agence-immobiliere-a-fetigny-votre-partenaire-pour-la-location-lachat-et-la-vente-de-biens-immobiliers\/"]}]},{"@type":"ImageObject","inLanguage":"fr-FR","@id":"https:\/\/www.immobilierlocal.ch\/c\/agence-immobiliere-a-fetigny-votre-partenaire-pour-la-location-lachat-et-la-vente-de-biens-immobiliers\/#primaryimage","url":"https:\/\/www.immobilierlocal.ch\/c\/wp-content\/uploads\/2026\/02\/agence-immobiliere.jpg","contentUrl":"https:\/\/www.immobilierlocal.ch\/c\/wp-content\/uploads\/2026\/02\/agence-immobiliere.jpg","width":1920,"height":300},{"@type":"BreadcrumbList","@id":"https:\/\/www.immobilierlocal.ch\/c\/agence-immobiliere-a-fetigny-votre-partenaire-pour-la-location-lachat-et-la-vente-de-biens-immobiliers\/#breadcrumb","itemListElement":[{"@type":"ListItem","position":1,"name":"Accueil","item":"https:\/\/www.immobilierlocal.ch\/c\/"},{"@type":"ListItem","position":2,"name":"Agence immobili\u00e8re dans le canton de Fribourg","item":"https:\/\/www.immobilierlocal.ch\/c\/agence-immobiliere-dans-le-canton-de-fribourg-expert-en-transactions-immobilieres-et-locations-de-biens-immobiliers\/"},{"@type":"ListItem","position":3,"name":"Agences immobili\u00e8res","item":"https:\/\/www.immobilierlocal.ch\/agences"},{"@type":"ListItem","position":4,"name":"Agence immobili\u00e8re \u00e0 F\u00e9tigny"}]},{"@type":"WebSite","@id":"https:\/\/www.immobilierlocal.ch\/c\/#website","url":"https:\/\/www.immobilierlocal.ch\/c\/","name":"Immobilierlocal","description":"","publisher":{"@id":"https:\/\/www.immobilierlocal.ch\/c\/#organization"},"potentialAction":[{"@type":"SearchAction","target":{"@type":"EntryPoint","urlTemplate":"https:\/\/www.immobilierlocal.ch\/c\/?s={search_term_string}"},"query-input":{"@type":"PropertyValueSpecification","valueRequired":true,"valueName":"search_term_string"}}],"inLanguage":"fr-FR"},{"@type":"Organization","@id":"https:\/\/www.immobilierlocal.ch\/c\/#organization","name":"Immobilierlocal","url":"https:\/\/www.immobilierlocal.ch\/c\/","logo":{"@type":"ImageObject","inLanguage":"fr-FR","@id":"https:\/\/www.immobilierlocal.ch\/c\/#\/schema\/logo\/image\/","url":"https:\/\/www.immobilierlocal.ch\/c\/wp-content\/uploads\/2023\/10\/logo-immobilierlocal-h.svg","contentUrl":"https:\/\/www.immobilierlocal.ch\/c\/wp-content\/uploads\/2023\/10\/logo-immobilierlocal-h.svg","caption":"Immobilierlocal"},"image":{"@id":"https:\/\/www.immobilierlocal.ch\/c\/#\/schema\/logo\/image\/"}}]}},"_links":{"self":[{"href":"https:\/\/www.immobilierlocal.ch\/c\/wp-json\/wp\/v2\/pages\/2316","targetHints":{"allow":["GET"]}}],"collection":[{"href":"https:\/\/www.immobilierlocal.ch\/c\/wp-json\/wp\/v2\/pages"}],"about":[{"href":"https:\/\/www.immobilierlocal.ch\/c\/wp-json\/wp\/v2\/types\/page"}],"author":[{"embeddable":true,"href":"https:\/\/www.immobilierlocal.ch\/c\/wp-json\/wp\/v2\/users\/3"}],"replies":[{"embeddable":true,"href":"https:\/\/www.immobilierlocal.ch\/c\/wp-json\/wp\/v2\/comments?post=2316"}],"version-history":[{"count":0,"href":"https:\/\/www.immobilierlocal.ch\/c\/wp-json\/wp\/v2\/pages\/2316\/revisions"}],"wp:featuredmedia":[{"embeddable":true,"href":"https:\/\/www.immobilierlocal.ch\/c\/wp-json\/wp\/v2\/media\/2768"}],"wp:attachment":[{"href":"https:\/\/www.immobilierlocal.ch\/c\/wp-json\/wp\/v2\/media?parent=2316"}],"wp:term":[{"taxonomy":"category","embeddable":true,"href":"https:\/\/www.immobilierlocal.ch\/c\/wp-json\/wp\/v2\/categories?post=2316"},{"taxonomy":"profession","embeddable":true,"href":"https:\/\/www.immobilierlocal.ch\/c\/wp-json\/wp\/v2\/profession?post=2316"},{"taxonomy":"location","embeddable":true,"href":"https:\/\/www.immobilierlocal.ch\/c\/wp-json\/wp\/v2\/location?post=2316"},{"taxonomy":"canton","embeddable":true,"href":"https:\/\/www.immobilierlocal.ch\/c\/wp-json\/wp\/v2\/canton?post=2316"}],"curies":[{"name":"wp","href":"https:\/\/api.w.org\/{rel}","templated":true}]}}