
{"id":2315,"date":"2024-04-16T17:07:17","date_gmt":"2024-04-16T15:07:17","guid":{"rendered":"https:\/\/www.immobilierlocal.ch\/c\/?page_id=2315"},"modified":"2026-02-09T11:42:09","modified_gmt":"2026-02-09T10:42:09","slug":"agence-immobiliere-a-savigny-votre-partenaire-pour-la-location-lachat-et-la-vente-de-logements","status":"publish","type":"page","link":"https:\/\/www.immobilierlocal.ch\/c\/agence-immobiliere-a-savigny-votre-partenaire-pour-la-location-lachat-et-la-vente-de-logements\/","title":{"rendered":"Agence immobili\u00e8re \u00e0 Savigny : votre partenaire pour la location, l&rsquo;achat et la vente de logements"},"content":{"rendered":"<p>Vous pr\u00e9voyez d&rsquo;acheter, de vendre une maison ou un appartement \u00e0 Savigny ? \u00c0 Savigny, l&rsquo;agence Immobilierlocal offre des accompagnements personnalis\u00e9s. Nous sommes situ\u00e9s au c\u0153ur du centre de Savigny, contactez-nous pour d\u00e9nicher la propri\u00e9t\u00e9 de vos r\u00eaves ou c\u00e9der la v\u00f4tre. \u00c0 Savigny, notre soci\u00e9t\u00e9 fournis des services pour : l&rsquo;achat, la vente, la location de r\u00e9sidences, d&rsquo;appartements, de bureaux et de magasins, nous proposons aussi la g\u00e9rance de vos propri\u00e9t\u00e9s, la gestion locative de vos studios Airbnb, la gestion de biens en copropri\u00e9t\u00e9 ou encore pour \u00e9laborer une solution de financement de votre futur propri\u00e9t\u00e9.<\/p>\n\n<div class=\"box\">\n    <h2 class=\"text-dark\">Nous cherchons un <em class=\"text-primary\">Agent immobilier<\/em> dans la r\u00e9gion de <em class=\"text-primary\">Savigny<\/em>  en exclusivit\u00e9, afin de proposer vos services \u00e0 nos clients propri\u00e9taires.<\/h2>\n    <p>Une opportunit\u00e9 unique pour booster votre activit\u00e9 \u00e0 <strong>Savigny<\/strong> et aux alentours dans votre domaine (Agent immobilier).<\/p>\n    <p>Nous travaillons en exclusivit\u00e9 avec qu'une soci\u00e9t\u00e9 par m\u00e9tier et par r\u00e9gion. <br>Votre entreprise est pr\u00e9sente sur tous les documents immobiliers. Afin d'\u00eatre mieux vu sur le net, vous \u00eates \u00e9galement visible sur nos deux sites et sur les pages de r\u00e9f\u00e9rencement de votre r\u00e9gion.<\/p>\n    <a href=\"\/contact\" class=\"wp-block-button__link has-accent-background-color has-text-align-center wp-element-button\">R\u00e9server<\/a>\n<\/div>\n<h2>Le march\u00e9 immobilier Savignolan s\u2019\u00e9tend au-del\u00e0 de sa ville<\/h2>\n<p>Au cours des derni\u00e8res ann\u00e9es, les prix ont connu une hausse \u00e0 Savigny, en raison de multiples \u00e9l\u00e9ments :<\/p>\n<ul>\n<li>Sa localisation g\u00e9ographique,<\/li>\n<li>le march\u00e9 du travail,<\/li>\n<li>la qualit\u00e9 de son cadre de vie.<\/li>\n<\/ul>\n<p>Acheter un bien \u00e0 Savigny est aussi une valeur s\u00fbre, car la demande de locations et d&rsquo;achats qui a connu une hausse significative, cr\u00e9ant une mont\u00e9e des prix.<\/p>\n<h3>Pour le prix immobilier moyen au m\u00b2 \u00e0 Savigny<\/h3>\n<p class=\"estimates-price-immobilier\">Le march\u00e9 immobilier \u00e0 Savigny affiche un prix moyen de CHF 8'703 \/ m\u00b2 (prix par m\u00e8tre carr\u00e9). Les maisons et les appartements ont un prix moyen respectif de CHF 8'381 \/ m\u00b2 et de CHF 9'025 \/ m\u00b2.<\/p>\n<h3>Pour le montant moyen du loyer \u00e0 Savigny<\/h3>\n<p class=\"estimates-rent-average\">Les loyers moyens \u00e0 Savigny sont actuellement de CHF 2'357 pour les appartements, CHF 2'639 pour les maisons.<\/p>\n<p>La p\u00e9nurie des logements disponibles \u00e0 la vente pousse de plus en plus d&rsquo;acheteurs \u00e0 se d\u00e9tourner de Savigny et \u00e0 porter leur attention dans les villes proches, comme :<\/p>\nPeney-le-Jorat, Forel (Lavaux), Mollie-Margot, Ferlens VD, Servion, Essertes, Les Cullayes, Montpreveyres, Corcelles-le-Jorat, M\u00e9zi\u00e8res VD, Carrouge VD, Vulliens, Ropraz, Les Tavernes, Les Thioleyres, Pal\u00e9zieux, Pal\u00e9zieux-Village, Oron-le-Ch\u00e2tel, Chapelle (Gl\u00e2ne), Bussigny-sur-Oron, Chesalles-sur-Oron, Ch\u00e2tillens, Oron-la-Ville, Vuibroye, Le Cr\u00eat-pr\u00e8s-Semsales, Ecoteaux, Maracon.\n<h2>La localisation de notre agence immobili\u00e8re \u00e0 Savigny<\/h2>\n<p>Situ\u00e9e \u00e0 Savigny notre agence op\u00e8re dans dans tous les lieus de la ville.<\/p>\n\n<h2>Pourquoi choisir Immobilierlocal ?<\/h2>\n<p>Immobilierlocal fournis une vaste s\u00e9lection de prestations, tel que :<\/p>\n<ul>\n<li>La mise en ligne de votre annonce sur notre site : pour vous permettre de toucher plus de monde.<\/li>\n<li>Un site internet en suisse et aussi pr\u00e9sent dans les pays francophones : notre site est r\u00e9f\u00e9renc\u00e9 pour appara\u00eetre dans de nombreux moteurs de recherche web francophones pour toucher un maximum de clients.<\/li>\n<li>Programme personnalis\u00e9 : chacun des biens pr\u00e9sents sur notre site b\u00e9n\u00e9ficie d&rsquo;un plan de commercialisation personnalis\u00e9.<\/li>\n<li>\u00c9valuation des prix en ligne : nous avons d\u00e9velopp\u00e9 une application web pour d\u00e9terminer les valeurs des habitations \u00e0 Savigny.<\/li>\n<li>Photos et vid\u00e9os : nous produisons des vid\u00e9os et des images pour promouvoir votre studio sur le web.<\/li>\n<li>Signature \u00e9lectronique : nous mettons \u00e0 disposition la signature des documents par voie \u00e9lectronique afin de vous simplifier la vie.<\/li>\n<li>Service de gestion locative courte dur\u00e9e : nous proposons aussi un service de gestion de location courte dur\u00e9e.<\/li>\n<li>Services de gestion locative : nous offrons une protection pour le non-paiement des loyers impay\u00e9s.<\/li>\n<\/ul>\n<h2>Une agence immobili\u00e8re qui r\u00e9unis des experts<\/h2>\n<p>Tous nos collaborateurs sont exp\u00e9riment\u00e9s, qu&rsquo;ils soient : commerciaux, managers ou techniciens. Nos conseillers suivent r\u00e9guli\u00e8rement des formations afin de maintenir \u00e0 niveau leurs comp\u00e9tences : techniques, juridiques et commerciales \u00e0 jour. Chaque commercial de notre \u00e9quipe dispose d&rsquo;une grande expertise dans le march\u00e9 de l&rsquo;immobilier. Cette exp\u00e9rience, nous permet d\u2019accompagner au mieux nos clients, parce que votre satisfaction est notre priorit\u00e9.<\/p>\n<h2>Obtenez une estimation du prix de votre logement \u00e0 Savigny<\/h2>\n<p>Si vous \u00eates un Savignolan, notre soci\u00e9t\u00e9 immobili\u00e8re effectue des estimations immobili\u00e8res pouss\u00e9es de votre propri\u00e9t\u00e9 en tenant compte des caract\u00e9ristiques de votre studio comme votre quartier. Immobilierlocal offre \u00e0 sa client\u00e8le, les prestations, comme : la gestion de vos appartements locatifs, la vente, l&rsquo;achat, les investissements immobiliers, la direction des locations de courte et longue dur\u00e9e et la gestion du syndic de copropri\u00e9t\u00e9.<\/p>\n<h2>Une agence qui vous guide<\/h2>\n<p>Nous avons conscience que votre projet immobilier est adapt\u00e9 \u00e0 votre situation et vos besoins, c&rsquo;est pour cela que nous proposons des services personnalis\u00e9s. Si vous cherchez \u00e0 louer une maison ou un appartement dans la zone de Savigny, les conseillers de notre agence immobili\u00e8re sont \u00e0 votre disposition \u00e0 toutes les phases de votre projet. Nous avons un vaste r\u00e9seau de partenaires pour vous assister \u00e0 acqu\u00e9rir la maison de vos d\u00e9sires dans la r\u00e9gion de Savigny.<\/p>\n<h2>Vous cherchez une soci\u00e9t\u00e9 immobili\u00e8re \u00e0 Savigny ?<\/h2>\n<p>L&rsquo;agence Immobilierlocal est situ\u00e9e en plein c\u0153ur de Savigny. Nos experts vous accueillent et sont toujours d\u00e9termin\u00e9s \u00e0 vous \u00e9pauler dans votre projet. Notre soci\u00e9t\u00e9 est chevronn\u00e9e dans l&rsquo;acquisition, la vente et la gestion de propri\u00e9t\u00e9s.<\/p>\n","protected":false},"excerpt":{"rendered":"<p>Vous pr\u00e9voyez d&rsquo;acheter, de vendre une maison ou un appartement \u00e0 Savigny ? \u00c0 Savigny, l&rsquo;agence Immobilierlocal offre des accompagnements personnalis\u00e9s. Nous sommes situ\u00e9s au c\u0153ur du centre de Savigny, contactez-nous pour d\u00e9nicher la propri\u00e9t\u00e9 de vos r\u00eaves ou c\u00e9der la v\u00f4tre. \u00c0 Savigny, notre soci\u00e9t\u00e9 fournis des services pour : l&rsquo;achat, la vente, la [&hellip;]<\/p>\n","protected":false},"author":3,"featured_media":2768,"parent":0,"menu_order":0,"comment_status":"closed","ping_status":"closed","template":"wp-custom-template-page-agent","meta":{"footnotes":""},"categories":[89],"profession":[92],"location":[11],"canton":[79],"class_list":["post-2315","page","type-page","status-publish","has-post-thumbnail","hentry","category-agence","profession-agent-immobilier"],"yoast_head":"<!-- This site is optimized with the Yoast SEO Premium plugin v23.0 (Yoast SEO v27.3) - https:\/\/yoast.com\/product\/yoast-seo-premium-wordpress\/ -->\n<title>Agence immobili\u00e8re \u00e0 Savigny : votre partenaire pour la location, l&#039;achat et la vente de logements - Immobilierlocal<\/title>\n<meta name=\"robots\" content=\"index, follow, max-snippet:-1, max-image-preview:large, max-video-preview:-1\" \/>\n<link rel=\"canonical\" href=\"https:\/\/www.immobilierlocal.ch\/c\/agence-immobiliere-a-savigny-votre-partenaire-pour-la-location-lachat-et-la-vente-de-logements\/\" \/>\n<meta property=\"og:locale\" content=\"fr_FR\" \/>\n<meta property=\"og:type\" content=\"article\" \/>\n<meta property=\"og:title\" content=\"Agence immobili\u00e8re \u00e0 Savigny : votre partenaire pour la location, l&#039;achat et la vente de logements\" \/>\n<meta property=\"og:description\" content=\"Vous pr\u00e9voyez d&rsquo;acheter, de vendre une maison ou un appartement \u00e0 Savigny ? \u00c0 Savigny, l&rsquo;agence Immobilierlocal offre des accompagnements personnalis\u00e9s. Nous sommes situ\u00e9s au c\u0153ur du centre de Savigny, contactez-nous pour d\u00e9nicher la propri\u00e9t\u00e9 de vos r\u00eaves ou c\u00e9der la v\u00f4tre. \u00c0 Savigny, notre soci\u00e9t\u00e9 fournis des services pour : l&rsquo;achat, la vente, la [&hellip;]\" \/>\n<meta property=\"og:url\" content=\"https:\/\/www.immobilierlocal.ch\/c\/agence-immobiliere-a-savigny-votre-partenaire-pour-la-location-lachat-et-la-vente-de-logements\/\" \/>\n<meta property=\"og:site_name\" content=\"Immobilierlocal\" \/>\n<meta property=\"article:modified_time\" content=\"2026-02-09T10:42:09+00:00\" \/>\n<meta property=\"og:image\" content=\"https:\/\/www.immobilierlocal.ch\/c\/wp-content\/uploads\/2026\/02\/agence-immobiliere.jpg\" \/>\n\t<meta property=\"og:image:width\" content=\"1920\" \/>\n\t<meta property=\"og:image:height\" content=\"300\" \/>\n\t<meta property=\"og:image:type\" content=\"image\/jpeg\" \/>\n<meta name=\"twitter:card\" content=\"summary_large_image\" \/>\n<meta name=\"twitter:label1\" content=\"Dur\u00e9e de lecture estim\u00e9e\" \/>\n\t<meta name=\"twitter:data1\" content=\"4 minutes\" \/>\n<script type=\"application\/ld+json\" class=\"yoast-schema-graph\">{\"@context\":\"https:\\\/\\\/schema.org\",\"@graph\":[{\"@type\":\"WebPage\",\"@id\":\"https:\\\/\\\/www.immobilierlocal.ch\\\/c\\\/agence-immobiliere-a-savigny-votre-partenaire-pour-la-location-lachat-et-la-vente-de-logements\\\/\",\"url\":\"https:\\\/\\\/www.immobilierlocal.ch\\\/c\\\/agence-immobiliere-a-savigny-votre-partenaire-pour-la-location-lachat-et-la-vente-de-logements\\\/\",\"name\":\"Agence immobili\u00e8re \u00e0 Savigny : votre partenaire pour la location, l'achat et la vente de logements - Immobilierlocal\",\"isPartOf\":{\"@id\":\"https:\\\/\\\/www.immobilierlocal.ch\\\/c\\\/#website\"},\"primaryImageOfPage\":{\"@id\":\"https:\\\/\\\/www.immobilierlocal.ch\\\/c\\\/agence-immobiliere-a-savigny-votre-partenaire-pour-la-location-lachat-et-la-vente-de-logements\\\/#primaryimage\"},\"image\":{\"@id\":\"https:\\\/\\\/www.immobilierlocal.ch\\\/c\\\/agence-immobiliere-a-savigny-votre-partenaire-pour-la-location-lachat-et-la-vente-de-logements\\\/#primaryimage\"},\"thumbnailUrl\":\"https:\\\/\\\/www.immobilierlocal.ch\\\/c\\\/wp-content\\\/uploads\\\/2026\\\/02\\\/agence-immobiliere.jpg\",\"datePublished\":\"2024-04-16T15:07:17+00:00\",\"dateModified\":\"2026-02-09T10:42:09+00:00\",\"breadcrumb\":{\"@id\":\"https:\\\/\\\/www.immobilierlocal.ch\\\/c\\\/agence-immobiliere-a-savigny-votre-partenaire-pour-la-location-lachat-et-la-vente-de-logements\\\/#breadcrumb\"},\"inLanguage\":\"fr-FR\",\"potentialAction\":[{\"@type\":\"ReadAction\",\"target\":[\"https:\\\/\\\/www.immobilierlocal.ch\\\/c\\\/agence-immobiliere-a-savigny-votre-partenaire-pour-la-location-lachat-et-la-vente-de-logements\\\/\"]}]},{\"@type\":\"ImageObject\",\"inLanguage\":\"fr-FR\",\"@id\":\"https:\\\/\\\/www.immobilierlocal.ch\\\/c\\\/agence-immobiliere-a-savigny-votre-partenaire-pour-la-location-lachat-et-la-vente-de-logements\\\/#primaryimage\",\"url\":\"https:\\\/\\\/www.immobilierlocal.ch\\\/c\\\/wp-content\\\/uploads\\\/2026\\\/02\\\/agence-immobiliere.jpg\",\"contentUrl\":\"https:\\\/\\\/www.immobilierlocal.ch\\\/c\\\/wp-content\\\/uploads\\\/2026\\\/02\\\/agence-immobiliere.jpg\",\"width\":1920,\"height\":300},{\"@type\":\"BreadcrumbList\",\"@id\":\"https:\\\/\\\/www.immobilierlocal.ch\\\/c\\\/agence-immobiliere-a-savigny-votre-partenaire-pour-la-location-lachat-et-la-vente-de-logements\\\/#breadcrumb\",\"itemListElement\":[{\"@type\":\"ListItem\",\"position\":1,\"name\":\"Accueil\",\"item\":\"https:\\\/\\\/www.immobilierlocal.ch\\\/c\\\/\"},{\"@type\":\"ListItem\",\"position\":2,\"name\":\"Agence immobili\u00e8re dans le canton de Vaud\",\"item\":\"https:\\\/\\\/www.immobilierlocal.ch\\\/c\\\/agence-immobiliere-dans-le-canton-de-vaud-expert-en-ventes-et-locations-immobilieres\\\/\"},{\"@type\":\"ListItem\",\"position\":3,\"name\":\"Agences immobili\u00e8res\",\"item\":\"https:\\\/\\\/www.immobilierlocal.ch\\\/agences\"},{\"@type\":\"ListItem\",\"position\":4,\"name\":\"Agence immobili\u00e8re \u00e0 Savigny\"}]},{\"@type\":\"WebSite\",\"@id\":\"https:\\\/\\\/www.immobilierlocal.ch\\\/c\\\/#website\",\"url\":\"https:\\\/\\\/www.immobilierlocal.ch\\\/c\\\/\",\"name\":\"Immobilierlocal\",\"description\":\"\",\"publisher\":{\"@id\":\"https:\\\/\\\/www.immobilierlocal.ch\\\/c\\\/#organization\"},\"potentialAction\":[{\"@type\":\"SearchAction\",\"target\":{\"@type\":\"EntryPoint\",\"urlTemplate\":\"https:\\\/\\\/www.immobilierlocal.ch\\\/c\\\/?s={search_term_string}\"},\"query-input\":{\"@type\":\"PropertyValueSpecification\",\"valueRequired\":true,\"valueName\":\"search_term_string\"}}],\"inLanguage\":\"fr-FR\"},{\"@type\":\"Organization\",\"@id\":\"https:\\\/\\\/www.immobilierlocal.ch\\\/c\\\/#organization\",\"name\":\"Immobilierlocal\",\"url\":\"https:\\\/\\\/www.immobilierlocal.ch\\\/c\\\/\",\"logo\":{\"@type\":\"ImageObject\",\"inLanguage\":\"fr-FR\",\"@id\":\"https:\\\/\\\/www.immobilierlocal.ch\\\/c\\\/#\\\/schema\\\/logo\\\/image\\\/\",\"url\":\"https:\\\/\\\/www.immobilierlocal.ch\\\/c\\\/wp-content\\\/uploads\\\/2023\\\/10\\\/logo-immobilierlocal-h.svg\",\"contentUrl\":\"https:\\\/\\\/www.immobilierlocal.ch\\\/c\\\/wp-content\\\/uploads\\\/2023\\\/10\\\/logo-immobilierlocal-h.svg\",\"caption\":\"Immobilierlocal\"},\"image\":{\"@id\":\"https:\\\/\\\/www.immobilierlocal.ch\\\/c\\\/#\\\/schema\\\/logo\\\/image\\\/\"}}]}<\/script>\n<!-- \/ Yoast SEO Premium plugin. -->","yoast_head_json":{"title":"Agence immobili\u00e8re \u00e0 Savigny : votre partenaire pour la location, l'achat et la vente de logements - Immobilierlocal","robots":{"index":"index","follow":"follow","max-snippet":"max-snippet:-1","max-image-preview":"max-image-preview:large","max-video-preview":"max-video-preview:-1"},"canonical":"https:\/\/www.immobilierlocal.ch\/c\/agence-immobiliere-a-savigny-votre-partenaire-pour-la-location-lachat-et-la-vente-de-logements\/","og_locale":"fr_FR","og_type":"article","og_title":"Agence immobili\u00e8re \u00e0 Savigny : votre partenaire pour la location, l'achat et la vente de logements","og_description":"Vous pr\u00e9voyez d&rsquo;acheter, de vendre une maison ou un appartement \u00e0 Savigny ? \u00c0 Savigny, l&rsquo;agence Immobilierlocal offre des accompagnements personnalis\u00e9s. Nous sommes situ\u00e9s au c\u0153ur du centre de Savigny, contactez-nous pour d\u00e9nicher la propri\u00e9t\u00e9 de vos r\u00eaves ou c\u00e9der la v\u00f4tre. \u00c0 Savigny, notre soci\u00e9t\u00e9 fournis des services pour : l&rsquo;achat, la vente, la [&hellip;]","og_url":"https:\/\/www.immobilierlocal.ch\/c\/agence-immobiliere-a-savigny-votre-partenaire-pour-la-location-lachat-et-la-vente-de-logements\/","og_site_name":"Immobilierlocal","article_modified_time":"2026-02-09T10:42:09+00:00","og_image":[{"width":1920,"height":300,"url":"https:\/\/www.immobilierlocal.ch\/c\/wp-content\/uploads\/2026\/02\/agence-immobiliere.jpg","type":"image\/jpeg"}],"twitter_card":"summary_large_image","twitter_misc":{"Dur\u00e9e de lecture estim\u00e9e":"4 minutes"},"schema":{"@context":"https:\/\/schema.org","@graph":[{"@type":"WebPage","@id":"https:\/\/www.immobilierlocal.ch\/c\/agence-immobiliere-a-savigny-votre-partenaire-pour-la-location-lachat-et-la-vente-de-logements\/","url":"https:\/\/www.immobilierlocal.ch\/c\/agence-immobiliere-a-savigny-votre-partenaire-pour-la-location-lachat-et-la-vente-de-logements\/","name":"Agence immobili\u00e8re \u00e0 Savigny : votre partenaire pour la location, l'achat et la vente de logements - Immobilierlocal","isPartOf":{"@id":"https:\/\/www.immobilierlocal.ch\/c\/#website"},"primaryImageOfPage":{"@id":"https:\/\/www.immobilierlocal.ch\/c\/agence-immobiliere-a-savigny-votre-partenaire-pour-la-location-lachat-et-la-vente-de-logements\/#primaryimage"},"image":{"@id":"https:\/\/www.immobilierlocal.ch\/c\/agence-immobiliere-a-savigny-votre-partenaire-pour-la-location-lachat-et-la-vente-de-logements\/#primaryimage"},"thumbnailUrl":"https:\/\/www.immobilierlocal.ch\/c\/wp-content\/uploads\/2026\/02\/agence-immobiliere.jpg","datePublished":"2024-04-16T15:07:17+00:00","dateModified":"2026-02-09T10:42:09+00:00","breadcrumb":{"@id":"https:\/\/www.immobilierlocal.ch\/c\/agence-immobiliere-a-savigny-votre-partenaire-pour-la-location-lachat-et-la-vente-de-logements\/#breadcrumb"},"inLanguage":"fr-FR","potentialAction":[{"@type":"ReadAction","target":["https:\/\/www.immobilierlocal.ch\/c\/agence-immobiliere-a-savigny-votre-partenaire-pour-la-location-lachat-et-la-vente-de-logements\/"]}]},{"@type":"ImageObject","inLanguage":"fr-FR","@id":"https:\/\/www.immobilierlocal.ch\/c\/agence-immobiliere-a-savigny-votre-partenaire-pour-la-location-lachat-et-la-vente-de-logements\/#primaryimage","url":"https:\/\/www.immobilierlocal.ch\/c\/wp-content\/uploads\/2026\/02\/agence-immobiliere.jpg","contentUrl":"https:\/\/www.immobilierlocal.ch\/c\/wp-content\/uploads\/2026\/02\/agence-immobiliere.jpg","width":1920,"height":300},{"@type":"BreadcrumbList","@id":"https:\/\/www.immobilierlocal.ch\/c\/agence-immobiliere-a-savigny-votre-partenaire-pour-la-location-lachat-et-la-vente-de-logements\/#breadcrumb","itemListElement":[{"@type":"ListItem","position":1,"name":"Accueil","item":"https:\/\/www.immobilierlocal.ch\/c\/"},{"@type":"ListItem","position":2,"name":"Agence immobili\u00e8re dans le canton de Vaud","item":"https:\/\/www.immobilierlocal.ch\/c\/agence-immobiliere-dans-le-canton-de-vaud-expert-en-ventes-et-locations-immobilieres\/"},{"@type":"ListItem","position":3,"name":"Agences immobili\u00e8res","item":"https:\/\/www.immobilierlocal.ch\/agences"},{"@type":"ListItem","position":4,"name":"Agence immobili\u00e8re \u00e0 Savigny"}]},{"@type":"WebSite","@id":"https:\/\/www.immobilierlocal.ch\/c\/#website","url":"https:\/\/www.immobilierlocal.ch\/c\/","name":"Immobilierlocal","description":"","publisher":{"@id":"https:\/\/www.immobilierlocal.ch\/c\/#organization"},"potentialAction":[{"@type":"SearchAction","target":{"@type":"EntryPoint","urlTemplate":"https:\/\/www.immobilierlocal.ch\/c\/?s={search_term_string}"},"query-input":{"@type":"PropertyValueSpecification","valueRequired":true,"valueName":"search_term_string"}}],"inLanguage":"fr-FR"},{"@type":"Organization","@id":"https:\/\/www.immobilierlocal.ch\/c\/#organization","name":"Immobilierlocal","url":"https:\/\/www.immobilierlocal.ch\/c\/","logo":{"@type":"ImageObject","inLanguage":"fr-FR","@id":"https:\/\/www.immobilierlocal.ch\/c\/#\/schema\/logo\/image\/","url":"https:\/\/www.immobilierlocal.ch\/c\/wp-content\/uploads\/2023\/10\/logo-immobilierlocal-h.svg","contentUrl":"https:\/\/www.immobilierlocal.ch\/c\/wp-content\/uploads\/2023\/10\/logo-immobilierlocal-h.svg","caption":"Immobilierlocal"},"image":{"@id":"https:\/\/www.immobilierlocal.ch\/c\/#\/schema\/logo\/image\/"}}]}},"_links":{"self":[{"href":"https:\/\/www.immobilierlocal.ch\/c\/wp-json\/wp\/v2\/pages\/2315","targetHints":{"allow":["GET"]}}],"collection":[{"href":"https:\/\/www.immobilierlocal.ch\/c\/wp-json\/wp\/v2\/pages"}],"about":[{"href":"https:\/\/www.immobilierlocal.ch\/c\/wp-json\/wp\/v2\/types\/page"}],"author":[{"embeddable":true,"href":"https:\/\/www.immobilierlocal.ch\/c\/wp-json\/wp\/v2\/users\/3"}],"replies":[{"embeddable":true,"href":"https:\/\/www.immobilierlocal.ch\/c\/wp-json\/wp\/v2\/comments?post=2315"}],"version-history":[{"count":0,"href":"https:\/\/www.immobilierlocal.ch\/c\/wp-json\/wp\/v2\/pages\/2315\/revisions"}],"wp:featuredmedia":[{"embeddable":true,"href":"https:\/\/www.immobilierlocal.ch\/c\/wp-json\/wp\/v2\/media\/2768"}],"wp:attachment":[{"href":"https:\/\/www.immobilierlocal.ch\/c\/wp-json\/wp\/v2\/media?parent=2315"}],"wp:term":[{"taxonomy":"category","embeddable":true,"href":"https:\/\/www.immobilierlocal.ch\/c\/wp-json\/wp\/v2\/categories?post=2315"},{"taxonomy":"profession","embeddable":true,"href":"https:\/\/www.immobilierlocal.ch\/c\/wp-json\/wp\/v2\/profession?post=2315"},{"taxonomy":"location","embeddable":true,"href":"https:\/\/www.immobilierlocal.ch\/c\/wp-json\/wp\/v2\/location?post=2315"},{"taxonomy":"canton","embeddable":true,"href":"https:\/\/www.immobilierlocal.ch\/c\/wp-json\/wp\/v2\/canton?post=2315"}],"curies":[{"name":"wp","href":"https:\/\/api.w.org\/{rel}","templated":true}]}}