
{"id":2314,"date":"2024-04-16T17:06:45","date_gmt":"2024-04-16T15:06:45","guid":{"rendered":"https:\/\/www.immobilierlocal.ch\/c\/?page_id=2314"},"modified":"2026-02-09T11:42:41","modified_gmt":"2026-02-09T10:42:41","slug":"agence-immobiliere-a-chavornay-achat-vente-location-dune-propriete-immobiliere","status":"publish","type":"page","link":"https:\/\/www.immobilierlocal.ch\/c\/agence-immobiliere-a-chavornay-achat-vente-location-dune-propriete-immobiliere\/","title":{"rendered":"Agence immobili\u00e8re \u00e0 Chavornay : achat vente location d&rsquo;une propri\u00e9t\u00e9 immobili\u00e8re"},"content":{"rendered":"<p>Vous projetez de vendre, d&rsquo;acheter, de louer une r\u00e9sidence ou un appartement \u00e0 Chavornay ? Immobilierlocal est joignable pour vous accompagner dans vos projets. \u00c9tabli au centre de la ville, nos conseillers immobiliers sont disponibles pour vous \u00e9pauler \u00e0 trouver ou mettre sur le march\u00e9 votre logement. \u00c0 Chavornay, notre agence propose des prestations pour : l&rsquo;achat, la vente, la mise en location de lofts, de propri\u00e9t\u00e9s, de magasins de proximit\u00e9s, de locaux, nous offrons aussi la g\u00e9rance de vos propri\u00e9t\u00e9s immobili\u00e8res, la gestion locative d&rsquo;Airbnb, l&rsquo;administration de copropri\u00e9t\u00e9s ou encore pour trouver une solution de pr\u00eat de votre futur bien immobilier.<\/p>\n\r\n<div class=\"box\">\r\n            <div class=\"company-info\">\r\n            <img decoding=\"async\" class=\"company-info__logo\" src=\"https:\/\/www.artisanlocal.ch\/media\/cache\/thumb\/images\/companies\/6830ad77d37b4015109621.png\" alt=\"Logo\">\r\n            <h2 class=\"company-info__name\">Hermesis<\/h2>\r\n            <p class=\"company-info__business\">Agence immobili\u00e8re - Estimations - Accompagnement pour l\u2019achat - Conseils immobiliers - Courtier<\/p>\r\n        <\/div>\r\n        <div class=\"company-contact\">\r\n            <p class=\"company-info__address\">Route de l'Arnon 20, 1431 Vugelles-La Mothe <\/p>\r\n                            <div class=\"links\">\r\n                                            <a class=\"btn has-accent-background-color js-phoneNumber\" href=\"tel:0798952311\" title=\"Appelez\" data-id=\"38806\" data-type=\"11\">079 895 23 11<\/a>\r\n                                                                <a class=\"btn has-accent-background-color\" href=\"https:\/\/hermesis.ch\/\" target=\"_blank\" title=\"Voir le site internet\" data-id=\"38806\" data-type=\"20\">Site internet<\/a>\r\n                                    <\/div>\r\n                    <\/div>\r\n    \r\n            \n<form action=\"https:\/\/www.immobilierlocal.ch\/c\/wp-admin\/admin-ajax.php\" method=\"post\" class=\"form-contact\" id=\"immobilier_form_contact_company_inline\">\n    <div><input type=\"hidden\" name=\"action\" value=\"company_contact\"><\/div>\n    <div><input type=\"hidden\" name=\"nonce\" value=\"0b5e0bde16\"><\/div>\n    <div><input type=\"hidden\" name=\"company_id\" value=\"38806\"><\/div>\n    <div><input type=\"hidden\" name=\"form_id\" value=\"immobilier_form_contact_company_inline\"><\/div>\n    <div class=\"gglcptch gglcptch_v3 gglcptch_custom\"><input type=\"hidden\" id=\"g-recaptcha-response\" name=\"g-recaptcha-response\" \/><br \/><div class=\"gglcptch_error_text\">La p\u00e9riode de v\u00e9rification reCAPTCHA a expir\u00e9. Veuillez recharger la page.<\/div><\/div>    <div class=\"form-content\">\n        <div class=\"form-group\">\n            <label for=\"contact_firstName\" class=\"required\">Pr\u00e9nom<\/label>\n            <input type=\"text\" name=\"firstName\" class=\"form-control\" required>\n        <\/div>\n        <div class=\"form-group\">\n            <label for=\"contact_lastName\" class=\"required\">Nom<\/label>\n            <input type=\"text\" name=\"lastName\" class=\"form-control\" required>\n        <\/div>\n        <div class=\"form-group\">\n            <label for=\"contact_email\" class=\"required\">Email<\/label>\n            <input type=\"email\" name=\"email\" class=\"form-control\" required>\n        <\/div>\n        <div class=\"form-group\">\n            <label for=\"contact_phone\" class=\"required\">Num\u00e9ro de t\u00e9l\u00e9phone<\/label>\n            <input type=\"tel\" name=\"phone\" class=\"form-control\" placeholder=\"0787117165\" pattern=\"^[0-9]{10}$\" required>\n        <\/div>\n        <div class=\"form-group\">\n            <label for=\"contact_postalCode\" class=\"required\">Code postal et localit\u00e9<\/label>\n            <input type=\"text\" name=\"postalCode\" class=\"form-control\" required>\n        <\/div>\n        <div class=\"form-group\">\n            <label for=\"contact_address\" class=\"required\">Adresse<\/label>\n            <input type=\"text\" name=\"address\" class=\"form-control\" required>\n        <\/div>\n        <div class=\"full-width topic\">\n            <p class=\"required\">Je souhaite \u00eatre contact\u00e9 pour :<\/p>\n            <div class=\"form-check\">\n                <input type=\"radio\" name=\"topic\" value=\"Estimation\" class=\"form-control\" required>\n                <label for=\"estimation\">R\u00e9aliser une estimation<\/label>\n            <\/div>\n            <div class=\"form-check\">\n                <input type=\"radio\" name=\"topic\" value=\"Vente\" class=\"form-control\" required>\n                <label for=\"vente\">R\u00e9aliser une vente<\/label>\n            <\/div>\n            <div class=\"form-check\">\n                <input type=\"radio\" name=\"topic\" value=\"Autre\" class=\"form-control\" required>\n                <label for=\"autre\">Autre<\/label>\n            <\/div>\n        <\/div>\n        <div class=\"form-group full-width\">\n            <label for=\"contact_message\">Message<\/label>\n            <textarea name=\"message\" rows=\"3\" class=\"form-control\"><\/textarea>\n        <\/div>\n    <\/div>\n    <div class=\"form-actions\">\n        <button class=\"wp-block-button__link has-accent-background-color\">Contacter<\/button>\n    <\/div>\n<\/form>\n<div class=\"form-feedback\"><\/div>    <\/div>\n<h2>Le march\u00e9 immobilier Chavornaysan se d\u00e9veloppe en dehors de son agglom\u00e9ration<\/h2>\n<p>Au cours des derni\u00e8res ann\u00e9es, les prix ont connu une augmentation \u00e0 Chavornay, en raison de nombreux \u00e9l\u00e9ments :<\/p>\n<ul>\n<li>Sa localisation g\u00e9ographique,<\/li>\n<li>le secteur de l&#8217;emploi,<\/li>\n<li>les conditions et la qualit\u00e9 de son environnement.<\/li>\n<\/ul>\n<p>Acqu\u00e9rir un appartement \u00e0 Chavornay est aussi une valeur s\u00fbre, car la demande de locations et d&rsquo;achats qui a connu une forte demande, provoquant une flamb\u00e9e des prix.<\/p>\n<h3>Pour le co\u00fbt moyen par m\u00e8tre carr\u00e9 des biens \u00e0 Chavornay<\/h3>\n<p class=\"estimates-price-immobilier\">Le march\u00e9 immobilier \u00e0 Chavornay affiche un prix moyen de CHF 6'812 \/ m\u00b2 (prix par m\u00e8tre carr\u00e9). Les maisons et les appartements ont un prix moyen respectif de CHF 6'016 \/ m\u00b2 et de CHF 7'609 \/ m\u00b2.<\/p>\n<h3>Pour le loyer moyen des biens immobiliers \u00e0 Chavornay<\/h3>\n<p class=\"estimates-rent-average\">Les loyers moyens \u00e0 Chavornay sont actuellement de CHF 1'919 pour les appartements, CHF 2'570 pour les maisons.<\/p>\n<p>La p\u00e9nurie des logements propos\u00e9s \u00e0 la vente pousse de plus en plus d&rsquo;acqu\u00e9reurs \u00e0 s&rsquo;\u00e9loigner de Chavornay et \u00e0 porter leur int\u00e9r\u00eat dans les villes \u00e0 proximit\u00e9, comme :<\/p>\nLa Praz, Arnex-sur-Orbe, Croy, Romainm\u00f4tier, Premier, Vaulion, Juriens, Bretonni\u00e8res, Vallorbe, Ballaigues, Orbe, Agiez, Bofflens, Montcherand, L'Abergement, Sergey, La Russille, Les Cl\u00e9es, Lignerolle, Valeyres-sous-Rances, Bavois, Corcelles-sur-Chavornay, Rances, Baulmes.\n<h2>La position g\u00e9ographique de notre agence immobili\u00e8re \u00e0 Chavornay<\/h2>\n<p>Les experts de notre agence op\u00e8rent dans tous les arrondissements de Chavornay.<\/p>\n\n<div id=\"map\" class=\"map\" data-adresse=\"Route de l'Arnon 20 1431 Vugelles-La Mothe, Suisse\"><\/div>\n<h2>Pourquoi choisir Immobilierlocal ?<\/h2>\n<p>Immobilierlocal propose un large choix de prestations, comme :<\/p>\n<ul>\n<li>La parution de votre publicit\u00e9 sur notre site : dans le but de toucher plus de futurs clients.<\/li>\n<li>Un site internet en suisse et pr\u00e9sent en francophonie : notre site web est r\u00e9f\u00e9renc\u00e9 pour appara\u00eetre dans plusieurs moteurs de recherche web francophones pour atteindre un maximum de clients.<\/li>\n<li>Mise en place d&rsquo;une strat\u00e9gie de vente sur mesure : chacun des biens r\u00e9f\u00e9renc\u00e9s sur notre site b\u00e9n\u00e9ficie d&rsquo;une strat\u00e9gie personnalis\u00e9e.<\/li>\n<li>Estimation immobili\u00e8re en ligne : nous avons d\u00e9velopp\u00e9 une application web pour d\u00e9terminer les valeurs des propri\u00e9t\u00e9s immobili\u00e8res \u00e0 Chavornay.<\/li>\n<li>Photographies et vid\u00e9os : nous r\u00e9alisons la prise des vid\u00e9os et des photos dans le but de mettre en valeur votre r\u00e9sidence.<\/li>\n<li>Signature num\u00e9rique : nous offrons la possibilit\u00e9 de sign\u00e9 num\u00e9riquement vos papiers en ligne.<\/li>\n<li>Service de conciergerie : nous proposons aussi un service de conciergerie airbnb.<\/li>\n<li>Gestion locative : nous offrons une garantie pour le non-paiement des loyers impay\u00e9s.<\/li>\n<\/ul>\n<h2>Une agence immobili\u00e8re compos\u00e9e de professionnels<\/h2>\n<p>Tous nos collaborateurs sont qualifi\u00e9s, qu&rsquo;ils soient : commerciaux, administrateurs ou techniciens. Nos conseillers suivent fr\u00e9quemment des formations afin de maintenir \u00e0 niveau leurs comp\u00e9tences : commerciales, techniques et juridiques \u00e0 jour. Chaque commercial de notre \u00e9quipe poss\u00e8de une grande expertise dans le march\u00e9 de l&rsquo;immobilier. L&rsquo;exp\u00e9rience acquise nous permet d&rsquo;accompagner au mieux nos partenaires.<\/p>\n<h2>\u00c9valuer un bien \u00e0 Chavornay<\/h2>\n<p>Nous effectuons des \u00e9valuations pr\u00e9cises de votre habitation \u00e0 Chavornay, nous tenons compte des caract\u00e9ristiques de votre maison, ou encore la renomm\u00e9e de votre quartier. Nous apportons une v\u00e9ritable expertise pour tout ce qui concerne : l&rsquo;achat, la vente, les investissements immobiliers, les locations \u00e0 court et long terme, la g\u00e9rance de vos biens immobiliers, et aussi pour la g\u00e9rance de votre r\u00e9sidence en copropri\u00e9t\u00e9.<\/p>\n<h2>Un accompagnement personnalis\u00e9<\/h2>\n<p>Nous sommes conscients que votre projet immobilier est unique, c&rsquo;est la raison pour laquelle nous proposons des services personnalis\u00e9s. Si vous cherchez \u00e0 louer une maison ou un appartement dans la zone de Chavornay, les conseillers de notre agence se tiennent \u00e0 votre service pour toutes les phases de votre projet. Nous avons un large r\u00e9seau de contacts pour vous aider \u00e0 trouver la r\u00e9sidence de vos d\u00e9sires dans la r\u00e9gion de Chavornay.<\/p>\n<h2>Vous recherchez une soci\u00e9t\u00e9 immobili\u00e8re \u00e0 Chavornay ?<\/h2>\n<p>L&rsquo;agence Immobilierlocal est situ\u00e9e en plein c\u0153ur de Chavornay. Nos consultants vous \u00e9coutent et sont pr\u00eats \u00e0 vous soutenir dans votre projet immobilier. Nos consultants immobiliers exp\u00e9riment\u00e9s sont vos interlocuteurs de confiance pour la vente, l&rsquo;acquisition et la gestion de biens.<\/p>\n","protected":false},"excerpt":{"rendered":"<p>Vous projetez de vendre, d&rsquo;acheter, de louer une r\u00e9sidence ou un appartement \u00e0 Chavornay ? Immobilierlocal est joignable pour vous accompagner dans vos projets. \u00c9tabli au centre de la ville, nos conseillers immobiliers sont disponibles pour vous \u00e9pauler \u00e0 trouver ou mettre sur le march\u00e9 votre logement. \u00c0 Chavornay, notre agence propose des prestations pour [&hellip;]<\/p>\n","protected":false},"author":3,"featured_media":2768,"parent":0,"menu_order":0,"comment_status":"closed","ping_status":"closed","template":"wp-custom-template-page-agent","meta":{"footnotes":""},"categories":[89],"profession":[92],"location":[10],"canton":[79],"class_list":["post-2314","page","type-page","status-publish","has-post-thumbnail","hentry","category-agence","profession-agent-immobilier"],"yoast_head":"<!-- This site is optimized with the Yoast SEO Premium plugin v23.0 (Yoast SEO v27.3) - https:\/\/yoast.com\/product\/yoast-seo-premium-wordpress\/ -->\n<title>Agence immobili\u00e8re \u00e0 Chavornay : achat vente location d&#039;une propri\u00e9t\u00e9 immobili\u00e8re - Immobilierlocal<\/title>\n<meta name=\"robots\" content=\"index, follow, max-snippet:-1, max-image-preview:large, max-video-preview:-1\" \/>\n<link rel=\"canonical\" href=\"https:\/\/www.immobilierlocal.ch\/c\/agence-immobiliere-a-chavornay-achat-vente-location-dune-propriete-immobiliere\/\" \/>\n<meta property=\"og:locale\" content=\"fr_FR\" \/>\n<meta property=\"og:type\" content=\"article\" \/>\n<meta property=\"og:title\" content=\"Agence immobili\u00e8re \u00e0 Chavornay : achat vente location d&#039;une propri\u00e9t\u00e9 immobili\u00e8re\" \/>\n<meta property=\"og:description\" content=\"Vous projetez de vendre, d&rsquo;acheter, de louer une r\u00e9sidence ou un appartement \u00e0 Chavornay ? Immobilierlocal est joignable pour vous accompagner dans vos projets. \u00c9tabli au centre de la ville, nos conseillers immobiliers sont disponibles pour vous \u00e9pauler \u00e0 trouver ou mettre sur le march\u00e9 votre logement. \u00c0 Chavornay, notre agence propose des prestations pour [&hellip;]\" \/>\n<meta property=\"og:url\" content=\"https:\/\/www.immobilierlocal.ch\/c\/agence-immobiliere-a-chavornay-achat-vente-location-dune-propriete-immobiliere\/\" \/>\n<meta property=\"og:site_name\" content=\"Immobilierlocal\" \/>\n<meta property=\"article:modified_time\" content=\"2026-02-09T10:42:41+00:00\" \/>\n<meta property=\"og:image\" content=\"https:\/\/www.immobilierlocal.ch\/c\/wp-content\/uploads\/2026\/02\/agence-immobiliere.jpg\" \/>\n\t<meta property=\"og:image:width\" content=\"1920\" \/>\n\t<meta property=\"og:image:height\" content=\"300\" \/>\n\t<meta property=\"og:image:type\" content=\"image\/jpeg\" \/>\n<meta name=\"twitter:card\" content=\"summary_large_image\" \/>\n<meta name=\"twitter:label1\" content=\"Dur\u00e9e de lecture estim\u00e9e\" \/>\n\t<meta name=\"twitter:data1\" content=\"4 minutes\" \/>\n<script type=\"application\/ld+json\" class=\"yoast-schema-graph\">{\"@context\":\"https:\\\/\\\/schema.org\",\"@graph\":[{\"@type\":\"WebPage\",\"@id\":\"https:\\\/\\\/www.immobilierlocal.ch\\\/c\\\/agence-immobiliere-a-chavornay-achat-vente-location-dune-propriete-immobiliere\\\/\",\"url\":\"https:\\\/\\\/www.immobilierlocal.ch\\\/c\\\/agence-immobiliere-a-chavornay-achat-vente-location-dune-propriete-immobiliere\\\/\",\"name\":\"Agence immobili\u00e8re \u00e0 Chavornay : achat vente location d'une propri\u00e9t\u00e9 immobili\u00e8re - Immobilierlocal\",\"isPartOf\":{\"@id\":\"https:\\\/\\\/www.immobilierlocal.ch\\\/c\\\/#website\"},\"primaryImageOfPage\":{\"@id\":\"https:\\\/\\\/www.immobilierlocal.ch\\\/c\\\/agence-immobiliere-a-chavornay-achat-vente-location-dune-propriete-immobiliere\\\/#primaryimage\"},\"image\":{\"@id\":\"https:\\\/\\\/www.immobilierlocal.ch\\\/c\\\/agence-immobiliere-a-chavornay-achat-vente-location-dune-propriete-immobiliere\\\/#primaryimage\"},\"thumbnailUrl\":\"https:\\\/\\\/www.immobilierlocal.ch\\\/c\\\/wp-content\\\/uploads\\\/2026\\\/02\\\/agence-immobiliere.jpg\",\"datePublished\":\"2024-04-16T15:06:45+00:00\",\"dateModified\":\"2026-02-09T10:42:41+00:00\",\"breadcrumb\":{\"@id\":\"https:\\\/\\\/www.immobilierlocal.ch\\\/c\\\/agence-immobiliere-a-chavornay-achat-vente-location-dune-propriete-immobiliere\\\/#breadcrumb\"},\"inLanguage\":\"fr-FR\",\"potentialAction\":[{\"@type\":\"ReadAction\",\"target\":[\"https:\\\/\\\/www.immobilierlocal.ch\\\/c\\\/agence-immobiliere-a-chavornay-achat-vente-location-dune-propriete-immobiliere\\\/\"]}]},{\"@type\":\"ImageObject\",\"inLanguage\":\"fr-FR\",\"@id\":\"https:\\\/\\\/www.immobilierlocal.ch\\\/c\\\/agence-immobiliere-a-chavornay-achat-vente-location-dune-propriete-immobiliere\\\/#primaryimage\",\"url\":\"https:\\\/\\\/www.immobilierlocal.ch\\\/c\\\/wp-content\\\/uploads\\\/2026\\\/02\\\/agence-immobiliere.jpg\",\"contentUrl\":\"https:\\\/\\\/www.immobilierlocal.ch\\\/c\\\/wp-content\\\/uploads\\\/2026\\\/02\\\/agence-immobiliere.jpg\",\"width\":1920,\"height\":300},{\"@type\":\"BreadcrumbList\",\"@id\":\"https:\\\/\\\/www.immobilierlocal.ch\\\/c\\\/agence-immobiliere-a-chavornay-achat-vente-location-dune-propriete-immobiliere\\\/#breadcrumb\",\"itemListElement\":[{\"@type\":\"ListItem\",\"position\":1,\"name\":\"Accueil\",\"item\":\"https:\\\/\\\/www.immobilierlocal.ch\\\/c\\\/\"},{\"@type\":\"ListItem\",\"position\":2,\"name\":\"Agence immobili\u00e8re dans le canton de Vaud\",\"item\":\"https:\\\/\\\/www.immobilierlocal.ch\\\/c\\\/agence-immobiliere-dans-le-canton-de-vaud-expert-en-ventes-et-locations-immobilieres\\\/\"},{\"@type\":\"ListItem\",\"position\":3,\"name\":\"Agences immobili\u00e8res\",\"item\":\"https:\\\/\\\/www.immobilierlocal.ch\\\/agences\"},{\"@type\":\"ListItem\",\"position\":4,\"name\":\"Agence immobili\u00e8re \u00e0 Chavornay\"}]},{\"@type\":\"WebSite\",\"@id\":\"https:\\\/\\\/www.immobilierlocal.ch\\\/c\\\/#website\",\"url\":\"https:\\\/\\\/www.immobilierlocal.ch\\\/c\\\/\",\"name\":\"Immobilierlocal\",\"description\":\"\",\"publisher\":{\"@id\":\"https:\\\/\\\/www.immobilierlocal.ch\\\/c\\\/#organization\"},\"potentialAction\":[{\"@type\":\"SearchAction\",\"target\":{\"@type\":\"EntryPoint\",\"urlTemplate\":\"https:\\\/\\\/www.immobilierlocal.ch\\\/c\\\/?s={search_term_string}\"},\"query-input\":{\"@type\":\"PropertyValueSpecification\",\"valueRequired\":true,\"valueName\":\"search_term_string\"}}],\"inLanguage\":\"fr-FR\"},{\"@type\":\"Organization\",\"@id\":\"https:\\\/\\\/www.immobilierlocal.ch\\\/c\\\/#organization\",\"name\":\"Immobilierlocal\",\"url\":\"https:\\\/\\\/www.immobilierlocal.ch\\\/c\\\/\",\"logo\":{\"@type\":\"ImageObject\",\"inLanguage\":\"fr-FR\",\"@id\":\"https:\\\/\\\/www.immobilierlocal.ch\\\/c\\\/#\\\/schema\\\/logo\\\/image\\\/\",\"url\":\"https:\\\/\\\/www.immobilierlocal.ch\\\/c\\\/wp-content\\\/uploads\\\/2023\\\/10\\\/logo-immobilierlocal-h.svg\",\"contentUrl\":\"https:\\\/\\\/www.immobilierlocal.ch\\\/c\\\/wp-content\\\/uploads\\\/2023\\\/10\\\/logo-immobilierlocal-h.svg\",\"caption\":\"Immobilierlocal\"},\"image\":{\"@id\":\"https:\\\/\\\/www.immobilierlocal.ch\\\/c\\\/#\\\/schema\\\/logo\\\/image\\\/\"}}]}<\/script>\n<!-- \/ Yoast SEO Premium plugin. -->","yoast_head_json":{"title":"Agence immobili\u00e8re \u00e0 Chavornay : achat vente location d'une propri\u00e9t\u00e9 immobili\u00e8re - Immobilierlocal","robots":{"index":"index","follow":"follow","max-snippet":"max-snippet:-1","max-image-preview":"max-image-preview:large","max-video-preview":"max-video-preview:-1"},"canonical":"https:\/\/www.immobilierlocal.ch\/c\/agence-immobiliere-a-chavornay-achat-vente-location-dune-propriete-immobiliere\/","og_locale":"fr_FR","og_type":"article","og_title":"Agence immobili\u00e8re \u00e0 Chavornay : achat vente location d'une propri\u00e9t\u00e9 immobili\u00e8re","og_description":"Vous projetez de vendre, d&rsquo;acheter, de louer une r\u00e9sidence ou un appartement \u00e0 Chavornay ? Immobilierlocal est joignable pour vous accompagner dans vos projets. \u00c9tabli au centre de la ville, nos conseillers immobiliers sont disponibles pour vous \u00e9pauler \u00e0 trouver ou mettre sur le march\u00e9 votre logement. \u00c0 Chavornay, notre agence propose des prestations pour [&hellip;]","og_url":"https:\/\/www.immobilierlocal.ch\/c\/agence-immobiliere-a-chavornay-achat-vente-location-dune-propriete-immobiliere\/","og_site_name":"Immobilierlocal","article_modified_time":"2026-02-09T10:42:41+00:00","og_image":[{"width":1920,"height":300,"url":"https:\/\/www.immobilierlocal.ch\/c\/wp-content\/uploads\/2026\/02\/agence-immobiliere.jpg","type":"image\/jpeg"}],"twitter_card":"summary_large_image","twitter_misc":{"Dur\u00e9e de lecture estim\u00e9e":"4 minutes"},"schema":{"@context":"https:\/\/schema.org","@graph":[{"@type":"WebPage","@id":"https:\/\/www.immobilierlocal.ch\/c\/agence-immobiliere-a-chavornay-achat-vente-location-dune-propriete-immobiliere\/","url":"https:\/\/www.immobilierlocal.ch\/c\/agence-immobiliere-a-chavornay-achat-vente-location-dune-propriete-immobiliere\/","name":"Agence immobili\u00e8re \u00e0 Chavornay : achat vente location d'une propri\u00e9t\u00e9 immobili\u00e8re - Immobilierlocal","isPartOf":{"@id":"https:\/\/www.immobilierlocal.ch\/c\/#website"},"primaryImageOfPage":{"@id":"https:\/\/www.immobilierlocal.ch\/c\/agence-immobiliere-a-chavornay-achat-vente-location-dune-propriete-immobiliere\/#primaryimage"},"image":{"@id":"https:\/\/www.immobilierlocal.ch\/c\/agence-immobiliere-a-chavornay-achat-vente-location-dune-propriete-immobiliere\/#primaryimage"},"thumbnailUrl":"https:\/\/www.immobilierlocal.ch\/c\/wp-content\/uploads\/2026\/02\/agence-immobiliere.jpg","datePublished":"2024-04-16T15:06:45+00:00","dateModified":"2026-02-09T10:42:41+00:00","breadcrumb":{"@id":"https:\/\/www.immobilierlocal.ch\/c\/agence-immobiliere-a-chavornay-achat-vente-location-dune-propriete-immobiliere\/#breadcrumb"},"inLanguage":"fr-FR","potentialAction":[{"@type":"ReadAction","target":["https:\/\/www.immobilierlocal.ch\/c\/agence-immobiliere-a-chavornay-achat-vente-location-dune-propriete-immobiliere\/"]}]},{"@type":"ImageObject","inLanguage":"fr-FR","@id":"https:\/\/www.immobilierlocal.ch\/c\/agence-immobiliere-a-chavornay-achat-vente-location-dune-propriete-immobiliere\/#primaryimage","url":"https:\/\/www.immobilierlocal.ch\/c\/wp-content\/uploads\/2026\/02\/agence-immobiliere.jpg","contentUrl":"https:\/\/www.immobilierlocal.ch\/c\/wp-content\/uploads\/2026\/02\/agence-immobiliere.jpg","width":1920,"height":300},{"@type":"BreadcrumbList","@id":"https:\/\/www.immobilierlocal.ch\/c\/agence-immobiliere-a-chavornay-achat-vente-location-dune-propriete-immobiliere\/#breadcrumb","itemListElement":[{"@type":"ListItem","position":1,"name":"Accueil","item":"https:\/\/www.immobilierlocal.ch\/c\/"},{"@type":"ListItem","position":2,"name":"Agence immobili\u00e8re dans le canton de Vaud","item":"https:\/\/www.immobilierlocal.ch\/c\/agence-immobiliere-dans-le-canton-de-vaud-expert-en-ventes-et-locations-immobilieres\/"},{"@type":"ListItem","position":3,"name":"Agences immobili\u00e8res","item":"https:\/\/www.immobilierlocal.ch\/agences"},{"@type":"ListItem","position":4,"name":"Agence immobili\u00e8re \u00e0 Chavornay"}]},{"@type":"WebSite","@id":"https:\/\/www.immobilierlocal.ch\/c\/#website","url":"https:\/\/www.immobilierlocal.ch\/c\/","name":"Immobilierlocal","description":"","publisher":{"@id":"https:\/\/www.immobilierlocal.ch\/c\/#organization"},"potentialAction":[{"@type":"SearchAction","target":{"@type":"EntryPoint","urlTemplate":"https:\/\/www.immobilierlocal.ch\/c\/?s={search_term_string}"},"query-input":{"@type":"PropertyValueSpecification","valueRequired":true,"valueName":"search_term_string"}}],"inLanguage":"fr-FR"},{"@type":"Organization","@id":"https:\/\/www.immobilierlocal.ch\/c\/#organization","name":"Immobilierlocal","url":"https:\/\/www.immobilierlocal.ch\/c\/","logo":{"@type":"ImageObject","inLanguage":"fr-FR","@id":"https:\/\/www.immobilierlocal.ch\/c\/#\/schema\/logo\/image\/","url":"https:\/\/www.immobilierlocal.ch\/c\/wp-content\/uploads\/2023\/10\/logo-immobilierlocal-h.svg","contentUrl":"https:\/\/www.immobilierlocal.ch\/c\/wp-content\/uploads\/2023\/10\/logo-immobilierlocal-h.svg","caption":"Immobilierlocal"},"image":{"@id":"https:\/\/www.immobilierlocal.ch\/c\/#\/schema\/logo\/image\/"}}]}},"_links":{"self":[{"href":"https:\/\/www.immobilierlocal.ch\/c\/wp-json\/wp\/v2\/pages\/2314","targetHints":{"allow":["GET"]}}],"collection":[{"href":"https:\/\/www.immobilierlocal.ch\/c\/wp-json\/wp\/v2\/pages"}],"about":[{"href":"https:\/\/www.immobilierlocal.ch\/c\/wp-json\/wp\/v2\/types\/page"}],"author":[{"embeddable":true,"href":"https:\/\/www.immobilierlocal.ch\/c\/wp-json\/wp\/v2\/users\/3"}],"replies":[{"embeddable":true,"href":"https:\/\/www.immobilierlocal.ch\/c\/wp-json\/wp\/v2\/comments?post=2314"}],"version-history":[{"count":0,"href":"https:\/\/www.immobilierlocal.ch\/c\/wp-json\/wp\/v2\/pages\/2314\/revisions"}],"wp:featuredmedia":[{"embeddable":true,"href":"https:\/\/www.immobilierlocal.ch\/c\/wp-json\/wp\/v2\/media\/2768"}],"wp:attachment":[{"href":"https:\/\/www.immobilierlocal.ch\/c\/wp-json\/wp\/v2\/media?parent=2314"}],"wp:term":[{"taxonomy":"category","embeddable":true,"href":"https:\/\/www.immobilierlocal.ch\/c\/wp-json\/wp\/v2\/categories?post=2314"},{"taxonomy":"profession","embeddable":true,"href":"https:\/\/www.immobilierlocal.ch\/c\/wp-json\/wp\/v2\/profession?post=2314"},{"taxonomy":"location","embeddable":true,"href":"https:\/\/www.immobilierlocal.ch\/c\/wp-json\/wp\/v2\/location?post=2314"},{"taxonomy":"canton","embeddable":true,"href":"https:\/\/www.immobilierlocal.ch\/c\/wp-json\/wp\/v2\/canton?post=2314"}],"curies":[{"name":"wp","href":"https:\/\/api.w.org\/{rel}","templated":true}]}}