
{"id":2310,"date":"2024-04-16T17:07:14","date_gmt":"2024-04-16T15:07:14","guid":{"rendered":"https:\/\/www.immobilierlocal.ch\/c\/?page_id=2310"},"modified":"2026-02-09T11:42:12","modified_gmt":"2026-02-09T10:42:12","slug":"agence-immobiliere-a-pully-votre-partenaire-pour-lachat-la-vente-et-la-location-de-biens-immobiliers","status":"publish","type":"page","link":"https:\/\/www.immobilierlocal.ch\/c\/agence-immobiliere-a-pully-votre-partenaire-pour-lachat-la-vente-et-la-location-de-biens-immobiliers\/","title":{"rendered":"Agence immobili\u00e8re \u00e0 Pully : votre partenaire pour l&rsquo;achat, la vente et la location de biens immobiliers"},"content":{"rendered":"<p>Vous projetez de vendre, d&rsquo;acheter, de louer une maison ou un studio \u00e0 Pully ? Immobilierlocal est disponible pour vous assister dans votre projet. \u00c9tabli au c\u0153ur de la ville, nos conseillers immobiliers sont disponibles pour vous assister \u00e0 acqu\u00e9rir ou mettre sur le march\u00e9 votre logement. Notre soci\u00e9t\u00e9 immobili\u00e8re \u00e0 Pully propose une large gamme de prestations : pour vendre, acheter votre villa, ou votre studio, louer un appartement, acqu\u00e9rir des boutiques, des bureaux, pour la g\u00e9rance de vos logements, pour de la location de logement de courte dur\u00e9e ou g\u00e9rer les immeubles en syndic de copropri\u00e9t\u00e9 et pour le financement de votre bien immobilier.<\/p>\n\r\n<div class=\"box\">\r\n            <div class=\"company-info\">\r\n            <img decoding=\"async\" class=\"company-info__logo\" src=\"https:\/\/www.artisanlocal.ch\/media\/cache\/thumb\/images\/companies\/6800e5479122e945632473.png\" alt=\"Logo\">\r\n            <h2 class=\"company-info__name\">PROXIMMO Agence Immobili\u00e8re S\u00e0rl<\/h2>\r\n            <p class=\"company-info__business\">Agence immobili\u00e8re - Courtage immobilier - Promotion - Estimation - Accompagnement pour l\u2019achat - Financement - Conseils<\/p>\r\n        <\/div>\r\n        <div class=\"company-contact\">\r\n            <p class=\"company-info__address\">Place Bel-Air 1, 1003 Lausanne <\/p>\r\n                            <div class=\"links\">\r\n                                            <a class=\"btn has-accent-background-color js-phoneNumber\" href=\"tel:0213510808\" title=\"Appelez\" data-id=\"28161\" data-type=\"11\">021 351 08 08<\/a>\r\n                                                                <a class=\"btn has-accent-background-color\" href=\"https:\/\/proximmo.ch\/\" target=\"_blank\" title=\"Voir le site internet\" data-id=\"28161\" data-type=\"20\">Site internet<\/a>\r\n                                    <\/div>\r\n                    <\/div>\r\n    \r\n            \n<form action=\"https:\/\/www.immobilierlocal.ch\/c\/wp-admin\/admin-ajax.php\" method=\"post\" class=\"form-contact\" id=\"immobilier_form_contact_company_inline\">\n    <div><input type=\"hidden\" name=\"action\" value=\"company_contact\"><\/div>\n    <div><input type=\"hidden\" name=\"nonce\" value=\"0b5e0bde16\"><\/div>\n    <div><input type=\"hidden\" name=\"company_id\" value=\"28161\"><\/div>\n    <div><input type=\"hidden\" name=\"form_id\" value=\"immobilier_form_contact_company_inline\"><\/div>\n    <div class=\"gglcptch gglcptch_v3 gglcptch_custom\"><input type=\"hidden\" id=\"g-recaptcha-response\" name=\"g-recaptcha-response\" \/><br \/><div class=\"gglcptch_error_text\">La p\u00e9riode de v\u00e9rification reCAPTCHA a expir\u00e9. Veuillez recharger la page.<\/div><\/div>    <div class=\"form-content\">\n        <div class=\"form-group\">\n            <label for=\"contact_firstName\" class=\"required\">Pr\u00e9nom<\/label>\n            <input type=\"text\" name=\"firstName\" class=\"form-control\" required>\n        <\/div>\n        <div class=\"form-group\">\n            <label for=\"contact_lastName\" class=\"required\">Nom<\/label>\n            <input type=\"text\" name=\"lastName\" class=\"form-control\" required>\n        <\/div>\n        <div class=\"form-group\">\n            <label for=\"contact_email\" class=\"required\">Email<\/label>\n            <input type=\"email\" name=\"email\" class=\"form-control\" required>\n        <\/div>\n        <div class=\"form-group\">\n            <label for=\"contact_phone\" class=\"required\">Num\u00e9ro de t\u00e9l\u00e9phone<\/label>\n            <input type=\"tel\" name=\"phone\" class=\"form-control\" placeholder=\"0787117165\" pattern=\"^[0-9]{10}$\" required>\n        <\/div>\n        <div class=\"form-group\">\n            <label for=\"contact_postalCode\" class=\"required\">Code postal et localit\u00e9<\/label>\n            <input type=\"text\" name=\"postalCode\" class=\"form-control\" required>\n        <\/div>\n        <div class=\"form-group\">\n            <label for=\"contact_address\" class=\"required\">Adresse<\/label>\n            <input type=\"text\" name=\"address\" class=\"form-control\" required>\n        <\/div>\n        <div class=\"full-width topic\">\n            <p class=\"required\">Je souhaite \u00eatre contact\u00e9 pour :<\/p>\n            <div class=\"form-check\">\n                <input type=\"radio\" name=\"topic\" value=\"Estimation\" class=\"form-control\" required>\n                <label for=\"estimation\">R\u00e9aliser une estimation<\/label>\n            <\/div>\n            <div class=\"form-check\">\n                <input type=\"radio\" name=\"topic\" value=\"Vente\" class=\"form-control\" required>\n                <label for=\"vente\">R\u00e9aliser une vente<\/label>\n            <\/div>\n            <div class=\"form-check\">\n                <input type=\"radio\" name=\"topic\" value=\"Autre\" class=\"form-control\" required>\n                <label for=\"autre\">Autre<\/label>\n            <\/div>\n        <\/div>\n        <div class=\"form-group full-width\">\n            <label for=\"contact_message\">Message<\/label>\n            <textarea name=\"message\" rows=\"3\" class=\"form-control\"><\/textarea>\n        <\/div>\n    <\/div>\n    <div class=\"form-actions\">\n        <button class=\"wp-block-button__link has-accent-background-color\">Contacter<\/button>\n    <\/div>\n<\/form>\n<div class=\"form-feedback\"><\/div>    <\/div>\n<h2>Le march\u00e9 immobilier Pulli\u00e9ran s&rsquo;\u00e9tend au-del\u00e0 de son agglom\u00e9ration<\/h2>\n<p>R\u00e9cemment, les tarifs ont connu une augmentation \u00e0 Pully, en raison de plusieurs facteurs :<\/p>\n<ul>\n<li>Sa localisation g\u00e9ographique,<\/li>\n<li>le secteur de l&#8217;emploi,<\/li>\n<li>le confort et la qualit\u00e9 de son environnement.<\/li>\n<\/ul>\n<p>Acqu\u00e9rir un logement \u00e0 Pully est aussi un investissement s\u00fbr, parce que la demande de locations et d&rsquo;achats qui a connu une hausse significative, conduisant une pouss\u00e9e des prix.<\/p>\n<h3>Pour le prix immobilier moyen au m\u00b2 \u00e0 Pully<\/h3>\n<p class=\"estimates-price-immobilier\">Le march\u00e9 immobilier \u00e0 Pully affiche un prix moyen de CHF 13'834 \/ m\u00b2 (prix par m\u00e8tre carr\u00e9). Les maisons et les appartements ont un prix moyen respectif de CHF 13'841 \/ m\u00b2 et de CHF 13'828 \/ m\u00b2.<\/p>\n<h3>Pour le prix moyen du loyer \u00e0 Pully<\/h3>\n<p class=\"estimates-rent-average\">Les loyers moyens \u00e0 Pully sont actuellement de CHF 3'635 pour les appartements, CHF 5'248 pour les maisons.<\/p>\n<p>La p\u00e9nurie des biens propos\u00e9s \u00e0 la vente encourage de plus en plus d&rsquo;acqu\u00e9reurs \u00e0 s&rsquo;\u00e9loigner de Pully et \u00e0 porter leur int\u00e9r\u00eat dans les villes proches, comme :<\/p>\nLes Monts-de-Pully, La Croix (Lutry), Belmont-sur-Lausanne, La Conversion, Paudex, Lutry.\n<h2>La localisation de notre agence immobili\u00e8re \u00e0 Pully<\/h2>\n<p>Les experts de notre agence op\u00e8rent dans tous les arrondissements de Pully.<\/p>\n\n<div id=\"map\" class=\"map\" data-adresse=\"Place Bel-Air 1 1003 Lausanne, Suisse\"><\/div>\n<h2>Pourquoi choisir Immobilierlocal ?<\/h2>\n<p>Notre entreprise, Immobilierlocal, offre une gamme compl\u00e8te de services, notamment :<\/p>\n<ul>\n<li>La mise en ligne de vos annonces sur notre site internet : pour vous permettre de toucher plus de monde.<\/li>\n<li>Un site internet en suisse et aussi pr\u00e9sent en francophonie : notre site internet est optimis\u00e9 pour appara\u00eetre dans plusieurs moteurs de recherche en langue fran\u00e7aise pour toucher un maximum de potentiels clients.<\/li>\n<li>Programme personnalis\u00e9 : chacun des logements r\u00e9f\u00e9renc\u00e9s sur notre site profite d&rsquo;un plan de commercialisation personnalis\u00e9.<\/li>\n<li>Estimation des prix : nous avons d\u00e9velopp\u00e9 des applications en ligne pour calculer les valeurs des habitations.<\/li>\n<li>Photos et vid\u00e9os : nous r\u00e9alisons des images et des vid\u00e9os pour valoriser votre studio sur internet.<\/li>\n<li>Signature \u00e9lectronique : nous proposons l&rsquo;option signature des actes par voie \u00e9lectronique afin de vous faciliter la vie.<\/li>\n<li>Service de conciergerie airbnb : nous avons aussi un service de conciergerie airbnb.<\/li>\n<li>Services de gestion locative : nous proposons une couverture pour le non-paiement des loyers impay\u00e9s.<\/li>\n<\/ul>\n<h2>Une agence immobili\u00e8re compos\u00e9e de professionnels<\/h2>\n<p>Tous nos collaborateurs sont qualifi\u00e9s, qu&rsquo;ils soient : commerciaux, administrateurs ou techniciens. Nos conseillers suivent fr\u00e9quemment des formations professionnelles afin de maintenir leurs bagages techniques, juridiques et commerciales \u00e0 jour. De plus, nos commerciaux ont tous aussi acquis une exp\u00e9rience en amont. L&rsquo;exp\u00e9rience obtenue nous permet d&rsquo;accompagner au mieux nos clients.<\/p>\n<h2>Obtenez une estimation de votre bien \u00e0 Pully<\/h2>\n<p>Si vous \u00eates un Pulli\u00e9ran, notre entreprise immobili\u00e8re r\u00e9alise des estimations immobili\u00e8res d\u00e9taill\u00e9es de votre maison en consid\u00e9rant les particularit\u00e9s de votre appartement comme votre quartier. Nous apportons une v\u00e9ritable comp\u00e9tence pour tout ce qui concerne : l&rsquo;achat, la vente, les placements immobiliers, les locations \u00e0 court et long terme, la g\u00e9rance de vos biens immobiliers, et aussi pour la gestion de votre r\u00e9sidence en copropri\u00e9t\u00e9.<\/p>\n<h2>Une agence immobili\u00e8re qui vous guide<\/h2>\n<p>Nous comprenons que chaque personne est unique, c&rsquo;est la raison pour laquelle nous personnalisons nos conseils. Si vous avez besoin d\u2019acheter ou de louer un appartement ou une maison dans la r\u00e9gion de Pully, nos experts sont \u00e0 votre disposition \u00e0 toutes les \u00e9tapes de votre projet immobilier. Vous souhaitez acqu\u00e9rir une nouvelle r\u00e9sidence \u00e0 Pully ? Nous cherchons et trouvons le meilleur logement possible avec notre r\u00e9seau.<\/p>\n<h2>Vous avez besoin d&rsquo;une agence immobili\u00e8re \u00e0 Pully ?<\/h2>\n<p>L&rsquo;agence Immobilierlocal est localis\u00e9e au centre-ville de Pully. Nous vous accueillerons dans notre agence, pr\u00eats \u00e0 vous \u00e9couter et \u00e0 concr\u00e9tiser vos projets immobiliers. Notre entreprise est exp\u00e9riment\u00e9e dans la vente, l&rsquo;acquisition et la gestion de propri\u00e9t\u00e9s.<\/p>\n","protected":false},"excerpt":{"rendered":"<p>Vous projetez de vendre, d&rsquo;acheter, de louer une maison ou un studio \u00e0 Pully ? Immobilierlocal est disponible pour vous assister dans votre projet. \u00c9tabli au c\u0153ur de la ville, nos conseillers immobiliers sont disponibles pour vous assister \u00e0 acqu\u00e9rir ou mettre sur le march\u00e9 votre logement. Notre soci\u00e9t\u00e9 immobili\u00e8re \u00e0 Pully propose une large [&hellip;]<\/p>\n","protected":false},"author":3,"featured_media":2768,"parent":0,"menu_order":0,"comment_status":"closed","ping_status":"closed","template":"wp-custom-template-page-agent","meta":{"footnotes":""},"categories":[89],"profession":[92],"location":[44],"canton":[79],"class_list":["post-2310","page","type-page","status-publish","has-post-thumbnail","hentry","category-agence","profession-agent-immobilier"],"yoast_head":"<!-- This site is optimized with the Yoast SEO Premium plugin v23.0 (Yoast SEO v27.3) - https:\/\/yoast.com\/product\/yoast-seo-premium-wordpress\/ -->\n<title>Agence immobili\u00e8re \u00e0 Pully : votre partenaire pour l&#039;achat, la vente et la location de biens immobiliers - Immobilierlocal<\/title>\n<meta name=\"robots\" content=\"index, follow, max-snippet:-1, max-image-preview:large, max-video-preview:-1\" \/>\n<link rel=\"canonical\" href=\"https:\/\/www.immobilierlocal.ch\/c\/agence-immobiliere-a-pully-votre-partenaire-pour-lachat-la-vente-et-la-location-de-biens-immobiliers\/\" \/>\n<meta property=\"og:locale\" content=\"fr_FR\" \/>\n<meta property=\"og:type\" content=\"article\" \/>\n<meta property=\"og:title\" content=\"Agence immobili\u00e8re \u00e0 Pully : votre partenaire pour l&#039;achat, la vente et la location de biens immobiliers\" \/>\n<meta property=\"og:description\" content=\"Vous projetez de vendre, d&rsquo;acheter, de louer une maison ou un studio \u00e0 Pully ? Immobilierlocal est disponible pour vous assister dans votre projet. \u00c9tabli au c\u0153ur de la ville, nos conseillers immobiliers sont disponibles pour vous assister \u00e0 acqu\u00e9rir ou mettre sur le march\u00e9 votre logement. Notre soci\u00e9t\u00e9 immobili\u00e8re \u00e0 Pully propose une large [&hellip;]\" \/>\n<meta property=\"og:url\" content=\"https:\/\/www.immobilierlocal.ch\/c\/agence-immobiliere-a-pully-votre-partenaire-pour-lachat-la-vente-et-la-location-de-biens-immobiliers\/\" \/>\n<meta property=\"og:site_name\" content=\"Immobilierlocal\" \/>\n<meta property=\"article:modified_time\" content=\"2026-02-09T10:42:12+00:00\" \/>\n<meta property=\"og:image\" content=\"https:\/\/www.immobilierlocal.ch\/c\/wp-content\/uploads\/2026\/02\/agence-immobiliere.jpg\" \/>\n\t<meta property=\"og:image:width\" content=\"1920\" \/>\n\t<meta property=\"og:image:height\" content=\"300\" \/>\n\t<meta property=\"og:image:type\" content=\"image\/jpeg\" \/>\n<meta name=\"twitter:card\" content=\"summary_large_image\" \/>\n<meta name=\"twitter:label1\" content=\"Dur\u00e9e de lecture estim\u00e9e\" \/>\n\t<meta name=\"twitter:data1\" content=\"4 minutes\" \/>\n<script type=\"application\/ld+json\" class=\"yoast-schema-graph\">{\"@context\":\"https:\\\/\\\/schema.org\",\"@graph\":[{\"@type\":\"WebPage\",\"@id\":\"https:\\\/\\\/www.immobilierlocal.ch\\\/c\\\/agence-immobiliere-a-pully-votre-partenaire-pour-lachat-la-vente-et-la-location-de-biens-immobiliers\\\/\",\"url\":\"https:\\\/\\\/www.immobilierlocal.ch\\\/c\\\/agence-immobiliere-a-pully-votre-partenaire-pour-lachat-la-vente-et-la-location-de-biens-immobiliers\\\/\",\"name\":\"Agence immobili\u00e8re \u00e0 Pully : votre partenaire pour l'achat, la vente et la location de biens immobiliers - Immobilierlocal\",\"isPartOf\":{\"@id\":\"https:\\\/\\\/www.immobilierlocal.ch\\\/c\\\/#website\"},\"primaryImageOfPage\":{\"@id\":\"https:\\\/\\\/www.immobilierlocal.ch\\\/c\\\/agence-immobiliere-a-pully-votre-partenaire-pour-lachat-la-vente-et-la-location-de-biens-immobiliers\\\/#primaryimage\"},\"image\":{\"@id\":\"https:\\\/\\\/www.immobilierlocal.ch\\\/c\\\/agence-immobiliere-a-pully-votre-partenaire-pour-lachat-la-vente-et-la-location-de-biens-immobiliers\\\/#primaryimage\"},\"thumbnailUrl\":\"https:\\\/\\\/www.immobilierlocal.ch\\\/c\\\/wp-content\\\/uploads\\\/2026\\\/02\\\/agence-immobiliere.jpg\",\"datePublished\":\"2024-04-16T15:07:14+00:00\",\"dateModified\":\"2026-02-09T10:42:12+00:00\",\"breadcrumb\":{\"@id\":\"https:\\\/\\\/www.immobilierlocal.ch\\\/c\\\/agence-immobiliere-a-pully-votre-partenaire-pour-lachat-la-vente-et-la-location-de-biens-immobiliers\\\/#breadcrumb\"},\"inLanguage\":\"fr-FR\",\"potentialAction\":[{\"@type\":\"ReadAction\",\"target\":[\"https:\\\/\\\/www.immobilierlocal.ch\\\/c\\\/agence-immobiliere-a-pully-votre-partenaire-pour-lachat-la-vente-et-la-location-de-biens-immobiliers\\\/\"]}]},{\"@type\":\"ImageObject\",\"inLanguage\":\"fr-FR\",\"@id\":\"https:\\\/\\\/www.immobilierlocal.ch\\\/c\\\/agence-immobiliere-a-pully-votre-partenaire-pour-lachat-la-vente-et-la-location-de-biens-immobiliers\\\/#primaryimage\",\"url\":\"https:\\\/\\\/www.immobilierlocal.ch\\\/c\\\/wp-content\\\/uploads\\\/2026\\\/02\\\/agence-immobiliere.jpg\",\"contentUrl\":\"https:\\\/\\\/www.immobilierlocal.ch\\\/c\\\/wp-content\\\/uploads\\\/2026\\\/02\\\/agence-immobiliere.jpg\",\"width\":1920,\"height\":300},{\"@type\":\"BreadcrumbList\",\"@id\":\"https:\\\/\\\/www.immobilierlocal.ch\\\/c\\\/agence-immobiliere-a-pully-votre-partenaire-pour-lachat-la-vente-et-la-location-de-biens-immobiliers\\\/#breadcrumb\",\"itemListElement\":[{\"@type\":\"ListItem\",\"position\":1,\"name\":\"Accueil\",\"item\":\"https:\\\/\\\/www.immobilierlocal.ch\\\/c\\\/\"},{\"@type\":\"ListItem\",\"position\":2,\"name\":\"Agence immobili\u00e8re dans le canton de Vaud\",\"item\":\"https:\\\/\\\/www.immobilierlocal.ch\\\/c\\\/agence-immobiliere-dans-le-canton-de-vaud-expert-en-ventes-et-locations-immobilieres\\\/\"},{\"@type\":\"ListItem\",\"position\":3,\"name\":\"Agences immobili\u00e8res\",\"item\":\"https:\\\/\\\/www.immobilierlocal.ch\\\/agences\"},{\"@type\":\"ListItem\",\"position\":4,\"name\":\"Agence immobili\u00e8re \u00e0 Pully\"}]},{\"@type\":\"WebSite\",\"@id\":\"https:\\\/\\\/www.immobilierlocal.ch\\\/c\\\/#website\",\"url\":\"https:\\\/\\\/www.immobilierlocal.ch\\\/c\\\/\",\"name\":\"Immobilierlocal\",\"description\":\"\",\"publisher\":{\"@id\":\"https:\\\/\\\/www.immobilierlocal.ch\\\/c\\\/#organization\"},\"potentialAction\":[{\"@type\":\"SearchAction\",\"target\":{\"@type\":\"EntryPoint\",\"urlTemplate\":\"https:\\\/\\\/www.immobilierlocal.ch\\\/c\\\/?s={search_term_string}\"},\"query-input\":{\"@type\":\"PropertyValueSpecification\",\"valueRequired\":true,\"valueName\":\"search_term_string\"}}],\"inLanguage\":\"fr-FR\"},{\"@type\":\"Organization\",\"@id\":\"https:\\\/\\\/www.immobilierlocal.ch\\\/c\\\/#organization\",\"name\":\"Immobilierlocal\",\"url\":\"https:\\\/\\\/www.immobilierlocal.ch\\\/c\\\/\",\"logo\":{\"@type\":\"ImageObject\",\"inLanguage\":\"fr-FR\",\"@id\":\"https:\\\/\\\/www.immobilierlocal.ch\\\/c\\\/#\\\/schema\\\/logo\\\/image\\\/\",\"url\":\"https:\\\/\\\/www.immobilierlocal.ch\\\/c\\\/wp-content\\\/uploads\\\/2023\\\/10\\\/logo-immobilierlocal-h.svg\",\"contentUrl\":\"https:\\\/\\\/www.immobilierlocal.ch\\\/c\\\/wp-content\\\/uploads\\\/2023\\\/10\\\/logo-immobilierlocal-h.svg\",\"caption\":\"Immobilierlocal\"},\"image\":{\"@id\":\"https:\\\/\\\/www.immobilierlocal.ch\\\/c\\\/#\\\/schema\\\/logo\\\/image\\\/\"}}]}<\/script>\n<!-- \/ Yoast SEO Premium plugin. -->","yoast_head_json":{"title":"Agence immobili\u00e8re \u00e0 Pully : votre partenaire pour l'achat, la vente et la location de biens immobiliers - Immobilierlocal","robots":{"index":"index","follow":"follow","max-snippet":"max-snippet:-1","max-image-preview":"max-image-preview:large","max-video-preview":"max-video-preview:-1"},"canonical":"https:\/\/www.immobilierlocal.ch\/c\/agence-immobiliere-a-pully-votre-partenaire-pour-lachat-la-vente-et-la-location-de-biens-immobiliers\/","og_locale":"fr_FR","og_type":"article","og_title":"Agence immobili\u00e8re \u00e0 Pully : votre partenaire pour l'achat, la vente et la location de biens immobiliers","og_description":"Vous projetez de vendre, d&rsquo;acheter, de louer une maison ou un studio \u00e0 Pully ? Immobilierlocal est disponible pour vous assister dans votre projet. \u00c9tabli au c\u0153ur de la ville, nos conseillers immobiliers sont disponibles pour vous assister \u00e0 acqu\u00e9rir ou mettre sur le march\u00e9 votre logement. Notre soci\u00e9t\u00e9 immobili\u00e8re \u00e0 Pully propose une large [&hellip;]","og_url":"https:\/\/www.immobilierlocal.ch\/c\/agence-immobiliere-a-pully-votre-partenaire-pour-lachat-la-vente-et-la-location-de-biens-immobiliers\/","og_site_name":"Immobilierlocal","article_modified_time":"2026-02-09T10:42:12+00:00","og_image":[{"width":1920,"height":300,"url":"https:\/\/www.immobilierlocal.ch\/c\/wp-content\/uploads\/2026\/02\/agence-immobiliere.jpg","type":"image\/jpeg"}],"twitter_card":"summary_large_image","twitter_misc":{"Dur\u00e9e de lecture estim\u00e9e":"4 minutes"},"schema":{"@context":"https:\/\/schema.org","@graph":[{"@type":"WebPage","@id":"https:\/\/www.immobilierlocal.ch\/c\/agence-immobiliere-a-pully-votre-partenaire-pour-lachat-la-vente-et-la-location-de-biens-immobiliers\/","url":"https:\/\/www.immobilierlocal.ch\/c\/agence-immobiliere-a-pully-votre-partenaire-pour-lachat-la-vente-et-la-location-de-biens-immobiliers\/","name":"Agence immobili\u00e8re \u00e0 Pully : votre partenaire pour l'achat, la vente et la location de biens immobiliers - Immobilierlocal","isPartOf":{"@id":"https:\/\/www.immobilierlocal.ch\/c\/#website"},"primaryImageOfPage":{"@id":"https:\/\/www.immobilierlocal.ch\/c\/agence-immobiliere-a-pully-votre-partenaire-pour-lachat-la-vente-et-la-location-de-biens-immobiliers\/#primaryimage"},"image":{"@id":"https:\/\/www.immobilierlocal.ch\/c\/agence-immobiliere-a-pully-votre-partenaire-pour-lachat-la-vente-et-la-location-de-biens-immobiliers\/#primaryimage"},"thumbnailUrl":"https:\/\/www.immobilierlocal.ch\/c\/wp-content\/uploads\/2026\/02\/agence-immobiliere.jpg","datePublished":"2024-04-16T15:07:14+00:00","dateModified":"2026-02-09T10:42:12+00:00","breadcrumb":{"@id":"https:\/\/www.immobilierlocal.ch\/c\/agence-immobiliere-a-pully-votre-partenaire-pour-lachat-la-vente-et-la-location-de-biens-immobiliers\/#breadcrumb"},"inLanguage":"fr-FR","potentialAction":[{"@type":"ReadAction","target":["https:\/\/www.immobilierlocal.ch\/c\/agence-immobiliere-a-pully-votre-partenaire-pour-lachat-la-vente-et-la-location-de-biens-immobiliers\/"]}]},{"@type":"ImageObject","inLanguage":"fr-FR","@id":"https:\/\/www.immobilierlocal.ch\/c\/agence-immobiliere-a-pully-votre-partenaire-pour-lachat-la-vente-et-la-location-de-biens-immobiliers\/#primaryimage","url":"https:\/\/www.immobilierlocal.ch\/c\/wp-content\/uploads\/2026\/02\/agence-immobiliere.jpg","contentUrl":"https:\/\/www.immobilierlocal.ch\/c\/wp-content\/uploads\/2026\/02\/agence-immobiliere.jpg","width":1920,"height":300},{"@type":"BreadcrumbList","@id":"https:\/\/www.immobilierlocal.ch\/c\/agence-immobiliere-a-pully-votre-partenaire-pour-lachat-la-vente-et-la-location-de-biens-immobiliers\/#breadcrumb","itemListElement":[{"@type":"ListItem","position":1,"name":"Accueil","item":"https:\/\/www.immobilierlocal.ch\/c\/"},{"@type":"ListItem","position":2,"name":"Agence immobili\u00e8re dans le canton de Vaud","item":"https:\/\/www.immobilierlocal.ch\/c\/agence-immobiliere-dans-le-canton-de-vaud-expert-en-ventes-et-locations-immobilieres\/"},{"@type":"ListItem","position":3,"name":"Agences immobili\u00e8res","item":"https:\/\/www.immobilierlocal.ch\/agences"},{"@type":"ListItem","position":4,"name":"Agence immobili\u00e8re \u00e0 Pully"}]},{"@type":"WebSite","@id":"https:\/\/www.immobilierlocal.ch\/c\/#website","url":"https:\/\/www.immobilierlocal.ch\/c\/","name":"Immobilierlocal","description":"","publisher":{"@id":"https:\/\/www.immobilierlocal.ch\/c\/#organization"},"potentialAction":[{"@type":"SearchAction","target":{"@type":"EntryPoint","urlTemplate":"https:\/\/www.immobilierlocal.ch\/c\/?s={search_term_string}"},"query-input":{"@type":"PropertyValueSpecification","valueRequired":true,"valueName":"search_term_string"}}],"inLanguage":"fr-FR"},{"@type":"Organization","@id":"https:\/\/www.immobilierlocal.ch\/c\/#organization","name":"Immobilierlocal","url":"https:\/\/www.immobilierlocal.ch\/c\/","logo":{"@type":"ImageObject","inLanguage":"fr-FR","@id":"https:\/\/www.immobilierlocal.ch\/c\/#\/schema\/logo\/image\/","url":"https:\/\/www.immobilierlocal.ch\/c\/wp-content\/uploads\/2023\/10\/logo-immobilierlocal-h.svg","contentUrl":"https:\/\/www.immobilierlocal.ch\/c\/wp-content\/uploads\/2023\/10\/logo-immobilierlocal-h.svg","caption":"Immobilierlocal"},"image":{"@id":"https:\/\/www.immobilierlocal.ch\/c\/#\/schema\/logo\/image\/"}}]}},"_links":{"self":[{"href":"https:\/\/www.immobilierlocal.ch\/c\/wp-json\/wp\/v2\/pages\/2310","targetHints":{"allow":["GET"]}}],"collection":[{"href":"https:\/\/www.immobilierlocal.ch\/c\/wp-json\/wp\/v2\/pages"}],"about":[{"href":"https:\/\/www.immobilierlocal.ch\/c\/wp-json\/wp\/v2\/types\/page"}],"author":[{"embeddable":true,"href":"https:\/\/www.immobilierlocal.ch\/c\/wp-json\/wp\/v2\/users\/3"}],"replies":[{"embeddable":true,"href":"https:\/\/www.immobilierlocal.ch\/c\/wp-json\/wp\/v2\/comments?post=2310"}],"version-history":[{"count":0,"href":"https:\/\/www.immobilierlocal.ch\/c\/wp-json\/wp\/v2\/pages\/2310\/revisions"}],"wp:featuredmedia":[{"embeddable":true,"href":"https:\/\/www.immobilierlocal.ch\/c\/wp-json\/wp\/v2\/media\/2768"}],"wp:attachment":[{"href":"https:\/\/www.immobilierlocal.ch\/c\/wp-json\/wp\/v2\/media?parent=2310"}],"wp:term":[{"taxonomy":"category","embeddable":true,"href":"https:\/\/www.immobilierlocal.ch\/c\/wp-json\/wp\/v2\/categories?post=2310"},{"taxonomy":"profession","embeddable":true,"href":"https:\/\/www.immobilierlocal.ch\/c\/wp-json\/wp\/v2\/profession?post=2310"},{"taxonomy":"location","embeddable":true,"href":"https:\/\/www.immobilierlocal.ch\/c\/wp-json\/wp\/v2\/location?post=2310"},{"taxonomy":"canton","embeddable":true,"href":"https:\/\/www.immobilierlocal.ch\/c\/wp-json\/wp\/v2\/canton?post=2310"}],"curies":[{"name":"wp","href":"https:\/\/api.w.org\/{rel}","templated":true}]}}