
{"id":2309,"date":"2024-04-16T17:06:53","date_gmt":"2024-04-16T15:06:53","guid":{"rendered":"https:\/\/www.immobilierlocal.ch\/c\/?page_id=2309"},"modified":"2026-02-09T11:42:33","modified_gmt":"2026-02-09T10:42:33","slug":"agence-immobiliere-a-epalinges-specialiste-en-ventes-et-locations-immobilieres","status":"publish","type":"page","link":"https:\/\/www.immobilierlocal.ch\/c\/agence-immobiliere-a-epalinges-specialiste-en-ventes-et-locations-immobilieres\/","title":{"rendered":"Agence immobili\u00e8re \u00e0 Epalinges : sp\u00e9cialiste en ventes et locations immobili\u00e8res"},"content":{"rendered":"<p>Envisagez-vous la vente, la location ou l&rsquo;acquisition d&rsquo;un domicile ou d&rsquo;un loft situ\u00e9 \u00e0 Epalinges ? \u00c0 Epalinges, l&rsquo;agence Immobilierlocal propose des accompagnements individualis\u00e9s. Implant\u00e9e au centre de la ville, nos commerciaux sont disponibles pour vous \u00e9pauler \u00e0 acqu\u00e9rir ou vendre votre logement. \u00c0 Epalinges, notre entreprise propose des prestations pour : l&rsquo;acquisition, la cession, la mise en location de maisons, d&rsquo;appartements, de magasins de proximit\u00e9s, de locaux commerciaux, nous offrons aussi la g\u00e9rance de vos propri\u00e9t\u00e9s immobili\u00e8res, la gestion locative de vos studios Airbnb, l&rsquo;administration de copropri\u00e9t\u00e9s ou encore pour \u00e9laborer une solution de cr\u00e9dit de votre futur bien.<\/p>\n\n<div class=\"box\">\n    <h2 class=\"text-dark\">Nous cherchons un <em class=\"text-primary\">Agent immobilier<\/em> dans la r\u00e9gion de <em class=\"text-primary\">Epalinges<\/em>  en exclusivit\u00e9, afin de proposer vos services \u00e0 nos clients propri\u00e9taires.<\/h2>\n    <p>Une opportunit\u00e9 unique pour booster votre activit\u00e9 \u00e0 <strong>Epalinges<\/strong> et aux alentours dans votre domaine (Agent immobilier).<\/p>\n    <p>Nous travaillons en exclusivit\u00e9 avec qu'une soci\u00e9t\u00e9 par m\u00e9tier et par r\u00e9gion. <br>Votre entreprise est pr\u00e9sente sur tous les documents immobiliers. Afin d'\u00eatre mieux vu sur le net, vous \u00eates \u00e9galement visible sur nos deux sites et sur les pages de r\u00e9f\u00e9rencement de votre r\u00e9gion.<\/p>\n    <a href=\"\/contact\" class=\"wp-block-button__link has-accent-background-color has-text-align-center wp-element-button\">R\u00e9server<\/a>\n<\/div>\n<h2>Le march\u00e9 immobilier Palinzard se d\u00e9veloppe en dehors de son agglom\u00e9ration<\/h2>\n<p>Au cours des derni\u00e8res ann\u00e9es, les prix ont augment\u00e9 \u00e0 Epalinges, en raison de divers \u00e9l\u00e9ments :<\/p>\n<ul>\n<li>Son lieu g\u00e9ographique,<\/li>\n<li>le secteur de l&#8217;emploi,<\/li>\n<li>les conditions et la qualit\u00e9 de son environnement.<\/li>\n<\/ul>\n<p>Acheter \u00e0 Epalinges est aussi un placement rentable, car la demande de maisons et de logements \u00e0 louer ou \u00e0 acqu\u00e9rir \u00e0 exploser, entra\u00eenant une augmentation des tarifs de l&rsquo;immobilier.<\/p>\n<h3>Pour le prix immobilier moyen au m\u00b2 \u00e0 Epalinges<\/h3>\n<p class=\"estimates-price-immobilier\">Le march\u00e9 immobilier \u00e0 Epalinges affiche un prix moyen de CHF 9'798 \/ m\u00b2 (prix par m\u00e8tre carr\u00e9). Les maisons et les appartements ont un prix moyen respectif de CHF 8'341 \/ m\u00b2 et de CHF 11'255 \/ m\u00b2.<\/p>\n<h3>Pour le prix moyen du loyer \u00e0 Epalinges<\/h3>\n<p class=\"estimates-rent-average\">Les loyers moyens \u00e0 Epalinges sont actuellement de CHF 2'761 pour les appartements, CHF 3'417 pour les maisons.<\/p>\n<p>La p\u00e9nurie des logements propos\u00e9s \u00e0 la vente pousse de plus en plus d&rsquo;acheteurs \u00e0 s&rsquo;\u00e9loigner de Epalinges et \u00e0 porter leur int\u00e9r\u00eat dans les villes aux alentours, comme :<\/p>\nRomanel-sur-Lausanne, Cheseaux-sur-Lausanne, Le Mont-sur-Lausanne, Bretigny-sur-Morrens, Cugy VD, Morrens VD, Froideville.\n<h2>La position g\u00e9ographique de notre agence immobili\u00e8re \u00e0 Epalinges<\/h2>\n<p>Les agents commerciaux de notre agence interviennent dans tous les arrondissements de Epalinges.<\/p>\n\n<h2>Pourquoi choisir Immobilierlocal ?<\/h2>\n<p>Notre soci\u00e9t\u00e9, Immobilierlocal, offre une gamme de services, entre autres :<\/p>\n<ul>\n<li>La diffusion de vos annonces sur notre site web : pour vous donner la possibilit\u00e9 de toucher plus de monde.<\/li>\n<li>Un portail web en suisse et aussi pr\u00e9sent en francophonie : notre site est r\u00e9f\u00e9renc\u00e9 pour appara\u00eetre dans de nombreux moteurs de recherche francophones pour atteindre un maximum de potentiels clients.<\/li>\n<li>Strat\u00e9gie de vente personnalis\u00e9e : chaque bien immobilier sur notre site web profite d&rsquo;une strat\u00e9gie commerciale sur mesure.<\/li>\n<li>\u00c9valuation des prix en ligne : nous avons d\u00e9velopp\u00e9 une application web pour \u00e9valuer les valeurs des biens immobiliers \u00e0 Epalinges.<\/li>\n<li>Photos et vid\u00e9os : nous produisons des images et des vid\u00e9os pour valoriser votre habitat sur le web.<\/li>\n<li>Signature \u00e9lectronique : nous mettons \u00e0 disposition la signature des actes par voie \u00e9lectronique afin de vous simplifier la vie.<\/li>\n<li>Conciergerie : nous proposons aussi un service de conciergerie airbnb.<\/li>\n<li>Administration de propri\u00e9t\u00e9s : nous proposons une assurance de non-paiement des loyers.<\/li>\n<\/ul>\n<h2>Une agence immobili\u00e8re compos\u00e9e de professionnels<\/h2>\n<p>Tous nos experts sont exp\u00e9riment\u00e9s, qu&rsquo;ils soient : commerciaux, administrateurs ou techniciens. Nos conseillers suivent r\u00e9guli\u00e8rement des formations afin de maintenir leurs bagages commerciales, techniques et juridiques \u00e0 jour. Par ailleurs, nos commerciaux ont tous aussi acquis une exp\u00e9rience en amont. Cette exp\u00e9rience, nous permet d&rsquo;apporter le meilleur accompagnement \u00e0 nos clients, parce que votre satisfaction est notre objectif.<\/p>\n<h2>Obtenez une estimation de votre logement \u00e0 Epalinges<\/h2>\n<p>Si vous \u00eates un Palinzard, notre entreprise r\u00e9alise des estimations immobili\u00e8res d\u00e9taill\u00e9es de votre propri\u00e9t\u00e9 en prenant en compte les caract\u00e9ristiques de votre appartement comme votre localisation. Nous fournissons une v\u00e9ritable comp\u00e9tence que ce soit pour : l&rsquo;acquisition, la vente de bien, les investissements immobiliers, les locations \u00e0 court et long terme, la g\u00e9rance de vos biens immobiliers, et aussi pour la direction de votre copropri\u00e9t\u00e9.<\/p>\n<h2>Une agence qui vous accompagne<\/h2>\n<p>Nous savons que chaque personne a des besoins et demandes particuli\u00e8res, c&rsquo;est pourquoi nous personnalisons notre accompagnement. Si vous avez besoin d&rsquo;acheter ou de louer une maison ou un studio dans la zone de Epalinges, nos sp\u00e9cialistes se tiennent \u00e0 votre service pour toutes les phases de votre projet immobilier. Vous souhaitez acheter une nouvelle maison \u00e0 Epalinges ? Nous cherchons et trouvons le meilleur appartement possible au moyen de notre r\u00e9seau.<\/p>\n<h2>Vous cherchez une agence immobili\u00e8re \u00e0 Epalinges ?<\/h2>\n<p>Notre agence Immobilierlocal se trouve au c\u0153ur Epalinges. Nous vous r\u00e9servons un accueil chaleureux, pr\u00eats \u00e0 vous \u00e9couter et \u00e0 concr\u00e9tiser vos projets immobiliers. Notre agence est chevronn\u00e9e dans la vente, l&rsquo;acquisition et la gestion de propri\u00e9t\u00e9s.<\/p>\n","protected":false},"excerpt":{"rendered":"<p>Envisagez-vous la vente, la location ou l&rsquo;acquisition d&rsquo;un domicile ou d&rsquo;un loft situ\u00e9 \u00e0 Epalinges ? \u00c0 Epalinges, l&rsquo;agence Immobilierlocal propose des accompagnements individualis\u00e9s. Implant\u00e9e au centre de la ville, nos commerciaux sont disponibles pour vous \u00e9pauler \u00e0 acqu\u00e9rir ou vendre votre logement. \u00c0 Epalinges, notre entreprise propose des prestations pour : l&rsquo;acquisition, la cession, [&hellip;]<\/p>\n","protected":false},"author":3,"featured_media":2768,"parent":0,"menu_order":0,"comment_status":"closed","ping_status":"closed","template":"wp-custom-template-page-agent","meta":{"footnotes":""},"categories":[89],"profession":[92],"location":[43],"canton":[79],"class_list":["post-2309","page","type-page","status-publish","has-post-thumbnail","hentry","category-agence","profession-agent-immobilier"],"yoast_head":"<!-- This site is optimized with the Yoast SEO Premium plugin v23.0 (Yoast SEO v27.4) - https:\/\/yoast.com\/product\/yoast-seo-premium-wordpress\/ -->\n<title>Agence immobili\u00e8re \u00e0 Epalinges : sp\u00e9cialiste en ventes et locations immobili\u00e8res - Immobilierlocal<\/title>\n<meta name=\"robots\" content=\"index, follow, max-snippet:-1, max-image-preview:large, max-video-preview:-1\" \/>\n<link rel=\"canonical\" href=\"https:\/\/www.immobilierlocal.ch\/c\/agence-immobiliere-a-epalinges-specialiste-en-ventes-et-locations-immobilieres\/\" \/>\n<meta property=\"og:locale\" content=\"fr_FR\" \/>\n<meta property=\"og:type\" content=\"article\" \/>\n<meta property=\"og:title\" content=\"Agence immobili\u00e8re \u00e0 Epalinges : sp\u00e9cialiste en ventes et locations immobili\u00e8res\" \/>\n<meta property=\"og:description\" content=\"Envisagez-vous la vente, la location ou l&rsquo;acquisition d&rsquo;un domicile ou d&rsquo;un loft situ\u00e9 \u00e0 Epalinges ? \u00c0 Epalinges, l&rsquo;agence Immobilierlocal propose des accompagnements individualis\u00e9s. Implant\u00e9e au centre de la ville, nos commerciaux sont disponibles pour vous \u00e9pauler \u00e0 acqu\u00e9rir ou vendre votre logement. \u00c0 Epalinges, notre entreprise propose des prestations pour : l&rsquo;acquisition, la cession, [&hellip;]\" \/>\n<meta property=\"og:url\" content=\"https:\/\/www.immobilierlocal.ch\/c\/agence-immobiliere-a-epalinges-specialiste-en-ventes-et-locations-immobilieres\/\" \/>\n<meta property=\"og:site_name\" content=\"Immobilierlocal\" \/>\n<meta property=\"article:modified_time\" content=\"2026-02-09T10:42:33+00:00\" \/>\n<meta property=\"og:image\" content=\"https:\/\/www.immobilierlocal.ch\/c\/wp-content\/uploads\/2026\/02\/agence-immobiliere.jpg\" \/>\n\t<meta property=\"og:image:width\" content=\"1920\" \/>\n\t<meta property=\"og:image:height\" content=\"300\" \/>\n\t<meta property=\"og:image:type\" content=\"image\/jpeg\" \/>\n<meta name=\"twitter:card\" content=\"summary_large_image\" \/>\n<meta name=\"twitter:label1\" content=\"Dur\u00e9e de lecture estim\u00e9e\" \/>\n\t<meta name=\"twitter:data1\" content=\"4 minutes\" \/>\n<script type=\"application\/ld+json\" class=\"yoast-schema-graph\">{\"@context\":\"https:\\\/\\\/schema.org\",\"@graph\":[{\"@type\":\"WebPage\",\"@id\":\"https:\\\/\\\/www.immobilierlocal.ch\\\/c\\\/agence-immobiliere-a-epalinges-specialiste-en-ventes-et-locations-immobilieres\\\/\",\"url\":\"https:\\\/\\\/www.immobilierlocal.ch\\\/c\\\/agence-immobiliere-a-epalinges-specialiste-en-ventes-et-locations-immobilieres\\\/\",\"name\":\"Agence immobili\u00e8re \u00e0 Epalinges : sp\u00e9cialiste en ventes et locations immobili\u00e8res - Immobilierlocal\",\"isPartOf\":{\"@id\":\"https:\\\/\\\/www.immobilierlocal.ch\\\/c\\\/#website\"},\"primaryImageOfPage\":{\"@id\":\"https:\\\/\\\/www.immobilierlocal.ch\\\/c\\\/agence-immobiliere-a-epalinges-specialiste-en-ventes-et-locations-immobilieres\\\/#primaryimage\"},\"image\":{\"@id\":\"https:\\\/\\\/www.immobilierlocal.ch\\\/c\\\/agence-immobiliere-a-epalinges-specialiste-en-ventes-et-locations-immobilieres\\\/#primaryimage\"},\"thumbnailUrl\":\"https:\\\/\\\/www.immobilierlocal.ch\\\/c\\\/wp-content\\\/uploads\\\/2026\\\/02\\\/agence-immobiliere.jpg\",\"datePublished\":\"2024-04-16T15:06:53+00:00\",\"dateModified\":\"2026-02-09T10:42:33+00:00\",\"breadcrumb\":{\"@id\":\"https:\\\/\\\/www.immobilierlocal.ch\\\/c\\\/agence-immobiliere-a-epalinges-specialiste-en-ventes-et-locations-immobilieres\\\/#breadcrumb\"},\"inLanguage\":\"fr-FR\",\"potentialAction\":[{\"@type\":\"ReadAction\",\"target\":[\"https:\\\/\\\/www.immobilierlocal.ch\\\/c\\\/agence-immobiliere-a-epalinges-specialiste-en-ventes-et-locations-immobilieres\\\/\"]}]},{\"@type\":\"ImageObject\",\"inLanguage\":\"fr-FR\",\"@id\":\"https:\\\/\\\/www.immobilierlocal.ch\\\/c\\\/agence-immobiliere-a-epalinges-specialiste-en-ventes-et-locations-immobilieres\\\/#primaryimage\",\"url\":\"https:\\\/\\\/www.immobilierlocal.ch\\\/c\\\/wp-content\\\/uploads\\\/2026\\\/02\\\/agence-immobiliere.jpg\",\"contentUrl\":\"https:\\\/\\\/www.immobilierlocal.ch\\\/c\\\/wp-content\\\/uploads\\\/2026\\\/02\\\/agence-immobiliere.jpg\",\"width\":1920,\"height\":300},{\"@type\":\"BreadcrumbList\",\"@id\":\"https:\\\/\\\/www.immobilierlocal.ch\\\/c\\\/agence-immobiliere-a-epalinges-specialiste-en-ventes-et-locations-immobilieres\\\/#breadcrumb\",\"itemListElement\":[{\"@type\":\"ListItem\",\"position\":1,\"name\":\"Accueil\",\"item\":\"https:\\\/\\\/www.immobilierlocal.ch\\\/c\\\/\"},{\"@type\":\"ListItem\",\"position\":2,\"name\":\"Agence immobili\u00e8re dans le canton de Vaud\",\"item\":\"https:\\\/\\\/www.immobilierlocal.ch\\\/c\\\/agence-immobiliere-dans-le-canton-de-vaud-expert-en-ventes-et-locations-immobilieres\\\/\"},{\"@type\":\"ListItem\",\"position\":3,\"name\":\"Agences immobili\u00e8res\",\"item\":\"https:\\\/\\\/www.immobilierlocal.ch\\\/agences\"},{\"@type\":\"ListItem\",\"position\":4,\"name\":\"Agence immobili\u00e8re \u00e0 Epalinges\"}]},{\"@type\":\"WebSite\",\"@id\":\"https:\\\/\\\/www.immobilierlocal.ch\\\/c\\\/#website\",\"url\":\"https:\\\/\\\/www.immobilierlocal.ch\\\/c\\\/\",\"name\":\"Immobilierlocal\",\"description\":\"\",\"publisher\":{\"@id\":\"https:\\\/\\\/www.immobilierlocal.ch\\\/c\\\/#organization\"},\"potentialAction\":[{\"@type\":\"SearchAction\",\"target\":{\"@type\":\"EntryPoint\",\"urlTemplate\":\"https:\\\/\\\/www.immobilierlocal.ch\\\/c\\\/?s={search_term_string}\"},\"query-input\":{\"@type\":\"PropertyValueSpecification\",\"valueRequired\":true,\"valueName\":\"search_term_string\"}}],\"inLanguage\":\"fr-FR\"},{\"@type\":\"Organization\",\"@id\":\"https:\\\/\\\/www.immobilierlocal.ch\\\/c\\\/#organization\",\"name\":\"Immobilierlocal\",\"url\":\"https:\\\/\\\/www.immobilierlocal.ch\\\/c\\\/\",\"logo\":{\"@type\":\"ImageObject\",\"inLanguage\":\"fr-FR\",\"@id\":\"https:\\\/\\\/www.immobilierlocal.ch\\\/c\\\/#\\\/schema\\\/logo\\\/image\\\/\",\"url\":\"https:\\\/\\\/www.immobilierlocal.ch\\\/c\\\/wp-content\\\/uploads\\\/2023\\\/10\\\/logo-immobilierlocal-h.svg\",\"contentUrl\":\"https:\\\/\\\/www.immobilierlocal.ch\\\/c\\\/wp-content\\\/uploads\\\/2023\\\/10\\\/logo-immobilierlocal-h.svg\",\"caption\":\"Immobilierlocal\"},\"image\":{\"@id\":\"https:\\\/\\\/www.immobilierlocal.ch\\\/c\\\/#\\\/schema\\\/logo\\\/image\\\/\"}}]}<\/script>\n<!-- \/ Yoast SEO Premium plugin. -->","yoast_head_json":{"title":"Agence immobili\u00e8re \u00e0 Epalinges : sp\u00e9cialiste en ventes et locations immobili\u00e8res - Immobilierlocal","robots":{"index":"index","follow":"follow","max-snippet":"max-snippet:-1","max-image-preview":"max-image-preview:large","max-video-preview":"max-video-preview:-1"},"canonical":"https:\/\/www.immobilierlocal.ch\/c\/agence-immobiliere-a-epalinges-specialiste-en-ventes-et-locations-immobilieres\/","og_locale":"fr_FR","og_type":"article","og_title":"Agence immobili\u00e8re \u00e0 Epalinges : sp\u00e9cialiste en ventes et locations immobili\u00e8res","og_description":"Envisagez-vous la vente, la location ou l&rsquo;acquisition d&rsquo;un domicile ou d&rsquo;un loft situ\u00e9 \u00e0 Epalinges ? \u00c0 Epalinges, l&rsquo;agence Immobilierlocal propose des accompagnements individualis\u00e9s. Implant\u00e9e au centre de la ville, nos commerciaux sont disponibles pour vous \u00e9pauler \u00e0 acqu\u00e9rir ou vendre votre logement. \u00c0 Epalinges, notre entreprise propose des prestations pour : l&rsquo;acquisition, la cession, [&hellip;]","og_url":"https:\/\/www.immobilierlocal.ch\/c\/agence-immobiliere-a-epalinges-specialiste-en-ventes-et-locations-immobilieres\/","og_site_name":"Immobilierlocal","article_modified_time":"2026-02-09T10:42:33+00:00","og_image":[{"width":1920,"height":300,"url":"https:\/\/www.immobilierlocal.ch\/c\/wp-content\/uploads\/2026\/02\/agence-immobiliere.jpg","type":"image\/jpeg"}],"twitter_card":"summary_large_image","twitter_misc":{"Dur\u00e9e de lecture estim\u00e9e":"4 minutes"},"schema":{"@context":"https:\/\/schema.org","@graph":[{"@type":"WebPage","@id":"https:\/\/www.immobilierlocal.ch\/c\/agence-immobiliere-a-epalinges-specialiste-en-ventes-et-locations-immobilieres\/","url":"https:\/\/www.immobilierlocal.ch\/c\/agence-immobiliere-a-epalinges-specialiste-en-ventes-et-locations-immobilieres\/","name":"Agence immobili\u00e8re \u00e0 Epalinges : sp\u00e9cialiste en ventes et locations immobili\u00e8res - Immobilierlocal","isPartOf":{"@id":"https:\/\/www.immobilierlocal.ch\/c\/#website"},"primaryImageOfPage":{"@id":"https:\/\/www.immobilierlocal.ch\/c\/agence-immobiliere-a-epalinges-specialiste-en-ventes-et-locations-immobilieres\/#primaryimage"},"image":{"@id":"https:\/\/www.immobilierlocal.ch\/c\/agence-immobiliere-a-epalinges-specialiste-en-ventes-et-locations-immobilieres\/#primaryimage"},"thumbnailUrl":"https:\/\/www.immobilierlocal.ch\/c\/wp-content\/uploads\/2026\/02\/agence-immobiliere.jpg","datePublished":"2024-04-16T15:06:53+00:00","dateModified":"2026-02-09T10:42:33+00:00","breadcrumb":{"@id":"https:\/\/www.immobilierlocal.ch\/c\/agence-immobiliere-a-epalinges-specialiste-en-ventes-et-locations-immobilieres\/#breadcrumb"},"inLanguage":"fr-FR","potentialAction":[{"@type":"ReadAction","target":["https:\/\/www.immobilierlocal.ch\/c\/agence-immobiliere-a-epalinges-specialiste-en-ventes-et-locations-immobilieres\/"]}]},{"@type":"ImageObject","inLanguage":"fr-FR","@id":"https:\/\/www.immobilierlocal.ch\/c\/agence-immobiliere-a-epalinges-specialiste-en-ventes-et-locations-immobilieres\/#primaryimage","url":"https:\/\/www.immobilierlocal.ch\/c\/wp-content\/uploads\/2026\/02\/agence-immobiliere.jpg","contentUrl":"https:\/\/www.immobilierlocal.ch\/c\/wp-content\/uploads\/2026\/02\/agence-immobiliere.jpg","width":1920,"height":300},{"@type":"BreadcrumbList","@id":"https:\/\/www.immobilierlocal.ch\/c\/agence-immobiliere-a-epalinges-specialiste-en-ventes-et-locations-immobilieres\/#breadcrumb","itemListElement":[{"@type":"ListItem","position":1,"name":"Accueil","item":"https:\/\/www.immobilierlocal.ch\/c\/"},{"@type":"ListItem","position":2,"name":"Agence immobili\u00e8re dans le canton de Vaud","item":"https:\/\/www.immobilierlocal.ch\/c\/agence-immobiliere-dans-le-canton-de-vaud-expert-en-ventes-et-locations-immobilieres\/"},{"@type":"ListItem","position":3,"name":"Agences immobili\u00e8res","item":"https:\/\/www.immobilierlocal.ch\/agences"},{"@type":"ListItem","position":4,"name":"Agence immobili\u00e8re \u00e0 Epalinges"}]},{"@type":"WebSite","@id":"https:\/\/www.immobilierlocal.ch\/c\/#website","url":"https:\/\/www.immobilierlocal.ch\/c\/","name":"Immobilierlocal","description":"","publisher":{"@id":"https:\/\/www.immobilierlocal.ch\/c\/#organization"},"potentialAction":[{"@type":"SearchAction","target":{"@type":"EntryPoint","urlTemplate":"https:\/\/www.immobilierlocal.ch\/c\/?s={search_term_string}"},"query-input":{"@type":"PropertyValueSpecification","valueRequired":true,"valueName":"search_term_string"}}],"inLanguage":"fr-FR"},{"@type":"Organization","@id":"https:\/\/www.immobilierlocal.ch\/c\/#organization","name":"Immobilierlocal","url":"https:\/\/www.immobilierlocal.ch\/c\/","logo":{"@type":"ImageObject","inLanguage":"fr-FR","@id":"https:\/\/www.immobilierlocal.ch\/c\/#\/schema\/logo\/image\/","url":"https:\/\/www.immobilierlocal.ch\/c\/wp-content\/uploads\/2023\/10\/logo-immobilierlocal-h.svg","contentUrl":"https:\/\/www.immobilierlocal.ch\/c\/wp-content\/uploads\/2023\/10\/logo-immobilierlocal-h.svg","caption":"Immobilierlocal"},"image":{"@id":"https:\/\/www.immobilierlocal.ch\/c\/#\/schema\/logo\/image\/"}}]}},"_links":{"self":[{"href":"https:\/\/www.immobilierlocal.ch\/c\/wp-json\/wp\/v2\/pages\/2309","targetHints":{"allow":["GET"]}}],"collection":[{"href":"https:\/\/www.immobilierlocal.ch\/c\/wp-json\/wp\/v2\/pages"}],"about":[{"href":"https:\/\/www.immobilierlocal.ch\/c\/wp-json\/wp\/v2\/types\/page"}],"author":[{"embeddable":true,"href":"https:\/\/www.immobilierlocal.ch\/c\/wp-json\/wp\/v2\/users\/3"}],"replies":[{"embeddable":true,"href":"https:\/\/www.immobilierlocal.ch\/c\/wp-json\/wp\/v2\/comments?post=2309"}],"version-history":[{"count":0,"href":"https:\/\/www.immobilierlocal.ch\/c\/wp-json\/wp\/v2\/pages\/2309\/revisions"}],"wp:featuredmedia":[{"embeddable":true,"href":"https:\/\/www.immobilierlocal.ch\/c\/wp-json\/wp\/v2\/media\/2768"}],"wp:attachment":[{"href":"https:\/\/www.immobilierlocal.ch\/c\/wp-json\/wp\/v2\/media?parent=2309"}],"wp:term":[{"taxonomy":"category","embeddable":true,"href":"https:\/\/www.immobilierlocal.ch\/c\/wp-json\/wp\/v2\/categories?post=2309"},{"taxonomy":"profession","embeddable":true,"href":"https:\/\/www.immobilierlocal.ch\/c\/wp-json\/wp\/v2\/profession?post=2309"},{"taxonomy":"location","embeddable":true,"href":"https:\/\/www.immobilierlocal.ch\/c\/wp-json\/wp\/v2\/location?post=2309"},{"taxonomy":"canton","embeddable":true,"href":"https:\/\/www.immobilierlocal.ch\/c\/wp-json\/wp\/v2\/canton?post=2309"}],"curies":[{"name":"wp","href":"https:\/\/api.w.org\/{rel}","templated":true}]}}