
{"id":2307,"date":"2024-04-16T17:07:11","date_gmt":"2024-04-16T15:07:11","guid":{"rendered":"https:\/\/www.immobilierlocal.ch\/c\/?page_id=2307"},"modified":"2026-02-09T11:42:15","modified_gmt":"2026-02-09T10:42:15","slug":"agence-immobiliere-a-penthalaz-votre-partenaire-pour-lachat-la-vente-et-la-location-de-biens-immobiliers","status":"publish","type":"page","link":"https:\/\/www.immobilierlocal.ch\/c\/agence-immobiliere-a-penthalaz-votre-partenaire-pour-lachat-la-vente-et-la-location-de-biens-immobiliers\/","title":{"rendered":"Agence immobili\u00e8re \u00e0 Penthalaz : votre partenaire pour l&rsquo;achat, la vente et la location de biens immobiliers"},"content":{"rendered":"<p>Vous envisagez de vendre, d&rsquo;acheter, de louer une habitation ou un logement \u00e0 Penthalaz ? Immobilierlocal est disponible pour vous guider dans vos projets. Nous sommes situ\u00e9s au c\u0153ur du centre de Penthalaz, contactez-nous pour d\u00e9nicher la maison de vos r\u00eaves ou c\u00e9der la v\u00f4tre. \u00c0 Penthalaz, notre agence immobili\u00e8re fournis des prestations pour : l&rsquo;achat, la vente, la mise en location de studios, d&rsquo;habitations, de bureaux et de commerces, nous offrons aussi la g\u00e9rance de vos propri\u00e9t\u00e9s immobili\u00e8res, la gestion locative de vos logements Airbnb, la gestion de copropri\u00e9t\u00e9s ou encore pour trouver une solution de pr\u00eat de votre futur bien immobilier.<\/p>\n\n<div class=\"box\">\n    <h2 class=\"text-dark\">Nous cherchons un <em class=\"text-primary\">Agent immobilier<\/em> dans la r\u00e9gion de <em class=\"text-primary\">Penthalaz<\/em>  en exclusivit\u00e9, afin de proposer vos services \u00e0 nos clients propri\u00e9taires.<\/h2>\n    <p>Une opportunit\u00e9 unique pour booster votre activit\u00e9 \u00e0 <strong>Penthalaz<\/strong> et aux alentours dans votre domaine (Agent immobilier).<\/p>\n    <p>Nous travaillons en exclusivit\u00e9 avec qu'une soci\u00e9t\u00e9 par m\u00e9tier et par r\u00e9gion. <br>Votre entreprise est pr\u00e9sente sur tous les documents immobiliers. Afin d'\u00eatre mieux vu sur le net, vous \u00eates \u00e9galement visible sur nos deux sites et sur les pages de r\u00e9f\u00e9rencement de votre r\u00e9gion.<\/p>\n    <a href=\"\/contact\" class=\"wp-block-button__link has-accent-background-color has-text-align-center wp-element-button\">R\u00e9server<\/a>\n<\/div>\n<h2>Le march\u00e9 immobilier Cancanier se d\u00e9veloppe en dehors de sa commune<\/h2>\n<p>R\u00e9cemment, les tarifs ont augment\u00e9 \u00e0 Penthalaz, en raison de nombreux facteurs :<\/p>\n<ul>\n<li>Sa position g\u00e9ographique,<\/li>\n<li>le march\u00e9 du travail,<\/li>\n<li>la qualit\u00e9 de son cadre de vie.<\/li>\n<\/ul>\n<p>Acheter un bien \u00e0 Penthalaz est aussi une valeur s\u00fbre, \u00e9tant donn\u00e9 que la demande de locations et d&rsquo;achats qui a connu une hausse significative, provoquant une hausse des prix.<\/p>\n<h3>Pour le prix immobilier moyen au m\u00b2 \u00e0 Penthalaz<\/h3>\n<p class=\"estimates-price-immobilier\">Le march\u00e9 immobilier \u00e0 Penthalaz affiche un prix moyen de CHF 7'112 \/ m\u00b2 (prix par m\u00e8tre carr\u00e9). Les maisons et les appartements ont un prix moyen respectif de CHF 7'434 \/ m\u00b2 et de CHF 6'789 \/ m\u00b2.<\/p>\n<h3>Pour le loyer moyen des logements \u00e0 Penthalaz<\/h3>\n<p class=\"estimates-rent-average\">Les loyers moyens \u00e0 Penthalaz sont actuellement de CHF 1'688 pour les appartements, CHF 2'452 pour les maisons.<\/p>\n<p>La p\u00e9nurie de logements sur le march\u00e9 immobilier contraint les acqu\u00e9reurs \u00e0 \u00e9tendre leur recherche et \u00e0 s&rsquo;orienter vers des localit\u00e9s environnantes, telles que :<\/p>\nMex VD, Boussens, Bournens, Sullens, Bettens, Cottens VD, Grancy, Gollion, S\u00e9very, Pampigny, Montricher, Chavannes-le-Veyron, Cuarnens, L'Isle, La Coudre, Villars-Bozon, Mauraz, Moiry VD, Mont-la-Ville, Vufflens-la-Ville, Penthaz, Allens, Cossonay-Ville, Dizy, Senarclens, Daillens, Lussery-Villars, La Chaux (Cossonay), Ecl\u00e9pens, Ferreyres, La Sarraz, Chevilly, Orny, Pompaples.\n<h2>La situation g\u00e9ographique de notre agence immobili\u00e8re \u00e0 Penthalaz<\/h2>\n<p>Les agents commerciaux de notre agence immobili\u00e8re op\u00e8rent dans tous les quartiers de Penthalaz.<\/p>\n\n<h2>Pourquoi choisir Immobilierlocal ?<\/h2>\n<p>Immobilierlocal fournis un large choix de services, comme :<\/p>\n<ul>\n<li>La mise en ligne de votre annonce sur notre site web : pour vous permettre de toucher plus de monde.<\/li>\n<li>Une vitrine sur l&rsquo;internet suisse : notre portail web se positionne sur des moteurs de recherches francophones en vue de toucher plus d&rsquo;acheteurs et de vendeurs.<\/li>\n<li>Mise en place d\u2019un plan de commercialisation : chacun des logements r\u00e9f\u00e9renc\u00e9s sur notre site internet b\u00e9n\u00e9ficie d&rsquo;un plan de commercialisation personnalis\u00e9.<\/li>\n<li>Estimation des prix de march\u00e9 : nous avons cr\u00e9\u00e9 des applications pour \u00e9valuer les prix de vente des habitations.<\/li>\n<li>Montage vid\u00e9o et photographies : nous r\u00e9alisons la r\u00e9alisation des vid\u00e9os et des photos afin de mettre en valeur votre propri\u00e9t\u00e9.<\/li>\n<li>Signature num\u00e9rique : nous offrons la capacit\u00e9 de sign\u00e9 \u00e9lectroniquement vos papiers en ligne.<\/li>\n<li>Service de conciergerie : nous proposons aussi une prestation pour les propri\u00e9taires d&rsquo;appartements courte dur\u00e9e.<\/li>\n<li>Gestion de propri\u00e9t\u00e9s : nous proposons une assurance de loyers impay\u00e9s.<\/li>\n<\/ul>\n<h2>Une agence immobili\u00e8re qui r\u00e9unis des professionnels<\/h2>\n<p>Les agents de notre entreprise sont qualifi\u00e9s, qu&rsquo;il s&rsquo;agisse de technico-commerciaux ou de managers. Nos employ\u00e9s assistent r\u00e9guli\u00e8rement des formations pour se maintenir \u00e0 jour et rester \u00e0 niveau. Par ailleurs, nos agents immobiliers ont tous aussi acquis une exp\u00e9rience au pr\u00e9alable. Cette exp\u00e9rience, nous permet d&rsquo;apporter le meilleur accompagnement \u00e0 nos partenaires, car votre satisfaction est notre priorit\u00e9.<\/p>\n<h2>D\u00e9terminer la valeur de votre bien \u00e0 Penthalaz<\/h2>\n<p>Nous r\u00e9alisons des \u00e9valuations d\u00e9taill\u00e9es de votre habitation \u00e0 Penthalaz, nous tenons compte des particularit\u00e9s de votre r\u00e9sidence, ou encore la notori\u00e9t\u00e9 de votre quartier. Nous fournissons une v\u00e9ritable comp\u00e9tence que ce soit pour : l&rsquo;achat, la vente de bien, les investissements immobiliers, les locations \u00e0 court et long terme, la g\u00e9rance de vos biens immobiliers, et aussi pour l&rsquo;administration de votre copropri\u00e9t\u00e9.<\/p>\n<h2>Des conseils sur mesure<\/h2>\n<p>Nous comprenons que chaque personne est unique, c&rsquo;est la raison pour laquelle nous personnalisons notre accompagnement. Vous voulez, vendre ou louer une maison ou un loft dans la zone de Penthalaz ? Notre entreprise vous accompagne du d\u00e9but \u00e0 la fin de votre projet immobilier. Nous avons un important r\u00e9seau de partenaires pour vous aider \u00e0 acqu\u00e9rir la maison de vos d\u00e9sires dans la r\u00e9gion de Penthalaz.<\/p>\n<h2>Vous cherchez une entreprise immobili\u00e8re \u00e0 Penthalaz ?<\/h2>\n<p>L&rsquo;agence Immobilierlocal est situ\u00e9e au centre de Penthalaz. Nos consultants vous \u00e9coutent et sont d\u00e9termin\u00e9s \u00e0 vous \u00e9pauler dans votre projet immobilier. Notre entreprise est chevronn\u00e9e dans la vente, l&rsquo;acquisition et la gestion de propri\u00e9t\u00e9s.<\/p>\n","protected":false},"excerpt":{"rendered":"<p>Vous envisagez de vendre, d&rsquo;acheter, de louer une habitation ou un logement \u00e0 Penthalaz ? Immobilierlocal est disponible pour vous guider dans vos projets. Nous sommes situ\u00e9s au c\u0153ur du centre de Penthalaz, contactez-nous pour d\u00e9nicher la maison de vos r\u00eaves ou c\u00e9der la v\u00f4tre. \u00c0 Penthalaz, notre agence immobili\u00e8re fournis des prestations pour : [&hellip;]<\/p>\n","protected":false},"author":3,"featured_media":2768,"parent":0,"menu_order":0,"comment_status":"closed","ping_status":"closed","template":"wp-custom-template-page-agent","meta":{"footnotes":""},"categories":[89],"profession":[92],"location":[41],"canton":[79],"class_list":["post-2307","page","type-page","status-publish","has-post-thumbnail","hentry","category-agence","profession-agent-immobilier"],"yoast_head":"<!-- This site is optimized with the Yoast SEO Premium plugin v23.0 (Yoast SEO v27.4) - https:\/\/yoast.com\/product\/yoast-seo-premium-wordpress\/ -->\n<title>Agence immobili\u00e8re \u00e0 Penthalaz : votre partenaire pour l&#039;achat, la vente et la location de biens immobiliers - Immobilierlocal<\/title>\n<meta name=\"robots\" content=\"index, follow, max-snippet:-1, max-image-preview:large, max-video-preview:-1\" \/>\n<link rel=\"canonical\" href=\"https:\/\/www.immobilierlocal.ch\/c\/agence-immobiliere-a-penthalaz-votre-partenaire-pour-lachat-la-vente-et-la-location-de-biens-immobiliers\/\" \/>\n<meta property=\"og:locale\" content=\"fr_FR\" \/>\n<meta property=\"og:type\" content=\"article\" \/>\n<meta property=\"og:title\" content=\"Agence immobili\u00e8re \u00e0 Penthalaz : votre partenaire pour l&#039;achat, la vente et la location de biens immobiliers\" \/>\n<meta property=\"og:description\" content=\"Vous envisagez de vendre, d&rsquo;acheter, de louer une habitation ou un logement \u00e0 Penthalaz ? Immobilierlocal est disponible pour vous guider dans vos projets. Nous sommes situ\u00e9s au c\u0153ur du centre de Penthalaz, contactez-nous pour d\u00e9nicher la maison de vos r\u00eaves ou c\u00e9der la v\u00f4tre. \u00c0 Penthalaz, notre agence immobili\u00e8re fournis des prestations pour : [&hellip;]\" \/>\n<meta property=\"og:url\" content=\"https:\/\/www.immobilierlocal.ch\/c\/agence-immobiliere-a-penthalaz-votre-partenaire-pour-lachat-la-vente-et-la-location-de-biens-immobiliers\/\" \/>\n<meta property=\"og:site_name\" content=\"Immobilierlocal\" \/>\n<meta property=\"article:modified_time\" content=\"2026-02-09T10:42:15+00:00\" \/>\n<meta property=\"og:image\" content=\"https:\/\/www.immobilierlocal.ch\/c\/wp-content\/uploads\/2026\/02\/agence-immobiliere.jpg\" \/>\n\t<meta property=\"og:image:width\" content=\"1920\" \/>\n\t<meta property=\"og:image:height\" content=\"300\" \/>\n\t<meta property=\"og:image:type\" content=\"image\/jpeg\" \/>\n<meta name=\"twitter:card\" content=\"summary_large_image\" \/>\n<meta name=\"twitter:label1\" content=\"Dur\u00e9e de lecture estim\u00e9e\" \/>\n\t<meta name=\"twitter:data1\" content=\"3 minutes\" \/>\n<script type=\"application\/ld+json\" class=\"yoast-schema-graph\">{\"@context\":\"https:\\\/\\\/schema.org\",\"@graph\":[{\"@type\":\"WebPage\",\"@id\":\"https:\\\/\\\/www.immobilierlocal.ch\\\/c\\\/agence-immobiliere-a-penthalaz-votre-partenaire-pour-lachat-la-vente-et-la-location-de-biens-immobiliers\\\/\",\"url\":\"https:\\\/\\\/www.immobilierlocal.ch\\\/c\\\/agence-immobiliere-a-penthalaz-votre-partenaire-pour-lachat-la-vente-et-la-location-de-biens-immobiliers\\\/\",\"name\":\"Agence immobili\u00e8re \u00e0 Penthalaz : votre partenaire pour l'achat, la vente et la location de biens immobiliers - Immobilierlocal\",\"isPartOf\":{\"@id\":\"https:\\\/\\\/www.immobilierlocal.ch\\\/c\\\/#website\"},\"primaryImageOfPage\":{\"@id\":\"https:\\\/\\\/www.immobilierlocal.ch\\\/c\\\/agence-immobiliere-a-penthalaz-votre-partenaire-pour-lachat-la-vente-et-la-location-de-biens-immobiliers\\\/#primaryimage\"},\"image\":{\"@id\":\"https:\\\/\\\/www.immobilierlocal.ch\\\/c\\\/agence-immobiliere-a-penthalaz-votre-partenaire-pour-lachat-la-vente-et-la-location-de-biens-immobiliers\\\/#primaryimage\"},\"thumbnailUrl\":\"https:\\\/\\\/www.immobilierlocal.ch\\\/c\\\/wp-content\\\/uploads\\\/2026\\\/02\\\/agence-immobiliere.jpg\",\"datePublished\":\"2024-04-16T15:07:11+00:00\",\"dateModified\":\"2026-02-09T10:42:15+00:00\",\"breadcrumb\":{\"@id\":\"https:\\\/\\\/www.immobilierlocal.ch\\\/c\\\/agence-immobiliere-a-penthalaz-votre-partenaire-pour-lachat-la-vente-et-la-location-de-biens-immobiliers\\\/#breadcrumb\"},\"inLanguage\":\"fr-FR\",\"potentialAction\":[{\"@type\":\"ReadAction\",\"target\":[\"https:\\\/\\\/www.immobilierlocal.ch\\\/c\\\/agence-immobiliere-a-penthalaz-votre-partenaire-pour-lachat-la-vente-et-la-location-de-biens-immobiliers\\\/\"]}]},{\"@type\":\"ImageObject\",\"inLanguage\":\"fr-FR\",\"@id\":\"https:\\\/\\\/www.immobilierlocal.ch\\\/c\\\/agence-immobiliere-a-penthalaz-votre-partenaire-pour-lachat-la-vente-et-la-location-de-biens-immobiliers\\\/#primaryimage\",\"url\":\"https:\\\/\\\/www.immobilierlocal.ch\\\/c\\\/wp-content\\\/uploads\\\/2026\\\/02\\\/agence-immobiliere.jpg\",\"contentUrl\":\"https:\\\/\\\/www.immobilierlocal.ch\\\/c\\\/wp-content\\\/uploads\\\/2026\\\/02\\\/agence-immobiliere.jpg\",\"width\":1920,\"height\":300},{\"@type\":\"BreadcrumbList\",\"@id\":\"https:\\\/\\\/www.immobilierlocal.ch\\\/c\\\/agence-immobiliere-a-penthalaz-votre-partenaire-pour-lachat-la-vente-et-la-location-de-biens-immobiliers\\\/#breadcrumb\",\"itemListElement\":[{\"@type\":\"ListItem\",\"position\":1,\"name\":\"Accueil\",\"item\":\"https:\\\/\\\/www.immobilierlocal.ch\\\/c\\\/\"},{\"@type\":\"ListItem\",\"position\":2,\"name\":\"Agence immobili\u00e8re dans le canton de Vaud\",\"item\":\"https:\\\/\\\/www.immobilierlocal.ch\\\/c\\\/agence-immobiliere-dans-le-canton-de-vaud-expert-en-ventes-et-locations-immobilieres\\\/\"},{\"@type\":\"ListItem\",\"position\":3,\"name\":\"Agences immobili\u00e8res\",\"item\":\"https:\\\/\\\/www.immobilierlocal.ch\\\/agences\"},{\"@type\":\"ListItem\",\"position\":4,\"name\":\"Agence immobili\u00e8re \u00e0 Penthalaz\"}]},{\"@type\":\"WebSite\",\"@id\":\"https:\\\/\\\/www.immobilierlocal.ch\\\/c\\\/#website\",\"url\":\"https:\\\/\\\/www.immobilierlocal.ch\\\/c\\\/\",\"name\":\"Immobilierlocal\",\"description\":\"\",\"publisher\":{\"@id\":\"https:\\\/\\\/www.immobilierlocal.ch\\\/c\\\/#organization\"},\"potentialAction\":[{\"@type\":\"SearchAction\",\"target\":{\"@type\":\"EntryPoint\",\"urlTemplate\":\"https:\\\/\\\/www.immobilierlocal.ch\\\/c\\\/?s={search_term_string}\"},\"query-input\":{\"@type\":\"PropertyValueSpecification\",\"valueRequired\":true,\"valueName\":\"search_term_string\"}}],\"inLanguage\":\"fr-FR\"},{\"@type\":\"Organization\",\"@id\":\"https:\\\/\\\/www.immobilierlocal.ch\\\/c\\\/#organization\",\"name\":\"Immobilierlocal\",\"url\":\"https:\\\/\\\/www.immobilierlocal.ch\\\/c\\\/\",\"logo\":{\"@type\":\"ImageObject\",\"inLanguage\":\"fr-FR\",\"@id\":\"https:\\\/\\\/www.immobilierlocal.ch\\\/c\\\/#\\\/schema\\\/logo\\\/image\\\/\",\"url\":\"https:\\\/\\\/www.immobilierlocal.ch\\\/c\\\/wp-content\\\/uploads\\\/2023\\\/10\\\/logo-immobilierlocal-h.svg\",\"contentUrl\":\"https:\\\/\\\/www.immobilierlocal.ch\\\/c\\\/wp-content\\\/uploads\\\/2023\\\/10\\\/logo-immobilierlocal-h.svg\",\"caption\":\"Immobilierlocal\"},\"image\":{\"@id\":\"https:\\\/\\\/www.immobilierlocal.ch\\\/c\\\/#\\\/schema\\\/logo\\\/image\\\/\"}}]}<\/script>\n<!-- \/ Yoast SEO Premium plugin. -->","yoast_head_json":{"title":"Agence immobili\u00e8re \u00e0 Penthalaz : votre partenaire pour l'achat, la vente et la location de biens immobiliers - Immobilierlocal","robots":{"index":"index","follow":"follow","max-snippet":"max-snippet:-1","max-image-preview":"max-image-preview:large","max-video-preview":"max-video-preview:-1"},"canonical":"https:\/\/www.immobilierlocal.ch\/c\/agence-immobiliere-a-penthalaz-votre-partenaire-pour-lachat-la-vente-et-la-location-de-biens-immobiliers\/","og_locale":"fr_FR","og_type":"article","og_title":"Agence immobili\u00e8re \u00e0 Penthalaz : votre partenaire pour l'achat, la vente et la location de biens immobiliers","og_description":"Vous envisagez de vendre, d&rsquo;acheter, de louer une habitation ou un logement \u00e0 Penthalaz ? Immobilierlocal est disponible pour vous guider dans vos projets. Nous sommes situ\u00e9s au c\u0153ur du centre de Penthalaz, contactez-nous pour d\u00e9nicher la maison de vos r\u00eaves ou c\u00e9der la v\u00f4tre. \u00c0 Penthalaz, notre agence immobili\u00e8re fournis des prestations pour : [&hellip;]","og_url":"https:\/\/www.immobilierlocal.ch\/c\/agence-immobiliere-a-penthalaz-votre-partenaire-pour-lachat-la-vente-et-la-location-de-biens-immobiliers\/","og_site_name":"Immobilierlocal","article_modified_time":"2026-02-09T10:42:15+00:00","og_image":[{"width":1920,"height":300,"url":"https:\/\/www.immobilierlocal.ch\/c\/wp-content\/uploads\/2026\/02\/agence-immobiliere.jpg","type":"image\/jpeg"}],"twitter_card":"summary_large_image","twitter_misc":{"Dur\u00e9e de lecture estim\u00e9e":"3 minutes"},"schema":{"@context":"https:\/\/schema.org","@graph":[{"@type":"WebPage","@id":"https:\/\/www.immobilierlocal.ch\/c\/agence-immobiliere-a-penthalaz-votre-partenaire-pour-lachat-la-vente-et-la-location-de-biens-immobiliers\/","url":"https:\/\/www.immobilierlocal.ch\/c\/agence-immobiliere-a-penthalaz-votre-partenaire-pour-lachat-la-vente-et-la-location-de-biens-immobiliers\/","name":"Agence immobili\u00e8re \u00e0 Penthalaz : votre partenaire pour l'achat, la vente et la location de biens immobiliers - Immobilierlocal","isPartOf":{"@id":"https:\/\/www.immobilierlocal.ch\/c\/#website"},"primaryImageOfPage":{"@id":"https:\/\/www.immobilierlocal.ch\/c\/agence-immobiliere-a-penthalaz-votre-partenaire-pour-lachat-la-vente-et-la-location-de-biens-immobiliers\/#primaryimage"},"image":{"@id":"https:\/\/www.immobilierlocal.ch\/c\/agence-immobiliere-a-penthalaz-votre-partenaire-pour-lachat-la-vente-et-la-location-de-biens-immobiliers\/#primaryimage"},"thumbnailUrl":"https:\/\/www.immobilierlocal.ch\/c\/wp-content\/uploads\/2026\/02\/agence-immobiliere.jpg","datePublished":"2024-04-16T15:07:11+00:00","dateModified":"2026-02-09T10:42:15+00:00","breadcrumb":{"@id":"https:\/\/www.immobilierlocal.ch\/c\/agence-immobiliere-a-penthalaz-votre-partenaire-pour-lachat-la-vente-et-la-location-de-biens-immobiliers\/#breadcrumb"},"inLanguage":"fr-FR","potentialAction":[{"@type":"ReadAction","target":["https:\/\/www.immobilierlocal.ch\/c\/agence-immobiliere-a-penthalaz-votre-partenaire-pour-lachat-la-vente-et-la-location-de-biens-immobiliers\/"]}]},{"@type":"ImageObject","inLanguage":"fr-FR","@id":"https:\/\/www.immobilierlocal.ch\/c\/agence-immobiliere-a-penthalaz-votre-partenaire-pour-lachat-la-vente-et-la-location-de-biens-immobiliers\/#primaryimage","url":"https:\/\/www.immobilierlocal.ch\/c\/wp-content\/uploads\/2026\/02\/agence-immobiliere.jpg","contentUrl":"https:\/\/www.immobilierlocal.ch\/c\/wp-content\/uploads\/2026\/02\/agence-immobiliere.jpg","width":1920,"height":300},{"@type":"BreadcrumbList","@id":"https:\/\/www.immobilierlocal.ch\/c\/agence-immobiliere-a-penthalaz-votre-partenaire-pour-lachat-la-vente-et-la-location-de-biens-immobiliers\/#breadcrumb","itemListElement":[{"@type":"ListItem","position":1,"name":"Accueil","item":"https:\/\/www.immobilierlocal.ch\/c\/"},{"@type":"ListItem","position":2,"name":"Agence immobili\u00e8re dans le canton de Vaud","item":"https:\/\/www.immobilierlocal.ch\/c\/agence-immobiliere-dans-le-canton-de-vaud-expert-en-ventes-et-locations-immobilieres\/"},{"@type":"ListItem","position":3,"name":"Agences immobili\u00e8res","item":"https:\/\/www.immobilierlocal.ch\/agences"},{"@type":"ListItem","position":4,"name":"Agence immobili\u00e8re \u00e0 Penthalaz"}]},{"@type":"WebSite","@id":"https:\/\/www.immobilierlocal.ch\/c\/#website","url":"https:\/\/www.immobilierlocal.ch\/c\/","name":"Immobilierlocal","description":"","publisher":{"@id":"https:\/\/www.immobilierlocal.ch\/c\/#organization"},"potentialAction":[{"@type":"SearchAction","target":{"@type":"EntryPoint","urlTemplate":"https:\/\/www.immobilierlocal.ch\/c\/?s={search_term_string}"},"query-input":{"@type":"PropertyValueSpecification","valueRequired":true,"valueName":"search_term_string"}}],"inLanguage":"fr-FR"},{"@type":"Organization","@id":"https:\/\/www.immobilierlocal.ch\/c\/#organization","name":"Immobilierlocal","url":"https:\/\/www.immobilierlocal.ch\/c\/","logo":{"@type":"ImageObject","inLanguage":"fr-FR","@id":"https:\/\/www.immobilierlocal.ch\/c\/#\/schema\/logo\/image\/","url":"https:\/\/www.immobilierlocal.ch\/c\/wp-content\/uploads\/2023\/10\/logo-immobilierlocal-h.svg","contentUrl":"https:\/\/www.immobilierlocal.ch\/c\/wp-content\/uploads\/2023\/10\/logo-immobilierlocal-h.svg","caption":"Immobilierlocal"},"image":{"@id":"https:\/\/www.immobilierlocal.ch\/c\/#\/schema\/logo\/image\/"}}]}},"_links":{"self":[{"href":"https:\/\/www.immobilierlocal.ch\/c\/wp-json\/wp\/v2\/pages\/2307","targetHints":{"allow":["GET"]}}],"collection":[{"href":"https:\/\/www.immobilierlocal.ch\/c\/wp-json\/wp\/v2\/pages"}],"about":[{"href":"https:\/\/www.immobilierlocal.ch\/c\/wp-json\/wp\/v2\/types\/page"}],"author":[{"embeddable":true,"href":"https:\/\/www.immobilierlocal.ch\/c\/wp-json\/wp\/v2\/users\/3"}],"replies":[{"embeddable":true,"href":"https:\/\/www.immobilierlocal.ch\/c\/wp-json\/wp\/v2\/comments?post=2307"}],"version-history":[{"count":0,"href":"https:\/\/www.immobilierlocal.ch\/c\/wp-json\/wp\/v2\/pages\/2307\/revisions"}],"wp:featuredmedia":[{"embeddable":true,"href":"https:\/\/www.immobilierlocal.ch\/c\/wp-json\/wp\/v2\/media\/2768"}],"wp:attachment":[{"href":"https:\/\/www.immobilierlocal.ch\/c\/wp-json\/wp\/v2\/media?parent=2307"}],"wp:term":[{"taxonomy":"category","embeddable":true,"href":"https:\/\/www.immobilierlocal.ch\/c\/wp-json\/wp\/v2\/categories?post=2307"},{"taxonomy":"profession","embeddable":true,"href":"https:\/\/www.immobilierlocal.ch\/c\/wp-json\/wp\/v2\/profession?post=2307"},{"taxonomy":"location","embeddable":true,"href":"https:\/\/www.immobilierlocal.ch\/c\/wp-json\/wp\/v2\/location?post=2307"},{"taxonomy":"canton","embeddable":true,"href":"https:\/\/www.immobilierlocal.ch\/c\/wp-json\/wp\/v2\/canton?post=2307"}],"curies":[{"name":"wp","href":"https:\/\/api.w.org\/{rel}","templated":true}]}}