
{"id":2304,"date":"2024-04-16T17:06:43","date_gmt":"2024-04-16T15:06:43","guid":{"rendered":"https:\/\/www.immobilierlocal.ch\/c\/?page_id=2304"},"modified":"2026-02-09T11:42:43","modified_gmt":"2026-02-09T10:42:43","slug":"agence-immobiliere-a-carouge-votre-partenaire-pour-la-location-lachat-et-la-vente-de-biens-immobiliers","status":"publish","type":"page","link":"https:\/\/www.immobilierlocal.ch\/c\/agence-immobiliere-a-carouge-votre-partenaire-pour-la-location-lachat-et-la-vente-de-biens-immobiliers\/","title":{"rendered":"Agence immobili\u00e8re \u00e0 Carouge GE : votre partenaire pour la location, l&rsquo;achat et la vente de biens immobiliers"},"content":{"rendered":"<p>Vous pr\u00e9voyez d&rsquo;acheter, de vendre une habitation ou un studio \u00e0 Carouge GE ? Immobilierlocal est disponible et \u00e0 votre \u00e9coute pour vous guider dans vos projets. Localis\u00e9e au centre de la ville, notre \u00e9quipe est pr\u00eate pour vous aider \u00e0 acqu\u00e9rir ou mettre sur le march\u00e9 votre logement. \u00c0 Carouge GE, notre agence offre des prestations pour : l&rsquo;achat, la cession, la location de meubl\u00e9s, de r\u00e9sidences, de magasins de proximit\u00e9s, de locaux, nous proposons aussi la g\u00e9rance de vos propri\u00e9t\u00e9s, la gestion locative de vos h\u00e9bergements Airbnb, l&rsquo;administration de copropri\u00e9t\u00e9s ou encore pour trouver une solution de financement de votre futur bien.<\/p>\n\n<div class=\"box\">\n    <h2 class=\"text-dark\">Nous cherchons un <em class=\"text-primary\">Agent immobilier<\/em> dans la r\u00e9gion de <em class=\"text-primary\">Carouge GE GE<\/em>  en exclusivit\u00e9, afin de proposer vos services \u00e0 nos clients propri\u00e9taires.<\/h2>\n    <p>Une opportunit\u00e9 unique pour booster votre activit\u00e9 \u00e0 <strong>Carouge GE GE<\/strong> et aux alentours dans votre domaine (Agent immobilier).<\/p>\n    <p>Nous travaillons en exclusivit\u00e9 avec qu'une soci\u00e9t\u00e9 par m\u00e9tier et par r\u00e9gion. <br>Votre entreprise est pr\u00e9sente sur tous les documents immobiliers. Afin d'\u00eatre mieux vu sur le net, vous \u00eates \u00e9galement visible sur nos deux sites et sur les pages de r\u00e9f\u00e9rencement de votre r\u00e9gion.<\/p>\n    <a href=\"\/contact\" class=\"wp-block-button__link has-accent-background-color has-text-align-center wp-element-button\">R\u00e9server<\/a>\n<\/div>\n<h2>Le march\u00e9 immobilier Carouge GEois s\u2019\u00e9tend au-del\u00e0 de sa commune<\/h2>\n<p>R\u00e9cemment, les prix ont augment\u00e9 \u00e0 Carouge GE, en raison de plusieurs facteurs :<\/p>\n<ul>\n<li>Sa localisation g\u00e9ographique,<\/li>\n<li>le march\u00e9 de l&#8217;emploi,<\/li>\n<li>la qualit\u00e9 de son lieu de vie.<\/li>\n<\/ul>\n<p>Acheter un bien immobilier \u00e0 Carouge GE est aussi un investissement s\u00fbr, en raison de la demande d&rsquo;achats et de locations a connu une hausse significative, entra\u00eenant une mont\u00e9e des prix.<\/p>\n<h3>Pour le prix moyen par m\u00e8tre carr\u00e9 des logements \u00e0 Carouge GE<\/h3>\n<p class=\"estimates-price-immobilier\">Le march\u00e9 immobilier \u00e0 Carouge GE affiche un prix moyen de CHF 15'967 \/ m\u00b2 (prix par m\u00e8tre carr\u00e9). Les maisons et les appartements ont un prix moyen respectif de CHF 16'159 \/ m\u00b2 et de CHF 15'776 \/ m\u00b2.<\/p>\n<h3>Pour le loyer moyen \u00e0 Carouge GE<\/h3>\n<p class=\"estimates-rent-average\">Les loyers moyens \u00e0 Carouge GE sont actuellement de CHF 4'134 pour les appartements, CHF 5'648 pour les maisons.<\/p>\n<p>La raret\u00e9 des logements propos\u00e9s \u00e0 la vente conduis de plus en plus d&rsquo;acheteurs \u00e0 s&rsquo;\u00e9loigner de Carouge GE et \u00e0 cibler des villes aux alentours, comme :<\/p>\nGen\u00e8ve, Grand-Lancy, Petit-Lancy, Onex, A\u00efre, V\u00e9senaz, Cologny, Ch\u00eane-Bougeries, Ch\u00eane-Bourg, Th\u00f4nex, Les Acacias, Plan-les-Ouates, Conches, Confignon, Bernex, Vessy, Cartigny, Avully, Puplinge, Presinge, Choulex, Collonge-Bellerive, Corsier GE, Ani\u00e8res, Hermance, Gy, Meinier, Vandoeuvres, Jussy, Veyrier, Troinex, La Croix-de-Rozon, Perly, Chancy, Athenaz (Avusy), Soral, Laconnex, Aire-la-Ville.\n<h2>La situation g\u00e9ographique de notre agence immobili\u00e8re \u00e0 Carouge GE<\/h2>\n<p>Situ\u00e9e \u00e0 Carouge GE notre agence op\u00e8re dans dans tous les secteurs de la ville.<\/p>\n\n<h2>Pourquoi choisir Immobilierlocal ?<\/h2>\n<p>Immobilierlocal offre un large choix de services, comme :<\/p>\n<ul>\n<li>La diffusion de votre annonce sur notre site internet : pour vous permettre d&rsquo;atteindre davantage de monde.<\/li>\n<li>Un portail web en suisse et pr\u00e9sent en francophonie : notre site est r\u00e9f\u00e9renc\u00e9 pour appara\u00eetre dans plusieurs moteurs de recherche en langue fran\u00e7aise pour atteindre un maximum de potentiels clients.<\/li>\n<li>Commercialisation personnalis\u00e9e : chaque propri\u00e9t\u00e9 immobili\u00e8re sur notre plateforme internet dispose d&rsquo;une approche de vente personnalis\u00e9e.<\/li>\n<li>Estimation des prix : nous avons fabriqu\u00e9 des outils en ligne pour calculer les valeurs des logements.<\/li>\n<li>Photos et vid\u00e9os : nous produisons des vid\u00e9os et des images pour valoriser votre habitat sur internet.<\/li>\n<li>Signature \u00e9lectronique : nous mettons \u00e0 disposition la signature des actes par voie \u00e9lectronique pour vous faciliter la vie.<\/li>\n<li>Service de gestion locative courte dur\u00e9e : nous offrons aussi des prestations pour la gestion de location courte dur\u00e9e.<\/li>\n<li>Gestion de propri\u00e9t\u00e9s : nous proposons une garantie de non-paiement des loyers.<\/li>\n<\/ul>\n<h2>Une agence immobili\u00e8re qui regroupe des experts<\/h2>\n<p>Les professionnels de notre agence sont exp\u00e9riment\u00e9s, qu&rsquo;il s&rsquo;agisse de conseillers commerciaux ou de gestionnaires. Nos conseillers suivent r\u00e9guli\u00e8rement des formations afin de maintenir leurs connaissances commerciales, techniques et juridiques \u00e0 jour. Chaque commercial de notre entreprise dispose d&rsquo;une grande expertise dans le secteur de l&rsquo;immobilier. Cette exp\u00e9rience, nous permet d\u2019accompagner au mieux nos partenaires, parce que votre satisfaction est notre objectif.<\/p>\n<h2>Estimer la valeur de votre bien immobilier \u00e0 Carouge GE<\/h2>\n<p>Vous \u00eates un Carouge GEois, notre entreprise effectue des estimations pr\u00e9cises de votre habitation en tenant compte des caract\u00e9ristiques de votre domicile comme votre localisation. Immobilierlocal offre \u00e0 sa client\u00e8le, les solutions, tel que : l&rsquo;administration de vos habitats locatifs, l&rsquo;achat, la vente, les investissements immobiliers, la direction des locations temporaires et la gestion du syndic.<\/p>\n<h2>Des conseils sur mesure<\/h2>\n<p>Nous comprenons que chaque individu a des besoins et exigences sp\u00e9cifiques, c&rsquo;est la raison pour laquelle nous personnalisons notre accompagnement. Si vous cherchez \u00e0 louer un loft ou une maison dans la zone de Carouge GE, nos sp\u00e9cialistes sont \u00e0 votre disposition \u00e0 toutes les phases de votre projet immobilier. Vous d\u00e9sirez acheter une nouvelle habitation \u00e0 Carouge GE ? Nous vous trouvons le meilleur appartement potentiel \u00e0 l&rsquo;aide de notre r\u00e9seau.<\/p>\n<h2>Besoin d&rsquo;une agence immobili\u00e8re \u00e0 Carouge GE ?<\/h2>\n<p>Notre agence Immobilierlocal se trouve au c\u0153ur Carouge GE. Nos experts vous \u00e9coutent et sont toujours d\u00e9termin\u00e9s \u00e0 vous soutenir dans votre projet immobilier. Notre soci\u00e9t\u00e9 est chevronn\u00e9e dans la vente, l&rsquo;acquisition et la gestion de propri\u00e9t\u00e9s.<\/p>\n","protected":false},"excerpt":{"rendered":"<p>Vous pr\u00e9voyez d&rsquo;acheter, de vendre une habitation ou un studio \u00e0 Carouge GE ? Immobilierlocal est disponible et \u00e0 votre \u00e9coute pour vous guider dans vos projets. Localis\u00e9e au centre de la ville, notre \u00e9quipe est pr\u00eate pour vous aider \u00e0 acqu\u00e9rir ou mettre sur le march\u00e9 votre logement. \u00c0 Carouge GE, notre agence offre [&hellip;]<\/p>\n","protected":false},"author":3,"featured_media":2768,"parent":0,"menu_order":0,"comment_status":"closed","ping_status":"closed","template":"wp-custom-template-page-agent","meta":{"footnotes":""},"categories":[89],"profession":[92],"location":[38],"canton":[82],"class_list":["post-2304","page","type-page","status-publish","has-post-thumbnail","hentry","category-agence","profession-agent-immobilier"],"yoast_head":"<!-- This site is optimized with the Yoast SEO Premium plugin v23.0 (Yoast SEO v27.3) - https:\/\/yoast.com\/product\/yoast-seo-premium-wordpress\/ -->\n<title>Agence immobili\u00e8re \u00e0 Carouge GE : votre partenaire pour la location, l&#039;achat et la vente de biens immobiliers - Immobilierlocal<\/title>\n<meta name=\"robots\" content=\"index, follow, max-snippet:-1, max-image-preview:large, max-video-preview:-1\" \/>\n<link rel=\"canonical\" href=\"https:\/\/www.immobilierlocal.ch\/c\/agence-immobiliere-a-carouge-votre-partenaire-pour-la-location-lachat-et-la-vente-de-biens-immobiliers\/\" \/>\n<meta property=\"og:locale\" content=\"fr_FR\" \/>\n<meta property=\"og:type\" content=\"article\" \/>\n<meta property=\"og:title\" content=\"Agence immobili\u00e8re \u00e0 Carouge GE : votre partenaire pour la location, l&#039;achat et la vente de biens immobiliers\" \/>\n<meta property=\"og:description\" content=\"Vous pr\u00e9voyez d&rsquo;acheter, de vendre une habitation ou un studio \u00e0 Carouge GE ? Immobilierlocal est disponible et \u00e0 votre \u00e9coute pour vous guider dans vos projets. Localis\u00e9e au centre de la ville, notre \u00e9quipe est pr\u00eate pour vous aider \u00e0 acqu\u00e9rir ou mettre sur le march\u00e9 votre logement. \u00c0 Carouge GE, notre agence offre [&hellip;]\" \/>\n<meta property=\"og:url\" content=\"https:\/\/www.immobilierlocal.ch\/c\/agence-immobiliere-a-carouge-votre-partenaire-pour-la-location-lachat-et-la-vente-de-biens-immobiliers\/\" \/>\n<meta property=\"og:site_name\" content=\"Immobilierlocal\" \/>\n<meta property=\"article:modified_time\" content=\"2026-02-09T10:42:43+00:00\" \/>\n<meta property=\"og:image\" content=\"https:\/\/www.immobilierlocal.ch\/c\/wp-content\/uploads\/2026\/02\/agence-immobiliere.jpg\" \/>\n\t<meta property=\"og:image:width\" content=\"1920\" \/>\n\t<meta property=\"og:image:height\" content=\"300\" \/>\n\t<meta property=\"og:image:type\" content=\"image\/jpeg\" \/>\n<meta name=\"twitter:card\" content=\"summary_large_image\" \/>\n<meta name=\"twitter:label1\" content=\"Dur\u00e9e de lecture estim\u00e9e\" \/>\n\t<meta name=\"twitter:data1\" content=\"4 minutes\" \/>\n<script type=\"application\/ld+json\" class=\"yoast-schema-graph\">{\"@context\":\"https:\\\/\\\/schema.org\",\"@graph\":[{\"@type\":\"WebPage\",\"@id\":\"https:\\\/\\\/www.immobilierlocal.ch\\\/c\\\/agence-immobiliere-a-carouge-votre-partenaire-pour-la-location-lachat-et-la-vente-de-biens-immobiliers\\\/\",\"url\":\"https:\\\/\\\/www.immobilierlocal.ch\\\/c\\\/agence-immobiliere-a-carouge-votre-partenaire-pour-la-location-lachat-et-la-vente-de-biens-immobiliers\\\/\",\"name\":\"Agence immobili\u00e8re \u00e0 Carouge GE : votre partenaire pour la location, l'achat et la vente de biens immobiliers - Immobilierlocal\",\"isPartOf\":{\"@id\":\"https:\\\/\\\/www.immobilierlocal.ch\\\/c\\\/#website\"},\"primaryImageOfPage\":{\"@id\":\"https:\\\/\\\/www.immobilierlocal.ch\\\/c\\\/agence-immobiliere-a-carouge-votre-partenaire-pour-la-location-lachat-et-la-vente-de-biens-immobiliers\\\/#primaryimage\"},\"image\":{\"@id\":\"https:\\\/\\\/www.immobilierlocal.ch\\\/c\\\/agence-immobiliere-a-carouge-votre-partenaire-pour-la-location-lachat-et-la-vente-de-biens-immobiliers\\\/#primaryimage\"},\"thumbnailUrl\":\"https:\\\/\\\/www.immobilierlocal.ch\\\/c\\\/wp-content\\\/uploads\\\/2026\\\/02\\\/agence-immobiliere.jpg\",\"datePublished\":\"2024-04-16T15:06:43+00:00\",\"dateModified\":\"2026-02-09T10:42:43+00:00\",\"breadcrumb\":{\"@id\":\"https:\\\/\\\/www.immobilierlocal.ch\\\/c\\\/agence-immobiliere-a-carouge-votre-partenaire-pour-la-location-lachat-et-la-vente-de-biens-immobiliers\\\/#breadcrumb\"},\"inLanguage\":\"fr-FR\",\"potentialAction\":[{\"@type\":\"ReadAction\",\"target\":[\"https:\\\/\\\/www.immobilierlocal.ch\\\/c\\\/agence-immobiliere-a-carouge-votre-partenaire-pour-la-location-lachat-et-la-vente-de-biens-immobiliers\\\/\"]}]},{\"@type\":\"ImageObject\",\"inLanguage\":\"fr-FR\",\"@id\":\"https:\\\/\\\/www.immobilierlocal.ch\\\/c\\\/agence-immobiliere-a-carouge-votre-partenaire-pour-la-location-lachat-et-la-vente-de-biens-immobiliers\\\/#primaryimage\",\"url\":\"https:\\\/\\\/www.immobilierlocal.ch\\\/c\\\/wp-content\\\/uploads\\\/2026\\\/02\\\/agence-immobiliere.jpg\",\"contentUrl\":\"https:\\\/\\\/www.immobilierlocal.ch\\\/c\\\/wp-content\\\/uploads\\\/2026\\\/02\\\/agence-immobiliere.jpg\",\"width\":1920,\"height\":300},{\"@type\":\"BreadcrumbList\",\"@id\":\"https:\\\/\\\/www.immobilierlocal.ch\\\/c\\\/agence-immobiliere-a-carouge-votre-partenaire-pour-la-location-lachat-et-la-vente-de-biens-immobiliers\\\/#breadcrumb\",\"itemListElement\":[{\"@type\":\"ListItem\",\"position\":1,\"name\":\"Accueil\",\"item\":\"https:\\\/\\\/www.immobilierlocal.ch\\\/c\\\/\"},{\"@type\":\"ListItem\",\"position\":2,\"name\":\"Agences immobili\u00e8res\",\"item\":\"https:\\\/\\\/www.immobilierlocal.ch\\\/agences\"},{\"@type\":\"ListItem\",\"position\":3,\"name\":\"Agence immobili\u00e8re \u00e0 Carouge\"}]},{\"@type\":\"WebSite\",\"@id\":\"https:\\\/\\\/www.immobilierlocal.ch\\\/c\\\/#website\",\"url\":\"https:\\\/\\\/www.immobilierlocal.ch\\\/c\\\/\",\"name\":\"Immobilierlocal\",\"description\":\"\",\"publisher\":{\"@id\":\"https:\\\/\\\/www.immobilierlocal.ch\\\/c\\\/#organization\"},\"potentialAction\":[{\"@type\":\"SearchAction\",\"target\":{\"@type\":\"EntryPoint\",\"urlTemplate\":\"https:\\\/\\\/www.immobilierlocal.ch\\\/c\\\/?s={search_term_string}\"},\"query-input\":{\"@type\":\"PropertyValueSpecification\",\"valueRequired\":true,\"valueName\":\"search_term_string\"}}],\"inLanguage\":\"fr-FR\"},{\"@type\":\"Organization\",\"@id\":\"https:\\\/\\\/www.immobilierlocal.ch\\\/c\\\/#organization\",\"name\":\"Immobilierlocal\",\"url\":\"https:\\\/\\\/www.immobilierlocal.ch\\\/c\\\/\",\"logo\":{\"@type\":\"ImageObject\",\"inLanguage\":\"fr-FR\",\"@id\":\"https:\\\/\\\/www.immobilierlocal.ch\\\/c\\\/#\\\/schema\\\/logo\\\/image\\\/\",\"url\":\"https:\\\/\\\/www.immobilierlocal.ch\\\/c\\\/wp-content\\\/uploads\\\/2023\\\/10\\\/logo-immobilierlocal-h.svg\",\"contentUrl\":\"https:\\\/\\\/www.immobilierlocal.ch\\\/c\\\/wp-content\\\/uploads\\\/2023\\\/10\\\/logo-immobilierlocal-h.svg\",\"caption\":\"Immobilierlocal\"},\"image\":{\"@id\":\"https:\\\/\\\/www.immobilierlocal.ch\\\/c\\\/#\\\/schema\\\/logo\\\/image\\\/\"}}]}<\/script>\n<!-- \/ Yoast SEO Premium plugin. -->","yoast_head_json":{"title":"Agence immobili\u00e8re \u00e0 Carouge GE : votre partenaire pour la location, l'achat et la vente de biens immobiliers - Immobilierlocal","robots":{"index":"index","follow":"follow","max-snippet":"max-snippet:-1","max-image-preview":"max-image-preview:large","max-video-preview":"max-video-preview:-1"},"canonical":"https:\/\/www.immobilierlocal.ch\/c\/agence-immobiliere-a-carouge-votre-partenaire-pour-la-location-lachat-et-la-vente-de-biens-immobiliers\/","og_locale":"fr_FR","og_type":"article","og_title":"Agence immobili\u00e8re \u00e0 Carouge GE : votre partenaire pour la location, l'achat et la vente de biens immobiliers","og_description":"Vous pr\u00e9voyez d&rsquo;acheter, de vendre une habitation ou un studio \u00e0 Carouge GE ? Immobilierlocal est disponible et \u00e0 votre \u00e9coute pour vous guider dans vos projets. Localis\u00e9e au centre de la ville, notre \u00e9quipe est pr\u00eate pour vous aider \u00e0 acqu\u00e9rir ou mettre sur le march\u00e9 votre logement. \u00c0 Carouge GE, notre agence offre [&hellip;]","og_url":"https:\/\/www.immobilierlocal.ch\/c\/agence-immobiliere-a-carouge-votre-partenaire-pour-la-location-lachat-et-la-vente-de-biens-immobiliers\/","og_site_name":"Immobilierlocal","article_modified_time":"2026-02-09T10:42:43+00:00","og_image":[{"width":1920,"height":300,"url":"https:\/\/www.immobilierlocal.ch\/c\/wp-content\/uploads\/2026\/02\/agence-immobiliere.jpg","type":"image\/jpeg"}],"twitter_card":"summary_large_image","twitter_misc":{"Dur\u00e9e de lecture estim\u00e9e":"4 minutes"},"schema":{"@context":"https:\/\/schema.org","@graph":[{"@type":"WebPage","@id":"https:\/\/www.immobilierlocal.ch\/c\/agence-immobiliere-a-carouge-votre-partenaire-pour-la-location-lachat-et-la-vente-de-biens-immobiliers\/","url":"https:\/\/www.immobilierlocal.ch\/c\/agence-immobiliere-a-carouge-votre-partenaire-pour-la-location-lachat-et-la-vente-de-biens-immobiliers\/","name":"Agence immobili\u00e8re \u00e0 Carouge GE : votre partenaire pour la location, l'achat et la vente de biens immobiliers - Immobilierlocal","isPartOf":{"@id":"https:\/\/www.immobilierlocal.ch\/c\/#website"},"primaryImageOfPage":{"@id":"https:\/\/www.immobilierlocal.ch\/c\/agence-immobiliere-a-carouge-votre-partenaire-pour-la-location-lachat-et-la-vente-de-biens-immobiliers\/#primaryimage"},"image":{"@id":"https:\/\/www.immobilierlocal.ch\/c\/agence-immobiliere-a-carouge-votre-partenaire-pour-la-location-lachat-et-la-vente-de-biens-immobiliers\/#primaryimage"},"thumbnailUrl":"https:\/\/www.immobilierlocal.ch\/c\/wp-content\/uploads\/2026\/02\/agence-immobiliere.jpg","datePublished":"2024-04-16T15:06:43+00:00","dateModified":"2026-02-09T10:42:43+00:00","breadcrumb":{"@id":"https:\/\/www.immobilierlocal.ch\/c\/agence-immobiliere-a-carouge-votre-partenaire-pour-la-location-lachat-et-la-vente-de-biens-immobiliers\/#breadcrumb"},"inLanguage":"fr-FR","potentialAction":[{"@type":"ReadAction","target":["https:\/\/www.immobilierlocal.ch\/c\/agence-immobiliere-a-carouge-votre-partenaire-pour-la-location-lachat-et-la-vente-de-biens-immobiliers\/"]}]},{"@type":"ImageObject","inLanguage":"fr-FR","@id":"https:\/\/www.immobilierlocal.ch\/c\/agence-immobiliere-a-carouge-votre-partenaire-pour-la-location-lachat-et-la-vente-de-biens-immobiliers\/#primaryimage","url":"https:\/\/www.immobilierlocal.ch\/c\/wp-content\/uploads\/2026\/02\/agence-immobiliere.jpg","contentUrl":"https:\/\/www.immobilierlocal.ch\/c\/wp-content\/uploads\/2026\/02\/agence-immobiliere.jpg","width":1920,"height":300},{"@type":"BreadcrumbList","@id":"https:\/\/www.immobilierlocal.ch\/c\/agence-immobiliere-a-carouge-votre-partenaire-pour-la-location-lachat-et-la-vente-de-biens-immobiliers\/#breadcrumb","itemListElement":[{"@type":"ListItem","position":1,"name":"Accueil","item":"https:\/\/www.immobilierlocal.ch\/c\/"},{"@type":"ListItem","position":2,"name":"Agences immobili\u00e8res","item":"https:\/\/www.immobilierlocal.ch\/agences"},{"@type":"ListItem","position":3,"name":"Agence immobili\u00e8re \u00e0 Carouge"}]},{"@type":"WebSite","@id":"https:\/\/www.immobilierlocal.ch\/c\/#website","url":"https:\/\/www.immobilierlocal.ch\/c\/","name":"Immobilierlocal","description":"","publisher":{"@id":"https:\/\/www.immobilierlocal.ch\/c\/#organization"},"potentialAction":[{"@type":"SearchAction","target":{"@type":"EntryPoint","urlTemplate":"https:\/\/www.immobilierlocal.ch\/c\/?s={search_term_string}"},"query-input":{"@type":"PropertyValueSpecification","valueRequired":true,"valueName":"search_term_string"}}],"inLanguage":"fr-FR"},{"@type":"Organization","@id":"https:\/\/www.immobilierlocal.ch\/c\/#organization","name":"Immobilierlocal","url":"https:\/\/www.immobilierlocal.ch\/c\/","logo":{"@type":"ImageObject","inLanguage":"fr-FR","@id":"https:\/\/www.immobilierlocal.ch\/c\/#\/schema\/logo\/image\/","url":"https:\/\/www.immobilierlocal.ch\/c\/wp-content\/uploads\/2023\/10\/logo-immobilierlocal-h.svg","contentUrl":"https:\/\/www.immobilierlocal.ch\/c\/wp-content\/uploads\/2023\/10\/logo-immobilierlocal-h.svg","caption":"Immobilierlocal"},"image":{"@id":"https:\/\/www.immobilierlocal.ch\/c\/#\/schema\/logo\/image\/"}}]}},"_links":{"self":[{"href":"https:\/\/www.immobilierlocal.ch\/c\/wp-json\/wp\/v2\/pages\/2304","targetHints":{"allow":["GET"]}}],"collection":[{"href":"https:\/\/www.immobilierlocal.ch\/c\/wp-json\/wp\/v2\/pages"}],"about":[{"href":"https:\/\/www.immobilierlocal.ch\/c\/wp-json\/wp\/v2\/types\/page"}],"author":[{"embeddable":true,"href":"https:\/\/www.immobilierlocal.ch\/c\/wp-json\/wp\/v2\/users\/3"}],"replies":[{"embeddable":true,"href":"https:\/\/www.immobilierlocal.ch\/c\/wp-json\/wp\/v2\/comments?post=2304"}],"version-history":[{"count":0,"href":"https:\/\/www.immobilierlocal.ch\/c\/wp-json\/wp\/v2\/pages\/2304\/revisions"}],"wp:featuredmedia":[{"embeddable":true,"href":"https:\/\/www.immobilierlocal.ch\/c\/wp-json\/wp\/v2\/media\/2768"}],"wp:attachment":[{"href":"https:\/\/www.immobilierlocal.ch\/c\/wp-json\/wp\/v2\/media?parent=2304"}],"wp:term":[{"taxonomy":"category","embeddable":true,"href":"https:\/\/www.immobilierlocal.ch\/c\/wp-json\/wp\/v2\/categories?post=2304"},{"taxonomy":"profession","embeddable":true,"href":"https:\/\/www.immobilierlocal.ch\/c\/wp-json\/wp\/v2\/profession?post=2304"},{"taxonomy":"location","embeddable":true,"href":"https:\/\/www.immobilierlocal.ch\/c\/wp-json\/wp\/v2\/location?post=2304"},{"taxonomy":"canton","embeddable":true,"href":"https:\/\/www.immobilierlocal.ch\/c\/wp-json\/wp\/v2\/canton?post=2304"}],"curies":[{"name":"wp","href":"https:\/\/api.w.org\/{rel}","templated":true}]}}