
{"id":2303,"date":"2024-04-16T17:07:03","date_gmt":"2024-04-16T15:07:03","guid":{"rendered":"https:\/\/www.immobilierlocal.ch\/c\/?page_id=2303"},"modified":"2026-02-09T11:42:24","modified_gmt":"2026-02-09T10:42:24","slug":"agence-immobiliere-a-meyrin-achat-vente-location-dun-bien-immobilier","status":"publish","type":"page","link":"https:\/\/www.immobilierlocal.ch\/c\/agence-immobiliere-a-meyrin-achat-vente-location-dun-bien-immobilier\/","title":{"rendered":"Agence immobili\u00e8re \u00e0 Meyrin : achat vente location d&rsquo;un bien immobilier"},"content":{"rendered":"<p>Vous projetez d&rsquo;acheter, de vendre une r\u00e9sidence ou un studio \u00e0 Meyrin ? Immobilierlocal est disponible et \u00e0 votre \u00e9coute pour vous guider dans votre projet. Nous sommes situ\u00e9s au centre-ville, contactez-nous pour d\u00e9nicher l&rsquo;habitation de vos r\u00eaves ou vendre la v\u00f4tre. Notre soci\u00e9t\u00e9 immobili\u00e8re \u00e0 Meyrin propose une vaste gamme de services : pour vendre, acheter votre maison, ou votre studio, louer un studio, acqu\u00e9rir des commerces, des bureaux, pour la g\u00e9rance de vos biens, pour de la location de logement de courte dur\u00e9e ou g\u00e9rer les immeubles en syndic de copropri\u00e9t\u00e9 et pour les solutions de financement de votre bien immobilier.<\/p>\n\r\n<div class=\"box\">\r\n            <div class=\"company-info\">\r\n            <img decoding=\"async\" class=\"company-info__logo\" src=\"https:\/\/www.artisanlocal.ch\/media\/cache\/thumb\/images\/companies\/68400c05101ba079959238.png\" alt=\"Logo\">\r\n            <h2 class=\"company-info__name\">AGCI Immobilier S\u00e0rl<\/h2>\r\n            <p class=\"company-info__business\">Agence immobili\u00e8re - Courtage immobilier - Estimation - Accompagnement pour l\u2019achat - Location - Conseils<\/p>\r\n        <\/div>\r\n        <div class=\"company-contact\">\r\n            <p class=\"company-info__address\">Avenue Vibert 13, 1227\u00a0Carouge GE <\/p>\r\n                            <div class=\"links\">\r\n                                            <a class=\"btn has-accent-background-color js-phoneNumber\" href=\"tel:0795046548\" title=\"Appelez\" data-id=\"27929\" data-type=\"11\">079 504 65 48<\/a>\r\n                                                                <a class=\"btn has-accent-background-color\" href=\"http:\/\/agci.ch\" target=\"_blank\" title=\"Voir le site internet\" data-id=\"27929\" data-type=\"20\">Site internet<\/a>\r\n                                    <\/div>\r\n                    <\/div>\r\n    \r\n            \n<form action=\"https:\/\/www.immobilierlocal.ch\/c\/wp-admin\/admin-ajax.php\" method=\"post\" class=\"form-contact\" id=\"immobilier_form_contact_company_inline\">\n    <div><input type=\"hidden\" name=\"action\" value=\"company_contact\"><\/div>\n    <div><input type=\"hidden\" name=\"nonce\" value=\"82f046434d\"><\/div>\n    <div><input type=\"hidden\" name=\"company_id\" value=\"27929\"><\/div>\n    <div><input type=\"hidden\" name=\"form_id\" value=\"immobilier_form_contact_company_inline\"><\/div>\n    <div class=\"gglcptch gglcptch_v3 gglcptch_custom\"><input type=\"hidden\" id=\"g-recaptcha-response\" name=\"g-recaptcha-response\" \/><br \/><div class=\"gglcptch_error_text\">La p\u00e9riode de v\u00e9rification reCAPTCHA a expir\u00e9. Veuillez recharger la page.<\/div><\/div>    <div class=\"form-content\">\n        <div class=\"form-group\">\n            <label for=\"contact_firstName\" class=\"required\">Pr\u00e9nom<\/label>\n            <input type=\"text\" name=\"firstName\" class=\"form-control\" required>\n        <\/div>\n        <div class=\"form-group\">\n            <label for=\"contact_lastName\" class=\"required\">Nom<\/label>\n            <input type=\"text\" name=\"lastName\" class=\"form-control\" required>\n        <\/div>\n        <div class=\"form-group\">\n            <label for=\"contact_email\" class=\"required\">Email<\/label>\n            <input type=\"email\" name=\"email\" class=\"form-control\" required>\n        <\/div>\n        <div class=\"form-group\">\n            <label for=\"contact_phone\" class=\"required\">Num\u00e9ro de t\u00e9l\u00e9phone<\/label>\n            <input type=\"tel\" name=\"phone\" class=\"form-control\" placeholder=\"0787117165\" pattern=\"^[0-9]{10}$\" required>\n        <\/div>\n        <div class=\"form-group\">\n            <label for=\"contact_postalCode\" class=\"required\">Code postal et localit\u00e9<\/label>\n            <input type=\"text\" name=\"postalCode\" class=\"form-control\" required>\n        <\/div>\n        <div class=\"form-group\">\n            <label for=\"contact_address\" class=\"required\">Adresse<\/label>\n            <input type=\"text\" name=\"address\" class=\"form-control\" required>\n        <\/div>\n        <div class=\"full-width topic\">\n            <p class=\"required\">Je souhaite \u00eatre contact\u00e9 pour :<\/p>\n            <div class=\"form-check\">\n                <input type=\"radio\" name=\"topic\" value=\"Estimation\" class=\"form-control\" required>\n                <label for=\"estimation\">R\u00e9aliser une estimation<\/label>\n            <\/div>\n            <div class=\"form-check\">\n                <input type=\"radio\" name=\"topic\" value=\"Vente\" class=\"form-control\" required>\n                <label for=\"vente\">R\u00e9aliser une vente<\/label>\n            <\/div>\n            <div class=\"form-check\">\n                <input type=\"radio\" name=\"topic\" value=\"Autre\" class=\"form-control\" required>\n                <label for=\"autre\">Autre<\/label>\n            <\/div>\n        <\/div>\n        <div class=\"form-group full-width\">\n            <label for=\"contact_message\">Message<\/label>\n            <textarea name=\"message\" rows=\"3\" class=\"form-control\"><\/textarea>\n        <\/div>\n    <\/div>\n    <div class=\"form-actions\">\n        <button class=\"wp-block-button__link has-accent-background-color\">Contacter<\/button>\n    <\/div>\n<\/form>\n<div class=\"form-feedback\"><\/div>    <\/div>\n<h2>Le march\u00e9 immobilier Meyrinois se d\u00e9veloppe plus loin que de son agglom\u00e9ration<\/h2>\n<p>Derni\u00e8rement, les prix ont mont\u00e9 rapidement \u00e0 Meyrin, pour plusieurs raisons :<\/p>\n<ul>\n<li>Son lieu g\u00e9ographique,<\/li>\n<li>le secteur de l&#8217;emploi,<\/li>\n<li>le confort et l&rsquo;\u00e9tat de son environnement.<\/li>\n<\/ul>\n<p>Acqu\u00e9rir un bien immobilier \u00e0 Meyrin est aussi une valeur s\u00fbre, en raison de la demande de locations et d&rsquo;achats qui a connu une hausse significative, conduisant une pouss\u00e9e des prix.<\/p>\n<h3>Pour le prix moyen par m\u00e8tre carr\u00e9 des habitations \u00e0 Meyrin<\/h3>\n<p class=\"estimates-price-immobilier\">Le march\u00e9 immobilier \u00e0 Meyrin affiche un prix moyen de CHF 16'422 \/ m\u00b2 (prix par m\u00e8tre carr\u00e9). Les maisons et les appartements ont un prix moyen respectif de CHF 15'761 \/ m\u00b2 et de CHF 17'082 \/ m\u00b2.<\/p>\n<h3>Pour le loyer moyen des biens immobiliers \u00e0 Meyrin<\/h3>\n<p class=\"estimates-rent-average\">Les loyers moyens \u00e0 Meyrin sont actuellement de CHF 4'512 pour les appartements, CHF 5'597 pour les maisons.<\/p>\n<p>La raret\u00e9 des biens immobiliers propos\u00e9s \u00e0 la vente encourage de plus en plus d&rsquo;acqu\u00e9reurs \u00e0 s&rsquo;\u00e9carter de Meyrin et \u00e0 porter leur attention dans les villes \u00e0 proximit\u00e9, comme :<\/p>\nGen\u00e8ve, Vernier, Cointrin, Le Grand-Saconnex, Ch\u00e2telaine, Le Lignon, Les Avanchets, Collex, Satigny, Russin, Dardagny, La Plaine, Chamb\u00e9sy.\n<h2>La localisation de notre agence immobili\u00e8re \u00e0 Meyrin<\/h2>\n<p>Les experts de notre agence immobili\u00e8re op\u00e8rent dans tous les endroits de Meyrin.<\/p>\n\n<div id=\"map\" class=\"map\" data-adresse=\"Avenue Vibert 13 1227\u00a0Carouge GE, Suisse\"><\/div>\n<h2>Pourquoi choisir Immobilierlocal ?<\/h2>\n<p>Notre soci\u00e9t\u00e9, Immobilierlocal, propose une gamme de prestations, entre autres :<\/p>\n<ul>\n<li>La mise en ligne de votre annonce sur notre site web : pour vous donner la possibilit\u00e9 d&rsquo;atteindre davantage de monde.<\/li>\n<li>Un portail web en suisse et aussi pr\u00e9sent dans les pays francophones : notre site internet est optimis\u00e9 pour ressortir dans de nombreux moteurs de recherche web francophones pour atteindre un maximum d\u2019acheteurs et de vendeurs.<\/li>\n<li>Programme personnalis\u00e9 : chacun des logements r\u00e9f\u00e9renc\u00e9s sur notre site profite d&rsquo;un plan de commercialisation personnalis\u00e9.<\/li>\n<li>\u00c9valuation des prix en ligne : nous avons d\u00e9velopp\u00e9 un outil en ligne pour d\u00e9terminer les valeurs des biens \u00e0 Meyrin.<\/li>\n<li>Vid\u00e9o et photographies : nous r\u00e9alisons la r\u00e9alisation des photos et des vid\u00e9os dans le but de mettre en valeur votre r\u00e9sidence.<\/li>\n<li>Signature \u00e9lectronique : nous proposons l&rsquo;option signature des documents par voie \u00e9lectronique pour vous faciliter la vie.<\/li>\n<li>Service de gestion locative courte dur\u00e9e : nous offrons aussi des prestations pour la gestion de location courte dur\u00e9e.<\/li>\n<li>Gestion locative : nous offrons une couverture pour le non-paiement des loyers impay\u00e9s.<\/li>\n<\/ul>\n<h2>Une agence immobili\u00e8re qui regroupe des experts<\/h2>\n<p>Les agents de notre agence sont exp\u00e9riment\u00e9s, qu&rsquo;il s&rsquo;agisse de conseillers commerciaux ou de gestionnaires. Nos conseillers suivent r\u00e9guli\u00e8rement des formations professionnelles afin de maintenir leurs bagages techniques, juridiques et commerciales \u00e0 jour. Par ailleurs, nos agents immobiliers ont tous aussi acquis une exp\u00e9rience ant\u00e9rieur. Cette exp\u00e9rience, nous permet d\u2019accompagner au mieux nos clients, car votre satisfaction est notre objectif.<\/p>\n<h2>\u00c9valuer un bien immobilier \u00e0 Meyrin<\/h2>\n<p>Nous r\u00e9alisons des estimations pr\u00e9cises de votre bien \u00e0 Meyrin, nous prenons en compte les particularit\u00e9s de votre maison, ou encore la renomm\u00e9e de votre quartier. Nous apportons une v\u00e9ritable comp\u00e9tence que ce soit pour : l&rsquo;acquisition, la vente de bien, les placements immobiliers, les locations airbnb ou longue dur\u00e9e, la gestion de vos biens immobiliers, et aussi pour la g\u00e9rance de votre copropri\u00e9t\u00e9.<\/p>\n<h2>Des conseils immobiliers personnalis\u00e9s<\/h2>\n<p>Nous savons que chaque personne est unique, c&rsquo;est la raison pour laquelle nous personnalisons nos conseils. Vous d\u00e9sirez acheter, vendre ou louer une maison ou un studio dans la zone de Meyrin ? Notre \u00e9quipe d&rsquo;experts vous assiste du d\u00e9but \u00e0 la fin de votre projet. Nous avons un vaste r\u00e9seau pour vous assister \u00e0 d\u00e9nicher la maison de vos d\u00e9sires dans la r\u00e9gion de Meyrin.<\/p>\n<h2>Vous avez besoin d&rsquo;une agence immobili\u00e8re \u00e0 Meyrin ?<\/h2>\n<p>L&rsquo;agence Immobilierlocal est implant\u00e9e en plein c\u0153ur de Meyrin. Nos consultants vous \u00e9coutent et sont toujours d\u00e9termin\u00e9s \u00e0 vous aider dans votre projet immobilier. Notre entreprise est chevronn\u00e9e dans la vente, l&rsquo;acquisition et la gestion de propri\u00e9t\u00e9s.<\/p>\n","protected":false},"excerpt":{"rendered":"<p>Vous projetez d&rsquo;acheter, de vendre une r\u00e9sidence ou un studio \u00e0 Meyrin ? Immobilierlocal est disponible et \u00e0 votre \u00e9coute pour vous guider dans votre projet. Nous sommes situ\u00e9s au centre-ville, contactez-nous pour d\u00e9nicher l&rsquo;habitation de vos r\u00eaves ou vendre la v\u00f4tre. Notre soci\u00e9t\u00e9 immobili\u00e8re \u00e0 Meyrin propose une vaste gamme de services : pour [&hellip;]<\/p>\n","protected":false},"author":3,"featured_media":2768,"parent":0,"menu_order":0,"comment_status":"closed","ping_status":"closed","template":"wp-custom-template-page-agent","meta":{"footnotes":""},"categories":[89],"profession":[92],"location":[37],"canton":[82],"class_list":["post-2303","page","type-page","status-publish","has-post-thumbnail","hentry","category-agence","profession-agent-immobilier"],"yoast_head":"<!-- This site is optimized with the Yoast SEO Premium plugin v23.0 (Yoast SEO v27.4) - https:\/\/yoast.com\/product\/yoast-seo-premium-wordpress\/ -->\n<title>Agence immobili\u00e8re \u00e0 Meyrin : achat vente location d&#039;un bien immobilier - Immobilierlocal<\/title>\n<meta name=\"robots\" content=\"index, follow, max-snippet:-1, max-image-preview:large, max-video-preview:-1\" \/>\n<link rel=\"canonical\" href=\"https:\/\/www.immobilierlocal.ch\/c\/agence-immobiliere-a-meyrin-achat-vente-location-dun-bien-immobilier\/\" \/>\n<meta property=\"og:locale\" content=\"fr_FR\" \/>\n<meta property=\"og:type\" content=\"article\" \/>\n<meta property=\"og:title\" content=\"Agence immobili\u00e8re \u00e0 Meyrin : achat vente location d&#039;un bien immobilier\" \/>\n<meta property=\"og:description\" content=\"Vous projetez d&rsquo;acheter, de vendre une r\u00e9sidence ou un studio \u00e0 Meyrin ? Immobilierlocal est disponible et \u00e0 votre \u00e9coute pour vous guider dans votre projet. Nous sommes situ\u00e9s au centre-ville, contactez-nous pour d\u00e9nicher l&rsquo;habitation de vos r\u00eaves ou vendre la v\u00f4tre. Notre soci\u00e9t\u00e9 immobili\u00e8re \u00e0 Meyrin propose une vaste gamme de services : pour [&hellip;]\" \/>\n<meta property=\"og:url\" content=\"https:\/\/www.immobilierlocal.ch\/c\/agence-immobiliere-a-meyrin-achat-vente-location-dun-bien-immobilier\/\" \/>\n<meta property=\"og:site_name\" content=\"Immobilierlocal\" \/>\n<meta property=\"article:modified_time\" content=\"2026-02-09T10:42:24+00:00\" \/>\n<meta property=\"og:image\" content=\"https:\/\/www.immobilierlocal.ch\/c\/wp-content\/uploads\/2026\/02\/agence-immobiliere.jpg\" \/>\n\t<meta property=\"og:image:width\" content=\"1920\" \/>\n\t<meta property=\"og:image:height\" content=\"300\" \/>\n\t<meta property=\"og:image:type\" content=\"image\/jpeg\" \/>\n<meta name=\"twitter:card\" content=\"summary_large_image\" \/>\n<meta name=\"twitter:label1\" content=\"Dur\u00e9e de lecture estim\u00e9e\" \/>\n\t<meta name=\"twitter:data1\" content=\"4 minutes\" \/>\n<script type=\"application\/ld+json\" class=\"yoast-schema-graph\">{\"@context\":\"https:\\\/\\\/schema.org\",\"@graph\":[{\"@type\":\"WebPage\",\"@id\":\"https:\\\/\\\/www.immobilierlocal.ch\\\/c\\\/agence-immobiliere-a-meyrin-achat-vente-location-dun-bien-immobilier\\\/\",\"url\":\"https:\\\/\\\/www.immobilierlocal.ch\\\/c\\\/agence-immobiliere-a-meyrin-achat-vente-location-dun-bien-immobilier\\\/\",\"name\":\"Agence immobili\u00e8re \u00e0 Meyrin : achat vente location d'un bien immobilier - Immobilierlocal\",\"isPartOf\":{\"@id\":\"https:\\\/\\\/www.immobilierlocal.ch\\\/c\\\/#website\"},\"primaryImageOfPage\":{\"@id\":\"https:\\\/\\\/www.immobilierlocal.ch\\\/c\\\/agence-immobiliere-a-meyrin-achat-vente-location-dun-bien-immobilier\\\/#primaryimage\"},\"image\":{\"@id\":\"https:\\\/\\\/www.immobilierlocal.ch\\\/c\\\/agence-immobiliere-a-meyrin-achat-vente-location-dun-bien-immobilier\\\/#primaryimage\"},\"thumbnailUrl\":\"https:\\\/\\\/www.immobilierlocal.ch\\\/c\\\/wp-content\\\/uploads\\\/2026\\\/02\\\/agence-immobiliere.jpg\",\"datePublished\":\"2024-04-16T15:07:03+00:00\",\"dateModified\":\"2026-02-09T10:42:24+00:00\",\"breadcrumb\":{\"@id\":\"https:\\\/\\\/www.immobilierlocal.ch\\\/c\\\/agence-immobiliere-a-meyrin-achat-vente-location-dun-bien-immobilier\\\/#breadcrumb\"},\"inLanguage\":\"fr-FR\",\"potentialAction\":[{\"@type\":\"ReadAction\",\"target\":[\"https:\\\/\\\/www.immobilierlocal.ch\\\/c\\\/agence-immobiliere-a-meyrin-achat-vente-location-dun-bien-immobilier\\\/\"]}]},{\"@type\":\"ImageObject\",\"inLanguage\":\"fr-FR\",\"@id\":\"https:\\\/\\\/www.immobilierlocal.ch\\\/c\\\/agence-immobiliere-a-meyrin-achat-vente-location-dun-bien-immobilier\\\/#primaryimage\",\"url\":\"https:\\\/\\\/www.immobilierlocal.ch\\\/c\\\/wp-content\\\/uploads\\\/2026\\\/02\\\/agence-immobiliere.jpg\",\"contentUrl\":\"https:\\\/\\\/www.immobilierlocal.ch\\\/c\\\/wp-content\\\/uploads\\\/2026\\\/02\\\/agence-immobiliere.jpg\",\"width\":1920,\"height\":300},{\"@type\":\"BreadcrumbList\",\"@id\":\"https:\\\/\\\/www.immobilierlocal.ch\\\/c\\\/agence-immobiliere-a-meyrin-achat-vente-location-dun-bien-immobilier\\\/#breadcrumb\",\"itemListElement\":[{\"@type\":\"ListItem\",\"position\":1,\"name\":\"Accueil\",\"item\":\"https:\\\/\\\/www.immobilierlocal.ch\\\/c\\\/\"},{\"@type\":\"ListItem\",\"position\":2,\"name\":\"Agences immobili\u00e8res\",\"item\":\"https:\\\/\\\/www.immobilierlocal.ch\\\/agences\"},{\"@type\":\"ListItem\",\"position\":3,\"name\":\"Agence immobili\u00e8re \u00e0 Meyrin\"}]},{\"@type\":\"WebSite\",\"@id\":\"https:\\\/\\\/www.immobilierlocal.ch\\\/c\\\/#website\",\"url\":\"https:\\\/\\\/www.immobilierlocal.ch\\\/c\\\/\",\"name\":\"Immobilierlocal\",\"description\":\"\",\"publisher\":{\"@id\":\"https:\\\/\\\/www.immobilierlocal.ch\\\/c\\\/#organization\"},\"potentialAction\":[{\"@type\":\"SearchAction\",\"target\":{\"@type\":\"EntryPoint\",\"urlTemplate\":\"https:\\\/\\\/www.immobilierlocal.ch\\\/c\\\/?s={search_term_string}\"},\"query-input\":{\"@type\":\"PropertyValueSpecification\",\"valueRequired\":true,\"valueName\":\"search_term_string\"}}],\"inLanguage\":\"fr-FR\"},{\"@type\":\"Organization\",\"@id\":\"https:\\\/\\\/www.immobilierlocal.ch\\\/c\\\/#organization\",\"name\":\"Immobilierlocal\",\"url\":\"https:\\\/\\\/www.immobilierlocal.ch\\\/c\\\/\",\"logo\":{\"@type\":\"ImageObject\",\"inLanguage\":\"fr-FR\",\"@id\":\"https:\\\/\\\/www.immobilierlocal.ch\\\/c\\\/#\\\/schema\\\/logo\\\/image\\\/\",\"url\":\"https:\\\/\\\/www.immobilierlocal.ch\\\/c\\\/wp-content\\\/uploads\\\/2023\\\/10\\\/logo-immobilierlocal-h.svg\",\"contentUrl\":\"https:\\\/\\\/www.immobilierlocal.ch\\\/c\\\/wp-content\\\/uploads\\\/2023\\\/10\\\/logo-immobilierlocal-h.svg\",\"caption\":\"Immobilierlocal\"},\"image\":{\"@id\":\"https:\\\/\\\/www.immobilierlocal.ch\\\/c\\\/#\\\/schema\\\/logo\\\/image\\\/\"}}]}<\/script>\n<!-- \/ Yoast SEO Premium plugin. -->","yoast_head_json":{"title":"Agence immobili\u00e8re \u00e0 Meyrin : achat vente location d'un bien immobilier - Immobilierlocal","robots":{"index":"index","follow":"follow","max-snippet":"max-snippet:-1","max-image-preview":"max-image-preview:large","max-video-preview":"max-video-preview:-1"},"canonical":"https:\/\/www.immobilierlocal.ch\/c\/agence-immobiliere-a-meyrin-achat-vente-location-dun-bien-immobilier\/","og_locale":"fr_FR","og_type":"article","og_title":"Agence immobili\u00e8re \u00e0 Meyrin : achat vente location d'un bien immobilier","og_description":"Vous projetez d&rsquo;acheter, de vendre une r\u00e9sidence ou un studio \u00e0 Meyrin ? Immobilierlocal est disponible et \u00e0 votre \u00e9coute pour vous guider dans votre projet. Nous sommes situ\u00e9s au centre-ville, contactez-nous pour d\u00e9nicher l&rsquo;habitation de vos r\u00eaves ou vendre la v\u00f4tre. Notre soci\u00e9t\u00e9 immobili\u00e8re \u00e0 Meyrin propose une vaste gamme de services : pour [&hellip;]","og_url":"https:\/\/www.immobilierlocal.ch\/c\/agence-immobiliere-a-meyrin-achat-vente-location-dun-bien-immobilier\/","og_site_name":"Immobilierlocal","article_modified_time":"2026-02-09T10:42:24+00:00","og_image":[{"width":1920,"height":300,"url":"https:\/\/www.immobilierlocal.ch\/c\/wp-content\/uploads\/2026\/02\/agence-immobiliere.jpg","type":"image\/jpeg"}],"twitter_card":"summary_large_image","twitter_misc":{"Dur\u00e9e de lecture estim\u00e9e":"4 minutes"},"schema":{"@context":"https:\/\/schema.org","@graph":[{"@type":"WebPage","@id":"https:\/\/www.immobilierlocal.ch\/c\/agence-immobiliere-a-meyrin-achat-vente-location-dun-bien-immobilier\/","url":"https:\/\/www.immobilierlocal.ch\/c\/agence-immobiliere-a-meyrin-achat-vente-location-dun-bien-immobilier\/","name":"Agence immobili\u00e8re \u00e0 Meyrin : achat vente location d'un bien immobilier - Immobilierlocal","isPartOf":{"@id":"https:\/\/www.immobilierlocal.ch\/c\/#website"},"primaryImageOfPage":{"@id":"https:\/\/www.immobilierlocal.ch\/c\/agence-immobiliere-a-meyrin-achat-vente-location-dun-bien-immobilier\/#primaryimage"},"image":{"@id":"https:\/\/www.immobilierlocal.ch\/c\/agence-immobiliere-a-meyrin-achat-vente-location-dun-bien-immobilier\/#primaryimage"},"thumbnailUrl":"https:\/\/www.immobilierlocal.ch\/c\/wp-content\/uploads\/2026\/02\/agence-immobiliere.jpg","datePublished":"2024-04-16T15:07:03+00:00","dateModified":"2026-02-09T10:42:24+00:00","breadcrumb":{"@id":"https:\/\/www.immobilierlocal.ch\/c\/agence-immobiliere-a-meyrin-achat-vente-location-dun-bien-immobilier\/#breadcrumb"},"inLanguage":"fr-FR","potentialAction":[{"@type":"ReadAction","target":["https:\/\/www.immobilierlocal.ch\/c\/agence-immobiliere-a-meyrin-achat-vente-location-dun-bien-immobilier\/"]}]},{"@type":"ImageObject","inLanguage":"fr-FR","@id":"https:\/\/www.immobilierlocal.ch\/c\/agence-immobiliere-a-meyrin-achat-vente-location-dun-bien-immobilier\/#primaryimage","url":"https:\/\/www.immobilierlocal.ch\/c\/wp-content\/uploads\/2026\/02\/agence-immobiliere.jpg","contentUrl":"https:\/\/www.immobilierlocal.ch\/c\/wp-content\/uploads\/2026\/02\/agence-immobiliere.jpg","width":1920,"height":300},{"@type":"BreadcrumbList","@id":"https:\/\/www.immobilierlocal.ch\/c\/agence-immobiliere-a-meyrin-achat-vente-location-dun-bien-immobilier\/#breadcrumb","itemListElement":[{"@type":"ListItem","position":1,"name":"Accueil","item":"https:\/\/www.immobilierlocal.ch\/c\/"},{"@type":"ListItem","position":2,"name":"Agences immobili\u00e8res","item":"https:\/\/www.immobilierlocal.ch\/agences"},{"@type":"ListItem","position":3,"name":"Agence immobili\u00e8re \u00e0 Meyrin"}]},{"@type":"WebSite","@id":"https:\/\/www.immobilierlocal.ch\/c\/#website","url":"https:\/\/www.immobilierlocal.ch\/c\/","name":"Immobilierlocal","description":"","publisher":{"@id":"https:\/\/www.immobilierlocal.ch\/c\/#organization"},"potentialAction":[{"@type":"SearchAction","target":{"@type":"EntryPoint","urlTemplate":"https:\/\/www.immobilierlocal.ch\/c\/?s={search_term_string}"},"query-input":{"@type":"PropertyValueSpecification","valueRequired":true,"valueName":"search_term_string"}}],"inLanguage":"fr-FR"},{"@type":"Organization","@id":"https:\/\/www.immobilierlocal.ch\/c\/#organization","name":"Immobilierlocal","url":"https:\/\/www.immobilierlocal.ch\/c\/","logo":{"@type":"ImageObject","inLanguage":"fr-FR","@id":"https:\/\/www.immobilierlocal.ch\/c\/#\/schema\/logo\/image\/","url":"https:\/\/www.immobilierlocal.ch\/c\/wp-content\/uploads\/2023\/10\/logo-immobilierlocal-h.svg","contentUrl":"https:\/\/www.immobilierlocal.ch\/c\/wp-content\/uploads\/2023\/10\/logo-immobilierlocal-h.svg","caption":"Immobilierlocal"},"image":{"@id":"https:\/\/www.immobilierlocal.ch\/c\/#\/schema\/logo\/image\/"}}]}},"_links":{"self":[{"href":"https:\/\/www.immobilierlocal.ch\/c\/wp-json\/wp\/v2\/pages\/2303","targetHints":{"allow":["GET"]}}],"collection":[{"href":"https:\/\/www.immobilierlocal.ch\/c\/wp-json\/wp\/v2\/pages"}],"about":[{"href":"https:\/\/www.immobilierlocal.ch\/c\/wp-json\/wp\/v2\/types\/page"}],"author":[{"embeddable":true,"href":"https:\/\/www.immobilierlocal.ch\/c\/wp-json\/wp\/v2\/users\/3"}],"replies":[{"embeddable":true,"href":"https:\/\/www.immobilierlocal.ch\/c\/wp-json\/wp\/v2\/comments?post=2303"}],"version-history":[{"count":0,"href":"https:\/\/www.immobilierlocal.ch\/c\/wp-json\/wp\/v2\/pages\/2303\/revisions"}],"wp:featuredmedia":[{"embeddable":true,"href":"https:\/\/www.immobilierlocal.ch\/c\/wp-json\/wp\/v2\/media\/2768"}],"wp:attachment":[{"href":"https:\/\/www.immobilierlocal.ch\/c\/wp-json\/wp\/v2\/media?parent=2303"}],"wp:term":[{"taxonomy":"category","embeddable":true,"href":"https:\/\/www.immobilierlocal.ch\/c\/wp-json\/wp\/v2\/categories?post=2303"},{"taxonomy":"profession","embeddable":true,"href":"https:\/\/www.immobilierlocal.ch\/c\/wp-json\/wp\/v2\/profession?post=2303"},{"taxonomy":"location","embeddable":true,"href":"https:\/\/www.immobilierlocal.ch\/c\/wp-json\/wp\/v2\/location?post=2303"},{"taxonomy":"canton","embeddable":true,"href":"https:\/\/www.immobilierlocal.ch\/c\/wp-json\/wp\/v2\/canton?post=2303"}],"curies":[{"name":"wp","href":"https:\/\/api.w.org\/{rel}","templated":true}]}}