
{"id":2301,"date":"2024-04-16T17:07:11","date_gmt":"2024-04-16T15:07:11","guid":{"rendered":"https:\/\/www.immobilierlocal.ch\/c\/?page_id=2301"},"modified":"2026-02-09T11:42:16","modified_gmt":"2026-02-09T10:42:16","slug":"agence-immobiliere-a-payerne-votre-partenaire-pour-la-location-lachat-et-la-vente-de-biens-immobiliers","status":"publish","type":"page","link":"https:\/\/www.immobilierlocal.ch\/c\/agence-immobiliere-a-payerne-votre-partenaire-pour-la-location-lachat-et-la-vente-de-biens-immobiliers\/","title":{"rendered":"Agence immobili\u00e8re \u00e0 Payerne : votre partenaire pour la location, l&rsquo;achat et la vente de biens immobiliers"},"content":{"rendered":"<p>Pr\u00e9voyez-vous l&rsquo;achat ou la vente d&rsquo;un logement ou d&rsquo;un loft localis\u00e9 \u00e0 Payerne ? Immobilierlocal est disponible et \u00e0 votre \u00e9coute pour vous accompagner dans votre projet. Implant\u00e9e au c\u0153ur de la ville, notre \u00e9quipe est disponible pour vous \u00e9pauler \u00e0 acqu\u00e9rir ou vendre votre propri\u00e9t\u00e9. \u00c0 Payerne, notre agence propose des services pour : l&rsquo;acquisition, la cession, la location de maisons, d&rsquo;appartements, de magasins de proximit\u00e9s, de locaux, nous offrons aussi la g\u00e9rance de vos propri\u00e9t\u00e9s, la gestion locative de vos studios Airbnb, la gestion de biens en copropri\u00e9t\u00e9 ou encore pour trouver une solution de financement de votre futur propri\u00e9t\u00e9.<\/p>\n\n<div class=\"box\">\n    <h2 class=\"text-dark\">Nous cherchons un <em class=\"text-primary\">Agent immobilier<\/em> dans la r\u00e9gion de <em class=\"text-primary\">Payerne<\/em>  en exclusivit\u00e9, afin de proposer vos services \u00e0 nos clients propri\u00e9taires.<\/h2>\n    <p>Une opportunit\u00e9 unique pour booster votre activit\u00e9 \u00e0 <strong>Payerne<\/strong> et aux alentours dans votre domaine (Agent immobilier).<\/p>\n    <p>Nous travaillons en exclusivit\u00e9 avec qu'une soci\u00e9t\u00e9 par m\u00e9tier et par r\u00e9gion. <br>Votre entreprise est pr\u00e9sente sur tous les documents immobiliers. Afin d'\u00eatre mieux vu sur le net, vous \u00eates \u00e9galement visible sur nos deux sites et sur les pages de r\u00e9f\u00e9rencement de votre r\u00e9gion.<\/p>\n    <a href=\"\/contact\" class=\"wp-block-button__link has-accent-background-color has-text-align-center wp-element-button\">R\u00e9server<\/a>\n<\/div>\n<h2>Le march\u00e9 immobilier Payernois s&rsquo;\u00e9tend plus loin que de sa ville<\/h2>\n<p>Ces derni\u00e8res ann\u00e9es, les prix ont mont\u00e9 rapidement \u00e0 Payerne, pour diverses raisons :<\/p>\n<ul>\n<li>Sa situation g\u00e9ographique,<\/li>\n<li>l&rsquo;attractivit\u00e9 \u00e9conomique,<\/li>\n<li>les conditions et la qualit\u00e9 de son environnement.<\/li>\n<\/ul>\n<p>Acheter un logement \u00e0 Payerne est aussi une valeur s\u00fbre, \u00e9tant donn\u00e9 que la demande de locations et d&rsquo;achats qui a connu une forte hausse, entra\u00eenant une mont\u00e9e des prix.<\/p>\n<h3>Pour le prix moyen par m\u00e8tre carr\u00e9 des habitations \u00e0 Payerne<\/h3>\n<p class=\"estimates-price-immobilier\">Le march\u00e9 immobilier \u00e0 Payerne affiche un prix moyen de CHF 6'350 \/ m\u00b2 (prix par m\u00e8tre carr\u00e9). Les maisons et les appartements ont un prix moyen respectif de CHF 6'226 \/ m\u00b2 et de CHF 6'474 \/ m\u00b2.<\/p>\n<h3>Pour le montant moyen du loyer \u00e0 Payerne<\/h3>\n<p class=\"estimates-rent-average\">Les loyers moyens \u00e0 Payerne sont actuellement de CHF 1'659 pour les appartements, CHF 2'210 pour les maisons.<\/p>\n<p>La p\u00e9nurie des logements disponibles \u00e0 la vente conduis de plus en plus d&rsquo;acqu\u00e9reurs \u00e0 se d\u00e9tourner de Payerne et \u00e0 porter leur int\u00e9r\u00eat dans les villes proches, comme :<\/p>\nCheyres, Estavayer-le-Lac, Bollion, Lully FR, Seiry, Ch\u00e2tillon FR, Font, Ch\u00e2bles FR, Autavaux, Forel FR, Montbrelloz, Cugy FR, Vesin, Frasses, Montet (Broye), Aumont, Granges-de-Vesin, Nuvilly, Murist, F\u00e9tigny, M\u00e9ni\u00e8res, Treytorrens (Payerne), Bussy FR, Morens FR, S\u00e9vaz, Rueyres-les-Pr\u00e9s, Grandcour, Chevroux, Vers-chez-Perrin, Trey, Ch\u00e2tonnaye, Corcelles-pr\u00e8s-Payerne, Missy, Cerniat FR, Middes, Cousset, Montagny-les-Monts, Grandsivaz, Mannens, Montagny-la-Ville.\n<h2>L\u2019implantation de notre agence immobili\u00e8re \u00e0 Payerne<\/h2>\n<p>Les agents commerciaux de notre agence immobili\u00e8re op\u00e8rent dans tous les arrondissements de Payerne.<\/p>\n\n<h2>Pourquoi travailler avec Immobilierlocal ?<\/h2>\n<p>Notre soci\u00e9t\u00e9, Immobilierlocal, propose une gamme compl\u00e8te de services, notamment :<\/p>\n<ul>\n<li>La diffusion de vos annonces sur notre site : pour vous donner la possibilit\u00e9 d&rsquo;atteindre plus de monde.<\/li>\n<li>Un portail web en suisse et aussi pr\u00e9sent en francophonie : notre site internet est optimis\u00e9 pour ressortir dans de nombreux moteurs de recherche web en langue fran\u00e7aise pour toucher un maximum de potentiels clients.<\/li>\n<li>Strat\u00e9gie de vente personnalis\u00e9e : chaque bien sur notre plateforme internet b\u00e9n\u00e9ficie d&rsquo;une strat\u00e9gie commerciale sur mesure.<\/li>\n<li>Estimation immobili\u00e8re en ligne : nous avons d\u00e9velopp\u00e9 une application web pour \u00e9valuer les valeurs des habitations \u00e0 Payerne.<\/li>\n<li>Vid\u00e9os et photos : nous r\u00e9alisons des images et des vid\u00e9os pour promouvoir votre domicile sur le web.<\/li>\n<li>Signature \u00e9lectronique : nous proposons l&rsquo;option signature des actes par voie num\u00e9rique pour vous faciliter la vie.<\/li>\n<li>Service de conciergerie airbnb : nous avons aussi un service de conciergerie airbnb.<\/li>\n<li>Services de gestion locative : nous offrons une garantie pour le non-paiement des loyers.<\/li>\n<\/ul>\n<h2>Une agence immobili\u00e8re qui regroupe des professionnels<\/h2>\n<p>Tous nos collaborateurs sont qualifi\u00e9s, qu&rsquo;ils soient : commerciaux, administrateurs ou techniciens. Nos employ\u00e9s assistent fr\u00e9quemment a des mont\u00e9es en comp\u00e9tences. Chaque expert de notre \u00e9quipe poss\u00e8de une grande exp\u00e9rience dans le domaine de l&rsquo;immobilier. L&rsquo;exp\u00e9rience obtenue nous permet d&rsquo;accompagner au maximum nos clients.<\/p>\n<h2>\u00c9valuer un bien \u00e0 Payerne<\/h2>\n<p>Si vous \u00eates un Payernois, notre soci\u00e9t\u00e9 r\u00e9alise des estimations immobili\u00e8res pouss\u00e9es de votre maison en consid\u00e9rant les particularit\u00e9s de votre logement comme votre quartier. Nous fournissons une v\u00e9ritable expertise que ce soit pour : l&rsquo;achat, la vente de bien, les placements immobiliers, les locations \u00e0 court et long terme, la gestion de vos biens immobiliers, et aussi pour la gestion de votre r\u00e9sidence en copropri\u00e9t\u00e9.<\/p>\n<h2>Des conseils immobiliers sur mesure<\/h2>\n<p>Nous savons que chaque personne est unique, c\u2019est pour cela que nous personnalisons nos conseils. Vous d\u00e9sirez, vendre ou louer une maison ou un studio dans la zone de Payerne ? Notre \u00e9quipe d&rsquo;experts vous assiste du premier instant aux derni\u00e8res finalisations de votre projet immobilier. Vous souhaitez acqu\u00e9rir une nouvelle propri\u00e9t\u00e9 \u00e0 Payerne ? Nous vous trouvons le meilleur logement possible par notre r\u00e9seau.<\/p>\n<h2>Vous recherchez une entreprise immobili\u00e8re \u00e0 Payerne ?<\/h2>\n<p>L&rsquo;agence Immobilierlocal est implant\u00e9e en plein c\u0153ur de Payerne. Nous vous r\u00e9servons un accueil chaleureux, pr\u00eats \u00e0 vous \u00e9couter et \u00e0 r\u00e9aliser vos projets. Nos professionnels immobiliers exp\u00e9riment\u00e9s sont vos partenaires de confiance pour la vente, l&rsquo;achat et la gestion de biens.<\/p>\n","protected":false},"excerpt":{"rendered":"<p>Pr\u00e9voyez-vous l&rsquo;achat ou la vente d&rsquo;un logement ou d&rsquo;un loft localis\u00e9 \u00e0 Payerne ? Immobilierlocal est disponible et \u00e0 votre \u00e9coute pour vous accompagner dans votre projet. Implant\u00e9e au c\u0153ur de la ville, notre \u00e9quipe est disponible pour vous \u00e9pauler \u00e0 acqu\u00e9rir ou vendre votre propri\u00e9t\u00e9. \u00c0 Payerne, notre agence propose des services pour : [&hellip;]<\/p>\n","protected":false},"author":3,"featured_media":2768,"parent":0,"menu_order":0,"comment_status":"closed","ping_status":"closed","template":"wp-custom-template-page-agent","meta":{"footnotes":""},"categories":[89],"profession":[92],"location":[30],"canton":[79],"class_list":["post-2301","page","type-page","status-publish","has-post-thumbnail","hentry","category-agence","profession-agent-immobilier"],"yoast_head":"<!-- This site is optimized with the Yoast SEO Premium plugin v23.0 (Yoast SEO v27.4) - https:\/\/yoast.com\/product\/yoast-seo-premium-wordpress\/ -->\n<title>Agence immobili\u00e8re \u00e0 Payerne : votre partenaire pour la location, l&#039;achat et la vente de biens immobiliers - Immobilierlocal<\/title>\n<meta name=\"robots\" content=\"index, follow, max-snippet:-1, max-image-preview:large, max-video-preview:-1\" \/>\n<link rel=\"canonical\" href=\"https:\/\/www.immobilierlocal.ch\/c\/agence-immobiliere-a-payerne-votre-partenaire-pour-la-location-lachat-et-la-vente-de-biens-immobiliers\/\" \/>\n<meta property=\"og:locale\" content=\"fr_FR\" \/>\n<meta property=\"og:type\" content=\"article\" \/>\n<meta property=\"og:title\" content=\"Agence immobili\u00e8re \u00e0 Payerne : votre partenaire pour la location, l&#039;achat et la vente de biens immobiliers\" \/>\n<meta property=\"og:description\" content=\"Pr\u00e9voyez-vous l&rsquo;achat ou la vente d&rsquo;un logement ou d&rsquo;un loft localis\u00e9 \u00e0 Payerne ? Immobilierlocal est disponible et \u00e0 votre \u00e9coute pour vous accompagner dans votre projet. Implant\u00e9e au c\u0153ur de la ville, notre \u00e9quipe est disponible pour vous \u00e9pauler \u00e0 acqu\u00e9rir ou vendre votre propri\u00e9t\u00e9. \u00c0 Payerne, notre agence propose des services pour : [&hellip;]\" \/>\n<meta property=\"og:url\" content=\"https:\/\/www.immobilierlocal.ch\/c\/agence-immobiliere-a-payerne-votre-partenaire-pour-la-location-lachat-et-la-vente-de-biens-immobiliers\/\" \/>\n<meta property=\"og:site_name\" content=\"Immobilierlocal\" \/>\n<meta property=\"article:modified_time\" content=\"2026-02-09T10:42:16+00:00\" \/>\n<meta property=\"og:image\" content=\"https:\/\/www.immobilierlocal.ch\/c\/wp-content\/uploads\/2026\/02\/agence-immobiliere.jpg\" \/>\n\t<meta property=\"og:image:width\" content=\"1920\" \/>\n\t<meta property=\"og:image:height\" content=\"300\" \/>\n\t<meta property=\"og:image:type\" content=\"image\/jpeg\" \/>\n<meta name=\"twitter:card\" content=\"summary_large_image\" \/>\n<meta name=\"twitter:label1\" content=\"Dur\u00e9e de lecture estim\u00e9e\" \/>\n\t<meta name=\"twitter:data1\" content=\"3 minutes\" \/>\n<script type=\"application\/ld+json\" class=\"yoast-schema-graph\">{\"@context\":\"https:\\\/\\\/schema.org\",\"@graph\":[{\"@type\":\"WebPage\",\"@id\":\"https:\\\/\\\/www.immobilierlocal.ch\\\/c\\\/agence-immobiliere-a-payerne-votre-partenaire-pour-la-location-lachat-et-la-vente-de-biens-immobiliers\\\/\",\"url\":\"https:\\\/\\\/www.immobilierlocal.ch\\\/c\\\/agence-immobiliere-a-payerne-votre-partenaire-pour-la-location-lachat-et-la-vente-de-biens-immobiliers\\\/\",\"name\":\"Agence immobili\u00e8re \u00e0 Payerne : votre partenaire pour la location, l'achat et la vente de biens immobiliers - Immobilierlocal\",\"isPartOf\":{\"@id\":\"https:\\\/\\\/www.immobilierlocal.ch\\\/c\\\/#website\"},\"primaryImageOfPage\":{\"@id\":\"https:\\\/\\\/www.immobilierlocal.ch\\\/c\\\/agence-immobiliere-a-payerne-votre-partenaire-pour-la-location-lachat-et-la-vente-de-biens-immobiliers\\\/#primaryimage\"},\"image\":{\"@id\":\"https:\\\/\\\/www.immobilierlocal.ch\\\/c\\\/agence-immobiliere-a-payerne-votre-partenaire-pour-la-location-lachat-et-la-vente-de-biens-immobiliers\\\/#primaryimage\"},\"thumbnailUrl\":\"https:\\\/\\\/www.immobilierlocal.ch\\\/c\\\/wp-content\\\/uploads\\\/2026\\\/02\\\/agence-immobiliere.jpg\",\"datePublished\":\"2024-04-16T15:07:11+00:00\",\"dateModified\":\"2026-02-09T10:42:16+00:00\",\"breadcrumb\":{\"@id\":\"https:\\\/\\\/www.immobilierlocal.ch\\\/c\\\/agence-immobiliere-a-payerne-votre-partenaire-pour-la-location-lachat-et-la-vente-de-biens-immobiliers\\\/#breadcrumb\"},\"inLanguage\":\"fr-FR\",\"potentialAction\":[{\"@type\":\"ReadAction\",\"target\":[\"https:\\\/\\\/www.immobilierlocal.ch\\\/c\\\/agence-immobiliere-a-payerne-votre-partenaire-pour-la-location-lachat-et-la-vente-de-biens-immobiliers\\\/\"]}]},{\"@type\":\"ImageObject\",\"inLanguage\":\"fr-FR\",\"@id\":\"https:\\\/\\\/www.immobilierlocal.ch\\\/c\\\/agence-immobiliere-a-payerne-votre-partenaire-pour-la-location-lachat-et-la-vente-de-biens-immobiliers\\\/#primaryimage\",\"url\":\"https:\\\/\\\/www.immobilierlocal.ch\\\/c\\\/wp-content\\\/uploads\\\/2026\\\/02\\\/agence-immobiliere.jpg\",\"contentUrl\":\"https:\\\/\\\/www.immobilierlocal.ch\\\/c\\\/wp-content\\\/uploads\\\/2026\\\/02\\\/agence-immobiliere.jpg\",\"width\":1920,\"height\":300},{\"@type\":\"BreadcrumbList\",\"@id\":\"https:\\\/\\\/www.immobilierlocal.ch\\\/c\\\/agence-immobiliere-a-payerne-votre-partenaire-pour-la-location-lachat-et-la-vente-de-biens-immobiliers\\\/#breadcrumb\",\"itemListElement\":[{\"@type\":\"ListItem\",\"position\":1,\"name\":\"Accueil\",\"item\":\"https:\\\/\\\/www.immobilierlocal.ch\\\/c\\\/\"},{\"@type\":\"ListItem\",\"position\":2,\"name\":\"Agence immobili\u00e8re dans le canton de Vaud\",\"item\":\"https:\\\/\\\/www.immobilierlocal.ch\\\/c\\\/agence-immobiliere-dans-le-canton-de-vaud-expert-en-ventes-et-locations-immobilieres\\\/\"},{\"@type\":\"ListItem\",\"position\":3,\"name\":\"Agences immobili\u00e8res\",\"item\":\"https:\\\/\\\/www.immobilierlocal.ch\\\/agences\"},{\"@type\":\"ListItem\",\"position\":4,\"name\":\"Agence immobili\u00e8re \u00e0 Payerne\"}]},{\"@type\":\"WebSite\",\"@id\":\"https:\\\/\\\/www.immobilierlocal.ch\\\/c\\\/#website\",\"url\":\"https:\\\/\\\/www.immobilierlocal.ch\\\/c\\\/\",\"name\":\"Immobilierlocal\",\"description\":\"\",\"publisher\":{\"@id\":\"https:\\\/\\\/www.immobilierlocal.ch\\\/c\\\/#organization\"},\"potentialAction\":[{\"@type\":\"SearchAction\",\"target\":{\"@type\":\"EntryPoint\",\"urlTemplate\":\"https:\\\/\\\/www.immobilierlocal.ch\\\/c\\\/?s={search_term_string}\"},\"query-input\":{\"@type\":\"PropertyValueSpecification\",\"valueRequired\":true,\"valueName\":\"search_term_string\"}}],\"inLanguage\":\"fr-FR\"},{\"@type\":\"Organization\",\"@id\":\"https:\\\/\\\/www.immobilierlocal.ch\\\/c\\\/#organization\",\"name\":\"Immobilierlocal\",\"url\":\"https:\\\/\\\/www.immobilierlocal.ch\\\/c\\\/\",\"logo\":{\"@type\":\"ImageObject\",\"inLanguage\":\"fr-FR\",\"@id\":\"https:\\\/\\\/www.immobilierlocal.ch\\\/c\\\/#\\\/schema\\\/logo\\\/image\\\/\",\"url\":\"https:\\\/\\\/www.immobilierlocal.ch\\\/c\\\/wp-content\\\/uploads\\\/2023\\\/10\\\/logo-immobilierlocal-h.svg\",\"contentUrl\":\"https:\\\/\\\/www.immobilierlocal.ch\\\/c\\\/wp-content\\\/uploads\\\/2023\\\/10\\\/logo-immobilierlocal-h.svg\",\"caption\":\"Immobilierlocal\"},\"image\":{\"@id\":\"https:\\\/\\\/www.immobilierlocal.ch\\\/c\\\/#\\\/schema\\\/logo\\\/image\\\/\"}}]}<\/script>\n<!-- \/ Yoast SEO Premium plugin. -->","yoast_head_json":{"title":"Agence immobili\u00e8re \u00e0 Payerne : votre partenaire pour la location, l'achat et la vente de biens immobiliers - Immobilierlocal","robots":{"index":"index","follow":"follow","max-snippet":"max-snippet:-1","max-image-preview":"max-image-preview:large","max-video-preview":"max-video-preview:-1"},"canonical":"https:\/\/www.immobilierlocal.ch\/c\/agence-immobiliere-a-payerne-votre-partenaire-pour-la-location-lachat-et-la-vente-de-biens-immobiliers\/","og_locale":"fr_FR","og_type":"article","og_title":"Agence immobili\u00e8re \u00e0 Payerne : votre partenaire pour la location, l'achat et la vente de biens immobiliers","og_description":"Pr\u00e9voyez-vous l&rsquo;achat ou la vente d&rsquo;un logement ou d&rsquo;un loft localis\u00e9 \u00e0 Payerne ? Immobilierlocal est disponible et \u00e0 votre \u00e9coute pour vous accompagner dans votre projet. Implant\u00e9e au c\u0153ur de la ville, notre \u00e9quipe est disponible pour vous \u00e9pauler \u00e0 acqu\u00e9rir ou vendre votre propri\u00e9t\u00e9. \u00c0 Payerne, notre agence propose des services pour : [&hellip;]","og_url":"https:\/\/www.immobilierlocal.ch\/c\/agence-immobiliere-a-payerne-votre-partenaire-pour-la-location-lachat-et-la-vente-de-biens-immobiliers\/","og_site_name":"Immobilierlocal","article_modified_time":"2026-02-09T10:42:16+00:00","og_image":[{"width":1920,"height":300,"url":"https:\/\/www.immobilierlocal.ch\/c\/wp-content\/uploads\/2026\/02\/agence-immobiliere.jpg","type":"image\/jpeg"}],"twitter_card":"summary_large_image","twitter_misc":{"Dur\u00e9e de lecture estim\u00e9e":"3 minutes"},"schema":{"@context":"https:\/\/schema.org","@graph":[{"@type":"WebPage","@id":"https:\/\/www.immobilierlocal.ch\/c\/agence-immobiliere-a-payerne-votre-partenaire-pour-la-location-lachat-et-la-vente-de-biens-immobiliers\/","url":"https:\/\/www.immobilierlocal.ch\/c\/agence-immobiliere-a-payerne-votre-partenaire-pour-la-location-lachat-et-la-vente-de-biens-immobiliers\/","name":"Agence immobili\u00e8re \u00e0 Payerne : votre partenaire pour la location, l'achat et la vente de biens immobiliers - Immobilierlocal","isPartOf":{"@id":"https:\/\/www.immobilierlocal.ch\/c\/#website"},"primaryImageOfPage":{"@id":"https:\/\/www.immobilierlocal.ch\/c\/agence-immobiliere-a-payerne-votre-partenaire-pour-la-location-lachat-et-la-vente-de-biens-immobiliers\/#primaryimage"},"image":{"@id":"https:\/\/www.immobilierlocal.ch\/c\/agence-immobiliere-a-payerne-votre-partenaire-pour-la-location-lachat-et-la-vente-de-biens-immobiliers\/#primaryimage"},"thumbnailUrl":"https:\/\/www.immobilierlocal.ch\/c\/wp-content\/uploads\/2026\/02\/agence-immobiliere.jpg","datePublished":"2024-04-16T15:07:11+00:00","dateModified":"2026-02-09T10:42:16+00:00","breadcrumb":{"@id":"https:\/\/www.immobilierlocal.ch\/c\/agence-immobiliere-a-payerne-votre-partenaire-pour-la-location-lachat-et-la-vente-de-biens-immobiliers\/#breadcrumb"},"inLanguage":"fr-FR","potentialAction":[{"@type":"ReadAction","target":["https:\/\/www.immobilierlocal.ch\/c\/agence-immobiliere-a-payerne-votre-partenaire-pour-la-location-lachat-et-la-vente-de-biens-immobiliers\/"]}]},{"@type":"ImageObject","inLanguage":"fr-FR","@id":"https:\/\/www.immobilierlocal.ch\/c\/agence-immobiliere-a-payerne-votre-partenaire-pour-la-location-lachat-et-la-vente-de-biens-immobiliers\/#primaryimage","url":"https:\/\/www.immobilierlocal.ch\/c\/wp-content\/uploads\/2026\/02\/agence-immobiliere.jpg","contentUrl":"https:\/\/www.immobilierlocal.ch\/c\/wp-content\/uploads\/2026\/02\/agence-immobiliere.jpg","width":1920,"height":300},{"@type":"BreadcrumbList","@id":"https:\/\/www.immobilierlocal.ch\/c\/agence-immobiliere-a-payerne-votre-partenaire-pour-la-location-lachat-et-la-vente-de-biens-immobiliers\/#breadcrumb","itemListElement":[{"@type":"ListItem","position":1,"name":"Accueil","item":"https:\/\/www.immobilierlocal.ch\/c\/"},{"@type":"ListItem","position":2,"name":"Agence immobili\u00e8re dans le canton de Vaud","item":"https:\/\/www.immobilierlocal.ch\/c\/agence-immobiliere-dans-le-canton-de-vaud-expert-en-ventes-et-locations-immobilieres\/"},{"@type":"ListItem","position":3,"name":"Agences immobili\u00e8res","item":"https:\/\/www.immobilierlocal.ch\/agences"},{"@type":"ListItem","position":4,"name":"Agence immobili\u00e8re \u00e0 Payerne"}]},{"@type":"WebSite","@id":"https:\/\/www.immobilierlocal.ch\/c\/#website","url":"https:\/\/www.immobilierlocal.ch\/c\/","name":"Immobilierlocal","description":"","publisher":{"@id":"https:\/\/www.immobilierlocal.ch\/c\/#organization"},"potentialAction":[{"@type":"SearchAction","target":{"@type":"EntryPoint","urlTemplate":"https:\/\/www.immobilierlocal.ch\/c\/?s={search_term_string}"},"query-input":{"@type":"PropertyValueSpecification","valueRequired":true,"valueName":"search_term_string"}}],"inLanguage":"fr-FR"},{"@type":"Organization","@id":"https:\/\/www.immobilierlocal.ch\/c\/#organization","name":"Immobilierlocal","url":"https:\/\/www.immobilierlocal.ch\/c\/","logo":{"@type":"ImageObject","inLanguage":"fr-FR","@id":"https:\/\/www.immobilierlocal.ch\/c\/#\/schema\/logo\/image\/","url":"https:\/\/www.immobilierlocal.ch\/c\/wp-content\/uploads\/2023\/10\/logo-immobilierlocal-h.svg","contentUrl":"https:\/\/www.immobilierlocal.ch\/c\/wp-content\/uploads\/2023\/10\/logo-immobilierlocal-h.svg","caption":"Immobilierlocal"},"image":{"@id":"https:\/\/www.immobilierlocal.ch\/c\/#\/schema\/logo\/image\/"}}]}},"_links":{"self":[{"href":"https:\/\/www.immobilierlocal.ch\/c\/wp-json\/wp\/v2\/pages\/2301","targetHints":{"allow":["GET"]}}],"collection":[{"href":"https:\/\/www.immobilierlocal.ch\/c\/wp-json\/wp\/v2\/pages"}],"about":[{"href":"https:\/\/www.immobilierlocal.ch\/c\/wp-json\/wp\/v2\/types\/page"}],"author":[{"embeddable":true,"href":"https:\/\/www.immobilierlocal.ch\/c\/wp-json\/wp\/v2\/users\/3"}],"replies":[{"embeddable":true,"href":"https:\/\/www.immobilierlocal.ch\/c\/wp-json\/wp\/v2\/comments?post=2301"}],"version-history":[{"count":0,"href":"https:\/\/www.immobilierlocal.ch\/c\/wp-json\/wp\/v2\/pages\/2301\/revisions"}],"wp:featuredmedia":[{"embeddable":true,"href":"https:\/\/www.immobilierlocal.ch\/c\/wp-json\/wp\/v2\/media\/2768"}],"wp:attachment":[{"href":"https:\/\/www.immobilierlocal.ch\/c\/wp-json\/wp\/v2\/media?parent=2301"}],"wp:term":[{"taxonomy":"category","embeddable":true,"href":"https:\/\/www.immobilierlocal.ch\/c\/wp-json\/wp\/v2\/categories?post=2301"},{"taxonomy":"profession","embeddable":true,"href":"https:\/\/www.immobilierlocal.ch\/c\/wp-json\/wp\/v2\/profession?post=2301"},{"taxonomy":"location","embeddable":true,"href":"https:\/\/www.immobilierlocal.ch\/c\/wp-json\/wp\/v2\/location?post=2301"},{"taxonomy":"canton","embeddable":true,"href":"https:\/\/www.immobilierlocal.ch\/c\/wp-json\/wp\/v2\/canton?post=2301"}],"curies":[{"name":"wp","href":"https:\/\/api.w.org\/{rel}","templated":true}]}}