
{"id":2300,"date":"2024-04-16T17:07:22","date_gmt":"2024-04-16T15:07:22","guid":{"rendered":"https:\/\/www.immobilierlocal.ch\/c\/?page_id=2300"},"modified":"2026-02-09T11:42:04","modified_gmt":"2026-02-09T10:42:04","slug":"agence-immobiliere-a-ste-croix-achat-vente-location-dune-propriete-immobiliere","status":"publish","type":"page","link":"https:\/\/www.immobilierlocal.ch\/c\/agence-immobiliere-a-ste-croix-achat-vente-location-dune-propriete-immobiliere\/","title":{"rendered":"Agence immobili\u00e8re \u00e0 Ste-Croix : achat vente location d&rsquo;une propri\u00e9t\u00e9 immobili\u00e8re"},"content":{"rendered":"<p>Vous pr\u00e9voyez d&rsquo;acheter, de vendre une r\u00e9sidence ou un logement \u00e0 Ste-Croix ? \u00c0 Ste-Croix, l&rsquo;entreprise Immobilierlocal offre des accompagnements personnalis\u00e9s. \u00c9tabli au centre de la ville, notre \u00e9quipe est pr\u00eate pour vous \u00e9pauler \u00e0 acqu\u00e9rir ou mettre sur le march\u00e9 votre propri\u00e9t\u00e9. \u00c0 Ste-Croix, notre agence fournis des prestations pour : l&rsquo;acquisition, la cession, la location de maisons, d&rsquo;appartements, de magasins de proximit\u00e9s, de locaux, nous offrons aussi la g\u00e9rance de vos propri\u00e9t\u00e9s, la gestion locative de vos h\u00e9bergements Airbnb, la gestion de copropri\u00e9t\u00e9s ou encore pour trouver une solution de cr\u00e9dit de votre futur bien immobilier.<\/p>\n\n<div class=\"box\">\n    <h2 class=\"text-dark\">Nous cherchons un <em class=\"text-primary\">Agent immobilier<\/em> dans la r\u00e9gion de <em class=\"text-primary\">Ste-Croix<\/em>  en exclusivit\u00e9, afin de proposer vos services \u00e0 nos clients propri\u00e9taires.<\/h2>\n    <p>Une opportunit\u00e9 unique pour booster votre activit\u00e9 \u00e0 <strong>Ste-Croix<\/strong> et aux alentours dans votre domaine (Agent immobilier).<\/p>\n    <p>Nous travaillons en exclusivit\u00e9 avec qu'une soci\u00e9t\u00e9 par m\u00e9tier et par r\u00e9gion. <br>Votre entreprise est pr\u00e9sente sur tous les documents immobiliers. Afin d'\u00eatre mieux vu sur le net, vous \u00eates \u00e9galement visible sur nos deux sites et sur les pages de r\u00e9f\u00e9rencement de votre r\u00e9gion.<\/p>\n    <a href=\"\/contact\" class=\"wp-block-button__link has-accent-background-color has-text-align-center wp-element-button\">R\u00e9server<\/a>\n<\/div>\n<h2>Le march\u00e9 immobilier Saint-Crucien s\u2019\u00e9tend en dehors de son agglom\u00e9ration<\/h2>\n<p>Au cours des derni\u00e8res ann\u00e9es, les tarifs ont augment\u00e9 \u00e0 Ste-Croix, en raison de plusieurs facteurs :<\/p>\n<ul>\n<li>Son emplacement g\u00e9ographique,<\/li>\n<li>le secteur de l&#8217;emploi,<\/li>\n<li>le confort et la qualit\u00e9 de son environnement.<\/li>\n<\/ul>\n<p>Acqu\u00e9rir un bien \u00e0 Ste-Croix est aussi une valeur s\u00fbre, parce que la demande de locations et d&rsquo;achats qui a connu une forte demande, cr\u00e9ant une pouss\u00e9e des prix.<\/p>\n<h3>Pour le co\u00fbt moyen par m\u00e8tre carr\u00e9 des biens \u00e0 Ste-Croix<\/h3>\n<p class=\"estimates-price-immobilier\">Le march\u00e9 immobilier \u00e0 Ste-Croix affiche un prix moyen de CHF 5'892 \/ m\u00b2 (prix par m\u00e8tre carr\u00e9). Les maisons et les appartements ont un prix moyen respectif de CHF 6'100 \/ m\u00b2 et de CHF 5'683 \/ m\u00b2.<\/p>\n<h3>Pour le montant moyen du loyer \u00e0 Ste-Croix<\/h3>\n<p class=\"estimates-rent-average\">Les loyers moyens \u00e0 Ste-Croix sont actuellement de CHF 1'489 pour les appartements, CHF 2'019 pour les maisons.<\/p>\n<p>La rar\u00e9faction des logements sur le march\u00e9 contraint les acqu\u00e9reurs \u00e0 \u00e9tendre leur recherche et \u00e0 se porter vers des villes avoisinantes, telles que :<\/p>\nFiez, Fontaines-sur-Grandson, Grandevent, Grandson, Fontanezier, Romairon, Vaugondry, Villars-Burquin, Champagne, Onnens VD, Concise, Corcelles-pr\u00e8s-Concise, Bonvillars, Mutrux, Provence, Giez, Orges, Novalles, Vugelles-La Mothe, Vuiteboeuf, La Sagne (Ste-croix), Le Ch\u00e2teau-de-Ste-Croix, Les Rasses, Bullet, Mauborget, L'Auberson, La Vraconnaz.\n<h2>La localisation de notre agence immobili\u00e8re \u00e0 Ste-Croix<\/h2>\n<p>Les experts de notre agence immobili\u00e8re op\u00e8rent dans tous les arrondissements de Ste-Croix.<\/p>\n\n<h2>Pourquoi choisir Immobilierlocal ?<\/h2>\n<p>Notre soci\u00e9t\u00e9, Immobilierlocal, offre une gamme de services, notamment :<\/p>\n<ul>\n<li>La publication de votre annonce sur notre site web : afin de toucher plus de futurs clients.<\/li>\n<li>Un site web en suisse et aussi pr\u00e9sent en francophonie : notre site est r\u00e9f\u00e9renc\u00e9 pour appara\u00eetre dans de nombreux moteurs de recherche web en langue fran\u00e7aise pour toucher un maximum de potentiels clients.<\/li>\n<li>Programme personnalis\u00e9 : chacun des biens immobiliers r\u00e9f\u00e9renc\u00e9s sur notre site profite d&rsquo;une strat\u00e9gie personnalis\u00e9e.<\/li>\n<li>Estimation immobili\u00e8re en ligne : nous avons mis au point un outil digital pour \u00e9valuer les prix de vente des biens immobiliers \u00e0 Ste-Croix.<\/li>\n<li>Photos et vid\u00e9os : nous effectuons la prise des vid\u00e9os et des photos afin de mettre en valeur votre r\u00e9sidence.<\/li>\n<li>Empreinte \u00e9lectronique : nous mettons \u00e0 disposition la signature des documents par voie \u00e9lectronique pour vous simplifier la vie.<\/li>\n<li>Service de conciergerie airbnb : nous avons aussi un service de conciergerie airbnb.<\/li>\n<li>Gestion locative : nous offrons une garantie pour le non-paiement des loyers impay\u00e9s.<\/li>\n<\/ul>\n<h2>Une agence immobili\u00e8re compos\u00e9e d&rsquo;experts<\/h2>\n<p>Les professionnels de notre agence sont qualifi\u00e9s, qu&rsquo;il s&rsquo;agisse de conseillers commerciaux ou de gestionnaires. Nos conseillers suivent r\u00e9guli\u00e8rement des formations afin de maintenir leurs connaissances techniques, juridiques et commerciales \u00e0 jour. Par ailleurs, nos commerciaux ont tous aussi acquis une exp\u00e9rience ant\u00e9rieur. Les comp\u00e9tences acquises nous permettent d&rsquo;accompagner au mieux nos partenaires.<\/p>\n<h2>Estimer un bien immobilier \u00e0 Ste-Croix<\/h2>\n<p>Vous \u00eates un Saint-Crucien, notre entreprise immobili\u00e8re effectue des \u00e9valuations pouss\u00e9es de votre maison en prenant en compte les sp\u00e9cificit\u00e9s de votre domicile comme votre secteur. Nous apportons une v\u00e9ritable comp\u00e9tence que ce soit pour : l&rsquo;achat, la vente, les placements immobiliers, les locations airbnb ou longue dur\u00e9e, la g\u00e9rance de vos biens immobiliers, et aussi pour l&rsquo;administration de votre copropri\u00e9t\u00e9.<\/p>\n<h2>Un accompagnement personnalis\u00e9<\/h2>\n<p>Nous savons que chaque individu a des besoins et exigences particuli\u00e8res, c\u2019est pour cela que nous personnalisons nos conseils. Si vous avez besoin d\u2019acheter ou de louer un appartement ou une maison dans la zone de Ste-Croix, les consultants de notre agence se tiennent \u00e0 votre service pour toutes les \u00e9tapes de votre projet immobilier. Nous avons un vaste r\u00e9seau pour vous assister \u00e0 trouver l&rsquo;habitation de vos d\u00e9sires dans la r\u00e9gion de Ste-Croix.<\/p>\n<h2>Vous cherchez une soci\u00e9t\u00e9 immobili\u00e8re \u00e0 Ste-Croix ?<\/h2>\n<p>L&rsquo;agence Immobilierlocal est implant\u00e9e en plein c\u0153ur de Ste-Croix. Nous vous r\u00e9servons un accueil chaleureux, pr\u00eats \u00e0 vous \u00e9couter et \u00e0 concr\u00e9tiser vos projets immobiliers. Notre soci\u00e9t\u00e9 est chevronn\u00e9e dans la vente, l&rsquo;acquisition et la gestion de propri\u00e9t\u00e9s.<\/p>\n","protected":false},"excerpt":{"rendered":"<p>Vous pr\u00e9voyez d&rsquo;acheter, de vendre une r\u00e9sidence ou un logement \u00e0 Ste-Croix ? \u00c0 Ste-Croix, l&rsquo;entreprise Immobilierlocal offre des accompagnements personnalis\u00e9s. \u00c9tabli au centre de la ville, notre \u00e9quipe est pr\u00eate pour vous \u00e9pauler \u00e0 acqu\u00e9rir ou mettre sur le march\u00e9 votre propri\u00e9t\u00e9. \u00c0 Ste-Croix, notre agence fournis des prestations pour : l&rsquo;acquisition, la cession, [&hellip;]<\/p>\n","protected":false},"author":3,"featured_media":2768,"parent":0,"menu_order":0,"comment_status":"closed","ping_status":"closed","template":"wp-custom-template-page-agent","meta":{"footnotes":""},"categories":[89],"profession":[92],"location":[59],"canton":[79],"class_list":["post-2300","page","type-page","status-publish","has-post-thumbnail","hentry","category-agence","profession-agent-immobilier"],"yoast_head":"<!-- This site is optimized with the Yoast SEO Premium plugin v23.0 (Yoast SEO v27.4) - https:\/\/yoast.com\/product\/yoast-seo-premium-wordpress\/ -->\n<title>Agence immobili\u00e8re \u00e0 Ste-Croix : achat vente location d&#039;une propri\u00e9t\u00e9 immobili\u00e8re - Immobilierlocal<\/title>\n<meta name=\"robots\" content=\"index, follow, max-snippet:-1, max-image-preview:large, max-video-preview:-1\" \/>\n<link rel=\"canonical\" href=\"https:\/\/www.immobilierlocal.ch\/c\/agence-immobiliere-a-ste-croix-achat-vente-location-dune-propriete-immobiliere\/\" \/>\n<meta property=\"og:locale\" content=\"fr_FR\" \/>\n<meta property=\"og:type\" content=\"article\" \/>\n<meta property=\"og:title\" content=\"Agence immobili\u00e8re \u00e0 Ste-Croix : achat vente location d&#039;une propri\u00e9t\u00e9 immobili\u00e8re\" \/>\n<meta property=\"og:description\" content=\"Vous pr\u00e9voyez d&rsquo;acheter, de vendre une r\u00e9sidence ou un logement \u00e0 Ste-Croix ? \u00c0 Ste-Croix, l&rsquo;entreprise Immobilierlocal offre des accompagnements personnalis\u00e9s. \u00c9tabli au centre de la ville, notre \u00e9quipe est pr\u00eate pour vous \u00e9pauler \u00e0 acqu\u00e9rir ou mettre sur le march\u00e9 votre propri\u00e9t\u00e9. \u00c0 Ste-Croix, notre agence fournis des prestations pour : l&rsquo;acquisition, la cession, [&hellip;]\" \/>\n<meta property=\"og:url\" content=\"https:\/\/www.immobilierlocal.ch\/c\/agence-immobiliere-a-ste-croix-achat-vente-location-dune-propriete-immobiliere\/\" \/>\n<meta property=\"og:site_name\" content=\"Immobilierlocal\" \/>\n<meta property=\"article:modified_time\" content=\"2026-02-09T10:42:04+00:00\" \/>\n<meta property=\"og:image\" content=\"https:\/\/www.immobilierlocal.ch\/c\/wp-content\/uploads\/2026\/02\/agence-immobiliere.jpg\" \/>\n\t<meta property=\"og:image:width\" content=\"1920\" \/>\n\t<meta property=\"og:image:height\" content=\"300\" \/>\n\t<meta property=\"og:image:type\" content=\"image\/jpeg\" \/>\n<meta name=\"twitter:card\" content=\"summary_large_image\" \/>\n<meta name=\"twitter:label1\" content=\"Dur\u00e9e de lecture estim\u00e9e\" \/>\n\t<meta name=\"twitter:data1\" content=\"4 minutes\" \/>\n<script type=\"application\/ld+json\" class=\"yoast-schema-graph\">{\"@context\":\"https:\\\/\\\/schema.org\",\"@graph\":[{\"@type\":\"WebPage\",\"@id\":\"https:\\\/\\\/www.immobilierlocal.ch\\\/c\\\/agence-immobiliere-a-ste-croix-achat-vente-location-dune-propriete-immobiliere\\\/\",\"url\":\"https:\\\/\\\/www.immobilierlocal.ch\\\/c\\\/agence-immobiliere-a-ste-croix-achat-vente-location-dune-propriete-immobiliere\\\/\",\"name\":\"Agence immobili\u00e8re \u00e0 Ste-Croix : achat vente location d'une propri\u00e9t\u00e9 immobili\u00e8re - Immobilierlocal\",\"isPartOf\":{\"@id\":\"https:\\\/\\\/www.immobilierlocal.ch\\\/c\\\/#website\"},\"primaryImageOfPage\":{\"@id\":\"https:\\\/\\\/www.immobilierlocal.ch\\\/c\\\/agence-immobiliere-a-ste-croix-achat-vente-location-dune-propriete-immobiliere\\\/#primaryimage\"},\"image\":{\"@id\":\"https:\\\/\\\/www.immobilierlocal.ch\\\/c\\\/agence-immobiliere-a-ste-croix-achat-vente-location-dune-propriete-immobiliere\\\/#primaryimage\"},\"thumbnailUrl\":\"https:\\\/\\\/www.immobilierlocal.ch\\\/c\\\/wp-content\\\/uploads\\\/2026\\\/02\\\/agence-immobiliere.jpg\",\"datePublished\":\"2024-04-16T15:07:22+00:00\",\"dateModified\":\"2026-02-09T10:42:04+00:00\",\"breadcrumb\":{\"@id\":\"https:\\\/\\\/www.immobilierlocal.ch\\\/c\\\/agence-immobiliere-a-ste-croix-achat-vente-location-dune-propriete-immobiliere\\\/#breadcrumb\"},\"inLanguage\":\"fr-FR\",\"potentialAction\":[{\"@type\":\"ReadAction\",\"target\":[\"https:\\\/\\\/www.immobilierlocal.ch\\\/c\\\/agence-immobiliere-a-ste-croix-achat-vente-location-dune-propriete-immobiliere\\\/\"]}]},{\"@type\":\"ImageObject\",\"inLanguage\":\"fr-FR\",\"@id\":\"https:\\\/\\\/www.immobilierlocal.ch\\\/c\\\/agence-immobiliere-a-ste-croix-achat-vente-location-dune-propriete-immobiliere\\\/#primaryimage\",\"url\":\"https:\\\/\\\/www.immobilierlocal.ch\\\/c\\\/wp-content\\\/uploads\\\/2026\\\/02\\\/agence-immobiliere.jpg\",\"contentUrl\":\"https:\\\/\\\/www.immobilierlocal.ch\\\/c\\\/wp-content\\\/uploads\\\/2026\\\/02\\\/agence-immobiliere.jpg\",\"width\":1920,\"height\":300},{\"@type\":\"BreadcrumbList\",\"@id\":\"https:\\\/\\\/www.immobilierlocal.ch\\\/c\\\/agence-immobiliere-a-ste-croix-achat-vente-location-dune-propriete-immobiliere\\\/#breadcrumb\",\"itemListElement\":[{\"@type\":\"ListItem\",\"position\":1,\"name\":\"Accueil\",\"item\":\"https:\\\/\\\/www.immobilierlocal.ch\\\/c\\\/\"},{\"@type\":\"ListItem\",\"position\":2,\"name\":\"Agence immobili\u00e8re dans le canton de Vaud\",\"item\":\"https:\\\/\\\/www.immobilierlocal.ch\\\/c\\\/agence-immobiliere-dans-le-canton-de-vaud-expert-en-ventes-et-locations-immobilieres\\\/\"},{\"@type\":\"ListItem\",\"position\":3,\"name\":\"Agences immobili\u00e8res\",\"item\":\"https:\\\/\\\/www.immobilierlocal.ch\\\/agences\"},{\"@type\":\"ListItem\",\"position\":4,\"name\":\"Agence immobili\u00e8re \u00e0 Ste-Croix\"}]},{\"@type\":\"WebSite\",\"@id\":\"https:\\\/\\\/www.immobilierlocal.ch\\\/c\\\/#website\",\"url\":\"https:\\\/\\\/www.immobilierlocal.ch\\\/c\\\/\",\"name\":\"Immobilierlocal\",\"description\":\"\",\"publisher\":{\"@id\":\"https:\\\/\\\/www.immobilierlocal.ch\\\/c\\\/#organization\"},\"potentialAction\":[{\"@type\":\"SearchAction\",\"target\":{\"@type\":\"EntryPoint\",\"urlTemplate\":\"https:\\\/\\\/www.immobilierlocal.ch\\\/c\\\/?s={search_term_string}\"},\"query-input\":{\"@type\":\"PropertyValueSpecification\",\"valueRequired\":true,\"valueName\":\"search_term_string\"}}],\"inLanguage\":\"fr-FR\"},{\"@type\":\"Organization\",\"@id\":\"https:\\\/\\\/www.immobilierlocal.ch\\\/c\\\/#organization\",\"name\":\"Immobilierlocal\",\"url\":\"https:\\\/\\\/www.immobilierlocal.ch\\\/c\\\/\",\"logo\":{\"@type\":\"ImageObject\",\"inLanguage\":\"fr-FR\",\"@id\":\"https:\\\/\\\/www.immobilierlocal.ch\\\/c\\\/#\\\/schema\\\/logo\\\/image\\\/\",\"url\":\"https:\\\/\\\/www.immobilierlocal.ch\\\/c\\\/wp-content\\\/uploads\\\/2023\\\/10\\\/logo-immobilierlocal-h.svg\",\"contentUrl\":\"https:\\\/\\\/www.immobilierlocal.ch\\\/c\\\/wp-content\\\/uploads\\\/2023\\\/10\\\/logo-immobilierlocal-h.svg\",\"caption\":\"Immobilierlocal\"},\"image\":{\"@id\":\"https:\\\/\\\/www.immobilierlocal.ch\\\/c\\\/#\\\/schema\\\/logo\\\/image\\\/\"}}]}<\/script>\n<!-- \/ Yoast SEO Premium plugin. -->","yoast_head_json":{"title":"Agence immobili\u00e8re \u00e0 Ste-Croix : achat vente location d'une propri\u00e9t\u00e9 immobili\u00e8re - Immobilierlocal","robots":{"index":"index","follow":"follow","max-snippet":"max-snippet:-1","max-image-preview":"max-image-preview:large","max-video-preview":"max-video-preview:-1"},"canonical":"https:\/\/www.immobilierlocal.ch\/c\/agence-immobiliere-a-ste-croix-achat-vente-location-dune-propriete-immobiliere\/","og_locale":"fr_FR","og_type":"article","og_title":"Agence immobili\u00e8re \u00e0 Ste-Croix : achat vente location d'une propri\u00e9t\u00e9 immobili\u00e8re","og_description":"Vous pr\u00e9voyez d&rsquo;acheter, de vendre une r\u00e9sidence ou un logement \u00e0 Ste-Croix ? \u00c0 Ste-Croix, l&rsquo;entreprise Immobilierlocal offre des accompagnements personnalis\u00e9s. \u00c9tabli au centre de la ville, notre \u00e9quipe est pr\u00eate pour vous \u00e9pauler \u00e0 acqu\u00e9rir ou mettre sur le march\u00e9 votre propri\u00e9t\u00e9. \u00c0 Ste-Croix, notre agence fournis des prestations pour : l&rsquo;acquisition, la cession, [&hellip;]","og_url":"https:\/\/www.immobilierlocal.ch\/c\/agence-immobiliere-a-ste-croix-achat-vente-location-dune-propriete-immobiliere\/","og_site_name":"Immobilierlocal","article_modified_time":"2026-02-09T10:42:04+00:00","og_image":[{"width":1920,"height":300,"url":"https:\/\/www.immobilierlocal.ch\/c\/wp-content\/uploads\/2026\/02\/agence-immobiliere.jpg","type":"image\/jpeg"}],"twitter_card":"summary_large_image","twitter_misc":{"Dur\u00e9e de lecture estim\u00e9e":"4 minutes"},"schema":{"@context":"https:\/\/schema.org","@graph":[{"@type":"WebPage","@id":"https:\/\/www.immobilierlocal.ch\/c\/agence-immobiliere-a-ste-croix-achat-vente-location-dune-propriete-immobiliere\/","url":"https:\/\/www.immobilierlocal.ch\/c\/agence-immobiliere-a-ste-croix-achat-vente-location-dune-propriete-immobiliere\/","name":"Agence immobili\u00e8re \u00e0 Ste-Croix : achat vente location d'une propri\u00e9t\u00e9 immobili\u00e8re - Immobilierlocal","isPartOf":{"@id":"https:\/\/www.immobilierlocal.ch\/c\/#website"},"primaryImageOfPage":{"@id":"https:\/\/www.immobilierlocal.ch\/c\/agence-immobiliere-a-ste-croix-achat-vente-location-dune-propriete-immobiliere\/#primaryimage"},"image":{"@id":"https:\/\/www.immobilierlocal.ch\/c\/agence-immobiliere-a-ste-croix-achat-vente-location-dune-propriete-immobiliere\/#primaryimage"},"thumbnailUrl":"https:\/\/www.immobilierlocal.ch\/c\/wp-content\/uploads\/2026\/02\/agence-immobiliere.jpg","datePublished":"2024-04-16T15:07:22+00:00","dateModified":"2026-02-09T10:42:04+00:00","breadcrumb":{"@id":"https:\/\/www.immobilierlocal.ch\/c\/agence-immobiliere-a-ste-croix-achat-vente-location-dune-propriete-immobiliere\/#breadcrumb"},"inLanguage":"fr-FR","potentialAction":[{"@type":"ReadAction","target":["https:\/\/www.immobilierlocal.ch\/c\/agence-immobiliere-a-ste-croix-achat-vente-location-dune-propriete-immobiliere\/"]}]},{"@type":"ImageObject","inLanguage":"fr-FR","@id":"https:\/\/www.immobilierlocal.ch\/c\/agence-immobiliere-a-ste-croix-achat-vente-location-dune-propriete-immobiliere\/#primaryimage","url":"https:\/\/www.immobilierlocal.ch\/c\/wp-content\/uploads\/2026\/02\/agence-immobiliere.jpg","contentUrl":"https:\/\/www.immobilierlocal.ch\/c\/wp-content\/uploads\/2026\/02\/agence-immobiliere.jpg","width":1920,"height":300},{"@type":"BreadcrumbList","@id":"https:\/\/www.immobilierlocal.ch\/c\/agence-immobiliere-a-ste-croix-achat-vente-location-dune-propriete-immobiliere\/#breadcrumb","itemListElement":[{"@type":"ListItem","position":1,"name":"Accueil","item":"https:\/\/www.immobilierlocal.ch\/c\/"},{"@type":"ListItem","position":2,"name":"Agence immobili\u00e8re dans le canton de Vaud","item":"https:\/\/www.immobilierlocal.ch\/c\/agence-immobiliere-dans-le-canton-de-vaud-expert-en-ventes-et-locations-immobilieres\/"},{"@type":"ListItem","position":3,"name":"Agences immobili\u00e8res","item":"https:\/\/www.immobilierlocal.ch\/agences"},{"@type":"ListItem","position":4,"name":"Agence immobili\u00e8re \u00e0 Ste-Croix"}]},{"@type":"WebSite","@id":"https:\/\/www.immobilierlocal.ch\/c\/#website","url":"https:\/\/www.immobilierlocal.ch\/c\/","name":"Immobilierlocal","description":"","publisher":{"@id":"https:\/\/www.immobilierlocal.ch\/c\/#organization"},"potentialAction":[{"@type":"SearchAction","target":{"@type":"EntryPoint","urlTemplate":"https:\/\/www.immobilierlocal.ch\/c\/?s={search_term_string}"},"query-input":{"@type":"PropertyValueSpecification","valueRequired":true,"valueName":"search_term_string"}}],"inLanguage":"fr-FR"},{"@type":"Organization","@id":"https:\/\/www.immobilierlocal.ch\/c\/#organization","name":"Immobilierlocal","url":"https:\/\/www.immobilierlocal.ch\/c\/","logo":{"@type":"ImageObject","inLanguage":"fr-FR","@id":"https:\/\/www.immobilierlocal.ch\/c\/#\/schema\/logo\/image\/","url":"https:\/\/www.immobilierlocal.ch\/c\/wp-content\/uploads\/2023\/10\/logo-immobilierlocal-h.svg","contentUrl":"https:\/\/www.immobilierlocal.ch\/c\/wp-content\/uploads\/2023\/10\/logo-immobilierlocal-h.svg","caption":"Immobilierlocal"},"image":{"@id":"https:\/\/www.immobilierlocal.ch\/c\/#\/schema\/logo\/image\/"}}]}},"_links":{"self":[{"href":"https:\/\/www.immobilierlocal.ch\/c\/wp-json\/wp\/v2\/pages\/2300","targetHints":{"allow":["GET"]}}],"collection":[{"href":"https:\/\/www.immobilierlocal.ch\/c\/wp-json\/wp\/v2\/pages"}],"about":[{"href":"https:\/\/www.immobilierlocal.ch\/c\/wp-json\/wp\/v2\/types\/page"}],"author":[{"embeddable":true,"href":"https:\/\/www.immobilierlocal.ch\/c\/wp-json\/wp\/v2\/users\/3"}],"replies":[{"embeddable":true,"href":"https:\/\/www.immobilierlocal.ch\/c\/wp-json\/wp\/v2\/comments?post=2300"}],"version-history":[{"count":0,"href":"https:\/\/www.immobilierlocal.ch\/c\/wp-json\/wp\/v2\/pages\/2300\/revisions"}],"wp:featuredmedia":[{"embeddable":true,"href":"https:\/\/www.immobilierlocal.ch\/c\/wp-json\/wp\/v2\/media\/2768"}],"wp:attachment":[{"href":"https:\/\/www.immobilierlocal.ch\/c\/wp-json\/wp\/v2\/media?parent=2300"}],"wp:term":[{"taxonomy":"category","embeddable":true,"href":"https:\/\/www.immobilierlocal.ch\/c\/wp-json\/wp\/v2\/categories?post=2300"},{"taxonomy":"profession","embeddable":true,"href":"https:\/\/www.immobilierlocal.ch\/c\/wp-json\/wp\/v2\/profession?post=2300"},{"taxonomy":"location","embeddable":true,"href":"https:\/\/www.immobilierlocal.ch\/c\/wp-json\/wp\/v2\/location?post=2300"},{"taxonomy":"canton","embeddable":true,"href":"https:\/\/www.immobilierlocal.ch\/c\/wp-json\/wp\/v2\/canton?post=2300"}],"curies":[{"name":"wp","href":"https:\/\/api.w.org\/{rel}","templated":true}]}}