
{"id":2297,"date":"2024-04-16T17:06:50","date_gmt":"2024-04-16T15:06:50","guid":{"rendered":"https:\/\/www.immobilierlocal.ch\/c\/?page_id=2297"},"modified":"2026-02-09T11:42:37","modified_gmt":"2026-02-09T10:42:37","slug":"agence-immobiliere-a-courtelary-specialiste-en-transactions-immobilieres-et-locations-immobilieres","status":"publish","type":"page","link":"https:\/\/www.immobilierlocal.ch\/c\/agence-immobiliere-a-courtelary-specialiste-en-transactions-immobilieres-et-locations-immobilieres\/","title":{"rendered":"Agence immobili\u00e8re \u00e0 Courtelary : sp\u00e9cialiste en transactions immobili\u00e8res et locations immobili\u00e8res"},"content":{"rendered":"<p>Vous pr\u00e9voyez de vendre, d&rsquo;acheter, de louer une habitation ou un logement \u00e0 Courtelary ? Immobilierlocal est disponible pour vous accompagner dans votre projet. Nous sommes situ\u00e9s au c\u0153ur du centre de Courtelary, contactez-nous pour trouver la propri\u00e9t\u00e9 de vos r\u00eaves ou c\u00e9der la v\u00f4tre. Notre agence immobili\u00e8re \u00e0 Courtelary offre une large gamme de prestations : pour vendre, acheter votre villa, ou votre studio, pour trouver un studio \u00e0 louer, acheter des boutiques, des bureaux, pour la gestion de vos biens immobiliers, pour de la location airbnb ou l&rsquo;administration de syndicat de copropri\u00e9taires et pour le financement de votre bien.<\/p>\n\n<div class=\"box\">\n    <h2 class=\"text-dark\">Nous cherchons un <em class=\"text-primary\">Agent immobilier<\/em> dans la r\u00e9gion de <em class=\"text-primary\">Courtelary<\/em>  en exclusivit\u00e9, afin de proposer vos services \u00e0 nos clients propri\u00e9taires.<\/h2>\n    <p>Une opportunit\u00e9 unique pour booster votre activit\u00e9 \u00e0 <strong>Courtelary<\/strong> et aux alentours dans votre domaine (Agent immobilier).<\/p>\n    <p>Nous travaillons en exclusivit\u00e9 avec qu'une soci\u00e9t\u00e9 par m\u00e9tier et par r\u00e9gion. <br>Votre entreprise est pr\u00e9sente sur tous les documents immobiliers. Afin d'\u00eatre mieux vu sur le net, vous \u00eates \u00e9galement visible sur nos deux sites et sur les pages de r\u00e9f\u00e9rencement de votre r\u00e9gion.<\/p>\n    <a href=\"\/contact\" class=\"wp-block-button__link has-accent-background-color has-text-align-center wp-element-button\">R\u00e9server<\/a>\n<\/div>\n<h2>Le march\u00e9 immobilier Courtelariens s&rsquo;\u00e9tend en dehors de son agglom\u00e9ration<\/h2>\n<p>R\u00e9cemment, les tarifs ont connu une augmentation \u00e0 Courtelary, en raison de divers facteurs :<\/p>\n<ul>\n<li>Sa position g\u00e9ographique,<\/li>\n<li>le march\u00e9 du travail,<\/li>\n<li>la qualit\u00e9 de son lieu de vie.<\/li>\n<\/ul>\n<p>Acqu\u00e9rir un appartement \u00e0 Courtelary est aussi une valeur s\u00fbre, parce que la demande d&rsquo;achats et de locations a connu une forte demande, provoquant une hausse des prix.<\/p>\n<h3>Pour le prix immobilier moyen au m\u00b2 \u00e0 Courtelary<\/h3>\n<p class=\"estimates-price-immobilier\">Le march\u00e9 immobilier \u00e0 Courtelary affiche un prix moyen de CHF 5'151 \/ m\u00b2 (prix par m\u00e8tre carr\u00e9). Les maisons et les appartements ont un prix moyen respectif de CHF 5'737 \/ m\u00b2 et de CHF 4'565 \/ m\u00b2.<\/p>\n<h3>Pour le montant moyen du loyer \u00e0 Courtelary<\/h3>\n<p class=\"estimates-rent-average\">Les loyers moyens \u00e0 Courtelary sont actuellement de CHF 1'213 pour les appartements, CHF 1'814 pour les maisons.<\/p>\n<p>La p\u00e9nurie des logements disponibles \u00e0 la vente conduis de plus en plus d&rsquo;acheteurs \u00e0 s&rsquo;\u00e9carter de Courtelary et \u00e0 cibler des villes \u00e0 proximit\u00e9, comme :<\/p>\nLa Ferri\u00e8re, Pr\u00eales, Lamboing, Diesse, Nods, La Neuveville, Orvin, Frinvillier, Plagne, Vauffelin, Romont BE, P\u00e9ry, La Heutte, Sonceboz-Sombeval, Corg\u00e9mont, Cort\u00e9bert, Montagne-de-Courtelary, Mont-Crosin, Les Pontins, Mont-Soleil, St-Imier, Cormoret, Villeret, Montagne-de-Sonvilier, Sonvilier, Renan BE, Tavannes, Le Fuet, Bellelay, Ch\u00e2telat, Monible, Sornetan, Fornet-Dessous, Reb\u00e9velier, Tramelan, La Tanne, Les Reussilles, Mont-Tramelan, Loveresse, Reconvilier, Saicourt, Saules BE, Pontenet, B\u00e9vilard, Champoz, Malleray, Sorvilier, Court, Moutier, Perrefitte, Eschert, Belprahon, Grandval, Cr\u00e9mines, Corcelles BE, Seehof, Les Ecorcheresses, Souboz, Roches BE, Schelten.\n<h2>La localisation de notre agence immobili\u00e8re \u00e0 Courtelary<\/h2>\n<p>\u00c9tabli \u00e0 Courtelary notre agence immobili\u00e8re intervient dans l&rsquo;ensemble des secteurs de la ville.<\/p>\n\n<h2>Pourquoi choisir Immobilierlocal ?<\/h2>\n<p>Immobilierlocal propose une vaste s\u00e9lection de prestations, comme :<\/p>\n<ul>\n<li>La publication de votre publicit\u00e9 sur notre site internet : dans le but d&rsquo;atteindre plus de futurs clients.<\/li>\n<li>Une vitrine sur l&rsquo;internet suisse : notre site internet est r\u00e9f\u00e9renc\u00e9 sur des moteurs de recherches web francophones en vue de toucher plus de vendeurs, de propri\u00e9taires et d&rsquo;acheteurs.<\/li>\n<li>Commercialisation personnalis\u00e9e : chaque bien sur notre plateforme profite d&rsquo;une approche de vente sur mesure.<\/li>\n<li>Estimation des prix : nous avons d\u00e9velopp\u00e9 des outils pour \u00e9valuer les valeurs des logements.<\/li>\n<li>Vid\u00e9os et photos : nous produisons des vid\u00e9os et des images pour valoriser votre h\u00e9bergement sur internet.<\/li>\n<li>Empreinte \u00e9lectronique : nous mettons \u00e0 disposition la signature des documents par voie num\u00e9rique afin de vous simplifier la vie.<\/li>\n<li>Service de conciergerie : nous proposons aussi une prestation pour les propri\u00e9taires d&rsquo;appartements courte dur\u00e9e.<\/li>\n<li>Gestion de propri\u00e9t\u00e9s : nous proposons une assurance de loyers impay\u00e9s.<\/li>\n<\/ul>\n<h2>Une agence immobili\u00e8re qui regroupe des experts<\/h2>\n<p>Tous nos experts sont exp\u00e9riment\u00e9s, qu&rsquo;ils soient : techniciens, commerciaux et administrateurs. Nos conseillers suivent fr\u00e9quemment des formations professionnelles afin de maintenir leurs bagages techniques, juridiques et commerciales \u00e0 jour. Chaque commercial de notre \u00e9quipe dispose d&rsquo;une grande exp\u00e9rience dans le monde de l&rsquo;immobilier. L&rsquo;exp\u00e9rience acquise nous permet d&rsquo;accompagner au maximum nos partenaires.<\/p>\n<h2>\u00c9valuer un bien \u00e0 Courtelary<\/h2>\n<p>Si vous \u00eates un Courtelariens, notre soci\u00e9t\u00e9 effectue des \u00e9valuations pouss\u00e9es de votre propri\u00e9t\u00e9 en tenant compte des sp\u00e9cificit\u00e9s de votre appartement comme votre secteur. Nous fournissons une v\u00e9ritable comp\u00e9tence que ce soit pour : l&rsquo;acquisition, la vente de bien, les placements immobiliers, les locations \u00e0 court et long terme, la g\u00e9rance de biens, et aussi pour la gestion de votre copropri\u00e9t\u00e9.<\/p>\n<h2>Une agence qui vous guide<\/h2>\n<p>Nous sommes conscients que votre projet est adapt\u00e9 \u00e0 votre situation et vos d\u00e9sirs, c&rsquo;est la raison pour laquelle nous proposons des services personnalis\u00e9s. Si vous avez besoin d\u2019acheter ou de louer une maison ou un studio dans la zone de Courtelary, les consultants de notre agence sont \u00e0 votre disposition \u00e0 toutes les \u00e9tapes de votre projet immobilier. Vous souhaitez acheter une nouvelle maison \u00e0 Courtelary ? Nous cherchons et trouvons le meilleur domicile possible par notre r\u00e9seau.<\/p>\n<h2>Vous cherchez une entreprise immobili\u00e8re \u00e0 Courtelary ?<\/h2>\n<p>L&rsquo;agence Immobilierlocal est implant\u00e9e au centre de Courtelary. Nous vous r\u00e9servons un accueil chaleureux, pr\u00eats \u00e0 vous \u00e9couter et \u00e0 r\u00e9aliser vos projets. Nos consultants immobiliers exp\u00e9riment\u00e9s sont vos partenaires de confiance pour la gestion de biens immobiliers, l&rsquo;achat et la vente.<\/p>\n","protected":false},"excerpt":{"rendered":"<p>Vous pr\u00e9voyez de vendre, d&rsquo;acheter, de louer une habitation ou un logement \u00e0 Courtelary ? Immobilierlocal est disponible pour vous accompagner dans votre projet. Nous sommes situ\u00e9s au c\u0153ur du centre de Courtelary, contactez-nous pour trouver la propri\u00e9t\u00e9 de vos r\u00eaves ou c\u00e9der la v\u00f4tre. Notre agence immobili\u00e8re \u00e0 Courtelary offre une large gamme de [&hellip;]<\/p>\n","protected":false},"author":3,"featured_media":2768,"parent":0,"menu_order":0,"comment_status":"closed","ping_status":"closed","template":"wp-custom-template-page-agent","meta":{"footnotes":""},"categories":[89],"profession":[92],"location":[90],"canton":[91],"class_list":["post-2297","page","type-page","status-publish","has-post-thumbnail","hentry","category-agence","profession-agent-immobilier"],"yoast_head":"<!-- This site is optimized with the Yoast SEO Premium plugin v23.0 (Yoast SEO v27.3) - https:\/\/yoast.com\/product\/yoast-seo-premium-wordpress\/ -->\n<title>Agence immobili\u00e8re \u00e0 Courtelary : sp\u00e9cialiste en transactions immobili\u00e8res et locations immobili\u00e8res - Immobilierlocal<\/title>\n<meta name=\"robots\" content=\"index, follow, max-snippet:-1, max-image-preview:large, max-video-preview:-1\" \/>\n<link rel=\"canonical\" href=\"https:\/\/www.immobilierlocal.ch\/c\/agence-immobiliere-a-courtelary-specialiste-en-transactions-immobilieres-et-locations-immobilieres\/\" \/>\n<meta property=\"og:locale\" content=\"fr_FR\" \/>\n<meta property=\"og:type\" content=\"article\" \/>\n<meta property=\"og:title\" content=\"Agence immobili\u00e8re \u00e0 Courtelary : sp\u00e9cialiste en transactions immobili\u00e8res et locations immobili\u00e8res\" \/>\n<meta property=\"og:description\" content=\"Vous pr\u00e9voyez de vendre, d&rsquo;acheter, de louer une habitation ou un logement \u00e0 Courtelary ? Immobilierlocal est disponible pour vous accompagner dans votre projet. Nous sommes situ\u00e9s au c\u0153ur du centre de Courtelary, contactez-nous pour trouver la propri\u00e9t\u00e9 de vos r\u00eaves ou c\u00e9der la v\u00f4tre. Notre agence immobili\u00e8re \u00e0 Courtelary offre une large gamme de [&hellip;]\" \/>\n<meta property=\"og:url\" content=\"https:\/\/www.immobilierlocal.ch\/c\/agence-immobiliere-a-courtelary-specialiste-en-transactions-immobilieres-et-locations-immobilieres\/\" \/>\n<meta property=\"og:site_name\" content=\"Immobilierlocal\" \/>\n<meta property=\"article:modified_time\" content=\"2026-02-09T10:42:37+00:00\" \/>\n<meta property=\"og:image\" content=\"https:\/\/www.immobilierlocal.ch\/c\/wp-content\/uploads\/2026\/02\/agence-immobiliere.jpg\" \/>\n\t<meta property=\"og:image:width\" content=\"1920\" \/>\n\t<meta property=\"og:image:height\" content=\"300\" \/>\n\t<meta property=\"og:image:type\" content=\"image\/jpeg\" \/>\n<meta name=\"twitter:card\" content=\"summary_large_image\" \/>\n<meta name=\"twitter:label1\" content=\"Dur\u00e9e de lecture estim\u00e9e\" \/>\n\t<meta name=\"twitter:data1\" content=\"3 minutes\" \/>\n<script type=\"application\/ld+json\" class=\"yoast-schema-graph\">{\"@context\":\"https:\\\/\\\/schema.org\",\"@graph\":[{\"@type\":\"WebPage\",\"@id\":\"https:\\\/\\\/www.immobilierlocal.ch\\\/c\\\/agence-immobiliere-a-courtelary-specialiste-en-transactions-immobilieres-et-locations-immobilieres\\\/\",\"url\":\"https:\\\/\\\/www.immobilierlocal.ch\\\/c\\\/agence-immobiliere-a-courtelary-specialiste-en-transactions-immobilieres-et-locations-immobilieres\\\/\",\"name\":\"Agence immobili\u00e8re \u00e0 Courtelary : sp\u00e9cialiste en transactions immobili\u00e8res et locations immobili\u00e8res - Immobilierlocal\",\"isPartOf\":{\"@id\":\"https:\\\/\\\/www.immobilierlocal.ch\\\/c\\\/#website\"},\"primaryImageOfPage\":{\"@id\":\"https:\\\/\\\/www.immobilierlocal.ch\\\/c\\\/agence-immobiliere-a-courtelary-specialiste-en-transactions-immobilieres-et-locations-immobilieres\\\/#primaryimage\"},\"image\":{\"@id\":\"https:\\\/\\\/www.immobilierlocal.ch\\\/c\\\/agence-immobiliere-a-courtelary-specialiste-en-transactions-immobilieres-et-locations-immobilieres\\\/#primaryimage\"},\"thumbnailUrl\":\"https:\\\/\\\/www.immobilierlocal.ch\\\/c\\\/wp-content\\\/uploads\\\/2026\\\/02\\\/agence-immobiliere.jpg\",\"datePublished\":\"2024-04-16T15:06:50+00:00\",\"dateModified\":\"2026-02-09T10:42:37+00:00\",\"breadcrumb\":{\"@id\":\"https:\\\/\\\/www.immobilierlocal.ch\\\/c\\\/agence-immobiliere-a-courtelary-specialiste-en-transactions-immobilieres-et-locations-immobilieres\\\/#breadcrumb\"},\"inLanguage\":\"fr-FR\",\"potentialAction\":[{\"@type\":\"ReadAction\",\"target\":[\"https:\\\/\\\/www.immobilierlocal.ch\\\/c\\\/agence-immobiliere-a-courtelary-specialiste-en-transactions-immobilieres-et-locations-immobilieres\\\/\"]}]},{\"@type\":\"ImageObject\",\"inLanguage\":\"fr-FR\",\"@id\":\"https:\\\/\\\/www.immobilierlocal.ch\\\/c\\\/agence-immobiliere-a-courtelary-specialiste-en-transactions-immobilieres-et-locations-immobilieres\\\/#primaryimage\",\"url\":\"https:\\\/\\\/www.immobilierlocal.ch\\\/c\\\/wp-content\\\/uploads\\\/2026\\\/02\\\/agence-immobiliere.jpg\",\"contentUrl\":\"https:\\\/\\\/www.immobilierlocal.ch\\\/c\\\/wp-content\\\/uploads\\\/2026\\\/02\\\/agence-immobiliere.jpg\",\"width\":1920,\"height\":300},{\"@type\":\"BreadcrumbList\",\"@id\":\"https:\\\/\\\/www.immobilierlocal.ch\\\/c\\\/agence-immobiliere-a-courtelary-specialiste-en-transactions-immobilieres-et-locations-immobilieres\\\/#breadcrumb\",\"itemListElement\":[{\"@type\":\"ListItem\",\"position\":1,\"name\":\"Accueil\",\"item\":\"https:\\\/\\\/www.immobilierlocal.ch\\\/c\\\/\"},{\"@type\":\"ListItem\",\"position\":2,\"name\":\"Agences immobili\u00e8res\",\"item\":\"https:\\\/\\\/www.immobilierlocal.ch\\\/agences\"},{\"@type\":\"ListItem\",\"position\":3,\"name\":\"Agence immobili\u00e8re \u00e0 Courtelary\"}]},{\"@type\":\"WebSite\",\"@id\":\"https:\\\/\\\/www.immobilierlocal.ch\\\/c\\\/#website\",\"url\":\"https:\\\/\\\/www.immobilierlocal.ch\\\/c\\\/\",\"name\":\"Immobilierlocal\",\"description\":\"\",\"publisher\":{\"@id\":\"https:\\\/\\\/www.immobilierlocal.ch\\\/c\\\/#organization\"},\"potentialAction\":[{\"@type\":\"SearchAction\",\"target\":{\"@type\":\"EntryPoint\",\"urlTemplate\":\"https:\\\/\\\/www.immobilierlocal.ch\\\/c\\\/?s={search_term_string}\"},\"query-input\":{\"@type\":\"PropertyValueSpecification\",\"valueRequired\":true,\"valueName\":\"search_term_string\"}}],\"inLanguage\":\"fr-FR\"},{\"@type\":\"Organization\",\"@id\":\"https:\\\/\\\/www.immobilierlocal.ch\\\/c\\\/#organization\",\"name\":\"Immobilierlocal\",\"url\":\"https:\\\/\\\/www.immobilierlocal.ch\\\/c\\\/\",\"logo\":{\"@type\":\"ImageObject\",\"inLanguage\":\"fr-FR\",\"@id\":\"https:\\\/\\\/www.immobilierlocal.ch\\\/c\\\/#\\\/schema\\\/logo\\\/image\\\/\",\"url\":\"https:\\\/\\\/www.immobilierlocal.ch\\\/c\\\/wp-content\\\/uploads\\\/2023\\\/10\\\/logo-immobilierlocal-h.svg\",\"contentUrl\":\"https:\\\/\\\/www.immobilierlocal.ch\\\/c\\\/wp-content\\\/uploads\\\/2023\\\/10\\\/logo-immobilierlocal-h.svg\",\"caption\":\"Immobilierlocal\"},\"image\":{\"@id\":\"https:\\\/\\\/www.immobilierlocal.ch\\\/c\\\/#\\\/schema\\\/logo\\\/image\\\/\"}}]}<\/script>\n<!-- \/ Yoast SEO Premium plugin. -->","yoast_head_json":{"title":"Agence immobili\u00e8re \u00e0 Courtelary : sp\u00e9cialiste en transactions immobili\u00e8res et locations immobili\u00e8res - Immobilierlocal","robots":{"index":"index","follow":"follow","max-snippet":"max-snippet:-1","max-image-preview":"max-image-preview:large","max-video-preview":"max-video-preview:-1"},"canonical":"https:\/\/www.immobilierlocal.ch\/c\/agence-immobiliere-a-courtelary-specialiste-en-transactions-immobilieres-et-locations-immobilieres\/","og_locale":"fr_FR","og_type":"article","og_title":"Agence immobili\u00e8re \u00e0 Courtelary : sp\u00e9cialiste en transactions immobili\u00e8res et locations immobili\u00e8res","og_description":"Vous pr\u00e9voyez de vendre, d&rsquo;acheter, de louer une habitation ou un logement \u00e0 Courtelary ? Immobilierlocal est disponible pour vous accompagner dans votre projet. Nous sommes situ\u00e9s au c\u0153ur du centre de Courtelary, contactez-nous pour trouver la propri\u00e9t\u00e9 de vos r\u00eaves ou c\u00e9der la v\u00f4tre. Notre agence immobili\u00e8re \u00e0 Courtelary offre une large gamme de [&hellip;]","og_url":"https:\/\/www.immobilierlocal.ch\/c\/agence-immobiliere-a-courtelary-specialiste-en-transactions-immobilieres-et-locations-immobilieres\/","og_site_name":"Immobilierlocal","article_modified_time":"2026-02-09T10:42:37+00:00","og_image":[{"width":1920,"height":300,"url":"https:\/\/www.immobilierlocal.ch\/c\/wp-content\/uploads\/2026\/02\/agence-immobiliere.jpg","type":"image\/jpeg"}],"twitter_card":"summary_large_image","twitter_misc":{"Dur\u00e9e de lecture estim\u00e9e":"3 minutes"},"schema":{"@context":"https:\/\/schema.org","@graph":[{"@type":"WebPage","@id":"https:\/\/www.immobilierlocal.ch\/c\/agence-immobiliere-a-courtelary-specialiste-en-transactions-immobilieres-et-locations-immobilieres\/","url":"https:\/\/www.immobilierlocal.ch\/c\/agence-immobiliere-a-courtelary-specialiste-en-transactions-immobilieres-et-locations-immobilieres\/","name":"Agence immobili\u00e8re \u00e0 Courtelary : sp\u00e9cialiste en transactions immobili\u00e8res et locations immobili\u00e8res - Immobilierlocal","isPartOf":{"@id":"https:\/\/www.immobilierlocal.ch\/c\/#website"},"primaryImageOfPage":{"@id":"https:\/\/www.immobilierlocal.ch\/c\/agence-immobiliere-a-courtelary-specialiste-en-transactions-immobilieres-et-locations-immobilieres\/#primaryimage"},"image":{"@id":"https:\/\/www.immobilierlocal.ch\/c\/agence-immobiliere-a-courtelary-specialiste-en-transactions-immobilieres-et-locations-immobilieres\/#primaryimage"},"thumbnailUrl":"https:\/\/www.immobilierlocal.ch\/c\/wp-content\/uploads\/2026\/02\/agence-immobiliere.jpg","datePublished":"2024-04-16T15:06:50+00:00","dateModified":"2026-02-09T10:42:37+00:00","breadcrumb":{"@id":"https:\/\/www.immobilierlocal.ch\/c\/agence-immobiliere-a-courtelary-specialiste-en-transactions-immobilieres-et-locations-immobilieres\/#breadcrumb"},"inLanguage":"fr-FR","potentialAction":[{"@type":"ReadAction","target":["https:\/\/www.immobilierlocal.ch\/c\/agence-immobiliere-a-courtelary-specialiste-en-transactions-immobilieres-et-locations-immobilieres\/"]}]},{"@type":"ImageObject","inLanguage":"fr-FR","@id":"https:\/\/www.immobilierlocal.ch\/c\/agence-immobiliere-a-courtelary-specialiste-en-transactions-immobilieres-et-locations-immobilieres\/#primaryimage","url":"https:\/\/www.immobilierlocal.ch\/c\/wp-content\/uploads\/2026\/02\/agence-immobiliere.jpg","contentUrl":"https:\/\/www.immobilierlocal.ch\/c\/wp-content\/uploads\/2026\/02\/agence-immobiliere.jpg","width":1920,"height":300},{"@type":"BreadcrumbList","@id":"https:\/\/www.immobilierlocal.ch\/c\/agence-immobiliere-a-courtelary-specialiste-en-transactions-immobilieres-et-locations-immobilieres\/#breadcrumb","itemListElement":[{"@type":"ListItem","position":1,"name":"Accueil","item":"https:\/\/www.immobilierlocal.ch\/c\/"},{"@type":"ListItem","position":2,"name":"Agences immobili\u00e8res","item":"https:\/\/www.immobilierlocal.ch\/agences"},{"@type":"ListItem","position":3,"name":"Agence immobili\u00e8re \u00e0 Courtelary"}]},{"@type":"WebSite","@id":"https:\/\/www.immobilierlocal.ch\/c\/#website","url":"https:\/\/www.immobilierlocal.ch\/c\/","name":"Immobilierlocal","description":"","publisher":{"@id":"https:\/\/www.immobilierlocal.ch\/c\/#organization"},"potentialAction":[{"@type":"SearchAction","target":{"@type":"EntryPoint","urlTemplate":"https:\/\/www.immobilierlocal.ch\/c\/?s={search_term_string}"},"query-input":{"@type":"PropertyValueSpecification","valueRequired":true,"valueName":"search_term_string"}}],"inLanguage":"fr-FR"},{"@type":"Organization","@id":"https:\/\/www.immobilierlocal.ch\/c\/#organization","name":"Immobilierlocal","url":"https:\/\/www.immobilierlocal.ch\/c\/","logo":{"@type":"ImageObject","inLanguage":"fr-FR","@id":"https:\/\/www.immobilierlocal.ch\/c\/#\/schema\/logo\/image\/","url":"https:\/\/www.immobilierlocal.ch\/c\/wp-content\/uploads\/2023\/10\/logo-immobilierlocal-h.svg","contentUrl":"https:\/\/www.immobilierlocal.ch\/c\/wp-content\/uploads\/2023\/10\/logo-immobilierlocal-h.svg","caption":"Immobilierlocal"},"image":{"@id":"https:\/\/www.immobilierlocal.ch\/c\/#\/schema\/logo\/image\/"}}]}},"_links":{"self":[{"href":"https:\/\/www.immobilierlocal.ch\/c\/wp-json\/wp\/v2\/pages\/2297","targetHints":{"allow":["GET"]}}],"collection":[{"href":"https:\/\/www.immobilierlocal.ch\/c\/wp-json\/wp\/v2\/pages"}],"about":[{"href":"https:\/\/www.immobilierlocal.ch\/c\/wp-json\/wp\/v2\/types\/page"}],"author":[{"embeddable":true,"href":"https:\/\/www.immobilierlocal.ch\/c\/wp-json\/wp\/v2\/users\/3"}],"replies":[{"embeddable":true,"href":"https:\/\/www.immobilierlocal.ch\/c\/wp-json\/wp\/v2\/comments?post=2297"}],"version-history":[{"count":0,"href":"https:\/\/www.immobilierlocal.ch\/c\/wp-json\/wp\/v2\/pages\/2297\/revisions"}],"wp:featuredmedia":[{"embeddable":true,"href":"https:\/\/www.immobilierlocal.ch\/c\/wp-json\/wp\/v2\/media\/2768"}],"wp:attachment":[{"href":"https:\/\/www.immobilierlocal.ch\/c\/wp-json\/wp\/v2\/media?parent=2297"}],"wp:term":[{"taxonomy":"category","embeddable":true,"href":"https:\/\/www.immobilierlocal.ch\/c\/wp-json\/wp\/v2\/categories?post=2297"},{"taxonomy":"profession","embeddable":true,"href":"https:\/\/www.immobilierlocal.ch\/c\/wp-json\/wp\/v2\/profession?post=2297"},{"taxonomy":"location","embeddable":true,"href":"https:\/\/www.immobilierlocal.ch\/c\/wp-json\/wp\/v2\/location?post=2297"},{"taxonomy":"canton","embeddable":true,"href":"https:\/\/www.immobilierlocal.ch\/c\/wp-json\/wp\/v2\/canton?post=2297"}],"curies":[{"name":"wp","href":"https:\/\/api.w.org\/{rel}","templated":true}]}}