
{"id":2296,"date":"2024-04-16T17:06:59","date_gmt":"2024-04-16T15:06:59","guid":{"rendered":"https:\/\/www.immobilierlocal.ch\/c\/?page_id=2296"},"modified":"2026-02-09T11:42:27","modified_gmt":"2026-02-09T10:42:27","slug":"agence-immobiliere-a-la-chaux-de-fonds-votre-partenaire-pour-la-location-lachat-et-la-vente-de-logements","status":"publish","type":"page","link":"https:\/\/www.immobilierlocal.ch\/c\/agence-immobiliere-a-la-chaux-de-fonds-votre-partenaire-pour-la-location-lachat-et-la-vente-de-logements\/","title":{"rendered":"Agence immobili\u00e8re \u00e0 La Chaux-de-Fonds : votre partenaire pour la location, l&rsquo;achat et la vente de logements"},"content":{"rendered":"<p>Vous projetez de vendre, d&rsquo;acheter, de louer une habitation ou un studio \u00e0 La Chaux-de-Fonds ? Immobilierlocal est joignable pour vous accompagner dans votre projet. Implant\u00e9e au centre de la ville, nos commerciaux sont disponibles pour vous assister \u00e0 trouver ou mettre sur le march\u00e9 votre bien immobilier. Notre entreprise immobili\u00e8re \u00e0 La Chaux-de-Fonds offre une large gamme de services : pour vendre, acheter votre villa, ou votre appartement, louer un studio, acqu\u00e9rir des locaux, des commerces, pour la gestion de vos biens immobiliers, pour de la location de logement de courte dur\u00e9e ou la g\u00e9rance de syndicat de copropri\u00e9taires et pour le financement de votre bien.<\/p>\n\n<div class=\"box\">\n    <h2 class=\"text-dark\">Nous cherchons un <em class=\"text-primary\">Agent immobilier<\/em> dans la r\u00e9gion de <em class=\"text-primary\">La Chaux-de-Fonds<\/em>  en exclusivit\u00e9, afin de proposer vos services \u00e0 nos clients propri\u00e9taires.<\/h2>\n    <p>Une opportunit\u00e9 unique pour booster votre activit\u00e9 \u00e0 <strong>La Chaux-de-Fonds<\/strong> et aux alentours dans votre domaine (Agent immobilier).<\/p>\n    <p>Nous travaillons en exclusivit\u00e9 avec qu'une soci\u00e9t\u00e9 par m\u00e9tier et par r\u00e9gion. <br>Votre entreprise est pr\u00e9sente sur tous les documents immobiliers. Afin d'\u00eatre mieux vu sur le net, vous \u00eates \u00e9galement visible sur nos deux sites et sur les pages de r\u00e9f\u00e9rencement de votre r\u00e9gion.<\/p>\n    <a href=\"\/contact\" class=\"wp-block-button__link has-accent-background-color has-text-align-center wp-element-button\">R\u00e9server<\/a>\n<\/div>\n<h2>Le march\u00e9 immobilier Chaux-de-Fonnier s&rsquo;\u00e9tend plus loin que de son agglom\u00e9ration<\/h2>\n<p>Au cours des derni\u00e8res ann\u00e9es, les prix ont augment\u00e9 \u00e0 La Chaux-de-Fonds, en raison de plusieurs \u00e9l\u00e9ments :<\/p>\n<ul>\n<li>Sa position g\u00e9ographique,<\/li>\n<li>le secteur de l&#8217;emploi,<\/li>\n<li>la qualit\u00e9 de son cadre de vie.<\/li>\n<\/ul>\n<p>Acheter un bien \u00e0 La Chaux-de-Fonds est aussi un investissement s\u00fbr, \u00e9tant donn\u00e9 que la demande d&rsquo;achats et de locations a connu une forte demande, provoquant une flamb\u00e9e des prix.<\/p>\n<h3>Pour le co\u00fbt moyen par m\u00e8tre carr\u00e9 des biens immobiliers \u00e0 La Chaux-de-Fonds<\/h3>\n<p class=\"estimates-price-immobilier\">Le march\u00e9 immobilier \u00e0 La Chaux-de-Fonds affiche un prix moyen de CHF 4'528 \/ m\u00b2 (prix par m\u00e8tre carr\u00e9). Les maisons et les appartements ont un prix moyen respectif de CHF 4'568 \/ m\u00b2 et de CHF 4'488 \/ m\u00b2.<\/p>\n<h3>Pour le loyer moyen \u00e0 La Chaux-de-Fonds<\/h3>\n<p class=\"estimates-rent-average\">Les loyers moyens \u00e0 La Chaux-de-Fonds sont actuellement de CHF 1'248 pour les appartements, CHF 1'951 pour les maisons.<\/p>\n<p>La p\u00e9nurie de logements sur le march\u00e9 immobilier contraint les acheteurs \u00e0 \u00e9largir leur recherche et \u00e0 se porter vers des villes proches, telles que :<\/p>\nMontmollin, Montezillon, Valangin, Boudevilliers, Fontaines NE, Fontainemelon, La Vue-des-Alpes, Cernier, Ch\u00e9zard-St-Martin, Les Vieux-Pr\u00e9s, Dombresson, Villiers, Le P\u00e2quier NE, Engollon, Fenin, Saules, Vilars NE, Savagnier, Chaumont, Les Geneveys-sur-Coffrane, Coffrane, Les Hauts-Geneveys, La Sagne NE, Le Cr\u00eat-du-Locle, Les Planchettes, La Cibourg, Les Emibois, Le Cerneux-Veusil, Les Pommerats, Goumois, Montfavergier.\n<h2>L\u2019implantation de notre agence immobili\u00e8re \u00e0 La Chaux-de-Fonds<\/h2>\n<p>Localis\u00e9e \u00e0 La Chaux-de-Fonds notre agence op\u00e8re dans l&rsquo;ensemble des lieus de la ville.<\/p>\n\n<h2>Pourquoi s\u00e9lectionner Immobilierlocal ?<\/h2>\n<p>Notre soci\u00e9t\u00e9, Immobilierlocal, propose une gamme compl\u00e8te de services, notamment :<\/p>\n<ul>\n<li>La publication de votre publicit\u00e9 sur notre site internet : afin d&rsquo;atteindre plus de monde.<\/li>\n<li>Une vitrine sur l&rsquo;internet suisse : notre site est r\u00e9f\u00e9renc\u00e9 sur des moteurs de recherches francophones en vue d\u2019atteindre plus de vendeurs, de propri\u00e9taires et d&rsquo;acheteurs.<\/li>\n<li>Strat\u00e9gie de vente personnalis\u00e9e : chaque bien sur notre site web dispose d&rsquo;une approche de vente personnalis\u00e9e.<\/li>\n<li>\u00c9valuation des prix en ligne : nous avons d\u00e9velopp\u00e9 une application web pour estimer les prix de vente des habitations \u00e0 La Chaux-de-Fonds.<\/li>\n<li>Photos et vid\u00e9os : nous effectuons la r\u00e9alisation des vid\u00e9os et des photos afin de mettre en valeur votre r\u00e9sidence.<\/li>\n<li>Empreinte num\u00e9rique : nous offrons la possibilit\u00e9 de sign\u00e9 \u00e9lectroniquement vos papiers en ligne.<\/li>\n<li>Service de conciergerie airbnb : nous proposons aussi une prestation pour les propri\u00e9taires d&rsquo;appartements en locations courte et moyenne dur\u00e9e.<\/li>\n<li>Gestion locative : nous offrons une protection pour le non-paiement des loyers.<\/li>\n<\/ul>\n<h2>Une entreprise immobili\u00e8re compos\u00e9e d&rsquo;experts<\/h2>\n<p>Les agents de notre entreprise sont exp\u00e9riment\u00e9s, qu&rsquo;il s&rsquo;agisse de professionnels de la vente ou de managers. Nos employ\u00e9s assistent fr\u00e9quemment a des mont\u00e9es en comp\u00e9tences. Chaque commercial de notre \u00e9quipe a une grande exp\u00e9rience dans le secteur de l&rsquo;immobilier. Les comp\u00e9tences obtenues nous permettent d&rsquo;accompagner au mieux nos partenaires.<\/p>\n<h2>Obtenez une estimation de votre logement \u00e0 La Chaux-de-Fonds<\/h2>\n<p>Nous r\u00e9alisons des \u00e9valuations d\u00e9taill\u00e9es de votre bien \u00e0 La Chaux-de-Fonds, nous tenons compte des particularit\u00e9s de votre habitation, ou encore la r\u00e9putation de votre arrondissement. Nous fournissons une v\u00e9ritable expertise pour tout ce qui concerne : l&rsquo;achat, la vente, les investissements immobiliers, les locations airbnb ou longue dur\u00e9e, la g\u00e9rance de votre portefeuille locatif, et aussi pour la gestion de votre copropri\u00e9t\u00e9.<\/p>\n<h2>Une agence immobili\u00e8re qui vous accompagne<\/h2>\n<p>Nous avons conscience que votre projet immobilier est unique, c&rsquo;est la raison pour laquelle nous proposons des services sur mesure. Vous d\u00e9sirez acheter, vendre ou louer une maison ou un loft dans la zone de La Chaux-de-Fonds ? Notre agence immobili\u00e8re vous guide du d\u00e9but \u00e0 la fin de votre projet immobilier. Vous d\u00e9sirez acheter une nouvelle r\u00e9sidence \u00e0 La Chaux-de-Fonds ? Nous vous trouvons le meilleur logement possible gr\u00e2ce \u00e0 notre r\u00e9seau.<\/p>\n<h2>Vous avez besoin d&rsquo;une agence immobili\u00e8re \u00e0 La Chaux-de-Fonds ?<\/h2>\n<p>L&rsquo;agence Immobilierlocal est \u00e9tabli au centre de La Chaux-de-Fonds. Nous vous accueillerons dans notre entreprise, pr\u00eats \u00e0 vous \u00e9couter et \u00e0 concr\u00e9tiser vos projets. Notre agence est chevronn\u00e9e dans l&rsquo;acquisition, la vente et la gestion de propri\u00e9t\u00e9s.<\/p>\n","protected":false},"excerpt":{"rendered":"<p>Vous projetez de vendre, d&rsquo;acheter, de louer une habitation ou un studio \u00e0 La Chaux-de-Fonds ? Immobilierlocal est joignable pour vous accompagner dans votre projet. Implant\u00e9e au centre de la ville, nos commerciaux sont disponibles pour vous assister \u00e0 trouver ou mettre sur le march\u00e9 votre bien immobilier. Notre entreprise immobili\u00e8re \u00e0 La Chaux-de-Fonds offre [&hellip;]<\/p>\n","protected":false},"author":3,"featured_media":2768,"parent":0,"menu_order":0,"comment_status":"closed","ping_status":"closed","template":"wp-custom-template-page-agent","meta":{"footnotes":""},"categories":[89],"profession":[92],"location":[50],"canton":[77],"class_list":["post-2296","page","type-page","status-publish","has-post-thumbnail","hentry","category-agence","profession-agent-immobilier"],"yoast_head":"<!-- This site is optimized with the Yoast SEO Premium plugin v23.0 (Yoast SEO v27.3) - https:\/\/yoast.com\/product\/yoast-seo-premium-wordpress\/ -->\n<title>Agence immobili\u00e8re \u00e0 La Chaux-de-Fonds : votre partenaire pour la location, l&#039;achat et la vente de logements - Immobilierlocal<\/title>\n<meta name=\"robots\" content=\"index, follow, max-snippet:-1, max-image-preview:large, max-video-preview:-1\" \/>\n<link rel=\"canonical\" href=\"https:\/\/www.immobilierlocal.ch\/c\/agence-immobiliere-a-la-chaux-de-fonds-votre-partenaire-pour-la-location-lachat-et-la-vente-de-logements\/\" \/>\n<meta property=\"og:locale\" content=\"fr_FR\" \/>\n<meta property=\"og:type\" content=\"article\" \/>\n<meta property=\"og:title\" content=\"Agence immobili\u00e8re \u00e0 La Chaux-de-Fonds : votre partenaire pour la location, l&#039;achat et la vente de logements\" \/>\n<meta property=\"og:description\" content=\"Vous projetez de vendre, d&rsquo;acheter, de louer une habitation ou un studio \u00e0 La Chaux-de-Fonds ? Immobilierlocal est joignable pour vous accompagner dans votre projet. Implant\u00e9e au centre de la ville, nos commerciaux sont disponibles pour vous assister \u00e0 trouver ou mettre sur le march\u00e9 votre bien immobilier. Notre entreprise immobili\u00e8re \u00e0 La Chaux-de-Fonds offre [&hellip;]\" \/>\n<meta property=\"og:url\" content=\"https:\/\/www.immobilierlocal.ch\/c\/agence-immobiliere-a-la-chaux-de-fonds-votre-partenaire-pour-la-location-lachat-et-la-vente-de-logements\/\" \/>\n<meta property=\"og:site_name\" content=\"Immobilierlocal\" \/>\n<meta property=\"article:modified_time\" content=\"2026-02-09T10:42:27+00:00\" \/>\n<meta property=\"og:image\" content=\"https:\/\/www.immobilierlocal.ch\/c\/wp-content\/uploads\/2026\/02\/agence-immobiliere.jpg\" \/>\n\t<meta property=\"og:image:width\" content=\"1920\" \/>\n\t<meta property=\"og:image:height\" content=\"300\" \/>\n\t<meta property=\"og:image:type\" content=\"image\/jpeg\" \/>\n<meta name=\"twitter:card\" content=\"summary_large_image\" \/>\n<meta name=\"twitter:label1\" content=\"Dur\u00e9e de lecture estim\u00e9e\" \/>\n\t<meta name=\"twitter:data1\" content=\"4 minutes\" \/>\n<script type=\"application\/ld+json\" class=\"yoast-schema-graph\">{\"@context\":\"https:\\\/\\\/schema.org\",\"@graph\":[{\"@type\":\"WebPage\",\"@id\":\"https:\\\/\\\/www.immobilierlocal.ch\\\/c\\\/agence-immobiliere-a-la-chaux-de-fonds-votre-partenaire-pour-la-location-lachat-et-la-vente-de-logements\\\/\",\"url\":\"https:\\\/\\\/www.immobilierlocal.ch\\\/c\\\/agence-immobiliere-a-la-chaux-de-fonds-votre-partenaire-pour-la-location-lachat-et-la-vente-de-logements\\\/\",\"name\":\"Agence immobili\u00e8re \u00e0 La Chaux-de-Fonds : votre partenaire pour la location, l'achat et la vente de logements - Immobilierlocal\",\"isPartOf\":{\"@id\":\"https:\\\/\\\/www.immobilierlocal.ch\\\/c\\\/#website\"},\"primaryImageOfPage\":{\"@id\":\"https:\\\/\\\/www.immobilierlocal.ch\\\/c\\\/agence-immobiliere-a-la-chaux-de-fonds-votre-partenaire-pour-la-location-lachat-et-la-vente-de-logements\\\/#primaryimage\"},\"image\":{\"@id\":\"https:\\\/\\\/www.immobilierlocal.ch\\\/c\\\/agence-immobiliere-a-la-chaux-de-fonds-votre-partenaire-pour-la-location-lachat-et-la-vente-de-logements\\\/#primaryimage\"},\"thumbnailUrl\":\"https:\\\/\\\/www.immobilierlocal.ch\\\/c\\\/wp-content\\\/uploads\\\/2026\\\/02\\\/agence-immobiliere.jpg\",\"datePublished\":\"2024-04-16T15:06:59+00:00\",\"dateModified\":\"2026-02-09T10:42:27+00:00\",\"breadcrumb\":{\"@id\":\"https:\\\/\\\/www.immobilierlocal.ch\\\/c\\\/agence-immobiliere-a-la-chaux-de-fonds-votre-partenaire-pour-la-location-lachat-et-la-vente-de-logements\\\/#breadcrumb\"},\"inLanguage\":\"fr-FR\",\"potentialAction\":[{\"@type\":\"ReadAction\",\"target\":[\"https:\\\/\\\/www.immobilierlocal.ch\\\/c\\\/agence-immobiliere-a-la-chaux-de-fonds-votre-partenaire-pour-la-location-lachat-et-la-vente-de-logements\\\/\"]}]},{\"@type\":\"ImageObject\",\"inLanguage\":\"fr-FR\",\"@id\":\"https:\\\/\\\/www.immobilierlocal.ch\\\/c\\\/agence-immobiliere-a-la-chaux-de-fonds-votre-partenaire-pour-la-location-lachat-et-la-vente-de-logements\\\/#primaryimage\",\"url\":\"https:\\\/\\\/www.immobilierlocal.ch\\\/c\\\/wp-content\\\/uploads\\\/2026\\\/02\\\/agence-immobiliere.jpg\",\"contentUrl\":\"https:\\\/\\\/www.immobilierlocal.ch\\\/c\\\/wp-content\\\/uploads\\\/2026\\\/02\\\/agence-immobiliere.jpg\",\"width\":1920,\"height\":300},{\"@type\":\"BreadcrumbList\",\"@id\":\"https:\\\/\\\/www.immobilierlocal.ch\\\/c\\\/agence-immobiliere-a-la-chaux-de-fonds-votre-partenaire-pour-la-location-lachat-et-la-vente-de-logements\\\/#breadcrumb\",\"itemListElement\":[{\"@type\":\"ListItem\",\"position\":1,\"name\":\"Accueil\",\"item\":\"https:\\\/\\\/www.immobilierlocal.ch\\\/c\\\/\"},{\"@type\":\"ListItem\",\"position\":2,\"name\":\"Agence immobili\u00e8re dans le canton de Neuch\u00e2tel\",\"item\":\"https:\\\/\\\/www.immobilierlocal.ch\\\/c\\\/agence-immobiliere-dans-le-canton-de-neuchatel-votre-partenaire-pour-la-location-lachat-et-la-vente-de-biens-immobiliers\\\/\"},{\"@type\":\"ListItem\",\"position\":3,\"name\":\"Agences immobili\u00e8res\",\"item\":\"https:\\\/\\\/www.immobilierlocal.ch\\\/agences\"},{\"@type\":\"ListItem\",\"position\":4,\"name\":\"Agence immobili\u00e8re \u00e0 La Chaux-de-Fonds\"}]},{\"@type\":\"WebSite\",\"@id\":\"https:\\\/\\\/www.immobilierlocal.ch\\\/c\\\/#website\",\"url\":\"https:\\\/\\\/www.immobilierlocal.ch\\\/c\\\/\",\"name\":\"Immobilierlocal\",\"description\":\"\",\"publisher\":{\"@id\":\"https:\\\/\\\/www.immobilierlocal.ch\\\/c\\\/#organization\"},\"potentialAction\":[{\"@type\":\"SearchAction\",\"target\":{\"@type\":\"EntryPoint\",\"urlTemplate\":\"https:\\\/\\\/www.immobilierlocal.ch\\\/c\\\/?s={search_term_string}\"},\"query-input\":{\"@type\":\"PropertyValueSpecification\",\"valueRequired\":true,\"valueName\":\"search_term_string\"}}],\"inLanguage\":\"fr-FR\"},{\"@type\":\"Organization\",\"@id\":\"https:\\\/\\\/www.immobilierlocal.ch\\\/c\\\/#organization\",\"name\":\"Immobilierlocal\",\"url\":\"https:\\\/\\\/www.immobilierlocal.ch\\\/c\\\/\",\"logo\":{\"@type\":\"ImageObject\",\"inLanguage\":\"fr-FR\",\"@id\":\"https:\\\/\\\/www.immobilierlocal.ch\\\/c\\\/#\\\/schema\\\/logo\\\/image\\\/\",\"url\":\"https:\\\/\\\/www.immobilierlocal.ch\\\/c\\\/wp-content\\\/uploads\\\/2023\\\/10\\\/logo-immobilierlocal-h.svg\",\"contentUrl\":\"https:\\\/\\\/www.immobilierlocal.ch\\\/c\\\/wp-content\\\/uploads\\\/2023\\\/10\\\/logo-immobilierlocal-h.svg\",\"caption\":\"Immobilierlocal\"},\"image\":{\"@id\":\"https:\\\/\\\/www.immobilierlocal.ch\\\/c\\\/#\\\/schema\\\/logo\\\/image\\\/\"}}]}<\/script>\n<!-- \/ Yoast SEO Premium plugin. -->","yoast_head_json":{"title":"Agence immobili\u00e8re \u00e0 La Chaux-de-Fonds : votre partenaire pour la location, l'achat et la vente de logements - Immobilierlocal","robots":{"index":"index","follow":"follow","max-snippet":"max-snippet:-1","max-image-preview":"max-image-preview:large","max-video-preview":"max-video-preview:-1"},"canonical":"https:\/\/www.immobilierlocal.ch\/c\/agence-immobiliere-a-la-chaux-de-fonds-votre-partenaire-pour-la-location-lachat-et-la-vente-de-logements\/","og_locale":"fr_FR","og_type":"article","og_title":"Agence immobili\u00e8re \u00e0 La Chaux-de-Fonds : votre partenaire pour la location, l'achat et la vente de logements","og_description":"Vous projetez de vendre, d&rsquo;acheter, de louer une habitation ou un studio \u00e0 La Chaux-de-Fonds ? Immobilierlocal est joignable pour vous accompagner dans votre projet. Implant\u00e9e au centre de la ville, nos commerciaux sont disponibles pour vous assister \u00e0 trouver ou mettre sur le march\u00e9 votre bien immobilier. Notre entreprise immobili\u00e8re \u00e0 La Chaux-de-Fonds offre [&hellip;]","og_url":"https:\/\/www.immobilierlocal.ch\/c\/agence-immobiliere-a-la-chaux-de-fonds-votre-partenaire-pour-la-location-lachat-et-la-vente-de-logements\/","og_site_name":"Immobilierlocal","article_modified_time":"2026-02-09T10:42:27+00:00","og_image":[{"width":1920,"height":300,"url":"https:\/\/www.immobilierlocal.ch\/c\/wp-content\/uploads\/2026\/02\/agence-immobiliere.jpg","type":"image\/jpeg"}],"twitter_card":"summary_large_image","twitter_misc":{"Dur\u00e9e de lecture estim\u00e9e":"4 minutes"},"schema":{"@context":"https:\/\/schema.org","@graph":[{"@type":"WebPage","@id":"https:\/\/www.immobilierlocal.ch\/c\/agence-immobiliere-a-la-chaux-de-fonds-votre-partenaire-pour-la-location-lachat-et-la-vente-de-logements\/","url":"https:\/\/www.immobilierlocal.ch\/c\/agence-immobiliere-a-la-chaux-de-fonds-votre-partenaire-pour-la-location-lachat-et-la-vente-de-logements\/","name":"Agence immobili\u00e8re \u00e0 La Chaux-de-Fonds : votre partenaire pour la location, l'achat et la vente de logements - Immobilierlocal","isPartOf":{"@id":"https:\/\/www.immobilierlocal.ch\/c\/#website"},"primaryImageOfPage":{"@id":"https:\/\/www.immobilierlocal.ch\/c\/agence-immobiliere-a-la-chaux-de-fonds-votre-partenaire-pour-la-location-lachat-et-la-vente-de-logements\/#primaryimage"},"image":{"@id":"https:\/\/www.immobilierlocal.ch\/c\/agence-immobiliere-a-la-chaux-de-fonds-votre-partenaire-pour-la-location-lachat-et-la-vente-de-logements\/#primaryimage"},"thumbnailUrl":"https:\/\/www.immobilierlocal.ch\/c\/wp-content\/uploads\/2026\/02\/agence-immobiliere.jpg","datePublished":"2024-04-16T15:06:59+00:00","dateModified":"2026-02-09T10:42:27+00:00","breadcrumb":{"@id":"https:\/\/www.immobilierlocal.ch\/c\/agence-immobiliere-a-la-chaux-de-fonds-votre-partenaire-pour-la-location-lachat-et-la-vente-de-logements\/#breadcrumb"},"inLanguage":"fr-FR","potentialAction":[{"@type":"ReadAction","target":["https:\/\/www.immobilierlocal.ch\/c\/agence-immobiliere-a-la-chaux-de-fonds-votre-partenaire-pour-la-location-lachat-et-la-vente-de-logements\/"]}]},{"@type":"ImageObject","inLanguage":"fr-FR","@id":"https:\/\/www.immobilierlocal.ch\/c\/agence-immobiliere-a-la-chaux-de-fonds-votre-partenaire-pour-la-location-lachat-et-la-vente-de-logements\/#primaryimage","url":"https:\/\/www.immobilierlocal.ch\/c\/wp-content\/uploads\/2026\/02\/agence-immobiliere.jpg","contentUrl":"https:\/\/www.immobilierlocal.ch\/c\/wp-content\/uploads\/2026\/02\/agence-immobiliere.jpg","width":1920,"height":300},{"@type":"BreadcrumbList","@id":"https:\/\/www.immobilierlocal.ch\/c\/agence-immobiliere-a-la-chaux-de-fonds-votre-partenaire-pour-la-location-lachat-et-la-vente-de-logements\/#breadcrumb","itemListElement":[{"@type":"ListItem","position":1,"name":"Accueil","item":"https:\/\/www.immobilierlocal.ch\/c\/"},{"@type":"ListItem","position":2,"name":"Agence immobili\u00e8re dans le canton de Neuch\u00e2tel","item":"https:\/\/www.immobilierlocal.ch\/c\/agence-immobiliere-dans-le-canton-de-neuchatel-votre-partenaire-pour-la-location-lachat-et-la-vente-de-biens-immobiliers\/"},{"@type":"ListItem","position":3,"name":"Agences immobili\u00e8res","item":"https:\/\/www.immobilierlocal.ch\/agences"},{"@type":"ListItem","position":4,"name":"Agence immobili\u00e8re \u00e0 La Chaux-de-Fonds"}]},{"@type":"WebSite","@id":"https:\/\/www.immobilierlocal.ch\/c\/#website","url":"https:\/\/www.immobilierlocal.ch\/c\/","name":"Immobilierlocal","description":"","publisher":{"@id":"https:\/\/www.immobilierlocal.ch\/c\/#organization"},"potentialAction":[{"@type":"SearchAction","target":{"@type":"EntryPoint","urlTemplate":"https:\/\/www.immobilierlocal.ch\/c\/?s={search_term_string}"},"query-input":{"@type":"PropertyValueSpecification","valueRequired":true,"valueName":"search_term_string"}}],"inLanguage":"fr-FR"},{"@type":"Organization","@id":"https:\/\/www.immobilierlocal.ch\/c\/#organization","name":"Immobilierlocal","url":"https:\/\/www.immobilierlocal.ch\/c\/","logo":{"@type":"ImageObject","inLanguage":"fr-FR","@id":"https:\/\/www.immobilierlocal.ch\/c\/#\/schema\/logo\/image\/","url":"https:\/\/www.immobilierlocal.ch\/c\/wp-content\/uploads\/2023\/10\/logo-immobilierlocal-h.svg","contentUrl":"https:\/\/www.immobilierlocal.ch\/c\/wp-content\/uploads\/2023\/10\/logo-immobilierlocal-h.svg","caption":"Immobilierlocal"},"image":{"@id":"https:\/\/www.immobilierlocal.ch\/c\/#\/schema\/logo\/image\/"}}]}},"_links":{"self":[{"href":"https:\/\/www.immobilierlocal.ch\/c\/wp-json\/wp\/v2\/pages\/2296","targetHints":{"allow":["GET"]}}],"collection":[{"href":"https:\/\/www.immobilierlocal.ch\/c\/wp-json\/wp\/v2\/pages"}],"about":[{"href":"https:\/\/www.immobilierlocal.ch\/c\/wp-json\/wp\/v2\/types\/page"}],"author":[{"embeddable":true,"href":"https:\/\/www.immobilierlocal.ch\/c\/wp-json\/wp\/v2\/users\/3"}],"replies":[{"embeddable":true,"href":"https:\/\/www.immobilierlocal.ch\/c\/wp-json\/wp\/v2\/comments?post=2296"}],"version-history":[{"count":0,"href":"https:\/\/www.immobilierlocal.ch\/c\/wp-json\/wp\/v2\/pages\/2296\/revisions"}],"wp:featuredmedia":[{"embeddable":true,"href":"https:\/\/www.immobilierlocal.ch\/c\/wp-json\/wp\/v2\/media\/2768"}],"wp:attachment":[{"href":"https:\/\/www.immobilierlocal.ch\/c\/wp-json\/wp\/v2\/media?parent=2296"}],"wp:term":[{"taxonomy":"category","embeddable":true,"href":"https:\/\/www.immobilierlocal.ch\/c\/wp-json\/wp\/v2\/categories?post=2296"},{"taxonomy":"profession","embeddable":true,"href":"https:\/\/www.immobilierlocal.ch\/c\/wp-json\/wp\/v2\/profession?post=2296"},{"taxonomy":"location","embeddable":true,"href":"https:\/\/www.immobilierlocal.ch\/c\/wp-json\/wp\/v2\/location?post=2296"},{"taxonomy":"canton","embeddable":true,"href":"https:\/\/www.immobilierlocal.ch\/c\/wp-json\/wp\/v2\/canton?post=2296"}],"curies":[{"name":"wp","href":"https:\/\/api.w.org\/{rel}","templated":true}]}}