
{"id":2293,"date":"2024-04-16T17:06:47","date_gmt":"2024-04-16T15:06:47","guid":{"rendered":"https:\/\/www.immobilierlocal.ch\/c\/?page_id=2293"},"modified":"2026-02-09T11:42:40","modified_gmt":"2026-02-09T10:42:40","slug":"agence-immobiliere-a-conthey-vente-achat-location-dune-propriete-immobiliere","status":"publish","type":"page","link":"https:\/\/www.immobilierlocal.ch\/c\/agence-immobiliere-a-conthey-vente-achat-location-dune-propriete-immobiliere\/","title":{"rendered":"Agence immobili\u00e8re \u00e0 Conthey : vente achat location d&rsquo;une propri\u00e9t\u00e9 immobili\u00e8re"},"content":{"rendered":"<p>Vous projetez d&rsquo;acheter, de vendre une habitation ou un studio \u00e0 Conthey ? \u00c0 Conthey, l&rsquo;agence Immobilierlocal offre des accompagnements sur mesure. Situ\u00e9e au c\u0153ur de la ville, notre \u00e9quipe est pr\u00eate pour vous assister \u00e0 trouver ou vendre votre bien. \u00c0 Conthey, notre entreprise fournis des services pour : l&rsquo;acquisition, la cession, la location de maisons, d&rsquo;appartements, de bureaux et de magasins, nous offrons aussi la g\u00e9rance de vos propri\u00e9t\u00e9s, la gestion locative d&rsquo;Airbnb, l&rsquo;administration de copropri\u00e9t\u00e9s ou encore pour \u00e9laborer une solution de cr\u00e9dit de votre futur bien.<\/p>\n\r\n<div class=\"box\">\r\n            <div class=\"company-info\">\r\n            <img decoding=\"async\" class=\"company-info__logo\" src=\"https:\/\/www.artisanlocal.ch\/media\/cache\/thumb\/images\/companies\/680a05c7a2e7f285552703.png\" alt=\"Logo\">\r\n            <h2 class=\"company-info__name\">Lignarius Immobilier S\u00e0rl<\/h2>\r\n            <p class=\"company-info__business\">Agence immobili\u00e8re - Courtage immobilier - Estimation - Conseils - D\u00e9veloppement de projet<\/p>\r\n        <\/div>\r\n        <div class=\"company-contact\">\r\n            <p class=\"company-info__address\">Rue Centrale 16, 1987 H\u00e9r\u00e9mence <\/p>\r\n                            <div class=\"links\">\r\n                                            <a class=\"btn has-accent-background-color js-phoneNumber\" href=\"tel:0792018444\" title=\"Appelez\" data-id=\"28109\" data-type=\"11\">079 201 84 44<\/a>\r\n                                                                <a class=\"btn has-accent-background-color\" href=\"https:\/\/lignarius-immobilier.ch\/\" target=\"_blank\" title=\"Voir le site internet\" data-id=\"28109\" data-type=\"20\">Site internet<\/a>\r\n                                    <\/div>\r\n                    <\/div>\r\n    \r\n            \n<form action=\"https:\/\/www.immobilierlocal.ch\/c\/wp-admin\/admin-ajax.php\" method=\"post\" class=\"form-contact\" id=\"immobilier_form_contact_company_inline\">\n    <div><input type=\"hidden\" name=\"action\" value=\"company_contact\"><\/div>\n    <div><input type=\"hidden\" name=\"nonce\" value=\"8d5e598e2b\"><\/div>\n    <div><input type=\"hidden\" name=\"company_id\" value=\"28109\"><\/div>\n    <div><input type=\"hidden\" name=\"form_id\" value=\"immobilier_form_contact_company_inline\"><\/div>\n    <div class=\"gglcptch gglcptch_v3 gglcptch_custom\"><input type=\"hidden\" id=\"g-recaptcha-response\" name=\"g-recaptcha-response\" \/><br \/><div class=\"gglcptch_error_text\">La p\u00e9riode de v\u00e9rification reCAPTCHA a expir\u00e9. Veuillez recharger la page.<\/div><\/div>    <div class=\"form-content\">\n        <div class=\"form-group\">\n            <label for=\"contact_firstName\" class=\"required\">Pr\u00e9nom<\/label>\n            <input type=\"text\" name=\"firstName\" class=\"form-control\" required>\n        <\/div>\n        <div class=\"form-group\">\n            <label for=\"contact_lastName\" class=\"required\">Nom<\/label>\n            <input type=\"text\" name=\"lastName\" class=\"form-control\" required>\n        <\/div>\n        <div class=\"form-group\">\n            <label for=\"contact_email\" class=\"required\">Email<\/label>\n            <input type=\"email\" name=\"email\" class=\"form-control\" required>\n        <\/div>\n        <div class=\"form-group\">\n            <label for=\"contact_phone\" class=\"required\">Num\u00e9ro de t\u00e9l\u00e9phone<\/label>\n            <input type=\"tel\" name=\"phone\" class=\"form-control\" placeholder=\"0787117165\" pattern=\"^[0-9]{10}$\" required>\n        <\/div>\n        <div class=\"form-group\">\n            <label for=\"contact_postalCode\" class=\"required\">Code postal et localit\u00e9<\/label>\n            <input type=\"text\" name=\"postalCode\" class=\"form-control\" required>\n        <\/div>\n        <div class=\"form-group\">\n            <label for=\"contact_address\" class=\"required\">Adresse<\/label>\n            <input type=\"text\" name=\"address\" class=\"form-control\" required>\n        <\/div>\n        <div class=\"full-width topic\">\n            <p class=\"required\">Je souhaite \u00eatre contact\u00e9 pour :<\/p>\n            <div class=\"form-check\">\n                <input type=\"radio\" name=\"topic\" value=\"Estimation\" class=\"form-control\" required>\n                <label for=\"estimation\">R\u00e9aliser une estimation<\/label>\n            <\/div>\n            <div class=\"form-check\">\n                <input type=\"radio\" name=\"topic\" value=\"Vente\" class=\"form-control\" required>\n                <label for=\"vente\">R\u00e9aliser une vente<\/label>\n            <\/div>\n            <div class=\"form-check\">\n                <input type=\"radio\" name=\"topic\" value=\"Autre\" class=\"form-control\" required>\n                <label for=\"autre\">Autre<\/label>\n            <\/div>\n        <\/div>\n        <div class=\"form-group full-width\">\n            <label for=\"contact_message\">Message<\/label>\n            <textarea name=\"message\" rows=\"3\" class=\"form-control\"><\/textarea>\n        <\/div>\n    <\/div>\n    <div class=\"form-actions\">\n        <button class=\"wp-block-button__link has-accent-background-color\">Contacter<\/button>\n    <\/div>\n<\/form>\n<div class=\"form-feedback\"><\/div>    <\/div>\n<h2>Le march\u00e9 immobilier Contheysan se d\u00e9veloppe plus loin que de sa localit\u00e9<\/h2>\n<p>R\u00e9cemment, les tarifs ont connu une augmentation \u00e0 Conthey, en raison de nombreux facteurs :<\/p>\n<ul>\n<li>Sa place g\u00e9ographique,<\/li>\n<li>l&rsquo;attractivit\u00e9 \u00e9conomique,<\/li>\n<li>le confort et l&rsquo;\u00e9tat de son environnement.<\/li>\n<\/ul>\n<p>Acheter \u00e0 Conthey est un choix s\u00fbr, car le besoin de propri\u00e9t\u00e9s et de studios \u00e0 louer ou \u00e0 acheter \u00e0 augmenter de fa\u00e7on significative, entra\u00eenant une inflation des prix.<\/p>\n<h3>Pour le co\u00fbt moyen par m\u00e8tre carr\u00e9 des logements \u00e0 Conthey<\/h3>\n<p class=\"estimates-price-immobilier\">Le march\u00e9 immobilier \u00e0 Conthey affiche un prix moyen de CHF 6'079 \/ m\u00b2 (prix par m\u00e8tre carr\u00e9). Les maisons et les appartements ont un prix moyen respectif de CHF 6'228 \/ m\u00b2 et de CHF 5'930 \/ m\u00b2.<\/p>\n<h3>Pour le prix moyen du loyer \u00e0 Conthey<\/h3>\n<p class=\"estimates-rent-average\">Les loyers moyens \u00e0 Conthey sont actuellement de CHF 1'488 pour les appartements, CHF 2'295 pour les maisons.<\/p>\n<p>La raret\u00e9 des biens propos\u00e9s \u00e0 la vente encourage de plus en plus d&rsquo;acqu\u00e9reurs \u00e0 s&rsquo;\u00e9carter de Conthey et \u00e0 porter leur int\u00e9r\u00eat dans les villes aux environs, comme :<\/p>\nSion, Chamoson, Grugnay (Chamoson), Les V\u00e9rines (Chamoson), N\u00e9miaz (Chamoson), St-Pierre-de-Clages, Ardon, St-L\u00e9onard, Uvrier, Vernami\u00e8ge, Pont-de-la-Morge (Sion), V\u00e9troz, Savi\u00e8se, Bramois, Mase, Eison (St-Martin), Liez (St-Martin), St-Martin VS, Suen (St-Martin), Trogne (St-Martin), Champlan (Grimisuat), Grimisuat, Nax, Arbaz, St-S\u00e9verin, Aven, Daillon, Erde, Vex, Euseigne, Evol\u00e8ne, Lanna, La Tour VS, Les Haud\u00e8res, La Forclaz VS, La Sage, Villa (Evol\u00e8ne), Arolla, H\u00e9r\u00e9mence, Les Collons, Thyon, Arvillard (Salins), Mis\u00e9riez (Salins), Pravidondaz (Salins), Salins, Turin (Salins), Cr\u00eate-\u00e0-l'Oeil (Les Agettes), La Vernaz (Les Agettes), Les Agettes, Les Mayens-de-Sion, Cl\u00e8bes (Nendaz), Veysonnaz, Aproz (Nendaz), Baar (Nendaz), Basse-Nendaz, Beuson (Nendaz), Bieudron (Nendaz), Brignon (Nendaz), Cond\u00e9mines (Nendaz), Fey (Nendaz), Saclentse, Haute-Nendaz, Siviez (Nendaz), Sornard (Nendaz).\n<h2>La localisation de notre agence immobili\u00e8re \u00e0 Conthey<\/h2>\n<p>Les experts de notre agence op\u00e8rent dans tous les secteurs de Conthey.<\/p>\n\n<div id=\"map\" class=\"map\" data-adresse=\"Rue Centrale 16 1987 H\u00e9r\u00e9mence, Suisse\"><\/div>\n<h2>Pourquoi s\u00e9lectionner Immobilierlocal ?<\/h2>\n<p>Immobilierlocal offre une vaste s\u00e9lection de services, comme :<\/p>\n<ul>\n<li>La publication de votre annonce sur notre site internet : dans le but de toucher plus de futurs clients.<\/li>\n<li>Un site internet en suisse et aussi pr\u00e9sent dans les pays francophones : notre site est r\u00e9f\u00e9renc\u00e9 pour appara\u00eetre dans de nombreux moteurs de recherche web en langue fran\u00e7aise pour atteindre un maximum de potentiels clients.<\/li>\n<li>Mise en place d\u2019un plan de commercialisation : chacun des logements r\u00e9f\u00e9renc\u00e9s sur notre site internet b\u00e9n\u00e9ficie d&rsquo;une strat\u00e9gie sur mesure.<\/li>\n<li>Estimation immobili\u00e8re en ligne : nous avons mis au point une application web pour \u00e9valuer les prix de vente des habitations \u00e0 Conthey.<\/li>\n<li>Montage vid\u00e9o et photographies : nous r\u00e9alisons la prise des vid\u00e9os et des photos afin de mettre en valeur votre propri\u00e9t\u00e9.<\/li>\n<li>Signature num\u00e9rique : nous proposons la possibilit\u00e9 de sign\u00e9 num\u00e9riquement vos papiers en ligne.<\/li>\n<li>Conciergerie airbnb : nous avons aussi une prestation pour les propri\u00e9taires d&rsquo;appartements airbnb.<\/li>\n<li>Gestion locative : nous proposons une couverture pour les loyers impay\u00e9s.<\/li>\n<\/ul>\n<h2>Une agence immobili\u00e8re qui r\u00e9unis des professionnels<\/h2>\n<p>Les professionnels de notre agence sont exp\u00e9riment\u00e9s, qu&rsquo;il s&rsquo;agisse de technico-commerciaux ou de managers. Nos conseillers suivent r\u00e9guli\u00e8rement des formations afin de maintenir \u00e0 niveau leurs comp\u00e9tences : commerciales, techniques et juridiques \u00e0 jour. Par ailleurs, nos agents immobiliers ont tous aussi acquis une exp\u00e9rience en amont. L&rsquo;exp\u00e9rience obtenue nous permet d&rsquo;accompagner au maximum nos clients.<\/p>\n<h2>Obtenez une estimation du prix de votre bien \u00e0 Conthey<\/h2>\n<p>Nous r\u00e9alisons des \u00e9valuations d\u00e9taill\u00e9es de votre habitation \u00e0 Conthey, nous prenons en compte les caract\u00e9ristiques de votre propri\u00e9t\u00e9, ou encore la popularit\u00e9 de votre arrondissement. Immobilierlocal offre \u00e0 ses clients, les services, comme : la gestion de vos habitats locatifs, l&rsquo;achat, la vente, les placements immobiliers, la g\u00e9rance des locations temporaires et la gestion du syndic de copropri\u00e9t\u00e9.<\/p>\n<h2>Des conseils personnalis\u00e9s<\/h2>\n<p>Nous savons que chaque personne est unique, c\u2019est pour cela que nous personnalisons nos conseils. Vous voulez acheter, louer ou vendre une maison ou un studio dans la r\u00e9gion de Conthey ? Notre \u00e9quipe d&rsquo;experts vous assiste du premier instant aux derni\u00e8res finalisations de votre projet. Nous avons un large r\u00e9seau de partenaires pour vous assister \u00e0 acqu\u00e9rir la r\u00e9sidence de vos r\u00eaves dans la r\u00e9gion de Conthey.<\/p>\n<h2>Besoin d&rsquo;une agence immobili\u00e8re \u00e0 Conthey ?<\/h2>\n<p>L&rsquo;agence Immobilierlocal est implant\u00e9e au centre de Conthey. Nous vous r\u00e9servons un accueil chaleureux, pr\u00eats \u00e0 vous \u00e9couter et \u00e0 r\u00e9aliser vos projets immobiliers. Nos consultants immobiliers exp\u00e9riment\u00e9s sont vos interlocuteurs de confiance pour la vente, l&rsquo;achat et la gestion de biens.<\/p>\n","protected":false},"excerpt":{"rendered":"<p>Vous projetez d&rsquo;acheter, de vendre une habitation ou un studio \u00e0 Conthey ? \u00c0 Conthey, l&rsquo;agence Immobilierlocal offre des accompagnements sur mesure. Situ\u00e9e au c\u0153ur de la ville, notre \u00e9quipe est pr\u00eate pour vous assister \u00e0 trouver ou vendre votre bien. \u00c0 Conthey, notre entreprise fournis des services pour : l&rsquo;acquisition, la cession, la location [&hellip;]<\/p>\n","protected":false},"author":3,"featured_media":2768,"parent":0,"menu_order":0,"comment_status":"closed","ping_status":"closed","template":"wp-custom-template-page-agent","meta":{"footnotes":""},"categories":[89],"profession":[92],"location":[16],"canton":[81],"class_list":["post-2293","page","type-page","status-publish","has-post-thumbnail","hentry","category-agence","profession-agent-immobilier"],"yoast_head":"<!-- This site is optimized with the Yoast SEO Premium plugin v23.0 (Yoast SEO v27.4) - https:\/\/yoast.com\/product\/yoast-seo-premium-wordpress\/ -->\n<title>Agence immobili\u00e8re \u00e0 Conthey : vente achat location d&#039;une propri\u00e9t\u00e9 immobili\u00e8re - Immobilierlocal<\/title>\n<meta name=\"robots\" content=\"index, follow, max-snippet:-1, max-image-preview:large, max-video-preview:-1\" \/>\n<link rel=\"canonical\" href=\"https:\/\/www.immobilierlocal.ch\/c\/agence-immobiliere-a-conthey-vente-achat-location-dune-propriete-immobiliere\/\" \/>\n<meta property=\"og:locale\" content=\"fr_FR\" \/>\n<meta property=\"og:type\" content=\"article\" \/>\n<meta property=\"og:title\" content=\"Agence immobili\u00e8re \u00e0 Conthey : vente achat location d&#039;une propri\u00e9t\u00e9 immobili\u00e8re\" \/>\n<meta property=\"og:description\" content=\"Vous projetez d&rsquo;acheter, de vendre une habitation ou un studio \u00e0 Conthey ? \u00c0 Conthey, l&rsquo;agence Immobilierlocal offre des accompagnements sur mesure. Situ\u00e9e au c\u0153ur de la ville, notre \u00e9quipe est pr\u00eate pour vous assister \u00e0 trouver ou vendre votre bien. \u00c0 Conthey, notre entreprise fournis des services pour : l&rsquo;acquisition, la cession, la location [&hellip;]\" \/>\n<meta property=\"og:url\" content=\"https:\/\/www.immobilierlocal.ch\/c\/agence-immobiliere-a-conthey-vente-achat-location-dune-propriete-immobiliere\/\" \/>\n<meta property=\"og:site_name\" content=\"Immobilierlocal\" \/>\n<meta property=\"article:modified_time\" content=\"2026-02-09T10:42:40+00:00\" \/>\n<meta property=\"og:image\" content=\"https:\/\/www.immobilierlocal.ch\/c\/wp-content\/uploads\/2026\/02\/agence-immobiliere.jpg\" \/>\n\t<meta property=\"og:image:width\" content=\"1920\" \/>\n\t<meta property=\"og:image:height\" content=\"300\" \/>\n\t<meta property=\"og:image:type\" content=\"image\/jpeg\" \/>\n<meta name=\"twitter:card\" content=\"summary_large_image\" \/>\n<meta name=\"twitter:label1\" content=\"Dur\u00e9e de lecture estim\u00e9e\" \/>\n\t<meta name=\"twitter:data1\" content=\"4 minutes\" \/>\n<script type=\"application\/ld+json\" class=\"yoast-schema-graph\">{\"@context\":\"https:\\\/\\\/schema.org\",\"@graph\":[{\"@type\":\"WebPage\",\"@id\":\"https:\\\/\\\/www.immobilierlocal.ch\\\/c\\\/agence-immobiliere-a-conthey-vente-achat-location-dune-propriete-immobiliere\\\/\",\"url\":\"https:\\\/\\\/www.immobilierlocal.ch\\\/c\\\/agence-immobiliere-a-conthey-vente-achat-location-dune-propriete-immobiliere\\\/\",\"name\":\"Agence immobili\u00e8re \u00e0 Conthey : vente achat location d'une propri\u00e9t\u00e9 immobili\u00e8re - Immobilierlocal\",\"isPartOf\":{\"@id\":\"https:\\\/\\\/www.immobilierlocal.ch\\\/c\\\/#website\"},\"primaryImageOfPage\":{\"@id\":\"https:\\\/\\\/www.immobilierlocal.ch\\\/c\\\/agence-immobiliere-a-conthey-vente-achat-location-dune-propriete-immobiliere\\\/#primaryimage\"},\"image\":{\"@id\":\"https:\\\/\\\/www.immobilierlocal.ch\\\/c\\\/agence-immobiliere-a-conthey-vente-achat-location-dune-propriete-immobiliere\\\/#primaryimage\"},\"thumbnailUrl\":\"https:\\\/\\\/www.immobilierlocal.ch\\\/c\\\/wp-content\\\/uploads\\\/2026\\\/02\\\/agence-immobiliere.jpg\",\"datePublished\":\"2024-04-16T15:06:47+00:00\",\"dateModified\":\"2026-02-09T10:42:40+00:00\",\"breadcrumb\":{\"@id\":\"https:\\\/\\\/www.immobilierlocal.ch\\\/c\\\/agence-immobiliere-a-conthey-vente-achat-location-dune-propriete-immobiliere\\\/#breadcrumb\"},\"inLanguage\":\"fr-FR\",\"potentialAction\":[{\"@type\":\"ReadAction\",\"target\":[\"https:\\\/\\\/www.immobilierlocal.ch\\\/c\\\/agence-immobiliere-a-conthey-vente-achat-location-dune-propriete-immobiliere\\\/\"]}]},{\"@type\":\"ImageObject\",\"inLanguage\":\"fr-FR\",\"@id\":\"https:\\\/\\\/www.immobilierlocal.ch\\\/c\\\/agence-immobiliere-a-conthey-vente-achat-location-dune-propriete-immobiliere\\\/#primaryimage\",\"url\":\"https:\\\/\\\/www.immobilierlocal.ch\\\/c\\\/wp-content\\\/uploads\\\/2026\\\/02\\\/agence-immobiliere.jpg\",\"contentUrl\":\"https:\\\/\\\/www.immobilierlocal.ch\\\/c\\\/wp-content\\\/uploads\\\/2026\\\/02\\\/agence-immobiliere.jpg\",\"width\":1920,\"height\":300},{\"@type\":\"BreadcrumbList\",\"@id\":\"https:\\\/\\\/www.immobilierlocal.ch\\\/c\\\/agence-immobiliere-a-conthey-vente-achat-location-dune-propriete-immobiliere\\\/#breadcrumb\",\"itemListElement\":[{\"@type\":\"ListItem\",\"position\":1,\"name\":\"Accueil\",\"item\":\"https:\\\/\\\/www.immobilierlocal.ch\\\/c\\\/\"},{\"@type\":\"ListItem\",\"position\":2,\"name\":\"Agence immobili\u00e8re dans le canton du Valais\",\"item\":\"https:\\\/\\\/www.immobilierlocal.ch\\\/c\\\/agence-immobiliere-dans-le-canton-du-valais-achat-vente-location-dune-propriete-immobiliere\\\/\"},{\"@type\":\"ListItem\",\"position\":3,\"name\":\"Agences immobili\u00e8res\",\"item\":\"https:\\\/\\\/www.immobilierlocal.ch\\\/agences\"},{\"@type\":\"ListItem\",\"position\":4,\"name\":\"Agence immobili\u00e8re \u00e0 Conthey\"}]},{\"@type\":\"WebSite\",\"@id\":\"https:\\\/\\\/www.immobilierlocal.ch\\\/c\\\/#website\",\"url\":\"https:\\\/\\\/www.immobilierlocal.ch\\\/c\\\/\",\"name\":\"Immobilierlocal\",\"description\":\"\",\"publisher\":{\"@id\":\"https:\\\/\\\/www.immobilierlocal.ch\\\/c\\\/#organization\"},\"potentialAction\":[{\"@type\":\"SearchAction\",\"target\":{\"@type\":\"EntryPoint\",\"urlTemplate\":\"https:\\\/\\\/www.immobilierlocal.ch\\\/c\\\/?s={search_term_string}\"},\"query-input\":{\"@type\":\"PropertyValueSpecification\",\"valueRequired\":true,\"valueName\":\"search_term_string\"}}],\"inLanguage\":\"fr-FR\"},{\"@type\":\"Organization\",\"@id\":\"https:\\\/\\\/www.immobilierlocal.ch\\\/c\\\/#organization\",\"name\":\"Immobilierlocal\",\"url\":\"https:\\\/\\\/www.immobilierlocal.ch\\\/c\\\/\",\"logo\":{\"@type\":\"ImageObject\",\"inLanguage\":\"fr-FR\",\"@id\":\"https:\\\/\\\/www.immobilierlocal.ch\\\/c\\\/#\\\/schema\\\/logo\\\/image\\\/\",\"url\":\"https:\\\/\\\/www.immobilierlocal.ch\\\/c\\\/wp-content\\\/uploads\\\/2023\\\/10\\\/logo-immobilierlocal-h.svg\",\"contentUrl\":\"https:\\\/\\\/www.immobilierlocal.ch\\\/c\\\/wp-content\\\/uploads\\\/2023\\\/10\\\/logo-immobilierlocal-h.svg\",\"caption\":\"Immobilierlocal\"},\"image\":{\"@id\":\"https:\\\/\\\/www.immobilierlocal.ch\\\/c\\\/#\\\/schema\\\/logo\\\/image\\\/\"}}]}<\/script>\n<!-- \/ Yoast SEO Premium plugin. -->","yoast_head_json":{"title":"Agence immobili\u00e8re \u00e0 Conthey : vente achat location d'une propri\u00e9t\u00e9 immobili\u00e8re - Immobilierlocal","robots":{"index":"index","follow":"follow","max-snippet":"max-snippet:-1","max-image-preview":"max-image-preview:large","max-video-preview":"max-video-preview:-1"},"canonical":"https:\/\/www.immobilierlocal.ch\/c\/agence-immobiliere-a-conthey-vente-achat-location-dune-propriete-immobiliere\/","og_locale":"fr_FR","og_type":"article","og_title":"Agence immobili\u00e8re \u00e0 Conthey : vente achat location d'une propri\u00e9t\u00e9 immobili\u00e8re","og_description":"Vous projetez d&rsquo;acheter, de vendre une habitation ou un studio \u00e0 Conthey ? \u00c0 Conthey, l&rsquo;agence Immobilierlocal offre des accompagnements sur mesure. Situ\u00e9e au c\u0153ur de la ville, notre \u00e9quipe est pr\u00eate pour vous assister \u00e0 trouver ou vendre votre bien. \u00c0 Conthey, notre entreprise fournis des services pour : l&rsquo;acquisition, la cession, la location [&hellip;]","og_url":"https:\/\/www.immobilierlocal.ch\/c\/agence-immobiliere-a-conthey-vente-achat-location-dune-propriete-immobiliere\/","og_site_name":"Immobilierlocal","article_modified_time":"2026-02-09T10:42:40+00:00","og_image":[{"width":1920,"height":300,"url":"https:\/\/www.immobilierlocal.ch\/c\/wp-content\/uploads\/2026\/02\/agence-immobiliere.jpg","type":"image\/jpeg"}],"twitter_card":"summary_large_image","twitter_misc":{"Dur\u00e9e de lecture estim\u00e9e":"4 minutes"},"schema":{"@context":"https:\/\/schema.org","@graph":[{"@type":"WebPage","@id":"https:\/\/www.immobilierlocal.ch\/c\/agence-immobiliere-a-conthey-vente-achat-location-dune-propriete-immobiliere\/","url":"https:\/\/www.immobilierlocal.ch\/c\/agence-immobiliere-a-conthey-vente-achat-location-dune-propriete-immobiliere\/","name":"Agence immobili\u00e8re \u00e0 Conthey : vente achat location d'une propri\u00e9t\u00e9 immobili\u00e8re - Immobilierlocal","isPartOf":{"@id":"https:\/\/www.immobilierlocal.ch\/c\/#website"},"primaryImageOfPage":{"@id":"https:\/\/www.immobilierlocal.ch\/c\/agence-immobiliere-a-conthey-vente-achat-location-dune-propriete-immobiliere\/#primaryimage"},"image":{"@id":"https:\/\/www.immobilierlocal.ch\/c\/agence-immobiliere-a-conthey-vente-achat-location-dune-propriete-immobiliere\/#primaryimage"},"thumbnailUrl":"https:\/\/www.immobilierlocal.ch\/c\/wp-content\/uploads\/2026\/02\/agence-immobiliere.jpg","datePublished":"2024-04-16T15:06:47+00:00","dateModified":"2026-02-09T10:42:40+00:00","breadcrumb":{"@id":"https:\/\/www.immobilierlocal.ch\/c\/agence-immobiliere-a-conthey-vente-achat-location-dune-propriete-immobiliere\/#breadcrumb"},"inLanguage":"fr-FR","potentialAction":[{"@type":"ReadAction","target":["https:\/\/www.immobilierlocal.ch\/c\/agence-immobiliere-a-conthey-vente-achat-location-dune-propriete-immobiliere\/"]}]},{"@type":"ImageObject","inLanguage":"fr-FR","@id":"https:\/\/www.immobilierlocal.ch\/c\/agence-immobiliere-a-conthey-vente-achat-location-dune-propriete-immobiliere\/#primaryimage","url":"https:\/\/www.immobilierlocal.ch\/c\/wp-content\/uploads\/2026\/02\/agence-immobiliere.jpg","contentUrl":"https:\/\/www.immobilierlocal.ch\/c\/wp-content\/uploads\/2026\/02\/agence-immobiliere.jpg","width":1920,"height":300},{"@type":"BreadcrumbList","@id":"https:\/\/www.immobilierlocal.ch\/c\/agence-immobiliere-a-conthey-vente-achat-location-dune-propriete-immobiliere\/#breadcrumb","itemListElement":[{"@type":"ListItem","position":1,"name":"Accueil","item":"https:\/\/www.immobilierlocal.ch\/c\/"},{"@type":"ListItem","position":2,"name":"Agence immobili\u00e8re dans le canton du Valais","item":"https:\/\/www.immobilierlocal.ch\/c\/agence-immobiliere-dans-le-canton-du-valais-achat-vente-location-dune-propriete-immobiliere\/"},{"@type":"ListItem","position":3,"name":"Agences immobili\u00e8res","item":"https:\/\/www.immobilierlocal.ch\/agences"},{"@type":"ListItem","position":4,"name":"Agence immobili\u00e8re \u00e0 Conthey"}]},{"@type":"WebSite","@id":"https:\/\/www.immobilierlocal.ch\/c\/#website","url":"https:\/\/www.immobilierlocal.ch\/c\/","name":"Immobilierlocal","description":"","publisher":{"@id":"https:\/\/www.immobilierlocal.ch\/c\/#organization"},"potentialAction":[{"@type":"SearchAction","target":{"@type":"EntryPoint","urlTemplate":"https:\/\/www.immobilierlocal.ch\/c\/?s={search_term_string}"},"query-input":{"@type":"PropertyValueSpecification","valueRequired":true,"valueName":"search_term_string"}}],"inLanguage":"fr-FR"},{"@type":"Organization","@id":"https:\/\/www.immobilierlocal.ch\/c\/#organization","name":"Immobilierlocal","url":"https:\/\/www.immobilierlocal.ch\/c\/","logo":{"@type":"ImageObject","inLanguage":"fr-FR","@id":"https:\/\/www.immobilierlocal.ch\/c\/#\/schema\/logo\/image\/","url":"https:\/\/www.immobilierlocal.ch\/c\/wp-content\/uploads\/2023\/10\/logo-immobilierlocal-h.svg","contentUrl":"https:\/\/www.immobilierlocal.ch\/c\/wp-content\/uploads\/2023\/10\/logo-immobilierlocal-h.svg","caption":"Immobilierlocal"},"image":{"@id":"https:\/\/www.immobilierlocal.ch\/c\/#\/schema\/logo\/image\/"}}]}},"_links":{"self":[{"href":"https:\/\/www.immobilierlocal.ch\/c\/wp-json\/wp\/v2\/pages\/2293","targetHints":{"allow":["GET"]}}],"collection":[{"href":"https:\/\/www.immobilierlocal.ch\/c\/wp-json\/wp\/v2\/pages"}],"about":[{"href":"https:\/\/www.immobilierlocal.ch\/c\/wp-json\/wp\/v2\/types\/page"}],"author":[{"embeddable":true,"href":"https:\/\/www.immobilierlocal.ch\/c\/wp-json\/wp\/v2\/users\/3"}],"replies":[{"embeddable":true,"href":"https:\/\/www.immobilierlocal.ch\/c\/wp-json\/wp\/v2\/comments?post=2293"}],"version-history":[{"count":0,"href":"https:\/\/www.immobilierlocal.ch\/c\/wp-json\/wp\/v2\/pages\/2293\/revisions"}],"wp:featuredmedia":[{"embeddable":true,"href":"https:\/\/www.immobilierlocal.ch\/c\/wp-json\/wp\/v2\/media\/2768"}],"wp:attachment":[{"href":"https:\/\/www.immobilierlocal.ch\/c\/wp-json\/wp\/v2\/media?parent=2293"}],"wp:term":[{"taxonomy":"category","embeddable":true,"href":"https:\/\/www.immobilierlocal.ch\/c\/wp-json\/wp\/v2\/categories?post=2293"},{"taxonomy":"profession","embeddable":true,"href":"https:\/\/www.immobilierlocal.ch\/c\/wp-json\/wp\/v2\/profession?post=2293"},{"taxonomy":"location","embeddable":true,"href":"https:\/\/www.immobilierlocal.ch\/c\/wp-json\/wp\/v2\/location?post=2293"},{"taxonomy":"canton","embeddable":true,"href":"https:\/\/www.immobilierlocal.ch\/c\/wp-json\/wp\/v2\/canton?post=2293"}],"curies":[{"name":"wp","href":"https:\/\/api.w.org\/{rel}","templated":true}]}}