
{"id":2291,"date":"2024-04-16T17:07:05","date_gmt":"2024-04-16T15:07:05","guid":{"rendered":"https:\/\/www.immobilierlocal.ch\/c\/?page_id=2291"},"modified":"2026-02-09T11:42:21","modified_gmt":"2026-02-09T10:42:21","slug":"agence-immobiliere-a-monthey-achat-vente-location-dun-bien-immobilier","status":"publish","type":"page","link":"https:\/\/www.immobilierlocal.ch\/c\/agence-immobiliere-a-monthey-achat-vente-location-dun-bien-immobilier\/","title":{"rendered":"Agence immobili\u00e8re \u00e0 Monthey : achat vente location d&rsquo;un bien immobilier"},"content":{"rendered":"<p>Vous projetez d&rsquo;acheter, de vendre une maison ou un studio \u00e0 Monthey ? \u00c0 Monthey, l&rsquo;agence Immobilierlocal offre des accompagnements individualis\u00e9s. Notre entreprise est situ\u00e9e au centre-ville, contactez-nous pour trouver la maison de vos r\u00eaves ou vendre la v\u00f4tre. \u00c0 Monthey, notre agence immobili\u00e8re propose des services pour : l&rsquo;acquisition, la vente, la location de maisons, d&rsquo;appartements, de magasins de proximit\u00e9s, de locaux commerciaux, nous proposons aussi la g\u00e9rance de vos propri\u00e9t\u00e9s immobili\u00e8res, la gestion locative d&rsquo;Airbnb, la gestion de copropri\u00e9t\u00e9s ou encore pour \u00e9laborer une solution de pr\u00eat de votre futur bien.<\/p>\n\r\n<div class=\"box\">\r\n            <div class=\"company-info\">\r\n            <img decoding=\"async\" class=\"company-info__logo\" src=\"https:\/\/www.artisanlocal.ch\/media\/cache\/thumb\/images\/companies\/6618f01240728810657006.png\" alt=\"Logo\">\r\n            <h2 class=\"company-info__name\">DM Immo<\/h2>\r\n            <p class=\"company-info__business\">Agence immobili\u00e8re - Expertises immobili\u00e8res - D\u00e9veloppement de projet - Courtage immobilier - Conseils immobiliers<\/p>\r\n        <\/div>\r\n        <div class=\"company-contact\">\r\n            <p class=\"company-info__address\">Avenue de la Plantaud 8, 1870 Monthey <\/p>\r\n                            <div class=\"links\">\r\n                                            <a class=\"btn has-accent-background-color js-phoneNumber\" href=\"tel:0782000113\" title=\"Appelez\" data-id=\"25105\" data-type=\"11\">078 200 01 13<\/a>\r\n                                                                <a class=\"btn has-accent-background-color\" href=\"https:\/\/dm-immo.ch\/\" target=\"_blank\" title=\"Voir le site internet\" data-id=\"25105\" data-type=\"20\">Site internet<\/a>\r\n                                    <\/div>\r\n                    <\/div>\r\n    \r\n            \n<form action=\"https:\/\/www.immobilierlocal.ch\/c\/wp-admin\/admin-ajax.php\" method=\"post\" class=\"form-contact\" id=\"immobilier_form_contact_company_inline\">\n    <div><input type=\"hidden\" name=\"action\" value=\"company_contact\"><\/div>\n    <div><input type=\"hidden\" name=\"nonce\" value=\"0b5e0bde16\"><\/div>\n    <div><input type=\"hidden\" name=\"company_id\" value=\"25105\"><\/div>\n    <div><input type=\"hidden\" name=\"form_id\" value=\"immobilier_form_contact_company_inline\"><\/div>\n    <div class=\"gglcptch gglcptch_v3 gglcptch_custom\"><input type=\"hidden\" id=\"g-recaptcha-response\" name=\"g-recaptcha-response\" \/><br \/><div class=\"gglcptch_error_text\">La p\u00e9riode de v\u00e9rification reCAPTCHA a expir\u00e9. Veuillez recharger la page.<\/div><\/div>    <div class=\"form-content\">\n        <div class=\"form-group\">\n            <label for=\"contact_firstName\" class=\"required\">Pr\u00e9nom<\/label>\n            <input type=\"text\" name=\"firstName\" class=\"form-control\" required>\n        <\/div>\n        <div class=\"form-group\">\n            <label for=\"contact_lastName\" class=\"required\">Nom<\/label>\n            <input type=\"text\" name=\"lastName\" class=\"form-control\" required>\n        <\/div>\n        <div class=\"form-group\">\n            <label for=\"contact_email\" class=\"required\">Email<\/label>\n            <input type=\"email\" name=\"email\" class=\"form-control\" required>\n        <\/div>\n        <div class=\"form-group\">\n            <label for=\"contact_phone\" class=\"required\">Num\u00e9ro de t\u00e9l\u00e9phone<\/label>\n            <input type=\"tel\" name=\"phone\" class=\"form-control\" placeholder=\"0787117165\" pattern=\"^[0-9]{10}$\" required>\n        <\/div>\n        <div class=\"form-group\">\n            <label for=\"contact_postalCode\" class=\"required\">Code postal et localit\u00e9<\/label>\n            <input type=\"text\" name=\"postalCode\" class=\"form-control\" required>\n        <\/div>\n        <div class=\"form-group\">\n            <label for=\"contact_address\" class=\"required\">Adresse<\/label>\n            <input type=\"text\" name=\"address\" class=\"form-control\" required>\n        <\/div>\n        <div class=\"full-width topic\">\n            <p class=\"required\">Je souhaite \u00eatre contact\u00e9 pour :<\/p>\n            <div class=\"form-check\">\n                <input type=\"radio\" name=\"topic\" value=\"Estimation\" class=\"form-control\" required>\n                <label for=\"estimation\">R\u00e9aliser une estimation<\/label>\n            <\/div>\n            <div class=\"form-check\">\n                <input type=\"radio\" name=\"topic\" value=\"Vente\" class=\"form-control\" required>\n                <label for=\"vente\">R\u00e9aliser une vente<\/label>\n            <\/div>\n            <div class=\"form-check\">\n                <input type=\"radio\" name=\"topic\" value=\"Autre\" class=\"form-control\" required>\n                <label for=\"autre\">Autre<\/label>\n            <\/div>\n        <\/div>\n        <div class=\"form-group full-width\">\n            <label for=\"contact_message\">Message<\/label>\n            <textarea name=\"message\" rows=\"3\" class=\"form-control\"><\/textarea>\n        <\/div>\n    <\/div>\n    <div class=\"form-actions\">\n        <button class=\"wp-block-button__link has-accent-background-color\">Contacter<\/button>\n    <\/div>\n<\/form>\n<div class=\"form-feedback\"><\/div>    <\/div>\n<h2>Le march\u00e9 immobilier Montheysan s\u2019\u00e9tend en dehors de son agglom\u00e9ration<\/h2>\n<p>Ces derni\u00e8res ann\u00e9es, les tarifs ont mont\u00e9 rapidement \u00e0 Monthey, pour plusieurs raisons :<\/p>\n<ul>\n<li>Son emplacement g\u00e9ographique,<\/li>\n<li>l&rsquo;attractivit\u00e9 \u00e9conomique,<\/li>\n<li>les conditions et la qualit\u00e9 de son environnement.<\/li>\n<\/ul>\n<p>Acqu\u00e9rir un bien \u00e0 Monthey est aussi une valeur s\u00fbre, car la demande de locations et d&rsquo;achats qui a connu une hausse significative, conduisant une mont\u00e9e des prix.<\/p>\n<h3>Pour le prix moyen par m\u00e8tre carr\u00e9 des biens immobiliers \u00e0 Monthey<\/h3>\n<p class=\"estimates-price-immobilier\">Le march\u00e9 immobilier \u00e0 Monthey affiche un prix moyen de CHF 5'621 \/ m\u00b2 (prix par m\u00e8tre carr\u00e9). Les maisons et les appartements ont un prix moyen respectif de CHF 5'593 \/ m\u00b2 et de CHF 5'648 \/ m\u00b2.<\/p>\n<h3>Pour le loyer moyen des logements \u00e0 Monthey<\/h3>\n<p class=\"estimates-rent-average\">Les loyers moyens \u00e0 Monthey sont actuellement de CHF 1'475 pour les appartements, CHF 2'253 pour les maisons.<\/p>\n<p>La p\u00e9nurie des logements propos\u00e9s \u00e0 la vente encourage de plus en plus d&rsquo;acheteurs \u00e0 s&rsquo;\u00e9loigner de Monthey et \u00e0 cibler des villes \u00e0 proximit\u00e9, comme :<\/p>\nCollombey, Massongex, Cho\u00ebx, Les Giettes, Troistorrents, Champoussin, Les Crosets, Val-d'Illiez, Champ\u00e9ry, Morgins, Mex VS, St-Maurice, V\u00e9rossaz, Morcles, Muraz (Collombey), Vionnaz, Miex, Vouvry, Bouveret, Les Evouettes, St-Gingolph, Torgon, Evionnaz, Collonges, Vernayaz, Dor\u00e9naz, Les Granges (Salvan), Salvan, Le Tr\u00e9tien, Les Mar\u00e9cottes, Finhaut, Le Ch\u00e2telard VS.\n<h2>L\u2019implantation de notre agence immobili\u00e8re \u00e0 Monthey<\/h2>\n<p>Les commerciaux de notre agence immobili\u00e8re interviennent dans tous les arrondissements de Monthey.<\/p>\n\n<div id=\"map\" class=\"map\" data-adresse=\"Avenue de la Plantaud 8 1870 Monthey, Suisse\"><\/div>\n<h2>Pourquoi s\u00e9lectionner Immobilierlocal ?<\/h2>\n<p>Notre soci\u00e9t\u00e9, Immobilierlocal, offre un ensemble de services, notamment :<\/p>\n<ul>\n<li>La diffusion de votre annonce sur notre site web : pour vous donner la possibilit\u00e9 de toucher plus de monde.<\/li>\n<li>Une vitrine en suisse et sur internet : notre site se positionne sur des moteurs de recherches en langue fran\u00e7aise afin de toucher plus de vendeurs, de propri\u00e9taires et d&rsquo;acheteurs.<\/li>\n<li>Commercialisation personnalis\u00e9e : chaque bien immobilier sur notre site web b\u00e9n\u00e9ficie d&rsquo;une approche de vente sur mesure.<\/li>\n<li>Estimation des prix : nous avons con\u00e7u des applications en ligne pour estimer les prix de vente des biens immobiliers.<\/li>\n<li>Photos et vid\u00e9os : nous r\u00e9alisons des images et des vid\u00e9os pour valoriser votre appartement sur le web.<\/li>\n<li>Signature num\u00e9rique : nous offrons la capacit\u00e9 de sign\u00e9 num\u00e9riquement vos documents en ligne.<\/li>\n<li>Conciergerie : nous avons aussi un service de conciergerie airbnb.<\/li>\n<li>Services de gestion locative : nous offrons une protection pour les loyers impay\u00e9s.<\/li>\n<\/ul>\n<h2>Une entreprise immobili\u00e8re compos\u00e9e de professionnels<\/h2>\n<p>Les conseillers de notre agence sont qualifi\u00e9s, qu&rsquo;il s&rsquo;agisse de professionnels de la vente ou de gestionnaires. Nos conseillers suivent r\u00e9guli\u00e8rement des formations professionnelles afin de maintenir leurs connaissances techniques, juridiques et commerciales \u00e0 jour. Par ailleurs, nos commerciaux ont tous aussi acquis une exp\u00e9rience au pr\u00e9alable. L&rsquo;exp\u00e9rience acquise nous permet d&rsquo;accompagner au maximum nos partenaires.<\/p>\n<h2>Obtenez une estimation de votre logement \u00e0 Monthey<\/h2>\n<p>Nous effectuons des \u00e9valuations d\u00e9taill\u00e9es de votre habitation \u00e0 Monthey, nous prenons en compte les particularit\u00e9s de votre propri\u00e9t\u00e9, ou encore la r\u00e9putation de votre secteur. Immobilierlocal propose \u00e0 ses clients, les prestations, tel que : la gestion de vos appartements locatifs, la vente, l&rsquo;achat, les investissements immobiliers, la direction des locations saisonni\u00e8res et la g\u00e9rance du syndic de copropri\u00e9t\u00e9.<\/p>\n<h2>Un accompagnement sur mesure<\/h2>\n<p>Nous sommes bien conscients que votre projet est adapt\u00e9 \u00e0 votre situation et vos d\u00e9sirs, c&rsquo;est pour cela que nous vous proposons des services sur mesure. Vous souhaitez acheter, vendre ou louer une maison ou un loft dans la r\u00e9gion de Monthey ? Notre agence immobili\u00e8re vous accompagne du d\u00e9but \u00e0 la fin de votre projet. Nous avons un vaste r\u00e9seau pour vous assister \u00e0 trouver l&rsquo;habitation de vos d\u00e9sires dans la r\u00e9gion de Monthey.<\/p>\n<h2>Vous avez besoin d&rsquo;une agence immobili\u00e8re \u00e0 Monthey ?<\/h2>\n<p>L&rsquo;agence Immobilierlocal est implant\u00e9e au centre de Monthey. Nos conseillers vous \u00e9coutent et sont toujours pr\u00eats \u00e0 vous soutenir dans votre projet immobilier. Notre entreprise est exp\u00e9riment\u00e9e dans l&rsquo;acquisition, la vente et la gestion de propri\u00e9t\u00e9s.<\/p>\n","protected":false},"excerpt":{"rendered":"<p>Vous projetez d&rsquo;acheter, de vendre une maison ou un studio \u00e0 Monthey ? \u00c0 Monthey, l&rsquo;agence Immobilierlocal offre des accompagnements individualis\u00e9s. Notre entreprise est situ\u00e9e au centre-ville, contactez-nous pour trouver la maison de vos r\u00eaves ou vendre la v\u00f4tre. \u00c0 Monthey, notre agence immobili\u00e8re propose des services pour : l&rsquo;acquisition, la vente, la location de [&hellip;]<\/p>\n","protected":false},"author":3,"featured_media":2768,"parent":0,"menu_order":0,"comment_status":"closed","ping_status":"closed","template":"wp-custom-template-page-agent","meta":{"footnotes":""},"categories":[89],"profession":[92],"location":[34],"canton":[81],"class_list":["post-2291","page","type-page","status-publish","has-post-thumbnail","hentry","category-agence","profession-agent-immobilier"],"yoast_head":"<!-- This site is optimized with the Yoast SEO Premium plugin v23.0 (Yoast SEO v27.3) - https:\/\/yoast.com\/product\/yoast-seo-premium-wordpress\/ -->\n<title>Agence immobili\u00e8re \u00e0 Monthey : achat vente location d&#039;un bien immobilier - Immobilierlocal<\/title>\n<meta name=\"robots\" content=\"index, follow, max-snippet:-1, max-image-preview:large, max-video-preview:-1\" \/>\n<link rel=\"canonical\" href=\"https:\/\/www.immobilierlocal.ch\/c\/agence-immobiliere-a-monthey-achat-vente-location-dun-bien-immobilier\/\" \/>\n<meta property=\"og:locale\" content=\"fr_FR\" \/>\n<meta property=\"og:type\" content=\"article\" \/>\n<meta property=\"og:title\" content=\"Agence immobili\u00e8re \u00e0 Monthey : achat vente location d&#039;un bien immobilier\" \/>\n<meta property=\"og:description\" content=\"Vous projetez d&rsquo;acheter, de vendre une maison ou un studio \u00e0 Monthey ? \u00c0 Monthey, l&rsquo;agence Immobilierlocal offre des accompagnements individualis\u00e9s. Notre entreprise est situ\u00e9e au centre-ville, contactez-nous pour trouver la maison de vos r\u00eaves ou vendre la v\u00f4tre. \u00c0 Monthey, notre agence immobili\u00e8re propose des services pour : l&rsquo;acquisition, la vente, la location de [&hellip;]\" \/>\n<meta property=\"og:url\" content=\"https:\/\/www.immobilierlocal.ch\/c\/agence-immobiliere-a-monthey-achat-vente-location-dun-bien-immobilier\/\" \/>\n<meta property=\"og:site_name\" content=\"Immobilierlocal\" \/>\n<meta property=\"article:modified_time\" content=\"2026-02-09T10:42:21+00:00\" \/>\n<meta property=\"og:image\" content=\"https:\/\/www.immobilierlocal.ch\/c\/wp-content\/uploads\/2026\/02\/agence-immobiliere.jpg\" \/>\n\t<meta property=\"og:image:width\" content=\"1920\" \/>\n\t<meta property=\"og:image:height\" content=\"300\" \/>\n\t<meta property=\"og:image:type\" content=\"image\/jpeg\" \/>\n<meta name=\"twitter:card\" content=\"summary_large_image\" \/>\n<meta name=\"twitter:label1\" content=\"Dur\u00e9e de lecture estim\u00e9e\" \/>\n\t<meta name=\"twitter:data1\" content=\"3 minutes\" \/>\n<script type=\"application\/ld+json\" class=\"yoast-schema-graph\">{\"@context\":\"https:\\\/\\\/schema.org\",\"@graph\":[{\"@type\":\"WebPage\",\"@id\":\"https:\\\/\\\/www.immobilierlocal.ch\\\/c\\\/agence-immobiliere-a-monthey-achat-vente-location-dun-bien-immobilier\\\/\",\"url\":\"https:\\\/\\\/www.immobilierlocal.ch\\\/c\\\/agence-immobiliere-a-monthey-achat-vente-location-dun-bien-immobilier\\\/\",\"name\":\"Agence immobili\u00e8re \u00e0 Monthey : achat vente location d'un bien immobilier - Immobilierlocal\",\"isPartOf\":{\"@id\":\"https:\\\/\\\/www.immobilierlocal.ch\\\/c\\\/#website\"},\"primaryImageOfPage\":{\"@id\":\"https:\\\/\\\/www.immobilierlocal.ch\\\/c\\\/agence-immobiliere-a-monthey-achat-vente-location-dun-bien-immobilier\\\/#primaryimage\"},\"image\":{\"@id\":\"https:\\\/\\\/www.immobilierlocal.ch\\\/c\\\/agence-immobiliere-a-monthey-achat-vente-location-dun-bien-immobilier\\\/#primaryimage\"},\"thumbnailUrl\":\"https:\\\/\\\/www.immobilierlocal.ch\\\/c\\\/wp-content\\\/uploads\\\/2026\\\/02\\\/agence-immobiliere.jpg\",\"datePublished\":\"2024-04-16T15:07:05+00:00\",\"dateModified\":\"2026-02-09T10:42:21+00:00\",\"breadcrumb\":{\"@id\":\"https:\\\/\\\/www.immobilierlocal.ch\\\/c\\\/agence-immobiliere-a-monthey-achat-vente-location-dun-bien-immobilier\\\/#breadcrumb\"},\"inLanguage\":\"fr-FR\",\"potentialAction\":[{\"@type\":\"ReadAction\",\"target\":[\"https:\\\/\\\/www.immobilierlocal.ch\\\/c\\\/agence-immobiliere-a-monthey-achat-vente-location-dun-bien-immobilier\\\/\"]}]},{\"@type\":\"ImageObject\",\"inLanguage\":\"fr-FR\",\"@id\":\"https:\\\/\\\/www.immobilierlocal.ch\\\/c\\\/agence-immobiliere-a-monthey-achat-vente-location-dun-bien-immobilier\\\/#primaryimage\",\"url\":\"https:\\\/\\\/www.immobilierlocal.ch\\\/c\\\/wp-content\\\/uploads\\\/2026\\\/02\\\/agence-immobiliere.jpg\",\"contentUrl\":\"https:\\\/\\\/www.immobilierlocal.ch\\\/c\\\/wp-content\\\/uploads\\\/2026\\\/02\\\/agence-immobiliere.jpg\",\"width\":1920,\"height\":300},{\"@type\":\"BreadcrumbList\",\"@id\":\"https:\\\/\\\/www.immobilierlocal.ch\\\/c\\\/agence-immobiliere-a-monthey-achat-vente-location-dun-bien-immobilier\\\/#breadcrumb\",\"itemListElement\":[{\"@type\":\"ListItem\",\"position\":1,\"name\":\"Accueil\",\"item\":\"https:\\\/\\\/www.immobilierlocal.ch\\\/c\\\/\"},{\"@type\":\"ListItem\",\"position\":2,\"name\":\"Agence immobili\u00e8re dans le canton du Valais\",\"item\":\"https:\\\/\\\/www.immobilierlocal.ch\\\/c\\\/agence-immobiliere-dans-le-canton-du-valais-achat-vente-location-dune-propriete-immobiliere\\\/\"},{\"@type\":\"ListItem\",\"position\":3,\"name\":\"Agences immobili\u00e8res\",\"item\":\"https:\\\/\\\/www.immobilierlocal.ch\\\/agences\"},{\"@type\":\"ListItem\",\"position\":4,\"name\":\"Agence immobili\u00e8re \u00e0 Monthey\"}]},{\"@type\":\"WebSite\",\"@id\":\"https:\\\/\\\/www.immobilierlocal.ch\\\/c\\\/#website\",\"url\":\"https:\\\/\\\/www.immobilierlocal.ch\\\/c\\\/\",\"name\":\"Immobilierlocal\",\"description\":\"\",\"publisher\":{\"@id\":\"https:\\\/\\\/www.immobilierlocal.ch\\\/c\\\/#organization\"},\"potentialAction\":[{\"@type\":\"SearchAction\",\"target\":{\"@type\":\"EntryPoint\",\"urlTemplate\":\"https:\\\/\\\/www.immobilierlocal.ch\\\/c\\\/?s={search_term_string}\"},\"query-input\":{\"@type\":\"PropertyValueSpecification\",\"valueRequired\":true,\"valueName\":\"search_term_string\"}}],\"inLanguage\":\"fr-FR\"},{\"@type\":\"Organization\",\"@id\":\"https:\\\/\\\/www.immobilierlocal.ch\\\/c\\\/#organization\",\"name\":\"Immobilierlocal\",\"url\":\"https:\\\/\\\/www.immobilierlocal.ch\\\/c\\\/\",\"logo\":{\"@type\":\"ImageObject\",\"inLanguage\":\"fr-FR\",\"@id\":\"https:\\\/\\\/www.immobilierlocal.ch\\\/c\\\/#\\\/schema\\\/logo\\\/image\\\/\",\"url\":\"https:\\\/\\\/www.immobilierlocal.ch\\\/c\\\/wp-content\\\/uploads\\\/2023\\\/10\\\/logo-immobilierlocal-h.svg\",\"contentUrl\":\"https:\\\/\\\/www.immobilierlocal.ch\\\/c\\\/wp-content\\\/uploads\\\/2023\\\/10\\\/logo-immobilierlocal-h.svg\",\"caption\":\"Immobilierlocal\"},\"image\":{\"@id\":\"https:\\\/\\\/www.immobilierlocal.ch\\\/c\\\/#\\\/schema\\\/logo\\\/image\\\/\"}}]}<\/script>\n<!-- \/ Yoast SEO Premium plugin. -->","yoast_head_json":{"title":"Agence immobili\u00e8re \u00e0 Monthey : achat vente location d'un bien immobilier - Immobilierlocal","robots":{"index":"index","follow":"follow","max-snippet":"max-snippet:-1","max-image-preview":"max-image-preview:large","max-video-preview":"max-video-preview:-1"},"canonical":"https:\/\/www.immobilierlocal.ch\/c\/agence-immobiliere-a-monthey-achat-vente-location-dun-bien-immobilier\/","og_locale":"fr_FR","og_type":"article","og_title":"Agence immobili\u00e8re \u00e0 Monthey : achat vente location d'un bien immobilier","og_description":"Vous projetez d&rsquo;acheter, de vendre une maison ou un studio \u00e0 Monthey ? \u00c0 Monthey, l&rsquo;agence Immobilierlocal offre des accompagnements individualis\u00e9s. Notre entreprise est situ\u00e9e au centre-ville, contactez-nous pour trouver la maison de vos r\u00eaves ou vendre la v\u00f4tre. \u00c0 Monthey, notre agence immobili\u00e8re propose des services pour : l&rsquo;acquisition, la vente, la location de [&hellip;]","og_url":"https:\/\/www.immobilierlocal.ch\/c\/agence-immobiliere-a-monthey-achat-vente-location-dun-bien-immobilier\/","og_site_name":"Immobilierlocal","article_modified_time":"2026-02-09T10:42:21+00:00","og_image":[{"width":1920,"height":300,"url":"https:\/\/www.immobilierlocal.ch\/c\/wp-content\/uploads\/2026\/02\/agence-immobiliere.jpg","type":"image\/jpeg"}],"twitter_card":"summary_large_image","twitter_misc":{"Dur\u00e9e de lecture estim\u00e9e":"3 minutes"},"schema":{"@context":"https:\/\/schema.org","@graph":[{"@type":"WebPage","@id":"https:\/\/www.immobilierlocal.ch\/c\/agence-immobiliere-a-monthey-achat-vente-location-dun-bien-immobilier\/","url":"https:\/\/www.immobilierlocal.ch\/c\/agence-immobiliere-a-monthey-achat-vente-location-dun-bien-immobilier\/","name":"Agence immobili\u00e8re \u00e0 Monthey : achat vente location d'un bien immobilier - Immobilierlocal","isPartOf":{"@id":"https:\/\/www.immobilierlocal.ch\/c\/#website"},"primaryImageOfPage":{"@id":"https:\/\/www.immobilierlocal.ch\/c\/agence-immobiliere-a-monthey-achat-vente-location-dun-bien-immobilier\/#primaryimage"},"image":{"@id":"https:\/\/www.immobilierlocal.ch\/c\/agence-immobiliere-a-monthey-achat-vente-location-dun-bien-immobilier\/#primaryimage"},"thumbnailUrl":"https:\/\/www.immobilierlocal.ch\/c\/wp-content\/uploads\/2026\/02\/agence-immobiliere.jpg","datePublished":"2024-04-16T15:07:05+00:00","dateModified":"2026-02-09T10:42:21+00:00","breadcrumb":{"@id":"https:\/\/www.immobilierlocal.ch\/c\/agence-immobiliere-a-monthey-achat-vente-location-dun-bien-immobilier\/#breadcrumb"},"inLanguage":"fr-FR","potentialAction":[{"@type":"ReadAction","target":["https:\/\/www.immobilierlocal.ch\/c\/agence-immobiliere-a-monthey-achat-vente-location-dun-bien-immobilier\/"]}]},{"@type":"ImageObject","inLanguage":"fr-FR","@id":"https:\/\/www.immobilierlocal.ch\/c\/agence-immobiliere-a-monthey-achat-vente-location-dun-bien-immobilier\/#primaryimage","url":"https:\/\/www.immobilierlocal.ch\/c\/wp-content\/uploads\/2026\/02\/agence-immobiliere.jpg","contentUrl":"https:\/\/www.immobilierlocal.ch\/c\/wp-content\/uploads\/2026\/02\/agence-immobiliere.jpg","width":1920,"height":300},{"@type":"BreadcrumbList","@id":"https:\/\/www.immobilierlocal.ch\/c\/agence-immobiliere-a-monthey-achat-vente-location-dun-bien-immobilier\/#breadcrumb","itemListElement":[{"@type":"ListItem","position":1,"name":"Accueil","item":"https:\/\/www.immobilierlocal.ch\/c\/"},{"@type":"ListItem","position":2,"name":"Agence immobili\u00e8re dans le canton du Valais","item":"https:\/\/www.immobilierlocal.ch\/c\/agence-immobiliere-dans-le-canton-du-valais-achat-vente-location-dune-propriete-immobiliere\/"},{"@type":"ListItem","position":3,"name":"Agences immobili\u00e8res","item":"https:\/\/www.immobilierlocal.ch\/agences"},{"@type":"ListItem","position":4,"name":"Agence immobili\u00e8re \u00e0 Monthey"}]},{"@type":"WebSite","@id":"https:\/\/www.immobilierlocal.ch\/c\/#website","url":"https:\/\/www.immobilierlocal.ch\/c\/","name":"Immobilierlocal","description":"","publisher":{"@id":"https:\/\/www.immobilierlocal.ch\/c\/#organization"},"potentialAction":[{"@type":"SearchAction","target":{"@type":"EntryPoint","urlTemplate":"https:\/\/www.immobilierlocal.ch\/c\/?s={search_term_string}"},"query-input":{"@type":"PropertyValueSpecification","valueRequired":true,"valueName":"search_term_string"}}],"inLanguage":"fr-FR"},{"@type":"Organization","@id":"https:\/\/www.immobilierlocal.ch\/c\/#organization","name":"Immobilierlocal","url":"https:\/\/www.immobilierlocal.ch\/c\/","logo":{"@type":"ImageObject","inLanguage":"fr-FR","@id":"https:\/\/www.immobilierlocal.ch\/c\/#\/schema\/logo\/image\/","url":"https:\/\/www.immobilierlocal.ch\/c\/wp-content\/uploads\/2023\/10\/logo-immobilierlocal-h.svg","contentUrl":"https:\/\/www.immobilierlocal.ch\/c\/wp-content\/uploads\/2023\/10\/logo-immobilierlocal-h.svg","caption":"Immobilierlocal"},"image":{"@id":"https:\/\/www.immobilierlocal.ch\/c\/#\/schema\/logo\/image\/"}}]}},"_links":{"self":[{"href":"https:\/\/www.immobilierlocal.ch\/c\/wp-json\/wp\/v2\/pages\/2291","targetHints":{"allow":["GET"]}}],"collection":[{"href":"https:\/\/www.immobilierlocal.ch\/c\/wp-json\/wp\/v2\/pages"}],"about":[{"href":"https:\/\/www.immobilierlocal.ch\/c\/wp-json\/wp\/v2\/types\/page"}],"author":[{"embeddable":true,"href":"https:\/\/www.immobilierlocal.ch\/c\/wp-json\/wp\/v2\/users\/3"}],"replies":[{"embeddable":true,"href":"https:\/\/www.immobilierlocal.ch\/c\/wp-json\/wp\/v2\/comments?post=2291"}],"version-history":[{"count":0,"href":"https:\/\/www.immobilierlocal.ch\/c\/wp-json\/wp\/v2\/pages\/2291\/revisions"}],"wp:featuredmedia":[{"embeddable":true,"href":"https:\/\/www.immobilierlocal.ch\/c\/wp-json\/wp\/v2\/media\/2768"}],"wp:attachment":[{"href":"https:\/\/www.immobilierlocal.ch\/c\/wp-json\/wp\/v2\/media?parent=2291"}],"wp:term":[{"taxonomy":"category","embeddable":true,"href":"https:\/\/www.immobilierlocal.ch\/c\/wp-json\/wp\/v2\/categories?post=2291"},{"taxonomy":"profession","embeddable":true,"href":"https:\/\/www.immobilierlocal.ch\/c\/wp-json\/wp\/v2\/profession?post=2291"},{"taxonomy":"location","embeddable":true,"href":"https:\/\/www.immobilierlocal.ch\/c\/wp-json\/wp\/v2\/location?post=2291"},{"taxonomy":"canton","embeddable":true,"href":"https:\/\/www.immobilierlocal.ch\/c\/wp-json\/wp\/v2\/canton?post=2291"}],"curies":[{"name":"wp","href":"https:\/\/api.w.org\/{rel}","templated":true}]}}