
{"id":2289,"date":"2024-04-16T17:07:25","date_gmt":"2024-04-16T15:07:25","guid":{"rendered":"https:\/\/www.immobilierlocal.ch\/c\/?page_id=2289"},"modified":"2026-02-09T11:42:01","modified_gmt":"2026-02-09T10:42:01","slug":"agence-immobiliere-a-yverdon-expert-en-transactions-immobilieres-et-locations-de-biens-immobiliers","status":"publish","type":"page","link":"https:\/\/www.immobilierlocal.ch\/c\/agence-immobiliere-a-yverdon-expert-en-transactions-immobilieres-et-locations-de-biens-immobiliers\/","title":{"rendered":"Agence immobili\u00e8re \u00e0 Yverdon-les-Bains : expert en transactions immobili\u00e8res et locations de biens immobiliers"},"content":{"rendered":"<p>Vous envisagez de vendre, d&rsquo;acheter, de louer une maison ou un logement \u00e0 Yverdon-les-Bains ? Immobilierlocal est joignable et \u00e0 votre \u00e9coute pour vous guider dans vos projets. Implant\u00e9e au c\u0153ur de la ville, nos conseillers immobiliers sont disponibles pour vous assister \u00e0 trouver ou vendre votre logement. \u00c0 Yverdon-les-Bains, notre agence propose des services pour : l&rsquo;achat, la vente, la mise en location d&rsquo;appartements, de propri\u00e9t\u00e9s, de bureaux et de commerces, nous proposons aussi la g\u00e9rance de vos propri\u00e9t\u00e9s, la gestion locative de vos studios Airbnb, la gestion de copropri\u00e9t\u00e9s ou encore pour \u00e9laborer une solution de cr\u00e9dit de votre futur bien.<\/p>\n\n<div class=\"box\">\n    <h2 class=\"text-dark\">Nous cherchons un <em class=\"text-primary\">Agent immobilier<\/em> dans la r\u00e9gion de <em class=\"text-primary\">Yverdon-les-Bains-les-Bains<\/em>  en exclusivit\u00e9, afin de proposer vos services \u00e0 nos clients propri\u00e9taires.<\/h2>\n    <p>Une opportunit\u00e9 unique pour booster votre activit\u00e9 \u00e0 <strong>Yverdon-les-Bains-les-Bains<\/strong> et aux alentours dans votre domaine (Agent immobilier).<\/p>\n    <p>Nous travaillons en exclusivit\u00e9 avec qu'une soci\u00e9t\u00e9 par m\u00e9tier et par r\u00e9gion. <br>Votre entreprise est pr\u00e9sente sur tous les documents immobiliers. Afin d'\u00eatre mieux vu sur le net, vous \u00eates \u00e9galement visible sur nos deux sites et sur les pages de r\u00e9f\u00e9rencement de votre r\u00e9gion.<\/p>\n    <a href=\"\/contact\" class=\"wp-block-button__link has-accent-background-color has-text-align-center wp-element-button\">R\u00e9server<\/a>\n<\/div>\n<h2>Le march\u00e9 immobilier Yverdon-les-Bainsnois s&rsquo;\u00e9tend plus loin que de sa localit\u00e9<\/h2>\n<p>R\u00e9cemment, les tarifs ont augment\u00e9 \u00e0 Yverdon-les-Bains, en raison de divers facteurs :<\/p>\n<ul>\n<li>Sa place g\u00e9ographique,<\/li>\n<li>le secteur de l&#8217;emploi,<\/li>\n<li>la qualit\u00e9 de son cadre de vie.<\/li>\n<\/ul>\n<p>Acheter \u00e0 Yverdon-les-Bains est aussi une option pertinente, car la demande de maisons et de studios \u00e0 louer ou \u00e0 acqu\u00e9rir \u00e0 exploser, entra\u00eenant une mont\u00e9e des tarifs.<\/p>\n<h3>Pour le co\u00fbt moyen par m\u00e8tre carr\u00e9 des biens immobiliers \u00e0 Yverdon-les-Bains<\/h3>\n<p class=\"estimates-price-immobilier\">Le march\u00e9 immobilier \u00e0 Yverdon-les-Bains affiche un prix moyen de CHF 7'619 \/ m\u00b2 (prix par m\u00e8tre carr\u00e9). Les maisons et les appartements ont un prix moyen respectif de CHF 6'757 \/ m\u00b2 et de CHF 8'481 \/ m\u00b2.<\/p>\n<h3>Pour le prix moyen du loyer \u00e0 Yverdon-les-Bains<\/h3>\n<p class=\"estimates-rent-average\">Les loyers moyens \u00e0 Yverdon-les-Bains sont actuellement de CHF 2'248 pour les appartements, CHF 2'444 pour les maisons.<\/p>\n<p>La p\u00e9nurie des biens immobiliers disponibles \u00e0 la vente pousse de plus en plus d&rsquo;acqu\u00e9reurs \u00e0 s&rsquo;\u00e9loigner de Yverdon-les-Bains et \u00e0 cibler des villes proches, comme :<\/p>\nOppens, Cheseaux-Nor\u00e9az, Cuarny, Villars-Epeney, Pomy, Cronay, Bioley-Magnoux, Donneloye, Gossens, M\u00e9zery-pr\u00e8s-Donneloye, Prahins, Ursins, Valeyres-sous-Ursins, Orzens, D\u00e9moret, Molondin, Epautheyres, Essertines-sur-Yverdon, Belmont-sur-Yverdon, Gressy, Suchy, Ependes VD, Essert-Pittet, Chamblon, Treycovagnes, Susc\u00e9vaz, Mathod, Valeyres-sous-Montagny, Montagny-pr\u00e8s-Yverdon, Champvent, Essert-sous-Champvent, Villars-sous-Champvent, Yvonand, Rovray, Chavannes-le-Ch\u00eane, Ch\u00eane-P\u00e2quier.\n<h2>L\u2019implantation de notre agence immobili\u00e8re \u00e0 Yverdon-les-Bains<\/h2>\n<p>\u00c9tabli \u00e0 Yverdon-les-Bains notre agence intervient dans dans tous les secteurs de la ville.<\/p>\n\n<h2>Pourquoi s\u00e9lectionner Immobilierlocal ?<\/h2>\n<p>Notre soci\u00e9t\u00e9, Immobilierlocal, offre un ensemble de prestations, notamment :<\/p>\n<ul>\n<li>La parution de votre publicit\u00e9 sur notre site : afin de toucher plus de personnes.<\/li>\n<li>Une vitrine sur l&rsquo;internet suisse : notre portail web se positionne sur des moteurs de recherches web francophones dans le but de toucher plus d\u2019acheteurs et de vendeurs.<\/li>\n<li>Commercialisation personnalis\u00e9e : chaque bien immobilier sur notre plateforme internet profite d&rsquo;une strat\u00e9gie de vente sur mesure.<\/li>\n<li>\u00c9valuation des prix en ligne : nous avons d\u00e9velopp\u00e9 un outil en ligne pour calculer les prix de vente des propri\u00e9t\u00e9s immobili\u00e8res \u00e0 Yverdon-les-Bains.<\/li>\n<li>Photographies et vid\u00e9os : nous r\u00e9alisons la prise des vid\u00e9os et des photos dans le but de mettre en valeur votre propri\u00e9t\u00e9.<\/li>\n<li>Empreinte \u00e9lectronique : nous proposons l&rsquo;option signature des actes par voie num\u00e9rique afin de vous simplifier la vie.<\/li>\n<li>Service de conciergerie airbnb : nous avons aussi une prestation pour les propri\u00e9taires de logements en locations courte et moyenne dur\u00e9e.<\/li>\n<li>Gestion locative : nous offrons une protection pour les loyers impay\u00e9s.<\/li>\n<\/ul>\n<h2>Une entreprise immobili\u00e8re compos\u00e9e d&rsquo;experts<\/h2>\n<p>Les conseillers de notre agence sont exp\u00e9riment\u00e9s, qu&rsquo;il s&rsquo;agisse de technico-commerciaux ou de gestionnaires. Nos collaborateurs participent r\u00e9guli\u00e8rement \u00e0 des formations de perfectionnement. Chaque expert de notre \u00e9quipe poss\u00e8de une grande expertise dans le march\u00e9 de l&rsquo;immobilier. Les comp\u00e9tences acquises nous permettent d&rsquo;accompagner au maximum nos clients.<\/p>\n<h2>Obtenez une estimation de votre bien immobilier \u00e0 Yverdon-les-Bains<\/h2>\n<p>Si vous \u00eates un Yverdon-les-Bainsnois, notre entreprise immobili\u00e8re r\u00e9alise des estimations pouss\u00e9es de votre propri\u00e9t\u00e9 en tenant compte des particularit\u00e9s de votre appartement comme votre secteur. Immobilierlocal propose \u00e0 sa client\u00e8le, les prestations, comme : la gestion de vos habitats locatifs, la vente, l&rsquo;achat, les investissements immobiliers, la direction des locations temporaires et la gestion du syndic de copropri\u00e9t\u00e9.<\/p>\n<h2>Un accompagnement personnalis\u00e9<\/h2>\n<p>Nous sommes conscients que votre projet est adapt\u00e9 \u00e0 votre situation et vos besoins, c&rsquo;est pour cela que nous proposons des services adapt\u00e9s. Vous voulez, louer ou vendre une maison ou un studio dans la r\u00e9gion de Yverdon-les-Bains ? Notre entreprise vous assiste du d\u00e9but \u00e0 la fin de votre projet immobilier. Vous d\u00e9sirez acheter une nouvelle habitation \u00e0 Yverdon-les-Bains ? Nous cherchons et trouvons le meilleur appartement potentiel au moyen de notre r\u00e9seau.<\/p>\n<h2>Besoin d&rsquo;une agence immobili\u00e8re \u00e0 Yverdon-les-Bains ?<\/h2>\n<p>L&rsquo;agence Immobilierlocal est situ\u00e9e au centre de Yverdon-les-Bains. Nos consultants vous accueillent et sont pr\u00eats \u00e0 vous assister dans votre projet. Notre soci\u00e9t\u00e9 est exp\u00e9riment\u00e9e dans la vente, l&rsquo;acquisition et la gestion de propri\u00e9t\u00e9s.<\/p>\n","protected":false},"excerpt":{"rendered":"<p>Vous envisagez de vendre, d&rsquo;acheter, de louer une maison ou un logement \u00e0 Yverdon-les-Bains ? Immobilierlocal est joignable et \u00e0 votre \u00e9coute pour vous guider dans vos projets. Implant\u00e9e au c\u0153ur de la ville, nos conseillers immobiliers sont disponibles pour vous assister \u00e0 trouver ou vendre votre logement. \u00c0 Yverdon-les-Bains, notre agence propose des services [&hellip;]<\/p>\n","protected":false},"author":3,"featured_media":2768,"parent":0,"menu_order":0,"comment_status":"closed","ping_status":"closed","template":"wp-custom-template-page-agent","meta":{"footnotes":""},"categories":[89],"profession":[92],"location":[33],"canton":[79],"class_list":["post-2289","page","type-page","status-publish","has-post-thumbnail","hentry","category-agence","profession-agent-immobilier"],"yoast_head":"<!-- This site is optimized with the Yoast SEO Premium plugin v23.0 (Yoast SEO v27.3) - https:\/\/yoast.com\/product\/yoast-seo-premium-wordpress\/ -->\n<title>Agence immobili\u00e8re \u00e0 Yverdon-les-Bains : expert en transactions immobili\u00e8res et locations de biens immobiliers - Immobilierlocal<\/title>\n<meta name=\"robots\" content=\"index, follow, max-snippet:-1, max-image-preview:large, max-video-preview:-1\" \/>\n<link rel=\"canonical\" href=\"https:\/\/www.immobilierlocal.ch\/c\/agence-immobiliere-a-yverdon-expert-en-transactions-immobilieres-et-locations-de-biens-immobiliers\/\" \/>\n<meta property=\"og:locale\" content=\"fr_FR\" \/>\n<meta property=\"og:type\" content=\"article\" \/>\n<meta property=\"og:title\" content=\"Agence immobili\u00e8re \u00e0 Yverdon-les-Bains : expert en transactions immobili\u00e8res et locations de biens immobiliers\" \/>\n<meta property=\"og:description\" content=\"Vous envisagez de vendre, d&rsquo;acheter, de louer une maison ou un logement \u00e0 Yverdon-les-Bains ? Immobilierlocal est joignable et \u00e0 votre \u00e9coute pour vous guider dans vos projets. Implant\u00e9e au c\u0153ur de la ville, nos conseillers immobiliers sont disponibles pour vous assister \u00e0 trouver ou vendre votre logement. \u00c0 Yverdon-les-Bains, notre agence propose des services [&hellip;]\" \/>\n<meta property=\"og:url\" content=\"https:\/\/www.immobilierlocal.ch\/c\/agence-immobiliere-a-yverdon-expert-en-transactions-immobilieres-et-locations-de-biens-immobiliers\/\" \/>\n<meta property=\"og:site_name\" content=\"Immobilierlocal\" \/>\n<meta property=\"article:modified_time\" content=\"2026-02-09T10:42:01+00:00\" \/>\n<meta property=\"og:image\" content=\"https:\/\/www.immobilierlocal.ch\/c\/wp-content\/uploads\/2026\/02\/agence-immobiliere.jpg\" \/>\n\t<meta property=\"og:image:width\" content=\"1920\" \/>\n\t<meta property=\"og:image:height\" content=\"300\" \/>\n\t<meta property=\"og:image:type\" content=\"image\/jpeg\" \/>\n<meta name=\"twitter:card\" content=\"summary_large_image\" \/>\n<meta name=\"twitter:label1\" content=\"Dur\u00e9e de lecture estim\u00e9e\" \/>\n\t<meta name=\"twitter:data1\" content=\"3 minutes\" \/>\n<script type=\"application\/ld+json\" class=\"yoast-schema-graph\">{\"@context\":\"https:\\\/\\\/schema.org\",\"@graph\":[{\"@type\":\"WebPage\",\"@id\":\"https:\\\/\\\/www.immobilierlocal.ch\\\/c\\\/agence-immobiliere-a-yverdon-expert-en-transactions-immobilieres-et-locations-de-biens-immobiliers\\\/\",\"url\":\"https:\\\/\\\/www.immobilierlocal.ch\\\/c\\\/agence-immobiliere-a-yverdon-expert-en-transactions-immobilieres-et-locations-de-biens-immobiliers\\\/\",\"name\":\"Agence immobili\u00e8re \u00e0 Yverdon-les-Bains : expert en transactions immobili\u00e8res et locations de biens immobiliers - Immobilierlocal\",\"isPartOf\":{\"@id\":\"https:\\\/\\\/www.immobilierlocal.ch\\\/c\\\/#website\"},\"primaryImageOfPage\":{\"@id\":\"https:\\\/\\\/www.immobilierlocal.ch\\\/c\\\/agence-immobiliere-a-yverdon-expert-en-transactions-immobilieres-et-locations-de-biens-immobiliers\\\/#primaryimage\"},\"image\":{\"@id\":\"https:\\\/\\\/www.immobilierlocal.ch\\\/c\\\/agence-immobiliere-a-yverdon-expert-en-transactions-immobilieres-et-locations-de-biens-immobiliers\\\/#primaryimage\"},\"thumbnailUrl\":\"https:\\\/\\\/www.immobilierlocal.ch\\\/c\\\/wp-content\\\/uploads\\\/2026\\\/02\\\/agence-immobiliere.jpg\",\"datePublished\":\"2024-04-16T15:07:25+00:00\",\"dateModified\":\"2026-02-09T10:42:01+00:00\",\"breadcrumb\":{\"@id\":\"https:\\\/\\\/www.immobilierlocal.ch\\\/c\\\/agence-immobiliere-a-yverdon-expert-en-transactions-immobilieres-et-locations-de-biens-immobiliers\\\/#breadcrumb\"},\"inLanguage\":\"fr-FR\",\"potentialAction\":[{\"@type\":\"ReadAction\",\"target\":[\"https:\\\/\\\/www.immobilierlocal.ch\\\/c\\\/agence-immobiliere-a-yverdon-expert-en-transactions-immobilieres-et-locations-de-biens-immobiliers\\\/\"]}]},{\"@type\":\"ImageObject\",\"inLanguage\":\"fr-FR\",\"@id\":\"https:\\\/\\\/www.immobilierlocal.ch\\\/c\\\/agence-immobiliere-a-yverdon-expert-en-transactions-immobilieres-et-locations-de-biens-immobiliers\\\/#primaryimage\",\"url\":\"https:\\\/\\\/www.immobilierlocal.ch\\\/c\\\/wp-content\\\/uploads\\\/2026\\\/02\\\/agence-immobiliere.jpg\",\"contentUrl\":\"https:\\\/\\\/www.immobilierlocal.ch\\\/c\\\/wp-content\\\/uploads\\\/2026\\\/02\\\/agence-immobiliere.jpg\",\"width\":1920,\"height\":300},{\"@type\":\"BreadcrumbList\",\"@id\":\"https:\\\/\\\/www.immobilierlocal.ch\\\/c\\\/agence-immobiliere-a-yverdon-expert-en-transactions-immobilieres-et-locations-de-biens-immobiliers\\\/#breadcrumb\",\"itemListElement\":[{\"@type\":\"ListItem\",\"position\":1,\"name\":\"Accueil\",\"item\":\"https:\\\/\\\/www.immobilierlocal.ch\\\/c\\\/\"},{\"@type\":\"ListItem\",\"position\":2,\"name\":\"Agence immobili\u00e8re dans le canton de Vaud\",\"item\":\"https:\\\/\\\/www.immobilierlocal.ch\\\/c\\\/agence-immobiliere-dans-le-canton-de-vaud-expert-en-ventes-et-locations-immobilieres\\\/\"},{\"@type\":\"ListItem\",\"position\":3,\"name\":\"Agences immobili\u00e8res\",\"item\":\"https:\\\/\\\/www.immobilierlocal.ch\\\/agences\"},{\"@type\":\"ListItem\",\"position\":4,\"name\":\"Agence immobili\u00e8re \u00e0 Yverdon\"}]},{\"@type\":\"WebSite\",\"@id\":\"https:\\\/\\\/www.immobilierlocal.ch\\\/c\\\/#website\",\"url\":\"https:\\\/\\\/www.immobilierlocal.ch\\\/c\\\/\",\"name\":\"Immobilierlocal\",\"description\":\"\",\"publisher\":{\"@id\":\"https:\\\/\\\/www.immobilierlocal.ch\\\/c\\\/#organization\"},\"potentialAction\":[{\"@type\":\"SearchAction\",\"target\":{\"@type\":\"EntryPoint\",\"urlTemplate\":\"https:\\\/\\\/www.immobilierlocal.ch\\\/c\\\/?s={search_term_string}\"},\"query-input\":{\"@type\":\"PropertyValueSpecification\",\"valueRequired\":true,\"valueName\":\"search_term_string\"}}],\"inLanguage\":\"fr-FR\"},{\"@type\":\"Organization\",\"@id\":\"https:\\\/\\\/www.immobilierlocal.ch\\\/c\\\/#organization\",\"name\":\"Immobilierlocal\",\"url\":\"https:\\\/\\\/www.immobilierlocal.ch\\\/c\\\/\",\"logo\":{\"@type\":\"ImageObject\",\"inLanguage\":\"fr-FR\",\"@id\":\"https:\\\/\\\/www.immobilierlocal.ch\\\/c\\\/#\\\/schema\\\/logo\\\/image\\\/\",\"url\":\"https:\\\/\\\/www.immobilierlocal.ch\\\/c\\\/wp-content\\\/uploads\\\/2023\\\/10\\\/logo-immobilierlocal-h.svg\",\"contentUrl\":\"https:\\\/\\\/www.immobilierlocal.ch\\\/c\\\/wp-content\\\/uploads\\\/2023\\\/10\\\/logo-immobilierlocal-h.svg\",\"caption\":\"Immobilierlocal\"},\"image\":{\"@id\":\"https:\\\/\\\/www.immobilierlocal.ch\\\/c\\\/#\\\/schema\\\/logo\\\/image\\\/\"}}]}<\/script>\n<!-- \/ Yoast SEO Premium plugin. -->","yoast_head_json":{"title":"Agence immobili\u00e8re \u00e0 Yverdon-les-Bains : expert en transactions immobili\u00e8res et locations de biens immobiliers - Immobilierlocal","robots":{"index":"index","follow":"follow","max-snippet":"max-snippet:-1","max-image-preview":"max-image-preview:large","max-video-preview":"max-video-preview:-1"},"canonical":"https:\/\/www.immobilierlocal.ch\/c\/agence-immobiliere-a-yverdon-expert-en-transactions-immobilieres-et-locations-de-biens-immobiliers\/","og_locale":"fr_FR","og_type":"article","og_title":"Agence immobili\u00e8re \u00e0 Yverdon-les-Bains : expert en transactions immobili\u00e8res et locations de biens immobiliers","og_description":"Vous envisagez de vendre, d&rsquo;acheter, de louer une maison ou un logement \u00e0 Yverdon-les-Bains ? Immobilierlocal est joignable et \u00e0 votre \u00e9coute pour vous guider dans vos projets. Implant\u00e9e au c\u0153ur de la ville, nos conseillers immobiliers sont disponibles pour vous assister \u00e0 trouver ou vendre votre logement. \u00c0 Yverdon-les-Bains, notre agence propose des services [&hellip;]","og_url":"https:\/\/www.immobilierlocal.ch\/c\/agence-immobiliere-a-yverdon-expert-en-transactions-immobilieres-et-locations-de-biens-immobiliers\/","og_site_name":"Immobilierlocal","article_modified_time":"2026-02-09T10:42:01+00:00","og_image":[{"width":1920,"height":300,"url":"https:\/\/www.immobilierlocal.ch\/c\/wp-content\/uploads\/2026\/02\/agence-immobiliere.jpg","type":"image\/jpeg"}],"twitter_card":"summary_large_image","twitter_misc":{"Dur\u00e9e de lecture estim\u00e9e":"3 minutes"},"schema":{"@context":"https:\/\/schema.org","@graph":[{"@type":"WebPage","@id":"https:\/\/www.immobilierlocal.ch\/c\/agence-immobiliere-a-yverdon-expert-en-transactions-immobilieres-et-locations-de-biens-immobiliers\/","url":"https:\/\/www.immobilierlocal.ch\/c\/agence-immobiliere-a-yverdon-expert-en-transactions-immobilieres-et-locations-de-biens-immobiliers\/","name":"Agence immobili\u00e8re \u00e0 Yverdon-les-Bains : expert en transactions immobili\u00e8res et locations de biens immobiliers - Immobilierlocal","isPartOf":{"@id":"https:\/\/www.immobilierlocal.ch\/c\/#website"},"primaryImageOfPage":{"@id":"https:\/\/www.immobilierlocal.ch\/c\/agence-immobiliere-a-yverdon-expert-en-transactions-immobilieres-et-locations-de-biens-immobiliers\/#primaryimage"},"image":{"@id":"https:\/\/www.immobilierlocal.ch\/c\/agence-immobiliere-a-yverdon-expert-en-transactions-immobilieres-et-locations-de-biens-immobiliers\/#primaryimage"},"thumbnailUrl":"https:\/\/www.immobilierlocal.ch\/c\/wp-content\/uploads\/2026\/02\/agence-immobiliere.jpg","datePublished":"2024-04-16T15:07:25+00:00","dateModified":"2026-02-09T10:42:01+00:00","breadcrumb":{"@id":"https:\/\/www.immobilierlocal.ch\/c\/agence-immobiliere-a-yverdon-expert-en-transactions-immobilieres-et-locations-de-biens-immobiliers\/#breadcrumb"},"inLanguage":"fr-FR","potentialAction":[{"@type":"ReadAction","target":["https:\/\/www.immobilierlocal.ch\/c\/agence-immobiliere-a-yverdon-expert-en-transactions-immobilieres-et-locations-de-biens-immobiliers\/"]}]},{"@type":"ImageObject","inLanguage":"fr-FR","@id":"https:\/\/www.immobilierlocal.ch\/c\/agence-immobiliere-a-yverdon-expert-en-transactions-immobilieres-et-locations-de-biens-immobiliers\/#primaryimage","url":"https:\/\/www.immobilierlocal.ch\/c\/wp-content\/uploads\/2026\/02\/agence-immobiliere.jpg","contentUrl":"https:\/\/www.immobilierlocal.ch\/c\/wp-content\/uploads\/2026\/02\/agence-immobiliere.jpg","width":1920,"height":300},{"@type":"BreadcrumbList","@id":"https:\/\/www.immobilierlocal.ch\/c\/agence-immobiliere-a-yverdon-expert-en-transactions-immobilieres-et-locations-de-biens-immobiliers\/#breadcrumb","itemListElement":[{"@type":"ListItem","position":1,"name":"Accueil","item":"https:\/\/www.immobilierlocal.ch\/c\/"},{"@type":"ListItem","position":2,"name":"Agence immobili\u00e8re dans le canton de Vaud","item":"https:\/\/www.immobilierlocal.ch\/c\/agence-immobiliere-dans-le-canton-de-vaud-expert-en-ventes-et-locations-immobilieres\/"},{"@type":"ListItem","position":3,"name":"Agences immobili\u00e8res","item":"https:\/\/www.immobilierlocal.ch\/agences"},{"@type":"ListItem","position":4,"name":"Agence immobili\u00e8re \u00e0 Yverdon"}]},{"@type":"WebSite","@id":"https:\/\/www.immobilierlocal.ch\/c\/#website","url":"https:\/\/www.immobilierlocal.ch\/c\/","name":"Immobilierlocal","description":"","publisher":{"@id":"https:\/\/www.immobilierlocal.ch\/c\/#organization"},"potentialAction":[{"@type":"SearchAction","target":{"@type":"EntryPoint","urlTemplate":"https:\/\/www.immobilierlocal.ch\/c\/?s={search_term_string}"},"query-input":{"@type":"PropertyValueSpecification","valueRequired":true,"valueName":"search_term_string"}}],"inLanguage":"fr-FR"},{"@type":"Organization","@id":"https:\/\/www.immobilierlocal.ch\/c\/#organization","name":"Immobilierlocal","url":"https:\/\/www.immobilierlocal.ch\/c\/","logo":{"@type":"ImageObject","inLanguage":"fr-FR","@id":"https:\/\/www.immobilierlocal.ch\/c\/#\/schema\/logo\/image\/","url":"https:\/\/www.immobilierlocal.ch\/c\/wp-content\/uploads\/2023\/10\/logo-immobilierlocal-h.svg","contentUrl":"https:\/\/www.immobilierlocal.ch\/c\/wp-content\/uploads\/2023\/10\/logo-immobilierlocal-h.svg","caption":"Immobilierlocal"},"image":{"@id":"https:\/\/www.immobilierlocal.ch\/c\/#\/schema\/logo\/image\/"}}]}},"_links":{"self":[{"href":"https:\/\/www.immobilierlocal.ch\/c\/wp-json\/wp\/v2\/pages\/2289","targetHints":{"allow":["GET"]}}],"collection":[{"href":"https:\/\/www.immobilierlocal.ch\/c\/wp-json\/wp\/v2\/pages"}],"about":[{"href":"https:\/\/www.immobilierlocal.ch\/c\/wp-json\/wp\/v2\/types\/page"}],"author":[{"embeddable":true,"href":"https:\/\/www.immobilierlocal.ch\/c\/wp-json\/wp\/v2\/users\/3"}],"replies":[{"embeddable":true,"href":"https:\/\/www.immobilierlocal.ch\/c\/wp-json\/wp\/v2\/comments?post=2289"}],"version-history":[{"count":0,"href":"https:\/\/www.immobilierlocal.ch\/c\/wp-json\/wp\/v2\/pages\/2289\/revisions"}],"wp:featuredmedia":[{"embeddable":true,"href":"https:\/\/www.immobilierlocal.ch\/c\/wp-json\/wp\/v2\/media\/2768"}],"wp:attachment":[{"href":"https:\/\/www.immobilierlocal.ch\/c\/wp-json\/wp\/v2\/media?parent=2289"}],"wp:term":[{"taxonomy":"category","embeddable":true,"href":"https:\/\/www.immobilierlocal.ch\/c\/wp-json\/wp\/v2\/categories?post=2289"},{"taxonomy":"profession","embeddable":true,"href":"https:\/\/www.immobilierlocal.ch\/c\/wp-json\/wp\/v2\/profession?post=2289"},{"taxonomy":"location","embeddable":true,"href":"https:\/\/www.immobilierlocal.ch\/c\/wp-json\/wp\/v2\/location?post=2289"},{"taxonomy":"canton","embeddable":true,"href":"https:\/\/www.immobilierlocal.ch\/c\/wp-json\/wp\/v2\/canton?post=2289"}],"curies":[{"name":"wp","href":"https:\/\/api.w.org\/{rel}","templated":true}]}}