
{"id":2288,"date":"2024-04-16T17:07:23","date_gmt":"2024-04-16T15:07:23","guid":{"rendered":"https:\/\/www.immobilierlocal.ch\/c\/?page_id=2288"},"modified":"2026-04-03T19:55:08","modified_gmt":"2026-04-03T17:55:08","slug":"agence-immobiliere-a-vevey-votre-partenaire-pour-la-location-lachat-et-la-vente-de-logements","status":"publish","type":"page","link":"https:\/\/www.immobilierlocal.ch\/c\/agence-immobiliere-a-vevey-votre-partenaire-pour-la-location-lachat-et-la-vente-de-logements\/","title":{"rendered":"Agence immobili\u00e8re \u00e0 Vevey : votre partenaire pour la location, l&rsquo;achat et la vente de logements"},"content":{"rendered":"<p>Vous envisagez de vendre, d&rsquo;acheter, de louer une maison ou un studio \u00e0 Vevey ? Immobilierlocal est joignable pour vous assister dans vos projets. Notre soci\u00e9t\u00e9 est situ\u00e9e au c\u0153ur du centre de Vevey, prenez contact avec nous pour acqu\u00e9rir la propri\u00e9t\u00e9 de vos r\u00eaves ou c\u00e9der la v\u00f4tre. Notre agence immobili\u00e8re \u00e0 Vevey offre une vaste gamme de services : pour acheter, c\u00e9der votre villa, ou votre studio, pour trouver un appartement \u00e0 louer, acqu\u00e9rir des boutiques, des locaux professionnels, pour la g\u00e9rance de vos biens immobiliers, pour de la location saisonni\u00e8re airbnb ou la g\u00e9rance de syndicat de copropri\u00e9taires et pour les solutions de financement de votre bien.<\/p>\n\r\n<div class=\"box\">\r\n            <div class=\"company-info\">\r\n            <img decoding=\"async\" class=\"company-info__logo\" src=\"https:\/\/www.artisanlocal.ch\/media\/cache\/thumb\/images\/companies\/glauser-immobilier-sa.jpg\" alt=\"Logo\">\r\n            <h2 class=\"company-info__name\">Glauser Immobilier SA<\/h2>\r\n            <p class=\"company-info__business\">Agence immobili\u00e8re - Courtage immobilier - Estimation - Accompagnement pour l\u2019achat - Financement - Conseils<\/p>\r\n        <\/div>\r\n        <div class=\"company-contact\">\r\n            <p class=\"company-info__address\">Avenue du Clos-d'Aubonne 58, 1814\u00a0La Tour-de-Peilz <\/p>\r\n                            <div class=\"links\">\r\n                                            <a class=\"btn has-accent-background-color js-phoneNumber\" href=\"tel:0219772277\" title=\"Appelez\" data-id=\"27865\" data-type=\"11\">021 977 22 77<\/a>\r\n                                                                <a class=\"btn has-accent-background-color\" href=\"http:\/\/www.glauserimmo.ch\/\" target=\"_blank\" title=\"Voir le site internet\" data-id=\"27865\" data-type=\"20\">Site internet<\/a>\r\n                                    <\/div>\r\n                    <\/div>\r\n    \r\n            \n<form action=\"https:\/\/www.immobilierlocal.ch\/c\/wp-admin\/admin-ajax.php\" method=\"post\" class=\"form-contact\" id=\"immobilier_form_contact_company_inline\">\n    <div><input type=\"hidden\" name=\"action\" value=\"company_contact\"><\/div>\n    <div><input type=\"hidden\" name=\"nonce\" value=\"0b5e0bde16\"><\/div>\n    <div><input type=\"hidden\" name=\"company_id\" value=\"27865\"><\/div>\n    <div><input type=\"hidden\" name=\"form_id\" value=\"immobilier_form_contact_company_inline\"><\/div>\n    <div class=\"gglcptch gglcptch_v3 gglcptch_custom\"><input type=\"hidden\" id=\"g-recaptcha-response\" name=\"g-recaptcha-response\" \/><br \/><div class=\"gglcptch_error_text\">La p\u00e9riode de v\u00e9rification reCAPTCHA a expir\u00e9. Veuillez recharger la page.<\/div><\/div>    <div class=\"form-content\">\n        <div class=\"form-group\">\n            <label for=\"contact_firstName\" class=\"required\">Pr\u00e9nom<\/label>\n            <input type=\"text\" name=\"firstName\" class=\"form-control\" required>\n        <\/div>\n        <div class=\"form-group\">\n            <label for=\"contact_lastName\" class=\"required\">Nom<\/label>\n            <input type=\"text\" name=\"lastName\" class=\"form-control\" required>\n        <\/div>\n        <div class=\"form-group\">\n            <label for=\"contact_email\" class=\"required\">Email<\/label>\n            <input type=\"email\" name=\"email\" class=\"form-control\" required>\n        <\/div>\n        <div class=\"form-group\">\n            <label for=\"contact_phone\" class=\"required\">Num\u00e9ro de t\u00e9l\u00e9phone<\/label>\n            <input type=\"tel\" name=\"phone\" class=\"form-control\" placeholder=\"0787117165\" pattern=\"^[0-9]{10}$\" required>\n        <\/div>\n        <div class=\"form-group\">\n            <label for=\"contact_postalCode\" class=\"required\">Code postal et localit\u00e9<\/label>\n            <input type=\"text\" name=\"postalCode\" class=\"form-control\" required>\n        <\/div>\n        <div class=\"form-group\">\n            <label for=\"contact_address\" class=\"required\">Adresse<\/label>\n            <input type=\"text\" name=\"address\" class=\"form-control\" required>\n        <\/div>\n        <div class=\"full-width topic\">\n            <p class=\"required\">Je souhaite \u00eatre contact\u00e9 pour :<\/p>\n            <div class=\"form-check\">\n                <input type=\"radio\" name=\"topic\" value=\"Estimation\" class=\"form-control\" required>\n                <label for=\"estimation\">R\u00e9aliser une estimation<\/label>\n            <\/div>\n            <div class=\"form-check\">\n                <input type=\"radio\" name=\"topic\" value=\"Vente\" class=\"form-control\" required>\n                <label for=\"vente\">R\u00e9aliser une vente<\/label>\n            <\/div>\n            <div class=\"form-check\">\n                <input type=\"radio\" name=\"topic\" value=\"Autre\" class=\"form-control\" required>\n                <label for=\"autre\">Autre<\/label>\n            <\/div>\n        <\/div>\n        <div class=\"form-group full-width\">\n            <label for=\"contact_message\">Message<\/label>\n            <textarea name=\"message\" rows=\"3\" class=\"form-control\"><\/textarea>\n        <\/div>\n    <\/div>\n    <div class=\"form-actions\">\n        <button class=\"wp-block-button__link has-accent-background-color\">Contacter<\/button>\n    <\/div>\n<\/form>\n<div class=\"form-feedback\"><\/div>    <\/div>\n<h2>Le march\u00e9 immobilier Veveysan s&rsquo;\u00e9tend au-del\u00e0 de sa commune<\/h2>\n<p>Ces derni\u00e8res ann\u00e9es, les tarifs ont grimp\u00e9 en fl\u00e8che \u00e0 Vevey, pour plusieurs raisons :<\/p>\n<ul>\n<li>Sa localisation g\u00e9ographique,<\/li>\n<li>l&rsquo;attractivit\u00e9 \u00e9conomique,<\/li>\n<li>la qualit\u00e9 de son lieu de vie.<\/li>\n<\/ul>\n<p>Acheter un logement \u00e0 Vevey est aussi une valeur s\u00fbre, car la demande d&rsquo;achats et de locations a connu une hausse significative, provoquant une flamb\u00e9e des prix.<\/p>\n<h3>Pour le prix immobilier moyen au m\u00b2 \u00e0 Vevey<\/h3>\n<p class=\"estimates-price-immobilier\">Le march\u00e9 immobilier \u00e0 Vevey affiche un prix moyen de CHF 10'159 \/ m\u00b2 (prix par m\u00e8tre carr\u00e9). Les maisons et les appartements ont un prix moyen respectif de CHF 9'573 \/ m\u00b2 et de CHF 10'745 \/ m\u00b2.<\/p>\n<h3>Pour le montant moyen du loyer \u00e0 Vevey<\/h3>\n<p class=\"estimates-rent-average\">Les loyers moyens \u00e0 Vevey sont actuellement de CHF 2'826 pour les appartements, CHF 3'681 pour les maisons.<\/p>\n<p>La p\u00e9nurie de logements sur le march\u00e9 immobilier oblige les acqu\u00e9reurs \u00e0 \u00e9largir leur prospection et \u00e0 se diriger vers des villes proches, telles que :<\/p>\nPuidoux, Chexbres, Rivaz, St-Saphorin (Lavaux), Aran, Chenaux, Grandvaux, Cully, Villette (Lavaux), Riex, Epesses, Le Mont-P\u00e8lerin, Corseaux, Chardonne, Corsier-sur-Vevey, Jongny, St-L\u00e9gier-La Chi\u00e9saz, Blonay, Les Monts-de-Corsier, Fenil-sur-Corsier, La Tour-de-Peilz, Clarens, Chailly-Montreux, Brent, Montreux, Territet, Veytaux, Chernex, Glion, Caux, Chamby, Villard-sur-Chamby, Les Avants.\n<h2>La localisation de notre agence immobili\u00e8re \u00e0 Vevey<\/h2>\n<p>Les commerciaux de notre agence op\u00e8rent dans tous les quartiers de Vevey.<\/p>\n\n<div id=\"map\" class=\"map\" data-adresse=\"Avenue du Clos-d'Aubonne 58 1814\u00a0La Tour-de-Peilz, Suisse\"><\/div>\n<h2>Pourquoi travailler avec Immobilierlocal ?<\/h2>\n<p>Notre soci\u00e9t\u00e9, Immobilierlocal, propose une gamme compl\u00e8te de prestations, notamment :<\/p>\n<ul>\n<li>La diffusion de votre annonce sur notre site : pour vous donner la possibilit\u00e9 de toucher plus de monde.<\/li>\n<li>Un site web en suisse et pr\u00e9sent dans les pays francophones : notre site internet est r\u00e9f\u00e9renc\u00e9 pour ressortir dans plusieurs moteurs de recherche en langue fran\u00e7aise pour atteindre un maximum de potentiels clients.<\/li>\n<li>Programme personnalis\u00e9 : chacun des logements pr\u00e9sents sur notre site b\u00e9n\u00e9ficie d&rsquo;un plan de commercialisation personnalis\u00e9.<\/li>\n<li>Estimation des prix de vente : nous avons fabriqu\u00e9 des applications en ligne pour \u00e9valuer les tarifs des logements.<\/li>\n<li>Photos et vid\u00e9os : nous produisons des vid\u00e9os et des images pour valoriser votre logement sur internet.<\/li>\n<li>Empreinte \u00e9lectronique : nous mettons \u00e0 disposition la signature des documents par voie \u00e9lectronique afin de vous simplifier la vie.<\/li>\n<li>Service de conciergerie airbnb : nous avons aussi un service de conciergerie airbnb.<\/li>\n<li>Administration de propri\u00e9t\u00e9s : nous proposons une garantie de loyers impay\u00e9s.<\/li>\n<\/ul>\n<h2>Une agence immobili\u00e8re qui regroupe des professionnels<\/h2>\n<p>Tous nos collaborateurs sont exp\u00e9riment\u00e9s, qu&rsquo;ils soient : commerciaux, administrateurs ou techniciens. Nos conseillers suivent fr\u00e9quemment des formations professionnelles afin de maintenir \u00e0 niveau leurs comp\u00e9tences : techniques, juridiques et commerciales \u00e0 jour. Chaque commercial de notre entreprise poss\u00e8de une grande exp\u00e9rience dans le domaine de l&rsquo;immobilier. Les comp\u00e9tences gagn\u00e9es nous permettent d&rsquo;accompagner au mieux nos partenaires.<\/p>\n<h2>\u00c9valuer un bien \u00e0 Vevey<\/h2>\n<p>Nous r\u00e9alisons des estimations pr\u00e9cises de votre bien \u00e0 Vevey, nous prenons en compte les particularit\u00e9s de votre propri\u00e9t\u00e9, ou encore la renomm\u00e9e de votre quartier. Nous apportons une v\u00e9ritable expertise pour tout ce qui concerne : l&rsquo;acquisition, la vente de bien, les investissements immobiliers, les locations airbnb ou longue dur\u00e9e, la gestion de votre portefeuille locatif, et aussi pour la direction de votre r\u00e9sidence en copropri\u00e9t\u00e9.<\/p>\n<h2>Un accompagnement personnalis\u00e9<\/h2>\n<p>Nous savons que chaque individu a des besoins et demandes sp\u00e9cifiques, c&rsquo;est la raison pour laquelle nous personnalisons nos conseils. Si vous avez besoin d\u2019acheter ou de louer une maison ou un studio dans la zone de Vevey, nos sp\u00e9cialistes sont \u00e0 votre disposition \u00e0 toutes les phases de votre projet immobilier. Vous souhaitez acqu\u00e9rir une nouvelle maison \u00e0 Vevey ? Nous vous trouvons le meilleur logement possible par notre r\u00e9seau.<\/p>\n<h2>Vous recherchez une agence immobili\u00e8re \u00e0 Vevey ?<\/h2>\n<p>Notre agence Immobilierlocal se trouve au centre-ville de Vevey. Nous vous r\u00e9servons un accueil chaleureux, pr\u00eats \u00e0 vous \u00e9couter et \u00e0 r\u00e9aliser vos projets. Notre agence est exp\u00e9riment\u00e9e dans la vente, l&rsquo;acquisition et la gestion de propri\u00e9t\u00e9s.<\/p>\n","protected":false},"excerpt":{"rendered":"<p>Vous envisagez de vendre, d&rsquo;acheter, de louer une maison ou un studio \u00e0 Vevey ? Immobilierlocal est joignable pour vous assister dans vos projets. Notre soci\u00e9t\u00e9 est situ\u00e9e au c\u0153ur du centre de Vevey, prenez contact avec nous pour acqu\u00e9rir la propri\u00e9t\u00e9 de vos r\u00eaves ou c\u00e9der la v\u00f4tre. Notre agence immobili\u00e8re \u00e0 Vevey offre [&hellip;]<\/p>\n","protected":false},"author":3,"featured_media":2768,"parent":0,"menu_order":0,"comment_status":"closed","ping_status":"closed","template":"wp-custom-template-page-agent","meta":{"footnotes":""},"categories":[89],"profession":[92],"location":[96],"canton":[79],"class_list":["post-2288","page","type-page","status-publish","has-post-thumbnail","hentry","category-agence","profession-agent-immobilier"],"yoast_head":"<!-- This site is optimized with the Yoast SEO Premium plugin v23.0 (Yoast SEO v27.3) - https:\/\/yoast.com\/product\/yoast-seo-premium-wordpress\/ -->\n<title>Agence immobili\u00e8re \u00e0 Vevey : votre partenaire pour la location, l&#039;achat et la vente de logements - Immobilierlocal<\/title>\n<meta name=\"robots\" content=\"index, follow, max-snippet:-1, max-image-preview:large, max-video-preview:-1\" \/>\n<link rel=\"canonical\" href=\"https:\/\/www.immobilierlocal.ch\/c\/agence-immobiliere-a-vevey-votre-partenaire-pour-la-location-lachat-et-la-vente-de-logements\/\" \/>\n<meta property=\"og:locale\" content=\"fr_FR\" \/>\n<meta property=\"og:type\" content=\"article\" \/>\n<meta property=\"og:title\" content=\"Agence immobili\u00e8re \u00e0 Vevey : votre partenaire pour la location, l&#039;achat et la vente de logements\" \/>\n<meta property=\"og:description\" content=\"Vous envisagez de vendre, d&rsquo;acheter, de louer une maison ou un studio \u00e0 Vevey ? Immobilierlocal est joignable pour vous assister dans vos projets. Notre soci\u00e9t\u00e9 est situ\u00e9e au c\u0153ur du centre de Vevey, prenez contact avec nous pour acqu\u00e9rir la propri\u00e9t\u00e9 de vos r\u00eaves ou c\u00e9der la v\u00f4tre. Notre agence immobili\u00e8re \u00e0 Vevey offre [&hellip;]\" \/>\n<meta property=\"og:url\" content=\"https:\/\/www.immobilierlocal.ch\/c\/agence-immobiliere-a-vevey-votre-partenaire-pour-la-location-lachat-et-la-vente-de-logements\/\" \/>\n<meta property=\"og:site_name\" content=\"Immobilierlocal\" \/>\n<meta property=\"article:modified_time\" content=\"2026-04-03T17:55:08+00:00\" \/>\n<meta property=\"og:image\" content=\"https:\/\/www.immobilierlocal.ch\/c\/wp-content\/uploads\/2026\/02\/agence-immobiliere.jpg\" \/>\n\t<meta property=\"og:image:width\" content=\"1920\" \/>\n\t<meta property=\"og:image:height\" content=\"300\" \/>\n\t<meta property=\"og:image:type\" content=\"image\/jpeg\" \/>\n<meta name=\"twitter:card\" content=\"summary_large_image\" \/>\n<meta name=\"twitter:label1\" content=\"Dur\u00e9e de lecture estim\u00e9e\" \/>\n\t<meta name=\"twitter:data1\" content=\"4 minutes\" \/>\n<script type=\"application\/ld+json\" class=\"yoast-schema-graph\">{\"@context\":\"https:\\\/\\\/schema.org\",\"@graph\":[{\"@type\":\"WebPage\",\"@id\":\"https:\\\/\\\/www.immobilierlocal.ch\\\/c\\\/agence-immobiliere-a-vevey-votre-partenaire-pour-la-location-lachat-et-la-vente-de-logements\\\/\",\"url\":\"https:\\\/\\\/www.immobilierlocal.ch\\\/c\\\/agence-immobiliere-a-vevey-votre-partenaire-pour-la-location-lachat-et-la-vente-de-logements\\\/\",\"name\":\"Agence immobili\u00e8re \u00e0 Vevey : votre partenaire pour la location, l'achat et la vente de logements - Immobilierlocal\",\"isPartOf\":{\"@id\":\"https:\\\/\\\/www.immobilierlocal.ch\\\/c\\\/#website\"},\"primaryImageOfPage\":{\"@id\":\"https:\\\/\\\/www.immobilierlocal.ch\\\/c\\\/agence-immobiliere-a-vevey-votre-partenaire-pour-la-location-lachat-et-la-vente-de-logements\\\/#primaryimage\"},\"image\":{\"@id\":\"https:\\\/\\\/www.immobilierlocal.ch\\\/c\\\/agence-immobiliere-a-vevey-votre-partenaire-pour-la-location-lachat-et-la-vente-de-logements\\\/#primaryimage\"},\"thumbnailUrl\":\"https:\\\/\\\/www.immobilierlocal.ch\\\/c\\\/wp-content\\\/uploads\\\/2026\\\/02\\\/agence-immobiliere.jpg\",\"datePublished\":\"2024-04-16T15:07:23+00:00\",\"dateModified\":\"2026-04-03T17:55:08+00:00\",\"breadcrumb\":{\"@id\":\"https:\\\/\\\/www.immobilierlocal.ch\\\/c\\\/agence-immobiliere-a-vevey-votre-partenaire-pour-la-location-lachat-et-la-vente-de-logements\\\/#breadcrumb\"},\"inLanguage\":\"fr-FR\",\"potentialAction\":[{\"@type\":\"ReadAction\",\"target\":[\"https:\\\/\\\/www.immobilierlocal.ch\\\/c\\\/agence-immobiliere-a-vevey-votre-partenaire-pour-la-location-lachat-et-la-vente-de-logements\\\/\"]}]},{\"@type\":\"ImageObject\",\"inLanguage\":\"fr-FR\",\"@id\":\"https:\\\/\\\/www.immobilierlocal.ch\\\/c\\\/agence-immobiliere-a-vevey-votre-partenaire-pour-la-location-lachat-et-la-vente-de-logements\\\/#primaryimage\",\"url\":\"https:\\\/\\\/www.immobilierlocal.ch\\\/c\\\/wp-content\\\/uploads\\\/2026\\\/02\\\/agence-immobiliere.jpg\",\"contentUrl\":\"https:\\\/\\\/www.immobilierlocal.ch\\\/c\\\/wp-content\\\/uploads\\\/2026\\\/02\\\/agence-immobiliere.jpg\",\"width\":1920,\"height\":300},{\"@type\":\"BreadcrumbList\",\"@id\":\"https:\\\/\\\/www.immobilierlocal.ch\\\/c\\\/agence-immobiliere-a-vevey-votre-partenaire-pour-la-location-lachat-et-la-vente-de-logements\\\/#breadcrumb\",\"itemListElement\":[{\"@type\":\"ListItem\",\"position\":1,\"name\":\"Accueil\",\"item\":\"https:\\\/\\\/www.immobilierlocal.ch\\\/c\\\/\"},{\"@type\":\"ListItem\",\"position\":2,\"name\":\"Agence immobili\u00e8re dans le canton de Vaud\",\"item\":\"https:\\\/\\\/www.immobilierlocal.ch\\\/c\\\/agence-immobiliere-dans-le-canton-de-vaud-expert-en-ventes-et-locations-immobilieres\\\/\"},{\"@type\":\"ListItem\",\"position\":3,\"name\":\"Agences immobili\u00e8res\",\"item\":\"https:\\\/\\\/www.immobilierlocal.ch\\\/agences\"},{\"@type\":\"ListItem\",\"position\":4,\"name\":\"Agence immobili\u00e8re \u00e0 Vevey\"}]},{\"@type\":\"WebSite\",\"@id\":\"https:\\\/\\\/www.immobilierlocal.ch\\\/c\\\/#website\",\"url\":\"https:\\\/\\\/www.immobilierlocal.ch\\\/c\\\/\",\"name\":\"Immobilierlocal\",\"description\":\"\",\"publisher\":{\"@id\":\"https:\\\/\\\/www.immobilierlocal.ch\\\/c\\\/#organization\"},\"potentialAction\":[{\"@type\":\"SearchAction\",\"target\":{\"@type\":\"EntryPoint\",\"urlTemplate\":\"https:\\\/\\\/www.immobilierlocal.ch\\\/c\\\/?s={search_term_string}\"},\"query-input\":{\"@type\":\"PropertyValueSpecification\",\"valueRequired\":true,\"valueName\":\"search_term_string\"}}],\"inLanguage\":\"fr-FR\"},{\"@type\":\"Organization\",\"@id\":\"https:\\\/\\\/www.immobilierlocal.ch\\\/c\\\/#organization\",\"name\":\"Immobilierlocal\",\"url\":\"https:\\\/\\\/www.immobilierlocal.ch\\\/c\\\/\",\"logo\":{\"@type\":\"ImageObject\",\"inLanguage\":\"fr-FR\",\"@id\":\"https:\\\/\\\/www.immobilierlocal.ch\\\/c\\\/#\\\/schema\\\/logo\\\/image\\\/\",\"url\":\"https:\\\/\\\/www.immobilierlocal.ch\\\/c\\\/wp-content\\\/uploads\\\/2023\\\/10\\\/logo-immobilierlocal-h.svg\",\"contentUrl\":\"https:\\\/\\\/www.immobilierlocal.ch\\\/c\\\/wp-content\\\/uploads\\\/2023\\\/10\\\/logo-immobilierlocal-h.svg\",\"caption\":\"Immobilierlocal\"},\"image\":{\"@id\":\"https:\\\/\\\/www.immobilierlocal.ch\\\/c\\\/#\\\/schema\\\/logo\\\/image\\\/\"}}]}<\/script>\n<!-- \/ Yoast SEO Premium plugin. -->","yoast_head_json":{"title":"Agence immobili\u00e8re \u00e0 Vevey : votre partenaire pour la location, l'achat et la vente de logements - Immobilierlocal","robots":{"index":"index","follow":"follow","max-snippet":"max-snippet:-1","max-image-preview":"max-image-preview:large","max-video-preview":"max-video-preview:-1"},"canonical":"https:\/\/www.immobilierlocal.ch\/c\/agence-immobiliere-a-vevey-votre-partenaire-pour-la-location-lachat-et-la-vente-de-logements\/","og_locale":"fr_FR","og_type":"article","og_title":"Agence immobili\u00e8re \u00e0 Vevey : votre partenaire pour la location, l'achat et la vente de logements","og_description":"Vous envisagez de vendre, d&rsquo;acheter, de louer une maison ou un studio \u00e0 Vevey ? Immobilierlocal est joignable pour vous assister dans vos projets. Notre soci\u00e9t\u00e9 est situ\u00e9e au c\u0153ur du centre de Vevey, prenez contact avec nous pour acqu\u00e9rir la propri\u00e9t\u00e9 de vos r\u00eaves ou c\u00e9der la v\u00f4tre. Notre agence immobili\u00e8re \u00e0 Vevey offre [&hellip;]","og_url":"https:\/\/www.immobilierlocal.ch\/c\/agence-immobiliere-a-vevey-votre-partenaire-pour-la-location-lachat-et-la-vente-de-logements\/","og_site_name":"Immobilierlocal","article_modified_time":"2026-04-03T17:55:08+00:00","og_image":[{"width":1920,"height":300,"url":"https:\/\/www.immobilierlocal.ch\/c\/wp-content\/uploads\/2026\/02\/agence-immobiliere.jpg","type":"image\/jpeg"}],"twitter_card":"summary_large_image","twitter_misc":{"Dur\u00e9e de lecture estim\u00e9e":"4 minutes"},"schema":{"@context":"https:\/\/schema.org","@graph":[{"@type":"WebPage","@id":"https:\/\/www.immobilierlocal.ch\/c\/agence-immobiliere-a-vevey-votre-partenaire-pour-la-location-lachat-et-la-vente-de-logements\/","url":"https:\/\/www.immobilierlocal.ch\/c\/agence-immobiliere-a-vevey-votre-partenaire-pour-la-location-lachat-et-la-vente-de-logements\/","name":"Agence immobili\u00e8re \u00e0 Vevey : votre partenaire pour la location, l'achat et la vente de logements - Immobilierlocal","isPartOf":{"@id":"https:\/\/www.immobilierlocal.ch\/c\/#website"},"primaryImageOfPage":{"@id":"https:\/\/www.immobilierlocal.ch\/c\/agence-immobiliere-a-vevey-votre-partenaire-pour-la-location-lachat-et-la-vente-de-logements\/#primaryimage"},"image":{"@id":"https:\/\/www.immobilierlocal.ch\/c\/agence-immobiliere-a-vevey-votre-partenaire-pour-la-location-lachat-et-la-vente-de-logements\/#primaryimage"},"thumbnailUrl":"https:\/\/www.immobilierlocal.ch\/c\/wp-content\/uploads\/2026\/02\/agence-immobiliere.jpg","datePublished":"2024-04-16T15:07:23+00:00","dateModified":"2026-04-03T17:55:08+00:00","breadcrumb":{"@id":"https:\/\/www.immobilierlocal.ch\/c\/agence-immobiliere-a-vevey-votre-partenaire-pour-la-location-lachat-et-la-vente-de-logements\/#breadcrumb"},"inLanguage":"fr-FR","potentialAction":[{"@type":"ReadAction","target":["https:\/\/www.immobilierlocal.ch\/c\/agence-immobiliere-a-vevey-votre-partenaire-pour-la-location-lachat-et-la-vente-de-logements\/"]}]},{"@type":"ImageObject","inLanguage":"fr-FR","@id":"https:\/\/www.immobilierlocal.ch\/c\/agence-immobiliere-a-vevey-votre-partenaire-pour-la-location-lachat-et-la-vente-de-logements\/#primaryimage","url":"https:\/\/www.immobilierlocal.ch\/c\/wp-content\/uploads\/2026\/02\/agence-immobiliere.jpg","contentUrl":"https:\/\/www.immobilierlocal.ch\/c\/wp-content\/uploads\/2026\/02\/agence-immobiliere.jpg","width":1920,"height":300},{"@type":"BreadcrumbList","@id":"https:\/\/www.immobilierlocal.ch\/c\/agence-immobiliere-a-vevey-votre-partenaire-pour-la-location-lachat-et-la-vente-de-logements\/#breadcrumb","itemListElement":[{"@type":"ListItem","position":1,"name":"Accueil","item":"https:\/\/www.immobilierlocal.ch\/c\/"},{"@type":"ListItem","position":2,"name":"Agence immobili\u00e8re dans le canton de Vaud","item":"https:\/\/www.immobilierlocal.ch\/c\/agence-immobiliere-dans-le-canton-de-vaud-expert-en-ventes-et-locations-immobilieres\/"},{"@type":"ListItem","position":3,"name":"Agences immobili\u00e8res","item":"https:\/\/www.immobilierlocal.ch\/agences"},{"@type":"ListItem","position":4,"name":"Agence immobili\u00e8re \u00e0 Vevey"}]},{"@type":"WebSite","@id":"https:\/\/www.immobilierlocal.ch\/c\/#website","url":"https:\/\/www.immobilierlocal.ch\/c\/","name":"Immobilierlocal","description":"","publisher":{"@id":"https:\/\/www.immobilierlocal.ch\/c\/#organization"},"potentialAction":[{"@type":"SearchAction","target":{"@type":"EntryPoint","urlTemplate":"https:\/\/www.immobilierlocal.ch\/c\/?s={search_term_string}"},"query-input":{"@type":"PropertyValueSpecification","valueRequired":true,"valueName":"search_term_string"}}],"inLanguage":"fr-FR"},{"@type":"Organization","@id":"https:\/\/www.immobilierlocal.ch\/c\/#organization","name":"Immobilierlocal","url":"https:\/\/www.immobilierlocal.ch\/c\/","logo":{"@type":"ImageObject","inLanguage":"fr-FR","@id":"https:\/\/www.immobilierlocal.ch\/c\/#\/schema\/logo\/image\/","url":"https:\/\/www.immobilierlocal.ch\/c\/wp-content\/uploads\/2023\/10\/logo-immobilierlocal-h.svg","contentUrl":"https:\/\/www.immobilierlocal.ch\/c\/wp-content\/uploads\/2023\/10\/logo-immobilierlocal-h.svg","caption":"Immobilierlocal"},"image":{"@id":"https:\/\/www.immobilierlocal.ch\/c\/#\/schema\/logo\/image\/"}}]}},"_links":{"self":[{"href":"https:\/\/www.immobilierlocal.ch\/c\/wp-json\/wp\/v2\/pages\/2288","targetHints":{"allow":["GET"]}}],"collection":[{"href":"https:\/\/www.immobilierlocal.ch\/c\/wp-json\/wp\/v2\/pages"}],"about":[{"href":"https:\/\/www.immobilierlocal.ch\/c\/wp-json\/wp\/v2\/types\/page"}],"author":[{"embeddable":true,"href":"https:\/\/www.immobilierlocal.ch\/c\/wp-json\/wp\/v2\/users\/3"}],"replies":[{"embeddable":true,"href":"https:\/\/www.immobilierlocal.ch\/c\/wp-json\/wp\/v2\/comments?post=2288"}],"version-history":[{"count":1,"href":"https:\/\/www.immobilierlocal.ch\/c\/wp-json\/wp\/v2\/pages\/2288\/revisions"}],"predecessor-version":[{"id":2885,"href":"https:\/\/www.immobilierlocal.ch\/c\/wp-json\/wp\/v2\/pages\/2288\/revisions\/2885"}],"wp:featuredmedia":[{"embeddable":true,"href":"https:\/\/www.immobilierlocal.ch\/c\/wp-json\/wp\/v2\/media\/2768"}],"wp:attachment":[{"href":"https:\/\/www.immobilierlocal.ch\/c\/wp-json\/wp\/v2\/media?parent=2288"}],"wp:term":[{"taxonomy":"category","embeddable":true,"href":"https:\/\/www.immobilierlocal.ch\/c\/wp-json\/wp\/v2\/categories?post=2288"},{"taxonomy":"profession","embeddable":true,"href":"https:\/\/www.immobilierlocal.ch\/c\/wp-json\/wp\/v2\/profession?post=2288"},{"taxonomy":"location","embeddable":true,"href":"https:\/\/www.immobilierlocal.ch\/c\/wp-json\/wp\/v2\/location?post=2288"},{"taxonomy":"canton","embeddable":true,"href":"https:\/\/www.immobilierlocal.ch\/c\/wp-json\/wp\/v2\/canton?post=2288"}],"curies":[{"name":"wp","href":"https:\/\/api.w.org\/{rel}","templated":true}]}}