
{"id":2287,"date":"2024-04-16T17:07:15","date_gmt":"2024-04-16T15:07:15","guid":{"rendered":"https:\/\/www.immobilierlocal.ch\/c\/?page_id=2287"},"modified":"2026-02-09T11:42:12","modified_gmt":"2026-02-09T10:42:12","slug":"agence-immobiliere-a-rolle-expert-en-transactions-immobilieres-et-locations-de-biens-immobiliers","status":"publish","type":"page","link":"https:\/\/www.immobilierlocal.ch\/c\/agence-immobiliere-a-rolle-expert-en-transactions-immobilieres-et-locations-de-biens-immobiliers\/","title":{"rendered":"Agence immobili\u00e8re \u00e0 Rolle : expert en transactions immobili\u00e8res et locations de biens immobiliers"},"content":{"rendered":"<p>Vous envisagez de vendre, d&rsquo;acheter, de louer une r\u00e9sidence ou un appartement \u00e0 Rolle ? Immobilierlocal est disponible pour vous guider dans votre projet. Localis\u00e9e au centre de la ville, nos conseillers immobiliers sont disponibles pour vous assister \u00e0 acqu\u00e9rir ou mettre sur le march\u00e9 votre propri\u00e9t\u00e9. \u00c0 Rolle, notre soci\u00e9t\u00e9 fournis des prestations pour : l&rsquo;achat, la vente, la mise en location de logements, de propri\u00e9t\u00e9s, de bureaux et de commerces, nous proposons aussi la g\u00e9rance de vos propri\u00e9t\u00e9s, la gestion locative d&rsquo;Airbnb, la gestion de biens en copropri\u00e9t\u00e9 ou encore pour trouver une solution de pr\u00eat de votre futur bien.<\/p>\n\n<div class=\"box\">\n    <h2 class=\"text-dark\">Nous cherchons un <em class=\"text-primary\">Agent immobilier<\/em> dans la r\u00e9gion de <em class=\"text-primary\">Rolle<\/em>  en exclusivit\u00e9, afin de proposer vos services \u00e0 nos clients propri\u00e9taires.<\/h2>\n    <p>Une opportunit\u00e9 unique pour booster votre activit\u00e9 \u00e0 <strong>Rolle<\/strong> et aux alentours dans votre domaine (Agent immobilier).<\/p>\n    <p>Nous travaillons en exclusivit\u00e9 avec qu'une soci\u00e9t\u00e9 par m\u00e9tier et par r\u00e9gion. <br>Votre entreprise est pr\u00e9sente sur tous les documents immobiliers. Afin d'\u00eatre mieux vu sur le net, vous \u00eates \u00e9galement visible sur nos deux sites et sur les pages de r\u00e9f\u00e9rencement de votre r\u00e9gion.<\/p>\n    <a href=\"\/contact\" class=\"wp-block-button__link has-accent-background-color has-text-align-center wp-element-button\">R\u00e9server<\/a>\n<\/div>\n<h2>Le march\u00e9 immobilier Rollois se d\u00e9veloppe en dehors de son agglom\u00e9ration<\/h2>\n<p>R\u00e9cemment, les prix ont connu une augmentation \u00e0 Rolle, en raison de nombreux facteurs :<\/p>\n<ul>\n<li>Sa localisation g\u00e9ographique,<\/li>\n<li>le secteur de l&#8217;emploi,<\/li>\n<li>la qualit\u00e9 de son cadre de vie.<\/li>\n<\/ul>\n<p>Acqu\u00e9rir un bien \u00e0 Rolle est aussi une valeur s\u00fbre, parce que la demande d&rsquo;achats et de locations a connu une forte hausse, entra\u00eenant une pouss\u00e9e des prix.<\/p>\n<h3>Pour le prix immobilier moyen au m\u00b2 \u00e0 Rolle<\/h3>\n<p class=\"estimates-price-immobilier\">Le march\u00e9 immobilier \u00e0 Rolle affiche un prix moyen de CHF 12'685 \/ m\u00b2 (prix par m\u00e8tre carr\u00e9). Les maisons et les appartements ont un prix moyen respectif de CHF 12'232 \/ m\u00b2 et de CHF 13'138 \/ m\u00b2.<\/p>\n<h3>Pour le prix moyen du loyer \u00e0 Rolle<\/h3>\n<p class=\"estimates-rent-average\">Les loyers moyens \u00e0 Rolle sont actuellement de CHF 3'465 pour les appartements, CHF 4'091 pour les maisons.<\/p>\n<p>La raret\u00e9 des logements sur le march\u00e9 contraint les acheteurs \u00e0 \u00e9tendre leur recherche et \u00e0 se tourner vers des villes proches, telles que :<\/p>\nTartegnin, Gilly, Bursins, Luins, Vinzel, Mont-sur-Rolle, Essertines-sur-Rolle, St-Oyens, Gimel, St-George, Bursinel, Dully, Longirod, Marchissy, Burtigny.\n<h2>La localisation de notre agence immobili\u00e8re \u00e0 Rolle<\/h2>\n<p>Localis\u00e9e \u00e0 Rolle notre agence op\u00e8re dans l&rsquo;ensemble des lieus de la ville.<\/p>\n\n<h2>Pourquoi choisir Immobilierlocal ?<\/h2>\n<p>Immobilierlocal offre une vaste s\u00e9lection de services, tel que :<\/p>\n<ul>\n<li>La parution de votre publicit\u00e9 sur notre site web : afin de toucher plus de personnes.<\/li>\n<li>Un portail internet en suisse et pr\u00e9sent dans les pays francophones : notre site internet est optimis\u00e9 pour appara\u00eetre dans de nombreux moteurs de recherche francophones pour toucher un maximum de potentiels clients.<\/li>\n<li>Mise en place d&rsquo;une strat\u00e9gie de vente personnalis\u00e9e : chacun des logements pr\u00e9sents sur notre site web profite d&rsquo;une strat\u00e9gie personnalis\u00e9e.<\/li>\n<li>\u00c9valuation des prix en ligne : nous avons d\u00e9velopp\u00e9 une application web pour \u00e9valuer les prix de vente des habitations \u00e0 Rolle.<\/li>\n<li>Photographies et vid\u00e9os : nous effectuons la r\u00e9alisation des vid\u00e9os et des photos afin de mettre en valeur votre propri\u00e9t\u00e9.<\/li>\n<li>Signature \u00e9lectronique : nous proposons l&rsquo;option signature des documents par voie num\u00e9rique pour vous faciliter la vie.<\/li>\n<li>Gestion locative airbnb : nous offrons aussi un service de gestion de location airbnb.<\/li>\n<li>Gestion de biens immobiliers : nous proposons une garantie de loyers impay\u00e9s.<\/li>\n<\/ul>\n<h2>Une agence immobili\u00e8re compos\u00e9e de professionnels<\/h2>\n<p>Tous nos collaborateurs sont qualifi\u00e9s, qu&rsquo;ils soient : commerciaux, administrateurs ou techniciens. Nos conseillers suivent fr\u00e9quemment des formations afin de maintenir \u00e0 niveau leurs comp\u00e9tences : commerciales, techniques et juridiques \u00e0 jour. Par ailleurs, nos agents immobiliers ont tous aussi acquis une exp\u00e9rience au pr\u00e9alable. L&rsquo;exp\u00e9rience acquise nous permet d&rsquo;accompagner au mieux nos partenaires.<\/p>\n<h2>Obtenez une estimation de votre logement \u00e0 Rolle<\/h2>\n<p>Vous \u00eates un Rollois, notre agence immobili\u00e8re effectue des \u00e9valuations d\u00e9taill\u00e9es de votre propri\u00e9t\u00e9 en prenant en compte les caract\u00e9ristiques de votre habitat comme votre localisation. Nous fournissons une v\u00e9ritable expertise pour tout ce qui concerne : l&rsquo;acquisition, la vente de bien, les investissements immobiliers, les locations \u00e0 court et long terme, la gestion de vos biens immobiliers, et aussi pour la gestion de votre copropri\u00e9t\u00e9.<\/p>\n<h2>Un accompagnement personnalis\u00e9<\/h2>\n<p>Nous avons conscience que votre projet immobilier est unique, c&rsquo;est pour cela que nous vous proposons des services personnalis\u00e9s. Vous souhaitez, louer ou vendre une maison ou un loft dans la r\u00e9gion de Rolle ? Notre agence immobili\u00e8re vous guide du premier instant aux derni\u00e8res finalisations de votre projet. Vous voulez acheter une nouvelle maison \u00e0 Rolle ? Nous cherchons et trouvons le meilleur appartement potentiel par notre r\u00e9seau.<\/p>\n<h2>Besoin d&rsquo;une agence immobili\u00e8re \u00e0 Rolle ?<\/h2>\n<p>Notre agence Immobilierlocal se trouve au c\u0153ur Rolle. Nos consultants vous accueillent et sont pr\u00eats \u00e0 vous soutenir dans votre projet. Nos professionnels immobiliers exp\u00e9riment\u00e9s sont vos partenaires de confiance pour la gestion de biens immobiliers, l&rsquo;achat et la vente.<\/p>\n","protected":false},"excerpt":{"rendered":"<p>Vous envisagez de vendre, d&rsquo;acheter, de louer une r\u00e9sidence ou un appartement \u00e0 Rolle ? Immobilierlocal est disponible pour vous guider dans votre projet. Localis\u00e9e au centre de la ville, nos conseillers immobiliers sont disponibles pour vous assister \u00e0 acqu\u00e9rir ou mettre sur le march\u00e9 votre propri\u00e9t\u00e9. \u00c0 Rolle, notre soci\u00e9t\u00e9 fournis des prestations pour [&hellip;]<\/p>\n","protected":false},"author":3,"featured_media":2768,"parent":0,"menu_order":0,"comment_status":"closed","ping_status":"closed","template":"wp-custom-template-page-agent","meta":{"footnotes":""},"categories":[89],"profession":[92],"location":[31],"canton":[79],"class_list":["post-2287","page","type-page","status-publish","has-post-thumbnail","hentry","category-agence","profession-agent-immobilier"],"yoast_head":"<!-- This site is optimized with the Yoast SEO Premium plugin v23.0 (Yoast SEO v27.4) - https:\/\/yoast.com\/product\/yoast-seo-premium-wordpress\/ -->\n<title>Agence immobili\u00e8re \u00e0 Rolle : expert en transactions immobili\u00e8res et locations de biens immobiliers - Immobilierlocal<\/title>\n<meta name=\"robots\" content=\"index, follow, max-snippet:-1, max-image-preview:large, max-video-preview:-1\" \/>\n<link rel=\"canonical\" href=\"https:\/\/www.immobilierlocal.ch\/c\/agence-immobiliere-a-rolle-expert-en-transactions-immobilieres-et-locations-de-biens-immobiliers\/\" \/>\n<meta property=\"og:locale\" content=\"fr_FR\" \/>\n<meta property=\"og:type\" content=\"article\" \/>\n<meta property=\"og:title\" content=\"Agence immobili\u00e8re \u00e0 Rolle : expert en transactions immobili\u00e8res et locations de biens immobiliers\" \/>\n<meta property=\"og:description\" content=\"Vous envisagez de vendre, d&rsquo;acheter, de louer une r\u00e9sidence ou un appartement \u00e0 Rolle ? Immobilierlocal est disponible pour vous guider dans votre projet. Localis\u00e9e au centre de la ville, nos conseillers immobiliers sont disponibles pour vous assister \u00e0 acqu\u00e9rir ou mettre sur le march\u00e9 votre propri\u00e9t\u00e9. \u00c0 Rolle, notre soci\u00e9t\u00e9 fournis des prestations pour [&hellip;]\" \/>\n<meta property=\"og:url\" content=\"https:\/\/www.immobilierlocal.ch\/c\/agence-immobiliere-a-rolle-expert-en-transactions-immobilieres-et-locations-de-biens-immobiliers\/\" \/>\n<meta property=\"og:site_name\" content=\"Immobilierlocal\" \/>\n<meta property=\"article:modified_time\" content=\"2026-02-09T10:42:12+00:00\" \/>\n<meta property=\"og:image\" content=\"https:\/\/www.immobilierlocal.ch\/c\/wp-content\/uploads\/2026\/02\/agence-immobiliere.jpg\" \/>\n\t<meta property=\"og:image:width\" content=\"1920\" \/>\n\t<meta property=\"og:image:height\" content=\"300\" \/>\n\t<meta property=\"og:image:type\" content=\"image\/jpeg\" \/>\n<meta name=\"twitter:card\" content=\"summary_large_image\" \/>\n<meta name=\"twitter:label1\" content=\"Dur\u00e9e de lecture estim\u00e9e\" \/>\n\t<meta name=\"twitter:data1\" content=\"3 minutes\" \/>\n<script type=\"application\/ld+json\" class=\"yoast-schema-graph\">{\"@context\":\"https:\\\/\\\/schema.org\",\"@graph\":[{\"@type\":\"WebPage\",\"@id\":\"https:\\\/\\\/www.immobilierlocal.ch\\\/c\\\/agence-immobiliere-a-rolle-expert-en-transactions-immobilieres-et-locations-de-biens-immobiliers\\\/\",\"url\":\"https:\\\/\\\/www.immobilierlocal.ch\\\/c\\\/agence-immobiliere-a-rolle-expert-en-transactions-immobilieres-et-locations-de-biens-immobiliers\\\/\",\"name\":\"Agence immobili\u00e8re \u00e0 Rolle : expert en transactions immobili\u00e8res et locations de biens immobiliers - Immobilierlocal\",\"isPartOf\":{\"@id\":\"https:\\\/\\\/www.immobilierlocal.ch\\\/c\\\/#website\"},\"primaryImageOfPage\":{\"@id\":\"https:\\\/\\\/www.immobilierlocal.ch\\\/c\\\/agence-immobiliere-a-rolle-expert-en-transactions-immobilieres-et-locations-de-biens-immobiliers\\\/#primaryimage\"},\"image\":{\"@id\":\"https:\\\/\\\/www.immobilierlocal.ch\\\/c\\\/agence-immobiliere-a-rolle-expert-en-transactions-immobilieres-et-locations-de-biens-immobiliers\\\/#primaryimage\"},\"thumbnailUrl\":\"https:\\\/\\\/www.immobilierlocal.ch\\\/c\\\/wp-content\\\/uploads\\\/2026\\\/02\\\/agence-immobiliere.jpg\",\"datePublished\":\"2024-04-16T15:07:15+00:00\",\"dateModified\":\"2026-02-09T10:42:12+00:00\",\"breadcrumb\":{\"@id\":\"https:\\\/\\\/www.immobilierlocal.ch\\\/c\\\/agence-immobiliere-a-rolle-expert-en-transactions-immobilieres-et-locations-de-biens-immobiliers\\\/#breadcrumb\"},\"inLanguage\":\"fr-FR\",\"potentialAction\":[{\"@type\":\"ReadAction\",\"target\":[\"https:\\\/\\\/www.immobilierlocal.ch\\\/c\\\/agence-immobiliere-a-rolle-expert-en-transactions-immobilieres-et-locations-de-biens-immobiliers\\\/\"]}]},{\"@type\":\"ImageObject\",\"inLanguage\":\"fr-FR\",\"@id\":\"https:\\\/\\\/www.immobilierlocal.ch\\\/c\\\/agence-immobiliere-a-rolle-expert-en-transactions-immobilieres-et-locations-de-biens-immobiliers\\\/#primaryimage\",\"url\":\"https:\\\/\\\/www.immobilierlocal.ch\\\/c\\\/wp-content\\\/uploads\\\/2026\\\/02\\\/agence-immobiliere.jpg\",\"contentUrl\":\"https:\\\/\\\/www.immobilierlocal.ch\\\/c\\\/wp-content\\\/uploads\\\/2026\\\/02\\\/agence-immobiliere.jpg\",\"width\":1920,\"height\":300},{\"@type\":\"BreadcrumbList\",\"@id\":\"https:\\\/\\\/www.immobilierlocal.ch\\\/c\\\/agence-immobiliere-a-rolle-expert-en-transactions-immobilieres-et-locations-de-biens-immobiliers\\\/#breadcrumb\",\"itemListElement\":[{\"@type\":\"ListItem\",\"position\":1,\"name\":\"Accueil\",\"item\":\"https:\\\/\\\/www.immobilierlocal.ch\\\/c\\\/\"},{\"@type\":\"ListItem\",\"position\":2,\"name\":\"Agence immobili\u00e8re dans le canton de Vaud\",\"item\":\"https:\\\/\\\/www.immobilierlocal.ch\\\/c\\\/agence-immobiliere-dans-le-canton-de-vaud-expert-en-ventes-et-locations-immobilieres\\\/\"},{\"@type\":\"ListItem\",\"position\":3,\"name\":\"Agences immobili\u00e8res\",\"item\":\"https:\\\/\\\/www.immobilierlocal.ch\\\/agences\"},{\"@type\":\"ListItem\",\"position\":4,\"name\":\"Agence immobili\u00e8re \u00e0 Rolle\"}]},{\"@type\":\"WebSite\",\"@id\":\"https:\\\/\\\/www.immobilierlocal.ch\\\/c\\\/#website\",\"url\":\"https:\\\/\\\/www.immobilierlocal.ch\\\/c\\\/\",\"name\":\"Immobilierlocal\",\"description\":\"\",\"publisher\":{\"@id\":\"https:\\\/\\\/www.immobilierlocal.ch\\\/c\\\/#organization\"},\"potentialAction\":[{\"@type\":\"SearchAction\",\"target\":{\"@type\":\"EntryPoint\",\"urlTemplate\":\"https:\\\/\\\/www.immobilierlocal.ch\\\/c\\\/?s={search_term_string}\"},\"query-input\":{\"@type\":\"PropertyValueSpecification\",\"valueRequired\":true,\"valueName\":\"search_term_string\"}}],\"inLanguage\":\"fr-FR\"},{\"@type\":\"Organization\",\"@id\":\"https:\\\/\\\/www.immobilierlocal.ch\\\/c\\\/#organization\",\"name\":\"Immobilierlocal\",\"url\":\"https:\\\/\\\/www.immobilierlocal.ch\\\/c\\\/\",\"logo\":{\"@type\":\"ImageObject\",\"inLanguage\":\"fr-FR\",\"@id\":\"https:\\\/\\\/www.immobilierlocal.ch\\\/c\\\/#\\\/schema\\\/logo\\\/image\\\/\",\"url\":\"https:\\\/\\\/www.immobilierlocal.ch\\\/c\\\/wp-content\\\/uploads\\\/2023\\\/10\\\/logo-immobilierlocal-h.svg\",\"contentUrl\":\"https:\\\/\\\/www.immobilierlocal.ch\\\/c\\\/wp-content\\\/uploads\\\/2023\\\/10\\\/logo-immobilierlocal-h.svg\",\"caption\":\"Immobilierlocal\"},\"image\":{\"@id\":\"https:\\\/\\\/www.immobilierlocal.ch\\\/c\\\/#\\\/schema\\\/logo\\\/image\\\/\"}}]}<\/script>\n<!-- \/ Yoast SEO Premium plugin. -->","yoast_head_json":{"title":"Agence immobili\u00e8re \u00e0 Rolle : expert en transactions immobili\u00e8res et locations de biens immobiliers - Immobilierlocal","robots":{"index":"index","follow":"follow","max-snippet":"max-snippet:-1","max-image-preview":"max-image-preview:large","max-video-preview":"max-video-preview:-1"},"canonical":"https:\/\/www.immobilierlocal.ch\/c\/agence-immobiliere-a-rolle-expert-en-transactions-immobilieres-et-locations-de-biens-immobiliers\/","og_locale":"fr_FR","og_type":"article","og_title":"Agence immobili\u00e8re \u00e0 Rolle : expert en transactions immobili\u00e8res et locations de biens immobiliers","og_description":"Vous envisagez de vendre, d&rsquo;acheter, de louer une r\u00e9sidence ou un appartement \u00e0 Rolle ? Immobilierlocal est disponible pour vous guider dans votre projet. Localis\u00e9e au centre de la ville, nos conseillers immobiliers sont disponibles pour vous assister \u00e0 acqu\u00e9rir ou mettre sur le march\u00e9 votre propri\u00e9t\u00e9. \u00c0 Rolle, notre soci\u00e9t\u00e9 fournis des prestations pour [&hellip;]","og_url":"https:\/\/www.immobilierlocal.ch\/c\/agence-immobiliere-a-rolle-expert-en-transactions-immobilieres-et-locations-de-biens-immobiliers\/","og_site_name":"Immobilierlocal","article_modified_time":"2026-02-09T10:42:12+00:00","og_image":[{"width":1920,"height":300,"url":"https:\/\/www.immobilierlocal.ch\/c\/wp-content\/uploads\/2026\/02\/agence-immobiliere.jpg","type":"image\/jpeg"}],"twitter_card":"summary_large_image","twitter_misc":{"Dur\u00e9e de lecture estim\u00e9e":"3 minutes"},"schema":{"@context":"https:\/\/schema.org","@graph":[{"@type":"WebPage","@id":"https:\/\/www.immobilierlocal.ch\/c\/agence-immobiliere-a-rolle-expert-en-transactions-immobilieres-et-locations-de-biens-immobiliers\/","url":"https:\/\/www.immobilierlocal.ch\/c\/agence-immobiliere-a-rolle-expert-en-transactions-immobilieres-et-locations-de-biens-immobiliers\/","name":"Agence immobili\u00e8re \u00e0 Rolle : expert en transactions immobili\u00e8res et locations de biens immobiliers - Immobilierlocal","isPartOf":{"@id":"https:\/\/www.immobilierlocal.ch\/c\/#website"},"primaryImageOfPage":{"@id":"https:\/\/www.immobilierlocal.ch\/c\/agence-immobiliere-a-rolle-expert-en-transactions-immobilieres-et-locations-de-biens-immobiliers\/#primaryimage"},"image":{"@id":"https:\/\/www.immobilierlocal.ch\/c\/agence-immobiliere-a-rolle-expert-en-transactions-immobilieres-et-locations-de-biens-immobiliers\/#primaryimage"},"thumbnailUrl":"https:\/\/www.immobilierlocal.ch\/c\/wp-content\/uploads\/2026\/02\/agence-immobiliere.jpg","datePublished":"2024-04-16T15:07:15+00:00","dateModified":"2026-02-09T10:42:12+00:00","breadcrumb":{"@id":"https:\/\/www.immobilierlocal.ch\/c\/agence-immobiliere-a-rolle-expert-en-transactions-immobilieres-et-locations-de-biens-immobiliers\/#breadcrumb"},"inLanguage":"fr-FR","potentialAction":[{"@type":"ReadAction","target":["https:\/\/www.immobilierlocal.ch\/c\/agence-immobiliere-a-rolle-expert-en-transactions-immobilieres-et-locations-de-biens-immobiliers\/"]}]},{"@type":"ImageObject","inLanguage":"fr-FR","@id":"https:\/\/www.immobilierlocal.ch\/c\/agence-immobiliere-a-rolle-expert-en-transactions-immobilieres-et-locations-de-biens-immobiliers\/#primaryimage","url":"https:\/\/www.immobilierlocal.ch\/c\/wp-content\/uploads\/2026\/02\/agence-immobiliere.jpg","contentUrl":"https:\/\/www.immobilierlocal.ch\/c\/wp-content\/uploads\/2026\/02\/agence-immobiliere.jpg","width":1920,"height":300},{"@type":"BreadcrumbList","@id":"https:\/\/www.immobilierlocal.ch\/c\/agence-immobiliere-a-rolle-expert-en-transactions-immobilieres-et-locations-de-biens-immobiliers\/#breadcrumb","itemListElement":[{"@type":"ListItem","position":1,"name":"Accueil","item":"https:\/\/www.immobilierlocal.ch\/c\/"},{"@type":"ListItem","position":2,"name":"Agence immobili\u00e8re dans le canton de Vaud","item":"https:\/\/www.immobilierlocal.ch\/c\/agence-immobiliere-dans-le-canton-de-vaud-expert-en-ventes-et-locations-immobilieres\/"},{"@type":"ListItem","position":3,"name":"Agences immobili\u00e8res","item":"https:\/\/www.immobilierlocal.ch\/agences"},{"@type":"ListItem","position":4,"name":"Agence immobili\u00e8re \u00e0 Rolle"}]},{"@type":"WebSite","@id":"https:\/\/www.immobilierlocal.ch\/c\/#website","url":"https:\/\/www.immobilierlocal.ch\/c\/","name":"Immobilierlocal","description":"","publisher":{"@id":"https:\/\/www.immobilierlocal.ch\/c\/#organization"},"potentialAction":[{"@type":"SearchAction","target":{"@type":"EntryPoint","urlTemplate":"https:\/\/www.immobilierlocal.ch\/c\/?s={search_term_string}"},"query-input":{"@type":"PropertyValueSpecification","valueRequired":true,"valueName":"search_term_string"}}],"inLanguage":"fr-FR"},{"@type":"Organization","@id":"https:\/\/www.immobilierlocal.ch\/c\/#organization","name":"Immobilierlocal","url":"https:\/\/www.immobilierlocal.ch\/c\/","logo":{"@type":"ImageObject","inLanguage":"fr-FR","@id":"https:\/\/www.immobilierlocal.ch\/c\/#\/schema\/logo\/image\/","url":"https:\/\/www.immobilierlocal.ch\/c\/wp-content\/uploads\/2023\/10\/logo-immobilierlocal-h.svg","contentUrl":"https:\/\/www.immobilierlocal.ch\/c\/wp-content\/uploads\/2023\/10\/logo-immobilierlocal-h.svg","caption":"Immobilierlocal"},"image":{"@id":"https:\/\/www.immobilierlocal.ch\/c\/#\/schema\/logo\/image\/"}}]}},"_links":{"self":[{"href":"https:\/\/www.immobilierlocal.ch\/c\/wp-json\/wp\/v2\/pages\/2287","targetHints":{"allow":["GET"]}}],"collection":[{"href":"https:\/\/www.immobilierlocal.ch\/c\/wp-json\/wp\/v2\/pages"}],"about":[{"href":"https:\/\/www.immobilierlocal.ch\/c\/wp-json\/wp\/v2\/types\/page"}],"author":[{"embeddable":true,"href":"https:\/\/www.immobilierlocal.ch\/c\/wp-json\/wp\/v2\/users\/3"}],"replies":[{"embeddable":true,"href":"https:\/\/www.immobilierlocal.ch\/c\/wp-json\/wp\/v2\/comments?post=2287"}],"version-history":[{"count":0,"href":"https:\/\/www.immobilierlocal.ch\/c\/wp-json\/wp\/v2\/pages\/2287\/revisions"}],"wp:featuredmedia":[{"embeddable":true,"href":"https:\/\/www.immobilierlocal.ch\/c\/wp-json\/wp\/v2\/media\/2768"}],"wp:attachment":[{"href":"https:\/\/www.immobilierlocal.ch\/c\/wp-json\/wp\/v2\/media?parent=2287"}],"wp:term":[{"taxonomy":"category","embeddable":true,"href":"https:\/\/www.immobilierlocal.ch\/c\/wp-json\/wp\/v2\/categories?post=2287"},{"taxonomy":"profession","embeddable":true,"href":"https:\/\/www.immobilierlocal.ch\/c\/wp-json\/wp\/v2\/profession?post=2287"},{"taxonomy":"location","embeddable":true,"href":"https:\/\/www.immobilierlocal.ch\/c\/wp-json\/wp\/v2\/location?post=2287"},{"taxonomy":"canton","embeddable":true,"href":"https:\/\/www.immobilierlocal.ch\/c\/wp-json\/wp\/v2\/canton?post=2287"}],"curies":[{"name":"wp","href":"https:\/\/api.w.org\/{rel}","templated":true}]}}