
{"id":2286,"date":"2024-04-16T17:07:10","date_gmt":"2024-04-16T15:07:10","guid":{"rendered":"https:\/\/www.immobilierlocal.ch\/c\/?page_id=2286"},"modified":"2026-02-09T11:42:16","modified_gmt":"2026-02-09T10:42:16","slug":"agence-immobiliere-a-oron-la-ville-votre-partenaire-pour-la-location-lachat-et-la-vente-de-logements","status":"publish","type":"page","link":"https:\/\/www.immobilierlocal.ch\/c\/agence-immobiliere-a-oron-la-ville-votre-partenaire-pour-la-location-lachat-et-la-vente-de-logements\/","title":{"rendered":"Agence immobili\u00e8re \u00e0 Oron-la-Ville : votre partenaire pour la location, l&rsquo;achat et la vente de logements"},"content":{"rendered":"<p>Envisagez-vous l&rsquo;achat ou la vente d&rsquo;un logement ou d&rsquo;un studio localis\u00e9 \u00e0 Oron-la-Ville ? Immobilierlocal est joignable pour vous guider dans vos projets. Nous sommes situ\u00e9s au centre-ville, contactez-nous pour trouver l&rsquo;habitation de vos r\u00eaves ou vendre la v\u00f4tre. Notre agence immobili\u00e8re \u00e0 Oron-la-Ville offre une vaste gamme de prestations : pour vendre, acheter votre maison, ou votre appartement, louer un logement, acqu\u00e9rir des bureaux, des commerces, pour la g\u00e9rance de vos biens, pour de la location d&rsquo;immobilier temporaire ou la gestion de syndicat de copropri\u00e9taires et pour le financement de votre bien.<\/p>\n\n<div class=\"box\">\n    <h2 class=\"text-dark\">Nous cherchons un <em class=\"text-primary\">Agent immobilier<\/em> dans la r\u00e9gion de <em class=\"text-primary\">Oron-la-Ville<\/em>  en exclusivit\u00e9, afin de proposer vos services \u00e0 nos clients propri\u00e9taires.<\/h2>\n    <p>Une opportunit\u00e9 unique pour booster votre activit\u00e9 \u00e0 <strong>Oron-la-Ville<\/strong> et aux alentours dans votre domaine (Agent immobilier).<\/p>\n    <p>Nous travaillons en exclusivit\u00e9 avec qu'une soci\u00e9t\u00e9 par m\u00e9tier et par r\u00e9gion. <br>Votre entreprise est pr\u00e9sente sur tous les documents immobiliers. Afin d'\u00eatre mieux vu sur le net, vous \u00eates \u00e9galement visible sur nos deux sites et sur les pages de r\u00e9f\u00e9rencement de votre r\u00e9gion.<\/p>\n    <a href=\"\/contact\" class=\"wp-block-button__link has-accent-background-color has-text-align-center wp-element-button\">R\u00e9server<\/a>\n<\/div>\n<h2>Le march\u00e9 immobilier Oronais s&rsquo;\u00e9tend au-del\u00e0 de sa localit\u00e9<\/h2>\n<p>R\u00e9cemment, les tarifs ont augment\u00e9 \u00e0 Oron-la-Ville, en raison de multiples facteurs :<\/p>\n<ul>\n<li>Son emplacement g\u00e9ographique,<\/li>\n<li>le secteur de l&#8217;emploi,<\/li>\n<li>les conditions et l&rsquo;\u00e9tat de son environnement.<\/li>\n<\/ul>\n<p>Acheter \u00e0 Oron-la-Ville est \u00e9galement une option pertinente, car la demande de villas et de logements \u00e0 louer ou \u00e0 acheter \u00e0 exploser, entra\u00eenant une hausse des tarifs.<\/p>\n<h3>Pour le prix immobilier moyen au m\u00b2 \u00e0 Oron-la-Ville<\/h3>\n<p class=\"estimates-price-immobilier\">Le march\u00e9 immobilier \u00e0 Oron-la-Ville affiche un prix moyen de CHF 6'403 \/ m\u00b2 (prix par m\u00e8tre carr\u00e9). Les maisons et les appartements ont un prix moyen respectif de CHF 6'702 \/ m\u00b2 et de CHF 6'104 \/ m\u00b2.<\/p>\n<h3>Pour le montant moyen du loyer \u00e0 Oron-la-Ville<\/h3>\n<p class=\"estimates-rent-average\">Les loyers moyens \u00e0 Oron-la-Ville sont actuellement de CHF 1'640 pour les appartements, CHF 2'354 pour les maisons.<\/p>\n<p>La rar\u00e9faction des logements propos\u00e9s \u00e0 la vente pousse de plus en plus d&rsquo;acqu\u00e9reurs \u00e0 s&rsquo;\u00e9loigner de Oron-la-Ville et \u00e0 porter leur int\u00e9r\u00eat dans les villes aux alentours, comme :<\/p>\nPeney-le-Jorat, Forel (Lavaux), Mollie-Margot, Savigny, Ferlens VD, Servion, Essertes, Les Cullayes, Montpreveyres, Corcelles-le-Jorat, M\u00e9zi\u00e8res VD, Carrouge VD, Vulliens, Ropraz, Les Tavernes, Les Thioleyres, Pal\u00e9zieux, Pal\u00e9zieux-Village, Oron-le-Ch\u00e2tel, Chapelle (Gl\u00e2ne), Bussigny-sur-Oron, Chesalles-sur-Oron, Ch\u00e2tillens, Vuibroye, Le Cr\u00eat-pr\u00e8s-Semsales, Ecoteaux, Maracon.\n<h2>L\u2019implantation de notre agence immobili\u00e8re \u00e0 Oron-la-Ville<\/h2>\n<p>Les agents commerciaux de notre agence immobili\u00e8re op\u00e8rent dans tous les endroits de Oron-la-Ville.<\/p>\n\n<h2>Pourquoi choisir Immobilierlocal ?<\/h2>\n<p>Notre soci\u00e9t\u00e9, Immobilierlocal, propose une gamme de prestations, notamment :<\/p>\n<ul>\n<li>La diffusion de vos annonces sur notre site web : pour vous permettre d&rsquo;atteindre plus de monde.<\/li>\n<li>Un site internet en suisse et pr\u00e9sent en francophonie : notre site internet est optimis\u00e9 pour appara\u00eetre dans plusieurs moteurs de recherche web francophones pour atteindre un maximum d\u2019acheteurs et de vendeurs.<\/li>\n<li>Programme personnalis\u00e9 : chacun des logements r\u00e9f\u00e9renc\u00e9s sur notre site web b\u00e9n\u00e9ficie d&rsquo;un plan de commercialisation personnalis\u00e9.<\/li>\n<li>Estimation immobili\u00e8re en ligne : nous avons d\u00e9velopp\u00e9 un outil en ligne pour estimer les valeurs des logements \u00e0 Oron-la-Ville.<\/li>\n<li>Photographies et vid\u00e9os : nous r\u00e9alisons la r\u00e9alisation des photos et des vid\u00e9os dans le but de mettre en valeur votre habitation.<\/li>\n<li>Empreinte \u00e9lectronique : nous proposons l&rsquo;option signature des documents par voie num\u00e9rique afin de vous faciliter la vie.<\/li>\n<li>Service de gestion locative courte dur\u00e9e : nous proposons aussi des prestations pour la gestion de location airbnb.<\/li>\n<li>Services de gestion locative : nous proposons une couverture pour les loyers impay\u00e9s.<\/li>\n<\/ul>\n<h2>Une soci\u00e9t\u00e9 immobili\u00e8re compos\u00e9e de professionnels<\/h2>\n<p>Tous nos experts sont exp\u00e9riment\u00e9s, qu&rsquo;ils soient : commerciaux, administrateurs ou techniciens. Nos employ\u00e9s assistent r\u00e9guli\u00e8rement \u00e0 des formations de perfectionnement. Chaque commercial de notre entreprise a une grande exp\u00e9rience dans le secteur de l&rsquo;immobilier. Cette exp\u00e9rience, nous permet d\u2019accompagner au mieux nos clients, parce que votre satisfaction est notre priorit\u00e9.<\/p>\n<h2>Obtenez une estimation pour le prix de votre logement \u00e0 Oron-la-Ville<\/h2>\n<p>Nous r\u00e9alisons des \u00e9valuations d\u00e9taill\u00e9es de votre logement \u00e0 Oron-la-Ville, nous prenons en compte les particularit\u00e9s de votre habitation, ou encore la renomm\u00e9e de votre quartier. Immobilierlocal offre \u00e0 ses clients, les services, comme : l&rsquo;administration de vos appartements locatifs, l&rsquo;achat, la vente, les placements immobiliers, l&rsquo;administration des locations saisonni\u00e8res et la gestion du syndic de copropri\u00e9t\u00e9.<\/p>\n<h2>Un accompagnement personnalis\u00e9<\/h2>\n<p>Nous savons que chaque individu est unique, c&rsquo;est la raison pour laquelle nous personnalisons nos conseils. Vous d\u00e9sirez, vendre ou louer une maison ou un studio dans la r\u00e9gion de Oron-la-Ville ? Notre entreprise vous assiste du d\u00e9but \u00e0 la fin de votre projet. Nous avons un important r\u00e9seau de partenaires pour vous aider \u00e0 acqu\u00e9rir l&rsquo;habitation de vos r\u00eaves \u00e0 Oron-la-Ville.<\/p>\n<h2>Vous cherchez une soci\u00e9t\u00e9 immobili\u00e8re \u00e0 Oron-la-Ville ?<\/h2>\n<p>L&rsquo;agence Immobilierlocal est \u00e9tabli au centre de Oron-la-Ville. Nous vous accueillerons dans notre agence, pr\u00eats \u00e0 vous \u00e9couter et \u00e0 concr\u00e9tiser vos projets. Notre soci\u00e9t\u00e9 est chevronn\u00e9e dans l&rsquo;acquisition, la vente et la gestion de propri\u00e9t\u00e9s.<\/p>\n","protected":false},"excerpt":{"rendered":"<p>Envisagez-vous l&rsquo;achat ou la vente d&rsquo;un logement ou d&rsquo;un studio localis\u00e9 \u00e0 Oron-la-Ville ? Immobilierlocal est joignable pour vous guider dans vos projets. Nous sommes situ\u00e9s au centre-ville, contactez-nous pour trouver l&rsquo;habitation de vos r\u00eaves ou vendre la v\u00f4tre. Notre agence immobili\u00e8re \u00e0 Oron-la-Ville offre une vaste gamme de prestations : pour vendre, acheter votre [&hellip;]<\/p>\n","protected":false},"author":3,"featured_media":2768,"parent":0,"menu_order":0,"comment_status":"closed","ping_status":"closed","template":"wp-custom-template-page-agent","meta":{"footnotes":""},"categories":[89],"profession":[92],"location":[29],"canton":[79],"class_list":["post-2286","page","type-page","status-publish","has-post-thumbnail","hentry","category-agence","profession-agent-immobilier"],"yoast_head":"<!-- This site is optimized with the Yoast SEO Premium plugin v23.0 (Yoast SEO v27.4) - https:\/\/yoast.com\/product\/yoast-seo-premium-wordpress\/ -->\n<title>Agence immobili\u00e8re \u00e0 Oron-la-Ville : votre partenaire pour la location, l&#039;achat et la vente de logements - Immobilierlocal<\/title>\n<meta name=\"robots\" content=\"index, follow, max-snippet:-1, max-image-preview:large, max-video-preview:-1\" \/>\n<link rel=\"canonical\" href=\"https:\/\/www.immobilierlocal.ch\/c\/agence-immobiliere-a-oron-la-ville-votre-partenaire-pour-la-location-lachat-et-la-vente-de-logements\/\" \/>\n<meta property=\"og:locale\" content=\"fr_FR\" \/>\n<meta property=\"og:type\" content=\"article\" \/>\n<meta property=\"og:title\" content=\"Agence immobili\u00e8re \u00e0 Oron-la-Ville : votre partenaire pour la location, l&#039;achat et la vente de logements\" \/>\n<meta property=\"og:description\" content=\"Envisagez-vous l&rsquo;achat ou la vente d&rsquo;un logement ou d&rsquo;un studio localis\u00e9 \u00e0 Oron-la-Ville ? Immobilierlocal est joignable pour vous guider dans vos projets. Nous sommes situ\u00e9s au centre-ville, contactez-nous pour trouver l&rsquo;habitation de vos r\u00eaves ou vendre la v\u00f4tre. Notre agence immobili\u00e8re \u00e0 Oron-la-Ville offre une vaste gamme de prestations : pour vendre, acheter votre [&hellip;]\" \/>\n<meta property=\"og:url\" content=\"https:\/\/www.immobilierlocal.ch\/c\/agence-immobiliere-a-oron-la-ville-votre-partenaire-pour-la-location-lachat-et-la-vente-de-logements\/\" \/>\n<meta property=\"og:site_name\" content=\"Immobilierlocal\" \/>\n<meta property=\"article:modified_time\" content=\"2026-02-09T10:42:16+00:00\" \/>\n<meta property=\"og:image\" content=\"https:\/\/www.immobilierlocal.ch\/c\/wp-content\/uploads\/2026\/02\/agence-immobiliere.jpg\" \/>\n\t<meta property=\"og:image:width\" content=\"1920\" \/>\n\t<meta property=\"og:image:height\" content=\"300\" \/>\n\t<meta property=\"og:image:type\" content=\"image\/jpeg\" \/>\n<meta name=\"twitter:card\" content=\"summary_large_image\" \/>\n<meta name=\"twitter:label1\" content=\"Dur\u00e9e de lecture estim\u00e9e\" \/>\n\t<meta name=\"twitter:data1\" content=\"3 minutes\" \/>\n<script type=\"application\/ld+json\" class=\"yoast-schema-graph\">{\"@context\":\"https:\\\/\\\/schema.org\",\"@graph\":[{\"@type\":\"WebPage\",\"@id\":\"https:\\\/\\\/www.immobilierlocal.ch\\\/c\\\/agence-immobiliere-a-oron-la-ville-votre-partenaire-pour-la-location-lachat-et-la-vente-de-logements\\\/\",\"url\":\"https:\\\/\\\/www.immobilierlocal.ch\\\/c\\\/agence-immobiliere-a-oron-la-ville-votre-partenaire-pour-la-location-lachat-et-la-vente-de-logements\\\/\",\"name\":\"Agence immobili\u00e8re \u00e0 Oron-la-Ville : votre partenaire pour la location, l'achat et la vente de logements - Immobilierlocal\",\"isPartOf\":{\"@id\":\"https:\\\/\\\/www.immobilierlocal.ch\\\/c\\\/#website\"},\"primaryImageOfPage\":{\"@id\":\"https:\\\/\\\/www.immobilierlocal.ch\\\/c\\\/agence-immobiliere-a-oron-la-ville-votre-partenaire-pour-la-location-lachat-et-la-vente-de-logements\\\/#primaryimage\"},\"image\":{\"@id\":\"https:\\\/\\\/www.immobilierlocal.ch\\\/c\\\/agence-immobiliere-a-oron-la-ville-votre-partenaire-pour-la-location-lachat-et-la-vente-de-logements\\\/#primaryimage\"},\"thumbnailUrl\":\"https:\\\/\\\/www.immobilierlocal.ch\\\/c\\\/wp-content\\\/uploads\\\/2026\\\/02\\\/agence-immobiliere.jpg\",\"datePublished\":\"2024-04-16T15:07:10+00:00\",\"dateModified\":\"2026-02-09T10:42:16+00:00\",\"breadcrumb\":{\"@id\":\"https:\\\/\\\/www.immobilierlocal.ch\\\/c\\\/agence-immobiliere-a-oron-la-ville-votre-partenaire-pour-la-location-lachat-et-la-vente-de-logements\\\/#breadcrumb\"},\"inLanguage\":\"fr-FR\",\"potentialAction\":[{\"@type\":\"ReadAction\",\"target\":[\"https:\\\/\\\/www.immobilierlocal.ch\\\/c\\\/agence-immobiliere-a-oron-la-ville-votre-partenaire-pour-la-location-lachat-et-la-vente-de-logements\\\/\"]}]},{\"@type\":\"ImageObject\",\"inLanguage\":\"fr-FR\",\"@id\":\"https:\\\/\\\/www.immobilierlocal.ch\\\/c\\\/agence-immobiliere-a-oron-la-ville-votre-partenaire-pour-la-location-lachat-et-la-vente-de-logements\\\/#primaryimage\",\"url\":\"https:\\\/\\\/www.immobilierlocal.ch\\\/c\\\/wp-content\\\/uploads\\\/2026\\\/02\\\/agence-immobiliere.jpg\",\"contentUrl\":\"https:\\\/\\\/www.immobilierlocal.ch\\\/c\\\/wp-content\\\/uploads\\\/2026\\\/02\\\/agence-immobiliere.jpg\",\"width\":1920,\"height\":300},{\"@type\":\"BreadcrumbList\",\"@id\":\"https:\\\/\\\/www.immobilierlocal.ch\\\/c\\\/agence-immobiliere-a-oron-la-ville-votre-partenaire-pour-la-location-lachat-et-la-vente-de-logements\\\/#breadcrumb\",\"itemListElement\":[{\"@type\":\"ListItem\",\"position\":1,\"name\":\"Accueil\",\"item\":\"https:\\\/\\\/www.immobilierlocal.ch\\\/c\\\/\"},{\"@type\":\"ListItem\",\"position\":2,\"name\":\"Agence immobili\u00e8re dans le canton de Vaud\",\"item\":\"https:\\\/\\\/www.immobilierlocal.ch\\\/c\\\/agence-immobiliere-dans-le-canton-de-vaud-expert-en-ventes-et-locations-immobilieres\\\/\"},{\"@type\":\"ListItem\",\"position\":3,\"name\":\"Agences immobili\u00e8res\",\"item\":\"https:\\\/\\\/www.immobilierlocal.ch\\\/agences\"},{\"@type\":\"ListItem\",\"position\":4,\"name\":\"Agence immobili\u00e8re \u00e0 Oron-la-Ville\"}]},{\"@type\":\"WebSite\",\"@id\":\"https:\\\/\\\/www.immobilierlocal.ch\\\/c\\\/#website\",\"url\":\"https:\\\/\\\/www.immobilierlocal.ch\\\/c\\\/\",\"name\":\"Immobilierlocal\",\"description\":\"\",\"publisher\":{\"@id\":\"https:\\\/\\\/www.immobilierlocal.ch\\\/c\\\/#organization\"},\"potentialAction\":[{\"@type\":\"SearchAction\",\"target\":{\"@type\":\"EntryPoint\",\"urlTemplate\":\"https:\\\/\\\/www.immobilierlocal.ch\\\/c\\\/?s={search_term_string}\"},\"query-input\":{\"@type\":\"PropertyValueSpecification\",\"valueRequired\":true,\"valueName\":\"search_term_string\"}}],\"inLanguage\":\"fr-FR\"},{\"@type\":\"Organization\",\"@id\":\"https:\\\/\\\/www.immobilierlocal.ch\\\/c\\\/#organization\",\"name\":\"Immobilierlocal\",\"url\":\"https:\\\/\\\/www.immobilierlocal.ch\\\/c\\\/\",\"logo\":{\"@type\":\"ImageObject\",\"inLanguage\":\"fr-FR\",\"@id\":\"https:\\\/\\\/www.immobilierlocal.ch\\\/c\\\/#\\\/schema\\\/logo\\\/image\\\/\",\"url\":\"https:\\\/\\\/www.immobilierlocal.ch\\\/c\\\/wp-content\\\/uploads\\\/2023\\\/10\\\/logo-immobilierlocal-h.svg\",\"contentUrl\":\"https:\\\/\\\/www.immobilierlocal.ch\\\/c\\\/wp-content\\\/uploads\\\/2023\\\/10\\\/logo-immobilierlocal-h.svg\",\"caption\":\"Immobilierlocal\"},\"image\":{\"@id\":\"https:\\\/\\\/www.immobilierlocal.ch\\\/c\\\/#\\\/schema\\\/logo\\\/image\\\/\"}}]}<\/script>\n<!-- \/ Yoast SEO Premium plugin. -->","yoast_head_json":{"title":"Agence immobili\u00e8re \u00e0 Oron-la-Ville : votre partenaire pour la location, l'achat et la vente de logements - Immobilierlocal","robots":{"index":"index","follow":"follow","max-snippet":"max-snippet:-1","max-image-preview":"max-image-preview:large","max-video-preview":"max-video-preview:-1"},"canonical":"https:\/\/www.immobilierlocal.ch\/c\/agence-immobiliere-a-oron-la-ville-votre-partenaire-pour-la-location-lachat-et-la-vente-de-logements\/","og_locale":"fr_FR","og_type":"article","og_title":"Agence immobili\u00e8re \u00e0 Oron-la-Ville : votre partenaire pour la location, l'achat et la vente de logements","og_description":"Envisagez-vous l&rsquo;achat ou la vente d&rsquo;un logement ou d&rsquo;un studio localis\u00e9 \u00e0 Oron-la-Ville ? Immobilierlocal est joignable pour vous guider dans vos projets. Nous sommes situ\u00e9s au centre-ville, contactez-nous pour trouver l&rsquo;habitation de vos r\u00eaves ou vendre la v\u00f4tre. Notre agence immobili\u00e8re \u00e0 Oron-la-Ville offre une vaste gamme de prestations : pour vendre, acheter votre [&hellip;]","og_url":"https:\/\/www.immobilierlocal.ch\/c\/agence-immobiliere-a-oron-la-ville-votre-partenaire-pour-la-location-lachat-et-la-vente-de-logements\/","og_site_name":"Immobilierlocal","article_modified_time":"2026-02-09T10:42:16+00:00","og_image":[{"width":1920,"height":300,"url":"https:\/\/www.immobilierlocal.ch\/c\/wp-content\/uploads\/2026\/02\/agence-immobiliere.jpg","type":"image\/jpeg"}],"twitter_card":"summary_large_image","twitter_misc":{"Dur\u00e9e de lecture estim\u00e9e":"3 minutes"},"schema":{"@context":"https:\/\/schema.org","@graph":[{"@type":"WebPage","@id":"https:\/\/www.immobilierlocal.ch\/c\/agence-immobiliere-a-oron-la-ville-votre-partenaire-pour-la-location-lachat-et-la-vente-de-logements\/","url":"https:\/\/www.immobilierlocal.ch\/c\/agence-immobiliere-a-oron-la-ville-votre-partenaire-pour-la-location-lachat-et-la-vente-de-logements\/","name":"Agence immobili\u00e8re \u00e0 Oron-la-Ville : votre partenaire pour la location, l'achat et la vente de logements - Immobilierlocal","isPartOf":{"@id":"https:\/\/www.immobilierlocal.ch\/c\/#website"},"primaryImageOfPage":{"@id":"https:\/\/www.immobilierlocal.ch\/c\/agence-immobiliere-a-oron-la-ville-votre-partenaire-pour-la-location-lachat-et-la-vente-de-logements\/#primaryimage"},"image":{"@id":"https:\/\/www.immobilierlocal.ch\/c\/agence-immobiliere-a-oron-la-ville-votre-partenaire-pour-la-location-lachat-et-la-vente-de-logements\/#primaryimage"},"thumbnailUrl":"https:\/\/www.immobilierlocal.ch\/c\/wp-content\/uploads\/2026\/02\/agence-immobiliere.jpg","datePublished":"2024-04-16T15:07:10+00:00","dateModified":"2026-02-09T10:42:16+00:00","breadcrumb":{"@id":"https:\/\/www.immobilierlocal.ch\/c\/agence-immobiliere-a-oron-la-ville-votre-partenaire-pour-la-location-lachat-et-la-vente-de-logements\/#breadcrumb"},"inLanguage":"fr-FR","potentialAction":[{"@type":"ReadAction","target":["https:\/\/www.immobilierlocal.ch\/c\/agence-immobiliere-a-oron-la-ville-votre-partenaire-pour-la-location-lachat-et-la-vente-de-logements\/"]}]},{"@type":"ImageObject","inLanguage":"fr-FR","@id":"https:\/\/www.immobilierlocal.ch\/c\/agence-immobiliere-a-oron-la-ville-votre-partenaire-pour-la-location-lachat-et-la-vente-de-logements\/#primaryimage","url":"https:\/\/www.immobilierlocal.ch\/c\/wp-content\/uploads\/2026\/02\/agence-immobiliere.jpg","contentUrl":"https:\/\/www.immobilierlocal.ch\/c\/wp-content\/uploads\/2026\/02\/agence-immobiliere.jpg","width":1920,"height":300},{"@type":"BreadcrumbList","@id":"https:\/\/www.immobilierlocal.ch\/c\/agence-immobiliere-a-oron-la-ville-votre-partenaire-pour-la-location-lachat-et-la-vente-de-logements\/#breadcrumb","itemListElement":[{"@type":"ListItem","position":1,"name":"Accueil","item":"https:\/\/www.immobilierlocal.ch\/c\/"},{"@type":"ListItem","position":2,"name":"Agence immobili\u00e8re dans le canton de Vaud","item":"https:\/\/www.immobilierlocal.ch\/c\/agence-immobiliere-dans-le-canton-de-vaud-expert-en-ventes-et-locations-immobilieres\/"},{"@type":"ListItem","position":3,"name":"Agences immobili\u00e8res","item":"https:\/\/www.immobilierlocal.ch\/agences"},{"@type":"ListItem","position":4,"name":"Agence immobili\u00e8re \u00e0 Oron-la-Ville"}]},{"@type":"WebSite","@id":"https:\/\/www.immobilierlocal.ch\/c\/#website","url":"https:\/\/www.immobilierlocal.ch\/c\/","name":"Immobilierlocal","description":"","publisher":{"@id":"https:\/\/www.immobilierlocal.ch\/c\/#organization"},"potentialAction":[{"@type":"SearchAction","target":{"@type":"EntryPoint","urlTemplate":"https:\/\/www.immobilierlocal.ch\/c\/?s={search_term_string}"},"query-input":{"@type":"PropertyValueSpecification","valueRequired":true,"valueName":"search_term_string"}}],"inLanguage":"fr-FR"},{"@type":"Organization","@id":"https:\/\/www.immobilierlocal.ch\/c\/#organization","name":"Immobilierlocal","url":"https:\/\/www.immobilierlocal.ch\/c\/","logo":{"@type":"ImageObject","inLanguage":"fr-FR","@id":"https:\/\/www.immobilierlocal.ch\/c\/#\/schema\/logo\/image\/","url":"https:\/\/www.immobilierlocal.ch\/c\/wp-content\/uploads\/2023\/10\/logo-immobilierlocal-h.svg","contentUrl":"https:\/\/www.immobilierlocal.ch\/c\/wp-content\/uploads\/2023\/10\/logo-immobilierlocal-h.svg","caption":"Immobilierlocal"},"image":{"@id":"https:\/\/www.immobilierlocal.ch\/c\/#\/schema\/logo\/image\/"}}]}},"_links":{"self":[{"href":"https:\/\/www.immobilierlocal.ch\/c\/wp-json\/wp\/v2\/pages\/2286","targetHints":{"allow":["GET"]}}],"collection":[{"href":"https:\/\/www.immobilierlocal.ch\/c\/wp-json\/wp\/v2\/pages"}],"about":[{"href":"https:\/\/www.immobilierlocal.ch\/c\/wp-json\/wp\/v2\/types\/page"}],"author":[{"embeddable":true,"href":"https:\/\/www.immobilierlocal.ch\/c\/wp-json\/wp\/v2\/users\/3"}],"replies":[{"embeddable":true,"href":"https:\/\/www.immobilierlocal.ch\/c\/wp-json\/wp\/v2\/comments?post=2286"}],"version-history":[{"count":0,"href":"https:\/\/www.immobilierlocal.ch\/c\/wp-json\/wp\/v2\/pages\/2286\/revisions"}],"wp:featuredmedia":[{"embeddable":true,"href":"https:\/\/www.immobilierlocal.ch\/c\/wp-json\/wp\/v2\/media\/2768"}],"wp:attachment":[{"href":"https:\/\/www.immobilierlocal.ch\/c\/wp-json\/wp\/v2\/media?parent=2286"}],"wp:term":[{"taxonomy":"category","embeddable":true,"href":"https:\/\/www.immobilierlocal.ch\/c\/wp-json\/wp\/v2\/categories?post=2286"},{"taxonomy":"profession","embeddable":true,"href":"https:\/\/www.immobilierlocal.ch\/c\/wp-json\/wp\/v2\/profession?post=2286"},{"taxonomy":"location","embeddable":true,"href":"https:\/\/www.immobilierlocal.ch\/c\/wp-json\/wp\/v2\/location?post=2286"},{"taxonomy":"canton","embeddable":true,"href":"https:\/\/www.immobilierlocal.ch\/c\/wp-json\/wp\/v2\/canton?post=2286"}],"curies":[{"name":"wp","href":"https:\/\/api.w.org\/{rel}","templated":true}]}}