
{"id":2285,"date":"2024-04-16T17:07:09","date_gmt":"2024-04-16T15:07:09","guid":{"rendered":"https:\/\/www.immobilierlocal.ch\/c\/?page_id=2285"},"modified":"2026-02-09T11:42:18","modified_gmt":"2026-02-09T10:42:18","slug":"agence-immobiliere-a-orbe-votre-partenaire-pour-lachat-la-vente-et-la-location-de-logements","status":"publish","type":"page","link":"https:\/\/www.immobilierlocal.ch\/c\/agence-immobiliere-a-orbe-votre-partenaire-pour-lachat-la-vente-et-la-location-de-logements\/","title":{"rendered":"Agence immobili\u00e8re \u00e0 Orbe : votre partenaire pour l&rsquo;achat, la vente et la location de logements"},"content":{"rendered":"<p>Pr\u00e9voyez-vous la vente, la location ou l&rsquo;achat d&rsquo;un domicile ou d&rsquo;un appartement situ\u00e9 \u00e0 Orbe ? \u00c0 Orbe, l&rsquo;entreprise Immobilierlocal offre des accompagnements personnalis\u00e9s. Notre entreprise est situ\u00e9e au centre-ville, contactez-nous pour d\u00e9nicher la maison de vos r\u00eaves ou c\u00e9der la v\u00f4tre. \u00c0 Orbe, notre agence fournis des services pour : l&rsquo;achat, la vente, la location de maisons, d&rsquo;appartements, de magasins de proximit\u00e9s, de locaux commerciaux, nous proposons aussi la g\u00e9rance de vos propri\u00e9t\u00e9s, la gestion locative de vos appartements Airbnb, l&rsquo;administration de copropri\u00e9t\u00e9s ou encore pour trouver une solution de pr\u00eat de votre futur bien.<\/p>\n\r\n<div class=\"box\">\r\n            <div class=\"company-info\">\r\n            <img decoding=\"async\" class=\"company-info__logo\" src=\"https:\/\/www.artisanlocal.ch\/media\/cache\/thumb\/images\/companies\/6830ad77d37b4015109621.png\" alt=\"Logo\">\r\n            <h2 class=\"company-info__name\">Hermesis<\/h2>\r\n            <p class=\"company-info__business\">Agence immobili\u00e8re - Estimations - Accompagnement pour l\u2019achat - Conseils immobiliers - Courtier<\/p>\r\n        <\/div>\r\n        <div class=\"company-contact\">\r\n            <p class=\"company-info__address\">Route de l'Arnon 20, 1431 Vugelles-La Mothe <\/p>\r\n                            <div class=\"links\">\r\n                                            <a class=\"btn has-accent-background-color js-phoneNumber\" href=\"tel:0798952311\" title=\"Appelez\" data-id=\"38806\" data-type=\"11\">079 895 23 11<\/a>\r\n                                                                <a class=\"btn has-accent-background-color\" href=\"https:\/\/hermesis.ch\/\" target=\"_blank\" title=\"Voir le site internet\" data-id=\"38806\" data-type=\"20\">Site internet<\/a>\r\n                                    <\/div>\r\n                    <\/div>\r\n    \r\n            \n<form action=\"https:\/\/www.immobilierlocal.ch\/c\/wp-admin\/admin-ajax.php\" method=\"post\" class=\"form-contact\" id=\"immobilier_form_contact_company_inline\">\n    <div><input type=\"hidden\" name=\"action\" value=\"company_contact\"><\/div>\n    <div><input type=\"hidden\" name=\"nonce\" value=\"0b5e0bde16\"><\/div>\n    <div><input type=\"hidden\" name=\"company_id\" value=\"38806\"><\/div>\n    <div><input type=\"hidden\" name=\"form_id\" value=\"immobilier_form_contact_company_inline\"><\/div>\n    <div class=\"gglcptch gglcptch_v3 gglcptch_custom\"><input type=\"hidden\" id=\"g-recaptcha-response\" name=\"g-recaptcha-response\" \/><br \/><div class=\"gglcptch_error_text\">La p\u00e9riode de v\u00e9rification reCAPTCHA a expir\u00e9. Veuillez recharger la page.<\/div><\/div>    <div class=\"form-content\">\n        <div class=\"form-group\">\n            <label for=\"contact_firstName\" class=\"required\">Pr\u00e9nom<\/label>\n            <input type=\"text\" name=\"firstName\" class=\"form-control\" required>\n        <\/div>\n        <div class=\"form-group\">\n            <label for=\"contact_lastName\" class=\"required\">Nom<\/label>\n            <input type=\"text\" name=\"lastName\" class=\"form-control\" required>\n        <\/div>\n        <div class=\"form-group\">\n            <label for=\"contact_email\" class=\"required\">Email<\/label>\n            <input type=\"email\" name=\"email\" class=\"form-control\" required>\n        <\/div>\n        <div class=\"form-group\">\n            <label for=\"contact_phone\" class=\"required\">Num\u00e9ro de t\u00e9l\u00e9phone<\/label>\n            <input type=\"tel\" name=\"phone\" class=\"form-control\" placeholder=\"0787117165\" pattern=\"^[0-9]{10}$\" required>\n        <\/div>\n        <div class=\"form-group\">\n            <label for=\"contact_postalCode\" class=\"required\">Code postal et localit\u00e9<\/label>\n            <input type=\"text\" name=\"postalCode\" class=\"form-control\" required>\n        <\/div>\n        <div class=\"form-group\">\n            <label for=\"contact_address\" class=\"required\">Adresse<\/label>\n            <input type=\"text\" name=\"address\" class=\"form-control\" required>\n        <\/div>\n        <div class=\"full-width topic\">\n            <p class=\"required\">Je souhaite \u00eatre contact\u00e9 pour :<\/p>\n            <div class=\"form-check\">\n                <input type=\"radio\" name=\"topic\" value=\"Estimation\" class=\"form-control\" required>\n                <label for=\"estimation\">R\u00e9aliser une estimation<\/label>\n            <\/div>\n            <div class=\"form-check\">\n                <input type=\"radio\" name=\"topic\" value=\"Vente\" class=\"form-control\" required>\n                <label for=\"vente\">R\u00e9aliser une vente<\/label>\n            <\/div>\n            <div class=\"form-check\">\n                <input type=\"radio\" name=\"topic\" value=\"Autre\" class=\"form-control\" required>\n                <label for=\"autre\">Autre<\/label>\n            <\/div>\n        <\/div>\n        <div class=\"form-group full-width\">\n            <label for=\"contact_message\">Message<\/label>\n            <textarea name=\"message\" rows=\"3\" class=\"form-control\"><\/textarea>\n        <\/div>\n    <\/div>\n    <div class=\"form-actions\">\n        <button class=\"wp-block-button__link has-accent-background-color\">Contacter<\/button>\n    <\/div>\n<\/form>\n<div class=\"form-feedback\"><\/div>    <\/div>\n<h2>Le march\u00e9 immobilier Urbig\u00e8ne s&rsquo;\u00e9tend plus loin que de sa ville<\/h2>\n<p>R\u00e9cemment, les tarifs ont augment\u00e9 \u00e0 Orbe, en raison de divers \u00e9l\u00e9ments :<\/p>\n<ul>\n<li>Sa position g\u00e9ographique,<\/li>\n<li>le secteur de l&#8217;emploi,<\/li>\n<li>la qualit\u00e9 de son cadre de vie.<\/li>\n<\/ul>\n<p>Acheter \u00e0 Orbe est une option pertinente, car le besoin de maisons et de logements \u00e0 louer ou \u00e0 acheter \u00e0 grimper de mani\u00e8re significative, entra\u00eenant une inflation des tarifs de l&rsquo;immobilier.<\/p>\n<h3>Pour le prix immobilier moyen au m\u00b2 \u00e0 Orbe<\/h3>\n<p class=\"estimates-price-immobilier\">Le march\u00e9 immobilier \u00e0 Orbe affiche un prix moyen de CHF 6'807 \/ m\u00b2 (prix par m\u00e8tre carr\u00e9). Les maisons et les appartements ont un prix moyen respectif de CHF 6'802 \/ m\u00b2 et de CHF 6'811 \/ m\u00b2.<\/p>\n<h3>Pour le loyer moyen des habitations \u00e0 Orbe<\/h3>\n<p class=\"estimates-rent-average\">Les loyers moyens \u00e0 Orbe sont actuellement de CHF 1'788 pour les appartements, CHF 2'452 pour les maisons.<\/p>\n<p>La p\u00e9nurie de logements sur le march\u00e9 immobilier oblige les acqu\u00e9reurs \u00e0 \u00e9largir leur prospection et \u00e0 se porter vers des localit\u00e9s proches, telles que :<\/p>\nLa Praz, Arnex-sur-Orbe, Croy, Romainm\u00f4tier, Premier, Vaulion, Juriens, Bretonni\u00e8res, Vallorbe, Ballaigues, Agiez, Bofflens, Montcherand, L'Abergement, Sergey, La Russille, Les Cl\u00e9es, Lignerolle, Valeyres-sous-Rances, Bavois, Chavornay, Corcelles-sur-Chavornay, Rances, Baulmes.\n<h2>La position g\u00e9ographique de notre agence immobili\u00e8re \u00e0 Orbe<\/h2>\n<p>Implant\u00e9e \u00e0 Orbe notre agence immobili\u00e8re intervient dans l&rsquo;ensemble des lieus de la ville.<\/p>\n\n<div id=\"map\" class=\"map\" data-adresse=\"Route de l'Arnon 20 1431 Vugelles-La Mothe, Suisse\"><\/div>\n<h2>Pourquoi s\u00e9lectionner Immobilierlocal ?<\/h2>\n<p>Notre soci\u00e9t\u00e9, Immobilierlocal, propose une gamme de services, entre autres :<\/p>\n<ul>\n<li>La parution de votre annonce sur notre site internet : afin de toucher plus de futurs clients.<\/li>\n<li>Un site web en suisse et pr\u00e9sent en francophonie : notre site web est r\u00e9f\u00e9renc\u00e9 pour appara\u00eetre dans plusieurs moteurs de recherche web en langue fran\u00e7aise pour toucher un maximum de potentiels clients.<\/li>\n<li>Strat\u00e9gie de vente personnalis\u00e9e : chaque bien immobilier sur notre site internet dispose d&rsquo;une approche de vente personnalis\u00e9e.<\/li>\n<li>Estimation des prix de march\u00e9 : nous avons d\u00e9velopp\u00e9 des applications en ligne pour estimer les tarifs des biens.<\/li>\n<li>Photos et vid\u00e9os : nous effectuons la prise des photos et des vid\u00e9os afin de mettre en valeur votre habitation.<\/li>\n<li>Empreinte num\u00e9rique : nous proposons la possibilit\u00e9 de sign\u00e9 num\u00e9riquement vos papiers en ligne.<\/li>\n<li>Service de conciergerie airbnb : nous proposons aussi un service de conciergerie airbnb.<\/li>\n<li>Services de gestion locative : nous proposons une couverture pour les loyers impay\u00e9s.<\/li>\n<\/ul>\n<h2>Une soci\u00e9t\u00e9 immobili\u00e8re compos\u00e9e d&rsquo;experts<\/h2>\n<p>Les agents de notre entreprise sont exp\u00e9riment\u00e9s, qu&rsquo;il s&rsquo;agisse de conseillers commerciaux ou de managers. Nos conseillers suivent r\u00e9guli\u00e8rement des formations afin de maintenir leurs connaissances commerciales, techniques et juridiques \u00e0 jour. De plus, nos agents immobiliers ont tous aussi acquis une exp\u00e9rience ant\u00e9rieur. Cette exp\u00e9rience, nous permet d&rsquo;apporter le meilleur accompagnement \u00e0 nos partenaires, parce que votre satisfaction est notre priorit\u00e9.<\/p>\n<h2>Estimer la valeur de votre bien immobilier \u00e0 Orbe<\/h2>\n<p>Si vous \u00eates un Urbig\u00e8ne, notre agence effectue des estimations immobili\u00e8res pouss\u00e9es de votre habitation en tenant compte des sp\u00e9cificit\u00e9s de votre logement comme votre localisation. Nous apportons une v\u00e9ritable comp\u00e9tence pour tout ce qui concerne : l&rsquo;achat, la vente, les placements immobiliers, les locations airbnb ou longue dur\u00e9e, la gestion de votre immobilier locatif, et aussi pour la g\u00e9rance de votre r\u00e9sidence en copropri\u00e9t\u00e9.<\/p>\n<h2>Un accompagnement sur mesure<\/h2>\n<p>Nous savons que chaque individu est unique, c\u2019est pour cela que nous personnalisons notre accompagnement. Vous voulez acqu\u00e9rir, louer ou vendre une maison ou un appartement dans la zone de Orbe ? Notre \u00e9quipe d&rsquo;experts vous assiste du premier instant aux derni\u00e8res finalisations de votre projet. Nous avons un vaste r\u00e9seau de contacts pour vous assister \u00e0 trouver l&rsquo;habitation de vos r\u00eaves \u00e0 Orbe.<\/p>\n<h2>Vous recherchez une entreprise immobili\u00e8re \u00e0 Orbe ?<\/h2>\n<p>L&rsquo;agence Immobilierlocal est localis\u00e9e au centre-ville de Orbe. Nos consultants vous accueillent et sont toujours d\u00e9termin\u00e9s \u00e0 vous soutenir dans votre projet immobilier. Notre agence est exp\u00e9riment\u00e9e dans la vente, l&rsquo;acquisition et la gestion de propri\u00e9t\u00e9s.<\/p>\n","protected":false},"excerpt":{"rendered":"<p>Pr\u00e9voyez-vous la vente, la location ou l&rsquo;achat d&rsquo;un domicile ou d&rsquo;un appartement situ\u00e9 \u00e0 Orbe ? \u00c0 Orbe, l&rsquo;entreprise Immobilierlocal offre des accompagnements personnalis\u00e9s. Notre entreprise est situ\u00e9e au centre-ville, contactez-nous pour d\u00e9nicher la maison de vos r\u00eaves ou c\u00e9der la v\u00f4tre. \u00c0 Orbe, notre agence fournis des services pour : l&rsquo;achat, la vente, la [&hellip;]<\/p>\n","protected":false},"author":3,"featured_media":2768,"parent":0,"menu_order":0,"comment_status":"closed","ping_status":"closed","template":"wp-custom-template-page-agent","meta":{"footnotes":""},"categories":[89],"profession":[92],"location":[28],"canton":[79],"class_list":["post-2285","page","type-page","status-publish","has-post-thumbnail","hentry","category-agence","profession-agent-immobilier"],"yoast_head":"<!-- This site is optimized with the Yoast SEO Premium plugin v23.0 (Yoast SEO v27.3) - https:\/\/yoast.com\/product\/yoast-seo-premium-wordpress\/ -->\n<title>Agence immobili\u00e8re \u00e0 Orbe : votre partenaire pour l&#039;achat, la vente et la location de logements - Immobilierlocal<\/title>\n<meta name=\"robots\" content=\"index, follow, max-snippet:-1, max-image-preview:large, max-video-preview:-1\" \/>\n<link rel=\"canonical\" href=\"https:\/\/www.immobilierlocal.ch\/c\/agence-immobiliere-a-orbe-votre-partenaire-pour-lachat-la-vente-et-la-location-de-logements\/\" \/>\n<meta property=\"og:locale\" content=\"fr_FR\" \/>\n<meta property=\"og:type\" content=\"article\" \/>\n<meta property=\"og:title\" content=\"Agence immobili\u00e8re \u00e0 Orbe : votre partenaire pour l&#039;achat, la vente et la location de logements\" \/>\n<meta property=\"og:description\" content=\"Pr\u00e9voyez-vous la vente, la location ou l&rsquo;achat d&rsquo;un domicile ou d&rsquo;un appartement situ\u00e9 \u00e0 Orbe ? \u00c0 Orbe, l&rsquo;entreprise Immobilierlocal offre des accompagnements personnalis\u00e9s. Notre entreprise est situ\u00e9e au centre-ville, contactez-nous pour d\u00e9nicher la maison de vos r\u00eaves ou c\u00e9der la v\u00f4tre. \u00c0 Orbe, notre agence fournis des services pour : l&rsquo;achat, la vente, la [&hellip;]\" \/>\n<meta property=\"og:url\" content=\"https:\/\/www.immobilierlocal.ch\/c\/agence-immobiliere-a-orbe-votre-partenaire-pour-lachat-la-vente-et-la-location-de-logements\/\" \/>\n<meta property=\"og:site_name\" content=\"Immobilierlocal\" \/>\n<meta property=\"article:modified_time\" content=\"2026-02-09T10:42:18+00:00\" \/>\n<meta property=\"og:image\" content=\"https:\/\/www.immobilierlocal.ch\/c\/wp-content\/uploads\/2026\/02\/agence-immobiliere.jpg\" \/>\n\t<meta property=\"og:image:width\" content=\"1920\" \/>\n\t<meta property=\"og:image:height\" content=\"300\" \/>\n\t<meta property=\"og:image:type\" content=\"image\/jpeg\" \/>\n<meta name=\"twitter:card\" content=\"summary_large_image\" \/>\n<meta name=\"twitter:label1\" content=\"Dur\u00e9e de lecture estim\u00e9e\" \/>\n\t<meta name=\"twitter:data1\" content=\"4 minutes\" \/>\n<script type=\"application\/ld+json\" class=\"yoast-schema-graph\">{\"@context\":\"https:\\\/\\\/schema.org\",\"@graph\":[{\"@type\":\"WebPage\",\"@id\":\"https:\\\/\\\/www.immobilierlocal.ch\\\/c\\\/agence-immobiliere-a-orbe-votre-partenaire-pour-lachat-la-vente-et-la-location-de-logements\\\/\",\"url\":\"https:\\\/\\\/www.immobilierlocal.ch\\\/c\\\/agence-immobiliere-a-orbe-votre-partenaire-pour-lachat-la-vente-et-la-location-de-logements\\\/\",\"name\":\"Agence immobili\u00e8re \u00e0 Orbe : votre partenaire pour l'achat, la vente et la location de logements - Immobilierlocal\",\"isPartOf\":{\"@id\":\"https:\\\/\\\/www.immobilierlocal.ch\\\/c\\\/#website\"},\"primaryImageOfPage\":{\"@id\":\"https:\\\/\\\/www.immobilierlocal.ch\\\/c\\\/agence-immobiliere-a-orbe-votre-partenaire-pour-lachat-la-vente-et-la-location-de-logements\\\/#primaryimage\"},\"image\":{\"@id\":\"https:\\\/\\\/www.immobilierlocal.ch\\\/c\\\/agence-immobiliere-a-orbe-votre-partenaire-pour-lachat-la-vente-et-la-location-de-logements\\\/#primaryimage\"},\"thumbnailUrl\":\"https:\\\/\\\/www.immobilierlocal.ch\\\/c\\\/wp-content\\\/uploads\\\/2026\\\/02\\\/agence-immobiliere.jpg\",\"datePublished\":\"2024-04-16T15:07:09+00:00\",\"dateModified\":\"2026-02-09T10:42:18+00:00\",\"breadcrumb\":{\"@id\":\"https:\\\/\\\/www.immobilierlocal.ch\\\/c\\\/agence-immobiliere-a-orbe-votre-partenaire-pour-lachat-la-vente-et-la-location-de-logements\\\/#breadcrumb\"},\"inLanguage\":\"fr-FR\",\"potentialAction\":[{\"@type\":\"ReadAction\",\"target\":[\"https:\\\/\\\/www.immobilierlocal.ch\\\/c\\\/agence-immobiliere-a-orbe-votre-partenaire-pour-lachat-la-vente-et-la-location-de-logements\\\/\"]}]},{\"@type\":\"ImageObject\",\"inLanguage\":\"fr-FR\",\"@id\":\"https:\\\/\\\/www.immobilierlocal.ch\\\/c\\\/agence-immobiliere-a-orbe-votre-partenaire-pour-lachat-la-vente-et-la-location-de-logements\\\/#primaryimage\",\"url\":\"https:\\\/\\\/www.immobilierlocal.ch\\\/c\\\/wp-content\\\/uploads\\\/2026\\\/02\\\/agence-immobiliere.jpg\",\"contentUrl\":\"https:\\\/\\\/www.immobilierlocal.ch\\\/c\\\/wp-content\\\/uploads\\\/2026\\\/02\\\/agence-immobiliere.jpg\",\"width\":1920,\"height\":300},{\"@type\":\"BreadcrumbList\",\"@id\":\"https:\\\/\\\/www.immobilierlocal.ch\\\/c\\\/agence-immobiliere-a-orbe-votre-partenaire-pour-lachat-la-vente-et-la-location-de-logements\\\/#breadcrumb\",\"itemListElement\":[{\"@type\":\"ListItem\",\"position\":1,\"name\":\"Accueil\",\"item\":\"https:\\\/\\\/www.immobilierlocal.ch\\\/c\\\/\"},{\"@type\":\"ListItem\",\"position\":2,\"name\":\"Agence immobili\u00e8re dans le canton de Vaud\",\"item\":\"https:\\\/\\\/www.immobilierlocal.ch\\\/c\\\/agence-immobiliere-dans-le-canton-de-vaud-expert-en-ventes-et-locations-immobilieres\\\/\"},{\"@type\":\"ListItem\",\"position\":3,\"name\":\"Agences immobili\u00e8res\",\"item\":\"https:\\\/\\\/www.immobilierlocal.ch\\\/agences\"},{\"@type\":\"ListItem\",\"position\":4,\"name\":\"Agence immobili\u00e8re \u00e0 Orbe\"}]},{\"@type\":\"WebSite\",\"@id\":\"https:\\\/\\\/www.immobilierlocal.ch\\\/c\\\/#website\",\"url\":\"https:\\\/\\\/www.immobilierlocal.ch\\\/c\\\/\",\"name\":\"Immobilierlocal\",\"description\":\"\",\"publisher\":{\"@id\":\"https:\\\/\\\/www.immobilierlocal.ch\\\/c\\\/#organization\"},\"potentialAction\":[{\"@type\":\"SearchAction\",\"target\":{\"@type\":\"EntryPoint\",\"urlTemplate\":\"https:\\\/\\\/www.immobilierlocal.ch\\\/c\\\/?s={search_term_string}\"},\"query-input\":{\"@type\":\"PropertyValueSpecification\",\"valueRequired\":true,\"valueName\":\"search_term_string\"}}],\"inLanguage\":\"fr-FR\"},{\"@type\":\"Organization\",\"@id\":\"https:\\\/\\\/www.immobilierlocal.ch\\\/c\\\/#organization\",\"name\":\"Immobilierlocal\",\"url\":\"https:\\\/\\\/www.immobilierlocal.ch\\\/c\\\/\",\"logo\":{\"@type\":\"ImageObject\",\"inLanguage\":\"fr-FR\",\"@id\":\"https:\\\/\\\/www.immobilierlocal.ch\\\/c\\\/#\\\/schema\\\/logo\\\/image\\\/\",\"url\":\"https:\\\/\\\/www.immobilierlocal.ch\\\/c\\\/wp-content\\\/uploads\\\/2023\\\/10\\\/logo-immobilierlocal-h.svg\",\"contentUrl\":\"https:\\\/\\\/www.immobilierlocal.ch\\\/c\\\/wp-content\\\/uploads\\\/2023\\\/10\\\/logo-immobilierlocal-h.svg\",\"caption\":\"Immobilierlocal\"},\"image\":{\"@id\":\"https:\\\/\\\/www.immobilierlocal.ch\\\/c\\\/#\\\/schema\\\/logo\\\/image\\\/\"}}]}<\/script>\n<!-- \/ Yoast SEO Premium plugin. -->","yoast_head_json":{"title":"Agence immobili\u00e8re \u00e0 Orbe : votre partenaire pour l'achat, la vente et la location de logements - Immobilierlocal","robots":{"index":"index","follow":"follow","max-snippet":"max-snippet:-1","max-image-preview":"max-image-preview:large","max-video-preview":"max-video-preview:-1"},"canonical":"https:\/\/www.immobilierlocal.ch\/c\/agence-immobiliere-a-orbe-votre-partenaire-pour-lachat-la-vente-et-la-location-de-logements\/","og_locale":"fr_FR","og_type":"article","og_title":"Agence immobili\u00e8re \u00e0 Orbe : votre partenaire pour l'achat, la vente et la location de logements","og_description":"Pr\u00e9voyez-vous la vente, la location ou l&rsquo;achat d&rsquo;un domicile ou d&rsquo;un appartement situ\u00e9 \u00e0 Orbe ? \u00c0 Orbe, l&rsquo;entreprise Immobilierlocal offre des accompagnements personnalis\u00e9s. Notre entreprise est situ\u00e9e au centre-ville, contactez-nous pour d\u00e9nicher la maison de vos r\u00eaves ou c\u00e9der la v\u00f4tre. \u00c0 Orbe, notre agence fournis des services pour : l&rsquo;achat, la vente, la [&hellip;]","og_url":"https:\/\/www.immobilierlocal.ch\/c\/agence-immobiliere-a-orbe-votre-partenaire-pour-lachat-la-vente-et-la-location-de-logements\/","og_site_name":"Immobilierlocal","article_modified_time":"2026-02-09T10:42:18+00:00","og_image":[{"width":1920,"height":300,"url":"https:\/\/www.immobilierlocal.ch\/c\/wp-content\/uploads\/2026\/02\/agence-immobiliere.jpg","type":"image\/jpeg"}],"twitter_card":"summary_large_image","twitter_misc":{"Dur\u00e9e de lecture estim\u00e9e":"4 minutes"},"schema":{"@context":"https:\/\/schema.org","@graph":[{"@type":"WebPage","@id":"https:\/\/www.immobilierlocal.ch\/c\/agence-immobiliere-a-orbe-votre-partenaire-pour-lachat-la-vente-et-la-location-de-logements\/","url":"https:\/\/www.immobilierlocal.ch\/c\/agence-immobiliere-a-orbe-votre-partenaire-pour-lachat-la-vente-et-la-location-de-logements\/","name":"Agence immobili\u00e8re \u00e0 Orbe : votre partenaire pour l'achat, la vente et la location de logements - Immobilierlocal","isPartOf":{"@id":"https:\/\/www.immobilierlocal.ch\/c\/#website"},"primaryImageOfPage":{"@id":"https:\/\/www.immobilierlocal.ch\/c\/agence-immobiliere-a-orbe-votre-partenaire-pour-lachat-la-vente-et-la-location-de-logements\/#primaryimage"},"image":{"@id":"https:\/\/www.immobilierlocal.ch\/c\/agence-immobiliere-a-orbe-votre-partenaire-pour-lachat-la-vente-et-la-location-de-logements\/#primaryimage"},"thumbnailUrl":"https:\/\/www.immobilierlocal.ch\/c\/wp-content\/uploads\/2026\/02\/agence-immobiliere.jpg","datePublished":"2024-04-16T15:07:09+00:00","dateModified":"2026-02-09T10:42:18+00:00","breadcrumb":{"@id":"https:\/\/www.immobilierlocal.ch\/c\/agence-immobiliere-a-orbe-votre-partenaire-pour-lachat-la-vente-et-la-location-de-logements\/#breadcrumb"},"inLanguage":"fr-FR","potentialAction":[{"@type":"ReadAction","target":["https:\/\/www.immobilierlocal.ch\/c\/agence-immobiliere-a-orbe-votre-partenaire-pour-lachat-la-vente-et-la-location-de-logements\/"]}]},{"@type":"ImageObject","inLanguage":"fr-FR","@id":"https:\/\/www.immobilierlocal.ch\/c\/agence-immobiliere-a-orbe-votre-partenaire-pour-lachat-la-vente-et-la-location-de-logements\/#primaryimage","url":"https:\/\/www.immobilierlocal.ch\/c\/wp-content\/uploads\/2026\/02\/agence-immobiliere.jpg","contentUrl":"https:\/\/www.immobilierlocal.ch\/c\/wp-content\/uploads\/2026\/02\/agence-immobiliere.jpg","width":1920,"height":300},{"@type":"BreadcrumbList","@id":"https:\/\/www.immobilierlocal.ch\/c\/agence-immobiliere-a-orbe-votre-partenaire-pour-lachat-la-vente-et-la-location-de-logements\/#breadcrumb","itemListElement":[{"@type":"ListItem","position":1,"name":"Accueil","item":"https:\/\/www.immobilierlocal.ch\/c\/"},{"@type":"ListItem","position":2,"name":"Agence immobili\u00e8re dans le canton de Vaud","item":"https:\/\/www.immobilierlocal.ch\/c\/agence-immobiliere-dans-le-canton-de-vaud-expert-en-ventes-et-locations-immobilieres\/"},{"@type":"ListItem","position":3,"name":"Agences immobili\u00e8res","item":"https:\/\/www.immobilierlocal.ch\/agences"},{"@type":"ListItem","position":4,"name":"Agence immobili\u00e8re \u00e0 Orbe"}]},{"@type":"WebSite","@id":"https:\/\/www.immobilierlocal.ch\/c\/#website","url":"https:\/\/www.immobilierlocal.ch\/c\/","name":"Immobilierlocal","description":"","publisher":{"@id":"https:\/\/www.immobilierlocal.ch\/c\/#organization"},"potentialAction":[{"@type":"SearchAction","target":{"@type":"EntryPoint","urlTemplate":"https:\/\/www.immobilierlocal.ch\/c\/?s={search_term_string}"},"query-input":{"@type":"PropertyValueSpecification","valueRequired":true,"valueName":"search_term_string"}}],"inLanguage":"fr-FR"},{"@type":"Organization","@id":"https:\/\/www.immobilierlocal.ch\/c\/#organization","name":"Immobilierlocal","url":"https:\/\/www.immobilierlocal.ch\/c\/","logo":{"@type":"ImageObject","inLanguage":"fr-FR","@id":"https:\/\/www.immobilierlocal.ch\/c\/#\/schema\/logo\/image\/","url":"https:\/\/www.immobilierlocal.ch\/c\/wp-content\/uploads\/2023\/10\/logo-immobilierlocal-h.svg","contentUrl":"https:\/\/www.immobilierlocal.ch\/c\/wp-content\/uploads\/2023\/10\/logo-immobilierlocal-h.svg","caption":"Immobilierlocal"},"image":{"@id":"https:\/\/www.immobilierlocal.ch\/c\/#\/schema\/logo\/image\/"}}]}},"_links":{"self":[{"href":"https:\/\/www.immobilierlocal.ch\/c\/wp-json\/wp\/v2\/pages\/2285","targetHints":{"allow":["GET"]}}],"collection":[{"href":"https:\/\/www.immobilierlocal.ch\/c\/wp-json\/wp\/v2\/pages"}],"about":[{"href":"https:\/\/www.immobilierlocal.ch\/c\/wp-json\/wp\/v2\/types\/page"}],"author":[{"embeddable":true,"href":"https:\/\/www.immobilierlocal.ch\/c\/wp-json\/wp\/v2\/users\/3"}],"replies":[{"embeddable":true,"href":"https:\/\/www.immobilierlocal.ch\/c\/wp-json\/wp\/v2\/comments?post=2285"}],"version-history":[{"count":0,"href":"https:\/\/www.immobilierlocal.ch\/c\/wp-json\/wp\/v2\/pages\/2285\/revisions"}],"wp:featuredmedia":[{"embeddable":true,"href":"https:\/\/www.immobilierlocal.ch\/c\/wp-json\/wp\/v2\/media\/2768"}],"wp:attachment":[{"href":"https:\/\/www.immobilierlocal.ch\/c\/wp-json\/wp\/v2\/media?parent=2285"}],"wp:term":[{"taxonomy":"category","embeddable":true,"href":"https:\/\/www.immobilierlocal.ch\/c\/wp-json\/wp\/v2\/categories?post=2285"},{"taxonomy":"profession","embeddable":true,"href":"https:\/\/www.immobilierlocal.ch\/c\/wp-json\/wp\/v2\/profession?post=2285"},{"taxonomy":"location","embeddable":true,"href":"https:\/\/www.immobilierlocal.ch\/c\/wp-json\/wp\/v2\/location?post=2285"},{"taxonomy":"canton","embeddable":true,"href":"https:\/\/www.immobilierlocal.ch\/c\/wp-json\/wp\/v2\/canton?post=2285"}],"curies":[{"name":"wp","href":"https:\/\/api.w.org\/{rel}","templated":true}]}}