
{"id":2283,"date":"2024-04-16T17:07:07","date_gmt":"2024-04-16T15:07:07","guid":{"rendered":"https:\/\/www.immobilierlocal.ch\/c\/?page_id=2283"},"modified":"2026-02-09T11:42:19","modified_gmt":"2026-02-09T10:42:19","slug":"agence-immobiliere-a-moudon-votre-partenaire-pour-la-location-lachat-et-la-vente-de-logements","status":"publish","type":"page","link":"https:\/\/www.immobilierlocal.ch\/c\/agence-immobiliere-a-moudon-votre-partenaire-pour-la-location-lachat-et-la-vente-de-logements\/","title":{"rendered":"Agence immobili\u00e8re \u00e0 Moudon : votre partenaire pour la location, l&rsquo;achat et la vente de logements"},"content":{"rendered":"<p>Pr\u00e9voyez-vous la vente, la location ou l&rsquo;achat d&rsquo;un domicile ou d&rsquo;un studio localis\u00e9 \u00e0 Moudon ? \u00c0 Moudon, l&rsquo;entreprise Immobilierlocal propose des accompagnements personnalis\u00e9s. Notre soci\u00e9t\u00e9 est situ\u00e9e au centre-ville, prenez contact avec nous pour acqu\u00e9rir la maison de vos r\u00eaves ou vendre la v\u00f4tre. \u00c0 Moudon, notre agence fournis des prestations pour : l&rsquo;achat, la vente, la location de maisons, d&rsquo;appartements, de bureaux et de magasins, nous proposons aussi la g\u00e9rance de vos propri\u00e9t\u00e9s immobili\u00e8res, la gestion locative de vos h\u00e9bergements Airbnb, la gestion de copropri\u00e9t\u00e9s ou encore pour \u00e9laborer une solution de financement de votre futur bien immobilier.<\/p>\n\n<div class=\"box\">\n    <h2 class=\"text-dark\">Nous cherchons un <em class=\"text-primary\">Agent immobilier<\/em> dans la r\u00e9gion de <em class=\"text-primary\">Moudon<\/em>  en exclusivit\u00e9, afin de proposer vos services \u00e0 nos clients propri\u00e9taires.<\/h2>\n    <p>Une opportunit\u00e9 unique pour booster votre activit\u00e9 \u00e0 <strong>Moudon<\/strong> et aux alentours dans votre domaine (Agent immobilier).<\/p>\n    <p>Nous travaillons en exclusivit\u00e9 avec qu'une soci\u00e9t\u00e9 par m\u00e9tier et par r\u00e9gion. <br>Votre entreprise est pr\u00e9sente sur tous les documents immobiliers. Afin d'\u00eatre mieux vu sur le net, vous \u00eates \u00e9galement visible sur nos deux sites et sur les pages de r\u00e9f\u00e9rencement de votre r\u00e9gion.<\/p>\n    <a href=\"\/contact\" class=\"wp-block-button__link has-accent-background-color has-text-align-center wp-element-button\">R\u00e9server<\/a>\n<\/div>\n<h2>Le march\u00e9 immobilier Moudonnois s&rsquo;\u00e9tend en dehors de sa commune<\/h2>\n<p>R\u00e9cemment, les prix ont augment\u00e9 \u00e0 Moudon, en raison de plusieurs facteurs :<\/p>\n<ul>\n<li>Son emplacement g\u00e9ographique,<\/li>\n<li>le march\u00e9 de l&#8217;emploi,<\/li>\n<li>la qualit\u00e9 de son lieu de vie.<\/li>\n<\/ul>\n<p>Acqu\u00e9rir un bien immobilier \u00e0 Moudon est aussi un investissement s\u00fbr, \u00e9tant donn\u00e9 que la demande de locations et d&rsquo;achats qui a connu une hausse significative, provoquant une mont\u00e9e des prix.<\/p>\n<h3>Pour le prix immobilier moyen au m\u00b2 \u00e0 Moudon<\/h3>\n<p class=\"estimates-price-immobilier\">Le march\u00e9 immobilier \u00e0 Moudon affiche un prix moyen de CHF 6'047 \/ m\u00b2 (prix par m\u00e8tre carr\u00e9). Les maisons et les appartements ont un prix moyen respectif de CHF 5'834 \/ m\u00b2 et de CHF 6'259 \/ m\u00b2.<\/p>\n<h3>Pour le loyer moyen des logements \u00e0 Moudon<\/h3>\n<p class=\"estimates-rent-average\">Les loyers moyens \u00e0 Moudon sont actuellement de CHF 1'618 pour les appartements, CHF 2'341 pour les maisons.<\/p>\n<p>La raret\u00e9 des logements sur le march\u00e9 immobilier contraint les acqu\u00e9reurs \u00e0 \u00e9tendre leur prospection et \u00e0 se tourner vers des communes proches, telles que :<\/p>\nOgens, Villars-Mendraz, Sottens, Boulens, Chapelle-sur-Moudon, Martherenges, Peyres-Possens, Chan\u00e9az, Pr\u00e9vondavaux, Correvon, Denezy, St-Cierges, Thierrens, Vuissens, Vucherens, Syens, Chavannes-sur-Moudon, Hermenches, Rossenges, Bussy-sur-Moudon, Neyruz-sur-Moudon, Villars-le-Comte, Curtilles, Lucens, Oulens-sur-Lucens, Granges-pr\u00e8s-Marnand, Marnand, Henniez, Seigneux, Cremin, Forel-sur-Lucens, Villeneuve FR, Praratoud, Surpierre, Cheiry, Chapelle (Broye), Sassel, Combremont-le-Grand, Combremont-le-Petit, Champtauroz, Rossens VD, S\u00e9deilles, Villarzel, Dompierre VD, Lovatens, Pr\u00e9vonloup, Cerniaz VD, Villars-Bramard, Brenles, Chesalles-sur-Moudon, Sarzens.\n<h2>La situation g\u00e9ographique de notre agence immobili\u00e8re \u00e0 Moudon<\/h2>\n<p>Les commerciaux de notre agence op\u00e8rent dans tous les secteurs de Moudon.<\/p>\n\n<h2>Pourquoi choisir Immobilierlocal ?<\/h2>\n<p>Immobilierlocal offre une vaste s\u00e9lection de prestations, comme :<\/p>\n<ul>\n<li>La diffusion de votre annonce sur notre site : pour vous permettre d&rsquo;atteindre davantage de monde.<\/li>\n<li>Une vitrine en suisse et sur internet : notre site est r\u00e9f\u00e9renc\u00e9 sur des moteurs de recherches web francophones dans le but de toucher plus de vendeurs, de propri\u00e9taires et d&rsquo;acheteurs.<\/li>\n<li>Programme personnalis\u00e9 : chacun des biens immobiliers pr\u00e9sents sur notre site profite d&rsquo;un plan de commercialisation personnalis\u00e9.<\/li>\n<li>Estimation immobili\u00e8re en ligne : nous avons d\u00e9velopp\u00e9 une application web pour d\u00e9terminer les prix de vente des propri\u00e9t\u00e9s immobili\u00e8res \u00e0 Moudon.<\/li>\n<li>Vid\u00e9o et photographies : nous effectuons la prise des vid\u00e9os et des photos afin de mettre en valeur votre propri\u00e9t\u00e9.<\/li>\n<li>Empreinte num\u00e9rique : nous proposons la possibilit\u00e9 de sign\u00e9 \u00e9lectroniquement vos papiers en ligne.<\/li>\n<li>Gestion locative airbnb : nous proposons aussi des prestations pour la gestion de location airbnb.<\/li>\n<li>Gestion de propri\u00e9t\u00e9s : nous proposons une garantie de non-paiement des loyers.<\/li>\n<\/ul>\n<h2>Une agence immobili\u00e8re qui regroupe des experts<\/h2>\n<p>Les conseillers de notre agence sont exp\u00e9riment\u00e9s, qu&rsquo;il s&rsquo;agisse de professionnels de la vente ou de gestionnaires. Nos collaborateurs participent fr\u00e9quemment des formations pour se maintenir \u00e0 jour et rester comp\u00e9titif. Chaque expert de notre \u00e9quipe poss\u00e8de une grande exp\u00e9rience dans le monde de l&rsquo;immobilier. Cette exp\u00e9rience, nous permet d\u2019accompagner au mieux nos clients, car votre satisfaction est notre objectif.<\/p>\n<h2>D\u00e9terminer la valeur de votre bien immobilier \u00e0 Moudon<\/h2>\n<p>Nous effectuons des \u00e9valuations pr\u00e9cises de votre logement \u00e0 Moudon, nous tenons compte des caract\u00e9ristiques de votre maison, ou encore la r\u00e9putation de votre secteur. Nous fournissons une v\u00e9ritable expertise que ce soit pour : l&rsquo;acquisition, la vente de bien, les investissements immobiliers, les locations airbnb ou longue dur\u00e9e, la gestion de biens, et aussi pour la direction de votre copropri\u00e9t\u00e9.<\/p>\n<h2>Un accompagnement personnalis\u00e9<\/h2>\n<p>Nous sommes conscients que votre projet immobilier est unique, c&rsquo;est la raison pour laquelle nous vous proposons des services adapt\u00e9s. Vous d\u00e9sirez, louer ou vendre une maison ou un loft dans la r\u00e9gion de Moudon ? Notre agence immobili\u00e8re vous assiste du d\u00e9but \u00e0 la fin de votre projet immobilier. Vous souhaitez acqu\u00e9rir une nouvelle propri\u00e9t\u00e9 \u00e0 Moudon ? Nous vous trouvons le meilleur logement potentiel \u00e0 l&rsquo;aide de notre r\u00e9seau.<\/p>\n<h2>Vous cherchez une soci\u00e9t\u00e9 immobili\u00e8re \u00e0 Moudon ?<\/h2>\n<p>L&rsquo;agence Immobilierlocal est \u00e9tabli au centre-ville de Moudon. Nous vous accueillerons dans notre soci\u00e9t\u00e9, pr\u00eats \u00e0 vous \u00e9couter et \u00e0 r\u00e9aliser vos projets. Notre soci\u00e9t\u00e9 est chevronn\u00e9e dans l&rsquo;acquisition, la vente et la gestion de propri\u00e9t\u00e9s.<\/p>\n","protected":false},"excerpt":{"rendered":"<p>Pr\u00e9voyez-vous la vente, la location ou l&rsquo;achat d&rsquo;un domicile ou d&rsquo;un studio localis\u00e9 \u00e0 Moudon ? \u00c0 Moudon, l&rsquo;entreprise Immobilierlocal propose des accompagnements personnalis\u00e9s. Notre soci\u00e9t\u00e9 est situ\u00e9e au centre-ville, prenez contact avec nous pour acqu\u00e9rir la maison de vos r\u00eaves ou vendre la v\u00f4tre. \u00c0 Moudon, notre agence fournis des prestations pour : l&rsquo;achat, [&hellip;]<\/p>\n","protected":false},"author":3,"featured_media":2768,"parent":0,"menu_order":0,"comment_status":"closed","ping_status":"closed","template":"wp-custom-template-page-agent","meta":{"footnotes":""},"categories":[89],"profession":[92],"location":[67],"canton":[79],"class_list":["post-2283","page","type-page","status-publish","has-post-thumbnail","hentry","category-agence","profession-agent-immobilier"],"yoast_head":"<!-- This site is optimized with the Yoast SEO Premium plugin v23.0 (Yoast SEO v27.4) - https:\/\/yoast.com\/product\/yoast-seo-premium-wordpress\/ -->\n<title>Agence immobili\u00e8re \u00e0 Moudon : votre partenaire pour la location, l&#039;achat et la vente de logements - Immobilierlocal<\/title>\n<meta name=\"robots\" content=\"index, follow, max-snippet:-1, max-image-preview:large, max-video-preview:-1\" \/>\n<link rel=\"canonical\" href=\"https:\/\/www.immobilierlocal.ch\/c\/agence-immobiliere-a-moudon-votre-partenaire-pour-la-location-lachat-et-la-vente-de-logements\/\" \/>\n<meta property=\"og:locale\" content=\"fr_FR\" \/>\n<meta property=\"og:type\" content=\"article\" \/>\n<meta property=\"og:title\" content=\"Agence immobili\u00e8re \u00e0 Moudon : votre partenaire pour la location, l&#039;achat et la vente de logements\" \/>\n<meta property=\"og:description\" content=\"Pr\u00e9voyez-vous la vente, la location ou l&rsquo;achat d&rsquo;un domicile ou d&rsquo;un studio localis\u00e9 \u00e0 Moudon ? \u00c0 Moudon, l&rsquo;entreprise Immobilierlocal propose des accompagnements personnalis\u00e9s. Notre soci\u00e9t\u00e9 est situ\u00e9e au centre-ville, prenez contact avec nous pour acqu\u00e9rir la maison de vos r\u00eaves ou vendre la v\u00f4tre. \u00c0 Moudon, notre agence fournis des prestations pour : l&rsquo;achat, [&hellip;]\" \/>\n<meta property=\"og:url\" content=\"https:\/\/www.immobilierlocal.ch\/c\/agence-immobiliere-a-moudon-votre-partenaire-pour-la-location-lachat-et-la-vente-de-logements\/\" \/>\n<meta property=\"og:site_name\" content=\"Immobilierlocal\" \/>\n<meta property=\"article:modified_time\" content=\"2026-02-09T10:42:19+00:00\" \/>\n<meta property=\"og:image\" content=\"https:\/\/www.immobilierlocal.ch\/c\/wp-content\/uploads\/2026\/02\/agence-immobiliere.jpg\" \/>\n\t<meta property=\"og:image:width\" content=\"1920\" \/>\n\t<meta property=\"og:image:height\" content=\"300\" \/>\n\t<meta property=\"og:image:type\" content=\"image\/jpeg\" \/>\n<meta name=\"twitter:card\" content=\"summary_large_image\" \/>\n<meta name=\"twitter:label1\" content=\"Dur\u00e9e de lecture estim\u00e9e\" \/>\n\t<meta name=\"twitter:data1\" content=\"3 minutes\" \/>\n<script type=\"application\/ld+json\" class=\"yoast-schema-graph\">{\"@context\":\"https:\\\/\\\/schema.org\",\"@graph\":[{\"@type\":\"WebPage\",\"@id\":\"https:\\\/\\\/www.immobilierlocal.ch\\\/c\\\/agence-immobiliere-a-moudon-votre-partenaire-pour-la-location-lachat-et-la-vente-de-logements\\\/\",\"url\":\"https:\\\/\\\/www.immobilierlocal.ch\\\/c\\\/agence-immobiliere-a-moudon-votre-partenaire-pour-la-location-lachat-et-la-vente-de-logements\\\/\",\"name\":\"Agence immobili\u00e8re \u00e0 Moudon : votre partenaire pour la location, l'achat et la vente de logements - Immobilierlocal\",\"isPartOf\":{\"@id\":\"https:\\\/\\\/www.immobilierlocal.ch\\\/c\\\/#website\"},\"primaryImageOfPage\":{\"@id\":\"https:\\\/\\\/www.immobilierlocal.ch\\\/c\\\/agence-immobiliere-a-moudon-votre-partenaire-pour-la-location-lachat-et-la-vente-de-logements\\\/#primaryimage\"},\"image\":{\"@id\":\"https:\\\/\\\/www.immobilierlocal.ch\\\/c\\\/agence-immobiliere-a-moudon-votre-partenaire-pour-la-location-lachat-et-la-vente-de-logements\\\/#primaryimage\"},\"thumbnailUrl\":\"https:\\\/\\\/www.immobilierlocal.ch\\\/c\\\/wp-content\\\/uploads\\\/2026\\\/02\\\/agence-immobiliere.jpg\",\"datePublished\":\"2024-04-16T15:07:07+00:00\",\"dateModified\":\"2026-02-09T10:42:19+00:00\",\"breadcrumb\":{\"@id\":\"https:\\\/\\\/www.immobilierlocal.ch\\\/c\\\/agence-immobiliere-a-moudon-votre-partenaire-pour-la-location-lachat-et-la-vente-de-logements\\\/#breadcrumb\"},\"inLanguage\":\"fr-FR\",\"potentialAction\":[{\"@type\":\"ReadAction\",\"target\":[\"https:\\\/\\\/www.immobilierlocal.ch\\\/c\\\/agence-immobiliere-a-moudon-votre-partenaire-pour-la-location-lachat-et-la-vente-de-logements\\\/\"]}]},{\"@type\":\"ImageObject\",\"inLanguage\":\"fr-FR\",\"@id\":\"https:\\\/\\\/www.immobilierlocal.ch\\\/c\\\/agence-immobiliere-a-moudon-votre-partenaire-pour-la-location-lachat-et-la-vente-de-logements\\\/#primaryimage\",\"url\":\"https:\\\/\\\/www.immobilierlocal.ch\\\/c\\\/wp-content\\\/uploads\\\/2026\\\/02\\\/agence-immobiliere.jpg\",\"contentUrl\":\"https:\\\/\\\/www.immobilierlocal.ch\\\/c\\\/wp-content\\\/uploads\\\/2026\\\/02\\\/agence-immobiliere.jpg\",\"width\":1920,\"height\":300},{\"@type\":\"BreadcrumbList\",\"@id\":\"https:\\\/\\\/www.immobilierlocal.ch\\\/c\\\/agence-immobiliere-a-moudon-votre-partenaire-pour-la-location-lachat-et-la-vente-de-logements\\\/#breadcrumb\",\"itemListElement\":[{\"@type\":\"ListItem\",\"position\":1,\"name\":\"Accueil\",\"item\":\"https:\\\/\\\/www.immobilierlocal.ch\\\/c\\\/\"},{\"@type\":\"ListItem\",\"position\":2,\"name\":\"Agence immobili\u00e8re dans le canton de Vaud\",\"item\":\"https:\\\/\\\/www.immobilierlocal.ch\\\/c\\\/agence-immobiliere-dans-le-canton-de-vaud-expert-en-ventes-et-locations-immobilieres\\\/\"},{\"@type\":\"ListItem\",\"position\":3,\"name\":\"Agences immobili\u00e8res\",\"item\":\"https:\\\/\\\/www.immobilierlocal.ch\\\/agences\"},{\"@type\":\"ListItem\",\"position\":4,\"name\":\"Agence immobili\u00e8re \u00e0 Moudon\"}]},{\"@type\":\"WebSite\",\"@id\":\"https:\\\/\\\/www.immobilierlocal.ch\\\/c\\\/#website\",\"url\":\"https:\\\/\\\/www.immobilierlocal.ch\\\/c\\\/\",\"name\":\"Immobilierlocal\",\"description\":\"\",\"publisher\":{\"@id\":\"https:\\\/\\\/www.immobilierlocal.ch\\\/c\\\/#organization\"},\"potentialAction\":[{\"@type\":\"SearchAction\",\"target\":{\"@type\":\"EntryPoint\",\"urlTemplate\":\"https:\\\/\\\/www.immobilierlocal.ch\\\/c\\\/?s={search_term_string}\"},\"query-input\":{\"@type\":\"PropertyValueSpecification\",\"valueRequired\":true,\"valueName\":\"search_term_string\"}}],\"inLanguage\":\"fr-FR\"},{\"@type\":\"Organization\",\"@id\":\"https:\\\/\\\/www.immobilierlocal.ch\\\/c\\\/#organization\",\"name\":\"Immobilierlocal\",\"url\":\"https:\\\/\\\/www.immobilierlocal.ch\\\/c\\\/\",\"logo\":{\"@type\":\"ImageObject\",\"inLanguage\":\"fr-FR\",\"@id\":\"https:\\\/\\\/www.immobilierlocal.ch\\\/c\\\/#\\\/schema\\\/logo\\\/image\\\/\",\"url\":\"https:\\\/\\\/www.immobilierlocal.ch\\\/c\\\/wp-content\\\/uploads\\\/2023\\\/10\\\/logo-immobilierlocal-h.svg\",\"contentUrl\":\"https:\\\/\\\/www.immobilierlocal.ch\\\/c\\\/wp-content\\\/uploads\\\/2023\\\/10\\\/logo-immobilierlocal-h.svg\",\"caption\":\"Immobilierlocal\"},\"image\":{\"@id\":\"https:\\\/\\\/www.immobilierlocal.ch\\\/c\\\/#\\\/schema\\\/logo\\\/image\\\/\"}}]}<\/script>\n<!-- \/ Yoast SEO Premium plugin. -->","yoast_head_json":{"title":"Agence immobili\u00e8re \u00e0 Moudon : votre partenaire pour la location, l'achat et la vente de logements - Immobilierlocal","robots":{"index":"index","follow":"follow","max-snippet":"max-snippet:-1","max-image-preview":"max-image-preview:large","max-video-preview":"max-video-preview:-1"},"canonical":"https:\/\/www.immobilierlocal.ch\/c\/agence-immobiliere-a-moudon-votre-partenaire-pour-la-location-lachat-et-la-vente-de-logements\/","og_locale":"fr_FR","og_type":"article","og_title":"Agence immobili\u00e8re \u00e0 Moudon : votre partenaire pour la location, l'achat et la vente de logements","og_description":"Pr\u00e9voyez-vous la vente, la location ou l&rsquo;achat d&rsquo;un domicile ou d&rsquo;un studio localis\u00e9 \u00e0 Moudon ? \u00c0 Moudon, l&rsquo;entreprise Immobilierlocal propose des accompagnements personnalis\u00e9s. Notre soci\u00e9t\u00e9 est situ\u00e9e au centre-ville, prenez contact avec nous pour acqu\u00e9rir la maison de vos r\u00eaves ou vendre la v\u00f4tre. \u00c0 Moudon, notre agence fournis des prestations pour : l&rsquo;achat, [&hellip;]","og_url":"https:\/\/www.immobilierlocal.ch\/c\/agence-immobiliere-a-moudon-votre-partenaire-pour-la-location-lachat-et-la-vente-de-logements\/","og_site_name":"Immobilierlocal","article_modified_time":"2026-02-09T10:42:19+00:00","og_image":[{"width":1920,"height":300,"url":"https:\/\/www.immobilierlocal.ch\/c\/wp-content\/uploads\/2026\/02\/agence-immobiliere.jpg","type":"image\/jpeg"}],"twitter_card":"summary_large_image","twitter_misc":{"Dur\u00e9e de lecture estim\u00e9e":"3 minutes"},"schema":{"@context":"https:\/\/schema.org","@graph":[{"@type":"WebPage","@id":"https:\/\/www.immobilierlocal.ch\/c\/agence-immobiliere-a-moudon-votre-partenaire-pour-la-location-lachat-et-la-vente-de-logements\/","url":"https:\/\/www.immobilierlocal.ch\/c\/agence-immobiliere-a-moudon-votre-partenaire-pour-la-location-lachat-et-la-vente-de-logements\/","name":"Agence immobili\u00e8re \u00e0 Moudon : votre partenaire pour la location, l'achat et la vente de logements - Immobilierlocal","isPartOf":{"@id":"https:\/\/www.immobilierlocal.ch\/c\/#website"},"primaryImageOfPage":{"@id":"https:\/\/www.immobilierlocal.ch\/c\/agence-immobiliere-a-moudon-votre-partenaire-pour-la-location-lachat-et-la-vente-de-logements\/#primaryimage"},"image":{"@id":"https:\/\/www.immobilierlocal.ch\/c\/agence-immobiliere-a-moudon-votre-partenaire-pour-la-location-lachat-et-la-vente-de-logements\/#primaryimage"},"thumbnailUrl":"https:\/\/www.immobilierlocal.ch\/c\/wp-content\/uploads\/2026\/02\/agence-immobiliere.jpg","datePublished":"2024-04-16T15:07:07+00:00","dateModified":"2026-02-09T10:42:19+00:00","breadcrumb":{"@id":"https:\/\/www.immobilierlocal.ch\/c\/agence-immobiliere-a-moudon-votre-partenaire-pour-la-location-lachat-et-la-vente-de-logements\/#breadcrumb"},"inLanguage":"fr-FR","potentialAction":[{"@type":"ReadAction","target":["https:\/\/www.immobilierlocal.ch\/c\/agence-immobiliere-a-moudon-votre-partenaire-pour-la-location-lachat-et-la-vente-de-logements\/"]}]},{"@type":"ImageObject","inLanguage":"fr-FR","@id":"https:\/\/www.immobilierlocal.ch\/c\/agence-immobiliere-a-moudon-votre-partenaire-pour-la-location-lachat-et-la-vente-de-logements\/#primaryimage","url":"https:\/\/www.immobilierlocal.ch\/c\/wp-content\/uploads\/2026\/02\/agence-immobiliere.jpg","contentUrl":"https:\/\/www.immobilierlocal.ch\/c\/wp-content\/uploads\/2026\/02\/agence-immobiliere.jpg","width":1920,"height":300},{"@type":"BreadcrumbList","@id":"https:\/\/www.immobilierlocal.ch\/c\/agence-immobiliere-a-moudon-votre-partenaire-pour-la-location-lachat-et-la-vente-de-logements\/#breadcrumb","itemListElement":[{"@type":"ListItem","position":1,"name":"Accueil","item":"https:\/\/www.immobilierlocal.ch\/c\/"},{"@type":"ListItem","position":2,"name":"Agence immobili\u00e8re dans le canton de Vaud","item":"https:\/\/www.immobilierlocal.ch\/c\/agence-immobiliere-dans-le-canton-de-vaud-expert-en-ventes-et-locations-immobilieres\/"},{"@type":"ListItem","position":3,"name":"Agences immobili\u00e8res","item":"https:\/\/www.immobilierlocal.ch\/agences"},{"@type":"ListItem","position":4,"name":"Agence immobili\u00e8re \u00e0 Moudon"}]},{"@type":"WebSite","@id":"https:\/\/www.immobilierlocal.ch\/c\/#website","url":"https:\/\/www.immobilierlocal.ch\/c\/","name":"Immobilierlocal","description":"","publisher":{"@id":"https:\/\/www.immobilierlocal.ch\/c\/#organization"},"potentialAction":[{"@type":"SearchAction","target":{"@type":"EntryPoint","urlTemplate":"https:\/\/www.immobilierlocal.ch\/c\/?s={search_term_string}"},"query-input":{"@type":"PropertyValueSpecification","valueRequired":true,"valueName":"search_term_string"}}],"inLanguage":"fr-FR"},{"@type":"Organization","@id":"https:\/\/www.immobilierlocal.ch\/c\/#organization","name":"Immobilierlocal","url":"https:\/\/www.immobilierlocal.ch\/c\/","logo":{"@type":"ImageObject","inLanguage":"fr-FR","@id":"https:\/\/www.immobilierlocal.ch\/c\/#\/schema\/logo\/image\/","url":"https:\/\/www.immobilierlocal.ch\/c\/wp-content\/uploads\/2023\/10\/logo-immobilierlocal-h.svg","contentUrl":"https:\/\/www.immobilierlocal.ch\/c\/wp-content\/uploads\/2023\/10\/logo-immobilierlocal-h.svg","caption":"Immobilierlocal"},"image":{"@id":"https:\/\/www.immobilierlocal.ch\/c\/#\/schema\/logo\/image\/"}}]}},"_links":{"self":[{"href":"https:\/\/www.immobilierlocal.ch\/c\/wp-json\/wp\/v2\/pages\/2283","targetHints":{"allow":["GET"]}}],"collection":[{"href":"https:\/\/www.immobilierlocal.ch\/c\/wp-json\/wp\/v2\/pages"}],"about":[{"href":"https:\/\/www.immobilierlocal.ch\/c\/wp-json\/wp\/v2\/types\/page"}],"author":[{"embeddable":true,"href":"https:\/\/www.immobilierlocal.ch\/c\/wp-json\/wp\/v2\/users\/3"}],"replies":[{"embeddable":true,"href":"https:\/\/www.immobilierlocal.ch\/c\/wp-json\/wp\/v2\/comments?post=2283"}],"version-history":[{"count":0,"href":"https:\/\/www.immobilierlocal.ch\/c\/wp-json\/wp\/v2\/pages\/2283\/revisions"}],"wp:featuredmedia":[{"embeddable":true,"href":"https:\/\/www.immobilierlocal.ch\/c\/wp-json\/wp\/v2\/media\/2768"}],"wp:attachment":[{"href":"https:\/\/www.immobilierlocal.ch\/c\/wp-json\/wp\/v2\/media?parent=2283"}],"wp:term":[{"taxonomy":"category","embeddable":true,"href":"https:\/\/www.immobilierlocal.ch\/c\/wp-json\/wp\/v2\/categories?post=2283"},{"taxonomy":"profession","embeddable":true,"href":"https:\/\/www.immobilierlocal.ch\/c\/wp-json\/wp\/v2\/profession?post=2283"},{"taxonomy":"location","embeddable":true,"href":"https:\/\/www.immobilierlocal.ch\/c\/wp-json\/wp\/v2\/location?post=2283"},{"taxonomy":"canton","embeddable":true,"href":"https:\/\/www.immobilierlocal.ch\/c\/wp-json\/wp\/v2\/canton?post=2283"}],"curies":[{"name":"wp","href":"https:\/\/api.w.org\/{rel}","templated":true}]}}