
{"id":2282,"date":"2024-04-16T17:07:06","date_gmt":"2024-04-16T15:07:06","guid":{"rendered":"https:\/\/www.immobilierlocal.ch\/c\/?page_id=2282"},"modified":"2026-02-09T11:42:21","modified_gmt":"2026-02-09T10:42:21","slug":"agence-immobiliere-a-morges-expert-en-transactions-immobilieres-et-locations-de-biens-immobiliers","status":"publish","type":"page","link":"https:\/\/www.immobilierlocal.ch\/c\/agence-immobiliere-a-morges-expert-en-transactions-immobilieres-et-locations-de-biens-immobiliers\/","title":{"rendered":"Agence immobili\u00e8re \u00e0 Morges : expert en transactions immobili\u00e8res et locations de biens immobiliers"},"content":{"rendered":"<p>Vous pr\u00e9voyez d&rsquo;acheter, de vendre une r\u00e9sidence ou un appartement \u00e0 Morges ? \u00c0 Morges, l&rsquo;agence Immobilierlocal propose des accompagnements individualis\u00e9s. Notre entreprise est situ\u00e9e au c\u0153ur du centre de Morges, contactez-nous pour d\u00e9nicher l&rsquo;habitation de vos r\u00eaves ou c\u00e9der la v\u00f4tre. Notre soci\u00e9t\u00e9 immobili\u00e8re \u00e0 Morges offre une vaste gamme de services : pour vendre, acheter votre habitation, ou votre appartement, louer un meubl\u00e9, acheter des locaux, des magasins, pour la g\u00e9rance de vos logements, pour de la location d&rsquo;immobilier de courte dur\u00e9e ou g\u00e9rer les immeubles en syndic de copropri\u00e9t\u00e9 et pour les solutions de financement de votre bien immobilier.<\/p>\n\n<div class=\"box\">\n    <h2 class=\"text-dark\">Nous cherchons un <em class=\"text-primary\">Agent immobilier<\/em> dans la r\u00e9gion de <em class=\"text-primary\">Morges<\/em>  en exclusivit\u00e9, afin de proposer vos services \u00e0 nos clients propri\u00e9taires.<\/h2>\n    <p>Une opportunit\u00e9 unique pour booster votre activit\u00e9 \u00e0 <strong>Morges<\/strong> et aux alentours dans votre domaine (Agent immobilier).<\/p>\n    <p>Nous travaillons en exclusivit\u00e9 avec qu'une soci\u00e9t\u00e9 par m\u00e9tier et par r\u00e9gion. <br>Votre entreprise est pr\u00e9sente sur tous les documents immobiliers. Afin d'\u00eatre mieux vu sur le net, vous \u00eates \u00e9galement visible sur nos deux sites et sur les pages de r\u00e9f\u00e9rencement de votre r\u00e9gion.<\/p>\n    <a href=\"\/contact\" class=\"wp-block-button__link has-accent-background-color has-text-align-center wp-element-button\">R\u00e9server<\/a>\n<\/div>\n<h2>Le march\u00e9 immobilier Morgien s\u2019\u00e9tend en dehors de son agglom\u00e9ration<\/h2>\n<p>Ces derni\u00e8res ann\u00e9es, les tarifs ont grimp\u00e9 rapidement \u00e0 Morges, pour diverses raisons :<\/p>\n<ul>\n<li>Son emplacement g\u00e9ographique,<\/li>\n<li>l&rsquo;attractivit\u00e9 \u00e9conomique,<\/li>\n<li>le confort et la qualit\u00e9 de son environnement.<\/li>\n<\/ul>\n<p>Acqu\u00e9rir un appartement \u00e0 Morges est aussi un investissement s\u00fbr, en raison de la demande de locations et d&rsquo;achats qui a connu une hausse significative, entra\u00eenant une mont\u00e9e des prix.<\/p>\n<h3>Pour le prix immobilier moyen au m\u00b2 \u00e0 Morges<\/h3>\n<p class=\"estimates-price-immobilier\">Le march\u00e9 immobilier \u00e0 Morges affiche un prix moyen de CHF 10'395 \/ m\u00b2 (prix par m\u00e8tre carr\u00e9). Les maisons et les appartements ont un prix moyen respectif de CHF 10'170 \/ m\u00b2 et de CHF 10'621 \/ m\u00b2.<\/p>\n<h3>Pour le montant moyen du loyer \u00e0 Morges<\/h3>\n<p class=\"estimates-rent-average\">Les loyers moyens \u00e0 Morges sont actuellement de CHF 2'708 pour les appartements, CHF 3'487 pour les maisons.<\/p>\n<p>La p\u00e9nurie de logements sur le march\u00e9 immobilier contraint les acqu\u00e9reurs \u00e0 \u00e9tendre leur prospection et \u00e0 se diriger vers des localit\u00e9s avoisinantes, telles que :<\/p>\nChavannes-pr\u00e8s-Renens, Ecublens VD, St-Sulpice VD, Denges, Echandens, Lonay, Pr\u00e9verenges, Villars-Ste-Croix, Bussigny, Echichens, St-Saphorin-sur-Morges, Colombier VD, Vullierens, Bremblens, Romanel-sur-Morges, Aclens, Monnaz, Vaux-sur-Morges, Clarmont, Reverolle, Tolochenaz, Lully VD, Chigny, Vufflens-le-Ch\u00e2teau, Denens, Bussy-Chardonney, St-Prex, Lussy-sur-Morges.\n<h2>L\u2019implantation de notre agence immobili\u00e8re \u00e0 Morges<\/h2>\n<p>\u00c9tabli \u00e0 Morges notre agence immobili\u00e8re op\u00e8re dans l&rsquo;ensemble des lieus de la ville.<\/p>\n\n<h2>Pourquoi travailler avec Immobilierlocal ?<\/h2>\n<p>Notre soci\u00e9t\u00e9, Immobilierlocal, offre un ensemble de prestations, notamment :<\/p>\n<ul>\n<li>La parution de votre annonce sur notre site internet : dans le but d&rsquo;atteindre plus de personnes.<\/li>\n<li>Un portail web en suisse et aussi pr\u00e9sent dans les pays francophones : notre site web est r\u00e9f\u00e9renc\u00e9 pour appara\u00eetre dans plusieurs moteurs de recherche web en langue fran\u00e7aise pour atteindre un maximum de clients.<\/li>\n<li>Strat\u00e9gie de vente personnalis\u00e9e : chaque bien sur notre site profite d&rsquo;une approche de vente sur mesure.<\/li>\n<li>Estimation des prix de march\u00e9 : nous avons con\u00e7u des outils pour calculer les valeurs des habitations.<\/li>\n<li>Photos et vid\u00e9os : nous produisons des vid\u00e9os et des images pour valoriser votre h\u00e9bergement sur internet.<\/li>\n<li>Signature num\u00e9rique : nous offrons la capacit\u00e9 de sign\u00e9 \u00e9lectroniquement vos papiers en ligne.<\/li>\n<li>Gestion locative airbnb : nous fournissons aussi des prestations pour la gestion de location courte dur\u00e9e.<\/li>\n<li>Gestion locative : nous offrons une protection pour le non-paiement des loyers impay\u00e9s.<\/li>\n<\/ul>\n<h2>Une soci\u00e9t\u00e9 immobili\u00e8re compos\u00e9e de professionnels<\/h2>\n<p>Tous nos collaborateurs sont qualifi\u00e9s, qu&rsquo;ils soient : commerciaux, managers ou techniciens. Nos conseillers suivent fr\u00e9quemment des formations afin de maintenir \u00e0 niveau leurs comp\u00e9tences : techniques, juridiques et commerciales \u00e0 jour. Par ailleurs, nos commerciaux ont tous aussi acquis une exp\u00e9rience au pr\u00e9alable. L&rsquo;exp\u00e9rience acquise nous permet d&rsquo;accompagner au mieux nos clients.<\/p>\n<h2>Obtenez une estimation du prix de votre logement \u00e0 Morges<\/h2>\n<p>Vous \u00eates un Morgien, notre agence r\u00e9alise des estimations immobili\u00e8res pr\u00e9cises de votre propri\u00e9t\u00e9 en tenant compte des sp\u00e9cificit\u00e9s de votre logement comme votre localisation. Nous apportons une v\u00e9ritable comp\u00e9tence que ce soit pour : l&rsquo;achat, la vente de bien, les investissements immobiliers, les locations \u00e0 court et long terme, la g\u00e9rance de votre immobilier locatif, et aussi pour la g\u00e9rance de votre copropri\u00e9t\u00e9.<\/p>\n<h2>Un accompagnement sur mesure<\/h2>\n<p>Nous sommes conscients que votre projet est adapt\u00e9 \u00e0 votre situation et vos d\u00e9sirs, c&rsquo;est pour cela que nous vous proposons des services personnalis\u00e9s. Si vous cherchez \u00e0 louer un loft ou une maison dans la r\u00e9gion de Morges, les consultants de notre agence immobili\u00e8re se tiennent \u00e0 votre service pour toutes les \u00e9tapes de votre projet immobilier. Nous avons un important r\u00e9seau de contacts pour vous aider \u00e0 trouver l&rsquo;habitation de vos d\u00e9sires dans la r\u00e9gion de Morges.<\/p>\n<h2>Besoin d&rsquo;une agence immobili\u00e8re \u00e0 Morges ?<\/h2>\n<p>Notre agence Immobilierlocal est situ\u00e9e au c\u0153ur Morges. Nous vous r\u00e9servons un accueil chaleureux, pr\u00eats \u00e0 vous \u00e9couter et \u00e0 r\u00e9aliser vos projets immobiliers. Nos consultants immobiliers exp\u00e9riment\u00e9s sont vos partenaires de confiance pour la vente, l&rsquo;achat et la gestion de biens.<\/p>\n","protected":false},"excerpt":{"rendered":"<p>Vous pr\u00e9voyez d&rsquo;acheter, de vendre une r\u00e9sidence ou un appartement \u00e0 Morges ? \u00c0 Morges, l&rsquo;agence Immobilierlocal propose des accompagnements individualis\u00e9s. Notre entreprise est situ\u00e9e au c\u0153ur du centre de Morges, contactez-nous pour d\u00e9nicher l&rsquo;habitation de vos r\u00eaves ou c\u00e9der la v\u00f4tre. Notre soci\u00e9t\u00e9 immobili\u00e8re \u00e0 Morges offre une vaste gamme de services : pour [&hellip;]<\/p>\n","protected":false},"author":3,"featured_media":2768,"parent":0,"menu_order":0,"comment_status":"closed","ping_status":"closed","template":"wp-custom-template-page-agent","meta":{"footnotes":""},"categories":[89],"profession":[92],"location":[60],"canton":[79],"class_list":["post-2282","page","type-page","status-publish","has-post-thumbnail","hentry","category-agence","profession-agent-immobilier"],"yoast_head":"<!-- This site is optimized with the Yoast SEO Premium plugin v23.0 (Yoast SEO v27.3) - https:\/\/yoast.com\/product\/yoast-seo-premium-wordpress\/ -->\n<title>Agence immobili\u00e8re \u00e0 Morges : expert en transactions immobili\u00e8res et locations de biens immobiliers - Immobilierlocal<\/title>\n<meta name=\"robots\" content=\"index, follow, max-snippet:-1, max-image-preview:large, max-video-preview:-1\" \/>\n<link rel=\"canonical\" href=\"https:\/\/www.immobilierlocal.ch\/c\/agence-immobiliere-a-morges-expert-en-transactions-immobilieres-et-locations-de-biens-immobiliers\/\" \/>\n<meta property=\"og:locale\" content=\"fr_FR\" \/>\n<meta property=\"og:type\" content=\"article\" \/>\n<meta property=\"og:title\" content=\"Agence immobili\u00e8re \u00e0 Morges : expert en transactions immobili\u00e8res et locations de biens immobiliers\" \/>\n<meta property=\"og:description\" content=\"Vous pr\u00e9voyez d&rsquo;acheter, de vendre une r\u00e9sidence ou un appartement \u00e0 Morges ? \u00c0 Morges, l&rsquo;agence Immobilierlocal propose des accompagnements individualis\u00e9s. Notre entreprise est situ\u00e9e au c\u0153ur du centre de Morges, contactez-nous pour d\u00e9nicher l&rsquo;habitation de vos r\u00eaves ou c\u00e9der la v\u00f4tre. Notre soci\u00e9t\u00e9 immobili\u00e8re \u00e0 Morges offre une vaste gamme de services : pour [&hellip;]\" \/>\n<meta property=\"og:url\" content=\"https:\/\/www.immobilierlocal.ch\/c\/agence-immobiliere-a-morges-expert-en-transactions-immobilieres-et-locations-de-biens-immobiliers\/\" \/>\n<meta property=\"og:site_name\" content=\"Immobilierlocal\" \/>\n<meta property=\"article:modified_time\" content=\"2026-02-09T10:42:21+00:00\" \/>\n<meta property=\"og:image\" content=\"https:\/\/www.immobilierlocal.ch\/c\/wp-content\/uploads\/2026\/02\/agence-immobiliere.jpg\" \/>\n\t<meta property=\"og:image:width\" content=\"1920\" \/>\n\t<meta property=\"og:image:height\" content=\"300\" \/>\n\t<meta property=\"og:image:type\" content=\"image\/jpeg\" \/>\n<meta name=\"twitter:card\" content=\"summary_large_image\" \/>\n<meta name=\"twitter:label1\" content=\"Dur\u00e9e de lecture estim\u00e9e\" \/>\n\t<meta name=\"twitter:data1\" content=\"4 minutes\" \/>\n<script type=\"application\/ld+json\" class=\"yoast-schema-graph\">{\"@context\":\"https:\\\/\\\/schema.org\",\"@graph\":[{\"@type\":\"WebPage\",\"@id\":\"https:\\\/\\\/www.immobilierlocal.ch\\\/c\\\/agence-immobiliere-a-morges-expert-en-transactions-immobilieres-et-locations-de-biens-immobiliers\\\/\",\"url\":\"https:\\\/\\\/www.immobilierlocal.ch\\\/c\\\/agence-immobiliere-a-morges-expert-en-transactions-immobilieres-et-locations-de-biens-immobiliers\\\/\",\"name\":\"Agence immobili\u00e8re \u00e0 Morges : expert en transactions immobili\u00e8res et locations de biens immobiliers - Immobilierlocal\",\"isPartOf\":{\"@id\":\"https:\\\/\\\/www.immobilierlocal.ch\\\/c\\\/#website\"},\"primaryImageOfPage\":{\"@id\":\"https:\\\/\\\/www.immobilierlocal.ch\\\/c\\\/agence-immobiliere-a-morges-expert-en-transactions-immobilieres-et-locations-de-biens-immobiliers\\\/#primaryimage\"},\"image\":{\"@id\":\"https:\\\/\\\/www.immobilierlocal.ch\\\/c\\\/agence-immobiliere-a-morges-expert-en-transactions-immobilieres-et-locations-de-biens-immobiliers\\\/#primaryimage\"},\"thumbnailUrl\":\"https:\\\/\\\/www.immobilierlocal.ch\\\/c\\\/wp-content\\\/uploads\\\/2026\\\/02\\\/agence-immobiliere.jpg\",\"datePublished\":\"2024-04-16T15:07:06+00:00\",\"dateModified\":\"2026-02-09T10:42:21+00:00\",\"breadcrumb\":{\"@id\":\"https:\\\/\\\/www.immobilierlocal.ch\\\/c\\\/agence-immobiliere-a-morges-expert-en-transactions-immobilieres-et-locations-de-biens-immobiliers\\\/#breadcrumb\"},\"inLanguage\":\"fr-FR\",\"potentialAction\":[{\"@type\":\"ReadAction\",\"target\":[\"https:\\\/\\\/www.immobilierlocal.ch\\\/c\\\/agence-immobiliere-a-morges-expert-en-transactions-immobilieres-et-locations-de-biens-immobiliers\\\/\"]}]},{\"@type\":\"ImageObject\",\"inLanguage\":\"fr-FR\",\"@id\":\"https:\\\/\\\/www.immobilierlocal.ch\\\/c\\\/agence-immobiliere-a-morges-expert-en-transactions-immobilieres-et-locations-de-biens-immobiliers\\\/#primaryimage\",\"url\":\"https:\\\/\\\/www.immobilierlocal.ch\\\/c\\\/wp-content\\\/uploads\\\/2026\\\/02\\\/agence-immobiliere.jpg\",\"contentUrl\":\"https:\\\/\\\/www.immobilierlocal.ch\\\/c\\\/wp-content\\\/uploads\\\/2026\\\/02\\\/agence-immobiliere.jpg\",\"width\":1920,\"height\":300},{\"@type\":\"BreadcrumbList\",\"@id\":\"https:\\\/\\\/www.immobilierlocal.ch\\\/c\\\/agence-immobiliere-a-morges-expert-en-transactions-immobilieres-et-locations-de-biens-immobiliers\\\/#breadcrumb\",\"itemListElement\":[{\"@type\":\"ListItem\",\"position\":1,\"name\":\"Accueil\",\"item\":\"https:\\\/\\\/www.immobilierlocal.ch\\\/c\\\/\"},{\"@type\":\"ListItem\",\"position\":2,\"name\":\"Agence immobili\u00e8re dans le canton de Vaud\",\"item\":\"https:\\\/\\\/www.immobilierlocal.ch\\\/c\\\/agence-immobiliere-dans-le-canton-de-vaud-expert-en-ventes-et-locations-immobilieres\\\/\"},{\"@type\":\"ListItem\",\"position\":3,\"name\":\"Agences immobili\u00e8res\",\"item\":\"https:\\\/\\\/www.immobilierlocal.ch\\\/agences\"},{\"@type\":\"ListItem\",\"position\":4,\"name\":\"Agence immobili\u00e8re \u00e0 Morges\"}]},{\"@type\":\"WebSite\",\"@id\":\"https:\\\/\\\/www.immobilierlocal.ch\\\/c\\\/#website\",\"url\":\"https:\\\/\\\/www.immobilierlocal.ch\\\/c\\\/\",\"name\":\"Immobilierlocal\",\"description\":\"\",\"publisher\":{\"@id\":\"https:\\\/\\\/www.immobilierlocal.ch\\\/c\\\/#organization\"},\"potentialAction\":[{\"@type\":\"SearchAction\",\"target\":{\"@type\":\"EntryPoint\",\"urlTemplate\":\"https:\\\/\\\/www.immobilierlocal.ch\\\/c\\\/?s={search_term_string}\"},\"query-input\":{\"@type\":\"PropertyValueSpecification\",\"valueRequired\":true,\"valueName\":\"search_term_string\"}}],\"inLanguage\":\"fr-FR\"},{\"@type\":\"Organization\",\"@id\":\"https:\\\/\\\/www.immobilierlocal.ch\\\/c\\\/#organization\",\"name\":\"Immobilierlocal\",\"url\":\"https:\\\/\\\/www.immobilierlocal.ch\\\/c\\\/\",\"logo\":{\"@type\":\"ImageObject\",\"inLanguage\":\"fr-FR\",\"@id\":\"https:\\\/\\\/www.immobilierlocal.ch\\\/c\\\/#\\\/schema\\\/logo\\\/image\\\/\",\"url\":\"https:\\\/\\\/www.immobilierlocal.ch\\\/c\\\/wp-content\\\/uploads\\\/2023\\\/10\\\/logo-immobilierlocal-h.svg\",\"contentUrl\":\"https:\\\/\\\/www.immobilierlocal.ch\\\/c\\\/wp-content\\\/uploads\\\/2023\\\/10\\\/logo-immobilierlocal-h.svg\",\"caption\":\"Immobilierlocal\"},\"image\":{\"@id\":\"https:\\\/\\\/www.immobilierlocal.ch\\\/c\\\/#\\\/schema\\\/logo\\\/image\\\/\"}}]}<\/script>\n<!-- \/ Yoast SEO Premium plugin. -->","yoast_head_json":{"title":"Agence immobili\u00e8re \u00e0 Morges : expert en transactions immobili\u00e8res et locations de biens immobiliers - Immobilierlocal","robots":{"index":"index","follow":"follow","max-snippet":"max-snippet:-1","max-image-preview":"max-image-preview:large","max-video-preview":"max-video-preview:-1"},"canonical":"https:\/\/www.immobilierlocal.ch\/c\/agence-immobiliere-a-morges-expert-en-transactions-immobilieres-et-locations-de-biens-immobiliers\/","og_locale":"fr_FR","og_type":"article","og_title":"Agence immobili\u00e8re \u00e0 Morges : expert en transactions immobili\u00e8res et locations de biens immobiliers","og_description":"Vous pr\u00e9voyez d&rsquo;acheter, de vendre une r\u00e9sidence ou un appartement \u00e0 Morges ? \u00c0 Morges, l&rsquo;agence Immobilierlocal propose des accompagnements individualis\u00e9s. Notre entreprise est situ\u00e9e au c\u0153ur du centre de Morges, contactez-nous pour d\u00e9nicher l&rsquo;habitation de vos r\u00eaves ou c\u00e9der la v\u00f4tre. Notre soci\u00e9t\u00e9 immobili\u00e8re \u00e0 Morges offre une vaste gamme de services : pour [&hellip;]","og_url":"https:\/\/www.immobilierlocal.ch\/c\/agence-immobiliere-a-morges-expert-en-transactions-immobilieres-et-locations-de-biens-immobiliers\/","og_site_name":"Immobilierlocal","article_modified_time":"2026-02-09T10:42:21+00:00","og_image":[{"width":1920,"height":300,"url":"https:\/\/www.immobilierlocal.ch\/c\/wp-content\/uploads\/2026\/02\/agence-immobiliere.jpg","type":"image\/jpeg"}],"twitter_card":"summary_large_image","twitter_misc":{"Dur\u00e9e de lecture estim\u00e9e":"4 minutes"},"schema":{"@context":"https:\/\/schema.org","@graph":[{"@type":"WebPage","@id":"https:\/\/www.immobilierlocal.ch\/c\/agence-immobiliere-a-morges-expert-en-transactions-immobilieres-et-locations-de-biens-immobiliers\/","url":"https:\/\/www.immobilierlocal.ch\/c\/agence-immobiliere-a-morges-expert-en-transactions-immobilieres-et-locations-de-biens-immobiliers\/","name":"Agence immobili\u00e8re \u00e0 Morges : expert en transactions immobili\u00e8res et locations de biens immobiliers - Immobilierlocal","isPartOf":{"@id":"https:\/\/www.immobilierlocal.ch\/c\/#website"},"primaryImageOfPage":{"@id":"https:\/\/www.immobilierlocal.ch\/c\/agence-immobiliere-a-morges-expert-en-transactions-immobilieres-et-locations-de-biens-immobiliers\/#primaryimage"},"image":{"@id":"https:\/\/www.immobilierlocal.ch\/c\/agence-immobiliere-a-morges-expert-en-transactions-immobilieres-et-locations-de-biens-immobiliers\/#primaryimage"},"thumbnailUrl":"https:\/\/www.immobilierlocal.ch\/c\/wp-content\/uploads\/2026\/02\/agence-immobiliere.jpg","datePublished":"2024-04-16T15:07:06+00:00","dateModified":"2026-02-09T10:42:21+00:00","breadcrumb":{"@id":"https:\/\/www.immobilierlocal.ch\/c\/agence-immobiliere-a-morges-expert-en-transactions-immobilieres-et-locations-de-biens-immobiliers\/#breadcrumb"},"inLanguage":"fr-FR","potentialAction":[{"@type":"ReadAction","target":["https:\/\/www.immobilierlocal.ch\/c\/agence-immobiliere-a-morges-expert-en-transactions-immobilieres-et-locations-de-biens-immobiliers\/"]}]},{"@type":"ImageObject","inLanguage":"fr-FR","@id":"https:\/\/www.immobilierlocal.ch\/c\/agence-immobiliere-a-morges-expert-en-transactions-immobilieres-et-locations-de-biens-immobiliers\/#primaryimage","url":"https:\/\/www.immobilierlocal.ch\/c\/wp-content\/uploads\/2026\/02\/agence-immobiliere.jpg","contentUrl":"https:\/\/www.immobilierlocal.ch\/c\/wp-content\/uploads\/2026\/02\/agence-immobiliere.jpg","width":1920,"height":300},{"@type":"BreadcrumbList","@id":"https:\/\/www.immobilierlocal.ch\/c\/agence-immobiliere-a-morges-expert-en-transactions-immobilieres-et-locations-de-biens-immobiliers\/#breadcrumb","itemListElement":[{"@type":"ListItem","position":1,"name":"Accueil","item":"https:\/\/www.immobilierlocal.ch\/c\/"},{"@type":"ListItem","position":2,"name":"Agence immobili\u00e8re dans le canton de Vaud","item":"https:\/\/www.immobilierlocal.ch\/c\/agence-immobiliere-dans-le-canton-de-vaud-expert-en-ventes-et-locations-immobilieres\/"},{"@type":"ListItem","position":3,"name":"Agences immobili\u00e8res","item":"https:\/\/www.immobilierlocal.ch\/agences"},{"@type":"ListItem","position":4,"name":"Agence immobili\u00e8re \u00e0 Morges"}]},{"@type":"WebSite","@id":"https:\/\/www.immobilierlocal.ch\/c\/#website","url":"https:\/\/www.immobilierlocal.ch\/c\/","name":"Immobilierlocal","description":"","publisher":{"@id":"https:\/\/www.immobilierlocal.ch\/c\/#organization"},"potentialAction":[{"@type":"SearchAction","target":{"@type":"EntryPoint","urlTemplate":"https:\/\/www.immobilierlocal.ch\/c\/?s={search_term_string}"},"query-input":{"@type":"PropertyValueSpecification","valueRequired":true,"valueName":"search_term_string"}}],"inLanguage":"fr-FR"},{"@type":"Organization","@id":"https:\/\/www.immobilierlocal.ch\/c\/#organization","name":"Immobilierlocal","url":"https:\/\/www.immobilierlocal.ch\/c\/","logo":{"@type":"ImageObject","inLanguage":"fr-FR","@id":"https:\/\/www.immobilierlocal.ch\/c\/#\/schema\/logo\/image\/","url":"https:\/\/www.immobilierlocal.ch\/c\/wp-content\/uploads\/2023\/10\/logo-immobilierlocal-h.svg","contentUrl":"https:\/\/www.immobilierlocal.ch\/c\/wp-content\/uploads\/2023\/10\/logo-immobilierlocal-h.svg","caption":"Immobilierlocal"},"image":{"@id":"https:\/\/www.immobilierlocal.ch\/c\/#\/schema\/logo\/image\/"}}]}},"_links":{"self":[{"href":"https:\/\/www.immobilierlocal.ch\/c\/wp-json\/wp\/v2\/pages\/2282","targetHints":{"allow":["GET"]}}],"collection":[{"href":"https:\/\/www.immobilierlocal.ch\/c\/wp-json\/wp\/v2\/pages"}],"about":[{"href":"https:\/\/www.immobilierlocal.ch\/c\/wp-json\/wp\/v2\/types\/page"}],"author":[{"embeddable":true,"href":"https:\/\/www.immobilierlocal.ch\/c\/wp-json\/wp\/v2\/users\/3"}],"replies":[{"embeddable":true,"href":"https:\/\/www.immobilierlocal.ch\/c\/wp-json\/wp\/v2\/comments?post=2282"}],"version-history":[{"count":0,"href":"https:\/\/www.immobilierlocal.ch\/c\/wp-json\/wp\/v2\/pages\/2282\/revisions"}],"wp:featuredmedia":[{"embeddable":true,"href":"https:\/\/www.immobilierlocal.ch\/c\/wp-json\/wp\/v2\/media\/2768"}],"wp:attachment":[{"href":"https:\/\/www.immobilierlocal.ch\/c\/wp-json\/wp\/v2\/media?parent=2282"}],"wp:term":[{"taxonomy":"category","embeddable":true,"href":"https:\/\/www.immobilierlocal.ch\/c\/wp-json\/wp\/v2\/categories?post=2282"},{"taxonomy":"profession","embeddable":true,"href":"https:\/\/www.immobilierlocal.ch\/c\/wp-json\/wp\/v2\/profession?post=2282"},{"taxonomy":"location","embeddable":true,"href":"https:\/\/www.immobilierlocal.ch\/c\/wp-json\/wp\/v2\/location?post=2282"},{"taxonomy":"canton","embeddable":true,"href":"https:\/\/www.immobilierlocal.ch\/c\/wp-json\/wp\/v2\/canton?post=2282"}],"curies":[{"name":"wp","href":"https:\/\/api.w.org\/{rel}","templated":true}]}}