
{"id":2278,"date":"2024-04-16T17:06:48","date_gmt":"2024-04-16T15:06:48","guid":{"rendered":"https:\/\/www.immobilierlocal.ch\/c\/?page_id=2278"},"modified":"2026-02-09T11:42:38","modified_gmt":"2026-02-09T10:42:38","slug":"agence-immobiliere-a-coppet-votre-partenaire-pour-la-location-lachat-et-la-vente-de-biens-immobiliers","status":"publish","type":"page","link":"https:\/\/www.immobilierlocal.ch\/c\/agence-immobiliere-a-coppet-votre-partenaire-pour-la-location-lachat-et-la-vente-de-biens-immobiliers\/","title":{"rendered":"Agence immobili\u00e8re \u00e0 Coppet : votre partenaire pour la location, l&rsquo;achat et la vente de biens immobiliers"},"content":{"rendered":"<p>Pr\u00e9voyez-vous l&rsquo;achat ou la vente d&rsquo;un domicile ou d&rsquo;un appartement localis\u00e9 \u00e0 Coppet ? \u00c0 Coppet, l&rsquo;agence Immobilierlocal offre des accompagnements personnalis\u00e9s. Implant\u00e9e au c\u0153ur de la ville, nos commerciaux sont disponibles pour vous \u00e9pauler \u00e0 trouver ou mettre sur le march\u00e9 votre logement. \u00c0 Coppet, notre agence fournis des services pour : l&rsquo;acquisition, la cession, la mise en location de maisons, d&rsquo;appartements, de commerces de proximit\u00e9s, de locaux, nous offrons aussi la g\u00e9rance de vos propri\u00e9t\u00e9s immobili\u00e8res, la gestion locative de vos h\u00e9bergements Airbnb, la gestion de biens en copropri\u00e9t\u00e9 ou encore pour trouver une solution de financement de votre futur bien immobilier.<\/p>\n\n<div class=\"box\">\n    <h2 class=\"text-dark\">Nous cherchons un <em class=\"text-primary\">Agent immobilier<\/em> dans la r\u00e9gion de <em class=\"text-primary\">Coppet<\/em>  en exclusivit\u00e9, afin de proposer vos services \u00e0 nos clients propri\u00e9taires.<\/h2>\n    <p>Une opportunit\u00e9 unique pour booster votre activit\u00e9 \u00e0 <strong>Coppet<\/strong> et aux alentours dans votre domaine (Agent immobilier).<\/p>\n    <p>Nous travaillons en exclusivit\u00e9 avec qu'une soci\u00e9t\u00e9 par m\u00e9tier et par r\u00e9gion. <br>Votre entreprise est pr\u00e9sente sur tous les documents immobiliers. Afin d'\u00eatre mieux vu sur le net, vous \u00eates \u00e9galement visible sur nos deux sites et sur les pages de r\u00e9f\u00e9rencement de votre r\u00e9gion.<\/p>\n    <a href=\"\/contact\" class=\"wp-block-button__link has-accent-background-color has-text-align-center wp-element-button\">R\u00e9server<\/a>\n<\/div>\n<h2>Le march\u00e9 immobilier Cop\u00e9tan se d\u00e9veloppe plus loin que de sa localit\u00e9<\/h2>\n<p>Au cours des derni\u00e8res ann\u00e9es, les prix ont connu une hausse \u00e0 Coppet, en raison de plusieurs \u00e9l\u00e9ments :<\/p>\n<ul>\n<li>Son emplacement g\u00e9ographique,<\/li>\n<li>le secteur de l&#8217;emploi,<\/li>\n<li>la qualit\u00e9 de son lieu de vie.<\/li>\n<\/ul>\n<p>Acheter \u00e0 Coppet est \u00e9galement une option pertinente, car le besoin de r\u00e9sidences et de lofts \u00e0 louer ou \u00e0 acheter \u00e0 grimper de mani\u00e8re significative, entra\u00eenant une augmentation des prix de l&rsquo;immobilier.<\/p>\n<h3>Pour le prix moyen par m\u00e8tre carr\u00e9 des habitations \u00e0 Coppet<\/h3>\n<p class=\"estimates-price-immobilier\">Le march\u00e9 immobilier \u00e0 Coppet affiche un prix moyen de CHF 12'368 \/ m\u00b2 (prix par m\u00e8tre carr\u00e9). Les maisons et les appartements ont un prix moyen respectif de CHF 11'771 \/ m\u00b2 et de CHF 12'965 \/ m\u00b2.<\/p>\n<h3>Pour le prix moyen du loyer \u00e0 Coppet<\/h3>\n<p class=\"estimates-rent-average\">Les loyers moyens \u00e0 Coppet sont actuellement de CHF 3'489 pour les appartements, CHF 4'596 pour les maisons.<\/p>\n<p>La raret\u00e9 des logements sur le march\u00e9 immobilier oblige les acqu\u00e9reurs \u00e0 \u00e9largir leur recherche et \u00e0 se tourner vers des communes environnantes, telles que :<\/p>\nBogis-Bossey, Chavannes-de-Bogis, Chavannes-des-Bois, Versoix, Commugny, Bellevue, Genthod, Mies, Tannay, Founex, C\u00e9ligny.\n<h2>La position g\u00e9ographique de notre agence immobili\u00e8re \u00e0 Coppet<\/h2>\n<p>Localis\u00e9e \u00e0 Coppet notre agence intervient dans dans tous les secteurs de la ville.<\/p>\n\n<h2>Pourquoi s\u00e9lectionner Immobilierlocal ?<\/h2>\n<p>Immobilierlocal offre un large choix de services, tel que :<\/p>\n<ul>\n<li>La diffusion de votre annonce sur notre site : pour vous donner la possibilit\u00e9 de toucher plus de monde.<\/li>\n<li>Une vitrine en suisse et sur internet : notre site internet est r\u00e9f\u00e9renc\u00e9 sur des moteurs de recherches web francophones dans le but d&rsquo;atteindre plus d\u2019acheteurs et de vendeurs.<\/li>\n<li>Strat\u00e9gie de vente personnalis\u00e9e : chaque bien sur notre plateforme profite d&rsquo;une strat\u00e9gie de vente sur mesure.<\/li>\n<li>\u00c9valuation des prix en ligne : nous avons mis au point une application web pour d\u00e9terminer les prix de vente des habitations \u00e0 Coppet.<\/li>\n<li>Vid\u00e9o et photographies : nous effectuons la r\u00e9alisation des vid\u00e9os et des photos afin de mettre en valeur votre habitation.<\/li>\n<li>Empreinte \u00e9lectronique : nous mettons \u00e0 disposition la signature des actes par voie \u00e9lectronique afin de vous simplifier la vie.<\/li>\n<li>Gestion locative airbnb : nous proposons aussi un service de gestion de location courte dur\u00e9e.<\/li>\n<li>Services de gestion locative : nous proposons une assurance pour le non-paiement des loyers.<\/li>\n<\/ul>\n<h2>Une soci\u00e9t\u00e9 immobili\u00e8re compos\u00e9e d&rsquo;experts<\/h2>\n<p>Tous nos collaborateurs sont qualifi\u00e9s, qu&rsquo;ils soient : commerciaux, managers ou techniciens. Nos conseillers suivent r\u00e9guli\u00e8rement des formations professionnelles afin de maintenir \u00e0 niveau leurs comp\u00e9tences : techniques, juridiques et commerciales \u00e0 jour. De plus, nos agents immobiliers ont tous aussi acquis une exp\u00e9rience ant\u00e9rieur. Cette exp\u00e9rience, nous permet d&rsquo;apporter le meilleur accompagnement \u00e0 nos clients, car votre satisfaction est notre priorit\u00e9.<\/p>\n<h2>Obtenez une estimation du prix de votre bien \u00e0 Coppet<\/h2>\n<p>Vous \u00eates un Cop\u00e9tan, notre soci\u00e9t\u00e9 immobili\u00e8re effectue des estimations pr\u00e9cises de votre maison en consid\u00e9rant les particularit\u00e9s de votre logement comme votre quartier. Nous apportons une v\u00e9ritable expertise que ce soit pour : l&rsquo;acquisition, la vente de bien, les placements immobiliers, les locations \u00e0 court et long terme, la gestion de biens, et aussi pour l&rsquo;administration de votre copropri\u00e9t\u00e9.<\/p>\n<h2>Des conseils immobiliers personnalis\u00e9s<\/h2>\n<p>Nous avons conscience que votre projet est unique, c&rsquo;est pour cela que nous vous proposons des services adapt\u00e9s. Vous d\u00e9sirez acheter, vendre ou louer une maison ou un loft dans la zone de Coppet ? Notre agence immobili\u00e8re vous guide du d\u00e9but \u00e0 la fin de votre projet immobilier. Nous avons un large r\u00e9seau de partenaires pour vous aider \u00e0 acqu\u00e9rir la r\u00e9sidence de vos d\u00e9sires dans la r\u00e9gion de Coppet.<\/p>\n<h2>Vous recherchez une entreprise immobili\u00e8re \u00e0 Coppet ?<\/h2>\n<p>L&rsquo;agence Immobilierlocal est situ\u00e9e au centre de Coppet. Nous vous accueillerons dans notre agence, pr\u00eats \u00e0 vous \u00e9couter et \u00e0 concr\u00e9tiser vos projets immobiliers. Nos experts immobiliers exp\u00e9riment\u00e9s sont vos partenaires de confiance pour la gestion de biens immobiliers, l&rsquo;achat et la vente.<\/p>\n","protected":false},"excerpt":{"rendered":"<p>Pr\u00e9voyez-vous l&rsquo;achat ou la vente d&rsquo;un domicile ou d&rsquo;un appartement localis\u00e9 \u00e0 Coppet ? \u00c0 Coppet, l&rsquo;agence Immobilierlocal offre des accompagnements personnalis\u00e9s. Implant\u00e9e au c\u0153ur de la ville, nos commerciaux sont disponibles pour vous \u00e9pauler \u00e0 trouver ou mettre sur le march\u00e9 votre logement. \u00c0 Coppet, notre agence fournis des services pour : l&rsquo;acquisition, la [&hellip;]<\/p>\n","protected":false},"author":3,"featured_media":2768,"parent":0,"menu_order":0,"comment_status":"closed","ping_status":"closed","template":"wp-custom-template-page-agent","meta":{"footnotes":""},"categories":[89],"profession":[92],"location":[56],"canton":[79],"class_list":["post-2278","page","type-page","status-publish","has-post-thumbnail","hentry","category-agence","profession-agent-immobilier"],"yoast_head":"<!-- This site is optimized with the Yoast SEO Premium plugin v23.0 (Yoast SEO v27.4) - https:\/\/yoast.com\/product\/yoast-seo-premium-wordpress\/ -->\n<title>Agence immobili\u00e8re \u00e0 Coppet : votre partenaire pour la location, l&#039;achat et la vente de biens immobiliers - Immobilierlocal<\/title>\n<meta name=\"robots\" content=\"index, follow, max-snippet:-1, max-image-preview:large, max-video-preview:-1\" \/>\n<link rel=\"canonical\" href=\"https:\/\/www.immobilierlocal.ch\/c\/agence-immobiliere-a-coppet-votre-partenaire-pour-la-location-lachat-et-la-vente-de-biens-immobiliers\/\" \/>\n<meta property=\"og:locale\" content=\"fr_FR\" \/>\n<meta property=\"og:type\" content=\"article\" \/>\n<meta property=\"og:title\" content=\"Agence immobili\u00e8re \u00e0 Coppet : votre partenaire pour la location, l&#039;achat et la vente de biens immobiliers\" \/>\n<meta property=\"og:description\" content=\"Pr\u00e9voyez-vous l&rsquo;achat ou la vente d&rsquo;un domicile ou d&rsquo;un appartement localis\u00e9 \u00e0 Coppet ? \u00c0 Coppet, l&rsquo;agence Immobilierlocal offre des accompagnements personnalis\u00e9s. Implant\u00e9e au c\u0153ur de la ville, nos commerciaux sont disponibles pour vous \u00e9pauler \u00e0 trouver ou mettre sur le march\u00e9 votre logement. \u00c0 Coppet, notre agence fournis des services pour : l&rsquo;acquisition, la [&hellip;]\" \/>\n<meta property=\"og:url\" content=\"https:\/\/www.immobilierlocal.ch\/c\/agence-immobiliere-a-coppet-votre-partenaire-pour-la-location-lachat-et-la-vente-de-biens-immobiliers\/\" \/>\n<meta property=\"og:site_name\" content=\"Immobilierlocal\" \/>\n<meta property=\"article:modified_time\" content=\"2026-02-09T10:42:38+00:00\" \/>\n<meta property=\"og:image\" content=\"https:\/\/www.immobilierlocal.ch\/c\/wp-content\/uploads\/2026\/02\/agence-immobiliere.jpg\" \/>\n\t<meta property=\"og:image:width\" content=\"1920\" \/>\n\t<meta property=\"og:image:height\" content=\"300\" \/>\n\t<meta property=\"og:image:type\" content=\"image\/jpeg\" \/>\n<meta name=\"twitter:card\" content=\"summary_large_image\" \/>\n<meta name=\"twitter:label1\" content=\"Dur\u00e9e de lecture estim\u00e9e\" \/>\n\t<meta name=\"twitter:data1\" content=\"4 minutes\" \/>\n<script type=\"application\/ld+json\" class=\"yoast-schema-graph\">{\"@context\":\"https:\\\/\\\/schema.org\",\"@graph\":[{\"@type\":\"WebPage\",\"@id\":\"https:\\\/\\\/www.immobilierlocal.ch\\\/c\\\/agence-immobiliere-a-coppet-votre-partenaire-pour-la-location-lachat-et-la-vente-de-biens-immobiliers\\\/\",\"url\":\"https:\\\/\\\/www.immobilierlocal.ch\\\/c\\\/agence-immobiliere-a-coppet-votre-partenaire-pour-la-location-lachat-et-la-vente-de-biens-immobiliers\\\/\",\"name\":\"Agence immobili\u00e8re \u00e0 Coppet : votre partenaire pour la location, l'achat et la vente de biens immobiliers - Immobilierlocal\",\"isPartOf\":{\"@id\":\"https:\\\/\\\/www.immobilierlocal.ch\\\/c\\\/#website\"},\"primaryImageOfPage\":{\"@id\":\"https:\\\/\\\/www.immobilierlocal.ch\\\/c\\\/agence-immobiliere-a-coppet-votre-partenaire-pour-la-location-lachat-et-la-vente-de-biens-immobiliers\\\/#primaryimage\"},\"image\":{\"@id\":\"https:\\\/\\\/www.immobilierlocal.ch\\\/c\\\/agence-immobiliere-a-coppet-votre-partenaire-pour-la-location-lachat-et-la-vente-de-biens-immobiliers\\\/#primaryimage\"},\"thumbnailUrl\":\"https:\\\/\\\/www.immobilierlocal.ch\\\/c\\\/wp-content\\\/uploads\\\/2026\\\/02\\\/agence-immobiliere.jpg\",\"datePublished\":\"2024-04-16T15:06:48+00:00\",\"dateModified\":\"2026-02-09T10:42:38+00:00\",\"breadcrumb\":{\"@id\":\"https:\\\/\\\/www.immobilierlocal.ch\\\/c\\\/agence-immobiliere-a-coppet-votre-partenaire-pour-la-location-lachat-et-la-vente-de-biens-immobiliers\\\/#breadcrumb\"},\"inLanguage\":\"fr-FR\",\"potentialAction\":[{\"@type\":\"ReadAction\",\"target\":[\"https:\\\/\\\/www.immobilierlocal.ch\\\/c\\\/agence-immobiliere-a-coppet-votre-partenaire-pour-la-location-lachat-et-la-vente-de-biens-immobiliers\\\/\"]}]},{\"@type\":\"ImageObject\",\"inLanguage\":\"fr-FR\",\"@id\":\"https:\\\/\\\/www.immobilierlocal.ch\\\/c\\\/agence-immobiliere-a-coppet-votre-partenaire-pour-la-location-lachat-et-la-vente-de-biens-immobiliers\\\/#primaryimage\",\"url\":\"https:\\\/\\\/www.immobilierlocal.ch\\\/c\\\/wp-content\\\/uploads\\\/2026\\\/02\\\/agence-immobiliere.jpg\",\"contentUrl\":\"https:\\\/\\\/www.immobilierlocal.ch\\\/c\\\/wp-content\\\/uploads\\\/2026\\\/02\\\/agence-immobiliere.jpg\",\"width\":1920,\"height\":300},{\"@type\":\"BreadcrumbList\",\"@id\":\"https:\\\/\\\/www.immobilierlocal.ch\\\/c\\\/agence-immobiliere-a-coppet-votre-partenaire-pour-la-location-lachat-et-la-vente-de-biens-immobiliers\\\/#breadcrumb\",\"itemListElement\":[{\"@type\":\"ListItem\",\"position\":1,\"name\":\"Accueil\",\"item\":\"https:\\\/\\\/www.immobilierlocal.ch\\\/c\\\/\"},{\"@type\":\"ListItem\",\"position\":2,\"name\":\"Agence immobili\u00e8re dans le canton de Vaud\",\"item\":\"https:\\\/\\\/www.immobilierlocal.ch\\\/c\\\/agence-immobiliere-dans-le-canton-de-vaud-expert-en-ventes-et-locations-immobilieres\\\/\"},{\"@type\":\"ListItem\",\"position\":3,\"name\":\"Agences immobili\u00e8res\",\"item\":\"https:\\\/\\\/www.immobilierlocal.ch\\\/agences\"},{\"@type\":\"ListItem\",\"position\":4,\"name\":\"Agence immobili\u00e8re \u00e0 Coppet\"}]},{\"@type\":\"WebSite\",\"@id\":\"https:\\\/\\\/www.immobilierlocal.ch\\\/c\\\/#website\",\"url\":\"https:\\\/\\\/www.immobilierlocal.ch\\\/c\\\/\",\"name\":\"Immobilierlocal\",\"description\":\"\",\"publisher\":{\"@id\":\"https:\\\/\\\/www.immobilierlocal.ch\\\/c\\\/#organization\"},\"potentialAction\":[{\"@type\":\"SearchAction\",\"target\":{\"@type\":\"EntryPoint\",\"urlTemplate\":\"https:\\\/\\\/www.immobilierlocal.ch\\\/c\\\/?s={search_term_string}\"},\"query-input\":{\"@type\":\"PropertyValueSpecification\",\"valueRequired\":true,\"valueName\":\"search_term_string\"}}],\"inLanguage\":\"fr-FR\"},{\"@type\":\"Organization\",\"@id\":\"https:\\\/\\\/www.immobilierlocal.ch\\\/c\\\/#organization\",\"name\":\"Immobilierlocal\",\"url\":\"https:\\\/\\\/www.immobilierlocal.ch\\\/c\\\/\",\"logo\":{\"@type\":\"ImageObject\",\"inLanguage\":\"fr-FR\",\"@id\":\"https:\\\/\\\/www.immobilierlocal.ch\\\/c\\\/#\\\/schema\\\/logo\\\/image\\\/\",\"url\":\"https:\\\/\\\/www.immobilierlocal.ch\\\/c\\\/wp-content\\\/uploads\\\/2023\\\/10\\\/logo-immobilierlocal-h.svg\",\"contentUrl\":\"https:\\\/\\\/www.immobilierlocal.ch\\\/c\\\/wp-content\\\/uploads\\\/2023\\\/10\\\/logo-immobilierlocal-h.svg\",\"caption\":\"Immobilierlocal\"},\"image\":{\"@id\":\"https:\\\/\\\/www.immobilierlocal.ch\\\/c\\\/#\\\/schema\\\/logo\\\/image\\\/\"}}]}<\/script>\n<!-- \/ Yoast SEO Premium plugin. -->","yoast_head_json":{"title":"Agence immobili\u00e8re \u00e0 Coppet : votre partenaire pour la location, l'achat et la vente de biens immobiliers - Immobilierlocal","robots":{"index":"index","follow":"follow","max-snippet":"max-snippet:-1","max-image-preview":"max-image-preview:large","max-video-preview":"max-video-preview:-1"},"canonical":"https:\/\/www.immobilierlocal.ch\/c\/agence-immobiliere-a-coppet-votre-partenaire-pour-la-location-lachat-et-la-vente-de-biens-immobiliers\/","og_locale":"fr_FR","og_type":"article","og_title":"Agence immobili\u00e8re \u00e0 Coppet : votre partenaire pour la location, l'achat et la vente de biens immobiliers","og_description":"Pr\u00e9voyez-vous l&rsquo;achat ou la vente d&rsquo;un domicile ou d&rsquo;un appartement localis\u00e9 \u00e0 Coppet ? \u00c0 Coppet, l&rsquo;agence Immobilierlocal offre des accompagnements personnalis\u00e9s. Implant\u00e9e au c\u0153ur de la ville, nos commerciaux sont disponibles pour vous \u00e9pauler \u00e0 trouver ou mettre sur le march\u00e9 votre logement. \u00c0 Coppet, notre agence fournis des services pour : l&rsquo;acquisition, la [&hellip;]","og_url":"https:\/\/www.immobilierlocal.ch\/c\/agence-immobiliere-a-coppet-votre-partenaire-pour-la-location-lachat-et-la-vente-de-biens-immobiliers\/","og_site_name":"Immobilierlocal","article_modified_time":"2026-02-09T10:42:38+00:00","og_image":[{"width":1920,"height":300,"url":"https:\/\/www.immobilierlocal.ch\/c\/wp-content\/uploads\/2026\/02\/agence-immobiliere.jpg","type":"image\/jpeg"}],"twitter_card":"summary_large_image","twitter_misc":{"Dur\u00e9e de lecture estim\u00e9e":"4 minutes"},"schema":{"@context":"https:\/\/schema.org","@graph":[{"@type":"WebPage","@id":"https:\/\/www.immobilierlocal.ch\/c\/agence-immobiliere-a-coppet-votre-partenaire-pour-la-location-lachat-et-la-vente-de-biens-immobiliers\/","url":"https:\/\/www.immobilierlocal.ch\/c\/agence-immobiliere-a-coppet-votre-partenaire-pour-la-location-lachat-et-la-vente-de-biens-immobiliers\/","name":"Agence immobili\u00e8re \u00e0 Coppet : votre partenaire pour la location, l'achat et la vente de biens immobiliers - Immobilierlocal","isPartOf":{"@id":"https:\/\/www.immobilierlocal.ch\/c\/#website"},"primaryImageOfPage":{"@id":"https:\/\/www.immobilierlocal.ch\/c\/agence-immobiliere-a-coppet-votre-partenaire-pour-la-location-lachat-et-la-vente-de-biens-immobiliers\/#primaryimage"},"image":{"@id":"https:\/\/www.immobilierlocal.ch\/c\/agence-immobiliere-a-coppet-votre-partenaire-pour-la-location-lachat-et-la-vente-de-biens-immobiliers\/#primaryimage"},"thumbnailUrl":"https:\/\/www.immobilierlocal.ch\/c\/wp-content\/uploads\/2026\/02\/agence-immobiliere.jpg","datePublished":"2024-04-16T15:06:48+00:00","dateModified":"2026-02-09T10:42:38+00:00","breadcrumb":{"@id":"https:\/\/www.immobilierlocal.ch\/c\/agence-immobiliere-a-coppet-votre-partenaire-pour-la-location-lachat-et-la-vente-de-biens-immobiliers\/#breadcrumb"},"inLanguage":"fr-FR","potentialAction":[{"@type":"ReadAction","target":["https:\/\/www.immobilierlocal.ch\/c\/agence-immobiliere-a-coppet-votre-partenaire-pour-la-location-lachat-et-la-vente-de-biens-immobiliers\/"]}]},{"@type":"ImageObject","inLanguage":"fr-FR","@id":"https:\/\/www.immobilierlocal.ch\/c\/agence-immobiliere-a-coppet-votre-partenaire-pour-la-location-lachat-et-la-vente-de-biens-immobiliers\/#primaryimage","url":"https:\/\/www.immobilierlocal.ch\/c\/wp-content\/uploads\/2026\/02\/agence-immobiliere.jpg","contentUrl":"https:\/\/www.immobilierlocal.ch\/c\/wp-content\/uploads\/2026\/02\/agence-immobiliere.jpg","width":1920,"height":300},{"@type":"BreadcrumbList","@id":"https:\/\/www.immobilierlocal.ch\/c\/agence-immobiliere-a-coppet-votre-partenaire-pour-la-location-lachat-et-la-vente-de-biens-immobiliers\/#breadcrumb","itemListElement":[{"@type":"ListItem","position":1,"name":"Accueil","item":"https:\/\/www.immobilierlocal.ch\/c\/"},{"@type":"ListItem","position":2,"name":"Agence immobili\u00e8re dans le canton de Vaud","item":"https:\/\/www.immobilierlocal.ch\/c\/agence-immobiliere-dans-le-canton-de-vaud-expert-en-ventes-et-locations-immobilieres\/"},{"@type":"ListItem","position":3,"name":"Agences immobili\u00e8res","item":"https:\/\/www.immobilierlocal.ch\/agences"},{"@type":"ListItem","position":4,"name":"Agence immobili\u00e8re \u00e0 Coppet"}]},{"@type":"WebSite","@id":"https:\/\/www.immobilierlocal.ch\/c\/#website","url":"https:\/\/www.immobilierlocal.ch\/c\/","name":"Immobilierlocal","description":"","publisher":{"@id":"https:\/\/www.immobilierlocal.ch\/c\/#organization"},"potentialAction":[{"@type":"SearchAction","target":{"@type":"EntryPoint","urlTemplate":"https:\/\/www.immobilierlocal.ch\/c\/?s={search_term_string}"},"query-input":{"@type":"PropertyValueSpecification","valueRequired":true,"valueName":"search_term_string"}}],"inLanguage":"fr-FR"},{"@type":"Organization","@id":"https:\/\/www.immobilierlocal.ch\/c\/#organization","name":"Immobilierlocal","url":"https:\/\/www.immobilierlocal.ch\/c\/","logo":{"@type":"ImageObject","inLanguage":"fr-FR","@id":"https:\/\/www.immobilierlocal.ch\/c\/#\/schema\/logo\/image\/","url":"https:\/\/www.immobilierlocal.ch\/c\/wp-content\/uploads\/2023\/10\/logo-immobilierlocal-h.svg","contentUrl":"https:\/\/www.immobilierlocal.ch\/c\/wp-content\/uploads\/2023\/10\/logo-immobilierlocal-h.svg","caption":"Immobilierlocal"},"image":{"@id":"https:\/\/www.immobilierlocal.ch\/c\/#\/schema\/logo\/image\/"}}]}},"_links":{"self":[{"href":"https:\/\/www.immobilierlocal.ch\/c\/wp-json\/wp\/v2\/pages\/2278","targetHints":{"allow":["GET"]}}],"collection":[{"href":"https:\/\/www.immobilierlocal.ch\/c\/wp-json\/wp\/v2\/pages"}],"about":[{"href":"https:\/\/www.immobilierlocal.ch\/c\/wp-json\/wp\/v2\/types\/page"}],"author":[{"embeddable":true,"href":"https:\/\/www.immobilierlocal.ch\/c\/wp-json\/wp\/v2\/users\/3"}],"replies":[{"embeddable":true,"href":"https:\/\/www.immobilierlocal.ch\/c\/wp-json\/wp\/v2\/comments?post=2278"}],"version-history":[{"count":0,"href":"https:\/\/www.immobilierlocal.ch\/c\/wp-json\/wp\/v2\/pages\/2278\/revisions"}],"wp:featuredmedia":[{"embeddable":true,"href":"https:\/\/www.immobilierlocal.ch\/c\/wp-json\/wp\/v2\/media\/2768"}],"wp:attachment":[{"href":"https:\/\/www.immobilierlocal.ch\/c\/wp-json\/wp\/v2\/media?parent=2278"}],"wp:term":[{"taxonomy":"category","embeddable":true,"href":"https:\/\/www.immobilierlocal.ch\/c\/wp-json\/wp\/v2\/categories?post=2278"},{"taxonomy":"profession","embeddable":true,"href":"https:\/\/www.immobilierlocal.ch\/c\/wp-json\/wp\/v2\/profession?post=2278"},{"taxonomy":"location","embeddable":true,"href":"https:\/\/www.immobilierlocal.ch\/c\/wp-json\/wp\/v2\/location?post=2278"},{"taxonomy":"canton","embeddable":true,"href":"https:\/\/www.immobilierlocal.ch\/c\/wp-json\/wp\/v2\/canton?post=2278"}],"curies":[{"name":"wp","href":"https:\/\/api.w.org\/{rel}","templated":true}]}}