
{"id":2277,"date":"2024-04-16T17:06:38","date_gmt":"2024-04-16T15:06:38","guid":{"rendered":"https:\/\/www.immobilierlocal.ch\/c\/?page_id=2277"},"modified":"2026-02-09T11:42:48","modified_gmt":"2026-02-09T10:42:48","slug":"agence-immobiliere-a-avenches-votre-partenaire-pour-la-location-lachat-et-la-vente-de-logements","status":"publish","type":"page","link":"https:\/\/www.immobilierlocal.ch\/c\/agence-immobiliere-a-avenches-votre-partenaire-pour-la-location-lachat-et-la-vente-de-logements\/","title":{"rendered":"Agence immobili\u00e8re \u00e0 Avenches : votre partenaire pour la location, l&rsquo;achat et la vente de logements"},"content":{"rendered":"<p>Pr\u00e9voyez-vous la vente, la location ou l&rsquo;achat d&rsquo;un domicile ou d&rsquo;un appartement situ\u00e9 \u00e0 Avenches ? \u00c0 Avenches, l&rsquo;entreprise Immobilierlocal offre des accompagnements sur mesure. Localis\u00e9e au centre de la ville, nos experts immobiliers sont disponibles pour vous \u00e9pauler \u00e0 trouver ou mettre sur le march\u00e9 votre bien immobilier. Notre entreprise immobili\u00e8re \u00e0 Avenches offre une vaste gamme de services : pour vendre, acheter votre habitation, ou votre studio, louer un appartement, acqu\u00e9rir des locaux, des commerces, pour la gestion de vos biens, pour de la location de logement temporaire ou la g\u00e9rance de syndicat de copropri\u00e9taires et pour les solutions de financement de votre bien immobilier.<\/p>\n\n<div class=\"box\">\n    <h2 class=\"text-dark\">Nous cherchons un <em class=\"text-primary\">Agent immobilier<\/em> dans la r\u00e9gion de <em class=\"text-primary\">Avenches<\/em>  en exclusivit\u00e9, afin de proposer vos services \u00e0 nos clients propri\u00e9taires.<\/h2>\n    <p>Une opportunit\u00e9 unique pour booster votre activit\u00e9 \u00e0 <strong>Avenches<\/strong> et aux alentours dans votre domaine (Agent immobilier).<\/p>\n    <p>Nous travaillons en exclusivit\u00e9 avec qu'une soci\u00e9t\u00e9 par m\u00e9tier et par r\u00e9gion. <br>Votre entreprise est pr\u00e9sente sur tous les documents immobiliers. Afin d'\u00eatre mieux vu sur le net, vous \u00eates \u00e9galement visible sur nos deux sites et sur les pages de r\u00e9f\u00e9rencement de votre r\u00e9gion.<\/p>\n    <a href=\"\/contact\" class=\"wp-block-button__link has-accent-background-color has-text-align-center wp-element-button\">R\u00e9server<\/a>\n<\/div>\n<h2>Le march\u00e9 immobilier Avenchois s&rsquo;\u00e9tend au-del\u00e0 de son agglom\u00e9ration<\/h2>\n<p>R\u00e9cemment, les prix ont augment\u00e9 \u00e0 Avenches, en raison de plusieurs facteurs :<\/p>\n<ul>\n<li>Son secteur g\u00e9ographique,<\/li>\n<li>l&rsquo;attractivit\u00e9 \u00e9conomique,<\/li>\n<li>la qualit\u00e9 de son cadre de vie.<\/li>\n<\/ul>\n<p>Acheter un logement \u00e0 Avenches est aussi une valeur s\u00fbre, car la demande d&rsquo;achats et de locations a connu une hausse significative, entra\u00eenant une hausse des prix.<\/p>\n<h3>Pour le prix moyen par m\u00e8tre carr\u00e9 des logements \u00e0 Avenches<\/h3>\n<p class=\"estimates-price-immobilier\">Le march\u00e9 immobilier \u00e0 Avenches affiche un prix moyen de CHF 6'916 \/ m\u00b2 (prix par m\u00e8tre carr\u00e9). Les maisons et les appartements ont un prix moyen respectif de CHF 7'188 \/ m\u00b2 et de CHF 6'643 \/ m\u00b2.<\/p>\n<h3>Pour le loyer moyen des logements \u00e0 Avenches<\/h3>\n<p class=\"estimates-rent-average\">Les loyers moyens \u00e0 Avenches sont actuellement de CHF 1'723 pour les appartements, CHF 2'108 pour les maisons.<\/p>\n<p>La rar\u00e9faction des logements propos\u00e9s \u00e0 la vente conduis de plus en plus d&rsquo;acqu\u00e9reurs \u00e0 se d\u00e9tourner de Avenches et \u00e0 cibler des villes aux alentours, comme :<\/p>\nGletterens, Dompierre FR, Domdidier, Vallon, Les Friques, St-Aubin FR, Delley, Portalban, Oleyres, Donatyre, Villarepos, Villars-le-Grand, Bellerive VD, Cotterd, Salavaux, Vallamand, Constantine, Montmagny, Cudrefin, Chabrey, Clavaleyres, Faoug, Corm\u00e9rod, Courtion, Misery, Chandon, L\u00e9chelles, Russy, Sugiez, Mur (Vully) FR, M\u00f4tier (Vully), Mur (Vully) VD, Praz (Vully), Lugnorre.\n<h2>La situation g\u00e9ographique de notre agence immobili\u00e8re \u00e0 Avenches<\/h2>\n<p>Les agents commerciaux de notre agence op\u00e8rent dans tous les secteurs de Avenches.<\/p>\n\n<h2>Pourquoi s\u00e9lectionner Immobilierlocal ?<\/h2>\n<p>Notre entreprise, Immobilierlocal, propose un ensemble de services, entre autres :<\/p>\n<ul>\n<li>La diffusion de vos annonces sur notre site : pour vous donner la possibilit\u00e9 de toucher davantage de monde.<\/li>\n<li>Un portail web en suisse et aussi pr\u00e9sent en francophonie : notre site est r\u00e9f\u00e9renc\u00e9 pour appara\u00eetre dans de nombreux moteurs de recherche en langue fran\u00e7aise pour toucher un maximum de potentiels clients.<\/li>\n<li>Programme personnalis\u00e9 : chacun des logements pr\u00e9sents sur notre site internet profite d&rsquo;une strat\u00e9gie sur mesure.<\/li>\n<li>Estimation immobili\u00e8re en ligne : nous avons mis au point une application web pour estimer les prix de vente des habitations \u00e0 Avenches.<\/li>\n<li>Photos et vid\u00e9os : nous produisons des images et des vid\u00e9os pour promouvoir votre logement sur internet.<\/li>\n<li>Empreinte num\u00e9rique : nous offrons la capacit\u00e9 de sign\u00e9 num\u00e9riquement vos documents en ligne.<\/li>\n<li>Gestion locative airbnb : nous proposons aussi des prestations pour la gestion de location courte dur\u00e9e.<\/li>\n<li>Services de gestion locative : nous proposons une protection pour les loyers impay\u00e9s.<\/li>\n<\/ul>\n<h2>Une agence immobili\u00e8re qui r\u00e9unis des experts<\/h2>\n<p>Tous nos collaborateurs sont qualifi\u00e9s, qu&rsquo;ils soient : techniciens, commerciaux et administrateurs. Nos collaborateurs assistent r\u00e9guli\u00e8rement des formations pour se maintenir \u00e0 jour et rester \u00e0 niveau. Par ailleurs, nos agents immobiliers ont tous aussi acquis une exp\u00e9rience en amont. Cette exp\u00e9rience, nous permet d&rsquo;apporter le meilleur accompagnement \u00e0 nos clients, parce que votre satisfaction est notre priorit\u00e9.<\/p>\n<h2>Obtenez une estimation de votre logement \u00e0 Avenches<\/h2>\n<p>Nous r\u00e9alisons des \u00e9valuations d\u00e9taill\u00e9es de votre logement \u00e0 Avenches, nous prenons en compte les particularit\u00e9s de votre habitation, ou encore la renomm\u00e9e de votre quartier. Immobilierlocal offre \u00e0 sa client\u00e8le, les services, comme : l&rsquo;administration de vos appartements locatifs, l&rsquo;achat, la vente, les placements immobiliers, la gestion des locations saisonni\u00e8res et la gestion du syndic.<\/p>\n<h2>Une agence immobili\u00e8re qui vous guide<\/h2>\n<p>Nous sommes conscients que votre projet immobilier est adapt\u00e9 \u00e0 votre situation et vos d\u00e9sirs, c&rsquo;est la raison pour laquelle nous proposons des services sur mesure. Si vous avez besoin d\u2019acheter ou de louer une maison ou un appartement dans la zone de Avenches, nos sp\u00e9cialistes sont \u00e0 votre disposition \u00e0 toutes les phases de votre projet immobilier. Nous avons un vaste r\u00e9seau de contacts pour vous assister \u00e0 trouver la r\u00e9sidence de vos d\u00e9sires \u00e0 Avenches.<\/p>\n<h2>Vous avez besoin d&rsquo;une agence immobili\u00e8re \u00e0 Avenches ?<\/h2>\n<p>Notre agence Immobilierlocal se trouve au c\u0153ur Avenches. Nous vous r\u00e9servons un accueil chaleureux, pr\u00eats \u00e0 vous \u00e9couter et \u00e0 r\u00e9aliser vos projets immobiliers. Notre entreprise est chevronn\u00e9e dans la vente, l&rsquo;acquisition et la gestion de propri\u00e9t\u00e9s.<\/p>\n","protected":false},"excerpt":{"rendered":"<p>Pr\u00e9voyez-vous la vente, la location ou l&rsquo;achat d&rsquo;un domicile ou d&rsquo;un appartement situ\u00e9 \u00e0 Avenches ? \u00c0 Avenches, l&rsquo;entreprise Immobilierlocal offre des accompagnements sur mesure. Localis\u00e9e au centre de la ville, nos experts immobiliers sont disponibles pour vous \u00e9pauler \u00e0 trouver ou mettre sur le march\u00e9 votre bien immobilier. Notre entreprise immobili\u00e8re \u00e0 Avenches offre [&hellip;]<\/p>\n","protected":false},"author":3,"featured_media":2768,"parent":0,"menu_order":0,"comment_status":"closed","ping_status":"closed","template":"wp-custom-template-page-agent","meta":{"footnotes":""},"categories":[89],"profession":[92],"location":[55],"canton":[79],"class_list":["post-2277","page","type-page","status-publish","has-post-thumbnail","hentry","category-agence","profession-agent-immobilier"],"yoast_head":"<!-- This site is optimized with the Yoast SEO Premium plugin v23.0 (Yoast SEO v27.4) - https:\/\/yoast.com\/product\/yoast-seo-premium-wordpress\/ -->\n<title>Agence immobili\u00e8re \u00e0 Avenches : votre partenaire pour la location, l&#039;achat et la vente de logements - Immobilierlocal<\/title>\n<meta name=\"robots\" content=\"index, follow, max-snippet:-1, max-image-preview:large, max-video-preview:-1\" \/>\n<link rel=\"canonical\" href=\"https:\/\/www.immobilierlocal.ch\/c\/agence-immobiliere-a-avenches-votre-partenaire-pour-la-location-lachat-et-la-vente-de-logements\/\" \/>\n<meta property=\"og:locale\" content=\"fr_FR\" \/>\n<meta property=\"og:type\" content=\"article\" \/>\n<meta property=\"og:title\" content=\"Agence immobili\u00e8re \u00e0 Avenches : votre partenaire pour la location, l&#039;achat et la vente de logements\" \/>\n<meta property=\"og:description\" content=\"Pr\u00e9voyez-vous la vente, la location ou l&rsquo;achat d&rsquo;un domicile ou d&rsquo;un appartement situ\u00e9 \u00e0 Avenches ? \u00c0 Avenches, l&rsquo;entreprise Immobilierlocal offre des accompagnements sur mesure. Localis\u00e9e au centre de la ville, nos experts immobiliers sont disponibles pour vous \u00e9pauler \u00e0 trouver ou mettre sur le march\u00e9 votre bien immobilier. Notre entreprise immobili\u00e8re \u00e0 Avenches offre [&hellip;]\" \/>\n<meta property=\"og:url\" content=\"https:\/\/www.immobilierlocal.ch\/c\/agence-immobiliere-a-avenches-votre-partenaire-pour-la-location-lachat-et-la-vente-de-logements\/\" \/>\n<meta property=\"og:site_name\" content=\"Immobilierlocal\" \/>\n<meta property=\"article:modified_time\" content=\"2026-02-09T10:42:48+00:00\" \/>\n<meta property=\"og:image\" content=\"https:\/\/www.immobilierlocal.ch\/c\/wp-content\/uploads\/2026\/02\/agence-immobiliere.jpg\" \/>\n\t<meta property=\"og:image:width\" content=\"1920\" \/>\n\t<meta property=\"og:image:height\" content=\"300\" \/>\n\t<meta property=\"og:image:type\" content=\"image\/jpeg\" \/>\n<meta name=\"twitter:card\" content=\"summary_large_image\" \/>\n<meta name=\"twitter:label1\" content=\"Dur\u00e9e de lecture estim\u00e9e\" \/>\n\t<meta name=\"twitter:data1\" content=\"3 minutes\" \/>\n<script type=\"application\/ld+json\" class=\"yoast-schema-graph\">{\"@context\":\"https:\\\/\\\/schema.org\",\"@graph\":[{\"@type\":\"WebPage\",\"@id\":\"https:\\\/\\\/www.immobilierlocal.ch\\\/c\\\/agence-immobiliere-a-avenches-votre-partenaire-pour-la-location-lachat-et-la-vente-de-logements\\\/\",\"url\":\"https:\\\/\\\/www.immobilierlocal.ch\\\/c\\\/agence-immobiliere-a-avenches-votre-partenaire-pour-la-location-lachat-et-la-vente-de-logements\\\/\",\"name\":\"Agence immobili\u00e8re \u00e0 Avenches : votre partenaire pour la location, l'achat et la vente de logements - Immobilierlocal\",\"isPartOf\":{\"@id\":\"https:\\\/\\\/www.immobilierlocal.ch\\\/c\\\/#website\"},\"primaryImageOfPage\":{\"@id\":\"https:\\\/\\\/www.immobilierlocal.ch\\\/c\\\/agence-immobiliere-a-avenches-votre-partenaire-pour-la-location-lachat-et-la-vente-de-logements\\\/#primaryimage\"},\"image\":{\"@id\":\"https:\\\/\\\/www.immobilierlocal.ch\\\/c\\\/agence-immobiliere-a-avenches-votre-partenaire-pour-la-location-lachat-et-la-vente-de-logements\\\/#primaryimage\"},\"thumbnailUrl\":\"https:\\\/\\\/www.immobilierlocal.ch\\\/c\\\/wp-content\\\/uploads\\\/2026\\\/02\\\/agence-immobiliere.jpg\",\"datePublished\":\"2024-04-16T15:06:38+00:00\",\"dateModified\":\"2026-02-09T10:42:48+00:00\",\"breadcrumb\":{\"@id\":\"https:\\\/\\\/www.immobilierlocal.ch\\\/c\\\/agence-immobiliere-a-avenches-votre-partenaire-pour-la-location-lachat-et-la-vente-de-logements\\\/#breadcrumb\"},\"inLanguage\":\"fr-FR\",\"potentialAction\":[{\"@type\":\"ReadAction\",\"target\":[\"https:\\\/\\\/www.immobilierlocal.ch\\\/c\\\/agence-immobiliere-a-avenches-votre-partenaire-pour-la-location-lachat-et-la-vente-de-logements\\\/\"]}]},{\"@type\":\"ImageObject\",\"inLanguage\":\"fr-FR\",\"@id\":\"https:\\\/\\\/www.immobilierlocal.ch\\\/c\\\/agence-immobiliere-a-avenches-votre-partenaire-pour-la-location-lachat-et-la-vente-de-logements\\\/#primaryimage\",\"url\":\"https:\\\/\\\/www.immobilierlocal.ch\\\/c\\\/wp-content\\\/uploads\\\/2026\\\/02\\\/agence-immobiliere.jpg\",\"contentUrl\":\"https:\\\/\\\/www.immobilierlocal.ch\\\/c\\\/wp-content\\\/uploads\\\/2026\\\/02\\\/agence-immobiliere.jpg\",\"width\":1920,\"height\":300},{\"@type\":\"BreadcrumbList\",\"@id\":\"https:\\\/\\\/www.immobilierlocal.ch\\\/c\\\/agence-immobiliere-a-avenches-votre-partenaire-pour-la-location-lachat-et-la-vente-de-logements\\\/#breadcrumb\",\"itemListElement\":[{\"@type\":\"ListItem\",\"position\":1,\"name\":\"Accueil\",\"item\":\"https:\\\/\\\/www.immobilierlocal.ch\\\/c\\\/\"},{\"@type\":\"ListItem\",\"position\":2,\"name\":\"Agence immobili\u00e8re dans le canton de Vaud\",\"item\":\"https:\\\/\\\/www.immobilierlocal.ch\\\/c\\\/agence-immobiliere-dans-le-canton-de-vaud-expert-en-ventes-et-locations-immobilieres\\\/\"},{\"@type\":\"ListItem\",\"position\":3,\"name\":\"Agences immobili\u00e8res\",\"item\":\"https:\\\/\\\/www.immobilierlocal.ch\\\/agences\"},{\"@type\":\"ListItem\",\"position\":4,\"name\":\"Agence immobili\u00e8re \u00e0 Avenches\"}]},{\"@type\":\"WebSite\",\"@id\":\"https:\\\/\\\/www.immobilierlocal.ch\\\/c\\\/#website\",\"url\":\"https:\\\/\\\/www.immobilierlocal.ch\\\/c\\\/\",\"name\":\"Immobilierlocal\",\"description\":\"\",\"publisher\":{\"@id\":\"https:\\\/\\\/www.immobilierlocal.ch\\\/c\\\/#organization\"},\"potentialAction\":[{\"@type\":\"SearchAction\",\"target\":{\"@type\":\"EntryPoint\",\"urlTemplate\":\"https:\\\/\\\/www.immobilierlocal.ch\\\/c\\\/?s={search_term_string}\"},\"query-input\":{\"@type\":\"PropertyValueSpecification\",\"valueRequired\":true,\"valueName\":\"search_term_string\"}}],\"inLanguage\":\"fr-FR\"},{\"@type\":\"Organization\",\"@id\":\"https:\\\/\\\/www.immobilierlocal.ch\\\/c\\\/#organization\",\"name\":\"Immobilierlocal\",\"url\":\"https:\\\/\\\/www.immobilierlocal.ch\\\/c\\\/\",\"logo\":{\"@type\":\"ImageObject\",\"inLanguage\":\"fr-FR\",\"@id\":\"https:\\\/\\\/www.immobilierlocal.ch\\\/c\\\/#\\\/schema\\\/logo\\\/image\\\/\",\"url\":\"https:\\\/\\\/www.immobilierlocal.ch\\\/c\\\/wp-content\\\/uploads\\\/2023\\\/10\\\/logo-immobilierlocal-h.svg\",\"contentUrl\":\"https:\\\/\\\/www.immobilierlocal.ch\\\/c\\\/wp-content\\\/uploads\\\/2023\\\/10\\\/logo-immobilierlocal-h.svg\",\"caption\":\"Immobilierlocal\"},\"image\":{\"@id\":\"https:\\\/\\\/www.immobilierlocal.ch\\\/c\\\/#\\\/schema\\\/logo\\\/image\\\/\"}}]}<\/script>\n<!-- \/ Yoast SEO Premium plugin. -->","yoast_head_json":{"title":"Agence immobili\u00e8re \u00e0 Avenches : votre partenaire pour la location, l'achat et la vente de logements - Immobilierlocal","robots":{"index":"index","follow":"follow","max-snippet":"max-snippet:-1","max-image-preview":"max-image-preview:large","max-video-preview":"max-video-preview:-1"},"canonical":"https:\/\/www.immobilierlocal.ch\/c\/agence-immobiliere-a-avenches-votre-partenaire-pour-la-location-lachat-et-la-vente-de-logements\/","og_locale":"fr_FR","og_type":"article","og_title":"Agence immobili\u00e8re \u00e0 Avenches : votre partenaire pour la location, l'achat et la vente de logements","og_description":"Pr\u00e9voyez-vous la vente, la location ou l&rsquo;achat d&rsquo;un domicile ou d&rsquo;un appartement situ\u00e9 \u00e0 Avenches ? \u00c0 Avenches, l&rsquo;entreprise Immobilierlocal offre des accompagnements sur mesure. Localis\u00e9e au centre de la ville, nos experts immobiliers sont disponibles pour vous \u00e9pauler \u00e0 trouver ou mettre sur le march\u00e9 votre bien immobilier. Notre entreprise immobili\u00e8re \u00e0 Avenches offre [&hellip;]","og_url":"https:\/\/www.immobilierlocal.ch\/c\/agence-immobiliere-a-avenches-votre-partenaire-pour-la-location-lachat-et-la-vente-de-logements\/","og_site_name":"Immobilierlocal","article_modified_time":"2026-02-09T10:42:48+00:00","og_image":[{"width":1920,"height":300,"url":"https:\/\/www.immobilierlocal.ch\/c\/wp-content\/uploads\/2026\/02\/agence-immobiliere.jpg","type":"image\/jpeg"}],"twitter_card":"summary_large_image","twitter_misc":{"Dur\u00e9e de lecture estim\u00e9e":"3 minutes"},"schema":{"@context":"https:\/\/schema.org","@graph":[{"@type":"WebPage","@id":"https:\/\/www.immobilierlocal.ch\/c\/agence-immobiliere-a-avenches-votre-partenaire-pour-la-location-lachat-et-la-vente-de-logements\/","url":"https:\/\/www.immobilierlocal.ch\/c\/agence-immobiliere-a-avenches-votre-partenaire-pour-la-location-lachat-et-la-vente-de-logements\/","name":"Agence immobili\u00e8re \u00e0 Avenches : votre partenaire pour la location, l'achat et la vente de logements - Immobilierlocal","isPartOf":{"@id":"https:\/\/www.immobilierlocal.ch\/c\/#website"},"primaryImageOfPage":{"@id":"https:\/\/www.immobilierlocal.ch\/c\/agence-immobiliere-a-avenches-votre-partenaire-pour-la-location-lachat-et-la-vente-de-logements\/#primaryimage"},"image":{"@id":"https:\/\/www.immobilierlocal.ch\/c\/agence-immobiliere-a-avenches-votre-partenaire-pour-la-location-lachat-et-la-vente-de-logements\/#primaryimage"},"thumbnailUrl":"https:\/\/www.immobilierlocal.ch\/c\/wp-content\/uploads\/2026\/02\/agence-immobiliere.jpg","datePublished":"2024-04-16T15:06:38+00:00","dateModified":"2026-02-09T10:42:48+00:00","breadcrumb":{"@id":"https:\/\/www.immobilierlocal.ch\/c\/agence-immobiliere-a-avenches-votre-partenaire-pour-la-location-lachat-et-la-vente-de-logements\/#breadcrumb"},"inLanguage":"fr-FR","potentialAction":[{"@type":"ReadAction","target":["https:\/\/www.immobilierlocal.ch\/c\/agence-immobiliere-a-avenches-votre-partenaire-pour-la-location-lachat-et-la-vente-de-logements\/"]}]},{"@type":"ImageObject","inLanguage":"fr-FR","@id":"https:\/\/www.immobilierlocal.ch\/c\/agence-immobiliere-a-avenches-votre-partenaire-pour-la-location-lachat-et-la-vente-de-logements\/#primaryimage","url":"https:\/\/www.immobilierlocal.ch\/c\/wp-content\/uploads\/2026\/02\/agence-immobiliere.jpg","contentUrl":"https:\/\/www.immobilierlocal.ch\/c\/wp-content\/uploads\/2026\/02\/agence-immobiliere.jpg","width":1920,"height":300},{"@type":"BreadcrumbList","@id":"https:\/\/www.immobilierlocal.ch\/c\/agence-immobiliere-a-avenches-votre-partenaire-pour-la-location-lachat-et-la-vente-de-logements\/#breadcrumb","itemListElement":[{"@type":"ListItem","position":1,"name":"Accueil","item":"https:\/\/www.immobilierlocal.ch\/c\/"},{"@type":"ListItem","position":2,"name":"Agence immobili\u00e8re dans le canton de Vaud","item":"https:\/\/www.immobilierlocal.ch\/c\/agence-immobiliere-dans-le-canton-de-vaud-expert-en-ventes-et-locations-immobilieres\/"},{"@type":"ListItem","position":3,"name":"Agences immobili\u00e8res","item":"https:\/\/www.immobilierlocal.ch\/agences"},{"@type":"ListItem","position":4,"name":"Agence immobili\u00e8re \u00e0 Avenches"}]},{"@type":"WebSite","@id":"https:\/\/www.immobilierlocal.ch\/c\/#website","url":"https:\/\/www.immobilierlocal.ch\/c\/","name":"Immobilierlocal","description":"","publisher":{"@id":"https:\/\/www.immobilierlocal.ch\/c\/#organization"},"potentialAction":[{"@type":"SearchAction","target":{"@type":"EntryPoint","urlTemplate":"https:\/\/www.immobilierlocal.ch\/c\/?s={search_term_string}"},"query-input":{"@type":"PropertyValueSpecification","valueRequired":true,"valueName":"search_term_string"}}],"inLanguage":"fr-FR"},{"@type":"Organization","@id":"https:\/\/www.immobilierlocal.ch\/c\/#organization","name":"Immobilierlocal","url":"https:\/\/www.immobilierlocal.ch\/c\/","logo":{"@type":"ImageObject","inLanguage":"fr-FR","@id":"https:\/\/www.immobilierlocal.ch\/c\/#\/schema\/logo\/image\/","url":"https:\/\/www.immobilierlocal.ch\/c\/wp-content\/uploads\/2023\/10\/logo-immobilierlocal-h.svg","contentUrl":"https:\/\/www.immobilierlocal.ch\/c\/wp-content\/uploads\/2023\/10\/logo-immobilierlocal-h.svg","caption":"Immobilierlocal"},"image":{"@id":"https:\/\/www.immobilierlocal.ch\/c\/#\/schema\/logo\/image\/"}}]}},"_links":{"self":[{"href":"https:\/\/www.immobilierlocal.ch\/c\/wp-json\/wp\/v2\/pages\/2277","targetHints":{"allow":["GET"]}}],"collection":[{"href":"https:\/\/www.immobilierlocal.ch\/c\/wp-json\/wp\/v2\/pages"}],"about":[{"href":"https:\/\/www.immobilierlocal.ch\/c\/wp-json\/wp\/v2\/types\/page"}],"author":[{"embeddable":true,"href":"https:\/\/www.immobilierlocal.ch\/c\/wp-json\/wp\/v2\/users\/3"}],"replies":[{"embeddable":true,"href":"https:\/\/www.immobilierlocal.ch\/c\/wp-json\/wp\/v2\/comments?post=2277"}],"version-history":[{"count":0,"href":"https:\/\/www.immobilierlocal.ch\/c\/wp-json\/wp\/v2\/pages\/2277\/revisions"}],"wp:featuredmedia":[{"embeddable":true,"href":"https:\/\/www.immobilierlocal.ch\/c\/wp-json\/wp\/v2\/media\/2768"}],"wp:attachment":[{"href":"https:\/\/www.immobilierlocal.ch\/c\/wp-json\/wp\/v2\/media?parent=2277"}],"wp:term":[{"taxonomy":"category","embeddable":true,"href":"https:\/\/www.immobilierlocal.ch\/c\/wp-json\/wp\/v2\/categories?post=2277"},{"taxonomy":"profession","embeddable":true,"href":"https:\/\/www.immobilierlocal.ch\/c\/wp-json\/wp\/v2\/profession?post=2277"},{"taxonomy":"location","embeddable":true,"href":"https:\/\/www.immobilierlocal.ch\/c\/wp-json\/wp\/v2\/location?post=2277"},{"taxonomy":"canton","embeddable":true,"href":"https:\/\/www.immobilierlocal.ch\/c\/wp-json\/wp\/v2\/canton?post=2277"}],"curies":[{"name":"wp","href":"https:\/\/api.w.org\/{rel}","templated":true}]}}