
{"id":2275,"date":"2024-04-16T17:06:34","date_gmt":"2024-04-16T15:06:34","guid":{"rendered":"https:\/\/www.immobilierlocal.ch\/c\/?page_id=2275"},"modified":"2026-02-09T11:42:51","modified_gmt":"2026-02-09T10:42:51","slug":"agence-immobiliere-a-aigle-specialiste-en-transactions-immobilieres-et-locations-immobilieres","status":"publish","type":"page","link":"https:\/\/www.immobilierlocal.ch\/c\/agence-immobiliere-a-aigle-specialiste-en-transactions-immobilieres-et-locations-immobilieres\/","title":{"rendered":"Agence immobili\u00e8re \u00e0 Aigle : sp\u00e9cialiste en transactions immobili\u00e8res et locations immobili\u00e8res"},"content":{"rendered":"<p>Vous pr\u00e9voyez de vendre, d&rsquo;acheter, de louer une habitation ou un logement \u00e0 Aigle ? Immobilierlocal est joignable et \u00e0 votre \u00e9coute pour vous accompagner dans votre projet. Notre entreprise est situ\u00e9e au c\u0153ur du centre de Aigle, contactez-nous pour acqu\u00e9rir la propri\u00e9t\u00e9 de vos r\u00eaves ou vendre la v\u00f4tre. Notre entreprise immobili\u00e8re \u00e0 Aigle propose une vaste gamme de prestations : pour acheter, vendre votre r\u00e9sidence, ou votre appartement, pour trouver un loft \u00e0 la location, acheter des commerces, des locaux professionnels, pour la gestion de vos biens immobiliers, pour de la location de logement de courte dur\u00e9e ou la gestion de syndicat de copropri\u00e9taires et pour les solutions de financement de votre bien immobilier.<\/p>\n\n<div class=\"box\">\n    <h2 class=\"text-dark\">Nous cherchons un <em class=\"text-primary\">Agent immobilier<\/em> dans la r\u00e9gion de <em class=\"text-primary\">Aigle<\/em>  en exclusivit\u00e9, afin de proposer vos services \u00e0 nos clients propri\u00e9taires.<\/h2>\n    <p>Une opportunit\u00e9 unique pour booster votre activit\u00e9 \u00e0 <strong>Aigle<\/strong> et aux alentours dans votre domaine (Agent immobilier).<\/p>\n    <p>Nous travaillons en exclusivit\u00e9 avec qu'une soci\u00e9t\u00e9 par m\u00e9tier et par r\u00e9gion. <br>Votre entreprise est pr\u00e9sente sur tous les documents immobiliers. Afin d'\u00eatre mieux vu sur le net, vous \u00eates \u00e9galement visible sur nos deux sites et sur les pages de r\u00e9f\u00e9rencement de votre r\u00e9gion.<\/p>\n    <a href=\"\/contact\" class=\"wp-block-button__link has-accent-background-color has-text-align-center wp-element-button\">R\u00e9server<\/a>\n<\/div>\n<h2>Le march\u00e9 immobilier Aiglon s&rsquo;\u00e9tend au-del\u00e0 de son agglom\u00e9ration<\/h2>\n<p>R\u00e9cemment, les prix ont connu une augmentation \u00e0 Aigle, en raison de plusieurs facteurs :<\/p>\n<ul>\n<li>Sa position g\u00e9ographique,<\/li>\n<li>le secteur de l&#8217;emploi,<\/li>\n<li>la qualit\u00e9 de son cadre de vie.<\/li>\n<\/ul>\n<p>Acheter \u00e0 Aigle est un placement rentable, car le besoin d&rsquo;habitations et d&rsquo;appartements \u00e0 louer ou \u00e0 acheter \u00e0 augmenter de fa\u00e7on significative, entra\u00eenant une hausse des tarifs de l&rsquo;immobilier.<\/p>\n<h3>Pour le prix immobilier moyen au m\u00b2 \u00e0 Aigle<\/h3>\n<p class=\"estimates-price-immobilier\">Le march\u00e9 immobilier \u00e0 Aigle affiche un prix moyen de CHF 6'972 \/ m\u00b2 (prix par m\u00e8tre carr\u00e9). Les maisons et les appartements ont un prix moyen respectif de CHF 6'738 \/ m\u00b2 et de CHF 7'205 \/ m\u00b2.<\/p>\n<h3>Pour le prix moyen du loyer \u00e0 Aigle<\/h3>\n<p class=\"estimates-rent-average\">Les loyers moyens \u00e0 Aigle sont actuellement de CHF 1'882 pour les appartements, CHF 2'448 pour les maisons.<\/p>\n<p>La raret\u00e9 des logements disponibles \u00e0 la vente conduis de plus en plus d&rsquo;acheteurs \u00e0 se d\u00e9tourner de Aigle et \u00e0 porter leur attention dans les villes proches, comme :<\/p>\nLa Tine, Rossini\u00e8re, Flendruz, Rougemont, Ch\u00e2teau-d'Oex, L'Etivaz, La L\u00e9cherette, Les Moulins, Villeneuve VD, Noville, Chessel, Rennaz, Roche VD, Yvorne, Leysin, Corbeyrier, La Comballaz, Les Mosses, Le S\u00e9pey, Vers-l'Eglise, Les Diablerets, La Forclaz VD, Ollon VD, Panex, St-Triphon, Bex, Fenalet-sur-Bex, Freni\u00e8res-sur-Bex, Les Plans-sur-Bex, Gryon, Les Posses-sur-Bex, Arveyes, Hu\u00e9moz, Villars-sur-Ollon, Chesi\u00e8res, Lavey-les-Bains, Lavey-Village.\n<h2>La position g\u00e9ographique de notre agence immobili\u00e8re \u00e0 Aigle<\/h2>\n<p>Les agents commerciaux de notre agence interviennent dans tous les endroits de Aigle.<\/p>\n\n<h2>Pourquoi travailler avec Immobilierlocal ?<\/h2>\n<p>Notre entreprise, Immobilierlocal, offre un ensemble de prestations, notamment :<\/p>\n<ul>\n<li>La mise en ligne de votre annonce sur notre site web : pour vous donner la possibilit\u00e9 d&rsquo;atteindre davantage de monde.<\/li>\n<li>Un site web en suisse et pr\u00e9sent dans les pays francophones : notre site internet est optimis\u00e9 pour ressortir dans plusieurs moteurs de recherche web francophones pour toucher un maximum de potentiels clients.<\/li>\n<li>Commercialisation personnalis\u00e9e : chaque propri\u00e9t\u00e9 immobili\u00e8re sur notre plateforme dispose d&rsquo;une approche de vente sur mesure.<\/li>\n<li>Estimation des prix : nous avons fabriqu\u00e9 des applications en ligne pour estimer les valeurs des habitations.<\/li>\n<li>Montage vid\u00e9o et photos : nous effectuons la prise des photos et des vid\u00e9os afin de mettre en valeur votre r\u00e9sidence.<\/li>\n<li>Empreinte \u00e9lectronique : nous proposons l&rsquo;option signature des documents par voie \u00e9lectronique pour vous faciliter la vie.<\/li>\n<li>Conciergerie : nous avons aussi une prestation pour les propri\u00e9taires de logements en locations courte et moyenne dur\u00e9e.<\/li>\n<li>Services de gestion locative : nous offrons une assurance pour le non-paiement des loyers impay\u00e9s.<\/li>\n<\/ul>\n<h2>Une agence immobili\u00e8re compos\u00e9e de professionnels<\/h2>\n<p>Tous nos collaborateurs sont qualifi\u00e9s, qu&rsquo;ils soient : techniciens, commerciaux et administrateurs. Nos employ\u00e9s assistent r\u00e9guli\u00e8rement \u00e0 des formations de perfectionnement. Chaque expert de notre \u00e9quipe a une grande expertise dans le domaine de l&rsquo;immobilier. Les comp\u00e9tences obtenues nous permettent d&rsquo;accompagner au mieux nos clients.<\/p>\n<h2>\u00c9valuer la valeur de votre bien immobilier \u00e0 Aigle<\/h2>\n<p>Nous r\u00e9alisons des estimations d\u00e9taill\u00e9es de votre habitation \u00e0 Aigle, nous prenons en compte les caract\u00e9ristiques de votre maison, ou encore la renomm\u00e9e de votre secteur. Immobilierlocal propose \u00e0 sa client\u00e8le, les services, tel que : l&rsquo;administration de vos logements locatifs, l&rsquo;achat, la vente, les placements immobiliers, l&rsquo;administration des locations de courte et longue dur\u00e9e et la gestion du syndic de copropri\u00e9t\u00e9.<\/p>\n<h2>Une agence qui vous accompagne<\/h2>\n<p>Nous avons conscience que votre projet immobilier est adapt\u00e9 \u00e0 votre situation et vos d\u00e9sirs, c&rsquo;est pour cela que nous vous proposons des services sur mesure. Si vous avez besoin d\u2019acheter ou de louer une maison ou un appartement dans la r\u00e9gion de Aigle, les conseillers de notre agence sont \u00e0 votre disposition \u00e0 toutes les \u00e9tapes de votre projet. Nous avons un important r\u00e9seau pour vous aider \u00e0 trouver l&rsquo;habitation de vos r\u00eaves \u00e0 Aigle.<\/p>\n<h2>Vous avez besoin d&rsquo;une agence immobili\u00e8re \u00e0 Aigle ?<\/h2>\n<p>L&rsquo;agence Immobilierlocal est localis\u00e9e en plein c\u0153ur de Aigle. Nos consultants vous \u00e9coutent et sont toujours d\u00e9termin\u00e9s \u00e0 vous \u00e9pauler dans votre projet. Notre soci\u00e9t\u00e9 est chevronn\u00e9e dans l&rsquo;acquisition, la vente et la gestion de propri\u00e9t\u00e9s.<\/p>\n","protected":false},"excerpt":{"rendered":"<p>Vous pr\u00e9voyez de vendre, d&rsquo;acheter, de louer une habitation ou un logement \u00e0 Aigle ? Immobilierlocal est joignable et \u00e0 votre \u00e9coute pour vous accompagner dans votre projet. Notre entreprise est situ\u00e9e au c\u0153ur du centre de Aigle, contactez-nous pour acqu\u00e9rir la propri\u00e9t\u00e9 de vos r\u00eaves ou vendre la v\u00f4tre. Notre entreprise immobili\u00e8re \u00e0 Aigle [&hellip;]<\/p>\n","protected":false},"author":3,"featured_media":2768,"parent":0,"menu_order":0,"comment_status":"closed","ping_status":"closed","template":"wp-custom-template-page-agent","meta":{"footnotes":""},"categories":[89],"profession":[92],"location":[53],"canton":[79],"class_list":["post-2275","page","type-page","status-publish","has-post-thumbnail","hentry","category-agence","profession-agent-immobilier"],"yoast_head":"<!-- This site is optimized with the Yoast SEO Premium plugin v23.0 (Yoast SEO v27.3) - https:\/\/yoast.com\/product\/yoast-seo-premium-wordpress\/ -->\n<title>Agence immobili\u00e8re \u00e0 Aigle : sp\u00e9cialiste en transactions immobili\u00e8res et locations immobili\u00e8res - Immobilierlocal<\/title>\n<meta name=\"robots\" content=\"index, follow, max-snippet:-1, max-image-preview:large, max-video-preview:-1\" \/>\n<link rel=\"canonical\" href=\"https:\/\/www.immobilierlocal.ch\/c\/agence-immobiliere-a-aigle-specialiste-en-transactions-immobilieres-et-locations-immobilieres\/\" \/>\n<meta property=\"og:locale\" content=\"fr_FR\" \/>\n<meta property=\"og:type\" content=\"article\" \/>\n<meta property=\"og:title\" content=\"Agence immobili\u00e8re \u00e0 Aigle : sp\u00e9cialiste en transactions immobili\u00e8res et locations immobili\u00e8res\" \/>\n<meta property=\"og:description\" content=\"Vous pr\u00e9voyez de vendre, d&rsquo;acheter, de louer une habitation ou un logement \u00e0 Aigle ? Immobilierlocal est joignable et \u00e0 votre \u00e9coute pour vous accompagner dans votre projet. Notre entreprise est situ\u00e9e au c\u0153ur du centre de Aigle, contactez-nous pour acqu\u00e9rir la propri\u00e9t\u00e9 de vos r\u00eaves ou vendre la v\u00f4tre. Notre entreprise immobili\u00e8re \u00e0 Aigle [&hellip;]\" \/>\n<meta property=\"og:url\" content=\"https:\/\/www.immobilierlocal.ch\/c\/agence-immobiliere-a-aigle-specialiste-en-transactions-immobilieres-et-locations-immobilieres\/\" \/>\n<meta property=\"og:site_name\" content=\"Immobilierlocal\" \/>\n<meta property=\"article:modified_time\" content=\"2026-02-09T10:42:51+00:00\" \/>\n<meta property=\"og:image\" content=\"https:\/\/www.immobilierlocal.ch\/c\/wp-content\/uploads\/2026\/02\/agence-immobiliere.jpg\" \/>\n\t<meta property=\"og:image:width\" content=\"1920\" \/>\n\t<meta property=\"og:image:height\" content=\"300\" \/>\n\t<meta property=\"og:image:type\" content=\"image\/jpeg\" \/>\n<meta name=\"twitter:card\" content=\"summary_large_image\" \/>\n<meta name=\"twitter:label1\" content=\"Dur\u00e9e de lecture estim\u00e9e\" \/>\n\t<meta name=\"twitter:data1\" content=\"4 minutes\" \/>\n<script type=\"application\/ld+json\" class=\"yoast-schema-graph\">{\"@context\":\"https:\\\/\\\/schema.org\",\"@graph\":[{\"@type\":\"WebPage\",\"@id\":\"https:\\\/\\\/www.immobilierlocal.ch\\\/c\\\/agence-immobiliere-a-aigle-specialiste-en-transactions-immobilieres-et-locations-immobilieres\\\/\",\"url\":\"https:\\\/\\\/www.immobilierlocal.ch\\\/c\\\/agence-immobiliere-a-aigle-specialiste-en-transactions-immobilieres-et-locations-immobilieres\\\/\",\"name\":\"Agence immobili\u00e8re \u00e0 Aigle : sp\u00e9cialiste en transactions immobili\u00e8res et locations immobili\u00e8res - Immobilierlocal\",\"isPartOf\":{\"@id\":\"https:\\\/\\\/www.immobilierlocal.ch\\\/c\\\/#website\"},\"primaryImageOfPage\":{\"@id\":\"https:\\\/\\\/www.immobilierlocal.ch\\\/c\\\/agence-immobiliere-a-aigle-specialiste-en-transactions-immobilieres-et-locations-immobilieres\\\/#primaryimage\"},\"image\":{\"@id\":\"https:\\\/\\\/www.immobilierlocal.ch\\\/c\\\/agence-immobiliere-a-aigle-specialiste-en-transactions-immobilieres-et-locations-immobilieres\\\/#primaryimage\"},\"thumbnailUrl\":\"https:\\\/\\\/www.immobilierlocal.ch\\\/c\\\/wp-content\\\/uploads\\\/2026\\\/02\\\/agence-immobiliere.jpg\",\"datePublished\":\"2024-04-16T15:06:34+00:00\",\"dateModified\":\"2026-02-09T10:42:51+00:00\",\"breadcrumb\":{\"@id\":\"https:\\\/\\\/www.immobilierlocal.ch\\\/c\\\/agence-immobiliere-a-aigle-specialiste-en-transactions-immobilieres-et-locations-immobilieres\\\/#breadcrumb\"},\"inLanguage\":\"fr-FR\",\"potentialAction\":[{\"@type\":\"ReadAction\",\"target\":[\"https:\\\/\\\/www.immobilierlocal.ch\\\/c\\\/agence-immobiliere-a-aigle-specialiste-en-transactions-immobilieres-et-locations-immobilieres\\\/\"]}]},{\"@type\":\"ImageObject\",\"inLanguage\":\"fr-FR\",\"@id\":\"https:\\\/\\\/www.immobilierlocal.ch\\\/c\\\/agence-immobiliere-a-aigle-specialiste-en-transactions-immobilieres-et-locations-immobilieres\\\/#primaryimage\",\"url\":\"https:\\\/\\\/www.immobilierlocal.ch\\\/c\\\/wp-content\\\/uploads\\\/2026\\\/02\\\/agence-immobiliere.jpg\",\"contentUrl\":\"https:\\\/\\\/www.immobilierlocal.ch\\\/c\\\/wp-content\\\/uploads\\\/2026\\\/02\\\/agence-immobiliere.jpg\",\"width\":1920,\"height\":300},{\"@type\":\"BreadcrumbList\",\"@id\":\"https:\\\/\\\/www.immobilierlocal.ch\\\/c\\\/agence-immobiliere-a-aigle-specialiste-en-transactions-immobilieres-et-locations-immobilieres\\\/#breadcrumb\",\"itemListElement\":[{\"@type\":\"ListItem\",\"position\":1,\"name\":\"Accueil\",\"item\":\"https:\\\/\\\/www.immobilierlocal.ch\\\/c\\\/\"},{\"@type\":\"ListItem\",\"position\":2,\"name\":\"Agence immobili\u00e8re dans le canton de Vaud\",\"item\":\"https:\\\/\\\/www.immobilierlocal.ch\\\/c\\\/agence-immobiliere-dans-le-canton-de-vaud-expert-en-ventes-et-locations-immobilieres\\\/\"},{\"@type\":\"ListItem\",\"position\":3,\"name\":\"Agences immobili\u00e8res\",\"item\":\"https:\\\/\\\/www.immobilierlocal.ch\\\/agences\"},{\"@type\":\"ListItem\",\"position\":4,\"name\":\"Agence immobili\u00e8re \u00e0 Aigle\"}]},{\"@type\":\"WebSite\",\"@id\":\"https:\\\/\\\/www.immobilierlocal.ch\\\/c\\\/#website\",\"url\":\"https:\\\/\\\/www.immobilierlocal.ch\\\/c\\\/\",\"name\":\"Immobilierlocal\",\"description\":\"\",\"publisher\":{\"@id\":\"https:\\\/\\\/www.immobilierlocal.ch\\\/c\\\/#organization\"},\"potentialAction\":[{\"@type\":\"SearchAction\",\"target\":{\"@type\":\"EntryPoint\",\"urlTemplate\":\"https:\\\/\\\/www.immobilierlocal.ch\\\/c\\\/?s={search_term_string}\"},\"query-input\":{\"@type\":\"PropertyValueSpecification\",\"valueRequired\":true,\"valueName\":\"search_term_string\"}}],\"inLanguage\":\"fr-FR\"},{\"@type\":\"Organization\",\"@id\":\"https:\\\/\\\/www.immobilierlocal.ch\\\/c\\\/#organization\",\"name\":\"Immobilierlocal\",\"url\":\"https:\\\/\\\/www.immobilierlocal.ch\\\/c\\\/\",\"logo\":{\"@type\":\"ImageObject\",\"inLanguage\":\"fr-FR\",\"@id\":\"https:\\\/\\\/www.immobilierlocal.ch\\\/c\\\/#\\\/schema\\\/logo\\\/image\\\/\",\"url\":\"https:\\\/\\\/www.immobilierlocal.ch\\\/c\\\/wp-content\\\/uploads\\\/2023\\\/10\\\/logo-immobilierlocal-h.svg\",\"contentUrl\":\"https:\\\/\\\/www.immobilierlocal.ch\\\/c\\\/wp-content\\\/uploads\\\/2023\\\/10\\\/logo-immobilierlocal-h.svg\",\"caption\":\"Immobilierlocal\"},\"image\":{\"@id\":\"https:\\\/\\\/www.immobilierlocal.ch\\\/c\\\/#\\\/schema\\\/logo\\\/image\\\/\"}}]}<\/script>\n<!-- \/ Yoast SEO Premium plugin. -->","yoast_head_json":{"title":"Agence immobili\u00e8re \u00e0 Aigle : sp\u00e9cialiste en transactions immobili\u00e8res et locations immobili\u00e8res - Immobilierlocal","robots":{"index":"index","follow":"follow","max-snippet":"max-snippet:-1","max-image-preview":"max-image-preview:large","max-video-preview":"max-video-preview:-1"},"canonical":"https:\/\/www.immobilierlocal.ch\/c\/agence-immobiliere-a-aigle-specialiste-en-transactions-immobilieres-et-locations-immobilieres\/","og_locale":"fr_FR","og_type":"article","og_title":"Agence immobili\u00e8re \u00e0 Aigle : sp\u00e9cialiste en transactions immobili\u00e8res et locations immobili\u00e8res","og_description":"Vous pr\u00e9voyez de vendre, d&rsquo;acheter, de louer une habitation ou un logement \u00e0 Aigle ? Immobilierlocal est joignable et \u00e0 votre \u00e9coute pour vous accompagner dans votre projet. Notre entreprise est situ\u00e9e au c\u0153ur du centre de Aigle, contactez-nous pour acqu\u00e9rir la propri\u00e9t\u00e9 de vos r\u00eaves ou vendre la v\u00f4tre. Notre entreprise immobili\u00e8re \u00e0 Aigle [&hellip;]","og_url":"https:\/\/www.immobilierlocal.ch\/c\/agence-immobiliere-a-aigle-specialiste-en-transactions-immobilieres-et-locations-immobilieres\/","og_site_name":"Immobilierlocal","article_modified_time":"2026-02-09T10:42:51+00:00","og_image":[{"width":1920,"height":300,"url":"https:\/\/www.immobilierlocal.ch\/c\/wp-content\/uploads\/2026\/02\/agence-immobiliere.jpg","type":"image\/jpeg"}],"twitter_card":"summary_large_image","twitter_misc":{"Dur\u00e9e de lecture estim\u00e9e":"4 minutes"},"schema":{"@context":"https:\/\/schema.org","@graph":[{"@type":"WebPage","@id":"https:\/\/www.immobilierlocal.ch\/c\/agence-immobiliere-a-aigle-specialiste-en-transactions-immobilieres-et-locations-immobilieres\/","url":"https:\/\/www.immobilierlocal.ch\/c\/agence-immobiliere-a-aigle-specialiste-en-transactions-immobilieres-et-locations-immobilieres\/","name":"Agence immobili\u00e8re \u00e0 Aigle : sp\u00e9cialiste en transactions immobili\u00e8res et locations immobili\u00e8res - Immobilierlocal","isPartOf":{"@id":"https:\/\/www.immobilierlocal.ch\/c\/#website"},"primaryImageOfPage":{"@id":"https:\/\/www.immobilierlocal.ch\/c\/agence-immobiliere-a-aigle-specialiste-en-transactions-immobilieres-et-locations-immobilieres\/#primaryimage"},"image":{"@id":"https:\/\/www.immobilierlocal.ch\/c\/agence-immobiliere-a-aigle-specialiste-en-transactions-immobilieres-et-locations-immobilieres\/#primaryimage"},"thumbnailUrl":"https:\/\/www.immobilierlocal.ch\/c\/wp-content\/uploads\/2026\/02\/agence-immobiliere.jpg","datePublished":"2024-04-16T15:06:34+00:00","dateModified":"2026-02-09T10:42:51+00:00","breadcrumb":{"@id":"https:\/\/www.immobilierlocal.ch\/c\/agence-immobiliere-a-aigle-specialiste-en-transactions-immobilieres-et-locations-immobilieres\/#breadcrumb"},"inLanguage":"fr-FR","potentialAction":[{"@type":"ReadAction","target":["https:\/\/www.immobilierlocal.ch\/c\/agence-immobiliere-a-aigle-specialiste-en-transactions-immobilieres-et-locations-immobilieres\/"]}]},{"@type":"ImageObject","inLanguage":"fr-FR","@id":"https:\/\/www.immobilierlocal.ch\/c\/agence-immobiliere-a-aigle-specialiste-en-transactions-immobilieres-et-locations-immobilieres\/#primaryimage","url":"https:\/\/www.immobilierlocal.ch\/c\/wp-content\/uploads\/2026\/02\/agence-immobiliere.jpg","contentUrl":"https:\/\/www.immobilierlocal.ch\/c\/wp-content\/uploads\/2026\/02\/agence-immobiliere.jpg","width":1920,"height":300},{"@type":"BreadcrumbList","@id":"https:\/\/www.immobilierlocal.ch\/c\/agence-immobiliere-a-aigle-specialiste-en-transactions-immobilieres-et-locations-immobilieres\/#breadcrumb","itemListElement":[{"@type":"ListItem","position":1,"name":"Accueil","item":"https:\/\/www.immobilierlocal.ch\/c\/"},{"@type":"ListItem","position":2,"name":"Agence immobili\u00e8re dans le canton de Vaud","item":"https:\/\/www.immobilierlocal.ch\/c\/agence-immobiliere-dans-le-canton-de-vaud-expert-en-ventes-et-locations-immobilieres\/"},{"@type":"ListItem","position":3,"name":"Agences immobili\u00e8res","item":"https:\/\/www.immobilierlocal.ch\/agences"},{"@type":"ListItem","position":4,"name":"Agence immobili\u00e8re \u00e0 Aigle"}]},{"@type":"WebSite","@id":"https:\/\/www.immobilierlocal.ch\/c\/#website","url":"https:\/\/www.immobilierlocal.ch\/c\/","name":"Immobilierlocal","description":"","publisher":{"@id":"https:\/\/www.immobilierlocal.ch\/c\/#organization"},"potentialAction":[{"@type":"SearchAction","target":{"@type":"EntryPoint","urlTemplate":"https:\/\/www.immobilierlocal.ch\/c\/?s={search_term_string}"},"query-input":{"@type":"PropertyValueSpecification","valueRequired":true,"valueName":"search_term_string"}}],"inLanguage":"fr-FR"},{"@type":"Organization","@id":"https:\/\/www.immobilierlocal.ch\/c\/#organization","name":"Immobilierlocal","url":"https:\/\/www.immobilierlocal.ch\/c\/","logo":{"@type":"ImageObject","inLanguage":"fr-FR","@id":"https:\/\/www.immobilierlocal.ch\/c\/#\/schema\/logo\/image\/","url":"https:\/\/www.immobilierlocal.ch\/c\/wp-content\/uploads\/2023\/10\/logo-immobilierlocal-h.svg","contentUrl":"https:\/\/www.immobilierlocal.ch\/c\/wp-content\/uploads\/2023\/10\/logo-immobilierlocal-h.svg","caption":"Immobilierlocal"},"image":{"@id":"https:\/\/www.immobilierlocal.ch\/c\/#\/schema\/logo\/image\/"}}]}},"_links":{"self":[{"href":"https:\/\/www.immobilierlocal.ch\/c\/wp-json\/wp\/v2\/pages\/2275","targetHints":{"allow":["GET"]}}],"collection":[{"href":"https:\/\/www.immobilierlocal.ch\/c\/wp-json\/wp\/v2\/pages"}],"about":[{"href":"https:\/\/www.immobilierlocal.ch\/c\/wp-json\/wp\/v2\/types\/page"}],"author":[{"embeddable":true,"href":"https:\/\/www.immobilierlocal.ch\/c\/wp-json\/wp\/v2\/users\/3"}],"replies":[{"embeddable":true,"href":"https:\/\/www.immobilierlocal.ch\/c\/wp-json\/wp\/v2\/comments?post=2275"}],"version-history":[{"count":0,"href":"https:\/\/www.immobilierlocal.ch\/c\/wp-json\/wp\/v2\/pages\/2275\/revisions"}],"wp:featuredmedia":[{"embeddable":true,"href":"https:\/\/www.immobilierlocal.ch\/c\/wp-json\/wp\/v2\/media\/2768"}],"wp:attachment":[{"href":"https:\/\/www.immobilierlocal.ch\/c\/wp-json\/wp\/v2\/media?parent=2275"}],"wp:term":[{"taxonomy":"category","embeddable":true,"href":"https:\/\/www.immobilierlocal.ch\/c\/wp-json\/wp\/v2\/categories?post=2275"},{"taxonomy":"profession","embeddable":true,"href":"https:\/\/www.immobilierlocal.ch\/c\/wp-json\/wp\/v2\/profession?post=2275"},{"taxonomy":"location","embeddable":true,"href":"https:\/\/www.immobilierlocal.ch\/c\/wp-json\/wp\/v2\/location?post=2275"},{"taxonomy":"canton","embeddable":true,"href":"https:\/\/www.immobilierlocal.ch\/c\/wp-json\/wp\/v2\/canton?post=2275"}],"curies":[{"name":"wp","href":"https:\/\/api.w.org\/{rel}","templated":true}]}}