
{"id":2273,"date":"2024-04-16T17:07:08","date_gmt":"2024-04-16T15:07:08","guid":{"rendered":"https:\/\/www.immobilierlocal.ch\/c\/?page_id=2273"},"modified":"2026-02-09T11:42:19","modified_gmt":"2026-02-09T10:42:19","slug":"agence-immobiliere-a-neuchatel-vente-achat-location-dune-propriete-immobiliere","status":"publish","type":"page","link":"https:\/\/www.immobilierlocal.ch\/c\/agence-immobiliere-a-neuchatel-vente-achat-location-dune-propriete-immobiliere\/","title":{"rendered":"Agence immobili\u00e8re \u00e0 Neuch\u00e2tel : vente achat location d&rsquo;une propri\u00e9t\u00e9 immobili\u00e8re"},"content":{"rendered":"<p>Vous pr\u00e9voyez de vendre, d&rsquo;acheter, de louer une habitation ou un logement \u00e0 Neuch\u00e2tel ? Immobilierlocal est disponible pour vous guider dans votre projet. Implant\u00e9e au centre de la ville, nos experts immobiliers sont disponibles pour vous \u00e9pauler \u00e0 acqu\u00e9rir ou vendre votre habitation. Notre agence immobili\u00e8re \u00e0 Neuch\u00e2tel propose une large gamme de services : pour vendre, acheter votre maison, ou votre studio, pour trouver un appartement \u00e0 louer, acheter des locaux, des commerces, pour la gestion de vos biens, pour de la location saisonni\u00e8re airbnb ou l&rsquo;administration de syndicat de copropri\u00e9taires et pour le financement de votre bien immobilier.<\/p>\n\r\n<div class=\"box\">\r\n            <div class=\"company-info\">\r\n            <img decoding=\"async\" class=\"company-info__logo\" src=\"https:\/\/www.artisanlocal.ch\/media\/cache\/thumb\/images\/companies\/68107f1c7da4e988134711.png\" alt=\"Logo\">\r\n            <h2 class=\"company-info__name\">PROXIMMO Agence Immobili\u00e8re  S\u00e0rl<\/h2>\r\n            <p class=\"company-info__business\">Agence immobili\u00e8re - Courtage immobilier - Promotion - Estimation - Accompagnement pour l\u2019achat - Financement - Conseils<\/p>\r\n        <\/div>\r\n        <div class=\"company-contact\">\r\n            <p class=\"company-info__address\">Ruelle W.-Mayor 2, 2001 Neuch\u00e2tel <\/p>\r\n                            <div class=\"links\">\r\n                                            <a class=\"btn has-accent-background-color js-phoneNumber\" href=\"tel:0213510808\" title=\"Appelez\" data-id=\"38798\" data-type=\"11\">021 351 08 08<\/a>\r\n                                                                <a class=\"btn has-accent-background-color\" href=\"https:\/\/proximmo.ch\/\" target=\"_blank\" title=\"Voir le site internet\" data-id=\"38798\" data-type=\"20\">Site internet<\/a>\r\n                                    <\/div>\r\n                    <\/div>\r\n    \r\n            \n<form action=\"https:\/\/www.immobilierlocal.ch\/c\/wp-admin\/admin-ajax.php\" method=\"post\" class=\"form-contact\" id=\"immobilier_form_contact_company_inline\">\n    <div><input type=\"hidden\" name=\"action\" value=\"company_contact\"><\/div>\n    <div><input type=\"hidden\" name=\"nonce\" value=\"c51c4c0b6f\"><\/div>\n    <div><input type=\"hidden\" name=\"company_id\" value=\"38798\"><\/div>\n    <div><input type=\"hidden\" name=\"form_id\" value=\"immobilier_form_contact_company_inline\"><\/div>\n    <div class=\"gglcptch gglcptch_v3 gglcptch_custom\"><input type=\"hidden\" id=\"g-recaptcha-response\" name=\"g-recaptcha-response\" \/><br \/><div class=\"gglcptch_error_text\">La p\u00e9riode de v\u00e9rification reCAPTCHA a expir\u00e9. Veuillez recharger la page.<\/div><\/div>    <div class=\"form-content\">\n        <div class=\"form-group\">\n            <label for=\"contact_firstName\" class=\"required\">Pr\u00e9nom<\/label>\n            <input type=\"text\" name=\"firstName\" class=\"form-control\" required>\n        <\/div>\n        <div class=\"form-group\">\n            <label for=\"contact_lastName\" class=\"required\">Nom<\/label>\n            <input type=\"text\" name=\"lastName\" class=\"form-control\" required>\n        <\/div>\n        <div class=\"form-group\">\n            <label for=\"contact_email\" class=\"required\">Email<\/label>\n            <input type=\"email\" name=\"email\" class=\"form-control\" required>\n        <\/div>\n        <div class=\"form-group\">\n            <label for=\"contact_phone\" class=\"required\">Num\u00e9ro de t\u00e9l\u00e9phone<\/label>\n            <input type=\"tel\" name=\"phone\" class=\"form-control\" placeholder=\"0787117165\" pattern=\"^[0-9]{10}$\" required>\n        <\/div>\n        <div class=\"form-group\">\n            <label for=\"contact_postalCode\" class=\"required\">Code postal et localit\u00e9<\/label>\n            <input type=\"text\" name=\"postalCode\" class=\"form-control\" required>\n        <\/div>\n        <div class=\"form-group\">\n            <label for=\"contact_address\" class=\"required\">Adresse<\/label>\n            <input type=\"text\" name=\"address\" class=\"form-control\" required>\n        <\/div>\n        <div class=\"full-width topic\">\n            <p class=\"required\">Je souhaite \u00eatre contact\u00e9 pour :<\/p>\n            <div class=\"form-check\">\n                <input type=\"radio\" name=\"topic\" value=\"Estimation\" class=\"form-control\" required>\n                <label for=\"estimation\">R\u00e9aliser une estimation<\/label>\n            <\/div>\n            <div class=\"form-check\">\n                <input type=\"radio\" name=\"topic\" value=\"Vente\" class=\"form-control\" required>\n                <label for=\"vente\">R\u00e9aliser une vente<\/label>\n            <\/div>\n            <div class=\"form-check\">\n                <input type=\"radio\" name=\"topic\" value=\"Autre\" class=\"form-control\" required>\n                <label for=\"autre\">Autre<\/label>\n            <\/div>\n        <\/div>\n        <div class=\"form-group full-width\">\n            <label for=\"contact_message\">Message<\/label>\n            <textarea name=\"message\" rows=\"3\" class=\"form-control\"><\/textarea>\n        <\/div>\n    <\/div>\n    <div class=\"form-actions\">\n        <button class=\"wp-block-button__link has-accent-background-color\">Contacter<\/button>\n    <\/div>\n<\/form>\n<div class=\"form-feedback\"><\/div>    <\/div>\n<h2>Le march\u00e9 immobilier Neuch\u00e2telois se d\u00e9veloppe au-del\u00e0 de sa commune<\/h2>\n<p>Derni\u00e8rement, les prix ont grimp\u00e9 rapidement \u00e0 Neuch\u00e2tel, pour plusieurs raisons :<\/p>\n<ul>\n<li>Son secteur g\u00e9ographique,<\/li>\n<li>le march\u00e9 de l&#8217;emploi,<\/li>\n<li>la qualit\u00e9 de son lieu de vie.<\/li>\n<\/ul>\n<p>Acqu\u00e9rir un appartement \u00e0 Neuch\u00e2tel est aussi une valeur s\u00fbre, en raison de la demande de locations et d&rsquo;achats qui a connu une hausse significative, entra\u00eenant une mont\u00e9e des prix.<\/p>\n<h3>Pour le prix immobilier moyen au m\u00b2 \u00e0 Neuch\u00e2tel<\/h3>\n<p class=\"estimates-price-immobilier\">Le march\u00e9 immobilier \u00e0 Neuch\u00e2tel affiche un prix moyen de CHF 8'234 \/ m\u00b2 (prix par m\u00e8tre carr\u00e9). Les maisons et les appartements ont un prix moyen respectif de CHF 7'994 \/ m\u00b2 et de CHF 8'473 \/ m\u00b2.<\/p>\n<h3>Pour le prix moyen du loyer \u00e0 Neuch\u00e2tel<\/h3>\n<p class=\"estimates-rent-average\">Les loyers moyens \u00e0 Neuch\u00e2tel sont actuellement de CHF 2'240 pour les appartements, CHF 2'703 pour les maisons.<\/p>\n<p>La p\u00e9nurie des biens immobiliers propos\u00e9s \u00e0 la vente encourage de plus en plus d&rsquo;acheteurs \u00e0 s&rsquo;\u00e9carter de Neuch\u00e2tel et \u00e0 cibler des villes aux environs, comme :<\/p>\nAuvernier, Colombier NE, B\u00f4le, Areuse, Cortaillod, Boudry, Chambrelien, Rochefort, Bevaix, Gorgier, St-Aubin-Sauges, Chez-le-Bart, Fresens, Montalchez, Vaumarcus, Peseux, Corcelles NE, Cormondr\u00e8che, Hauterive NE, St-Blaise, Enges, Marin-Epagnier, Thielle, Wavre, Cornaux NE, Cressier NE, Champ-du-Moulin.\n<h2>La position g\u00e9ographique de notre agence immobili\u00e8re \u00e0 Neuch\u00e2tel<\/h2>\n<p>Les agents commerciaux de notre agence immobili\u00e8re op\u00e8rent dans tous les secteurs de Neuch\u00e2tel.<\/p>\n\n<div id=\"map\" class=\"map\" data-adresse=\"Ruelle W.-Mayor 2 2001 Neuch\u00e2tel, Suisse\"><\/div>\n<h2>Pourquoi choisir Immobilierlocal ?<\/h2>\n<p>Immobilierlocal propose un large choix de prestations, comme :<\/p>\n<ul>\n<li>La mise en ligne de vos annonces sur notre site : pour vous donner la possibilit\u00e9 d&rsquo;atteindre davantage de monde.<\/li>\n<li>Une vitrine sur l&rsquo;internet suisse : notre portail web se positionne sur des moteurs de recherches web en langue fran\u00e7aise dans le but d&rsquo;atteindre plus d\u2019acheteurs et de vendeurs.<\/li>\n<li>Programme personnalis\u00e9 : chacun des biens pr\u00e9sents sur notre site internet profite d&rsquo;un plan de commercialisation personnalis\u00e9.<\/li>\n<li>Estimation immobili\u00e8re en ligne : nous avons d\u00e9velopp\u00e9 un outil en ligne pour estimer les prix de vente des propri\u00e9t\u00e9s immobili\u00e8res \u00e0 Neuch\u00e2tel.<\/li>\n<li>Montage vid\u00e9o et photos : nous effectuons la prise des vid\u00e9os et des photos afin de mettre en valeur votre propri\u00e9t\u00e9.<\/li>\n<li>Empreinte num\u00e9rique : nous offrons la capacit\u00e9 de sign\u00e9 \u00e9lectroniquement vos papiers en ligne.<\/li>\n<li>Gestion locative airbnb : nous offrons aussi des prestations pour la gestion de location courte dur\u00e9e.<\/li>\n<li>Services de gestion locative : nous offrons une couverture pour les loyers impay\u00e9s.<\/li>\n<\/ul>\n<h2>Une agence immobili\u00e8re compos\u00e9e de professionnels<\/h2>\n<p>Les conseillers de notre entreprise sont exp\u00e9riment\u00e9s, qu&rsquo;il s&rsquo;agisse de conseillers commerciaux ou de managers. Nos collaborateurs assistent r\u00e9guli\u00e8rement a des mont\u00e9es en comp\u00e9tences. Par ailleurs, nos commerciaux ont tous aussi acquis une exp\u00e9rience au pr\u00e9alable. L&rsquo;exp\u00e9rience obtenue nous permet d&rsquo;accompagner au maximum nos clients.<\/p>\n<h2>D\u00e9terminer la valeur de votre bien \u00e0 Neuch\u00e2tel<\/h2>\n<p>Vous \u00eates un Neuch\u00e2telois, notre soci\u00e9t\u00e9 immobili\u00e8re r\u00e9alise des \u00e9valuations d\u00e9taill\u00e9es de votre habitation en prenant en compte les sp\u00e9cificit\u00e9s de votre domicile comme votre secteur. Nous fournissons une v\u00e9ritable expertise pour tout ce qui concerne : l&rsquo;achat, la vente, les investissements immobiliers, les locations airbnb ou longue dur\u00e9e, la gestion de vos biens immobiliers, et aussi pour l&rsquo;administration de votre r\u00e9sidence en copropri\u00e9t\u00e9.<\/p>\n<h2>Un accompagnement personnalis\u00e9<\/h2>\n<p>Nous comprenons que chaque personne est unique, c&rsquo;est la raison pour laquelle nous personnalisons nos conseils. Si vous cherchez \u00e0 louer un studio ou une maison dans la r\u00e9gion de Neuch\u00e2tel, les consultants de notre agence immobili\u00e8re se tiennent \u00e0 votre service pour toutes les \u00e9tapes de votre projet immobilier. Vous d\u00e9sirez acheter une nouvelle habitation \u00e0 Neuch\u00e2tel ? Nous cherchons et trouvons le meilleur logement potentiel au moyen de notre r\u00e9seau.<\/p>\n<h2>Vous avez besoin d&rsquo;une agence immobili\u00e8re \u00e0 Neuch\u00e2tel ?<\/h2>\n<p>Notre agence Immobilierlocal se trouve au c\u0153ur Neuch\u00e2tel. Nous vous r\u00e9servons un accueil chaleureux, pr\u00eats \u00e0 vous \u00e9couter et \u00e0 concr\u00e9tiser vos projets. Nos consultants immobiliers sont vos interlocuteurs de confiance pour la vente, l&rsquo;achat et la gestion de biens.<\/p>\n","protected":false},"excerpt":{"rendered":"<p>Vous pr\u00e9voyez de vendre, d&rsquo;acheter, de louer une habitation ou un logement \u00e0 Neuch\u00e2tel ? Immobilierlocal est disponible pour vous guider dans votre projet. Implant\u00e9e au centre de la ville, nos experts immobiliers sont disponibles pour vous \u00e9pauler \u00e0 acqu\u00e9rir ou vendre votre habitation. Notre agence immobili\u00e8re \u00e0 Neuch\u00e2tel propose une large gamme de services [&hellip;]<\/p>\n","protected":false},"author":3,"featured_media":2768,"parent":0,"menu_order":0,"comment_status":"closed","ping_status":"closed","template":"wp-custom-template-page-agent","meta":{"footnotes":""},"categories":[89],"profession":[92],"location":[51],"canton":[77],"class_list":["post-2273","page","type-page","status-publish","has-post-thumbnail","hentry","category-agence","profession-agent-immobilier"],"yoast_head":"<!-- This site is optimized with the Yoast SEO Premium plugin v23.0 (Yoast SEO v27.3) - https:\/\/yoast.com\/product\/yoast-seo-premium-wordpress\/ -->\n<title>Agence immobili\u00e8re \u00e0 Neuch\u00e2tel : vente achat location d&#039;une propri\u00e9t\u00e9 immobili\u00e8re - Immobilierlocal<\/title>\n<meta name=\"robots\" content=\"index, follow, max-snippet:-1, max-image-preview:large, max-video-preview:-1\" \/>\n<link rel=\"canonical\" href=\"https:\/\/www.immobilierlocal.ch\/c\/agence-immobiliere-a-neuchatel-vente-achat-location-dune-propriete-immobiliere\/\" \/>\n<meta property=\"og:locale\" content=\"fr_FR\" \/>\n<meta property=\"og:type\" content=\"article\" \/>\n<meta property=\"og:title\" content=\"Agence immobili\u00e8re \u00e0 Neuch\u00e2tel : vente achat location d&#039;une propri\u00e9t\u00e9 immobili\u00e8re\" \/>\n<meta property=\"og:description\" content=\"Vous pr\u00e9voyez de vendre, d&rsquo;acheter, de louer une habitation ou un logement \u00e0 Neuch\u00e2tel ? Immobilierlocal est disponible pour vous guider dans votre projet. Implant\u00e9e au centre de la ville, nos experts immobiliers sont disponibles pour vous \u00e9pauler \u00e0 acqu\u00e9rir ou vendre votre habitation. Notre agence immobili\u00e8re \u00e0 Neuch\u00e2tel propose une large gamme de services [&hellip;]\" \/>\n<meta property=\"og:url\" content=\"https:\/\/www.immobilierlocal.ch\/c\/agence-immobiliere-a-neuchatel-vente-achat-location-dune-propriete-immobiliere\/\" \/>\n<meta property=\"og:site_name\" content=\"Immobilierlocal\" \/>\n<meta property=\"article:modified_time\" content=\"2026-02-09T10:42:19+00:00\" \/>\n<meta property=\"og:image\" content=\"https:\/\/www.immobilierlocal.ch\/c\/wp-content\/uploads\/2026\/02\/agence-immobiliere.jpg\" \/>\n\t<meta property=\"og:image:width\" content=\"1920\" \/>\n\t<meta property=\"og:image:height\" content=\"300\" \/>\n\t<meta property=\"og:image:type\" content=\"image\/jpeg\" \/>\n<meta name=\"twitter:card\" content=\"summary_large_image\" \/>\n<meta name=\"twitter:label1\" content=\"Dur\u00e9e de lecture estim\u00e9e\" \/>\n\t<meta name=\"twitter:data1\" content=\"4 minutes\" \/>\n<script type=\"application\/ld+json\" class=\"yoast-schema-graph\">{\"@context\":\"https:\\\/\\\/schema.org\",\"@graph\":[{\"@type\":\"WebPage\",\"@id\":\"https:\\\/\\\/www.immobilierlocal.ch\\\/c\\\/agence-immobiliere-a-neuchatel-vente-achat-location-dune-propriete-immobiliere\\\/\",\"url\":\"https:\\\/\\\/www.immobilierlocal.ch\\\/c\\\/agence-immobiliere-a-neuchatel-vente-achat-location-dune-propriete-immobiliere\\\/\",\"name\":\"Agence immobili\u00e8re \u00e0 Neuch\u00e2tel : vente achat location d'une propri\u00e9t\u00e9 immobili\u00e8re - Immobilierlocal\",\"isPartOf\":{\"@id\":\"https:\\\/\\\/www.immobilierlocal.ch\\\/c\\\/#website\"},\"primaryImageOfPage\":{\"@id\":\"https:\\\/\\\/www.immobilierlocal.ch\\\/c\\\/agence-immobiliere-a-neuchatel-vente-achat-location-dune-propriete-immobiliere\\\/#primaryimage\"},\"image\":{\"@id\":\"https:\\\/\\\/www.immobilierlocal.ch\\\/c\\\/agence-immobiliere-a-neuchatel-vente-achat-location-dune-propriete-immobiliere\\\/#primaryimage\"},\"thumbnailUrl\":\"https:\\\/\\\/www.immobilierlocal.ch\\\/c\\\/wp-content\\\/uploads\\\/2026\\\/02\\\/agence-immobiliere.jpg\",\"datePublished\":\"2024-04-16T15:07:08+00:00\",\"dateModified\":\"2026-02-09T10:42:19+00:00\",\"breadcrumb\":{\"@id\":\"https:\\\/\\\/www.immobilierlocal.ch\\\/c\\\/agence-immobiliere-a-neuchatel-vente-achat-location-dune-propriete-immobiliere\\\/#breadcrumb\"},\"inLanguage\":\"fr-FR\",\"potentialAction\":[{\"@type\":\"ReadAction\",\"target\":[\"https:\\\/\\\/www.immobilierlocal.ch\\\/c\\\/agence-immobiliere-a-neuchatel-vente-achat-location-dune-propriete-immobiliere\\\/\"]}]},{\"@type\":\"ImageObject\",\"inLanguage\":\"fr-FR\",\"@id\":\"https:\\\/\\\/www.immobilierlocal.ch\\\/c\\\/agence-immobiliere-a-neuchatel-vente-achat-location-dune-propriete-immobiliere\\\/#primaryimage\",\"url\":\"https:\\\/\\\/www.immobilierlocal.ch\\\/c\\\/wp-content\\\/uploads\\\/2026\\\/02\\\/agence-immobiliere.jpg\",\"contentUrl\":\"https:\\\/\\\/www.immobilierlocal.ch\\\/c\\\/wp-content\\\/uploads\\\/2026\\\/02\\\/agence-immobiliere.jpg\",\"width\":1920,\"height\":300},{\"@type\":\"BreadcrumbList\",\"@id\":\"https:\\\/\\\/www.immobilierlocal.ch\\\/c\\\/agence-immobiliere-a-neuchatel-vente-achat-location-dune-propriete-immobiliere\\\/#breadcrumb\",\"itemListElement\":[{\"@type\":\"ListItem\",\"position\":1,\"name\":\"Accueil\",\"item\":\"https:\\\/\\\/www.immobilierlocal.ch\\\/c\\\/\"},{\"@type\":\"ListItem\",\"position\":2,\"name\":\"Agence immobili\u00e8re dans le canton de Neuch\u00e2tel\",\"item\":\"https:\\\/\\\/www.immobilierlocal.ch\\\/c\\\/agence-immobiliere-dans-le-canton-de-neuchatel-votre-partenaire-pour-la-location-lachat-et-la-vente-de-biens-immobiliers\\\/\"},{\"@type\":\"ListItem\",\"position\":3,\"name\":\"Agences immobili\u00e8res\",\"item\":\"https:\\\/\\\/www.immobilierlocal.ch\\\/agences\"},{\"@type\":\"ListItem\",\"position\":4,\"name\":\"Agence immobili\u00e8re \u00e0 Neuch\u00e2tel\"}]},{\"@type\":\"WebSite\",\"@id\":\"https:\\\/\\\/www.immobilierlocal.ch\\\/c\\\/#website\",\"url\":\"https:\\\/\\\/www.immobilierlocal.ch\\\/c\\\/\",\"name\":\"Immobilierlocal\",\"description\":\"\",\"publisher\":{\"@id\":\"https:\\\/\\\/www.immobilierlocal.ch\\\/c\\\/#organization\"},\"potentialAction\":[{\"@type\":\"SearchAction\",\"target\":{\"@type\":\"EntryPoint\",\"urlTemplate\":\"https:\\\/\\\/www.immobilierlocal.ch\\\/c\\\/?s={search_term_string}\"},\"query-input\":{\"@type\":\"PropertyValueSpecification\",\"valueRequired\":true,\"valueName\":\"search_term_string\"}}],\"inLanguage\":\"fr-FR\"},{\"@type\":\"Organization\",\"@id\":\"https:\\\/\\\/www.immobilierlocal.ch\\\/c\\\/#organization\",\"name\":\"Immobilierlocal\",\"url\":\"https:\\\/\\\/www.immobilierlocal.ch\\\/c\\\/\",\"logo\":{\"@type\":\"ImageObject\",\"inLanguage\":\"fr-FR\",\"@id\":\"https:\\\/\\\/www.immobilierlocal.ch\\\/c\\\/#\\\/schema\\\/logo\\\/image\\\/\",\"url\":\"https:\\\/\\\/www.immobilierlocal.ch\\\/c\\\/wp-content\\\/uploads\\\/2023\\\/10\\\/logo-immobilierlocal-h.svg\",\"contentUrl\":\"https:\\\/\\\/www.immobilierlocal.ch\\\/c\\\/wp-content\\\/uploads\\\/2023\\\/10\\\/logo-immobilierlocal-h.svg\",\"caption\":\"Immobilierlocal\"},\"image\":{\"@id\":\"https:\\\/\\\/www.immobilierlocal.ch\\\/c\\\/#\\\/schema\\\/logo\\\/image\\\/\"}}]}<\/script>\n<!-- \/ Yoast SEO Premium plugin. -->","yoast_head_json":{"title":"Agence immobili\u00e8re \u00e0 Neuch\u00e2tel : vente achat location d'une propri\u00e9t\u00e9 immobili\u00e8re - Immobilierlocal","robots":{"index":"index","follow":"follow","max-snippet":"max-snippet:-1","max-image-preview":"max-image-preview:large","max-video-preview":"max-video-preview:-1"},"canonical":"https:\/\/www.immobilierlocal.ch\/c\/agence-immobiliere-a-neuchatel-vente-achat-location-dune-propriete-immobiliere\/","og_locale":"fr_FR","og_type":"article","og_title":"Agence immobili\u00e8re \u00e0 Neuch\u00e2tel : vente achat location d'une propri\u00e9t\u00e9 immobili\u00e8re","og_description":"Vous pr\u00e9voyez de vendre, d&rsquo;acheter, de louer une habitation ou un logement \u00e0 Neuch\u00e2tel ? Immobilierlocal est disponible pour vous guider dans votre projet. Implant\u00e9e au centre de la ville, nos experts immobiliers sont disponibles pour vous \u00e9pauler \u00e0 acqu\u00e9rir ou vendre votre habitation. Notre agence immobili\u00e8re \u00e0 Neuch\u00e2tel propose une large gamme de services [&hellip;]","og_url":"https:\/\/www.immobilierlocal.ch\/c\/agence-immobiliere-a-neuchatel-vente-achat-location-dune-propriete-immobiliere\/","og_site_name":"Immobilierlocal","article_modified_time":"2026-02-09T10:42:19+00:00","og_image":[{"width":1920,"height":300,"url":"https:\/\/www.immobilierlocal.ch\/c\/wp-content\/uploads\/2026\/02\/agence-immobiliere.jpg","type":"image\/jpeg"}],"twitter_card":"summary_large_image","twitter_misc":{"Dur\u00e9e de lecture estim\u00e9e":"4 minutes"},"schema":{"@context":"https:\/\/schema.org","@graph":[{"@type":"WebPage","@id":"https:\/\/www.immobilierlocal.ch\/c\/agence-immobiliere-a-neuchatel-vente-achat-location-dune-propriete-immobiliere\/","url":"https:\/\/www.immobilierlocal.ch\/c\/agence-immobiliere-a-neuchatel-vente-achat-location-dune-propriete-immobiliere\/","name":"Agence immobili\u00e8re \u00e0 Neuch\u00e2tel : vente achat location d'une propri\u00e9t\u00e9 immobili\u00e8re - Immobilierlocal","isPartOf":{"@id":"https:\/\/www.immobilierlocal.ch\/c\/#website"},"primaryImageOfPage":{"@id":"https:\/\/www.immobilierlocal.ch\/c\/agence-immobiliere-a-neuchatel-vente-achat-location-dune-propriete-immobiliere\/#primaryimage"},"image":{"@id":"https:\/\/www.immobilierlocal.ch\/c\/agence-immobiliere-a-neuchatel-vente-achat-location-dune-propriete-immobiliere\/#primaryimage"},"thumbnailUrl":"https:\/\/www.immobilierlocal.ch\/c\/wp-content\/uploads\/2026\/02\/agence-immobiliere.jpg","datePublished":"2024-04-16T15:07:08+00:00","dateModified":"2026-02-09T10:42:19+00:00","breadcrumb":{"@id":"https:\/\/www.immobilierlocal.ch\/c\/agence-immobiliere-a-neuchatel-vente-achat-location-dune-propriete-immobiliere\/#breadcrumb"},"inLanguage":"fr-FR","potentialAction":[{"@type":"ReadAction","target":["https:\/\/www.immobilierlocal.ch\/c\/agence-immobiliere-a-neuchatel-vente-achat-location-dune-propriete-immobiliere\/"]}]},{"@type":"ImageObject","inLanguage":"fr-FR","@id":"https:\/\/www.immobilierlocal.ch\/c\/agence-immobiliere-a-neuchatel-vente-achat-location-dune-propriete-immobiliere\/#primaryimage","url":"https:\/\/www.immobilierlocal.ch\/c\/wp-content\/uploads\/2026\/02\/agence-immobiliere.jpg","contentUrl":"https:\/\/www.immobilierlocal.ch\/c\/wp-content\/uploads\/2026\/02\/agence-immobiliere.jpg","width":1920,"height":300},{"@type":"BreadcrumbList","@id":"https:\/\/www.immobilierlocal.ch\/c\/agence-immobiliere-a-neuchatel-vente-achat-location-dune-propriete-immobiliere\/#breadcrumb","itemListElement":[{"@type":"ListItem","position":1,"name":"Accueil","item":"https:\/\/www.immobilierlocal.ch\/c\/"},{"@type":"ListItem","position":2,"name":"Agence immobili\u00e8re dans le canton de Neuch\u00e2tel","item":"https:\/\/www.immobilierlocal.ch\/c\/agence-immobiliere-dans-le-canton-de-neuchatel-votre-partenaire-pour-la-location-lachat-et-la-vente-de-biens-immobiliers\/"},{"@type":"ListItem","position":3,"name":"Agences immobili\u00e8res","item":"https:\/\/www.immobilierlocal.ch\/agences"},{"@type":"ListItem","position":4,"name":"Agence immobili\u00e8re \u00e0 Neuch\u00e2tel"}]},{"@type":"WebSite","@id":"https:\/\/www.immobilierlocal.ch\/c\/#website","url":"https:\/\/www.immobilierlocal.ch\/c\/","name":"Immobilierlocal","description":"","publisher":{"@id":"https:\/\/www.immobilierlocal.ch\/c\/#organization"},"potentialAction":[{"@type":"SearchAction","target":{"@type":"EntryPoint","urlTemplate":"https:\/\/www.immobilierlocal.ch\/c\/?s={search_term_string}"},"query-input":{"@type":"PropertyValueSpecification","valueRequired":true,"valueName":"search_term_string"}}],"inLanguage":"fr-FR"},{"@type":"Organization","@id":"https:\/\/www.immobilierlocal.ch\/c\/#organization","name":"Immobilierlocal","url":"https:\/\/www.immobilierlocal.ch\/c\/","logo":{"@type":"ImageObject","inLanguage":"fr-FR","@id":"https:\/\/www.immobilierlocal.ch\/c\/#\/schema\/logo\/image\/","url":"https:\/\/www.immobilierlocal.ch\/c\/wp-content\/uploads\/2023\/10\/logo-immobilierlocal-h.svg","contentUrl":"https:\/\/www.immobilierlocal.ch\/c\/wp-content\/uploads\/2023\/10\/logo-immobilierlocal-h.svg","caption":"Immobilierlocal"},"image":{"@id":"https:\/\/www.immobilierlocal.ch\/c\/#\/schema\/logo\/image\/"}}]}},"_links":{"self":[{"href":"https:\/\/www.immobilierlocal.ch\/c\/wp-json\/wp\/v2\/pages\/2273","targetHints":{"allow":["GET"]}}],"collection":[{"href":"https:\/\/www.immobilierlocal.ch\/c\/wp-json\/wp\/v2\/pages"}],"about":[{"href":"https:\/\/www.immobilierlocal.ch\/c\/wp-json\/wp\/v2\/types\/page"}],"author":[{"embeddable":true,"href":"https:\/\/www.immobilierlocal.ch\/c\/wp-json\/wp\/v2\/users\/3"}],"replies":[{"embeddable":true,"href":"https:\/\/www.immobilierlocal.ch\/c\/wp-json\/wp\/v2\/comments?post=2273"}],"version-history":[{"count":0,"href":"https:\/\/www.immobilierlocal.ch\/c\/wp-json\/wp\/v2\/pages\/2273\/revisions"}],"wp:featuredmedia":[{"embeddable":true,"href":"https:\/\/www.immobilierlocal.ch\/c\/wp-json\/wp\/v2\/media\/2768"}],"wp:attachment":[{"href":"https:\/\/www.immobilierlocal.ch\/c\/wp-json\/wp\/v2\/media?parent=2273"}],"wp:term":[{"taxonomy":"category","embeddable":true,"href":"https:\/\/www.immobilierlocal.ch\/c\/wp-json\/wp\/v2\/categories?post=2273"},{"taxonomy":"profession","embeddable":true,"href":"https:\/\/www.immobilierlocal.ch\/c\/wp-json\/wp\/v2\/profession?post=2273"},{"taxonomy":"location","embeddable":true,"href":"https:\/\/www.immobilierlocal.ch\/c\/wp-json\/wp\/v2\/location?post=2273"},{"taxonomy":"canton","embeddable":true,"href":"https:\/\/www.immobilierlocal.ch\/c\/wp-json\/wp\/v2\/canton?post=2273"}],"curies":[{"name":"wp","href":"https:\/\/api.w.org\/{rel}","templated":true}]}}