
{"id":2270,"date":"2024-04-16T17:07:23","date_gmt":"2024-04-16T15:07:23","guid":{"rendered":"https:\/\/www.immobilierlocal.ch\/c\/?page_id=2270"},"modified":"2026-02-09T11:42:03","modified_gmt":"2026-02-09T10:42:03","slug":"agence-immobiliere-a-villars-sur-glane-achat-vente-location-dun-bien-immobilier","status":"publish","type":"page","link":"https:\/\/www.immobilierlocal.ch\/c\/agence-immobiliere-a-villars-sur-glane-achat-vente-location-dun-bien-immobilier\/","title":{"rendered":"Agence immobili\u00e8re \u00e0 Villars-sur-Gl\u00e2ne : achat vente location d&rsquo;un bien immobilier"},"content":{"rendered":"<p>Vous projetez d&rsquo;acheter, de vendre une habitation ou un studio \u00e0 Villars-sur-Gl\u00e2ne ? Immobilierlocal est disponible et \u00e0 votre \u00e9coute pour vous assister dans votre projet. Nous sommes situ\u00e9s au c\u0153ur du centre de Villars-sur-Gl\u00e2ne, prenez contact avec nous pour trouver la propri\u00e9t\u00e9 de vos r\u00eaves ou c\u00e9der la v\u00f4tre. Notre soci\u00e9t\u00e9 immobili\u00e8re \u00e0 Villars-sur-Gl\u00e2ne offre une vaste gamme de services : pour acqu\u00e9rir, vendre votre r\u00e9sidence, ou votre studio, louer un logement, acheter des locaux, des magasins, pour la g\u00e9rance de vos biens immobiliers, pour de la location de logement temporaire ou g\u00e9rer les immeubles en syndic de copropri\u00e9t\u00e9 et pour les solutions de financement de votre bien immobilier.<\/p>\n\n<div class=\"box\">\n    <h2 class=\"text-dark\">Nous cherchons un <em class=\"text-primary\">Agent immobilier<\/em> dans la r\u00e9gion de <em class=\"text-primary\">Villars-sur-Gl\u00e2ne<\/em>  en exclusivit\u00e9, afin de proposer vos services \u00e0 nos clients propri\u00e9taires.<\/h2>\n    <p>Une opportunit\u00e9 unique pour booster votre activit\u00e9 \u00e0 <strong>Villars-sur-Gl\u00e2ne<\/strong> et aux alentours dans votre domaine (Agent immobilier).<\/p>\n    <p>Nous travaillons en exclusivit\u00e9 avec qu'une soci\u00e9t\u00e9 par m\u00e9tier et par r\u00e9gion. <br>Votre entreprise est pr\u00e9sente sur tous les documents immobiliers. Afin d'\u00eatre mieux vu sur le net, vous \u00eates \u00e9galement visible sur nos deux sites et sur les pages de r\u00e9f\u00e9rencement de votre r\u00e9gion.<\/p>\n    <a href=\"\/contact\" class=\"wp-block-button__link has-accent-background-color has-text-align-center wp-element-button\">R\u00e9server<\/a>\n<\/div>\n<h2>Le march\u00e9 immobilier Villarois se d\u00e9veloppe au-del\u00e0 de sa ville<\/h2>\n<p>Au cours des derni\u00e8res ann\u00e9es, les prix ont connu une augmentation \u00e0 Villars-sur-Gl\u00e2ne, en raison de plusieurs \u00e9l\u00e9ments :<\/p>\n<ul>\n<li>Son emplacement g\u00e9ographique,<\/li>\n<li>le march\u00e9 du travail,<\/li>\n<li>le confort et l&rsquo;\u00e9tat de son environnement.<\/li>\n<\/ul>\n<p>Investir \u00e0 Villars-sur-Gl\u00e2ne est \u00e9galement un choix s\u00fbr, car le besoin de maisons et d&rsquo;appartements \u00e0 louer ou \u00e0 acheter \u00e0 augmenter de fa\u00e7on significative, entra\u00eenant une augmentation des tarifs de l&rsquo;immobilier.<\/p>\n<h3>Pour le prix immobilier moyen au m\u00b2 \u00e0 Villars-sur-Gl\u00e2ne<\/h3>\n<p class=\"estimates-price-immobilier\">Le march\u00e9 immobilier \u00e0 Villars-sur-Gl\u00e2ne affiche un prix moyen de CHF 7'993 \/ m\u00b2 (prix par m\u00e8tre carr\u00e9). Les maisons et les appartements ont un prix moyen respectif de CHF 7'537 \/ m\u00b2 et de CHF 8'449 \/ m\u00b2.<\/p>\n<h3>Pour le montant moyen du loyer \u00e0 Villars-sur-Gl\u00e2ne<\/h3>\n<p class=\"estimates-rent-average\">Les loyers moyens \u00e0 Villars-sur-Gl\u00e2ne sont actuellement de CHF 2'230 pour les appartements, CHF 2'841 pour les maisons.<\/p>\n<p>La p\u00e9nurie de logements sur le march\u00e9 contraint les acqu\u00e9reurs \u00e0 \u00e9largir leur prospection et \u00e0 se tourner vers des villes proches, telles que :<\/p>\nEstavayer-le-Gibloux, Rueyres-St-Laurent, Villarlod, Villarsel-le-Gibloux, Vuisternens-en-Ogoz, Ch\u00e9sopelloz, Corminboeuf, Bourguillon, Marly, Pierrafortscha, Villarsel-sur-Marly, Ferpicloz, Bonnefontaine, Essert FR, Le Mouret, Mont\u00e9vraz, Oberried FR, Z\u00e9nauva, Sen\u00e8des, Posieux, Farvagny-le-Grand, Farvagny-le-Petit, Grenilles, Posat, Corpataux, Magnedens, Rossens FR, Ecuvillens, Ependes FR, Arconciel, Treyvaux, Neyruz FR, Cottens FR, Autigny, Ch\u00e9nens, Lentigny, Prez-vers-Nor\u00e9az, Corserey, Matran, Avry-sur-Matran, Corjolens, Lovens, Onnens FR, Nor\u00e9az, Givisiez, Granges-Paccot, Grolley, Nierlet-les-Bois, Ponthaux, Autafond, Belfaux, Cormagens, Formangueires, La Corbaz, Lossy, Pensier, Barber\u00eache.\n<h2>La position g\u00e9ographique de notre agence immobili\u00e8re \u00e0 Villars-sur-Gl\u00e2ne<\/h2>\n<p>Localis\u00e9e \u00e0 Villars-sur-Gl\u00e2ne notre agence immobili\u00e8re op\u00e8re dans l&rsquo;ensemble des secteurs de la ville.<\/p>\n\n<h2>Pourquoi choisir Immobilierlocal ?<\/h2>\n<p>Notre entreprise, Immobilierlocal, offre une gamme de prestations, entre autres :<\/p>\n<ul>\n<li>La mise en ligne de vos annonces sur notre site web : pour vous donner la possibilit\u00e9 de toucher davantage de monde.<\/li>\n<li>Une vitrine en suisse et sur internet : notre site internet se positionne sur des moteurs de recherches web francophones dans le but d\u2019atteindre plus d\u2019acheteurs et de vendeurs.<\/li>\n<li>Strat\u00e9gie de vente personnalis\u00e9e : chaque propri\u00e9t\u00e9 immobili\u00e8re sur notre site internet b\u00e9n\u00e9ficie d&rsquo;une approche de vente personnalis\u00e9e.<\/li>\n<li>Estimation des prix : nous avons cr\u00e9\u00e9 des outils pour estimer les valeurs des logements.<\/li>\n<li>Vid\u00e9os et photos : nous produisons des vid\u00e9os et des images pour valoriser votre appartement sur le web.<\/li>\n<li>Empreinte \u00e9lectronique : nous mettons \u00e0 disposition la signature des actes par voie \u00e9lectronique afin de vous faciliter la vie.<\/li>\n<li>Service de conciergerie airbnb : nous avons aussi une prestation pour les propri\u00e9taires de logements courte dur\u00e9e.<\/li>\n<li>Administration de propri\u00e9t\u00e9s : nous proposons une assurance de loyers impay\u00e9s.<\/li>\n<\/ul>\n<h2>Une agence immobili\u00e8re qui regroupe des experts<\/h2>\n<p>Tous nos experts sont qualifi\u00e9s, qu&rsquo;ils soient : techniciens, commerciaux et administrateurs. Nos conseillers suivent fr\u00e9quemment des formations afin de maintenir \u00e0 niveau leurs comp\u00e9tences : techniques, juridiques et commerciales \u00e0 jour. De plus, nos commerciaux ont tous aussi acquis une exp\u00e9rience ant\u00e9rieur. Cette exp\u00e9rience, nous permet d\u2019accompagner au mieux nos clients, car votre satisfaction est notre priorit\u00e9.<\/p>\n<h2>\u00c9valuer la valeur de votre bien immobilier \u00e0 Villars-sur-Gl\u00e2ne<\/h2>\n<p>Nous r\u00e9alisons des \u00e9valuations pr\u00e9cises de votre habitation \u00e0 Villars-sur-Gl\u00e2ne, nous tenons compte des caract\u00e9ristiques de votre propri\u00e9t\u00e9, ou encore la popularit\u00e9 de votre secteur. Nous apportons une v\u00e9ritable comp\u00e9tence pour tout ce qui concerne : l&rsquo;acquisition, la vente, les investissements immobiliers, les locations \u00e0 court et long terme, la g\u00e9rance de biens, et aussi pour la direction de votre r\u00e9sidence en copropri\u00e9t\u00e9.<\/p>\n<h2>Un accompagnement sur mesure<\/h2>\n<p>Nous savons que chaque personne a des besoins et demandes sp\u00e9cifiques, c\u2019est pour cela que nous personnalisons nos conseils. Vous souhaitez, vendre ou louer une maison ou un studio dans la zone de Villars-sur-Gl\u00e2ne ? Notre \u00e9quipe d&rsquo;experts vous guide du premier instant aux derni\u00e8res finalisations de votre projet. Vous voulez acheter une nouvelle propri\u00e9t\u00e9 \u00e0 Villars-sur-Gl\u00e2ne ? Nous vous trouvons le meilleur appartement potentiel \u00e0 l&rsquo;aide de notre r\u00e9seau.<\/p>\n<h2>Vous cherchez une soci\u00e9t\u00e9 immobili\u00e8re \u00e0 Villars-sur-Gl\u00e2ne ?<\/h2>\n<p>L&rsquo;agence Immobilierlocal est situ\u00e9e au centre-ville de Villars-sur-Gl\u00e2ne. Nos consultants vous \u00e9coutent et sont d\u00e9termin\u00e9s \u00e0 vous aider dans votre projet. Notre soci\u00e9t\u00e9 est chevronn\u00e9e dans la vente, l&rsquo;acquisition et la gestion de propri\u00e9t\u00e9s.<\/p>\n","protected":false},"excerpt":{"rendered":"<p>Vous projetez d&rsquo;acheter, de vendre une habitation ou un studio \u00e0 Villars-sur-Gl\u00e2ne ? Immobilierlocal est disponible et \u00e0 votre \u00e9coute pour vous assister dans votre projet. Nous sommes situ\u00e9s au c\u0153ur du centre de Villars-sur-Gl\u00e2ne, prenez contact avec nous pour trouver la propri\u00e9t\u00e9 de vos r\u00eaves ou c\u00e9der la v\u00f4tre. Notre soci\u00e9t\u00e9 immobili\u00e8re \u00e0 Villars-sur-Gl\u00e2ne [&hellip;]<\/p>\n","protected":false},"author":3,"featured_media":2768,"parent":0,"menu_order":0,"comment_status":"closed","ping_status":"closed","template":"wp-custom-template-page-agent","meta":{"footnotes":""},"categories":[89],"profession":[92],"location":[47],"canton":[76],"class_list":["post-2270","page","type-page","status-publish","has-post-thumbnail","hentry","category-agence","profession-agent-immobilier"],"yoast_head":"<!-- This site is optimized with the Yoast SEO Premium plugin v23.0 (Yoast SEO v27.4) - https:\/\/yoast.com\/product\/yoast-seo-premium-wordpress\/ -->\n<title>Agence immobili\u00e8re \u00e0 Villars-sur-Gl\u00e2ne : achat vente location d&#039;un bien immobilier - Immobilierlocal<\/title>\n<meta name=\"robots\" content=\"index, follow, max-snippet:-1, max-image-preview:large, max-video-preview:-1\" \/>\n<link rel=\"canonical\" href=\"https:\/\/www.immobilierlocal.ch\/c\/agence-immobiliere-a-villars-sur-glane-achat-vente-location-dun-bien-immobilier\/\" \/>\n<meta property=\"og:locale\" content=\"fr_FR\" \/>\n<meta property=\"og:type\" content=\"article\" \/>\n<meta property=\"og:title\" content=\"Agence immobili\u00e8re \u00e0 Villars-sur-Gl\u00e2ne : achat vente location d&#039;un bien immobilier\" \/>\n<meta property=\"og:description\" content=\"Vous projetez d&rsquo;acheter, de vendre une habitation ou un studio \u00e0 Villars-sur-Gl\u00e2ne ? Immobilierlocal est disponible et \u00e0 votre \u00e9coute pour vous assister dans votre projet. Nous sommes situ\u00e9s au c\u0153ur du centre de Villars-sur-Gl\u00e2ne, prenez contact avec nous pour trouver la propri\u00e9t\u00e9 de vos r\u00eaves ou c\u00e9der la v\u00f4tre. Notre soci\u00e9t\u00e9 immobili\u00e8re \u00e0 Villars-sur-Gl\u00e2ne [&hellip;]\" \/>\n<meta property=\"og:url\" content=\"https:\/\/www.immobilierlocal.ch\/c\/agence-immobiliere-a-villars-sur-glane-achat-vente-location-dun-bien-immobilier\/\" \/>\n<meta property=\"og:site_name\" content=\"Immobilierlocal\" \/>\n<meta property=\"article:modified_time\" content=\"2026-02-09T10:42:03+00:00\" \/>\n<meta property=\"og:image\" content=\"https:\/\/www.immobilierlocal.ch\/c\/wp-content\/uploads\/2026\/02\/agence-immobiliere.jpg\" \/>\n\t<meta property=\"og:image:width\" content=\"1920\" \/>\n\t<meta property=\"og:image:height\" content=\"300\" \/>\n\t<meta property=\"og:image:type\" content=\"image\/jpeg\" \/>\n<meta name=\"twitter:card\" content=\"summary_large_image\" \/>\n<meta name=\"twitter:label1\" content=\"Dur\u00e9e de lecture estim\u00e9e\" \/>\n\t<meta name=\"twitter:data1\" content=\"4 minutes\" \/>\n<script type=\"application\/ld+json\" class=\"yoast-schema-graph\">{\"@context\":\"https:\\\/\\\/schema.org\",\"@graph\":[{\"@type\":\"WebPage\",\"@id\":\"https:\\\/\\\/www.immobilierlocal.ch\\\/c\\\/agence-immobiliere-a-villars-sur-glane-achat-vente-location-dun-bien-immobilier\\\/\",\"url\":\"https:\\\/\\\/www.immobilierlocal.ch\\\/c\\\/agence-immobiliere-a-villars-sur-glane-achat-vente-location-dun-bien-immobilier\\\/\",\"name\":\"Agence immobili\u00e8re \u00e0 Villars-sur-Gl\u00e2ne : achat vente location d'un bien immobilier - Immobilierlocal\",\"isPartOf\":{\"@id\":\"https:\\\/\\\/www.immobilierlocal.ch\\\/c\\\/#website\"},\"primaryImageOfPage\":{\"@id\":\"https:\\\/\\\/www.immobilierlocal.ch\\\/c\\\/agence-immobiliere-a-villars-sur-glane-achat-vente-location-dun-bien-immobilier\\\/#primaryimage\"},\"image\":{\"@id\":\"https:\\\/\\\/www.immobilierlocal.ch\\\/c\\\/agence-immobiliere-a-villars-sur-glane-achat-vente-location-dun-bien-immobilier\\\/#primaryimage\"},\"thumbnailUrl\":\"https:\\\/\\\/www.immobilierlocal.ch\\\/c\\\/wp-content\\\/uploads\\\/2026\\\/02\\\/agence-immobiliere.jpg\",\"datePublished\":\"2024-04-16T15:07:23+00:00\",\"dateModified\":\"2026-02-09T10:42:03+00:00\",\"breadcrumb\":{\"@id\":\"https:\\\/\\\/www.immobilierlocal.ch\\\/c\\\/agence-immobiliere-a-villars-sur-glane-achat-vente-location-dun-bien-immobilier\\\/#breadcrumb\"},\"inLanguage\":\"fr-FR\",\"potentialAction\":[{\"@type\":\"ReadAction\",\"target\":[\"https:\\\/\\\/www.immobilierlocal.ch\\\/c\\\/agence-immobiliere-a-villars-sur-glane-achat-vente-location-dun-bien-immobilier\\\/\"]}]},{\"@type\":\"ImageObject\",\"inLanguage\":\"fr-FR\",\"@id\":\"https:\\\/\\\/www.immobilierlocal.ch\\\/c\\\/agence-immobiliere-a-villars-sur-glane-achat-vente-location-dun-bien-immobilier\\\/#primaryimage\",\"url\":\"https:\\\/\\\/www.immobilierlocal.ch\\\/c\\\/wp-content\\\/uploads\\\/2026\\\/02\\\/agence-immobiliere.jpg\",\"contentUrl\":\"https:\\\/\\\/www.immobilierlocal.ch\\\/c\\\/wp-content\\\/uploads\\\/2026\\\/02\\\/agence-immobiliere.jpg\",\"width\":1920,\"height\":300},{\"@type\":\"BreadcrumbList\",\"@id\":\"https:\\\/\\\/www.immobilierlocal.ch\\\/c\\\/agence-immobiliere-a-villars-sur-glane-achat-vente-location-dun-bien-immobilier\\\/#breadcrumb\",\"itemListElement\":[{\"@type\":\"ListItem\",\"position\":1,\"name\":\"Accueil\",\"item\":\"https:\\\/\\\/www.immobilierlocal.ch\\\/c\\\/\"},{\"@type\":\"ListItem\",\"position\":2,\"name\":\"Agence immobili\u00e8re dans le canton de Fribourg\",\"item\":\"https:\\\/\\\/www.immobilierlocal.ch\\\/c\\\/agence-immobiliere-dans-le-canton-de-fribourg-expert-en-transactions-immobilieres-et-locations-de-biens-immobiliers\\\/\"},{\"@type\":\"ListItem\",\"position\":3,\"name\":\"Agences immobili\u00e8res\",\"item\":\"https:\\\/\\\/www.immobilierlocal.ch\\\/agences\"},{\"@type\":\"ListItem\",\"position\":4,\"name\":\"Agence immobili\u00e8re \u00e0 Villars-sur-Gl\u00e2ne\"}]},{\"@type\":\"WebSite\",\"@id\":\"https:\\\/\\\/www.immobilierlocal.ch\\\/c\\\/#website\",\"url\":\"https:\\\/\\\/www.immobilierlocal.ch\\\/c\\\/\",\"name\":\"Immobilierlocal\",\"description\":\"\",\"publisher\":{\"@id\":\"https:\\\/\\\/www.immobilierlocal.ch\\\/c\\\/#organization\"},\"potentialAction\":[{\"@type\":\"SearchAction\",\"target\":{\"@type\":\"EntryPoint\",\"urlTemplate\":\"https:\\\/\\\/www.immobilierlocal.ch\\\/c\\\/?s={search_term_string}\"},\"query-input\":{\"@type\":\"PropertyValueSpecification\",\"valueRequired\":true,\"valueName\":\"search_term_string\"}}],\"inLanguage\":\"fr-FR\"},{\"@type\":\"Organization\",\"@id\":\"https:\\\/\\\/www.immobilierlocal.ch\\\/c\\\/#organization\",\"name\":\"Immobilierlocal\",\"url\":\"https:\\\/\\\/www.immobilierlocal.ch\\\/c\\\/\",\"logo\":{\"@type\":\"ImageObject\",\"inLanguage\":\"fr-FR\",\"@id\":\"https:\\\/\\\/www.immobilierlocal.ch\\\/c\\\/#\\\/schema\\\/logo\\\/image\\\/\",\"url\":\"https:\\\/\\\/www.immobilierlocal.ch\\\/c\\\/wp-content\\\/uploads\\\/2023\\\/10\\\/logo-immobilierlocal-h.svg\",\"contentUrl\":\"https:\\\/\\\/www.immobilierlocal.ch\\\/c\\\/wp-content\\\/uploads\\\/2023\\\/10\\\/logo-immobilierlocal-h.svg\",\"caption\":\"Immobilierlocal\"},\"image\":{\"@id\":\"https:\\\/\\\/www.immobilierlocal.ch\\\/c\\\/#\\\/schema\\\/logo\\\/image\\\/\"}}]}<\/script>\n<!-- \/ Yoast SEO Premium plugin. -->","yoast_head_json":{"title":"Agence immobili\u00e8re \u00e0 Villars-sur-Gl\u00e2ne : achat vente location d'un bien immobilier - Immobilierlocal","robots":{"index":"index","follow":"follow","max-snippet":"max-snippet:-1","max-image-preview":"max-image-preview:large","max-video-preview":"max-video-preview:-1"},"canonical":"https:\/\/www.immobilierlocal.ch\/c\/agence-immobiliere-a-villars-sur-glane-achat-vente-location-dun-bien-immobilier\/","og_locale":"fr_FR","og_type":"article","og_title":"Agence immobili\u00e8re \u00e0 Villars-sur-Gl\u00e2ne : achat vente location d'un bien immobilier","og_description":"Vous projetez d&rsquo;acheter, de vendre une habitation ou un studio \u00e0 Villars-sur-Gl\u00e2ne ? Immobilierlocal est disponible et \u00e0 votre \u00e9coute pour vous assister dans votre projet. Nous sommes situ\u00e9s au c\u0153ur du centre de Villars-sur-Gl\u00e2ne, prenez contact avec nous pour trouver la propri\u00e9t\u00e9 de vos r\u00eaves ou c\u00e9der la v\u00f4tre. Notre soci\u00e9t\u00e9 immobili\u00e8re \u00e0 Villars-sur-Gl\u00e2ne [&hellip;]","og_url":"https:\/\/www.immobilierlocal.ch\/c\/agence-immobiliere-a-villars-sur-glane-achat-vente-location-dun-bien-immobilier\/","og_site_name":"Immobilierlocal","article_modified_time":"2026-02-09T10:42:03+00:00","og_image":[{"width":1920,"height":300,"url":"https:\/\/www.immobilierlocal.ch\/c\/wp-content\/uploads\/2026\/02\/agence-immobiliere.jpg","type":"image\/jpeg"}],"twitter_card":"summary_large_image","twitter_misc":{"Dur\u00e9e de lecture estim\u00e9e":"4 minutes"},"schema":{"@context":"https:\/\/schema.org","@graph":[{"@type":"WebPage","@id":"https:\/\/www.immobilierlocal.ch\/c\/agence-immobiliere-a-villars-sur-glane-achat-vente-location-dun-bien-immobilier\/","url":"https:\/\/www.immobilierlocal.ch\/c\/agence-immobiliere-a-villars-sur-glane-achat-vente-location-dun-bien-immobilier\/","name":"Agence immobili\u00e8re \u00e0 Villars-sur-Gl\u00e2ne : achat vente location d'un bien immobilier - Immobilierlocal","isPartOf":{"@id":"https:\/\/www.immobilierlocal.ch\/c\/#website"},"primaryImageOfPage":{"@id":"https:\/\/www.immobilierlocal.ch\/c\/agence-immobiliere-a-villars-sur-glane-achat-vente-location-dun-bien-immobilier\/#primaryimage"},"image":{"@id":"https:\/\/www.immobilierlocal.ch\/c\/agence-immobiliere-a-villars-sur-glane-achat-vente-location-dun-bien-immobilier\/#primaryimage"},"thumbnailUrl":"https:\/\/www.immobilierlocal.ch\/c\/wp-content\/uploads\/2026\/02\/agence-immobiliere.jpg","datePublished":"2024-04-16T15:07:23+00:00","dateModified":"2026-02-09T10:42:03+00:00","breadcrumb":{"@id":"https:\/\/www.immobilierlocal.ch\/c\/agence-immobiliere-a-villars-sur-glane-achat-vente-location-dun-bien-immobilier\/#breadcrumb"},"inLanguage":"fr-FR","potentialAction":[{"@type":"ReadAction","target":["https:\/\/www.immobilierlocal.ch\/c\/agence-immobiliere-a-villars-sur-glane-achat-vente-location-dun-bien-immobilier\/"]}]},{"@type":"ImageObject","inLanguage":"fr-FR","@id":"https:\/\/www.immobilierlocal.ch\/c\/agence-immobiliere-a-villars-sur-glane-achat-vente-location-dun-bien-immobilier\/#primaryimage","url":"https:\/\/www.immobilierlocal.ch\/c\/wp-content\/uploads\/2026\/02\/agence-immobiliere.jpg","contentUrl":"https:\/\/www.immobilierlocal.ch\/c\/wp-content\/uploads\/2026\/02\/agence-immobiliere.jpg","width":1920,"height":300},{"@type":"BreadcrumbList","@id":"https:\/\/www.immobilierlocal.ch\/c\/agence-immobiliere-a-villars-sur-glane-achat-vente-location-dun-bien-immobilier\/#breadcrumb","itemListElement":[{"@type":"ListItem","position":1,"name":"Accueil","item":"https:\/\/www.immobilierlocal.ch\/c\/"},{"@type":"ListItem","position":2,"name":"Agence immobili\u00e8re dans le canton de Fribourg","item":"https:\/\/www.immobilierlocal.ch\/c\/agence-immobiliere-dans-le-canton-de-fribourg-expert-en-transactions-immobilieres-et-locations-de-biens-immobiliers\/"},{"@type":"ListItem","position":3,"name":"Agences immobili\u00e8res","item":"https:\/\/www.immobilierlocal.ch\/agences"},{"@type":"ListItem","position":4,"name":"Agence immobili\u00e8re \u00e0 Villars-sur-Gl\u00e2ne"}]},{"@type":"WebSite","@id":"https:\/\/www.immobilierlocal.ch\/c\/#website","url":"https:\/\/www.immobilierlocal.ch\/c\/","name":"Immobilierlocal","description":"","publisher":{"@id":"https:\/\/www.immobilierlocal.ch\/c\/#organization"},"potentialAction":[{"@type":"SearchAction","target":{"@type":"EntryPoint","urlTemplate":"https:\/\/www.immobilierlocal.ch\/c\/?s={search_term_string}"},"query-input":{"@type":"PropertyValueSpecification","valueRequired":true,"valueName":"search_term_string"}}],"inLanguage":"fr-FR"},{"@type":"Organization","@id":"https:\/\/www.immobilierlocal.ch\/c\/#organization","name":"Immobilierlocal","url":"https:\/\/www.immobilierlocal.ch\/c\/","logo":{"@type":"ImageObject","inLanguage":"fr-FR","@id":"https:\/\/www.immobilierlocal.ch\/c\/#\/schema\/logo\/image\/","url":"https:\/\/www.immobilierlocal.ch\/c\/wp-content\/uploads\/2023\/10\/logo-immobilierlocal-h.svg","contentUrl":"https:\/\/www.immobilierlocal.ch\/c\/wp-content\/uploads\/2023\/10\/logo-immobilierlocal-h.svg","caption":"Immobilierlocal"},"image":{"@id":"https:\/\/www.immobilierlocal.ch\/c\/#\/schema\/logo\/image\/"}}]}},"_links":{"self":[{"href":"https:\/\/www.immobilierlocal.ch\/c\/wp-json\/wp\/v2\/pages\/2270","targetHints":{"allow":["GET"]}}],"collection":[{"href":"https:\/\/www.immobilierlocal.ch\/c\/wp-json\/wp\/v2\/pages"}],"about":[{"href":"https:\/\/www.immobilierlocal.ch\/c\/wp-json\/wp\/v2\/types\/page"}],"author":[{"embeddable":true,"href":"https:\/\/www.immobilierlocal.ch\/c\/wp-json\/wp\/v2\/users\/3"}],"replies":[{"embeddable":true,"href":"https:\/\/www.immobilierlocal.ch\/c\/wp-json\/wp\/v2\/comments?post=2270"}],"version-history":[{"count":0,"href":"https:\/\/www.immobilierlocal.ch\/c\/wp-json\/wp\/v2\/pages\/2270\/revisions"}],"wp:featuredmedia":[{"embeddable":true,"href":"https:\/\/www.immobilierlocal.ch\/c\/wp-json\/wp\/v2\/media\/2768"}],"wp:attachment":[{"href":"https:\/\/www.immobilierlocal.ch\/c\/wp-json\/wp\/v2\/media?parent=2270"}],"wp:term":[{"taxonomy":"category","embeddable":true,"href":"https:\/\/www.immobilierlocal.ch\/c\/wp-json\/wp\/v2\/categories?post=2270"},{"taxonomy":"profession","embeddable":true,"href":"https:\/\/www.immobilierlocal.ch\/c\/wp-json\/wp\/v2\/profession?post=2270"},{"taxonomy":"location","embeddable":true,"href":"https:\/\/www.immobilierlocal.ch\/c\/wp-json\/wp\/v2\/location?post=2270"},{"taxonomy":"canton","embeddable":true,"href":"https:\/\/www.immobilierlocal.ch\/c\/wp-json\/wp\/v2\/canton?post=2270"}],"curies":[{"name":"wp","href":"https:\/\/api.w.org\/{rel}","templated":true}]}}