
{"id":2269,"date":"2024-04-16T17:06:56","date_gmt":"2024-04-16T15:06:56","guid":{"rendered":"https:\/\/www.immobilierlocal.ch\/c\/?page_id=2269"},"modified":"2026-02-09T11:42:31","modified_gmt":"2026-02-09T10:42:31","slug":"agence-immobiliere-a-fribourg-expert-en-ventes-et-locations-de-biens-immobiliers","status":"publish","type":"page","link":"https:\/\/www.immobilierlocal.ch\/c\/agence-immobiliere-a-fribourg-expert-en-ventes-et-locations-de-biens-immobiliers\/","title":{"rendered":"Agence immobili\u00e8re \u00e0 Fribourg : expert en ventes et locations de biens immobiliers"},"content":{"rendered":"<p>Pr\u00e9voyez-vous l&rsquo;achat ou la vente d&rsquo;un logement ou d&rsquo;un appartement situ\u00e9 \u00e0 Fribourg ? \u00c0 Fribourg, l&rsquo;agence Immobilierlocal offre des accompagnements individualis\u00e9s. \u00c9tabli au centre de la ville, nos commerciaux sont disponibles pour vous aider \u00e0 acqu\u00e9rir ou vendre votre logement. \u00c0 Fribourg, notre soci\u00e9t\u00e9 offre des services pour : l&rsquo;achat, la vente, la mise en location de r\u00e9sidences, d&rsquo;appartements, de magasins de proximit\u00e9s, de locaux, nous proposons aussi la g\u00e9rance de vos propri\u00e9t\u00e9s, la gestion locative de vos h\u00e9bergements Airbnb, la gestion de biens en copropri\u00e9t\u00e9 ou encore pour trouver une solution de pr\u00eat de votre futur propri\u00e9t\u00e9.<\/p>\n\n<div class=\"box\">\n    <h2 class=\"text-dark\">Nous cherchons un <em class=\"text-primary\">Agent immobilier<\/em> dans la r\u00e9gion de <em class=\"text-primary\">Fribourg<\/em>  en exclusivit\u00e9, afin de proposer vos services \u00e0 nos clients propri\u00e9taires.<\/h2>\n    <p>Une opportunit\u00e9 unique pour booster votre activit\u00e9 \u00e0 <strong>Fribourg<\/strong> et aux alentours dans votre domaine (Agent immobilier).<\/p>\n    <p>Nous travaillons en exclusivit\u00e9 avec qu'une soci\u00e9t\u00e9 par m\u00e9tier et par r\u00e9gion. <br>Votre entreprise est pr\u00e9sente sur tous les documents immobiliers. Afin d'\u00eatre mieux vu sur le net, vous \u00eates \u00e9galement visible sur nos deux sites et sur les pages de r\u00e9f\u00e9rencement de votre r\u00e9gion.<\/p>\n    <a href=\"\/contact\" class=\"wp-block-button__link has-accent-background-color has-text-align-center wp-element-button\">R\u00e9server<\/a>\n<\/div>\n<h2>Le march\u00e9 immobilier Fribourgeois s&rsquo;\u00e9tend en dehors de sa ville<\/h2>\n<p>R\u00e9cemment, les tarifs ont connu une augmentation \u00e0 Fribourg, en raison de nombreux facteurs :<\/p>\n<ul>\n<li>Sa situation g\u00e9ographique,<\/li>\n<li>l&rsquo;attractivit\u00e9 \u00e9conomique,<\/li>\n<li>la qualit\u00e9 de son lieu de vie.<\/li>\n<\/ul>\n<p>Acheter un appartement \u00e0 Fribourg est aussi un investissement s\u00fbr, \u00e9tant donn\u00e9 que la demande d&rsquo;achats et de locations a connu une forte demande, provoquant une hausse des prix.<\/p>\n<h3>Pour le co\u00fbt moyen par m\u00e8tre carr\u00e9 des logements \u00e0 Fribourg<\/h3>\n<p class=\"estimates-price-immobilier\">Le march\u00e9 immobilier \u00e0 Fribourg affiche un prix moyen de CHF 9'212 \/ m\u00b2 (prix par m\u00e8tre carr\u00e9). Les maisons et les appartements ont un prix moyen respectif de CHF 8'845 \/ m\u00b2 et de CHF 9'579 \/ m\u00b2.<\/p>\n<h3>Pour le loyer moyen \u00e0 Fribourg<\/h3>\n<p class=\"estimates-rent-average\">Les loyers moyens \u00e0 Fribourg sont actuellement de CHF 2'446 pour les appartements, CHF 2'972 pour les maisons.<\/p>\n<p>La p\u00e9nurie des biens immobiliers disponibles \u00e0 la vente conduis de plus en plus d&rsquo;acheteurs \u00e0 s&rsquo;\u00e9carter de Fribourg et \u00e0 porter leur int\u00e9r\u00eat dans les villes proches, comme :<\/p>\n.\n<h2>La position g\u00e9ographique de notre agence immobili\u00e8re \u00e0 Fribourg<\/h2>\n<p>Localis\u00e9e \u00e0 Fribourg notre agence intervient dans dans tous les lieus de la ville.<\/p>\n\n<h2>Pourquoi choisir Immobilierlocal ?<\/h2>\n<p>Notre entreprise, Immobilierlocal, propose une gamme de prestations, notamment :<\/p>\n<ul>\n<li>La mise en ligne de vos annonces sur notre site : pour vous permettre de toucher plus de monde.<\/li>\n<li>Une vitrine en suisse et sur internet : notre site web est r\u00e9f\u00e9renc\u00e9 sur des moteurs de recherches francophones afin de toucher plus de vendeurs, de propri\u00e9taires et d&rsquo;acheteurs.<\/li>\n<li>Commercialisation personnalis\u00e9e : chaque propri\u00e9t\u00e9 immobili\u00e8re sur notre site profite d&rsquo;une strat\u00e9gie de vente sur mesure.<\/li>\n<li>\u00c9valuation des prix en ligne : nous avons mis au point une application web pour d\u00e9terminer les prix de vente des logements \u00e0 Fribourg.<\/li>\n<li>Vid\u00e9o et photographies : nous effectuons la prise des photos et des vid\u00e9os dans le but de mettre en valeur votre r\u00e9sidence.<\/li>\n<li>Signature num\u00e9rique : nous offrons la possibilit\u00e9 de sign\u00e9 num\u00e9riquement vos papiers en ligne.<\/li>\n<li>Conciergerie : nous avons aussi un service de conciergerie airbnb.<\/li>\n<li>Gestion de propri\u00e9t\u00e9s : nous proposons une garantie de non-paiement des loyers.<\/li>\n<\/ul>\n<h2>Une agence immobili\u00e8re compos\u00e9e de professionnels<\/h2>\n<p>Les conseillers de notre agence sont qualifi\u00e9s, qu&rsquo;il s&rsquo;agisse de professionnels de la vente ou de gestionnaires. Nos conseillers suivent fr\u00e9quemment des formations afin de maintenir leurs connaissances techniques, juridiques et commerciales \u00e0 jour. Chaque commercial de notre entreprise a une grande exp\u00e9rience dans le secteur de l&rsquo;immobilier. Les comp\u00e9tences gagn\u00e9es nous permettent d&rsquo;accompagner au maximum nos clients.<\/p>\n<h2>\u00c9valuer un bien \u00e0 Fribourg<\/h2>\n<p>Vous \u00eates un Fribourgeois, notre soci\u00e9t\u00e9 immobili\u00e8re effectue des estimations immobili\u00e8res d\u00e9taill\u00e9es de votre habitation en tenant compte des particularit\u00e9s de votre appartement comme votre secteur. Immobilierlocal offre \u00e0 ses clients, les services, comme : l&rsquo;administration de vos logements locatifs, l&rsquo;achat, la vente, les placements immobiliers, la gestion des locations temporaires et la gestion du syndic.<\/p>\n<h2>Des conseils immobiliers personnalis\u00e9s<\/h2>\n<p>Nous comprenons que chaque personne est unique, c\u2019est pour cela que nous personnalisons notre accompagnement. Si vous avez besoin d\u2019acheter ou de louer une maison ou un studio dans la zone de Fribourg, les consultants de notre agence se tiennent \u00e0 votre service pour toutes les \u00e9tapes de votre projet. Vous souhaitez acqu\u00e9rir une nouvelle habitation \u00e0 Fribourg ? Nous vous trouvons le meilleur appartement possible \u00e0 l&rsquo;aide de notre r\u00e9seau.<\/p>\n<h2>Vous avez besoin d&rsquo;une agence immobili\u00e8re \u00e0 Fribourg ?<\/h2>\n<p>Notre agence Immobilierlocal est situ\u00e9e au c\u0153ur Fribourg. Nos experts vous accueillent et sont toujours d\u00e9termin\u00e9s \u00e0 vous aider dans votre projet. Notre agence est chevronn\u00e9e dans la vente, l&rsquo;acquisition et la gestion de propri\u00e9t\u00e9s.<\/p>\n","protected":false},"excerpt":{"rendered":"<p>Pr\u00e9voyez-vous l&rsquo;achat ou la vente d&rsquo;un logement ou d&rsquo;un appartement situ\u00e9 \u00e0 Fribourg ? \u00c0 Fribourg, l&rsquo;agence Immobilierlocal offre des accompagnements individualis\u00e9s. \u00c9tabli au centre de la ville, nos commerciaux sont disponibles pour vous aider \u00e0 acqu\u00e9rir ou vendre votre logement. \u00c0 Fribourg, notre soci\u00e9t\u00e9 offre des services pour : l&rsquo;achat, la vente, la mise [&hellip;]<\/p>\n","protected":false},"author":3,"featured_media":2768,"parent":0,"menu_order":0,"comment_status":"closed","ping_status":"closed","template":"wp-custom-template-page-agent","meta":{"footnotes":""},"categories":[89],"profession":[92],"location":[46],"canton":[76],"class_list":["post-2269","page","type-page","status-publish","has-post-thumbnail","hentry","category-agence","profession-agent-immobilier"],"yoast_head":"<!-- This site is optimized with the Yoast SEO Premium plugin v23.0 (Yoast SEO v27.4) - https:\/\/yoast.com\/product\/yoast-seo-premium-wordpress\/ -->\n<title>Agence immobili\u00e8re \u00e0 Fribourg : expert en ventes et locations de biens immobiliers - Immobilierlocal<\/title>\n<meta name=\"robots\" content=\"index, follow, max-snippet:-1, max-image-preview:large, max-video-preview:-1\" \/>\n<link rel=\"canonical\" href=\"https:\/\/www.immobilierlocal.ch\/c\/agence-immobiliere-a-fribourg-expert-en-ventes-et-locations-de-biens-immobiliers\/\" \/>\n<meta property=\"og:locale\" content=\"fr_FR\" \/>\n<meta property=\"og:type\" content=\"article\" \/>\n<meta property=\"og:title\" content=\"Agence immobili\u00e8re \u00e0 Fribourg : expert en ventes et locations de biens immobiliers\" \/>\n<meta property=\"og:description\" content=\"Pr\u00e9voyez-vous l&rsquo;achat ou la vente d&rsquo;un logement ou d&rsquo;un appartement situ\u00e9 \u00e0 Fribourg ? \u00c0 Fribourg, l&rsquo;agence Immobilierlocal offre des accompagnements individualis\u00e9s. \u00c9tabli au centre de la ville, nos commerciaux sont disponibles pour vous aider \u00e0 acqu\u00e9rir ou vendre votre logement. \u00c0 Fribourg, notre soci\u00e9t\u00e9 offre des services pour : l&rsquo;achat, la vente, la mise [&hellip;]\" \/>\n<meta property=\"og:url\" content=\"https:\/\/www.immobilierlocal.ch\/c\/agence-immobiliere-a-fribourg-expert-en-ventes-et-locations-de-biens-immobiliers\/\" \/>\n<meta property=\"og:site_name\" content=\"Immobilierlocal\" \/>\n<meta property=\"article:modified_time\" content=\"2026-02-09T10:42:31+00:00\" \/>\n<meta property=\"og:image\" content=\"https:\/\/www.immobilierlocal.ch\/c\/wp-content\/uploads\/2026\/02\/agence-immobiliere.jpg\" \/>\n\t<meta property=\"og:image:width\" content=\"1920\" \/>\n\t<meta property=\"og:image:height\" content=\"300\" \/>\n\t<meta property=\"og:image:type\" content=\"image\/jpeg\" \/>\n<meta name=\"twitter:card\" content=\"summary_large_image\" \/>\n<meta name=\"twitter:label1\" content=\"Dur\u00e9e de lecture estim\u00e9e\" \/>\n\t<meta name=\"twitter:data1\" content=\"3 minutes\" \/>\n<script type=\"application\/ld+json\" class=\"yoast-schema-graph\">{\"@context\":\"https:\\\/\\\/schema.org\",\"@graph\":[{\"@type\":\"WebPage\",\"@id\":\"https:\\\/\\\/www.immobilierlocal.ch\\\/c\\\/agence-immobiliere-a-fribourg-expert-en-ventes-et-locations-de-biens-immobiliers\\\/\",\"url\":\"https:\\\/\\\/www.immobilierlocal.ch\\\/c\\\/agence-immobiliere-a-fribourg-expert-en-ventes-et-locations-de-biens-immobiliers\\\/\",\"name\":\"Agence immobili\u00e8re \u00e0 Fribourg : expert en ventes et locations de biens immobiliers - Immobilierlocal\",\"isPartOf\":{\"@id\":\"https:\\\/\\\/www.immobilierlocal.ch\\\/c\\\/#website\"},\"primaryImageOfPage\":{\"@id\":\"https:\\\/\\\/www.immobilierlocal.ch\\\/c\\\/agence-immobiliere-a-fribourg-expert-en-ventes-et-locations-de-biens-immobiliers\\\/#primaryimage\"},\"image\":{\"@id\":\"https:\\\/\\\/www.immobilierlocal.ch\\\/c\\\/agence-immobiliere-a-fribourg-expert-en-ventes-et-locations-de-biens-immobiliers\\\/#primaryimage\"},\"thumbnailUrl\":\"https:\\\/\\\/www.immobilierlocal.ch\\\/c\\\/wp-content\\\/uploads\\\/2026\\\/02\\\/agence-immobiliere.jpg\",\"datePublished\":\"2024-04-16T15:06:56+00:00\",\"dateModified\":\"2026-02-09T10:42:31+00:00\",\"breadcrumb\":{\"@id\":\"https:\\\/\\\/www.immobilierlocal.ch\\\/c\\\/agence-immobiliere-a-fribourg-expert-en-ventes-et-locations-de-biens-immobiliers\\\/#breadcrumb\"},\"inLanguage\":\"fr-FR\",\"potentialAction\":[{\"@type\":\"ReadAction\",\"target\":[\"https:\\\/\\\/www.immobilierlocal.ch\\\/c\\\/agence-immobiliere-a-fribourg-expert-en-ventes-et-locations-de-biens-immobiliers\\\/\"]}]},{\"@type\":\"ImageObject\",\"inLanguage\":\"fr-FR\",\"@id\":\"https:\\\/\\\/www.immobilierlocal.ch\\\/c\\\/agence-immobiliere-a-fribourg-expert-en-ventes-et-locations-de-biens-immobiliers\\\/#primaryimage\",\"url\":\"https:\\\/\\\/www.immobilierlocal.ch\\\/c\\\/wp-content\\\/uploads\\\/2026\\\/02\\\/agence-immobiliere.jpg\",\"contentUrl\":\"https:\\\/\\\/www.immobilierlocal.ch\\\/c\\\/wp-content\\\/uploads\\\/2026\\\/02\\\/agence-immobiliere.jpg\",\"width\":1920,\"height\":300},{\"@type\":\"BreadcrumbList\",\"@id\":\"https:\\\/\\\/www.immobilierlocal.ch\\\/c\\\/agence-immobiliere-a-fribourg-expert-en-ventes-et-locations-de-biens-immobiliers\\\/#breadcrumb\",\"itemListElement\":[{\"@type\":\"ListItem\",\"position\":1,\"name\":\"Accueil\",\"item\":\"https:\\\/\\\/www.immobilierlocal.ch\\\/c\\\/\"},{\"@type\":\"ListItem\",\"position\":2,\"name\":\"Agence immobili\u00e8re dans le canton de Fribourg\",\"item\":\"https:\\\/\\\/www.immobilierlocal.ch\\\/c\\\/agence-immobiliere-dans-le-canton-de-fribourg-expert-en-transactions-immobilieres-et-locations-de-biens-immobiliers\\\/\"},{\"@type\":\"ListItem\",\"position\":3,\"name\":\"Agences immobili\u00e8res\",\"item\":\"https:\\\/\\\/www.immobilierlocal.ch\\\/agences\"},{\"@type\":\"ListItem\",\"position\":4,\"name\":\"Agence immobili\u00e8re \u00e0 Fribourg\"}]},{\"@type\":\"WebSite\",\"@id\":\"https:\\\/\\\/www.immobilierlocal.ch\\\/c\\\/#website\",\"url\":\"https:\\\/\\\/www.immobilierlocal.ch\\\/c\\\/\",\"name\":\"Immobilierlocal\",\"description\":\"\",\"publisher\":{\"@id\":\"https:\\\/\\\/www.immobilierlocal.ch\\\/c\\\/#organization\"},\"potentialAction\":[{\"@type\":\"SearchAction\",\"target\":{\"@type\":\"EntryPoint\",\"urlTemplate\":\"https:\\\/\\\/www.immobilierlocal.ch\\\/c\\\/?s={search_term_string}\"},\"query-input\":{\"@type\":\"PropertyValueSpecification\",\"valueRequired\":true,\"valueName\":\"search_term_string\"}}],\"inLanguage\":\"fr-FR\"},{\"@type\":\"Organization\",\"@id\":\"https:\\\/\\\/www.immobilierlocal.ch\\\/c\\\/#organization\",\"name\":\"Immobilierlocal\",\"url\":\"https:\\\/\\\/www.immobilierlocal.ch\\\/c\\\/\",\"logo\":{\"@type\":\"ImageObject\",\"inLanguage\":\"fr-FR\",\"@id\":\"https:\\\/\\\/www.immobilierlocal.ch\\\/c\\\/#\\\/schema\\\/logo\\\/image\\\/\",\"url\":\"https:\\\/\\\/www.immobilierlocal.ch\\\/c\\\/wp-content\\\/uploads\\\/2023\\\/10\\\/logo-immobilierlocal-h.svg\",\"contentUrl\":\"https:\\\/\\\/www.immobilierlocal.ch\\\/c\\\/wp-content\\\/uploads\\\/2023\\\/10\\\/logo-immobilierlocal-h.svg\",\"caption\":\"Immobilierlocal\"},\"image\":{\"@id\":\"https:\\\/\\\/www.immobilierlocal.ch\\\/c\\\/#\\\/schema\\\/logo\\\/image\\\/\"}}]}<\/script>\n<!-- \/ Yoast SEO Premium plugin. -->","yoast_head_json":{"title":"Agence immobili\u00e8re \u00e0 Fribourg : expert en ventes et locations de biens immobiliers - Immobilierlocal","robots":{"index":"index","follow":"follow","max-snippet":"max-snippet:-1","max-image-preview":"max-image-preview:large","max-video-preview":"max-video-preview:-1"},"canonical":"https:\/\/www.immobilierlocal.ch\/c\/agence-immobiliere-a-fribourg-expert-en-ventes-et-locations-de-biens-immobiliers\/","og_locale":"fr_FR","og_type":"article","og_title":"Agence immobili\u00e8re \u00e0 Fribourg : expert en ventes et locations de biens immobiliers","og_description":"Pr\u00e9voyez-vous l&rsquo;achat ou la vente d&rsquo;un logement ou d&rsquo;un appartement situ\u00e9 \u00e0 Fribourg ? \u00c0 Fribourg, l&rsquo;agence Immobilierlocal offre des accompagnements individualis\u00e9s. \u00c9tabli au centre de la ville, nos commerciaux sont disponibles pour vous aider \u00e0 acqu\u00e9rir ou vendre votre logement. \u00c0 Fribourg, notre soci\u00e9t\u00e9 offre des services pour : l&rsquo;achat, la vente, la mise [&hellip;]","og_url":"https:\/\/www.immobilierlocal.ch\/c\/agence-immobiliere-a-fribourg-expert-en-ventes-et-locations-de-biens-immobiliers\/","og_site_name":"Immobilierlocal","article_modified_time":"2026-02-09T10:42:31+00:00","og_image":[{"width":1920,"height":300,"url":"https:\/\/www.immobilierlocal.ch\/c\/wp-content\/uploads\/2026\/02\/agence-immobiliere.jpg","type":"image\/jpeg"}],"twitter_card":"summary_large_image","twitter_misc":{"Dur\u00e9e de lecture estim\u00e9e":"3 minutes"},"schema":{"@context":"https:\/\/schema.org","@graph":[{"@type":"WebPage","@id":"https:\/\/www.immobilierlocal.ch\/c\/agence-immobiliere-a-fribourg-expert-en-ventes-et-locations-de-biens-immobiliers\/","url":"https:\/\/www.immobilierlocal.ch\/c\/agence-immobiliere-a-fribourg-expert-en-ventes-et-locations-de-biens-immobiliers\/","name":"Agence immobili\u00e8re \u00e0 Fribourg : expert en ventes et locations de biens immobiliers - Immobilierlocal","isPartOf":{"@id":"https:\/\/www.immobilierlocal.ch\/c\/#website"},"primaryImageOfPage":{"@id":"https:\/\/www.immobilierlocal.ch\/c\/agence-immobiliere-a-fribourg-expert-en-ventes-et-locations-de-biens-immobiliers\/#primaryimage"},"image":{"@id":"https:\/\/www.immobilierlocal.ch\/c\/agence-immobiliere-a-fribourg-expert-en-ventes-et-locations-de-biens-immobiliers\/#primaryimage"},"thumbnailUrl":"https:\/\/www.immobilierlocal.ch\/c\/wp-content\/uploads\/2026\/02\/agence-immobiliere.jpg","datePublished":"2024-04-16T15:06:56+00:00","dateModified":"2026-02-09T10:42:31+00:00","breadcrumb":{"@id":"https:\/\/www.immobilierlocal.ch\/c\/agence-immobiliere-a-fribourg-expert-en-ventes-et-locations-de-biens-immobiliers\/#breadcrumb"},"inLanguage":"fr-FR","potentialAction":[{"@type":"ReadAction","target":["https:\/\/www.immobilierlocal.ch\/c\/agence-immobiliere-a-fribourg-expert-en-ventes-et-locations-de-biens-immobiliers\/"]}]},{"@type":"ImageObject","inLanguage":"fr-FR","@id":"https:\/\/www.immobilierlocal.ch\/c\/agence-immobiliere-a-fribourg-expert-en-ventes-et-locations-de-biens-immobiliers\/#primaryimage","url":"https:\/\/www.immobilierlocal.ch\/c\/wp-content\/uploads\/2026\/02\/agence-immobiliere.jpg","contentUrl":"https:\/\/www.immobilierlocal.ch\/c\/wp-content\/uploads\/2026\/02\/agence-immobiliere.jpg","width":1920,"height":300},{"@type":"BreadcrumbList","@id":"https:\/\/www.immobilierlocal.ch\/c\/agence-immobiliere-a-fribourg-expert-en-ventes-et-locations-de-biens-immobiliers\/#breadcrumb","itemListElement":[{"@type":"ListItem","position":1,"name":"Accueil","item":"https:\/\/www.immobilierlocal.ch\/c\/"},{"@type":"ListItem","position":2,"name":"Agence immobili\u00e8re dans le canton de Fribourg","item":"https:\/\/www.immobilierlocal.ch\/c\/agence-immobiliere-dans-le-canton-de-fribourg-expert-en-transactions-immobilieres-et-locations-de-biens-immobiliers\/"},{"@type":"ListItem","position":3,"name":"Agences immobili\u00e8res","item":"https:\/\/www.immobilierlocal.ch\/agences"},{"@type":"ListItem","position":4,"name":"Agence immobili\u00e8re \u00e0 Fribourg"}]},{"@type":"WebSite","@id":"https:\/\/www.immobilierlocal.ch\/c\/#website","url":"https:\/\/www.immobilierlocal.ch\/c\/","name":"Immobilierlocal","description":"","publisher":{"@id":"https:\/\/www.immobilierlocal.ch\/c\/#organization"},"potentialAction":[{"@type":"SearchAction","target":{"@type":"EntryPoint","urlTemplate":"https:\/\/www.immobilierlocal.ch\/c\/?s={search_term_string}"},"query-input":{"@type":"PropertyValueSpecification","valueRequired":true,"valueName":"search_term_string"}}],"inLanguage":"fr-FR"},{"@type":"Organization","@id":"https:\/\/www.immobilierlocal.ch\/c\/#organization","name":"Immobilierlocal","url":"https:\/\/www.immobilierlocal.ch\/c\/","logo":{"@type":"ImageObject","inLanguage":"fr-FR","@id":"https:\/\/www.immobilierlocal.ch\/c\/#\/schema\/logo\/image\/","url":"https:\/\/www.immobilierlocal.ch\/c\/wp-content\/uploads\/2023\/10\/logo-immobilierlocal-h.svg","contentUrl":"https:\/\/www.immobilierlocal.ch\/c\/wp-content\/uploads\/2023\/10\/logo-immobilierlocal-h.svg","caption":"Immobilierlocal"},"image":{"@id":"https:\/\/www.immobilierlocal.ch\/c\/#\/schema\/logo\/image\/"}}]}},"_links":{"self":[{"href":"https:\/\/www.immobilierlocal.ch\/c\/wp-json\/wp\/v2\/pages\/2269","targetHints":{"allow":["GET"]}}],"collection":[{"href":"https:\/\/www.immobilierlocal.ch\/c\/wp-json\/wp\/v2\/pages"}],"about":[{"href":"https:\/\/www.immobilierlocal.ch\/c\/wp-json\/wp\/v2\/types\/page"}],"author":[{"embeddable":true,"href":"https:\/\/www.immobilierlocal.ch\/c\/wp-json\/wp\/v2\/users\/3"}],"replies":[{"embeddable":true,"href":"https:\/\/www.immobilierlocal.ch\/c\/wp-json\/wp\/v2\/comments?post=2269"}],"version-history":[{"count":0,"href":"https:\/\/www.immobilierlocal.ch\/c\/wp-json\/wp\/v2\/pages\/2269\/revisions"}],"wp:featuredmedia":[{"embeddable":true,"href":"https:\/\/www.immobilierlocal.ch\/c\/wp-json\/wp\/v2\/media\/2768"}],"wp:attachment":[{"href":"https:\/\/www.immobilierlocal.ch\/c\/wp-json\/wp\/v2\/media?parent=2269"}],"wp:term":[{"taxonomy":"category","embeddable":true,"href":"https:\/\/www.immobilierlocal.ch\/c\/wp-json\/wp\/v2\/categories?post=2269"},{"taxonomy":"profession","embeddable":true,"href":"https:\/\/www.immobilierlocal.ch\/c\/wp-json\/wp\/v2\/profession?post=2269"},{"taxonomy":"location","embeddable":true,"href":"https:\/\/www.immobilierlocal.ch\/c\/wp-json\/wp\/v2\/location?post=2269"},{"taxonomy":"canton","embeddable":true,"href":"https:\/\/www.immobilierlocal.ch\/c\/wp-json\/wp\/v2\/canton?post=2269"}],"curies":[{"name":"wp","href":"https:\/\/api.w.org\/{rel}","templated":true}]}}