
{"id":2265,"date":"2024-04-16T17:07:25","date_gmt":"2024-04-16T15:07:25","guid":{"rendered":"https:\/\/www.immobilierlocal.ch\/c\/?page_id=2265"},"modified":"2026-02-09T11:42:01","modified_gmt":"2026-02-09T10:42:01","slug":"agence-immobiliere-a-vuadens-expert-en-ventes-et-locations-immobilieres","status":"publish","type":"page","link":"https:\/\/www.immobilierlocal.ch\/c\/agence-immobiliere-a-vuadens-expert-en-ventes-et-locations-immobilieres\/","title":{"rendered":"Agence immobili\u00e8re \u00e0 Vuadens : expert en ventes et locations immobili\u00e8res"},"content":{"rendered":"<p>Envisagez-vous l&rsquo;achat ou la vente d&rsquo;un domicile ou d&rsquo;un studio situ\u00e9 \u00e0 Vuadens ? \u00c0 Vuadens, l&rsquo;agence Immobilierlocal offre des accompagnements individualis\u00e9s. Notre entreprise est situ\u00e9e au c\u0153ur du centre de Vuadens, contactez-nous pour acheter la propri\u00e9t\u00e9 de vos r\u00eaves ou c\u00e9der la v\u00f4tre. \u00c0 Vuadens, notre agence offre des prestations pour : l&rsquo;acquisition, la cession, la mise en location de logements, de propri\u00e9t\u00e9s, de commerces de proximit\u00e9s, de locaux, nous proposons aussi la g\u00e9rance de vos propri\u00e9t\u00e9s immobili\u00e8res, la gestion locative de vos logements Airbnb, l&rsquo;administration de copropri\u00e9t\u00e9s ou encore pour trouver une solution de pr\u00eat de votre futur bien.<\/p>\n\r\n<div class=\"box\">\r\n            <div class=\"company-info\">\r\n            <img decoding=\"async\" class=\"company-info__logo\" src=\"https:\/\/www.artisanlocal.ch\/media\/cache\/thumb\/images\/companies\/681090097e1c0652152401.png\" alt=\"Logo\">\r\n            <h2 class=\"company-info__name\">Immo-R SA<\/h2>\r\n            <p class=\"company-info__business\">Agence immobili\u00e8re - Courtage immobilier - Estimation - Accompagnement pour l\u2019achat - Financement - Conseils - R\u00e9gies - Location<\/p>\r\n        <\/div>\r\n        <div class=\"company-contact\">\r\n            <p class=\"company-info__address\">Avenue de la Gare 26, 1618\u00a0Ch\u00e2tel-St-Denis <\/p>\r\n                            <div class=\"links\">\r\n                                            <a class=\"btn has-accent-background-color js-phoneNumber\" href=\"tel:0219483333\" title=\"Appelez\" data-id=\"28332\" data-type=\"11\">021 948 33 33<\/a>\r\n                                                                <a class=\"btn has-accent-background-color\" href=\"https:\/\/www.immo-r.ch\/fr\" target=\"_blank\" title=\"Voir le site internet\" data-id=\"28332\" data-type=\"20\">Site internet<\/a>\r\n                                    <\/div>\r\n                    <\/div>\r\n    \r\n            \n<form action=\"https:\/\/www.immobilierlocal.ch\/c\/wp-admin\/admin-ajax.php\" method=\"post\" class=\"form-contact\" id=\"immobilier_form_contact_company_inline\">\n    <div><input type=\"hidden\" name=\"action\" value=\"company_contact\"><\/div>\n    <div><input type=\"hidden\" name=\"nonce\" value=\"0b5e0bde16\"><\/div>\n    <div><input type=\"hidden\" name=\"company_id\" value=\"28332\"><\/div>\n    <div><input type=\"hidden\" name=\"form_id\" value=\"immobilier_form_contact_company_inline\"><\/div>\n    <div class=\"gglcptch gglcptch_v3 gglcptch_custom\"><input type=\"hidden\" id=\"g-recaptcha-response\" name=\"g-recaptcha-response\" \/><br \/><div class=\"gglcptch_error_text\">La p\u00e9riode de v\u00e9rification reCAPTCHA a expir\u00e9. Veuillez recharger la page.<\/div><\/div>    <div class=\"form-content\">\n        <div class=\"form-group\">\n            <label for=\"contact_firstName\" class=\"required\">Pr\u00e9nom<\/label>\n            <input type=\"text\" name=\"firstName\" class=\"form-control\" required>\n        <\/div>\n        <div class=\"form-group\">\n            <label for=\"contact_lastName\" class=\"required\">Nom<\/label>\n            <input type=\"text\" name=\"lastName\" class=\"form-control\" required>\n        <\/div>\n        <div class=\"form-group\">\n            <label for=\"contact_email\" class=\"required\">Email<\/label>\n            <input type=\"email\" name=\"email\" class=\"form-control\" required>\n        <\/div>\n        <div class=\"form-group\">\n            <label for=\"contact_phone\" class=\"required\">Num\u00e9ro de t\u00e9l\u00e9phone<\/label>\n            <input type=\"tel\" name=\"phone\" class=\"form-control\" placeholder=\"0787117165\" pattern=\"^[0-9]{10}$\" required>\n        <\/div>\n        <div class=\"form-group\">\n            <label for=\"contact_postalCode\" class=\"required\">Code postal et localit\u00e9<\/label>\n            <input type=\"text\" name=\"postalCode\" class=\"form-control\" required>\n        <\/div>\n        <div class=\"form-group\">\n            <label for=\"contact_address\" class=\"required\">Adresse<\/label>\n            <input type=\"text\" name=\"address\" class=\"form-control\" required>\n        <\/div>\n        <div class=\"full-width topic\">\n            <p class=\"required\">Je souhaite \u00eatre contact\u00e9 pour :<\/p>\n            <div class=\"form-check\">\n                <input type=\"radio\" name=\"topic\" value=\"Estimation\" class=\"form-control\" required>\n                <label for=\"estimation\">R\u00e9aliser une estimation<\/label>\n            <\/div>\n            <div class=\"form-check\">\n                <input type=\"radio\" name=\"topic\" value=\"Vente\" class=\"form-control\" required>\n                <label for=\"vente\">R\u00e9aliser une vente<\/label>\n            <\/div>\n            <div class=\"form-check\">\n                <input type=\"radio\" name=\"topic\" value=\"Autre\" class=\"form-control\" required>\n                <label for=\"autre\">Autre<\/label>\n            <\/div>\n        <\/div>\n        <div class=\"form-group full-width\">\n            <label for=\"contact_message\">Message<\/label>\n            <textarea name=\"message\" rows=\"3\" class=\"form-control\"><\/textarea>\n        <\/div>\n    <\/div>\n    <div class=\"form-actions\">\n        <button class=\"wp-block-button__link has-accent-background-color\">Contacter<\/button>\n    <\/div>\n<\/form>\n<div class=\"form-feedback\"><\/div>    <\/div>\n<h2>Le march\u00e9 immobilier Vuadensois s&rsquo;\u00e9tend plus loin que de sa commune<\/h2>\n<p>R\u00e9cemment, les tarifs ont connu une hausse \u00e0 Vuadens, en raison de nombreux facteurs :<\/p>\n<ul>\n<li>Son emplacement g\u00e9ographique,<\/li>\n<li>le secteur de l&#8217;emploi,<\/li>\n<li>le confort et l&rsquo;\u00e9tat de son environnement.<\/li>\n<\/ul>\n<p>Acheter un bien \u00e0 Vuadens est aussi un investissement s\u00fbr, car la demande d&rsquo;achats et de locations a connu une hausse significative, conduisant une flamb\u00e9e des prix.<\/p>\n<h3>Pour le co\u00fbt moyen par m\u00e8tre carr\u00e9 des logements \u00e0 Vuadens<\/h3>\n<p class=\"estimates-price-immobilier\">Le march\u00e9 immobilier \u00e0 Vuadens affiche un prix moyen de CHF 6'874 \/ m\u00b2 (prix par m\u00e8tre carr\u00e9). Les maisons et les appartements ont un prix moyen respectif de CHF 6'873 \/ m\u00b2 et de CHF 6'875 \/ m\u00b2.<\/p>\n<h3>Pour le montant moyen du loyer \u00e0 Vuadens<\/h3>\n<p class=\"estimates-rent-average\">Les loyers moyens \u00e0 Vuadens sont actuellement de CHF 1'829 pour les appartements, CHF 2'620 pour les maisons.<\/p>\n<p>La p\u00e9nurie des biens immobiliers disponibles \u00e0 la vente pousse de plus en plus d&rsquo;acqu\u00e9reurs \u00e0 s&rsquo;\u00e9loigner de Vuadens et \u00e0 porter leur int\u00e9r\u00eat dans les villes \u00e0 proximit\u00e9, comme :<\/p>\nMaules, S\u00e2les (Gruy\u00e8re), Romanens, Rueyres-Treyfayes, Treyfayes, Vaulruz, Bulle, Riaz, Marsens, Vuippens, La Roche FR, La Tour-de-Tr\u00eame, Broc, Charmey (Gruy\u00e8re), Morlon, Sorens, Gumefens, Avry-devant-Pont, Le Bry, Echarlens, Corbi\u00e8res, Hauteville, Pont-la-Ville, Villarvolard, Botterens, Villarbeney, Ch\u00e2tel-sur-Montsalvens, Cr\u00e9suz, Im Fang, Jaun, Abl\u00e4ndschen, Le P\u00e2quier-Montbarry, Epagny, Gruy\u00e8res, Mol\u00e9son-sur-Gruy\u00e8res, Pringy, Estavannens, Grandvillard, Villars-sous-Mont, Enney, Albeuve, Lessoc, Montbovon, Neirivue, Les Sciernes-d'Albeuve.\n<h2>La position g\u00e9ographique de notre agence immobili\u00e8re \u00e0 Vuadens<\/h2>\n<p>Situ\u00e9e \u00e0 Vuadens notre agence immobili\u00e8re intervient dans l&rsquo;ensemble des lieus de la ville.<\/p>\n\n<div id=\"map\" class=\"map\" data-adresse=\"Avenue de la Gare 26 1618\u00a0Ch\u00e2tel-St-Denis, Suisse\"><\/div>\n<h2>Pourquoi travailler avec Immobilierlocal ?<\/h2>\n<p>Immobilierlocal offre une vaste s\u00e9lection de prestations, tel que :<\/p>\n<ul>\n<li>La mise en ligne de votre annonce sur notre site internet : pour vous permettre de toucher davantage de monde.<\/li>\n<li>Une vitrine en suisse et sur internet : notre site internet est r\u00e9f\u00e9renc\u00e9 sur des moteurs de recherches en langue fran\u00e7aise dans le but de toucher plus de vendeurs, de propri\u00e9taires et d&rsquo;acheteurs.<\/li>\n<li>Programme personnalis\u00e9 : chacun des logements r\u00e9f\u00e9renc\u00e9s sur notre site profite d&rsquo;un plan de commercialisation personnalis\u00e9.<\/li>\n<li>Estimation des prix de march\u00e9 : nous avons cr\u00e9\u00e9 des outils en ligne pour estimer les valeurs des habitations.<\/li>\n<li>Photographies et vid\u00e9os : nous r\u00e9alisons la r\u00e9alisation des vid\u00e9os et des photos dans le but de mettre en valeur votre r\u00e9sidence.<\/li>\n<li>Signature \u00e9lectronique : nous mettons \u00e0 disposition la signature des actes par voie \u00e9lectronique afin de vous faciliter la vie.<\/li>\n<li>Gestion locative airbnb : nous offrons aussi un service de gestion de location courte dur\u00e9e.<\/li>\n<li>Gestion locative : nous proposons une couverture pour le non-paiement des loyers impay\u00e9s.<\/li>\n<\/ul>\n<h2>Une agence immobili\u00e8re qui r\u00e9unis des experts<\/h2>\n<p>Tous nos collaborateurs sont exp\u00e9riment\u00e9s, qu&rsquo;ils soient : techniciens, commerciaux et administrateurs. Nos conseillers suivent r\u00e9guli\u00e8rement des formations professionnelles afin de maintenir \u00e0 niveau leurs comp\u00e9tences : commerciales, techniques et juridiques \u00e0 jour. Chaque expert de notre \u00e9quipe poss\u00e8de une grande exp\u00e9rience dans le secteur de l&rsquo;immobilier. L&rsquo;exp\u00e9rience obtenue nous permet d&rsquo;accompagner au maximum nos clients.<\/p>\n<h2>Obtenez une estimation pour le prix de votre bien \u00e0 Vuadens<\/h2>\n<p>Nous r\u00e9alisons des \u00e9valuations pr\u00e9cises de votre habitation \u00e0 Vuadens, nous prenons en compte les particularit\u00e9s de votre habitation, ou encore la r\u00e9putation de votre secteur. Nous fournissons une v\u00e9ritable comp\u00e9tence pour tout ce qui concerne : l&rsquo;achat, la vente de bien, les investissements immobiliers, les locations airbnb ou longue dur\u00e9e, la gestion de votre portefeuille locatif, et aussi pour la direction de votre r\u00e9sidence en copropri\u00e9t\u00e9.<\/p>\n<h2>Une agence immobili\u00e8re qui vous accompagne<\/h2>\n<p>Nous sommes bien conscients que votre projet immobilier est unique, c&rsquo;est pour cela que nous vous proposons des services sur mesure. Si vous cherchez \u00e0 louer un loft ou une maison dans la zone de Vuadens, les conseillers de notre agence se tiennent \u00e0 votre service pour toutes les \u00e9tapes de votre projet. Vous d\u00e9sirez acheter une nouvelle habitation \u00e0 Vuadens ? Nous cherchons et trouvons le meilleur appartement possible au moyen de notre r\u00e9seau.<\/p>\n<h2>Vous recherchez une soci\u00e9t\u00e9 immobili\u00e8re \u00e0 Vuadens ?<\/h2>\n<p>L&rsquo;agence Immobilierlocal est implant\u00e9e au centre-ville de Vuadens. Nos experts vous accueillent et sont toujours d\u00e9termin\u00e9s \u00e0 vous assister dans votre projet. Nos professionnels immobiliers sont vos partenaires de confiance pour la gestion de biens immobiliers, l&rsquo;achat et la vente.<\/p>\n","protected":false},"excerpt":{"rendered":"<p>Envisagez-vous l&rsquo;achat ou la vente d&rsquo;un domicile ou d&rsquo;un studio situ\u00e9 \u00e0 Vuadens ? \u00c0 Vuadens, l&rsquo;agence Immobilierlocal offre des accompagnements individualis\u00e9s. Notre entreprise est situ\u00e9e au c\u0153ur du centre de Vuadens, contactez-nous pour acheter la propri\u00e9t\u00e9 de vos r\u00eaves ou c\u00e9der la v\u00f4tre. \u00c0 Vuadens, notre agence offre des prestations pour : l&rsquo;acquisition, la [&hellip;]<\/p>\n","protected":false},"author":3,"featured_media":2768,"parent":0,"menu_order":0,"comment_status":"closed","ping_status":"closed","template":"wp-custom-template-page-agent","meta":{"footnotes":""},"categories":[89],"profession":[92],"location":[69],"canton":[76],"class_list":["post-2265","page","type-page","status-publish","has-post-thumbnail","hentry","category-agence","profession-agent-immobilier"],"yoast_head":"<!-- This site is optimized with the Yoast SEO Premium plugin v23.0 (Yoast SEO v27.3) - https:\/\/yoast.com\/product\/yoast-seo-premium-wordpress\/ -->\n<title>Agence immobili\u00e8re \u00e0 Vuadens : expert en ventes et locations immobili\u00e8res - Immobilierlocal<\/title>\n<meta name=\"robots\" content=\"index, follow, max-snippet:-1, max-image-preview:large, max-video-preview:-1\" \/>\n<link rel=\"canonical\" href=\"https:\/\/www.immobilierlocal.ch\/c\/agence-immobiliere-a-vuadens-expert-en-ventes-et-locations-immobilieres\/\" \/>\n<meta property=\"og:locale\" content=\"fr_FR\" \/>\n<meta property=\"og:type\" content=\"article\" \/>\n<meta property=\"og:title\" content=\"Agence immobili\u00e8re \u00e0 Vuadens : expert en ventes et locations immobili\u00e8res\" \/>\n<meta property=\"og:description\" content=\"Envisagez-vous l&rsquo;achat ou la vente d&rsquo;un domicile ou d&rsquo;un studio situ\u00e9 \u00e0 Vuadens ? \u00c0 Vuadens, l&rsquo;agence Immobilierlocal offre des accompagnements individualis\u00e9s. Notre entreprise est situ\u00e9e au c\u0153ur du centre de Vuadens, contactez-nous pour acheter la propri\u00e9t\u00e9 de vos r\u00eaves ou c\u00e9der la v\u00f4tre. \u00c0 Vuadens, notre agence offre des prestations pour : l&rsquo;acquisition, la [&hellip;]\" \/>\n<meta property=\"og:url\" content=\"https:\/\/www.immobilierlocal.ch\/c\/agence-immobiliere-a-vuadens-expert-en-ventes-et-locations-immobilieres\/\" \/>\n<meta property=\"og:site_name\" content=\"Immobilierlocal\" \/>\n<meta property=\"article:modified_time\" content=\"2026-02-09T10:42:01+00:00\" \/>\n<meta property=\"og:image\" content=\"https:\/\/www.immobilierlocal.ch\/c\/wp-content\/uploads\/2026\/02\/agence-immobiliere.jpg\" \/>\n\t<meta property=\"og:image:width\" content=\"1920\" \/>\n\t<meta property=\"og:image:height\" content=\"300\" \/>\n\t<meta property=\"og:image:type\" content=\"image\/jpeg\" \/>\n<meta name=\"twitter:card\" content=\"summary_large_image\" \/>\n<meta name=\"twitter:label1\" content=\"Dur\u00e9e de lecture estim\u00e9e\" \/>\n\t<meta name=\"twitter:data1\" content=\"4 minutes\" \/>\n<script type=\"application\/ld+json\" class=\"yoast-schema-graph\">{\"@context\":\"https:\\\/\\\/schema.org\",\"@graph\":[{\"@type\":\"WebPage\",\"@id\":\"https:\\\/\\\/www.immobilierlocal.ch\\\/c\\\/agence-immobiliere-a-vuadens-expert-en-ventes-et-locations-immobilieres\\\/\",\"url\":\"https:\\\/\\\/www.immobilierlocal.ch\\\/c\\\/agence-immobiliere-a-vuadens-expert-en-ventes-et-locations-immobilieres\\\/\",\"name\":\"Agence immobili\u00e8re \u00e0 Vuadens : expert en ventes et locations immobili\u00e8res - Immobilierlocal\",\"isPartOf\":{\"@id\":\"https:\\\/\\\/www.immobilierlocal.ch\\\/c\\\/#website\"},\"primaryImageOfPage\":{\"@id\":\"https:\\\/\\\/www.immobilierlocal.ch\\\/c\\\/agence-immobiliere-a-vuadens-expert-en-ventes-et-locations-immobilieres\\\/#primaryimage\"},\"image\":{\"@id\":\"https:\\\/\\\/www.immobilierlocal.ch\\\/c\\\/agence-immobiliere-a-vuadens-expert-en-ventes-et-locations-immobilieres\\\/#primaryimage\"},\"thumbnailUrl\":\"https:\\\/\\\/www.immobilierlocal.ch\\\/c\\\/wp-content\\\/uploads\\\/2026\\\/02\\\/agence-immobiliere.jpg\",\"datePublished\":\"2024-04-16T15:07:25+00:00\",\"dateModified\":\"2026-02-09T10:42:01+00:00\",\"breadcrumb\":{\"@id\":\"https:\\\/\\\/www.immobilierlocal.ch\\\/c\\\/agence-immobiliere-a-vuadens-expert-en-ventes-et-locations-immobilieres\\\/#breadcrumb\"},\"inLanguage\":\"fr-FR\",\"potentialAction\":[{\"@type\":\"ReadAction\",\"target\":[\"https:\\\/\\\/www.immobilierlocal.ch\\\/c\\\/agence-immobiliere-a-vuadens-expert-en-ventes-et-locations-immobilieres\\\/\"]}]},{\"@type\":\"ImageObject\",\"inLanguage\":\"fr-FR\",\"@id\":\"https:\\\/\\\/www.immobilierlocal.ch\\\/c\\\/agence-immobiliere-a-vuadens-expert-en-ventes-et-locations-immobilieres\\\/#primaryimage\",\"url\":\"https:\\\/\\\/www.immobilierlocal.ch\\\/c\\\/wp-content\\\/uploads\\\/2026\\\/02\\\/agence-immobiliere.jpg\",\"contentUrl\":\"https:\\\/\\\/www.immobilierlocal.ch\\\/c\\\/wp-content\\\/uploads\\\/2026\\\/02\\\/agence-immobiliere.jpg\",\"width\":1920,\"height\":300},{\"@type\":\"BreadcrumbList\",\"@id\":\"https:\\\/\\\/www.immobilierlocal.ch\\\/c\\\/agence-immobiliere-a-vuadens-expert-en-ventes-et-locations-immobilieres\\\/#breadcrumb\",\"itemListElement\":[{\"@type\":\"ListItem\",\"position\":1,\"name\":\"Accueil\",\"item\":\"https:\\\/\\\/www.immobilierlocal.ch\\\/c\\\/\"},{\"@type\":\"ListItem\",\"position\":2,\"name\":\"Agence immobili\u00e8re dans le canton de Fribourg\",\"item\":\"https:\\\/\\\/www.immobilierlocal.ch\\\/c\\\/agence-immobiliere-dans-le-canton-de-fribourg-expert-en-transactions-immobilieres-et-locations-de-biens-immobiliers\\\/\"},{\"@type\":\"ListItem\",\"position\":3,\"name\":\"Agences immobili\u00e8res\",\"item\":\"https:\\\/\\\/www.immobilierlocal.ch\\\/agences\"},{\"@type\":\"ListItem\",\"position\":4,\"name\":\"Agence immobili\u00e8re \u00e0 Vuadens\"}]},{\"@type\":\"WebSite\",\"@id\":\"https:\\\/\\\/www.immobilierlocal.ch\\\/c\\\/#website\",\"url\":\"https:\\\/\\\/www.immobilierlocal.ch\\\/c\\\/\",\"name\":\"Immobilierlocal\",\"description\":\"\",\"publisher\":{\"@id\":\"https:\\\/\\\/www.immobilierlocal.ch\\\/c\\\/#organization\"},\"potentialAction\":[{\"@type\":\"SearchAction\",\"target\":{\"@type\":\"EntryPoint\",\"urlTemplate\":\"https:\\\/\\\/www.immobilierlocal.ch\\\/c\\\/?s={search_term_string}\"},\"query-input\":{\"@type\":\"PropertyValueSpecification\",\"valueRequired\":true,\"valueName\":\"search_term_string\"}}],\"inLanguage\":\"fr-FR\"},{\"@type\":\"Organization\",\"@id\":\"https:\\\/\\\/www.immobilierlocal.ch\\\/c\\\/#organization\",\"name\":\"Immobilierlocal\",\"url\":\"https:\\\/\\\/www.immobilierlocal.ch\\\/c\\\/\",\"logo\":{\"@type\":\"ImageObject\",\"inLanguage\":\"fr-FR\",\"@id\":\"https:\\\/\\\/www.immobilierlocal.ch\\\/c\\\/#\\\/schema\\\/logo\\\/image\\\/\",\"url\":\"https:\\\/\\\/www.immobilierlocal.ch\\\/c\\\/wp-content\\\/uploads\\\/2023\\\/10\\\/logo-immobilierlocal-h.svg\",\"contentUrl\":\"https:\\\/\\\/www.immobilierlocal.ch\\\/c\\\/wp-content\\\/uploads\\\/2023\\\/10\\\/logo-immobilierlocal-h.svg\",\"caption\":\"Immobilierlocal\"},\"image\":{\"@id\":\"https:\\\/\\\/www.immobilierlocal.ch\\\/c\\\/#\\\/schema\\\/logo\\\/image\\\/\"}}]}<\/script>\n<!-- \/ Yoast SEO Premium plugin. -->","yoast_head_json":{"title":"Agence immobili\u00e8re \u00e0 Vuadens : expert en ventes et locations immobili\u00e8res - Immobilierlocal","robots":{"index":"index","follow":"follow","max-snippet":"max-snippet:-1","max-image-preview":"max-image-preview:large","max-video-preview":"max-video-preview:-1"},"canonical":"https:\/\/www.immobilierlocal.ch\/c\/agence-immobiliere-a-vuadens-expert-en-ventes-et-locations-immobilieres\/","og_locale":"fr_FR","og_type":"article","og_title":"Agence immobili\u00e8re \u00e0 Vuadens : expert en ventes et locations immobili\u00e8res","og_description":"Envisagez-vous l&rsquo;achat ou la vente d&rsquo;un domicile ou d&rsquo;un studio situ\u00e9 \u00e0 Vuadens ? \u00c0 Vuadens, l&rsquo;agence Immobilierlocal offre des accompagnements individualis\u00e9s. Notre entreprise est situ\u00e9e au c\u0153ur du centre de Vuadens, contactez-nous pour acheter la propri\u00e9t\u00e9 de vos r\u00eaves ou c\u00e9der la v\u00f4tre. \u00c0 Vuadens, notre agence offre des prestations pour : l&rsquo;acquisition, la [&hellip;]","og_url":"https:\/\/www.immobilierlocal.ch\/c\/agence-immobiliere-a-vuadens-expert-en-ventes-et-locations-immobilieres\/","og_site_name":"Immobilierlocal","article_modified_time":"2026-02-09T10:42:01+00:00","og_image":[{"width":1920,"height":300,"url":"https:\/\/www.immobilierlocal.ch\/c\/wp-content\/uploads\/2026\/02\/agence-immobiliere.jpg","type":"image\/jpeg"}],"twitter_card":"summary_large_image","twitter_misc":{"Dur\u00e9e de lecture estim\u00e9e":"4 minutes"},"schema":{"@context":"https:\/\/schema.org","@graph":[{"@type":"WebPage","@id":"https:\/\/www.immobilierlocal.ch\/c\/agence-immobiliere-a-vuadens-expert-en-ventes-et-locations-immobilieres\/","url":"https:\/\/www.immobilierlocal.ch\/c\/agence-immobiliere-a-vuadens-expert-en-ventes-et-locations-immobilieres\/","name":"Agence immobili\u00e8re \u00e0 Vuadens : expert en ventes et locations immobili\u00e8res - Immobilierlocal","isPartOf":{"@id":"https:\/\/www.immobilierlocal.ch\/c\/#website"},"primaryImageOfPage":{"@id":"https:\/\/www.immobilierlocal.ch\/c\/agence-immobiliere-a-vuadens-expert-en-ventes-et-locations-immobilieres\/#primaryimage"},"image":{"@id":"https:\/\/www.immobilierlocal.ch\/c\/agence-immobiliere-a-vuadens-expert-en-ventes-et-locations-immobilieres\/#primaryimage"},"thumbnailUrl":"https:\/\/www.immobilierlocal.ch\/c\/wp-content\/uploads\/2026\/02\/agence-immobiliere.jpg","datePublished":"2024-04-16T15:07:25+00:00","dateModified":"2026-02-09T10:42:01+00:00","breadcrumb":{"@id":"https:\/\/www.immobilierlocal.ch\/c\/agence-immobiliere-a-vuadens-expert-en-ventes-et-locations-immobilieres\/#breadcrumb"},"inLanguage":"fr-FR","potentialAction":[{"@type":"ReadAction","target":["https:\/\/www.immobilierlocal.ch\/c\/agence-immobiliere-a-vuadens-expert-en-ventes-et-locations-immobilieres\/"]}]},{"@type":"ImageObject","inLanguage":"fr-FR","@id":"https:\/\/www.immobilierlocal.ch\/c\/agence-immobiliere-a-vuadens-expert-en-ventes-et-locations-immobilieres\/#primaryimage","url":"https:\/\/www.immobilierlocal.ch\/c\/wp-content\/uploads\/2026\/02\/agence-immobiliere.jpg","contentUrl":"https:\/\/www.immobilierlocal.ch\/c\/wp-content\/uploads\/2026\/02\/agence-immobiliere.jpg","width":1920,"height":300},{"@type":"BreadcrumbList","@id":"https:\/\/www.immobilierlocal.ch\/c\/agence-immobiliere-a-vuadens-expert-en-ventes-et-locations-immobilieres\/#breadcrumb","itemListElement":[{"@type":"ListItem","position":1,"name":"Accueil","item":"https:\/\/www.immobilierlocal.ch\/c\/"},{"@type":"ListItem","position":2,"name":"Agence immobili\u00e8re dans le canton de Fribourg","item":"https:\/\/www.immobilierlocal.ch\/c\/agence-immobiliere-dans-le-canton-de-fribourg-expert-en-transactions-immobilieres-et-locations-de-biens-immobiliers\/"},{"@type":"ListItem","position":3,"name":"Agences immobili\u00e8res","item":"https:\/\/www.immobilierlocal.ch\/agences"},{"@type":"ListItem","position":4,"name":"Agence immobili\u00e8re \u00e0 Vuadens"}]},{"@type":"WebSite","@id":"https:\/\/www.immobilierlocal.ch\/c\/#website","url":"https:\/\/www.immobilierlocal.ch\/c\/","name":"Immobilierlocal","description":"","publisher":{"@id":"https:\/\/www.immobilierlocal.ch\/c\/#organization"},"potentialAction":[{"@type":"SearchAction","target":{"@type":"EntryPoint","urlTemplate":"https:\/\/www.immobilierlocal.ch\/c\/?s={search_term_string}"},"query-input":{"@type":"PropertyValueSpecification","valueRequired":true,"valueName":"search_term_string"}}],"inLanguage":"fr-FR"},{"@type":"Organization","@id":"https:\/\/www.immobilierlocal.ch\/c\/#organization","name":"Immobilierlocal","url":"https:\/\/www.immobilierlocal.ch\/c\/","logo":{"@type":"ImageObject","inLanguage":"fr-FR","@id":"https:\/\/www.immobilierlocal.ch\/c\/#\/schema\/logo\/image\/","url":"https:\/\/www.immobilierlocal.ch\/c\/wp-content\/uploads\/2023\/10\/logo-immobilierlocal-h.svg","contentUrl":"https:\/\/www.immobilierlocal.ch\/c\/wp-content\/uploads\/2023\/10\/logo-immobilierlocal-h.svg","caption":"Immobilierlocal"},"image":{"@id":"https:\/\/www.immobilierlocal.ch\/c\/#\/schema\/logo\/image\/"}}]}},"_links":{"self":[{"href":"https:\/\/www.immobilierlocal.ch\/c\/wp-json\/wp\/v2\/pages\/2265","targetHints":{"allow":["GET"]}}],"collection":[{"href":"https:\/\/www.immobilierlocal.ch\/c\/wp-json\/wp\/v2\/pages"}],"about":[{"href":"https:\/\/www.immobilierlocal.ch\/c\/wp-json\/wp\/v2\/types\/page"}],"author":[{"embeddable":true,"href":"https:\/\/www.immobilierlocal.ch\/c\/wp-json\/wp\/v2\/users\/3"}],"replies":[{"embeddable":true,"href":"https:\/\/www.immobilierlocal.ch\/c\/wp-json\/wp\/v2\/comments?post=2265"}],"version-history":[{"count":0,"href":"https:\/\/www.immobilierlocal.ch\/c\/wp-json\/wp\/v2\/pages\/2265\/revisions"}],"wp:featuredmedia":[{"embeddable":true,"href":"https:\/\/www.immobilierlocal.ch\/c\/wp-json\/wp\/v2\/media\/2768"}],"wp:attachment":[{"href":"https:\/\/www.immobilierlocal.ch\/c\/wp-json\/wp\/v2\/media?parent=2265"}],"wp:term":[{"taxonomy":"category","embeddable":true,"href":"https:\/\/www.immobilierlocal.ch\/c\/wp-json\/wp\/v2\/categories?post=2265"},{"taxonomy":"profession","embeddable":true,"href":"https:\/\/www.immobilierlocal.ch\/c\/wp-json\/wp\/v2\/profession?post=2265"},{"taxonomy":"location","embeddable":true,"href":"https:\/\/www.immobilierlocal.ch\/c\/wp-json\/wp\/v2\/location?post=2265"},{"taxonomy":"canton","embeddable":true,"href":"https:\/\/www.immobilierlocal.ch\/c\/wp-json\/wp\/v2\/canton?post=2265"}],"curies":[{"name":"wp","href":"https:\/\/api.w.org\/{rel}","templated":true}]}}