
{"id":223,"date":"2023-10-19T10:33:51","date_gmt":"2023-10-19T08:33:51","guid":{"rendered":"https:\/\/immobilierlocal.ch\/c\/223-2\/"},"modified":"2024-08-06T15:40:54","modified_gmt":"2024-08-06T13:40:54","slug":"estimation-immobiliere-a-fetigny","status":"publish","type":"page","link":"https:\/\/www.immobilierlocal.ch\/c\/estimation-immobiliere-canton-vaud\/estimation-immobiliere-a-fetigny\/","title":{"rendered":"Estimation immobili\u00e8re \u00e0 F\u00e9tigny"},"content":{"rendered":"<p>Estimez simplement le prix de votre maison \u00e0 F\u00e9tigny gr\u00e2ce \u00e0 Immobilierlocal. Nous disposons \u00e9galement d&rsquo;agents immobiliers qui peuvent se rendre chez vous afin de vous donner une \u00e9valuation plus pr\u00e9cise de votre bien. Vendre son bien avec Immobilierlocal, c&rsquo;est l&rsquo;assurance de vendre son bien \u00e0 un tr\u00e8s bon prix et en toute tranquillit\u00e9.<\/p>\n\n<h2>Derni\u00e8res estimations \u00e0 F\u00e9tigny par secteur<\/h2>\n<div class=\"estimates-lastest\"><ul><li>Pour un appartement 5.5 pi\u00e8ces \u00e0 F\u00e9tigny, surface pond\u00e9r\u00e9e (m\u00b2) : 110, orientation Ouest, avec balcon, transports fr\u00e9quence limit\u00e9e, avec parking, commodit\u00e9s et \u00e9coles limit\u00e9es, situation ordinaire, CHF 6'149 \/ m\u00b2<\/li><li>Pour un appartement 6.5 pi\u00e8ces \u00e0 F\u00e9tigny, surface pond\u00e9r\u00e9e (m\u00b2) : 95, orientation Sud-Est\/Ouest, avec balcon, transports fr\u00e9quence limit\u00e9e, avec parking, commodit\u00e9s et \u00e9coles limit\u00e9es, situation ordinaire, CHF 6'235 \/ m\u00b2<\/li><li>Pour un appartement 4.5 pi\u00e8ces \u00e0 F\u00e9tigny, surface pond\u00e9r\u00e9e (m\u00b2) : 120, orientation Sud-Est\/Ouest, avec balcon, transports fr\u00e9quence limit\u00e9e, avec parking, commodit\u00e9s et \u00e9coles limit\u00e9es, situation ordinaire, CHF 6'163 \/ m\u00b2<\/li><\/ul><\/div>\n<h2>Estimation de la valeur des maisons \u00e0 F\u00e9tigny par nombre de pi\u00e8ces<\/h2>\n<div class=\"estimates-room\"><ul><li>Pour une maison 5.5 pi\u00e8ces \u00e0 F\u00e9tigny, volume (m\u00b3) : 1170 et terrain (m\u00b2) : 350, transports fr\u00e9quence limit\u00e9e, commodit\u00e9s et \u00e9coles limit\u00e9es, situation ordinaire, CHF 4'035 \/ m\u00b2<\/li><li>Pour une maison 5.5 pi\u00e8ces \u00e0 F\u00e9tigny, volume (m\u00b3) : 832.5 et terrain (m\u00b2) : 350, transports fr\u00e9quence limit\u00e9e, commodit\u00e9s et \u00e9coles limit\u00e9es, situation ordinaire, CHF 5'856 \/ m\u00b2<\/li><li>Pour une maison 5 pi\u00e8ces \u00e0 F\u00e9tigny, volume (m\u00b3) : 607.5 et terrain (m\u00b2) : 1100, transports fr\u00e9quence limit\u00e9e, commodit\u00e9s et \u00e9coles limit\u00e9es, situation ordinaire, CHF 10'378 \/ m\u00b2<\/li><\/ul><\/div><div class=\"iframe-text\">Estimer maintenant votre bien immobilier<\/div><iframe id=\"estimer\" src=\"https:\/\/www.immobilierlocal.ch\/estimer?iframe=1\" frameborder=\"0\" loading=\"lazy\" width=\"100%\" height=\"1000\" style=\"overflow-x:hidden;\" referrerpolicy=\"no-referrer-when-downgrade\" title=\"Estimation immobili\u00e8re\"><\/iframe>\n<h2>Comment faire estimer la valeur d&rsquo;un bien immobilier \u00e0 F\u00e9tigny ?<\/h2>\n<h3>1. \u00c9valuation gratuite de votre maison \u00e0 F\u00e9tigny en ligne avec notre soci\u00e9t\u00e9 Immobilierlocal<\/h3>\n<p>D\u00e9couvrez la valeur financi\u00e8re de votre maison en seulement 3 minutes avec notre outil d&rsquo;\u00e9valuation en ligne gratuit.<\/p>\n<p>Pour une \u00e9valuation conforme, nous devrons aussi conna\u00eetre les \u00e9l\u00e9ments suivants :<\/p>\n<ul>\n<li>L&rsquo;environnement de la propri\u00e9t\u00e9 (acc\u00e8s aux services de transport, vis \u00e0 vis, pr\u00e9sence d&rsquo;\u00e9coles et de commerces&#8230;).<\/li>\n<li>L&rsquo;orientation et l&rsquo;exposition de la maison.<\/li>\n<li>Le nombre de pi\u00e8ces.<\/li>\n<li>La surface habitable ou le volume.<\/li>\n<li>La surface du terrain.<\/li>\n<li>L&rsquo;ann\u00e9e de construction de la maison.<\/li>\n<li>L&rsquo;\u00e9tat global de votre maison.<\/li>\n<li>L\u2019ann\u00e9e et le co\u00fbt des derni\u00e8res r\u00e9novations, des plus-values et\/ou des am\u00e9nagements.<\/li>\n<\/ul>\n<h3>2. Estimation gratuite de votre appartement \u00e0 F\u00e9tigny en ligne avec Immobilierlocal<\/h3>\n<p>Pour d\u00e9couvrir la valeur sur le march\u00e9 de l&rsquo;immobilier de votre logement \u00e0 F\u00e9tigny, utilisez notre instrument en ligne d&rsquo;\u00e9valuation immobili\u00e8re. En quelques minutes vous aurez connaissance de la valeur de votre bien.<\/p>\n<p>Afin d&rsquo;\u00eatre plus pr\u00e9cis dans l&rsquo;\u00e9valuation de la valeur de votre bien, nous devrons avoir connaissance de certains \u00e9l\u00e9ments ou certaines indications :<\/p>\n<ul>\n<li>La situation (environnement, vue et transports).<\/li>\n<li>L&rsquo;exposition de l&rsquo;appartement.<\/li>\n<li>Le nombre de pi\u00e8ces.<\/li>\n<li>Les surfaces (habitable, balcon et cave).<\/li>\n<li>Parking int\u00e9rieur et\/ou ext\u00e9rieur.<\/li>\n<li>Date de construction.<\/li>\n<li>L\u2019\u00e9tat g\u00e9n\u00e9ral.<\/li>\n<li>L\u2019ann\u00e9e et le co\u00fbt des derni\u00e8res r\u00e9novations.<\/li>\n<li>Le montant du \u00abfonds de r\u00e9novation PPE\u00bb.<\/li>\n<\/ul>\n<h3>3. Proc\u00e9der \u00e0 une \u00e9valuation immobili\u00e8re de sa demeure par un agent immobilier \u00e0 F\u00e9tigny<\/h3>\n<p>Nous disposons de nombreux agents immobiliers \u00e0 F\u00e9tigny qui se rendent \u00e0 votre domicile pour inspecter votre maison avant de r\u00e9aliser une \u00e9valuation de votre maison. Il examinera \u00e9galement certains documents comme les plans cadastraux ou le registre foncier pour vous procurer une estimation la plus pr\u00e9cise possible.<\/p>\n<p>L\u2019estimation prend en compte aussi la demande, et le march\u00e9 immobilier de F\u00e9tigny pour vous donner la valeur r\u00e9elle de votre bien. Une fois l\u2019expertise r\u00e9alis\u00e9e, des conseils vous seront donn\u00e9s pour augmenter la valeur de votre propri\u00e9t\u00e9.<\/p>\n<p>Recevez d\u00e8s maintenant une \u00e9valuation pr\u00e9cise et sans engagement de votre bien avec Immobilierlocal.<\/p>\n<h3>4. Est-il pertinent d\u2019analyser les biens semblables en vente \u00e0 F\u00e9tigny ?<\/h3>\n<p>Oui, il est recommand\u00e9 d&rsquo;\u00e9tudier les biens semblables, comparer votre propri\u00e9t\u00e9 avec les annonces immobili\u00e8res \u00e0 F\u00e9tigny vous permet d\u2019obtenir une fourchette rapide de la valorisation de votre maison ou appartement.<\/p>\n<h2>Comment vendre son bien immobilier au meilleur prix \u00e0 F\u00e9tigny ?<\/h2>\n<p>Pour vendre facilement votre bien immobilier, faites confiance \u00e0 Immobilierlocal !<\/p>\n<h3>1. Pourquoi contacter un expert comme Immobilierlocal ?<\/h3>\n<p>Immobilierlocal vous met en contact avec un expert dans le secteur de F\u00e9tigny.<\/p>\n<h3>2. Obtenez une \u00e9valuation pr\u00e9cise et qui prend en compte le march\u00e9 immobilier actuel<\/h3>\n<p>Notre soci\u00e9t\u00e9 Immobilierlocal r\u00e9pertorie toutes les annonces \u00e0 F\u00e9tigny ainsi que tous les biens qui ont derni\u00e8rement trouv\u00e9 un acqu\u00e9reur. Cela nous permet d&rsquo;avoir une analyse tr\u00e8s pr\u00e9cise du march\u00e9 immobilier, et de vous proposer le meilleur prix de vente.<\/p>\n<h3>3. Mettez en valeur votre propri\u00e9t\u00e9<\/h3>\n<p>Immobilierlocal et ses collaborateurs effectuent des s\u00e9ances photo pour mettre en avant les points forts de votre propri\u00e9t\u00e9.<\/p>\n<h3>4. Augmenter la visibilit\u00e9 de votre bien et le nombre de potentiels acqu\u00e9reurs sur internet<\/h3>\n<p>Afin que le plus d&rsquo;acheteurs potentiels puisse observer votre bien, nous diffusons votre annonce sur l&rsquo;ensemble de nos sites internet et ceux de nos collaborateurs.<\/p>\n<h3>5. Choisissez l&rsquo;offre la plus int\u00e9ressante<\/h3>\n<p>Nos experts re\u00e7oivent les offres, analysent les propositions et vous proposent la meilleure offre.<\/p>\n<h3>6. N\u00e9gociez le meilleur prix<\/h3>\n<p>Notre expert recense l&rsquo;ensemble des documents et informations possibles pour mettre votre bien en avant afin de le vendre le plus cher possible, voici la liste des documents n\u00e9cessaires :<\/p>\n<ul>\n<li>Les r\u00e9novations effectu\u00e9es et les factures associ\u00e9es,<\/li>\n<li>les plans architecturaux,<\/li>\n<li>la liste des avantages environnementaux (commerces, \u00e9coles de proximit\u00e9&#8230;),<\/li>\n<li>le d\u00e9veloppement \u00e9conomique \u00e0 F\u00e9tigny et de sa r\u00e9gion.<\/li>\n<\/ul>\n<h2>Quelles sont les tendances du march\u00e9 immobilier \u00e0 F\u00e9tigny ?<\/h2>\n<h3>Estimation de la valeur des maisons \u00e0 F\u00e9tigny<\/h3>\n<p class=\"estimates-house-range\">Les prix des maisons \u00e0 F\u00e9tigny varient de CHF 1'049'158 \u00e0 CHF 1'401'005 en moyenne.<\/p>\n<h3>Estimation de la valeur des appartements \u00e0 F\u00e9tigny<\/h3>\n<p class=\"estimates-house-range\">Les prix des appartements \u00e0 F\u00e9tigny varient de CHF 607'875 \u00e0 CHF 754'979 en moyenne.<\/p>\n<h3>Estimation du prix des terrains \u00e0 F\u00e9tigny<\/h3>\n<p class=\"estimates-land\">Les prix moyens des terrains \u00e0 F\u00e9tigny sont de CHF 612 \/ m\u00b2 (prix par m\u00e8tre carr\u00e9).<\/p>\n<h2>Questions souvent pos\u00e9es sur l&rsquo;estimation immobili\u00e8re<\/h2>\n<h3>Quel est le tarif d&rsquo;une \u00e9valuation immobili\u00e8re \u00e0 F\u00e9tigny ?<\/h3>\n<p>Le tarif d&rsquo;une \u00e9valuation immobili\u00e8re \u00e0 F\u00e9tigny varie en fonction de la nature du bien. Que vous vendiez une demeure de luxe ou une maison plus classique, les frais peuvent aller de CHF 150 \u00e0 CHF 1&rsquo;500.<\/p>\n<p>Maintenant, si vous faites appel \u00e0 l&rsquo;agence Immobilierlocal, vous b\u00e9n\u00e9ficiez d&rsquo;une \u00e9valuation gratuite en ligne de votre bien, sans engagement de votre part. De plus, notre outil d&rsquo;\u00e9valuation en ligne est un outil gratuit qui vous certifie une des meilleures \u00e9valuations\u00a0 en ligne du march\u00e9. Notre r\u00e9sultat tient compte des caract\u00e9ristiques \u00e9conomiques du moment, ainsi que du la situation conjoncturelle suisse.<\/p>\n<h3>Qui peut estimer une propri\u00e9taire immobili\u00e8re \u00e0 F\u00e9tigny ?<\/h3>\n<p>Pour une \u00e9valuation immobili\u00e8re pr\u00e9cise, vous avez plusieurs options, vous pouvez faire appel \u00e0 un professionnel dans les estimations immobili\u00e8res, \u00e0 un architecte, \u00e0 un courtier en immobilier ou encore \u00e0 une banque.<\/p>\n<h3>Comment se d\u00e9roule l&rsquo;estimation d&rsquo;un bien \u00e0 F\u00e9tigny ?<\/h3>\n<ol>\n<li>Pour la premi\u00e8re \u00e9tape, un agent immobilier se d\u00e9place \u00e0 votre domicile afin d&rsquo;effectuer une visite compl\u00e8te du bien en vente.<\/li>\n<li>Par la suite : il regarde les textes en lien avec l&rsquo;achat et l&rsquo;entretien de votre bien.<\/li>\n<li>Il r\u00e9alise une analyse compl\u00e8te du march\u00e9 immobilier en comparant votre bien aux autres biens actuellement en vente et en \u00e9tudiant les prix des ventes pass\u00e9es \u00e0 F\u00e9tigny.<\/li>\n<li>Derni\u00e8rement, il vous donnera un rapport complet et une \u00e9valuation pr\u00e9cise du prix de vente de votre bien immobilier.<\/li>\n<\/ol>\n<h3>Comment b\u00e9n\u00e9ficier d&rsquo;une \u00e9valuation de son bien gratuitement \u00e0 F\u00e9tigny<\/h3>\n<p>Obtenez une \u00e9valuation gratuite et pr\u00e9cise en quelques minutes gr\u00e2ce \u00e0 l&rsquo;outil d&rsquo;\u00e9valuation Immobilierlocal, ou prenez contact avec l&rsquo;un de nos agents immobiliers pour avoir une estimation gratuite de votre bien, sans aucun engagement.<\/p>\n<h3>Quels crit\u00e8res influencent la valeur de mon bien \u00e0 F\u00e9tigny ?<\/h3>\n<p>La valeur de vente d&rsquo;une propri\u00e9t\u00e9 immobili\u00e8re d\u00e9pend forc\u00e9ment de diff\u00e9rents facteurs, qui peuvent fluctuer dans le temps. Voici une liste des principaux crit\u00e8res pouvant faire \u00e9voluer le march\u00e9 immobilier \u00e0 F\u00e9tigny :<\/p>\n<ul>\n<li>Le tourisme,<\/li>\n<li>l&rsquo;activit\u00e9 \u00e9conomique de la r\u00e9gion,<\/li>\n<li>l\u2019offre et demande,<\/li>\n<li>la pr\u00e9sence de commodit\u00e9s (commerces, \u00e9coles, pharmacies&#8230;).<\/li>\n<\/ul>\n<h3>De quelle fa\u00e7on accro\u00eetre le prix de vente de ma maison et de mon appartement ?<\/h3>\n<p>Pour faire \u00e9voluer le prix de vente de votre bien, suivez ces conseils :<\/p>\n<ul>\n<li>Votre bien doit toujours \u00eatre propre pour les s\u00e9ances photo et lors des visites.<\/li>\n<li>Assurez-vous de ranger la totalit\u00e9 de vos pi\u00e8ces et organisez l&rsquo;espace afin de permettre aux visiteurs de se projeter facilement.<\/li>\n<li>Accentuez les forces de votre habitation.<\/li>\n<li>Si vous poss\u00e9dez une maison, mettez en valeur votre terrain.<\/li>\n<\/ul>\n<h3>Quelle conduite \u00e0 avoir vis-\u00e0-vis d\u2019un futur acheteur ?<\/h3>\n<ul>\n<li>Parlez-lui des diff\u00e9rents atouts de votre bien.<\/li>\n<li>R\u00e9pondez \u00e0 ses questions pr\u00e9cis\u00e9ment et honn\u00eatement.<\/li>\n<li>\u00c9coutez les propos de l\u2019acheteur et allez dans son sens sans le contredire.<\/li>\n<\/ul>\n<h3>Quels sont les documents \u00e0 avoir pour \u00e9valuer ma propri\u00e9t\u00e9 immobili\u00e8re ?<\/h3>\n<ul>\n<li>Police assurance incendie compl\u00e8te<\/li>\n<li>Plan de niveau (si disponible)<\/li>\n<li>Travaux, factures (si disponible)<\/li>\n<li>Registre foncier (si disponible)<\/li>\n<li>Plan cadastral (si disponible)<\/li>\n<li>Descriptif de construction (si disponible)<\/li>\n<li>\u00c9ventuellement : plan d\u2019affectation et le r\u00e8glement de construction<\/li>\n<\/ul>\n<p>Pour les objets en PPE :<\/p>\n<ul>\n<li>Police assurance incendie compl\u00e8te de l\u2019immeuble (\u00e0 demander \u00e0 l\u2019administrateur)<\/li>\n<li>R\u00e8glement PPE<\/li>\n<li>Comptes PPE (3 derni\u00e8res ann\u00e9es)<\/li>\n<\/ul>\n<p>Estimation similaire dans les villes proches, comme : <br \/> Cheyres, Estavayer-le-Lac, Bollion, Lully FR, Seiry, Ch\u00e2tillon FR, Font, Ch\u00e2bles FR, Autavaux, Forel FR, Montbrelloz, Cugy FR, Vesin, Frasses, Montet (Broye), Aumont, Granges-de-Vesin, Nuvilly, Murist, Payerne, M\u00e9ni\u00e8res, Treytorrens (Payerne), Bussy FR, Morens FR, S\u00e9vaz, Rueyres-les-Pr\u00e9s, Grandcour, Chevroux, Vers-chez-Perrin, Trey, Ch\u00e2tonnaye, Corcelles-pr\u00e8s-Payerne, Missy, Cerniat FR, Middes, Cousset, Montagny-les-Monts, Grandsivaz, Mannens, Montagny-la-Ville.<\/p>\n","protected":false},"excerpt":{"rendered":"<p>Estimez simplement le prix de votre maison \u00e0 F\u00e9tigny gr\u00e2ce \u00e0 Immobilierlocal. Nous disposons \u00e9galement d&rsquo;agents immobiliers qui peuvent se rendre chez vous afin de vous donner une \u00e9valuation plus pr\u00e9cise de votre bien. Vendre son bien avec Immobilierlocal, c&rsquo;est l&rsquo;assurance de vendre son bien \u00e0 un tr\u00e8s bon prix et en toute tranquillit\u00e9. Derni\u00e8res [&hellip;]<\/p>\n","protected":false},"author":3,"featured_media":356,"parent":149,"menu_order":0,"comment_status":"closed","ping_status":"closed","template":"","meta":{"footnotes":""},"categories":[6],"profession":[],"location":[12],"canton":[],"class_list":["post-223","page","type-page","status-publish","has-post-thumbnail","hentry","category-estimation"],"yoast_head":"<!-- This site is optimized with the Yoast SEO Premium plugin v23.0 (Yoast SEO v27.3) - https:\/\/yoast.com\/product\/yoast-seo-premium-wordpress\/ -->\n<title>Estimation immobili\u00e8re \u00e0 F\u00e9tigny avril 2026 gratuite &amp; rapide - Immobilierlocal<\/title>\n<meta name=\"description\" content=\"D\u00e9couvrez le Prix moyen au m\u00b2 \u00e0 F\u00e9tigny en avril 2026 \u2705 Estimation gratuite de votre bien \u2705 Derni\u00e8res \u00e9volutions du march\u00e9.\" \/>\n<meta name=\"robots\" content=\"index, follow, max-snippet:-1, max-image-preview:large, max-video-preview:-1\" \/>\n<link rel=\"canonical\" href=\"https:\/\/www.immobilierlocal.ch\/c\/estimation-immobiliere-canton-vaud\/estimation-immobiliere-a-fetigny\/\" \/>\n<meta property=\"og:locale\" content=\"fr_FR\" \/>\n<meta property=\"og:type\" content=\"article\" \/>\n<meta property=\"og:title\" content=\"Estimation immobili\u00e8re \u00e0 F\u00e9tigny avril 2026 gratuite &amp; rapide\" \/>\n<meta property=\"og:description\" content=\"D\u00e9couvrez le Prix moyen au m\u00b2 \u00e0 F\u00e9tigny en avril 2026 \u2705 Estimation gratuite de votre bien \u2705 Derni\u00e8res \u00e9volutions du march\u00e9.\" \/>\n<meta property=\"og:url\" content=\"https:\/\/www.immobilierlocal.ch\/c\/estimation-immobiliere-canton-vaud\/estimation-immobiliere-a-fetigny\/\" \/>\n<meta property=\"og:site_name\" content=\"Immobilierlocal\" \/>\n<meta property=\"article:modified_time\" content=\"2024-08-06T13:40:54+00:00\" \/>\n<meta property=\"og:image\" content=\"https:\/\/www.immobilierlocal.ch\/c\/wp-content\/uploads\/2023\/10\/estimation-immobiliere-a-fetigny-scaled.jpg\" \/>\n\t<meta property=\"og:image:width\" content=\"2560\" \/>\n\t<meta property=\"og:image:height\" content=\"817\" \/>\n\t<meta property=\"og:image:type\" content=\"image\/jpeg\" \/>\n<meta name=\"twitter:card\" content=\"summary_large_image\" \/>\n<meta name=\"twitter:label1\" content=\"Dur\u00e9e de lecture estim\u00e9e\" \/>\n\t<meta name=\"twitter:data1\" content=\"7 minutes\" \/>\n<script type=\"application\/ld+json\" class=\"yoast-schema-graph\">{\"@context\":\"https:\\\/\\\/schema.org\",\"@graph\":[{\"@type\":\"WebPage\",\"@id\":\"https:\\\/\\\/www.immobilierlocal.ch\\\/c\\\/estimation-immobiliere-canton-vaud\\\/estimation-immobiliere-a-fetigny\\\/\",\"url\":\"https:\\\/\\\/www.immobilierlocal.ch\\\/c\\\/estimation-immobiliere-canton-vaud\\\/estimation-immobiliere-a-fetigny\\\/\",\"name\":\"Estimation immobili\u00e8re \u00e0 F\u00e9tigny - Immobilierlocal\",\"isPartOf\":{\"@id\":\"https:\\\/\\\/www.immobilierlocal.ch\\\/c\\\/#website\"},\"primaryImageOfPage\":{\"@id\":\"https:\\\/\\\/www.immobilierlocal.ch\\\/c\\\/estimation-immobiliere-canton-vaud\\\/estimation-immobiliere-a-fetigny\\\/#primaryimage\"},\"image\":{\"@id\":\"https:\\\/\\\/www.immobilierlocal.ch\\\/c\\\/estimation-immobiliere-canton-vaud\\\/estimation-immobiliere-a-fetigny\\\/#primaryimage\"},\"thumbnailUrl\":\"https:\\\/\\\/www.immobilierlocal.ch\\\/c\\\/wp-content\\\/uploads\\\/2023\\\/10\\\/estimation-immobiliere-a-fetigny-scaled.jpg\",\"datePublished\":\"2023-10-19T08:33:51+00:00\",\"dateModified\":\"2024-08-06T13:40:54+00:00\",\"breadcrumb\":{\"@id\":\"https:\\\/\\\/www.immobilierlocal.ch\\\/c\\\/estimation-immobiliere-canton-vaud\\\/estimation-immobiliere-a-fetigny\\\/#breadcrumb\"},\"inLanguage\":\"fr-FR\",\"potentialAction\":[{\"@type\":\"ReadAction\",\"target\":[\"https:\\\/\\\/www.immobilierlocal.ch\\\/c\\\/estimation-immobiliere-canton-vaud\\\/estimation-immobiliere-a-fetigny\\\/\"]}]},{\"@type\":\"ImageObject\",\"inLanguage\":\"fr-FR\",\"@id\":\"https:\\\/\\\/www.immobilierlocal.ch\\\/c\\\/estimation-immobiliere-canton-vaud\\\/estimation-immobiliere-a-fetigny\\\/#primaryimage\",\"url\":\"https:\\\/\\\/www.immobilierlocal.ch\\\/c\\\/wp-content\\\/uploads\\\/2023\\\/10\\\/estimation-immobiliere-a-fetigny-scaled.jpg\",\"contentUrl\":\"https:\\\/\\\/www.immobilierlocal.ch\\\/c\\\/wp-content\\\/uploads\\\/2023\\\/10\\\/estimation-immobiliere-a-fetigny-scaled.jpg\",\"width\":2560,\"height\":817,\"caption\":\"Estimation immobili\u00e8re \u00e0 F\u00e9tigny\"},{\"@type\":\"BreadcrumbList\",\"@id\":\"https:\\\/\\\/www.immobilierlocal.ch\\\/c\\\/estimation-immobiliere-canton-vaud\\\/estimation-immobiliere-a-fetigny\\\/#breadcrumb\",\"itemListElement\":[{\"@type\":\"ListItem\",\"position\":1,\"name\":\"Accueil\",\"item\":\"https:\\\/\\\/www.immobilierlocal.ch\\\/c\\\/\"},{\"@type\":\"ListItem\",\"position\":2,\"name\":\"Estimation immobili\u00e8re dans le canton de Vaud\",\"item\":\"https:\\\/\\\/www.immobilierlocal.ch\\\/c\\\/estimation-immobiliere-canton-vaud\\\/\"},{\"@type\":\"ListItem\",\"position\":3,\"name\":\"Estimation immobili\u00e8re \u00e0 F\u00e9tigny\"}]},{\"@type\":\"WebSite\",\"@id\":\"https:\\\/\\\/www.immobilierlocal.ch\\\/c\\\/#website\",\"url\":\"https:\\\/\\\/www.immobilierlocal.ch\\\/c\\\/\",\"name\":\"Immobilierlocal\",\"description\":\"\",\"publisher\":{\"@id\":\"https:\\\/\\\/www.immobilierlocal.ch\\\/c\\\/#organization\"},\"potentialAction\":[{\"@type\":\"SearchAction\",\"target\":{\"@type\":\"EntryPoint\",\"urlTemplate\":\"https:\\\/\\\/www.immobilierlocal.ch\\\/c\\\/?s={search_term_string}\"},\"query-input\":{\"@type\":\"PropertyValueSpecification\",\"valueRequired\":true,\"valueName\":\"search_term_string\"}}],\"inLanguage\":\"fr-FR\"},{\"@type\":\"Organization\",\"@id\":\"https:\\\/\\\/www.immobilierlocal.ch\\\/c\\\/#organization\",\"name\":\"Immobilierlocal\",\"url\":\"https:\\\/\\\/www.immobilierlocal.ch\\\/c\\\/\",\"logo\":{\"@type\":\"ImageObject\",\"inLanguage\":\"fr-FR\",\"@id\":\"https:\\\/\\\/www.immobilierlocal.ch\\\/c\\\/#\\\/schema\\\/logo\\\/image\\\/\",\"url\":\"https:\\\/\\\/www.immobilierlocal.ch\\\/c\\\/wp-content\\\/uploads\\\/2023\\\/10\\\/logo-immobilierlocal-h.svg\",\"contentUrl\":\"https:\\\/\\\/www.immobilierlocal.ch\\\/c\\\/wp-content\\\/uploads\\\/2023\\\/10\\\/logo-immobilierlocal-h.svg\",\"caption\":\"Immobilierlocal\"},\"image\":{\"@id\":\"https:\\\/\\\/www.immobilierlocal.ch\\\/c\\\/#\\\/schema\\\/logo\\\/image\\\/\"}}]}<\/script>\n<!-- \/ Yoast SEO Premium plugin. -->","yoast_head_json":{"title":"Estimation immobili\u00e8re \u00e0 F\u00e9tigny avril 2026 gratuite & rapide - Immobilierlocal","description":"D\u00e9couvrez le Prix moyen au m\u00b2 \u00e0 F\u00e9tigny en avril 2026 \u2705 Estimation gratuite de votre bien \u2705 Derni\u00e8res \u00e9volutions du march\u00e9.","robots":{"index":"index","follow":"follow","max-snippet":"max-snippet:-1","max-image-preview":"max-image-preview:large","max-video-preview":"max-video-preview:-1"},"canonical":"https:\/\/www.immobilierlocal.ch\/c\/estimation-immobiliere-canton-vaud\/estimation-immobiliere-a-fetigny\/","og_locale":"fr_FR","og_type":"article","og_title":"Estimation immobili\u00e8re \u00e0 F\u00e9tigny avril 2026 gratuite & rapide","og_description":"D\u00e9couvrez le Prix moyen au m\u00b2 \u00e0 F\u00e9tigny en avril 2026 \u2705 Estimation gratuite de votre bien \u2705 Derni\u00e8res \u00e9volutions du march\u00e9.","og_url":"https:\/\/www.immobilierlocal.ch\/c\/estimation-immobiliere-canton-vaud\/estimation-immobiliere-a-fetigny\/","og_site_name":"Immobilierlocal","article_modified_time":"2024-08-06T13:40:54+00:00","og_image":[{"width":2560,"height":817,"url":"https:\/\/www.immobilierlocal.ch\/c\/wp-content\/uploads\/2023\/10\/estimation-immobiliere-a-fetigny-scaled.jpg","type":"image\/jpeg"}],"twitter_card":"summary_large_image","twitter_misc":{"Dur\u00e9e de lecture estim\u00e9e":"7 minutes"},"schema":{"@context":"https:\/\/schema.org","@graph":[{"@type":"WebPage","@id":"https:\/\/www.immobilierlocal.ch\/c\/estimation-immobiliere-canton-vaud\/estimation-immobiliere-a-fetigny\/","url":"https:\/\/www.immobilierlocal.ch\/c\/estimation-immobiliere-canton-vaud\/estimation-immobiliere-a-fetigny\/","name":"Estimation immobili\u00e8re \u00e0 F\u00e9tigny - Immobilierlocal","isPartOf":{"@id":"https:\/\/www.immobilierlocal.ch\/c\/#website"},"primaryImageOfPage":{"@id":"https:\/\/www.immobilierlocal.ch\/c\/estimation-immobiliere-canton-vaud\/estimation-immobiliere-a-fetigny\/#primaryimage"},"image":{"@id":"https:\/\/www.immobilierlocal.ch\/c\/estimation-immobiliere-canton-vaud\/estimation-immobiliere-a-fetigny\/#primaryimage"},"thumbnailUrl":"https:\/\/www.immobilierlocal.ch\/c\/wp-content\/uploads\/2023\/10\/estimation-immobiliere-a-fetigny-scaled.jpg","datePublished":"2023-10-19T08:33:51+00:00","dateModified":"2024-08-06T13:40:54+00:00","breadcrumb":{"@id":"https:\/\/www.immobilierlocal.ch\/c\/estimation-immobiliere-canton-vaud\/estimation-immobiliere-a-fetigny\/#breadcrumb"},"inLanguage":"fr-FR","potentialAction":[{"@type":"ReadAction","target":["https:\/\/www.immobilierlocal.ch\/c\/estimation-immobiliere-canton-vaud\/estimation-immobiliere-a-fetigny\/"]}]},{"@type":"ImageObject","inLanguage":"fr-FR","@id":"https:\/\/www.immobilierlocal.ch\/c\/estimation-immobiliere-canton-vaud\/estimation-immobiliere-a-fetigny\/#primaryimage","url":"https:\/\/www.immobilierlocal.ch\/c\/wp-content\/uploads\/2023\/10\/estimation-immobiliere-a-fetigny-scaled.jpg","contentUrl":"https:\/\/www.immobilierlocal.ch\/c\/wp-content\/uploads\/2023\/10\/estimation-immobiliere-a-fetigny-scaled.jpg","width":2560,"height":817,"caption":"Estimation immobili\u00e8re \u00e0 F\u00e9tigny"},{"@type":"BreadcrumbList","@id":"https:\/\/www.immobilierlocal.ch\/c\/estimation-immobiliere-canton-vaud\/estimation-immobiliere-a-fetigny\/#breadcrumb","itemListElement":[{"@type":"ListItem","position":1,"name":"Accueil","item":"https:\/\/www.immobilierlocal.ch\/c\/"},{"@type":"ListItem","position":2,"name":"Estimation immobili\u00e8re dans le canton de Vaud","item":"https:\/\/www.immobilierlocal.ch\/c\/estimation-immobiliere-canton-vaud\/"},{"@type":"ListItem","position":3,"name":"Estimation immobili\u00e8re \u00e0 F\u00e9tigny"}]},{"@type":"WebSite","@id":"https:\/\/www.immobilierlocal.ch\/c\/#website","url":"https:\/\/www.immobilierlocal.ch\/c\/","name":"Immobilierlocal","description":"","publisher":{"@id":"https:\/\/www.immobilierlocal.ch\/c\/#organization"},"potentialAction":[{"@type":"SearchAction","target":{"@type":"EntryPoint","urlTemplate":"https:\/\/www.immobilierlocal.ch\/c\/?s={search_term_string}"},"query-input":{"@type":"PropertyValueSpecification","valueRequired":true,"valueName":"search_term_string"}}],"inLanguage":"fr-FR"},{"@type":"Organization","@id":"https:\/\/www.immobilierlocal.ch\/c\/#organization","name":"Immobilierlocal","url":"https:\/\/www.immobilierlocal.ch\/c\/","logo":{"@type":"ImageObject","inLanguage":"fr-FR","@id":"https:\/\/www.immobilierlocal.ch\/c\/#\/schema\/logo\/image\/","url":"https:\/\/www.immobilierlocal.ch\/c\/wp-content\/uploads\/2023\/10\/logo-immobilierlocal-h.svg","contentUrl":"https:\/\/www.immobilierlocal.ch\/c\/wp-content\/uploads\/2023\/10\/logo-immobilierlocal-h.svg","caption":"Immobilierlocal"},"image":{"@id":"https:\/\/www.immobilierlocal.ch\/c\/#\/schema\/logo\/image\/"}}]}},"_links":{"self":[{"href":"https:\/\/www.immobilierlocal.ch\/c\/wp-json\/wp\/v2\/pages\/223","targetHints":{"allow":["GET"]}}],"collection":[{"href":"https:\/\/www.immobilierlocal.ch\/c\/wp-json\/wp\/v2\/pages"}],"about":[{"href":"https:\/\/www.immobilierlocal.ch\/c\/wp-json\/wp\/v2\/types\/page"}],"author":[{"embeddable":true,"href":"https:\/\/www.immobilierlocal.ch\/c\/wp-json\/wp\/v2\/users\/3"}],"replies":[{"embeddable":true,"href":"https:\/\/www.immobilierlocal.ch\/c\/wp-json\/wp\/v2\/comments?post=223"}],"version-history":[{"count":0,"href":"https:\/\/www.immobilierlocal.ch\/c\/wp-json\/wp\/v2\/pages\/223\/revisions"}],"up":[{"embeddable":true,"href":"https:\/\/www.immobilierlocal.ch\/c\/wp-json\/wp\/v2\/pages\/149"}],"wp:featuredmedia":[{"embeddable":true,"href":"https:\/\/www.immobilierlocal.ch\/c\/wp-json\/wp\/v2\/media\/356"}],"wp:attachment":[{"href":"https:\/\/www.immobilierlocal.ch\/c\/wp-json\/wp\/v2\/media?parent=223"}],"wp:term":[{"taxonomy":"category","embeddable":true,"href":"https:\/\/www.immobilierlocal.ch\/c\/wp-json\/wp\/v2\/categories?post=223"},{"taxonomy":"profession","embeddable":true,"href":"https:\/\/www.immobilierlocal.ch\/c\/wp-json\/wp\/v2\/profession?post=223"},{"taxonomy":"location","embeddable":true,"href":"https:\/\/www.immobilierlocal.ch\/c\/wp-json\/wp\/v2\/location?post=223"},{"taxonomy":"canton","embeddable":true,"href":"https:\/\/www.immobilierlocal.ch\/c\/wp-json\/wp\/v2\/canton?post=223"}],"curies":[{"name":"wp","href":"https:\/\/api.w.org\/{rel}","templated":true}]}}