
{"id":222,"date":"2023-10-19T10:33:51","date_gmt":"2023-10-19T08:33:51","guid":{"rendered":"https:\/\/immobilierlocal.ch\/c\/222-2\/"},"modified":"2024-08-05T20:28:56","modified_gmt":"2024-08-05T18:28:56","slug":"estimation-immobiliere-a-savigny","status":"publish","type":"page","link":"https:\/\/www.immobilierlocal.ch\/c\/estimation-immobiliere-canton-vaud\/estimation-immobiliere-a-savigny\/","title":{"rendered":"Estimation immobili\u00e8re \u00e0 Savigny"},"content":{"rendered":"<p>Utilisez Immobilierlocal pour b\u00e9n\u00e9ficier d&rsquo;une \u00e9valuation rapide et pr\u00e9cise de la valeur immobili\u00e8re de votre bien \u00e0 Savigny. Si n\u00e9cessaire, un expert se d\u00e9placera sur place pour effectuer une \u00e9valuation plus pr\u00e9cise de votre domicile. Vendre sa maison ou sa propri\u00e9t\u00e9 avec Immobilierlocal, c&rsquo;est la garantie de vendre son bien \u00e0 un tr\u00e8s bon prix et en toute tranquillit\u00e9.<\/p>\n\n<h2>Derni\u00e8res estimations \u00e0 Savigny par secteur<\/h2>\n<div class=\"estimates-lastest\"><ul><li>Pour un appartement 6.5 pi\u00e8ces \u00e0 Savigny, surface pond\u00e9r\u00e9e (m\u00b2) : 95, orientation Ouest, sans balcon, transports fr\u00e9quence limit\u00e9e, avec parking, commodit\u00e9s et \u00e9coles limit\u00e9es, situation ordinaire, CHF 9'255 \/ m\u00b2<\/li><li>Pour un appartement 6 pi\u00e8ces \u00e0 Savigny, surface pond\u00e9r\u00e9e (m\u00b2) : 95, orientation Ouest, avec balcon, transports fr\u00e9quence limit\u00e9e, avec parking, commodit\u00e9s et \u00e9coles limit\u00e9es, situation ordinaire, CHF 7'301 \/ m\u00b2<\/li><li>Pour un appartement 6 pi\u00e8ces \u00e0 Savigny, surface pond\u00e9r\u00e9e (m\u00b2) : 120, orientation Ouest, sans balcon, transports fr\u00e9quence r\u00e9guli\u00e8re, avec parking, commodit\u00e9s et \u00e9coles nombreuses, situation ordinaire, CHF 8'665 \/ m\u00b2<\/li><\/ul><\/div>\n<h2>Evaluation des prix des maisons \u00e0 Savigny selon le nombre de pi\u00e8ces<\/h2>\n<div class=\"estimates-room\"><ul><li>Pour une maison 6 pi\u00e8ces \u00e0 Savigny, volume (m\u00b3) : 607.5 et terrain (m\u00b2) : 350, transports fr\u00e9quence r\u00e9guli\u00e8re, commodit\u00e9s et \u00e9coles nombreuses, situation ordinaire, CHF 7'890 \/ m\u00b2<\/li><li>Pour une maison 5 pi\u00e8ces \u00e0 Savigny, volume (m\u00b3) : 607.5 et terrain (m\u00b2) : 950, transports fr\u00e9quence r\u00e9guli\u00e8re, commodit\u00e9s et \u00e9coles nombreuses, situation ordinaire, CHF 10'990 \/ m\u00b2<\/li><li>Pour une maison 6.5 pi\u00e8ces \u00e0 Savigny, volume (m\u00b3) : 945 et terrain (m\u00b2) : 650, transports fr\u00e9quence limit\u00e9e, commodit\u00e9s et \u00e9coles limit\u00e9es, situation ordinaire, CHF 6'461 \/ m\u00b2<\/li><\/ul><\/div><div class=\"iframe-text\">Estimer maintenant votre bien immobilier<\/div><iframe id=\"estimer\" src=\"https:\/\/www.immobilierlocal.ch\/estimer?iframe=1\" frameborder=\"0\" loading=\"lazy\" width=\"100%\" height=\"1000\" style=\"overflow-x:hidden;\" referrerpolicy=\"no-referrer-when-downgrade\" title=\"Estimation immobili\u00e8re\"><\/iframe>\n<h2>Comment conna\u00eetre le prix de son bien immobilier \u00e0 Savigny ?<\/h2>\n<h3>1. Estimation offerte de votre maison \u00e0 Savigny en ligne avec Immobilierlocal<\/h3>\n<p>Profitez de notre logiciel d&rsquo;estimation en ligne pour conna\u00eetre la valeur de votre maison en quelques clics.<\/p>\n<p>Pour une estimation conforme, nous aurons aussi besoin des d\u00e9tails suivants :<\/p>\n<ul>\n<li>La situation (environnement, vue et transports).<\/li>\n<li>L&rsquo;orientation.<\/li>\n<li>Le nombre de pi\u00e8ces.<\/li>\n<li>La surface habitable.<\/li>\n<li>La surface du terrain.<\/li>\n<li>L\u2019ann\u00e9e de construction.<\/li>\n<li>L&rsquo;\u00e9tat global de votre maison.<\/li>\n<li>L\u2019ann\u00e9e et le co\u00fbt des derni\u00e8res r\u00e9novations, des plus-values et\/ou des am\u00e9nagements.<\/li>\n<\/ul>\n<h3>2. \u00c9valuation offerte de votre appartement \u00e0 Savigny en ligne avec Immobilierlocal<\/h3>\n<p>Pour conna\u00eetre la valeur immobili\u00e8re de votre logement \u00e0 Savigny, profitez de notre instrument en ligne d&rsquo;estimation immobili\u00e8re. En quelques minutes vous aurez connaissance du prix de vente de votre appartement.<\/p>\n<p>Afin d&rsquo;\u00eatre plus fiable dans l&rsquo;estimation de la valeur de votre appartement, nous aurons besoin de certains documents ou certaines indications :<\/p>\n<ul>\n<li>L&rsquo;environnement de votre appartement.<\/li>\n<li>L&rsquo;exposition de l&rsquo;appartement.<\/li>\n<li>Le nombre de pi\u00e8ces.<\/li>\n<li>Les diff\u00e9rentes surfaces (habitable, garage, balcon&#8230;).<\/li>\n<li>La pr\u00e9sence d&rsquo;un ou plusieurs parkings.<\/li>\n<li>Date de construction.<\/li>\n<li>L\u2019\u00e9tat g\u00e9n\u00e9ral.<\/li>\n<li>L\u2019ann\u00e9e et le co\u00fbt des derni\u00e8res r\u00e9novations.<\/li>\n<li>Le montant du \u00abfonds de r\u00e9novation PPE\u00bb.<\/li>\n<\/ul>\n<h3>3. Faire estimer sa maison ou son appartement par un sp\u00e9cialiste \u00e0 Savigny<\/h3>\n<p>Nous avons diff\u00e9rents agents immobiliers \u00e0 Savigny qui viennent \u00e0 votre domicile pour inspecter votre maison avant d&rsquo;\u00e9tablir une estimation de votre maison. Il examinera aussi certains documents tels que les plans cadastraux ou le registre foncier afin de vous donner une estimation la plus pr\u00e9cise possible.<\/p>\n<p>Pour proc\u00e9der \u00e0 notre estimation, nous consid\u00e9rons aussi l&rsquo;\u00e9tat du march\u00e9 immobilier \u00e0 Savigny. Nous serons \u00e0 vos c\u00f4t\u00e9s afin de vous fournir quelques conseils afin de valoriser au mieux votre bien \u00e0 Savigny.<\/p>\n<p>Faites appel \u00e0 Immobilierlocal et recevez d\u00e8s maintenant une estimation de la valeur de votre bien.<\/p>\n<h3>4. Comparer son bien avec les autres biens semblables \u00e0 Savigny, est-ce important ?<\/h3>\n<p>Oui, il est pertinent d&rsquo;\u00e9tudier les biens semblables, comparer votre propri\u00e9t\u00e9 avec les annonces immobili\u00e8res \u00e0 Savigny vous apporte des donn\u00e9es sur la valeur de votre bien.<\/p>\n<h2>Comment vendre son bien immobilier au meilleur prix \u00e0 Savigny ?<\/h2>\n<p>Pour vendre rapidement votre bien immobilier, contactez Immobilierlocal !<\/p>\n<h3>1. Pourquoi faire confiance \u00e0 un sp\u00e9cialiste comme Immobilierlocal ?<\/h3>\n<p>Immobilierlocal vous met en relation avec un agent immobilier situ\u00e9 dans la ville de Savigny.<\/p>\n<h3>2. Obtenez une \u00e9valuation pr\u00e9cise et adapt\u00e9e au march\u00e9 immobilier actuel<\/h3>\n<p>Notre soci\u00e9t\u00e9 Immobilierlocal r\u00e9pertorie l&rsquo;ensemble des biens en vente \u00e0 Savigny ainsi que tous les biens qui ont derni\u00e8rement \u00e9t\u00e9 vendus. Cela nous permet d&rsquo;obtenir une analyse tr\u00e8s fine du march\u00e9 immobilier, et de vous proposer le meilleur prix de vente.<\/p>\n<h3>3. Mettez en valeur votre propri\u00e9t\u00e9<\/h3>\n<p>Afin de mettre en lumi\u00e8re votre bien, nous effectuons des shooting photo avec des professionnels de votre appartement ou de votre maison \u00e0 Savigny.<\/p>\n<h3>4. Augmenter la visibilit\u00e9 de votre maison ou appartement et le nombre de potentiels acqu\u00e9reurs sur internet<\/h3>\n<p>Afin qu&rsquo;un maximum d&rsquo;acqu\u00e9reurs potentiels puisse voir votre propri\u00e9t\u00e9, nous mettons en ligne votre annonce sur tous nos sites internet et ceux de nos partenaires.<\/p>\n<h3>5. S\u00e9lectionnez l&rsquo;offre la plus int\u00e9ressante<\/h3>\n<p>Nous trions toutes les offres qui nous parviennent dans le but de vous pr\u00e9senter uniquement celles qui peuvent vous int\u00e9resser.<\/p>\n<h3>6. N\u00e9gociez le meilleur prix<\/h3>\n<p>Afin d&rsquo;\u00eatre dans un rapport de force lors des phases de n\u00e9gociation avec un possible acheteur, notre sp\u00e9cialiste aura besoin de pr\u00e9senter les forces de votre bien. Pour cela, il doit conna\u00eetre les \u00e9l\u00e9ments suivants :<\/p>\n<ul>\n<li>Les r\u00e9novations effectu\u00e9es et les factures associ\u00e9es,<\/li>\n<li>les plans architecturaux,<\/li>\n<li>les avantages environnementaux,<\/li>\n<li>Le d\u00e9veloppement \u00e9conomique r\u00e9gional.<\/li>\n<\/ul>\n<h2>Quel est l&rsquo;\u00e9tat du march\u00e9 immobilier \u00e0 Savigny ?<\/h2>\n<h3>\u00c9valuation de la valeur des maisons \u00e0 Savigny<\/h3>\n<p class=\"estimates-house-range\">Les prix des maisons \u00e0 Savigny varient de CHF 1'065'141 \u00e0 CHF 1'483'684 en moyenne.<\/p>\n<h3>Estimation de la valeur des appartements \u00e0 Savigny<\/h3>\n<p class=\"estimates-house-range\">Les prix des appartements \u00e0 Savigny varient de CHF 711'878 \u00e0 CHF 1'039'833 en moyenne.<\/p>\n<h3>Estimation de la valeur des terrains \u00e0 Savigny<\/h3>\n<p class=\"estimates-land\">Les prix moyens des terrains \u00e0 Savigny sont de CHF 778 \/ m\u00b2 (prix par m\u00e8tre carr\u00e9).<\/p>\n<h2>Questions r\u00e9guli\u00e8rement pos\u00e9es sur l&rsquo;\u00e9valuation immobili\u00e8re<\/h2>\n<h3>Combien co\u00fbte une \u00e9valuation immobili\u00e8re \u00e0 Savigny ?<\/h3>\n<p>A Savigny, cela peut varier entre CHF 150 et CHF 1500. Cela va d\u00e9pendre de la nature de votre bien et de ses dimensions.<\/p>\n<p>En revanche, avec notre simulateur d&rsquo;estimation en ligne de notre soci\u00e9t\u00e9 Immobilierlocal, vous n&rsquo;aurez rien \u00e0 payer ! Notre outil a \u00e9t\u00e9 \u00e9labor\u00e9 pendant de longues ann\u00e9es afin qu&rsquo;il soit le plus fiable et pr\u00e9cis possible. Il prend en compte l&rsquo;\u00e9tat du march\u00e9 actuel et des particularit\u00e9s de votre propri\u00e9t\u00e9.<\/p>\n<h3>Qui peut \u00e9valuer une propri\u00e9taire immobili\u00e8re \u00e0 Savigny ?<\/h3>\n<p>Pour une estimation immobili\u00e8re pr\u00e9cise, vous avez plusieurs options, vous pouvez faire appel \u00e0 un expert des \u00e9valuations immobili\u00e8res, \u00e0 un architecte, \u00e0 un courtier en immobilier ou encore \u00e0 une banque.<\/p>\n<h3>Comment se d\u00e9roule l&rsquo;estimation d&rsquo;un bien \u00e0 Savigny ?<\/h3>\n<ol>\n<li>Pour la premi\u00e8re \u00e9tape, un agent immobilier se d\u00e9place chez vous afin de r\u00e9aliser une visite approfondie du bien en vente.<\/li>\n<li>Ensuite : il examine les dossiers en lien avec l&rsquo;achat et l&rsquo;entretien de votre propri\u00e9t\u00e9.<\/li>\n<li>Il effectue une analyse compl\u00e8te du march\u00e9 immobilier en comparant votre propri\u00e9t\u00e9 aux propri\u00e9t\u00e9s actuellement disponibles et en \u00e9tudiant les prix des ventes pass\u00e9es \u00e0 Savigny.<\/li>\n<li>Pour finir, il vous remettra un examen complet ainsi qu&rsquo;une estimation pr\u00e9cise du prix de vente de votre bien.<\/li>\n<\/ol>\n<h3>Comment faire estimer une propri\u00e9t\u00e9 immobili\u00e8re gratuitement \u00e0 Savigny ?<\/h3>\n<p>B\u00e9n\u00e9ficiez d&rsquo;une \u00e9valuation gratuite et pr\u00e9cise en quelques minutes avec l&rsquo;outil d&rsquo;estimation Immobilierlocal, ou prenez contact avec l&rsquo;un de nos agents immobiliers pour obtenir une \u00e9valuation gratuite de votre propri\u00e9t\u00e9, sans aucun engagement.<\/p>\n<h3>Quels crit\u00e8res influencent la valeur de ma propri\u00e9t\u00e9 \u00e0 Savigny ?<\/h3>\n<p>Il y a diff\u00e9rents facteurs qui font \u00e9voluer la valeur d\u2019un bien immobilier \u00e0 Savigny. Voici une liste des crit\u00e8res les plus consid\u00e9rables :<\/p>\n<ul>\n<li>l&rsquo;attrait touristique de la ville,<\/li>\n<li>l&rsquo;activit\u00e9 \u00e9conomique de la ville,<\/li>\n<li>le rapport entre le nombre de vendeurs et d&rsquo;acqu\u00e9reurs,<\/li>\n<li>la proximit\u00e9 des commodit\u00e9s.<\/li>\n<\/ul>\n<h3>De quelle fa\u00e7on accro\u00eetre la valeur de mon bien immobilier ?<\/h3>\n<p>Pour augmenter la valeur de votre bien immobilier, suivez ces conseils :<\/p>\n<ul>\n<li>Assurez-vous que votre bien soit impeccable.<\/li>\n<li>Assurez-vous de ranger l&rsquo;ensemble de vos pi\u00e8ces et agencez l&rsquo;espace pour permettre aux acheteurs de pouvoir se projeter.<\/li>\n<li>Mettez en lumi\u00e8re les atouts de votre logement.<\/li>\n<li>Si vous avez une maison, valoriser votre terrain.<\/li>\n<\/ul>\n<h3>De quelle fa\u00e7on agir face \u00e0 un potentiel acqu\u00e9reur ?<\/h3>\n<ul>\n<li>Parlez-lui des diff\u00e9rentes forces de votre bien.<\/li>\n<li>R\u00e9pondez aux interrogations sans divulguer de fausses indications.<\/li>\n<li>\u00c9coutez les propos de l\u2019acheteur et allez dans son sens sans le contredire.<\/li>\n<\/ul>\n<h3>Quels sont les dossiers \u00e0 poss\u00e9der afin d&rsquo;estimer ma propri\u00e9t\u00e9 immobili\u00e8re ?<\/h3>\n<ul>\n<li>Police assurance incendie compl\u00e8te<\/li>\n<li>Plan de niveau (si disponible)<\/li>\n<li>factures des diff\u00e9rents travaux effectu\u00e9s (si disponible)<\/li>\n<li>Registre foncier (si disponible)<\/li>\n<li>Plan cadastral (si disponible)<\/li>\n<li>Descriptif de construction (si disponible)<\/li>\n<li>\u00c9ventuellement : plan d\u2019affectation et le r\u00e8glement de construction<\/li>\n<\/ul>\n<p>Pour les objets en PPE :<\/p>\n<ul>\n<li>Police assurance incendie compl\u00e8te de l\u2019immeuble (\u00e0 demander \u00e0 l\u2019administrateur)<\/li>\n<li>R\u00e8glement PPE<\/li>\n<li>Comptes PPE (3 derni\u00e8res ann\u00e9es)<\/li>\n<\/ul>\n<p>Estimation similaire dans les villes proches, comme : <br \/> Peney-le-Jorat, Forel (Lavaux), Mollie-Margot, Ferlens VD, Servion, Essertes, Les Cullayes, Montpreveyres, Corcelles-le-Jorat, M\u00e9zi\u00e8res VD, Carrouge VD, Vulliens, Ropraz, Les Tavernes, Les Thioleyres, Pal\u00e9zieux, Pal\u00e9zieux-Village, Oron-le-Ch\u00e2tel, Chapelle (Gl\u00e2ne), Bussigny-sur-Oron, Chesalles-sur-Oron, Ch\u00e2tillens, Oron-la-Ville, Vuibroye, Le Cr\u00eat-pr\u00e8s-Semsales, Ecoteaux, Maracon.<\/p>\n","protected":false},"excerpt":{"rendered":"<p>Utilisez Immobilierlocal pour b\u00e9n\u00e9ficier d&rsquo;une \u00e9valuation rapide et pr\u00e9cise de la valeur immobili\u00e8re de votre bien \u00e0 Savigny. Si n\u00e9cessaire, un expert se d\u00e9placera sur place pour effectuer une \u00e9valuation plus pr\u00e9cise de votre domicile. Vendre sa maison ou sa propri\u00e9t\u00e9 avec Immobilierlocal, c&rsquo;est la garantie de vendre son bien \u00e0 un tr\u00e8s bon prix [&hellip;]<\/p>\n","protected":false},"author":3,"featured_media":355,"parent":149,"menu_order":0,"comment_status":"closed","ping_status":"closed","template":"","meta":{"footnotes":""},"categories":[6],"profession":[],"location":[11],"canton":[],"class_list":["post-222","page","type-page","status-publish","has-post-thumbnail","hentry","category-estimation"],"yoast_head":"<!-- This site is optimized with the Yoast SEO Premium plugin v23.0 (Yoast SEO v27.3) - https:\/\/yoast.com\/product\/yoast-seo-premium-wordpress\/ -->\n<title>Estimation immobili\u00e8re \u00e0 Savigny avril 2026 gratuite &amp; rapide - Immobilierlocal<\/title>\n<meta name=\"description\" content=\"D\u00e9couvrez le Prix moyen au m\u00b2 \u00e0 Savigny en avril 2026 \u2705 Estimation gratuite de votre bien \u2705 Derni\u00e8res \u00e9volutions du march\u00e9.\" \/>\n<meta name=\"robots\" content=\"index, follow, max-snippet:-1, max-image-preview:large, max-video-preview:-1\" \/>\n<link rel=\"canonical\" href=\"https:\/\/www.immobilierlocal.ch\/c\/estimation-immobiliere-canton-vaud\/estimation-immobiliere-a-savigny\/\" \/>\n<meta property=\"og:locale\" content=\"fr_FR\" \/>\n<meta property=\"og:type\" content=\"article\" \/>\n<meta property=\"og:title\" content=\"Estimation immobili\u00e8re \u00e0 Savigny avril 2026 gratuite &amp; rapide\" \/>\n<meta property=\"og:description\" content=\"D\u00e9couvrez le Prix moyen au m\u00b2 \u00e0 Savigny en avril 2026 \u2705 Estimation gratuite de votre bien \u2705 Derni\u00e8res \u00e9volutions du march\u00e9.\" \/>\n<meta property=\"og:url\" content=\"https:\/\/www.immobilierlocal.ch\/c\/estimation-immobiliere-canton-vaud\/estimation-immobiliere-a-savigny\/\" \/>\n<meta property=\"og:site_name\" content=\"Immobilierlocal\" \/>\n<meta property=\"article:modified_time\" content=\"2024-08-05T18:28:56+00:00\" \/>\n<meta property=\"og:image\" content=\"https:\/\/www.immobilierlocal.ch\/c\/wp-content\/uploads\/2023\/10\/estimation-immobiliere-a-savigny-scaled.jpg\" \/>\n\t<meta property=\"og:image:width\" content=\"2560\" \/>\n\t<meta property=\"og:image:height\" content=\"817\" \/>\n\t<meta property=\"og:image:type\" content=\"image\/jpeg\" \/>\n<meta name=\"twitter:card\" content=\"summary_large_image\" \/>\n<meta name=\"twitter:label1\" content=\"Dur\u00e9e de lecture estim\u00e9e\" \/>\n\t<meta name=\"twitter:data1\" content=\"7 minutes\" \/>\n<script type=\"application\/ld+json\" class=\"yoast-schema-graph\">{\"@context\":\"https:\\\/\\\/schema.org\",\"@graph\":[{\"@type\":\"WebPage\",\"@id\":\"https:\\\/\\\/www.immobilierlocal.ch\\\/c\\\/estimation-immobiliere-canton-vaud\\\/estimation-immobiliere-a-savigny\\\/\",\"url\":\"https:\\\/\\\/www.immobilierlocal.ch\\\/c\\\/estimation-immobiliere-canton-vaud\\\/estimation-immobiliere-a-savigny\\\/\",\"name\":\"Estimation immobili\u00e8re \u00e0 Savigny - Immobilierlocal\",\"isPartOf\":{\"@id\":\"https:\\\/\\\/www.immobilierlocal.ch\\\/c\\\/#website\"},\"primaryImageOfPage\":{\"@id\":\"https:\\\/\\\/www.immobilierlocal.ch\\\/c\\\/estimation-immobiliere-canton-vaud\\\/estimation-immobiliere-a-savigny\\\/#primaryimage\"},\"image\":{\"@id\":\"https:\\\/\\\/www.immobilierlocal.ch\\\/c\\\/estimation-immobiliere-canton-vaud\\\/estimation-immobiliere-a-savigny\\\/#primaryimage\"},\"thumbnailUrl\":\"https:\\\/\\\/www.immobilierlocal.ch\\\/c\\\/wp-content\\\/uploads\\\/2023\\\/10\\\/estimation-immobiliere-a-savigny-scaled.jpg\",\"datePublished\":\"2023-10-19T08:33:51+00:00\",\"dateModified\":\"2024-08-05T18:28:56+00:00\",\"breadcrumb\":{\"@id\":\"https:\\\/\\\/www.immobilierlocal.ch\\\/c\\\/estimation-immobiliere-canton-vaud\\\/estimation-immobiliere-a-savigny\\\/#breadcrumb\"},\"inLanguage\":\"fr-FR\",\"potentialAction\":[{\"@type\":\"ReadAction\",\"target\":[\"https:\\\/\\\/www.immobilierlocal.ch\\\/c\\\/estimation-immobiliere-canton-vaud\\\/estimation-immobiliere-a-savigny\\\/\"]}]},{\"@type\":\"ImageObject\",\"inLanguage\":\"fr-FR\",\"@id\":\"https:\\\/\\\/www.immobilierlocal.ch\\\/c\\\/estimation-immobiliere-canton-vaud\\\/estimation-immobiliere-a-savigny\\\/#primaryimage\",\"url\":\"https:\\\/\\\/www.immobilierlocal.ch\\\/c\\\/wp-content\\\/uploads\\\/2023\\\/10\\\/estimation-immobiliere-a-savigny-scaled.jpg\",\"contentUrl\":\"https:\\\/\\\/www.immobilierlocal.ch\\\/c\\\/wp-content\\\/uploads\\\/2023\\\/10\\\/estimation-immobiliere-a-savigny-scaled.jpg\",\"width\":2560,\"height\":817,\"caption\":\"Estimation immobili\u00e8re \u00e0 Savigny\"},{\"@type\":\"BreadcrumbList\",\"@id\":\"https:\\\/\\\/www.immobilierlocal.ch\\\/c\\\/estimation-immobiliere-canton-vaud\\\/estimation-immobiliere-a-savigny\\\/#breadcrumb\",\"itemListElement\":[{\"@type\":\"ListItem\",\"position\":1,\"name\":\"Accueil\",\"item\":\"https:\\\/\\\/www.immobilierlocal.ch\\\/c\\\/\"},{\"@type\":\"ListItem\",\"position\":2,\"name\":\"Estimation immobili\u00e8re dans le canton de Vaud\",\"item\":\"https:\\\/\\\/www.immobilierlocal.ch\\\/c\\\/estimation-immobiliere-canton-vaud\\\/\"},{\"@type\":\"ListItem\",\"position\":3,\"name\":\"Estimation immobili\u00e8re \u00e0 Savigny\"}]},{\"@type\":\"WebSite\",\"@id\":\"https:\\\/\\\/www.immobilierlocal.ch\\\/c\\\/#website\",\"url\":\"https:\\\/\\\/www.immobilierlocal.ch\\\/c\\\/\",\"name\":\"Immobilierlocal\",\"description\":\"\",\"publisher\":{\"@id\":\"https:\\\/\\\/www.immobilierlocal.ch\\\/c\\\/#organization\"},\"potentialAction\":[{\"@type\":\"SearchAction\",\"target\":{\"@type\":\"EntryPoint\",\"urlTemplate\":\"https:\\\/\\\/www.immobilierlocal.ch\\\/c\\\/?s={search_term_string}\"},\"query-input\":{\"@type\":\"PropertyValueSpecification\",\"valueRequired\":true,\"valueName\":\"search_term_string\"}}],\"inLanguage\":\"fr-FR\"},{\"@type\":\"Organization\",\"@id\":\"https:\\\/\\\/www.immobilierlocal.ch\\\/c\\\/#organization\",\"name\":\"Immobilierlocal\",\"url\":\"https:\\\/\\\/www.immobilierlocal.ch\\\/c\\\/\",\"logo\":{\"@type\":\"ImageObject\",\"inLanguage\":\"fr-FR\",\"@id\":\"https:\\\/\\\/www.immobilierlocal.ch\\\/c\\\/#\\\/schema\\\/logo\\\/image\\\/\",\"url\":\"https:\\\/\\\/www.immobilierlocal.ch\\\/c\\\/wp-content\\\/uploads\\\/2023\\\/10\\\/logo-immobilierlocal-h.svg\",\"contentUrl\":\"https:\\\/\\\/www.immobilierlocal.ch\\\/c\\\/wp-content\\\/uploads\\\/2023\\\/10\\\/logo-immobilierlocal-h.svg\",\"caption\":\"Immobilierlocal\"},\"image\":{\"@id\":\"https:\\\/\\\/www.immobilierlocal.ch\\\/c\\\/#\\\/schema\\\/logo\\\/image\\\/\"}}]}<\/script>\n<!-- \/ Yoast SEO Premium plugin. -->","yoast_head_json":{"title":"Estimation immobili\u00e8re \u00e0 Savigny avril 2026 gratuite & rapide - Immobilierlocal","description":"D\u00e9couvrez le Prix moyen au m\u00b2 \u00e0 Savigny en avril 2026 \u2705 Estimation gratuite de votre bien \u2705 Derni\u00e8res \u00e9volutions du march\u00e9.","robots":{"index":"index","follow":"follow","max-snippet":"max-snippet:-1","max-image-preview":"max-image-preview:large","max-video-preview":"max-video-preview:-1"},"canonical":"https:\/\/www.immobilierlocal.ch\/c\/estimation-immobiliere-canton-vaud\/estimation-immobiliere-a-savigny\/","og_locale":"fr_FR","og_type":"article","og_title":"Estimation immobili\u00e8re \u00e0 Savigny avril 2026 gratuite & rapide","og_description":"D\u00e9couvrez le Prix moyen au m\u00b2 \u00e0 Savigny en avril 2026 \u2705 Estimation gratuite de votre bien \u2705 Derni\u00e8res \u00e9volutions du march\u00e9.","og_url":"https:\/\/www.immobilierlocal.ch\/c\/estimation-immobiliere-canton-vaud\/estimation-immobiliere-a-savigny\/","og_site_name":"Immobilierlocal","article_modified_time":"2024-08-05T18:28:56+00:00","og_image":[{"width":2560,"height":817,"url":"https:\/\/www.immobilierlocal.ch\/c\/wp-content\/uploads\/2023\/10\/estimation-immobiliere-a-savigny-scaled.jpg","type":"image\/jpeg"}],"twitter_card":"summary_large_image","twitter_misc":{"Dur\u00e9e de lecture estim\u00e9e":"7 minutes"},"schema":{"@context":"https:\/\/schema.org","@graph":[{"@type":"WebPage","@id":"https:\/\/www.immobilierlocal.ch\/c\/estimation-immobiliere-canton-vaud\/estimation-immobiliere-a-savigny\/","url":"https:\/\/www.immobilierlocal.ch\/c\/estimation-immobiliere-canton-vaud\/estimation-immobiliere-a-savigny\/","name":"Estimation immobili\u00e8re \u00e0 Savigny - Immobilierlocal","isPartOf":{"@id":"https:\/\/www.immobilierlocal.ch\/c\/#website"},"primaryImageOfPage":{"@id":"https:\/\/www.immobilierlocal.ch\/c\/estimation-immobiliere-canton-vaud\/estimation-immobiliere-a-savigny\/#primaryimage"},"image":{"@id":"https:\/\/www.immobilierlocal.ch\/c\/estimation-immobiliere-canton-vaud\/estimation-immobiliere-a-savigny\/#primaryimage"},"thumbnailUrl":"https:\/\/www.immobilierlocal.ch\/c\/wp-content\/uploads\/2023\/10\/estimation-immobiliere-a-savigny-scaled.jpg","datePublished":"2023-10-19T08:33:51+00:00","dateModified":"2024-08-05T18:28:56+00:00","breadcrumb":{"@id":"https:\/\/www.immobilierlocal.ch\/c\/estimation-immobiliere-canton-vaud\/estimation-immobiliere-a-savigny\/#breadcrumb"},"inLanguage":"fr-FR","potentialAction":[{"@type":"ReadAction","target":["https:\/\/www.immobilierlocal.ch\/c\/estimation-immobiliere-canton-vaud\/estimation-immobiliere-a-savigny\/"]}]},{"@type":"ImageObject","inLanguage":"fr-FR","@id":"https:\/\/www.immobilierlocal.ch\/c\/estimation-immobiliere-canton-vaud\/estimation-immobiliere-a-savigny\/#primaryimage","url":"https:\/\/www.immobilierlocal.ch\/c\/wp-content\/uploads\/2023\/10\/estimation-immobiliere-a-savigny-scaled.jpg","contentUrl":"https:\/\/www.immobilierlocal.ch\/c\/wp-content\/uploads\/2023\/10\/estimation-immobiliere-a-savigny-scaled.jpg","width":2560,"height":817,"caption":"Estimation immobili\u00e8re \u00e0 Savigny"},{"@type":"BreadcrumbList","@id":"https:\/\/www.immobilierlocal.ch\/c\/estimation-immobiliere-canton-vaud\/estimation-immobiliere-a-savigny\/#breadcrumb","itemListElement":[{"@type":"ListItem","position":1,"name":"Accueil","item":"https:\/\/www.immobilierlocal.ch\/c\/"},{"@type":"ListItem","position":2,"name":"Estimation immobili\u00e8re dans le canton de Vaud","item":"https:\/\/www.immobilierlocal.ch\/c\/estimation-immobiliere-canton-vaud\/"},{"@type":"ListItem","position":3,"name":"Estimation immobili\u00e8re \u00e0 Savigny"}]},{"@type":"WebSite","@id":"https:\/\/www.immobilierlocal.ch\/c\/#website","url":"https:\/\/www.immobilierlocal.ch\/c\/","name":"Immobilierlocal","description":"","publisher":{"@id":"https:\/\/www.immobilierlocal.ch\/c\/#organization"},"potentialAction":[{"@type":"SearchAction","target":{"@type":"EntryPoint","urlTemplate":"https:\/\/www.immobilierlocal.ch\/c\/?s={search_term_string}"},"query-input":{"@type":"PropertyValueSpecification","valueRequired":true,"valueName":"search_term_string"}}],"inLanguage":"fr-FR"},{"@type":"Organization","@id":"https:\/\/www.immobilierlocal.ch\/c\/#organization","name":"Immobilierlocal","url":"https:\/\/www.immobilierlocal.ch\/c\/","logo":{"@type":"ImageObject","inLanguage":"fr-FR","@id":"https:\/\/www.immobilierlocal.ch\/c\/#\/schema\/logo\/image\/","url":"https:\/\/www.immobilierlocal.ch\/c\/wp-content\/uploads\/2023\/10\/logo-immobilierlocal-h.svg","contentUrl":"https:\/\/www.immobilierlocal.ch\/c\/wp-content\/uploads\/2023\/10\/logo-immobilierlocal-h.svg","caption":"Immobilierlocal"},"image":{"@id":"https:\/\/www.immobilierlocal.ch\/c\/#\/schema\/logo\/image\/"}}]}},"_links":{"self":[{"href":"https:\/\/www.immobilierlocal.ch\/c\/wp-json\/wp\/v2\/pages\/222","targetHints":{"allow":["GET"]}}],"collection":[{"href":"https:\/\/www.immobilierlocal.ch\/c\/wp-json\/wp\/v2\/pages"}],"about":[{"href":"https:\/\/www.immobilierlocal.ch\/c\/wp-json\/wp\/v2\/types\/page"}],"author":[{"embeddable":true,"href":"https:\/\/www.immobilierlocal.ch\/c\/wp-json\/wp\/v2\/users\/3"}],"replies":[{"embeddable":true,"href":"https:\/\/www.immobilierlocal.ch\/c\/wp-json\/wp\/v2\/comments?post=222"}],"version-history":[{"count":0,"href":"https:\/\/www.immobilierlocal.ch\/c\/wp-json\/wp\/v2\/pages\/222\/revisions"}],"up":[{"embeddable":true,"href":"https:\/\/www.immobilierlocal.ch\/c\/wp-json\/wp\/v2\/pages\/149"}],"wp:featuredmedia":[{"embeddable":true,"href":"https:\/\/www.immobilierlocal.ch\/c\/wp-json\/wp\/v2\/media\/355"}],"wp:attachment":[{"href":"https:\/\/www.immobilierlocal.ch\/c\/wp-json\/wp\/v2\/media?parent=222"}],"wp:term":[{"taxonomy":"category","embeddable":true,"href":"https:\/\/www.immobilierlocal.ch\/c\/wp-json\/wp\/v2\/categories?post=222"},{"taxonomy":"profession","embeddable":true,"href":"https:\/\/www.immobilierlocal.ch\/c\/wp-json\/wp\/v2\/profession?post=222"},{"taxonomy":"location","embeddable":true,"href":"https:\/\/www.immobilierlocal.ch\/c\/wp-json\/wp\/v2\/location?post=222"},{"taxonomy":"canton","embeddable":true,"href":"https:\/\/www.immobilierlocal.ch\/c\/wp-json\/wp\/v2\/canton?post=222"}],"curies":[{"name":"wp","href":"https:\/\/api.w.org\/{rel}","templated":true}]}}